{"id":56764,"date":"2026-02-16T14:21:18","date_gmt":"2026-02-16T11:21:18","guid":{"rendered":"https:\/\/erformance.eu\/?post_type=product&#038;p=56764"},"modified":"2026-03-12T14:33:10","modified_gmt":"2026-03-12T11:33:10","slug":"audi-a6-c5-avant-97-05-galinio-valytuvo-variklis","status":"publish","type":"product","link":"https:\/\/erformance.eu\/et\/toode\/audi-a6-c5-avant-97-05-galinio-valytuvo-variklis\/","title":{"rendered":"Audi A6 C5 AVANT 97-05 galinio valytuvo variklis"},"content":{"rendered":"<p>Prek\u0117: Galinio valytuvo variklis<br \/>\nOriginalus numeris:<\/p>\n<p>8L0955711B<br \/>\n8L0955711A<br \/>\n8L0955711<\/p>\n<p>PASTABA: auk\u0161\u010diau pateikti numeriai yra original\u016bs dali\u0173 numeriai, kuriuos \u0161is pasi\u016blymas pakei\u010dia. Prie\u0161 pirkdami, palyginkite juos su originaliu dalies numeriu. Jei jie skiriasi net vienu simboliu, dalis netiks, neveiks arba veiks netinkamai. Tokiu atveju jos nepirkite.<br \/>\nAutomobilis:<\/p>\n<p>\u201eAudi A3 8L\u201c gamybos metai: 1996\u20132003<br \/>\n\u201eAudi A3 8P\u201c gamybos metai: 2004\u20132013<br \/>\nAudi A4 B5 AVANT gamybos metai: 1994-2001<br \/>\nAudi A6 C5 AVANT gamybos metai: 1997-2005<br \/>\nVW Passat B5 KOMBI gamybos metai: 1996-2005<\/p>\n<p>Gamintojas: pakaitalas<br \/>\nTechnin\u0117 b\u016bkl\u0117: prek\u0117 yra visi\u0161kai nauja, nenaudota, nepa\u017eeista ir nesugadinta<\/p>\n","protected":false},"excerpt":{"rendered":"<p>1. Prek\u0117: Galinio valytuvo variklis2. Gamintojas: pakeitimas3. Automobilis:     * Audi A3 8L 96-03     * Audi A3 8P 04\u201313     * Audi A4 B5 AVANT 94-01     * Audi A6 C5 AVANT 97-05     * VW Passat B5 UNIVERSALAS 96-05<\/p>\n","protected":false},"featured_media":51556,"comment_status":"open","ping_status":"closed","template":"","meta":[],"product_brand":[],"product_cat":[394,144,3917,3956,4356],"product_tag":[],"class_list":{"0":"post-56764","1":"product","2":"type-product","3":"status-publish","4":"has-post-thumbnail","6":"product_cat-audi-a6","7":"product_cat-audi","8":"product_cat-audi-a6-c5","9":"product_cat-audi-a6-c5-isores-dalys","10":"product_cat-audi-a6-c5-mechanizmai-valytuvai","12":"first","13":"instock","14":"shipping-taxable","15":"purchasable","16":"product-type-simple"},"yoast_head":"<!-- This site is optimized with the Yoast SEO Premium plugin v25.2 (Yoast SEO v27.4) - https:\/\/yoast.com\/product\/yoast-seo-premium-wordpress\/ -->\n<title>Audi A6 C5 AVANT 97-05 galinio valytuvo variklis - Erformance.eu<\/title>\n<meta name=\"robots\" content=\"index, follow, max-snippet:-1, max-image-preview:large, max-video-preview:-1\" \/>\n<link rel=\"canonical\" href=\"https:\/\/erformance.eu\/et\/toode\/audi-a6-c5-avant-97-05-galinio-valytuvo-variklis\/\" \/>\n<meta property=\"og:locale\" content=\"et_EE\" \/>\n<meta property=\"og:type\" content=\"article\" \/>\n<meta property=\"og:title\" content=\"Audi A6 C5 AVANT 97-05 galinio valytuvo variklis\" \/>\n<meta property=\"og:description\" content=\"1. Prek\u0117: Galinio valytuvo variklis2. Gamintojas: pakeitimas3. Automobilis:   * Audi A3 8L 96-03   * Audi A3 8P 04\u201313   * Audi A4 B5 AVANT 94-01   * Audi A6 C5 AVANT 97-05   * VW Passat B5 UNIVERSALAS 96-05\" \/>\n<meta property=\"og:url\" content=\"https:\/\/erformance.eu\/et\/toode\/audi-a6-c5-avant-97-05-galinio-valytuvo-variklis\/\" \/>\n<meta property=\"og:site_name\" content=\"Erformance.eu\" \/>\n<meta property=\"article:modified_time\" content=\"2026-03-12T11:33:10+00:00\" \/>\n<meta property=\"og:image\" content=\"https:\/\/erformance.eu\/wp-content\/uploads\/2026\/02\/pol_pm_Audi-A6-C5-AVANT-97-05-silniczek-wycieraczki-tylnej-4656_1.jpg\" \/>\n\t<meta property=\"og:image:width\" content=\"666\" \/>\n\t<meta property=\"og:image:height\" content=\"500\" \/>\n\t<meta property=\"og:image:type\" content=\"image\/jpeg\" \/>\n<meta name=\"twitter:card\" content=\"summary_large_image\" \/>\n<script type=\"application\/ld+json\" class=\"yoast-schema-graph\">{\"@context\":\"https:\\\/\\\/schema.org\",\"@graph\":[{\"@type\":\"WebPage\",\"@id\":\"https:\\\/\\\/erformance.eu\\\/et\\\/toode\\\/audi-a6-c5-avant-97-05-galinio-valytuvo-variklis\\\/\",\"url\":\"https:\\\/\\\/erformance.eu\\\/et\\\/toode\\\/audi-a6-c5-avant-97-05-galinio-valytuvo-variklis\\\/\",\"name\":\"Audi A6 C5 AVANT 97-05 galinio valytuvo variklis - Erformance.eu\",\"isPartOf\":{\"@id\":\"https:\\\/\\\/erformance.eu\\\/et\\\/#website\"},\"primaryImageOfPage\":{\"@id\":\"https:\\\/\\\/erformance.eu\\\/et\\\/toode\\\/audi-a6-c5-avant-97-05-galinio-valytuvo-variklis\\\/#primaryimage\"},\"image\":{\"@id\":\"https:\\\/\\\/erformance.eu\\\/et\\\/toode\\\/audi-a6-c5-avant-97-05-galinio-valytuvo-variklis\\\/#primaryimage\"},\"thumbnailUrl\":\"https:\\\/\\\/erformance.eu\\\/wp-content\\\/uploads\\\/2026\\\/02\\\/pol_pm_Audi-A6-C5-AVANT-97-05-silniczek-wycieraczki-tylnej-4656_1.jpg\",\"datePublished\":\"2026-02-16T11:21:18+00:00\",\"dateModified\":\"2026-03-12T11:33:10+00:00\",\"breadcrumb\":{\"@id\":\"https:\\\/\\\/erformance.eu\\\/et\\\/toode\\\/audi-a6-c5-avant-97-05-galinio-valytuvo-variklis\\\/#breadcrumb\"},\"inLanguage\":\"et\",\"potentialAction\":[{\"@type\":\"ReadAction\",\"target\":[\"https:\\\/\\\/erformance.eu\\\/et\\\/toode\\\/audi-a6-c5-avant-97-05-galinio-valytuvo-variklis\\\/\"]}]},{\"@type\":\"ImageObject\",\"inLanguage\":\"et\",\"@id\":\"https:\\\/\\\/erformance.eu\\\/et\\\/toode\\\/audi-a6-c5-avant-97-05-galinio-valytuvo-variklis\\\/#primaryimage\",\"url\":\"https:\\\/\\\/erformance.eu\\\/wp-content\\\/uploads\\\/2026\\\/02\\\/pol_pm_Audi-A6-C5-AVANT-97-05-silniczek-wycieraczki-tylnej-4656_1.jpg\",\"contentUrl\":\"https:\\\/\\\/erformance.eu\\\/wp-content\\\/uploads\\\/2026\\\/02\\\/pol_pm_Audi-A6-C5-AVANT-97-05-silniczek-wycieraczki-tylnej-4656_1.jpg\",\"width\":666,\"height\":500},{\"@type\":\"BreadcrumbList\",\"@id\":\"https:\\\/\\\/erformance.eu\\\/et\\\/toode\\\/audi-a6-c5-avant-97-05-galinio-valytuvo-variklis\\\/#breadcrumb\",\"itemListElement\":[{\"@type\":\"ListItem\",\"position\":1,\"name\":\"Home\",\"item\":\"https:\\\/\\\/erformance.eu\\\/et\\\/\"},{\"@type\":\"ListItem\",\"position\":2,\"name\":\"Pood\",\"item\":\"https:\\\/\\\/erformance.eu\\\/et\\\/pood\\\/\"},{\"@type\":\"ListItem\",\"position\":3,\"name\":\"Audi A6 C5 AVANT 97-05 galinio valytuvo variklis\"}]},{\"@type\":\"WebSite\",\"@id\":\"https:\\\/\\\/erformance.eu\\\/et\\\/#website\",\"url\":\"https:\\\/\\\/erformance.eu\\\/et\\\/\",\"name\":\"Erformance.eu\",\"description\":\"Automobili\u0173 dali\u0173 parduotuv\u0117\",\"potentialAction\":[{\"@type\":\"SearchAction\",\"target\":{\"@type\":\"EntryPoint\",\"urlTemplate\":\"https:\\\/\\\/erformance.eu\\\/et\\\/?s={search_term_string}\"},\"query-input\":{\"@type\":\"PropertyValueSpecification\",\"valueRequired\":true,\"valueName\":\"search_term_string\"}}],\"inLanguage\":\"et\"}]}<\/script>\n<!-- \/ Yoast SEO Premium plugin. -->","yoast_head_json":{"title":"Audi A6 C5 AVANT 97-05 galinio valytuvo variklis - Erformance.eu","robots":{"index":"index","follow":"follow","max-snippet":"max-snippet:-1","max-image-preview":"max-image-preview:large","max-video-preview":"max-video-preview:-1"},"canonical":"https:\/\/erformance.eu\/et\/toode\/audi-a6-c5-avant-97-05-galinio-valytuvo-variklis\/","og_locale":"et_EE","og_type":"article","og_title":"Audi A6 C5 AVANT 97-05 galinio valytuvo variklis","og_description":"1. Prek\u0117: Galinio valytuvo variklis2. Gamintojas: pakeitimas3. Automobilis:   * Audi A3 8L 96-03   * Audi A3 8P 04\u201313   * Audi A4 B5 AVANT 94-01   * Audi A6 C5 AVANT 97-05   * VW Passat B5 UNIVERSALAS 96-05","og_url":"https:\/\/erformance.eu\/et\/toode\/audi-a6-c5-avant-97-05-galinio-valytuvo-variklis\/","og_site_name":"Erformance.eu","article_modified_time":"2026-03-12T11:33:10+00:00","og_image":[{"width":666,"height":500,"url":"https:\/\/erformance.eu\/wp-content\/uploads\/2026\/02\/pol_pm_Audi-A6-C5-AVANT-97-05-silniczek-wycieraczki-tylnej-4656_1.jpg","type":"image\/jpeg"}],"twitter_card":"summary_large_image","schema":{"@context":"https:\/\/schema.org","@graph":[{"@type":"WebPage","@id":"https:\/\/erformance.eu\/et\/toode\/audi-a6-c5-avant-97-05-galinio-valytuvo-variklis\/","url":"https:\/\/erformance.eu\/et\/toode\/audi-a6-c5-avant-97-05-galinio-valytuvo-variklis\/","name":"Audi A6 C5 AVANT 97-05 galinio valytuvo variklis - Erformance.eu","isPartOf":{"@id":"https:\/\/erformance.eu\/et\/#website"},"primaryImageOfPage":{"@id":"https:\/\/erformance.eu\/et\/toode\/audi-a6-c5-avant-97-05-galinio-valytuvo-variklis\/#primaryimage"},"image":{"@id":"https:\/\/erformance.eu\/et\/toode\/audi-a6-c5-avant-97-05-galinio-valytuvo-variklis\/#primaryimage"},"thumbnailUrl":"https:\/\/erformance.eu\/wp-content\/uploads\/2026\/02\/pol_pm_Audi-A6-C5-AVANT-97-05-silniczek-wycieraczki-tylnej-4656_1.jpg","datePublished":"2026-02-16T11:21:18+00:00","dateModified":"2026-03-12T11:33:10+00:00","breadcrumb":{"@id":"https:\/\/erformance.eu\/et\/toode\/audi-a6-c5-avant-97-05-galinio-valytuvo-variklis\/#breadcrumb"},"inLanguage":"et","potentialAction":[{"@type":"ReadAction","target":["https:\/\/erformance.eu\/et\/toode\/audi-a6-c5-avant-97-05-galinio-valytuvo-variklis\/"]}]},{"@type":"ImageObject","inLanguage":"et","@id":"https:\/\/erformance.eu\/et\/toode\/audi-a6-c5-avant-97-05-galinio-valytuvo-variklis\/#primaryimage","url":"https:\/\/erformance.eu\/wp-content\/uploads\/2026\/02\/pol_pm_Audi-A6-C5-AVANT-97-05-silniczek-wycieraczki-tylnej-4656_1.jpg","contentUrl":"https:\/\/erformance.eu\/wp-content\/uploads\/2026\/02\/pol_pm_Audi-A6-C5-AVANT-97-05-silniczek-wycieraczki-tylnej-4656_1.jpg","width":666,"height":500},{"@type":"BreadcrumbList","@id":"https:\/\/erformance.eu\/et\/toode\/audi-a6-c5-avant-97-05-galinio-valytuvo-variklis\/#breadcrumb","itemListElement":[{"@type":"ListItem","position":1,"name":"Home","item":"https:\/\/erformance.eu\/et\/"},{"@type":"ListItem","position":2,"name":"Pood","item":"https:\/\/erformance.eu\/et\/pood\/"},{"@type":"ListItem","position":3,"name":"Audi A6 C5 AVANT 97-05 galinio valytuvo variklis"}]},{"@type":"WebSite","@id":"https:\/\/erformance.eu\/et\/#website","url":"https:\/\/erformance.eu\/et\/","name":"Erformance.eu","description":"Automobili\u0173 dali\u0173 parduotuv\u0117","potentialAction":[{"@type":"SearchAction","target":{"@type":"EntryPoint","urlTemplate":"https:\/\/erformance.eu\/et\/?s={search_term_string}"},"query-input":{"@type":"PropertyValueSpecification","valueRequired":true,"valueName":"search_term_string"}}],"inLanguage":"et"}]}},"jetpack_sharing_enabled":true,"_links":{"self":[{"href":"https:\/\/erformance.eu\/et\/wp-json\/wp\/v2\/product\/56764","targetHints":{"allow":["GET"]}}],"collection":[{"href":"https:\/\/erformance.eu\/et\/wp-json\/wp\/v2\/product"}],"about":[{"href":"https:\/\/erformance.eu\/et\/wp-json\/wp\/v2\/types\/product"}],"replies":[{"embeddable":true,"href":"https:\/\/erformance.eu\/et\/wp-json\/wp\/v2\/comments?post=56764"}],"version-history":[{"count":1,"href":"https:\/\/erformance.eu\/et\/wp-json\/wp\/v2\/product\/56764\/revisions"}],"predecessor-version":[{"id":56765,"href":"https:\/\/erformance.eu\/et\/wp-json\/wp\/v2\/product\/56764\/revisions\/56765"}],"wp:featuredmedia":[{"embeddable":true,"href":"https:\/\/erformance.eu\/et\/wp-json\/wp\/v2\/media\/51556"}],"wp:attachment":[{"href":"https:\/\/erformance.eu\/et\/wp-json\/wp\/v2\/media?parent=56764"}],"wp:term":[{"taxonomy":"product_brand","embeddable":true,"href":"https:\/\/erformance.eu\/et\/wp-json\/wp\/v2\/product_brand?post=56764"},{"taxonomy":"product_cat","embeddable":true,"href":"https:\/\/erformance.eu\/et\/wp-json\/wp\/v2\/product_cat?post=56764"},{"taxonomy":"product_tag","embeddable":true,"href":"https:\/\/erformance.eu\/et\/wp-json\/wp\/v2\/product_tag?post=56764"}],"curies":[{"name":"wp","href":"https:\/\/api.w.org\/{rel}","templated":true}]}}