{"id":56834,"date":"2026-02-16T14:22:27","date_gmt":"2026-02-16T11:22:27","guid":{"rendered":"https:\/\/erformance.eu\/?post_type=product&#038;p=56834"},"modified":"2026-03-25T23:12:02","modified_gmt":"2026-03-25T20:12:02","slug":"audi-a8-d2-tt-8n-starteris-uzdegiklis-ksenoniniu-lempu-keitiklis","status":"publish","type":"product","link":"https:\/\/erformance.eu\/et\/toode\/audi-a8-d2-tt-8n-starteris-uzdegiklis-ksenoniniu-lempu-keitiklis\/","title":{"rendered":"Audi A8 D2 TT 8N starteris u\u017edegiklis ksenonini\u0173 lemp\u0173 keitiklis"},"content":{"rendered":"<p>Prek\u0117: starteris \/ rit\u0117 \/ u\u017edegiklis \/ ksenono keitiklis<br \/>\nOriginalus numeris:<\/p>\n<p>1307329080<br \/>\n1307329057<br \/>\n1307329058<br \/>\n1307329059<br \/>\n1307329062<br \/>\n1307329065<br \/>\n1307329067<br \/>\n1307329083<\/p>\n<p>PASTABA: auk\u0161\u010diau pateikti numeriai yra original\u016bs dali\u0173 numeriai, kuriuos \u0161is pasi\u016blymas pakei\u010dia. Prie\u0161 pirkdami, palyginkite juos su originaliu dalies numeriu. Jei jie skiriasi net vienu simboliu, dalis netiks, neveiks arba veiks netinkamai. Tokiu atveju jos nepirkite.<br \/>\nAutomobilis:<\/p>\n<p>\u201eAlfa Romeo 147\u201c, gamybos metai: 2000\u20132004<br \/>\n\u201eAlfa Romeo 156\u201c, gamybos metai: 1997\u20132007<br \/>\n\u201eAlfa Romeo GT\u201c, gamybos metai: 2003\u20132010<br \/>\n\u201eAudi A8 D2\u201c, gamybos metai: 1999\u20132002<br \/>\nAudi TT 8N, pagaminimo metai: 2000\u20132006<br \/>\nBMW 3 E46, pagaminimo metai: 2001\u20132005<br \/>\nFiat Stilo, gamybos metai: 2001\u20132008<br \/>\nFord Mondeo MK3, gamybos metai: 2000\u20132004<br \/>\n\u201eMazda 6\u201c, gamybos metai: 2002\u20132007<br \/>\n\u201eMercedes W203 S203 C\u201c klas\u0117s, pagaminimo metai: 2000\u20132007<br \/>\n\u201eMercedes W209 CLK\u201c klas\u0117s automobilis, pagaminimo metai: 2002\u20132009<br \/>\n\u201eMercedes R230 SL\u201c klas\u0117s automobilis, pagaminimo metai: 2001\u20132008<br \/>\n\u201eMercedes R199 SLR\u201c klas\u0117, gamybos metai: 2004\u20132009<br \/>\nMINI R50 \/ R53, pagaminimo metai: 2001\u20132004<br \/>\nOpel Vectra B, gamybos metai: 1999\u20132003<br \/>\n\u201eSeat Alhambra\u201c, gamybos metai: 2000\u20132010<br \/>\n\u201eSkoda Octavia\u201c, gamybos metai: 2000\u20132008<br \/>\nVW Beetle, gamybos metai: 1997\u20132005<br \/>\nVW Bora, gamybos metai: 2000\u20132005<br \/>\nVW Golf IV, gamybos metai: 2000\u20132003<br \/>\nVW Sharan, gamybos metai: 1995\u20132010<\/p>\n<p>Gamintojas: pakaitalas<br \/>\nTechnin\u0117 b\u016bkl\u0117: prek\u0117 yra visi\u0161kai nauja, nenaudota, nepa\u017eeista ir nesugadinta<\/p>\n","protected":false},"excerpt":{"rendered":"<p>1. Prek\u0117: starterio u\u017edegiklis, ksenonini\u0173 lemp\u0173 keitiklis2. Gamintojas: pakeitimas3. Automobilis:* Audi A8 D2 99-02* Audi TT 8N 00-06<\/p>\n","protected":false},"featured_media":51832,"comment_status":"open","ping_status":"closed","template":"","meta":[],"product_brand":[],"product_cat":[396,144,3922,3962,4167,4284],"product_tag":[],"class_list":{"0":"post-56834","1":"product","2":"type-product","3":"status-publish","4":"has-post-thumbnail","6":"product_cat-audi-a8","7":"product_cat-audi","8":"product_cat-audi-a8-d2","9":"product_cat-audi-a8-d2-isores-dalys","10":"product_cat-audi-a8-d2-isores-kitos-dalys","11":"product_cat-audi-a8-d2-zibintai-apsvietimas","13":"first","14":"instock","15":"shipping-taxable","16":"purchasable","17":"product-type-simple"},"yoast_head":"<!-- This site is optimized with the Yoast SEO Premium plugin v25.2 (Yoast SEO v27.3) - https:\/\/yoast.com\/product\/yoast-seo-premium-wordpress\/ -->\n<title>Audi A8 D2 TT 8N starteris u\u017edegiklis ksenonini\u0173 lemp\u0173 keitiklis - Erformance.eu<\/title>\n<meta name=\"robots\" content=\"index, follow, max-snippet:-1, max-image-preview:large, max-video-preview:-1\" \/>\n<link rel=\"canonical\" href=\"https:\/\/erformance.eu\/et\/toode\/audi-a8-d2-tt-8n-starteris-uzdegiklis-ksenoniniu-lempu-keitiklis\/\" \/>\n<meta property=\"og:locale\" content=\"et_EE\" \/>\n<meta property=\"og:type\" content=\"article\" \/>\n<meta property=\"og:title\" content=\"Audi A8 D2 TT 8N starteris u\u017edegiklis ksenonini\u0173 lemp\u0173 keitiklis\" \/>\n<meta property=\"og:description\" content=\"1. Prek\u0117: starterio u\u017edegiklis, ksenonini\u0173 lemp\u0173 keitiklis2. Gamintojas: pakeitimas3. Automobilis:* Audi A8 D2 99-02* Audi TT 8N 00-06\" \/>\n<meta property=\"og:url\" content=\"https:\/\/erformance.eu\/et\/toode\/audi-a8-d2-tt-8n-starteris-uzdegiklis-ksenoniniu-lempu-keitiklis\/\" \/>\n<meta property=\"og:site_name\" content=\"Erformance.eu\" \/>\n<meta property=\"article:modified_time\" content=\"2026-03-25T20:12:02+00:00\" \/>\n<meta property=\"og:image\" content=\"https:\/\/erformance.eu\/wp-content\/uploads\/2026\/02\/pol_pm_Audi-A8-D2-TT-8N-starter-zaplonnik-przetwornica-lamp-XENON-30762_1.jpg\" \/>\n\t<meta property=\"og:image:width\" content=\"1200\" \/>\n\t<meta property=\"og:image:height\" content=\"1200\" \/>\n\t<meta property=\"og:image:type\" content=\"image\/jpeg\" \/>\n<meta name=\"twitter:card\" content=\"summary_large_image\" \/>\n<meta name=\"twitter:label1\" content=\"Est. reading time\" \/>\n\t<meta name=\"twitter:data1\" content=\"1 minut\" \/>\n<script type=\"application\/ld+json\" class=\"yoast-schema-graph\">{\"@context\":\"https:\\\/\\\/schema.org\",\"@graph\":[{\"@type\":\"WebPage\",\"@id\":\"https:\\\/\\\/erformance.eu\\\/et\\\/toode\\\/audi-a8-d2-tt-8n-starteris-uzdegiklis-ksenoniniu-lempu-keitiklis\\\/\",\"url\":\"https:\\\/\\\/erformance.eu\\\/et\\\/toode\\\/audi-a8-d2-tt-8n-starteris-uzdegiklis-ksenoniniu-lempu-keitiklis\\\/\",\"name\":\"Audi A8 D2 TT 8N starteris u\u017edegiklis ksenonini\u0173 lemp\u0173 keitiklis - Erformance.eu\",\"isPartOf\":{\"@id\":\"https:\\\/\\\/erformance.eu\\\/et\\\/#website\"},\"primaryImageOfPage\":{\"@id\":\"https:\\\/\\\/erformance.eu\\\/et\\\/toode\\\/audi-a8-d2-tt-8n-starteris-uzdegiklis-ksenoniniu-lempu-keitiklis\\\/#primaryimage\"},\"image\":{\"@id\":\"https:\\\/\\\/erformance.eu\\\/et\\\/toode\\\/audi-a8-d2-tt-8n-starteris-uzdegiklis-ksenoniniu-lempu-keitiklis\\\/#primaryimage\"},\"thumbnailUrl\":\"https:\\\/\\\/erformance.eu\\\/wp-content\\\/uploads\\\/2026\\\/02\\\/pol_pm_Audi-A8-D2-TT-8N-starter-zaplonnik-przetwornica-lamp-XENON-30762_1.jpg\",\"datePublished\":\"2026-02-16T11:22:27+00:00\",\"dateModified\":\"2026-03-25T20:12:02+00:00\",\"breadcrumb\":{\"@id\":\"https:\\\/\\\/erformance.eu\\\/et\\\/toode\\\/audi-a8-d2-tt-8n-starteris-uzdegiklis-ksenoniniu-lempu-keitiklis\\\/#breadcrumb\"},\"inLanguage\":\"et\",\"potentialAction\":[{\"@type\":\"ReadAction\",\"target\":[\"https:\\\/\\\/erformance.eu\\\/et\\\/toode\\\/audi-a8-d2-tt-8n-starteris-uzdegiklis-ksenoniniu-lempu-keitiklis\\\/\"]}]},{\"@type\":\"ImageObject\",\"inLanguage\":\"et\",\"@id\":\"https:\\\/\\\/erformance.eu\\\/et\\\/toode\\\/audi-a8-d2-tt-8n-starteris-uzdegiklis-ksenoniniu-lempu-keitiklis\\\/#primaryimage\",\"url\":\"https:\\\/\\\/erformance.eu\\\/wp-content\\\/uploads\\\/2026\\\/02\\\/pol_pm_Audi-A8-D2-TT-8N-starter-zaplonnik-przetwornica-lamp-XENON-30762_1.jpg\",\"contentUrl\":\"https:\\\/\\\/erformance.eu\\\/wp-content\\\/uploads\\\/2026\\\/02\\\/pol_pm_Audi-A8-D2-TT-8N-starter-zaplonnik-przetwornica-lamp-XENON-30762_1.jpg\",\"width\":1200,\"height\":1200},{\"@type\":\"BreadcrumbList\",\"@id\":\"https:\\\/\\\/erformance.eu\\\/et\\\/toode\\\/audi-a8-d2-tt-8n-starteris-uzdegiklis-ksenoniniu-lempu-keitiklis\\\/#breadcrumb\",\"itemListElement\":[{\"@type\":\"ListItem\",\"position\":1,\"name\":\"Home\",\"item\":\"https:\\\/\\\/erformance.eu\\\/et\\\/\"},{\"@type\":\"ListItem\",\"position\":2,\"name\":\"Pood\",\"item\":\"https:\\\/\\\/erformance.eu\\\/et\\\/pood\\\/\"},{\"@type\":\"ListItem\",\"position\":3,\"name\":\"Audi A8 D2 TT 8N starteris u\u017edegiklis ksenonini\u0173 lemp\u0173 keitiklis\"}]},{\"@type\":\"WebSite\",\"@id\":\"https:\\\/\\\/erformance.eu\\\/et\\\/#website\",\"url\":\"https:\\\/\\\/erformance.eu\\\/et\\\/\",\"name\":\"Erformance.eu\",\"description\":\"Automobili\u0173 dali\u0173 parduotuv\u0117\",\"potentialAction\":[{\"@type\":\"SearchAction\",\"target\":{\"@type\":\"EntryPoint\",\"urlTemplate\":\"https:\\\/\\\/erformance.eu\\\/et\\\/?s={search_term_string}\"},\"query-input\":{\"@type\":\"PropertyValueSpecification\",\"valueRequired\":true,\"valueName\":\"search_term_string\"}}],\"inLanguage\":\"et\"}]}<\/script>\n<!-- \/ Yoast SEO Premium plugin. -->","yoast_head_json":{"title":"Audi A8 D2 TT 8N starteris u\u017edegiklis ksenonini\u0173 lemp\u0173 keitiklis - Erformance.eu","robots":{"index":"index","follow":"follow","max-snippet":"max-snippet:-1","max-image-preview":"max-image-preview:large","max-video-preview":"max-video-preview:-1"},"canonical":"https:\/\/erformance.eu\/et\/toode\/audi-a8-d2-tt-8n-starteris-uzdegiklis-ksenoniniu-lempu-keitiklis\/","og_locale":"et_EE","og_type":"article","og_title":"Audi A8 D2 TT 8N starteris u\u017edegiklis ksenonini\u0173 lemp\u0173 keitiklis","og_description":"1. Prek\u0117: starterio u\u017edegiklis, ksenonini\u0173 lemp\u0173 keitiklis2. Gamintojas: pakeitimas3. Automobilis:* Audi A8 D2 99-02* Audi TT 8N 00-06","og_url":"https:\/\/erformance.eu\/et\/toode\/audi-a8-d2-tt-8n-starteris-uzdegiklis-ksenoniniu-lempu-keitiklis\/","og_site_name":"Erformance.eu","article_modified_time":"2026-03-25T20:12:02+00:00","og_image":[{"width":1200,"height":1200,"url":"https:\/\/erformance.eu\/wp-content\/uploads\/2026\/02\/pol_pm_Audi-A8-D2-TT-8N-starter-zaplonnik-przetwornica-lamp-XENON-30762_1.jpg","type":"image\/jpeg"}],"twitter_card":"summary_large_image","twitter_misc":{"Est. reading time":"1 minut"},"schema":{"@context":"https:\/\/schema.org","@graph":[{"@type":"WebPage","@id":"https:\/\/erformance.eu\/et\/toode\/audi-a8-d2-tt-8n-starteris-uzdegiklis-ksenoniniu-lempu-keitiklis\/","url":"https:\/\/erformance.eu\/et\/toode\/audi-a8-d2-tt-8n-starteris-uzdegiklis-ksenoniniu-lempu-keitiklis\/","name":"Audi A8 D2 TT 8N starteris u\u017edegiklis ksenonini\u0173 lemp\u0173 keitiklis - Erformance.eu","isPartOf":{"@id":"https:\/\/erformance.eu\/et\/#website"},"primaryImageOfPage":{"@id":"https:\/\/erformance.eu\/et\/toode\/audi-a8-d2-tt-8n-starteris-uzdegiklis-ksenoniniu-lempu-keitiklis\/#primaryimage"},"image":{"@id":"https:\/\/erformance.eu\/et\/toode\/audi-a8-d2-tt-8n-starteris-uzdegiklis-ksenoniniu-lempu-keitiklis\/#primaryimage"},"thumbnailUrl":"https:\/\/erformance.eu\/wp-content\/uploads\/2026\/02\/pol_pm_Audi-A8-D2-TT-8N-starter-zaplonnik-przetwornica-lamp-XENON-30762_1.jpg","datePublished":"2026-02-16T11:22:27+00:00","dateModified":"2026-03-25T20:12:02+00:00","breadcrumb":{"@id":"https:\/\/erformance.eu\/et\/toode\/audi-a8-d2-tt-8n-starteris-uzdegiklis-ksenoniniu-lempu-keitiklis\/#breadcrumb"},"inLanguage":"et","potentialAction":[{"@type":"ReadAction","target":["https:\/\/erformance.eu\/et\/toode\/audi-a8-d2-tt-8n-starteris-uzdegiklis-ksenoniniu-lempu-keitiklis\/"]}]},{"@type":"ImageObject","inLanguage":"et","@id":"https:\/\/erformance.eu\/et\/toode\/audi-a8-d2-tt-8n-starteris-uzdegiklis-ksenoniniu-lempu-keitiklis\/#primaryimage","url":"https:\/\/erformance.eu\/wp-content\/uploads\/2026\/02\/pol_pm_Audi-A8-D2-TT-8N-starter-zaplonnik-przetwornica-lamp-XENON-30762_1.jpg","contentUrl":"https:\/\/erformance.eu\/wp-content\/uploads\/2026\/02\/pol_pm_Audi-A8-D2-TT-8N-starter-zaplonnik-przetwornica-lamp-XENON-30762_1.jpg","width":1200,"height":1200},{"@type":"BreadcrumbList","@id":"https:\/\/erformance.eu\/et\/toode\/audi-a8-d2-tt-8n-starteris-uzdegiklis-ksenoniniu-lempu-keitiklis\/#breadcrumb","itemListElement":[{"@type":"ListItem","position":1,"name":"Home","item":"https:\/\/erformance.eu\/et\/"},{"@type":"ListItem","position":2,"name":"Pood","item":"https:\/\/erformance.eu\/et\/pood\/"},{"@type":"ListItem","position":3,"name":"Audi A8 D2 TT 8N starteris u\u017edegiklis ksenonini\u0173 lemp\u0173 keitiklis"}]},{"@type":"WebSite","@id":"https:\/\/erformance.eu\/et\/#website","url":"https:\/\/erformance.eu\/et\/","name":"Erformance.eu","description":"Automobili\u0173 dali\u0173 parduotuv\u0117","potentialAction":[{"@type":"SearchAction","target":{"@type":"EntryPoint","urlTemplate":"https:\/\/erformance.eu\/et\/?s={search_term_string}"},"query-input":{"@type":"PropertyValueSpecification","valueRequired":true,"valueName":"search_term_string"}}],"inLanguage":"et"}]}},"jetpack_sharing_enabled":true,"_links":{"self":[{"href":"https:\/\/erformance.eu\/et\/wp-json\/wp\/v2\/product\/56834","targetHints":{"allow":["GET"]}}],"collection":[{"href":"https:\/\/erformance.eu\/et\/wp-json\/wp\/v2\/product"}],"about":[{"href":"https:\/\/erformance.eu\/et\/wp-json\/wp\/v2\/types\/product"}],"replies":[{"embeddable":true,"href":"https:\/\/erformance.eu\/et\/wp-json\/wp\/v2\/comments?post=56834"}],"version-history":[{"count":1,"href":"https:\/\/erformance.eu\/et\/wp-json\/wp\/v2\/product\/56834\/revisions"}],"predecessor-version":[{"id":56835,"href":"https:\/\/erformance.eu\/et\/wp-json\/wp\/v2\/product\/56834\/revisions\/56835"}],"wp:featuredmedia":[{"embeddable":true,"href":"https:\/\/erformance.eu\/et\/wp-json\/wp\/v2\/media\/51832"}],"wp:attachment":[{"href":"https:\/\/erformance.eu\/et\/wp-json\/wp\/v2\/media?parent=56834"}],"wp:term":[{"taxonomy":"product_brand","embeddable":true,"href":"https:\/\/erformance.eu\/et\/wp-json\/wp\/v2\/product_brand?post=56834"},{"taxonomy":"product_cat","embeddable":true,"href":"https:\/\/erformance.eu\/et\/wp-json\/wp\/v2\/product_cat?post=56834"},{"taxonomy":"product_tag","embeddable":true,"href":"https:\/\/erformance.eu\/et\/wp-json\/wp\/v2\/product_tag?post=56834"}],"curies":[{"name":"wp","href":"https:\/\/api.w.org\/{rel}","templated":true}]}}