{"id":56852,"date":"2026-02-16T14:22:38","date_gmt":"2026-02-16T11:22:38","guid":{"rendered":"https:\/\/erformance.eu\/?post_type=product&#038;p=56852"},"modified":"2026-03-26T02:57:23","modified_gmt":"2026-03-25T23:57:23","slug":"audi-tt-98-06-radiatoriaus-ventiliatoriaus-modulis","status":"publish","type":"product","link":"https:\/\/erformance.eu\/et\/toode\/audi-tt-98-06-radiatoriaus-ventiliatoriaus-modulis\/","title":{"rendered":"Audi TT 98-06 radiatoriaus ventiliatoriaus modulis"},"content":{"rendered":"<p>Prek\u0117: Radiatoriaus ventiliatoriaus modulis<br \/>\nOriginalus numeris:<\/p>\n<p>1J0919506E<br \/>\n1J0919506H<br \/>\n1J0919506 E<br \/>\n1J0919506 H<br \/>\n1J0 919 506E<br \/>\n1J0 919 506H<br \/>\n1J0 919 506 E<br \/>\n1J0 919 506 H<\/p>\n<p>PASTABA: auk\u0161\u010diau pateikti numeriai yra original\u016bs dali\u0173 numeriai, kuriuos \u0161is pasi\u016blymas pakei\u010dia. Prie\u0161 pirkdami, palyginkite juos su originaliu dalies numeriu. Jei jie skiriasi net vienu simboliu, dalis netiks, neveiks arba veiks netinkamai. Tokiu atveju jos nepirkite.<br \/>\nAutomobilis:<br \/>\nAudi\t<\/p>\n<p>\tAudi A3 (8L1) , gamybos metai: 1996\u20132003<br \/>\n\tAudi TT (8N3) , gamybos metai: 1998\u20132006<br \/>\n\tAudi TT Roadster (8N9) , gamybos metai: 1999\u20132006<\/p>\n<p>S\u0117dyn\u0117<\/p>\n<p>\tSeat CORDOBA (6K1, 6K2) , gamybos metai: 1993\u20132002<br \/>\n\tSeat IBIZA II (6K1) , pagaminimo metai: 1993\u20132002<br \/>\n\tS\u0117dyn\u0117 INCA (6K9) , pagaminimo metai: 1995\u20132003<br \/>\n\tSeat LEON (1M1) , gamybos metai: 1999\u20132006<br \/>\n\tSeat TOLEDO II (1M2) , pagaminimo metai: 1998-2004<\/p>\n<p>\u0160koda<\/p>\n<p>\t\u0160koda OCTAVIA I (1U2) , gamybos metai: 1996\u20132010<br \/>\n\t\u0160koda OCTAVIA I Combi (1U5) , gamybos metai: 1998\u20132010<\/p>\n<p>Volkswagen<\/p>\n<p>\tVolkswagen BORA I (1J2) , gamybos metai: 1998\u20132005<br \/>\n\tVolkswagen BORA Variant (1J6) , gamybos metai: 1999\u20132005<br \/>\n\tVolkswagen CADDY II vienat\u016bris (9K9B) , pagaminimo metai: 1995\u20132004<br \/>\n\tVolkswagen GOLF IV (1J1) , gamybos metai: 1997\u20132005<br \/>\n\tVolkswagen GOLF IV Variant (1J5) , gamybos metai: 1999\u20132006<br \/>\n\tVolkswagen NEW BEETLE (9C1, 1C1) , gamybos metai: 2000\u20132010<br \/>\n\tVolkswagen POLO III (6N1) , pagaminimo metai: 1995\u20131999<br \/>\n\tVolkswagen POLO III CLASSIC (6V2) , gamybos metai: 1995\u20132001<\/p>\n<p>Gamintojas: pakaitalas<br \/>\nTechnin\u0117 b\u016bkl\u0117: prek\u0117 yra visi\u0161kai nauja, nenaudota, nepa\u017eeista ir nesugadinta<\/p>\n","protected":false},"excerpt":{"rendered":"<p>1. Prek\u0117: Ventiliatoriaus valdiklio modulis2. Gamintojas: pakeitimas3. Automobilis:*Audi A3 96-03*Audi TT 98-06<\/p>\n","protected":false},"featured_media":51900,"comment_status":"open","ping_status":"closed","template":"","meta":[],"product_brand":[],"product_cat":[3933,144,3973,4178,401],"product_tag":[],"class_list":{"0":"post-56852","1":"product","2":"type-product","3":"status-publish","4":"has-post-thumbnail","6":"product_cat-audi-tt-8j","7":"product_cat-audi","8":"product_cat-audi-tt-8j-isores-dalys","9":"product_cat-audi-tt-8j-isores-kitos-dalys","10":"product_cat-audi-tt","12":"first","13":"instock","14":"shipping-taxable","15":"purchasable","16":"product-type-simple"},"yoast_head":"<!-- This site is optimized with the Yoast SEO Premium plugin v25.2 (Yoast SEO v27.4) - https:\/\/yoast.com\/product\/yoast-seo-premium-wordpress\/ -->\n<title>Audi TT 98-06 radiatoriaus ventiliatoriaus modulis - Erformance.eu<\/title>\n<meta name=\"robots\" content=\"index, follow, max-snippet:-1, max-image-preview:large, max-video-preview:-1\" \/>\n<link rel=\"canonical\" href=\"https:\/\/erformance.eu\/et\/toode\/audi-tt-98-06-radiatoriaus-ventiliatoriaus-modulis\/\" \/>\n<meta property=\"og:locale\" content=\"et_EE\" \/>\n<meta property=\"og:type\" content=\"article\" \/>\n<meta property=\"og:title\" content=\"Audi TT 98-06 radiatoriaus ventiliatoriaus modulis\" \/>\n<meta property=\"og:description\" content=\"1. Prek\u0117: Ventiliatoriaus valdiklio modulis2. Gamintojas: pakeitimas3. Automobilis:*Audi A3 96-03*Audi TT 98-06\" \/>\n<meta property=\"og:url\" content=\"https:\/\/erformance.eu\/et\/toode\/audi-tt-98-06-radiatoriaus-ventiliatoriaus-modulis\/\" \/>\n<meta property=\"og:site_name\" content=\"Erformance.eu\" \/>\n<meta property=\"article:modified_time\" content=\"2026-03-25T23:57:23+00:00\" \/>\n<meta property=\"og:image\" content=\"https:\/\/erformance.eu\/wp-content\/uploads\/2026\/02\/pol_pm_Audi-TT-98-06-modul-wentylatora-chlodnicy-35621_1.jpg\" \/>\n\t<meta property=\"og:image:width\" content=\"1200\" \/>\n\t<meta property=\"og:image:height\" content=\"1200\" \/>\n\t<meta property=\"og:image:type\" content=\"image\/jpeg\" \/>\n<meta name=\"twitter:card\" content=\"summary_large_image\" \/>\n<meta name=\"twitter:label1\" content=\"Est. reading time\" \/>\n\t<meta name=\"twitter:data1\" content=\"1 minut\" \/>\n<script type=\"application\/ld+json\" class=\"yoast-schema-graph\">{\"@context\":\"https:\\\/\\\/schema.org\",\"@graph\":[{\"@type\":\"WebPage\",\"@id\":\"https:\\\/\\\/erformance.eu\\\/et\\\/toode\\\/audi-tt-98-06-radiatoriaus-ventiliatoriaus-modulis\\\/\",\"url\":\"https:\\\/\\\/erformance.eu\\\/et\\\/toode\\\/audi-tt-98-06-radiatoriaus-ventiliatoriaus-modulis\\\/\",\"name\":\"Audi TT 98-06 radiatoriaus ventiliatoriaus modulis - Erformance.eu\",\"isPartOf\":{\"@id\":\"https:\\\/\\\/erformance.eu\\\/et\\\/#website\"},\"primaryImageOfPage\":{\"@id\":\"https:\\\/\\\/erformance.eu\\\/et\\\/toode\\\/audi-tt-98-06-radiatoriaus-ventiliatoriaus-modulis\\\/#primaryimage\"},\"image\":{\"@id\":\"https:\\\/\\\/erformance.eu\\\/et\\\/toode\\\/audi-tt-98-06-radiatoriaus-ventiliatoriaus-modulis\\\/#primaryimage\"},\"thumbnailUrl\":\"https:\\\/\\\/erformance.eu\\\/wp-content\\\/uploads\\\/2026\\\/02\\\/pol_pm_Audi-TT-98-06-modul-wentylatora-chlodnicy-35621_1.jpg\",\"datePublished\":\"2026-02-16T11:22:38+00:00\",\"dateModified\":\"2026-03-25T23:57:23+00:00\",\"breadcrumb\":{\"@id\":\"https:\\\/\\\/erformance.eu\\\/et\\\/toode\\\/audi-tt-98-06-radiatoriaus-ventiliatoriaus-modulis\\\/#breadcrumb\"},\"inLanguage\":\"et\",\"potentialAction\":[{\"@type\":\"ReadAction\",\"target\":[\"https:\\\/\\\/erformance.eu\\\/et\\\/toode\\\/audi-tt-98-06-radiatoriaus-ventiliatoriaus-modulis\\\/\"]}]},{\"@type\":\"ImageObject\",\"inLanguage\":\"et\",\"@id\":\"https:\\\/\\\/erformance.eu\\\/et\\\/toode\\\/audi-tt-98-06-radiatoriaus-ventiliatoriaus-modulis\\\/#primaryimage\",\"url\":\"https:\\\/\\\/erformance.eu\\\/wp-content\\\/uploads\\\/2026\\\/02\\\/pol_pm_Audi-TT-98-06-modul-wentylatora-chlodnicy-35621_1.jpg\",\"contentUrl\":\"https:\\\/\\\/erformance.eu\\\/wp-content\\\/uploads\\\/2026\\\/02\\\/pol_pm_Audi-TT-98-06-modul-wentylatora-chlodnicy-35621_1.jpg\",\"width\":1200,\"height\":1200},{\"@type\":\"BreadcrumbList\",\"@id\":\"https:\\\/\\\/erformance.eu\\\/et\\\/toode\\\/audi-tt-98-06-radiatoriaus-ventiliatoriaus-modulis\\\/#breadcrumb\",\"itemListElement\":[{\"@type\":\"ListItem\",\"position\":1,\"name\":\"Home\",\"item\":\"https:\\\/\\\/erformance.eu\\\/et\\\/\"},{\"@type\":\"ListItem\",\"position\":2,\"name\":\"Pood\",\"item\":\"https:\\\/\\\/erformance.eu\\\/et\\\/pood\\\/\"},{\"@type\":\"ListItem\",\"position\":3,\"name\":\"Audi TT 98-06 radiatoriaus ventiliatoriaus modulis\"}]},{\"@type\":\"WebSite\",\"@id\":\"https:\\\/\\\/erformance.eu\\\/et\\\/#website\",\"url\":\"https:\\\/\\\/erformance.eu\\\/et\\\/\",\"name\":\"Erformance.eu\",\"description\":\"Automobili\u0173 dali\u0173 parduotuv\u0117\",\"potentialAction\":[{\"@type\":\"SearchAction\",\"target\":{\"@type\":\"EntryPoint\",\"urlTemplate\":\"https:\\\/\\\/erformance.eu\\\/et\\\/?s={search_term_string}\"},\"query-input\":{\"@type\":\"PropertyValueSpecification\",\"valueRequired\":true,\"valueName\":\"search_term_string\"}}],\"inLanguage\":\"et\"}]}<\/script>\n<!-- \/ Yoast SEO Premium plugin. -->","yoast_head_json":{"title":"Audi TT 98-06 radiatoriaus ventiliatoriaus modulis - Erformance.eu","robots":{"index":"index","follow":"follow","max-snippet":"max-snippet:-1","max-image-preview":"max-image-preview:large","max-video-preview":"max-video-preview:-1"},"canonical":"https:\/\/erformance.eu\/et\/toode\/audi-tt-98-06-radiatoriaus-ventiliatoriaus-modulis\/","og_locale":"et_EE","og_type":"article","og_title":"Audi TT 98-06 radiatoriaus ventiliatoriaus modulis","og_description":"1. Prek\u0117: Ventiliatoriaus valdiklio modulis2. Gamintojas: pakeitimas3. Automobilis:*Audi A3 96-03*Audi TT 98-06","og_url":"https:\/\/erformance.eu\/et\/toode\/audi-tt-98-06-radiatoriaus-ventiliatoriaus-modulis\/","og_site_name":"Erformance.eu","article_modified_time":"2026-03-25T23:57:23+00:00","og_image":[{"width":1200,"height":1200,"url":"https:\/\/erformance.eu\/wp-content\/uploads\/2026\/02\/pol_pm_Audi-TT-98-06-modul-wentylatora-chlodnicy-35621_1.jpg","type":"image\/jpeg"}],"twitter_card":"summary_large_image","twitter_misc":{"Est. reading time":"1 minut"},"schema":{"@context":"https:\/\/schema.org","@graph":[{"@type":"WebPage","@id":"https:\/\/erformance.eu\/et\/toode\/audi-tt-98-06-radiatoriaus-ventiliatoriaus-modulis\/","url":"https:\/\/erformance.eu\/et\/toode\/audi-tt-98-06-radiatoriaus-ventiliatoriaus-modulis\/","name":"Audi TT 98-06 radiatoriaus ventiliatoriaus modulis - Erformance.eu","isPartOf":{"@id":"https:\/\/erformance.eu\/et\/#website"},"primaryImageOfPage":{"@id":"https:\/\/erformance.eu\/et\/toode\/audi-tt-98-06-radiatoriaus-ventiliatoriaus-modulis\/#primaryimage"},"image":{"@id":"https:\/\/erformance.eu\/et\/toode\/audi-tt-98-06-radiatoriaus-ventiliatoriaus-modulis\/#primaryimage"},"thumbnailUrl":"https:\/\/erformance.eu\/wp-content\/uploads\/2026\/02\/pol_pm_Audi-TT-98-06-modul-wentylatora-chlodnicy-35621_1.jpg","datePublished":"2026-02-16T11:22:38+00:00","dateModified":"2026-03-25T23:57:23+00:00","breadcrumb":{"@id":"https:\/\/erformance.eu\/et\/toode\/audi-tt-98-06-radiatoriaus-ventiliatoriaus-modulis\/#breadcrumb"},"inLanguage":"et","potentialAction":[{"@type":"ReadAction","target":["https:\/\/erformance.eu\/et\/toode\/audi-tt-98-06-radiatoriaus-ventiliatoriaus-modulis\/"]}]},{"@type":"ImageObject","inLanguage":"et","@id":"https:\/\/erformance.eu\/et\/toode\/audi-tt-98-06-radiatoriaus-ventiliatoriaus-modulis\/#primaryimage","url":"https:\/\/erformance.eu\/wp-content\/uploads\/2026\/02\/pol_pm_Audi-TT-98-06-modul-wentylatora-chlodnicy-35621_1.jpg","contentUrl":"https:\/\/erformance.eu\/wp-content\/uploads\/2026\/02\/pol_pm_Audi-TT-98-06-modul-wentylatora-chlodnicy-35621_1.jpg","width":1200,"height":1200},{"@type":"BreadcrumbList","@id":"https:\/\/erformance.eu\/et\/toode\/audi-tt-98-06-radiatoriaus-ventiliatoriaus-modulis\/#breadcrumb","itemListElement":[{"@type":"ListItem","position":1,"name":"Home","item":"https:\/\/erformance.eu\/et\/"},{"@type":"ListItem","position":2,"name":"Pood","item":"https:\/\/erformance.eu\/et\/pood\/"},{"@type":"ListItem","position":3,"name":"Audi TT 98-06 radiatoriaus ventiliatoriaus modulis"}]},{"@type":"WebSite","@id":"https:\/\/erformance.eu\/et\/#website","url":"https:\/\/erformance.eu\/et\/","name":"Erformance.eu","description":"Automobili\u0173 dali\u0173 parduotuv\u0117","potentialAction":[{"@type":"SearchAction","target":{"@type":"EntryPoint","urlTemplate":"https:\/\/erformance.eu\/et\/?s={search_term_string}"},"query-input":{"@type":"PropertyValueSpecification","valueRequired":true,"valueName":"search_term_string"}}],"inLanguage":"et"}]}},"jetpack_sharing_enabled":true,"_links":{"self":[{"href":"https:\/\/erformance.eu\/et\/wp-json\/wp\/v2\/product\/56852","targetHints":{"allow":["GET"]}}],"collection":[{"href":"https:\/\/erformance.eu\/et\/wp-json\/wp\/v2\/product"}],"about":[{"href":"https:\/\/erformance.eu\/et\/wp-json\/wp\/v2\/types\/product"}],"replies":[{"embeddable":true,"href":"https:\/\/erformance.eu\/et\/wp-json\/wp\/v2\/comments?post=56852"}],"version-history":[{"count":1,"href":"https:\/\/erformance.eu\/et\/wp-json\/wp\/v2\/product\/56852\/revisions"}],"predecessor-version":[{"id":56853,"href":"https:\/\/erformance.eu\/et\/wp-json\/wp\/v2\/product\/56852\/revisions\/56853"}],"wp:featuredmedia":[{"embeddable":true,"href":"https:\/\/erformance.eu\/et\/wp-json\/wp\/v2\/media\/51900"}],"wp:attachment":[{"href":"https:\/\/erformance.eu\/et\/wp-json\/wp\/v2\/media?parent=56852"}],"wp:term":[{"taxonomy":"product_brand","embeddable":true,"href":"https:\/\/erformance.eu\/et\/wp-json\/wp\/v2\/product_brand?post=56852"},{"taxonomy":"product_cat","embeddable":true,"href":"https:\/\/erformance.eu\/et\/wp-json\/wp\/v2\/product_cat?post=56852"},{"taxonomy":"product_tag","embeddable":true,"href":"https:\/\/erformance.eu\/et\/wp-json\/wp\/v2\/product_tag?post=56852"}],"curies":[{"name":"wp","href":"https:\/\/api.w.org\/{rel}","templated":true}]}}