{"id":56872,"date":"2026-02-16T14:22:50","date_gmt":"2026-02-16T11:22:50","guid":{"rendered":"https:\/\/erformance.eu\/?post_type=product&#038;p=56872"},"modified":"2026-03-12T11:32:04","modified_gmt":"2026-03-12T08:32:04","slug":"audi-a3-8v-13-20-kairysis-desinysis-posukio-veidrodelis-rukyti-dinaminiai-led-2-vnt-komplektas","status":"publish","type":"product","link":"https:\/\/erformance.eu\/et\/toode\/audi-a3-8v-13-20-kairysis-desinysis-posukio-veidrodelis-rukyti-dinaminiai-led-2-vnt-komplektas\/","title":{"rendered":"Audi A3 8V 13-20 kairysis + de\u0161inysis pos\u016bkio veidrod\u0117lis r\u016bkyti dinaminiai LED 2 vnt. komplektas"},"content":{"rendered":"<p>Prek\u0117: 1 pora (2 vnt.) d\u016bmini\u0173 dinamini\u0173 LED veidrod\u0117li\u0173 pos\u016bki\u0173 signal\u0173 (plaukiojantys pos\u016bki\u0173 signalai)<br \/>\n\u0160onas: 1 vnt. kair\u0117je + 1 vnt. de\u0161in\u0117je<br \/>\nAutomobilis: Audi A3 \/ S3 \/ RS3 (8V)<br \/>\nPagaminimo metai: 2013\u20132020<br \/>\nLemput\u0117: \u0161viesos diodai (\u012fmontuoti \u012f pos\u016bkio \u017eibint\u0105)<br \/>\n\u0160viestuvo gaubto spalva: d\u016bmin\u0117 juoda<br \/>\nLED spalva: oran\u017ein\u0117<br \/>\nHomologacija: turi<br \/>\nGamintojas: pakaitalas<br \/>\nTechnin\u0117 b\u016bkl\u0117: prek\u0117 yra visi\u0161kai nauja, nenaudota, nepa\u017eeista ir nesugadinta<br \/>\nPastaba: CAN magistral\u0117s sistema \u2013 perdegus lemputei klaidos prane\u0161im\u0173 nerodoma<\/p>\n","protected":false},"excerpt":{"rendered":"<p>1. Prek\u0117: 1 pora (2 vnt.) R\u016aKYT\u0172 DYNAMIC LED galinio vaizdo veidrod\u0117lio pos\u016bkio signal\u01732. \u0160onin\u0117 pus\u0117: kair\u0117 + de\u0161in\u01173. Gamintojas: pakeitimas4. Automobilis: Audi A3 8V5. Pagaminimo metai: 2013\u20132020<\/p>\n","protected":false},"featured_media":51984,"comment_status":"open","ping_status":"closed","template":"","meta":[],"product_brand":[],"product_cat":[3907,186,144,3947,4308,4269],"product_tag":[],"class_list":{"0":"post-56872","1":"product","2":"type-product","3":"status-publish","4":"has-post-thumbnail","6":"product_cat-audi-a3-8v","7":"product_cat-a3","8":"product_cat-audi","9":"product_cat-audi-a3-8v-isores-dalys","10":"product_cat-audi-a3-8v-veidrodeliai","11":"product_cat-audi-a3-8v-zibintai-apsvietimas","13":"first","14":"instock","15":"shipping-taxable","16":"purchasable","17":"product-type-simple"},"yoast_head":"<!-- This site is optimized with the Yoast SEO Premium plugin v25.2 (Yoast SEO v27.5) - https:\/\/yoast.com\/product\/yoast-seo-premium-wordpress\/ -->\n<title>Audi A3 8V 13-20 kairysis + de\u0161inysis pos\u016bkio veidrod\u0117lis r\u016bkyti dinaminiai LED 2 vnt. komplektas - Erformance.eu<\/title>\n<meta name=\"robots\" content=\"index, follow, max-snippet:-1, max-image-preview:large, max-video-preview:-1\" \/>\n<link rel=\"canonical\" href=\"https:\/\/erformance.eu\/et\/toode\/audi-a3-8v-13-20-kairysis-desinysis-posukio-veidrodelis-rukyti-dinaminiai-led-2-vnt-komplektas\/\" \/>\n<meta property=\"og:locale\" content=\"et_EE\" \/>\n<meta property=\"og:type\" content=\"article\" \/>\n<meta property=\"og:title\" content=\"Audi A3 8V 13-20 kairysis + de\u0161inysis pos\u016bkio veidrod\u0117lis r\u016bkyti dinaminiai LED 2 vnt. komplektas\" \/>\n<meta property=\"og:description\" content=\"1. Prek\u0117: 1 pora (2 vnt.) R\u016aKYT\u0172 DYNAMIC LED galinio vaizdo veidrod\u0117lio pos\u016bkio signal\u01732. \u0160onin\u0117 pus\u0117: kair\u0117 + de\u0161in\u01173. Gamintojas: pakeitimas4. Automobilis: Audi A3 8V5. Pagaminimo metai: 2013\u20132020\" \/>\n<meta property=\"og:url\" content=\"https:\/\/erformance.eu\/et\/toode\/audi-a3-8v-13-20-kairysis-desinysis-posukio-veidrodelis-rukyti-dinaminiai-led-2-vnt-komplektas\/\" \/>\n<meta property=\"og:site_name\" content=\"Erformance.eu\" \/>\n<meta property=\"article:modified_time\" content=\"2026-03-12T08:32:04+00:00\" \/>\n<meta property=\"og:image\" content=\"https:\/\/erformance.eu\/wp-content\/uploads\/2026\/02\/pol_pm_Audi-A3-8V-13-20-kierunkowskaz-w-lusterko-lewy-prawy-DYMIONY-DYNAMICZNY-LED-2-szt-KPL-28980_1.jpg\" \/>\n\t<meta property=\"og:image:width\" content=\"1200\" \/>\n\t<meta property=\"og:image:height\" content=\"1200\" \/>\n\t<meta property=\"og:image:type\" content=\"image\/jpeg\" \/>\n<meta name=\"twitter:card\" content=\"summary_large_image\" \/>\n<script type=\"application\/ld+json\" class=\"yoast-schema-graph\">{\"@context\":\"https:\\\/\\\/schema.org\",\"@graph\":[{\"@type\":\"WebPage\",\"@id\":\"https:\\\/\\\/erformance.eu\\\/et\\\/toode\\\/audi-a3-8v-13-20-kairysis-desinysis-posukio-veidrodelis-rukyti-dinaminiai-led-2-vnt-komplektas\\\/\",\"url\":\"https:\\\/\\\/erformance.eu\\\/et\\\/toode\\\/audi-a3-8v-13-20-kairysis-desinysis-posukio-veidrodelis-rukyti-dinaminiai-led-2-vnt-komplektas\\\/\",\"name\":\"Audi A3 8V 13-20 kairysis + de\u0161inysis pos\u016bkio veidrod\u0117lis r\u016bkyti dinaminiai LED 2 vnt. komplektas - Erformance.eu\",\"isPartOf\":{\"@id\":\"https:\\\/\\\/erformance.eu\\\/et\\\/#website\"},\"primaryImageOfPage\":{\"@id\":\"https:\\\/\\\/erformance.eu\\\/et\\\/toode\\\/audi-a3-8v-13-20-kairysis-desinysis-posukio-veidrodelis-rukyti-dinaminiai-led-2-vnt-komplektas\\\/#primaryimage\"},\"image\":{\"@id\":\"https:\\\/\\\/erformance.eu\\\/et\\\/toode\\\/audi-a3-8v-13-20-kairysis-desinysis-posukio-veidrodelis-rukyti-dinaminiai-led-2-vnt-komplektas\\\/#primaryimage\"},\"thumbnailUrl\":\"https:\\\/\\\/erformance.eu\\\/wp-content\\\/uploads\\\/2026\\\/02\\\/pol_pm_Audi-A3-8V-13-20-kierunkowskaz-w-lusterko-lewy-prawy-DYMIONY-DYNAMICZNY-LED-2-szt-KPL-28980_1.jpg\",\"datePublished\":\"2026-02-16T11:22:50+00:00\",\"dateModified\":\"2026-03-12T08:32:04+00:00\",\"breadcrumb\":{\"@id\":\"https:\\\/\\\/erformance.eu\\\/et\\\/toode\\\/audi-a3-8v-13-20-kairysis-desinysis-posukio-veidrodelis-rukyti-dinaminiai-led-2-vnt-komplektas\\\/#breadcrumb\"},\"inLanguage\":\"et\",\"potentialAction\":[{\"@type\":\"ReadAction\",\"target\":[\"https:\\\/\\\/erformance.eu\\\/et\\\/toode\\\/audi-a3-8v-13-20-kairysis-desinysis-posukio-veidrodelis-rukyti-dinaminiai-led-2-vnt-komplektas\\\/\"]}]},{\"@type\":\"ImageObject\",\"inLanguage\":\"et\",\"@id\":\"https:\\\/\\\/erformance.eu\\\/et\\\/toode\\\/audi-a3-8v-13-20-kairysis-desinysis-posukio-veidrodelis-rukyti-dinaminiai-led-2-vnt-komplektas\\\/#primaryimage\",\"url\":\"https:\\\/\\\/erformance.eu\\\/wp-content\\\/uploads\\\/2026\\\/02\\\/pol_pm_Audi-A3-8V-13-20-kierunkowskaz-w-lusterko-lewy-prawy-DYMIONY-DYNAMICZNY-LED-2-szt-KPL-28980_1.jpg\",\"contentUrl\":\"https:\\\/\\\/erformance.eu\\\/wp-content\\\/uploads\\\/2026\\\/02\\\/pol_pm_Audi-A3-8V-13-20-kierunkowskaz-w-lusterko-lewy-prawy-DYMIONY-DYNAMICZNY-LED-2-szt-KPL-28980_1.jpg\",\"width\":1200,\"height\":1200},{\"@type\":\"BreadcrumbList\",\"@id\":\"https:\\\/\\\/erformance.eu\\\/et\\\/toode\\\/audi-a3-8v-13-20-kairysis-desinysis-posukio-veidrodelis-rukyti-dinaminiai-led-2-vnt-komplektas\\\/#breadcrumb\",\"itemListElement\":[{\"@type\":\"ListItem\",\"position\":1,\"name\":\"Home\",\"item\":\"https:\\\/\\\/erformance.eu\\\/et\\\/\"},{\"@type\":\"ListItem\",\"position\":2,\"name\":\"Pood\",\"item\":\"https:\\\/\\\/erformance.eu\\\/et\\\/pood\\\/\"},{\"@type\":\"ListItem\",\"position\":3,\"name\":\"Audi A3 8V 13-20 kairysis + de\u0161inysis pos\u016bkio veidrod\u0117lis r\u016bkyti dinaminiai LED 2 vnt. komplektas\"}]},{\"@type\":\"WebSite\",\"@id\":\"https:\\\/\\\/erformance.eu\\\/et\\\/#website\",\"url\":\"https:\\\/\\\/erformance.eu\\\/et\\\/\",\"name\":\"Erformance.eu\",\"description\":\"Automobili\u0173 dali\u0173 parduotuv\u0117\",\"potentialAction\":[{\"@type\":\"SearchAction\",\"target\":{\"@type\":\"EntryPoint\",\"urlTemplate\":\"https:\\\/\\\/erformance.eu\\\/et\\\/?s={search_term_string}\"},\"query-input\":{\"@type\":\"PropertyValueSpecification\",\"valueRequired\":true,\"valueName\":\"search_term_string\"}}],\"inLanguage\":\"et\"}]}<\/script>\n<!-- \/ Yoast SEO Premium plugin. -->","yoast_head_json":{"title":"Audi A3 8V 13-20 kairysis + de\u0161inysis pos\u016bkio veidrod\u0117lis r\u016bkyti dinaminiai LED 2 vnt. komplektas - Erformance.eu","robots":{"index":"index","follow":"follow","max-snippet":"max-snippet:-1","max-image-preview":"max-image-preview:large","max-video-preview":"max-video-preview:-1"},"canonical":"https:\/\/erformance.eu\/et\/toode\/audi-a3-8v-13-20-kairysis-desinysis-posukio-veidrodelis-rukyti-dinaminiai-led-2-vnt-komplektas\/","og_locale":"et_EE","og_type":"article","og_title":"Audi A3 8V 13-20 kairysis + de\u0161inysis pos\u016bkio veidrod\u0117lis r\u016bkyti dinaminiai LED 2 vnt. komplektas","og_description":"1. Prek\u0117: 1 pora (2 vnt.) R\u016aKYT\u0172 DYNAMIC LED galinio vaizdo veidrod\u0117lio pos\u016bkio signal\u01732. \u0160onin\u0117 pus\u0117: kair\u0117 + de\u0161in\u01173. Gamintojas: pakeitimas4. Automobilis: Audi A3 8V5. Pagaminimo metai: 2013\u20132020","og_url":"https:\/\/erformance.eu\/et\/toode\/audi-a3-8v-13-20-kairysis-desinysis-posukio-veidrodelis-rukyti-dinaminiai-led-2-vnt-komplektas\/","og_site_name":"Erformance.eu","article_modified_time":"2026-03-12T08:32:04+00:00","og_image":[{"width":1200,"height":1200,"url":"https:\/\/erformance.eu\/wp-content\/uploads\/2026\/02\/pol_pm_Audi-A3-8V-13-20-kierunkowskaz-w-lusterko-lewy-prawy-DYMIONY-DYNAMICZNY-LED-2-szt-KPL-28980_1.jpg","type":"image\/jpeg"}],"twitter_card":"summary_large_image","schema":{"@context":"https:\/\/schema.org","@graph":[{"@type":"WebPage","@id":"https:\/\/erformance.eu\/et\/toode\/audi-a3-8v-13-20-kairysis-desinysis-posukio-veidrodelis-rukyti-dinaminiai-led-2-vnt-komplektas\/","url":"https:\/\/erformance.eu\/et\/toode\/audi-a3-8v-13-20-kairysis-desinysis-posukio-veidrodelis-rukyti-dinaminiai-led-2-vnt-komplektas\/","name":"Audi A3 8V 13-20 kairysis + de\u0161inysis pos\u016bkio veidrod\u0117lis r\u016bkyti dinaminiai LED 2 vnt. komplektas - Erformance.eu","isPartOf":{"@id":"https:\/\/erformance.eu\/et\/#website"},"primaryImageOfPage":{"@id":"https:\/\/erformance.eu\/et\/toode\/audi-a3-8v-13-20-kairysis-desinysis-posukio-veidrodelis-rukyti-dinaminiai-led-2-vnt-komplektas\/#primaryimage"},"image":{"@id":"https:\/\/erformance.eu\/et\/toode\/audi-a3-8v-13-20-kairysis-desinysis-posukio-veidrodelis-rukyti-dinaminiai-led-2-vnt-komplektas\/#primaryimage"},"thumbnailUrl":"https:\/\/erformance.eu\/wp-content\/uploads\/2026\/02\/pol_pm_Audi-A3-8V-13-20-kierunkowskaz-w-lusterko-lewy-prawy-DYMIONY-DYNAMICZNY-LED-2-szt-KPL-28980_1.jpg","datePublished":"2026-02-16T11:22:50+00:00","dateModified":"2026-03-12T08:32:04+00:00","breadcrumb":{"@id":"https:\/\/erformance.eu\/et\/toode\/audi-a3-8v-13-20-kairysis-desinysis-posukio-veidrodelis-rukyti-dinaminiai-led-2-vnt-komplektas\/#breadcrumb"},"inLanguage":"et","potentialAction":[{"@type":"ReadAction","target":["https:\/\/erformance.eu\/et\/toode\/audi-a3-8v-13-20-kairysis-desinysis-posukio-veidrodelis-rukyti-dinaminiai-led-2-vnt-komplektas\/"]}]},{"@type":"ImageObject","inLanguage":"et","@id":"https:\/\/erformance.eu\/et\/toode\/audi-a3-8v-13-20-kairysis-desinysis-posukio-veidrodelis-rukyti-dinaminiai-led-2-vnt-komplektas\/#primaryimage","url":"https:\/\/erformance.eu\/wp-content\/uploads\/2026\/02\/pol_pm_Audi-A3-8V-13-20-kierunkowskaz-w-lusterko-lewy-prawy-DYMIONY-DYNAMICZNY-LED-2-szt-KPL-28980_1.jpg","contentUrl":"https:\/\/erformance.eu\/wp-content\/uploads\/2026\/02\/pol_pm_Audi-A3-8V-13-20-kierunkowskaz-w-lusterko-lewy-prawy-DYMIONY-DYNAMICZNY-LED-2-szt-KPL-28980_1.jpg","width":1200,"height":1200},{"@type":"BreadcrumbList","@id":"https:\/\/erformance.eu\/et\/toode\/audi-a3-8v-13-20-kairysis-desinysis-posukio-veidrodelis-rukyti-dinaminiai-led-2-vnt-komplektas\/#breadcrumb","itemListElement":[{"@type":"ListItem","position":1,"name":"Home","item":"https:\/\/erformance.eu\/et\/"},{"@type":"ListItem","position":2,"name":"Pood","item":"https:\/\/erformance.eu\/et\/pood\/"},{"@type":"ListItem","position":3,"name":"Audi A3 8V 13-20 kairysis + de\u0161inysis pos\u016bkio veidrod\u0117lis r\u016bkyti dinaminiai LED 2 vnt. komplektas"}]},{"@type":"WebSite","@id":"https:\/\/erformance.eu\/et\/#website","url":"https:\/\/erformance.eu\/et\/","name":"Erformance.eu","description":"Automobili\u0173 dali\u0173 parduotuv\u0117","potentialAction":[{"@type":"SearchAction","target":{"@type":"EntryPoint","urlTemplate":"https:\/\/erformance.eu\/et\/?s={search_term_string}"},"query-input":{"@type":"PropertyValueSpecification","valueRequired":true,"valueName":"search_term_string"}}],"inLanguage":"et"}]}},"jetpack_sharing_enabled":true,"_links":{"self":[{"href":"https:\/\/erformance.eu\/et\/wp-json\/wp\/v2\/product\/56872","targetHints":{"allow":["GET"]}}],"collection":[{"href":"https:\/\/erformance.eu\/et\/wp-json\/wp\/v2\/product"}],"about":[{"href":"https:\/\/erformance.eu\/et\/wp-json\/wp\/v2\/types\/product"}],"replies":[{"embeddable":true,"href":"https:\/\/erformance.eu\/et\/wp-json\/wp\/v2\/comments?post=56872"}],"version-history":[{"count":1,"href":"https:\/\/erformance.eu\/et\/wp-json\/wp\/v2\/product\/56872\/revisions"}],"predecessor-version":[{"id":56873,"href":"https:\/\/erformance.eu\/et\/wp-json\/wp\/v2\/product\/56872\/revisions\/56873"}],"wp:featuredmedia":[{"embeddable":true,"href":"https:\/\/erformance.eu\/et\/wp-json\/wp\/v2\/media\/51984"}],"wp:attachment":[{"href":"https:\/\/erformance.eu\/et\/wp-json\/wp\/v2\/media?parent=56872"}],"wp:term":[{"taxonomy":"product_brand","embeddable":true,"href":"https:\/\/erformance.eu\/et\/wp-json\/wp\/v2\/product_brand?post=56872"},{"taxonomy":"product_cat","embeddable":true,"href":"https:\/\/erformance.eu\/et\/wp-json\/wp\/v2\/product_cat?post=56872"},{"taxonomy":"product_tag","embeddable":true,"href":"https:\/\/erformance.eu\/et\/wp-json\/wp\/v2\/product_tag?post=56872"}],"curies":[{"name":"wp","href":"https:\/\/api.w.org\/{rel}","templated":true}]}}