{"id":56878,"date":"2026-02-16T14:22:53","date_gmt":"2026-02-16T11:22:53","guid":{"rendered":"https:\/\/erformance.eu\/?post_type=product&#038;p=56878"},"modified":"2026-03-26T02:29:00","modified_gmt":"2026-03-25T23:29:00","slug":"audi-q7-4l-09-15-apatines-groteles-priekiniame-bamperio-viduryje-juodos","status":"publish","type":"product","link":"https:\/\/erformance.eu\/et\/toode\/audi-q7-4l-09-15-apatines-groteles-priekiniame-bamperio-viduryje-juodos\/","title":{"rendered":"Audi Q7 4L 09-15 apatin\u0117s grotel\u0117s priekiniame bamperio viduryje JUODOS"},"content":{"rendered":"<p>Prek\u0117: apatin\u0117s priekinio bamperio grotel\u0117s, centre<br \/>\nOE numeris: 4L0807683C<br \/>\nPASTABA: auk\u0161\u010diau pateikti numeriai yra original\u016bs dali\u0173 numeriai, kuriuos \u0161is pasi\u016blymas pakei\u010dia. Prie\u0161 pirkdami, palyginkite juos su originaliu dalies numeriu. Jei jie skiriasi net vienu simboliu, dalis netiks, neveiks arba veiks netinkamai. Tokiu atveju jos nepirkite.<br \/>\nAutomobilis:<br \/>\nAudi Q7 4L, 2009\u20132015 m.<\/p>\n<p>Q7 (4LB) 3.0 TDI quattro (BUN CASB) 2967ccm 211KM\/155kW 2006\/03-2010\/05<br \/>\nQ7 (4LB) 3.0 TDI quattro (CASA CCMA CJGA CNRB) 2967ccm 240KM \/ 176kW 2007\/11-2015\/08<br \/>\nQ7 (4LB) 3.0 TDI quattro (CATA) 2967ccm 224KM\/165kW 2009\/06-2012\/05<br \/>\nQ7 (4LB) 3.0 TDI quattro (CJGC CJMA) 2967ccm 204KM\/150kW 2010\/05-2015\/08<br \/>\nQ7 (4LB) 3.0 TDI quattro (CJGD CLZB CRCA) 2967ccm 245KM\/180kW 2011\/05-2015\/08<br \/>\nQ7 (4LB) 3.0 TFSI quattro (CJTB CJWB CNAA CTWA) 2995ccm 333KM\/245kW 2010\/05-2015\/08<br \/>\nQ7 (4LB) 3.0 TFSI quattro (CJTC CJWC) 2995ccm 272KM \/ 200kW 2010\/05-2015\/08<br \/>\nQ7 (4LB) 3.0 TFSI quattro (CJWE CTWB) 2995ccm 280KM\/206kW 2011\/05-2015\/08<br \/>\nQ7 (4LB) 3.6 FSI quattro (BHK) 3597ccm 280KM\/206kW 2006\/08-2010\/05<br \/>\nQ7 (4LB) 4.2 FSI quattro (BAR) 4163ccm 350KM\/257kW 2006\/03-2010\/05<br \/>\nQ7 (4LB) 4.2 TDI quattro (CCFA CCFC) 4134ccm 340KM\/250kW 2009\/05-2015\/08<br \/>\nQ7 (4LB) 6.0 TDI quattro (CCGA) 5934ccm 500km\/368kW 2008\/09-2014\/05<\/p>\n<p>Spalva: juoda<br \/>\nGamintojas: pakaitalas<br \/>\nTechnin\u0117 b\u016bkl\u0117: prek\u0117 yra visi\u0161kai nauja, nenaudota, nepa\u017eeista ir nesugadinta<\/p>\n","protected":false},"excerpt":{"rendered":"<p>1. Prek\u0117: Apatin\u0117s priekinio bamperio grotel\u0117s, centre2. Gamintojas: pakeitimas3. Spalva: juoda4. Automobilis: Audi Q7 4L5. Pagaminimo metai: 2009\u20132015<\/p>\n","protected":false},"featured_media":52020,"comment_status":"open","ping_status":"closed","template":"","meta":[],"product_brand":[],"product_cat":[3930,144,4097,4136,3970,400],"product_tag":[],"class_list":{"0":"post-56878","1":"product","2":"type-product","3":"status-publish","4":"has-post-thumbnail","6":"product_cat-audi-q7-4l","7":"product_cat-audi","8":"product_cat-audi-q7-4l-bamperiai-ju-dalys","9":"product_cat-audi-q7-4l-isores-groteles","10":"product_cat-audi-q7-4l-isores-dalys","11":"product_cat-audi-q7","13":"first","14":"instock","15":"shipping-taxable","16":"purchasable","17":"product-type-simple"},"yoast_head":"<!-- This site is optimized with the Yoast SEO Premium plugin v25.2 (Yoast SEO v27.4) - https:\/\/yoast.com\/product\/yoast-seo-premium-wordpress\/ -->\n<title>Audi Q7 4L 09-15 apatin\u0117s grotel\u0117s priekiniame bamperio viduryje JUODOS - Erformance.eu<\/title>\n<meta name=\"robots\" content=\"index, follow, max-snippet:-1, max-image-preview:large, max-video-preview:-1\" \/>\n<link rel=\"canonical\" href=\"https:\/\/erformance.eu\/et\/toode\/audi-q7-4l-09-15-apatines-groteles-priekiniame-bamperio-viduryje-juodos\/\" \/>\n<meta property=\"og:locale\" content=\"et_EE\" \/>\n<meta property=\"og:type\" content=\"article\" \/>\n<meta property=\"og:title\" content=\"Audi Q7 4L 09-15 apatin\u0117s grotel\u0117s priekiniame bamperio viduryje JUODOS\" \/>\n<meta property=\"og:description\" content=\"1. Prek\u0117: Apatin\u0117s priekinio bamperio grotel\u0117s, centre2. Gamintojas: pakeitimas3. Spalva: juoda4. Automobilis: Audi Q7 4L5. Pagaminimo metai: 2009\u20132015\" \/>\n<meta property=\"og:url\" content=\"https:\/\/erformance.eu\/et\/toode\/audi-q7-4l-09-15-apatines-groteles-priekiniame-bamperio-viduryje-juodos\/\" \/>\n<meta property=\"og:site_name\" content=\"Erformance.eu\" \/>\n<meta property=\"article:modified_time\" content=\"2026-03-25T23:29:00+00:00\" \/>\n<meta property=\"og:image\" content=\"https:\/\/erformance.eu\/wp-content\/uploads\/2026\/02\/pol_pm_Audi-Q7-4L-09-15-atrapa-kratka-dolna-w-zderzak-przedni-srodkowa-CZARNA-20373_1.jpg\" \/>\n\t<meta property=\"og:image:width\" content=\"1200\" \/>\n\t<meta property=\"og:image:height\" content=\"900\" \/>\n\t<meta property=\"og:image:type\" content=\"image\/jpeg\" \/>\n<meta name=\"twitter:card\" content=\"summary_large_image\" \/>\n<meta name=\"twitter:label1\" content=\"Est. reading time\" \/>\n\t<meta name=\"twitter:data1\" content=\"1 minut\" \/>\n<script type=\"application\/ld+json\" class=\"yoast-schema-graph\">{\"@context\":\"https:\\\/\\\/schema.org\",\"@graph\":[{\"@type\":\"WebPage\",\"@id\":\"https:\\\/\\\/erformance.eu\\\/et\\\/toode\\\/audi-q7-4l-09-15-apatines-groteles-priekiniame-bamperio-viduryje-juodos\\\/\",\"url\":\"https:\\\/\\\/erformance.eu\\\/et\\\/toode\\\/audi-q7-4l-09-15-apatines-groteles-priekiniame-bamperio-viduryje-juodos\\\/\",\"name\":\"Audi Q7 4L 09-15 apatin\u0117s grotel\u0117s priekiniame bamperio viduryje JUODOS - Erformance.eu\",\"isPartOf\":{\"@id\":\"https:\\\/\\\/erformance.eu\\\/et\\\/#website\"},\"primaryImageOfPage\":{\"@id\":\"https:\\\/\\\/erformance.eu\\\/et\\\/toode\\\/audi-q7-4l-09-15-apatines-groteles-priekiniame-bamperio-viduryje-juodos\\\/#primaryimage\"},\"image\":{\"@id\":\"https:\\\/\\\/erformance.eu\\\/et\\\/toode\\\/audi-q7-4l-09-15-apatines-groteles-priekiniame-bamperio-viduryje-juodos\\\/#primaryimage\"},\"thumbnailUrl\":\"https:\\\/\\\/erformance.eu\\\/wp-content\\\/uploads\\\/2026\\\/02\\\/pol_pm_Audi-Q7-4L-09-15-atrapa-kratka-dolna-w-zderzak-przedni-srodkowa-CZARNA-20373_1.jpg\",\"datePublished\":\"2026-02-16T11:22:53+00:00\",\"dateModified\":\"2026-03-25T23:29:00+00:00\",\"breadcrumb\":{\"@id\":\"https:\\\/\\\/erformance.eu\\\/et\\\/toode\\\/audi-q7-4l-09-15-apatines-groteles-priekiniame-bamperio-viduryje-juodos\\\/#breadcrumb\"},\"inLanguage\":\"et\",\"potentialAction\":[{\"@type\":\"ReadAction\",\"target\":[\"https:\\\/\\\/erformance.eu\\\/et\\\/toode\\\/audi-q7-4l-09-15-apatines-groteles-priekiniame-bamperio-viduryje-juodos\\\/\"]}]},{\"@type\":\"ImageObject\",\"inLanguage\":\"et\",\"@id\":\"https:\\\/\\\/erformance.eu\\\/et\\\/toode\\\/audi-q7-4l-09-15-apatines-groteles-priekiniame-bamperio-viduryje-juodos\\\/#primaryimage\",\"url\":\"https:\\\/\\\/erformance.eu\\\/wp-content\\\/uploads\\\/2026\\\/02\\\/pol_pm_Audi-Q7-4L-09-15-atrapa-kratka-dolna-w-zderzak-przedni-srodkowa-CZARNA-20373_1.jpg\",\"contentUrl\":\"https:\\\/\\\/erformance.eu\\\/wp-content\\\/uploads\\\/2026\\\/02\\\/pol_pm_Audi-Q7-4L-09-15-atrapa-kratka-dolna-w-zderzak-przedni-srodkowa-CZARNA-20373_1.jpg\",\"width\":1200,\"height\":900},{\"@type\":\"BreadcrumbList\",\"@id\":\"https:\\\/\\\/erformance.eu\\\/et\\\/toode\\\/audi-q7-4l-09-15-apatines-groteles-priekiniame-bamperio-viduryje-juodos\\\/#breadcrumb\",\"itemListElement\":[{\"@type\":\"ListItem\",\"position\":1,\"name\":\"Home\",\"item\":\"https:\\\/\\\/erformance.eu\\\/et\\\/\"},{\"@type\":\"ListItem\",\"position\":2,\"name\":\"Pood\",\"item\":\"https:\\\/\\\/erformance.eu\\\/et\\\/pood\\\/\"},{\"@type\":\"ListItem\",\"position\":3,\"name\":\"Audi Q7 4L 09-15 apatin\u0117s grotel\u0117s priekiniame bamperio viduryje JUODOS\"}]},{\"@type\":\"WebSite\",\"@id\":\"https:\\\/\\\/erformance.eu\\\/et\\\/#website\",\"url\":\"https:\\\/\\\/erformance.eu\\\/et\\\/\",\"name\":\"Erformance.eu\",\"description\":\"Automobili\u0173 dali\u0173 parduotuv\u0117\",\"potentialAction\":[{\"@type\":\"SearchAction\",\"target\":{\"@type\":\"EntryPoint\",\"urlTemplate\":\"https:\\\/\\\/erformance.eu\\\/et\\\/?s={search_term_string}\"},\"query-input\":{\"@type\":\"PropertyValueSpecification\",\"valueRequired\":true,\"valueName\":\"search_term_string\"}}],\"inLanguage\":\"et\"}]}<\/script>\n<!-- \/ Yoast SEO Premium plugin. -->","yoast_head_json":{"title":"Audi Q7 4L 09-15 apatin\u0117s grotel\u0117s priekiniame bamperio viduryje JUODOS - Erformance.eu","robots":{"index":"index","follow":"follow","max-snippet":"max-snippet:-1","max-image-preview":"max-image-preview:large","max-video-preview":"max-video-preview:-1"},"canonical":"https:\/\/erformance.eu\/et\/toode\/audi-q7-4l-09-15-apatines-groteles-priekiniame-bamperio-viduryje-juodos\/","og_locale":"et_EE","og_type":"article","og_title":"Audi Q7 4L 09-15 apatin\u0117s grotel\u0117s priekiniame bamperio viduryje JUODOS","og_description":"1. Prek\u0117: Apatin\u0117s priekinio bamperio grotel\u0117s, centre2. Gamintojas: pakeitimas3. Spalva: juoda4. Automobilis: Audi Q7 4L5. Pagaminimo metai: 2009\u20132015","og_url":"https:\/\/erformance.eu\/et\/toode\/audi-q7-4l-09-15-apatines-groteles-priekiniame-bamperio-viduryje-juodos\/","og_site_name":"Erformance.eu","article_modified_time":"2026-03-25T23:29:00+00:00","og_image":[{"width":1200,"height":900,"url":"https:\/\/erformance.eu\/wp-content\/uploads\/2026\/02\/pol_pm_Audi-Q7-4L-09-15-atrapa-kratka-dolna-w-zderzak-przedni-srodkowa-CZARNA-20373_1.jpg","type":"image\/jpeg"}],"twitter_card":"summary_large_image","twitter_misc":{"Est. reading time":"1 minut"},"schema":{"@context":"https:\/\/schema.org","@graph":[{"@type":"WebPage","@id":"https:\/\/erformance.eu\/et\/toode\/audi-q7-4l-09-15-apatines-groteles-priekiniame-bamperio-viduryje-juodos\/","url":"https:\/\/erformance.eu\/et\/toode\/audi-q7-4l-09-15-apatines-groteles-priekiniame-bamperio-viduryje-juodos\/","name":"Audi Q7 4L 09-15 apatin\u0117s grotel\u0117s priekiniame bamperio viduryje JUODOS - Erformance.eu","isPartOf":{"@id":"https:\/\/erformance.eu\/et\/#website"},"primaryImageOfPage":{"@id":"https:\/\/erformance.eu\/et\/toode\/audi-q7-4l-09-15-apatines-groteles-priekiniame-bamperio-viduryje-juodos\/#primaryimage"},"image":{"@id":"https:\/\/erformance.eu\/et\/toode\/audi-q7-4l-09-15-apatines-groteles-priekiniame-bamperio-viduryje-juodos\/#primaryimage"},"thumbnailUrl":"https:\/\/erformance.eu\/wp-content\/uploads\/2026\/02\/pol_pm_Audi-Q7-4L-09-15-atrapa-kratka-dolna-w-zderzak-przedni-srodkowa-CZARNA-20373_1.jpg","datePublished":"2026-02-16T11:22:53+00:00","dateModified":"2026-03-25T23:29:00+00:00","breadcrumb":{"@id":"https:\/\/erformance.eu\/et\/toode\/audi-q7-4l-09-15-apatines-groteles-priekiniame-bamperio-viduryje-juodos\/#breadcrumb"},"inLanguage":"et","potentialAction":[{"@type":"ReadAction","target":["https:\/\/erformance.eu\/et\/toode\/audi-q7-4l-09-15-apatines-groteles-priekiniame-bamperio-viduryje-juodos\/"]}]},{"@type":"ImageObject","inLanguage":"et","@id":"https:\/\/erformance.eu\/et\/toode\/audi-q7-4l-09-15-apatines-groteles-priekiniame-bamperio-viduryje-juodos\/#primaryimage","url":"https:\/\/erformance.eu\/wp-content\/uploads\/2026\/02\/pol_pm_Audi-Q7-4L-09-15-atrapa-kratka-dolna-w-zderzak-przedni-srodkowa-CZARNA-20373_1.jpg","contentUrl":"https:\/\/erformance.eu\/wp-content\/uploads\/2026\/02\/pol_pm_Audi-Q7-4L-09-15-atrapa-kratka-dolna-w-zderzak-przedni-srodkowa-CZARNA-20373_1.jpg","width":1200,"height":900},{"@type":"BreadcrumbList","@id":"https:\/\/erformance.eu\/et\/toode\/audi-q7-4l-09-15-apatines-groteles-priekiniame-bamperio-viduryje-juodos\/#breadcrumb","itemListElement":[{"@type":"ListItem","position":1,"name":"Home","item":"https:\/\/erformance.eu\/et\/"},{"@type":"ListItem","position":2,"name":"Pood","item":"https:\/\/erformance.eu\/et\/pood\/"},{"@type":"ListItem","position":3,"name":"Audi Q7 4L 09-15 apatin\u0117s grotel\u0117s priekiniame bamperio viduryje JUODOS"}]},{"@type":"WebSite","@id":"https:\/\/erformance.eu\/et\/#website","url":"https:\/\/erformance.eu\/et\/","name":"Erformance.eu","description":"Automobili\u0173 dali\u0173 parduotuv\u0117","potentialAction":[{"@type":"SearchAction","target":{"@type":"EntryPoint","urlTemplate":"https:\/\/erformance.eu\/et\/?s={search_term_string}"},"query-input":{"@type":"PropertyValueSpecification","valueRequired":true,"valueName":"search_term_string"}}],"inLanguage":"et"}]}},"jetpack_sharing_enabled":true,"_links":{"self":[{"href":"https:\/\/erformance.eu\/et\/wp-json\/wp\/v2\/product\/56878","targetHints":{"allow":["GET"]}}],"collection":[{"href":"https:\/\/erformance.eu\/et\/wp-json\/wp\/v2\/product"}],"about":[{"href":"https:\/\/erformance.eu\/et\/wp-json\/wp\/v2\/types\/product"}],"replies":[{"embeddable":true,"href":"https:\/\/erformance.eu\/et\/wp-json\/wp\/v2\/comments?post=56878"}],"version-history":[{"count":1,"href":"https:\/\/erformance.eu\/et\/wp-json\/wp\/v2\/product\/56878\/revisions"}],"predecessor-version":[{"id":56879,"href":"https:\/\/erformance.eu\/et\/wp-json\/wp\/v2\/product\/56878\/revisions\/56879"}],"wp:featuredmedia":[{"embeddable":true,"href":"https:\/\/erformance.eu\/et\/wp-json\/wp\/v2\/media\/52020"}],"wp:attachment":[{"href":"https:\/\/erformance.eu\/et\/wp-json\/wp\/v2\/media?parent=56878"}],"wp:term":[{"taxonomy":"product_brand","embeddable":true,"href":"https:\/\/erformance.eu\/et\/wp-json\/wp\/v2\/product_brand?post=56878"},{"taxonomy":"product_cat","embeddable":true,"href":"https:\/\/erformance.eu\/et\/wp-json\/wp\/v2\/product_cat?post=56878"},{"taxonomy":"product_tag","embeddable":true,"href":"https:\/\/erformance.eu\/et\/wp-json\/wp\/v2\/product_tag?post=56878"}],"curies":[{"name":"wp","href":"https:\/\/api.w.org\/{rel}","templated":true}]}}