{"id":56910,"date":"2026-02-16T14:23:14","date_gmt":"2026-02-16T11:23:14","guid":{"rendered":"https:\/\/erformance.eu\/?post_type=product&#038;p=56910"},"modified":"2026-03-12T11:31:28","modified_gmt":"2026-03-12T08:31:28","slug":"audi-a3-8p-a4-b7-tt-8j-1-6-1-9-2-0-tdi-oro-isiurbimo-kreiptuvas","status":"publish","type":"product","link":"https:\/\/erformance.eu\/et\/toode\/audi-a3-8p-a4-b7-tt-8j-1-6-1-9-2-0-tdi-oro-isiurbimo-kreiptuvas\/","title":{"rendered":"Audi A3 8P A4 B7 TT 8J 1.6 1.9 2.0 TDI oro \u012fsiurbimo kreiptuvas"},"content":{"rendered":"<p>Tema: oro \u012fsiurbimo kreiptuvas<br \/>\nOriginalus numeris:<\/p>\n<p>1K0805971C<br \/>\n1K0805971C9B9<br \/>\n1K0805965J<br \/>\n1K0805962E<\/p>\n<p>PASTABA: auk\u0161\u010diau pateikti numeriai yra original\u016bs dali\u0173 numeriai, kuriuos \u0161is pasi\u016blymas pakei\u010dia. Prie\u0161 pirkdami, palyginkite juos su originaliu dalies numeriu. Jei jie skiriasi net vienu simboliu, dalis netiks, neveiks arba veiks netinkamai. Tokiu atveju jos nepirkite.<br \/>\nAutomobilis:<\/p>\n<p>\u201eAudi A3 8P\u201c, gamybos metai: 2004\u20132013<br \/>\nAudi A4 B7, gamybos metai: 2004-2008<br \/>\nAudi TT 8J, pagaminimo metai: 2006\u20132014<br \/>\n\u201eSeat Altea\u201c, modeliai, pagaminti nuo 2004 m.<br \/>\n\u201eSeat Leon II\u201c, gamybos metai: 2006\u20132013<br \/>\n\u201eSeat Toledo III\u201c, gamybos metai: 2005\u20132009<br \/>\n\u201eSkoda Octavia II\u201c, gamybos metai: 2004\u20132013<br \/>\n\u201eSkoda Superb II\u201c, gamybos metai: 2008\u20132015<br \/>\n\u201eSkoda Yeti\u201c, gamybos metai: 2009\u20132017<br \/>\nVW Beetle, modeliai, pagaminti nuo 2012 m.<br \/>\nVW Caddy III, modeliai, pagaminti nuo 2011 m.<br \/>\nVW Eos, gamybos metai: 2006\u20132013<br \/>\nVW Golf V, pagaminimo metai: 2004\u20132009<br \/>\nVW Golf VI, pagaminimo metai: 2009\u20132012<br \/>\nVW Golf PLUS, pagaminimo metai: 2005\u20132009<br \/>\nVW Jetta III, pagaminimo metai: 2005\u20132010<br \/>\nVW Jetta IV, pagaminimo metai: 2010\u20132015<br \/>\nVW Passat B7, pagaminimo metai: 2013\u20132016<br \/>\nVW Scirocco, modeliai, pagaminti nuo 2009 m.<br \/>\nVW Touran, gamybos metai: 2011\u20132015<\/p>\n<p>Variklis:<\/p>\n<p>1.6 TDI<br \/>\n1.9 TDI<br \/>\n2.0 TDI<\/p>\n<p>Gamintojas: pakaitalas<br \/>\nTechnin\u0117 b\u016bkl\u0117: prek\u0117 yra visi\u0161kai nauja, nenaudota, nepa\u017eeista ir nesugadinta<\/p>\n","protected":false},"excerpt":{"rendered":"<p>1. Prek\u0117: Oro \u012fsiurbimo kreiptuvas2. Gamintojas: pakeitimas3. Automobilis:* Audi A3 8P 04\u201313* Audi A4 B7 04-08* Audi TT 8J 06-144. Variklis:* 1,6 TDI* 1,9 TDI* 2.0 TDI<\/p>\n","protected":false},"featured_media":52148,"comment_status":"open","ping_status":"closed","template":"","meta":[],"product_brand":[],"product_cat":[3933,3906,186,390,144,3910,3946,3950,3973,4178,4151,4155,401],"product_tag":[],"class_list":{"0":"post-56910","1":"product","2":"type-product","3":"status-publish","4":"has-post-thumbnail","6":"product_cat-audi-tt-8j","7":"product_cat-audi-a3-8p","8":"product_cat-a3","9":"product_cat-audi-a4","10":"product_cat-audi","11":"product_cat-audi-a4-b7","12":"product_cat-audi-a3-8p-isores-dalys","13":"product_cat-audi-a4-b7-isores-dalys","14":"product_cat-audi-tt-8j-isores-dalys","15":"product_cat-audi-tt-8j-isores-kitos-dalys","16":"product_cat-audi-a3-8p-isores-kitos-dalys","17":"product_cat-audi-a4-b7-isores-kitos-dalys","18":"product_cat-audi-tt","20":"first","21":"instock","22":"shipping-taxable","23":"purchasable","24":"product-type-simple"},"yoast_head":"<!-- This site is optimized with the Yoast SEO Premium plugin v25.2 (Yoast SEO v27.4) - https:\/\/yoast.com\/product\/yoast-seo-premium-wordpress\/ -->\n<title>Audi A3 8P A4 B7 TT 8J 1.6 1.9 2.0 TDI oro \u012fsiurbimo kreiptuvas - Erformance.eu<\/title>\n<meta name=\"robots\" content=\"index, follow, max-snippet:-1, max-image-preview:large, max-video-preview:-1\" \/>\n<link rel=\"canonical\" href=\"https:\/\/erformance.eu\/et\/toode\/audi-a3-8p-a4-b7-tt-8j-1-6-1-9-2-0-tdi-oro-isiurbimo-kreiptuvas\/\" \/>\n<meta property=\"og:locale\" content=\"et_EE\" \/>\n<meta property=\"og:type\" content=\"article\" \/>\n<meta property=\"og:title\" content=\"Audi A3 8P A4 B7 TT 8J 1.6 1.9 2.0 TDI oro \u012fsiurbimo kreiptuvas\" \/>\n<meta property=\"og:description\" content=\"1. Prek\u0117: Oro \u012fsiurbimo kreiptuvas2. Gamintojas: pakeitimas3. Automobilis:* Audi A3 8P 04\u201313* Audi A4 B7 04-08* Audi TT 8J 06-144. Variklis:* 1,6 TDI* 1,9 TDI* 2.0 TDI\" \/>\n<meta property=\"og:url\" content=\"https:\/\/erformance.eu\/et\/toode\/audi-a3-8p-a4-b7-tt-8j-1-6-1-9-2-0-tdi-oro-isiurbimo-kreiptuvas\/\" \/>\n<meta property=\"og:site_name\" content=\"Erformance.eu\" \/>\n<meta property=\"article:modified_time\" content=\"2026-03-12T08:31:28+00:00\" \/>\n<meta property=\"og:image\" content=\"https:\/\/erformance.eu\/wp-content\/uploads\/2026\/02\/pol_pm_Audi-A3-8P-A4-B7-TT-8J-1-6-1-9-2-0-TDI-wlot-kierownica-powietrza-31987_1.jpg\" \/>\n\t<meta property=\"og:image:width\" content=\"1200\" \/>\n\t<meta property=\"og:image:height\" content=\"1200\" \/>\n\t<meta property=\"og:image:type\" content=\"image\/jpeg\" \/>\n<meta name=\"twitter:card\" content=\"summary_large_image\" \/>\n<meta name=\"twitter:label1\" content=\"Est. reading time\" \/>\n\t<meta name=\"twitter:data1\" content=\"1 minut\" \/>\n<script type=\"application\/ld+json\" class=\"yoast-schema-graph\">{\"@context\":\"https:\\\/\\\/schema.org\",\"@graph\":[{\"@type\":\"WebPage\",\"@id\":\"https:\\\/\\\/erformance.eu\\\/et\\\/toode\\\/audi-a3-8p-a4-b7-tt-8j-1-6-1-9-2-0-tdi-oro-isiurbimo-kreiptuvas\\\/\",\"url\":\"https:\\\/\\\/erformance.eu\\\/et\\\/toode\\\/audi-a3-8p-a4-b7-tt-8j-1-6-1-9-2-0-tdi-oro-isiurbimo-kreiptuvas\\\/\",\"name\":\"Audi A3 8P A4 B7 TT 8J 1.6 1.9 2.0 TDI oro \u012fsiurbimo kreiptuvas - Erformance.eu\",\"isPartOf\":{\"@id\":\"https:\\\/\\\/erformance.eu\\\/et\\\/#website\"},\"primaryImageOfPage\":{\"@id\":\"https:\\\/\\\/erformance.eu\\\/et\\\/toode\\\/audi-a3-8p-a4-b7-tt-8j-1-6-1-9-2-0-tdi-oro-isiurbimo-kreiptuvas\\\/#primaryimage\"},\"image\":{\"@id\":\"https:\\\/\\\/erformance.eu\\\/et\\\/toode\\\/audi-a3-8p-a4-b7-tt-8j-1-6-1-9-2-0-tdi-oro-isiurbimo-kreiptuvas\\\/#primaryimage\"},\"thumbnailUrl\":\"https:\\\/\\\/erformance.eu\\\/wp-content\\\/uploads\\\/2026\\\/02\\\/pol_pm_Audi-A3-8P-A4-B7-TT-8J-1-6-1-9-2-0-TDI-wlot-kierownica-powietrza-31987_1.jpg\",\"datePublished\":\"2026-02-16T11:23:14+00:00\",\"dateModified\":\"2026-03-12T08:31:28+00:00\",\"breadcrumb\":{\"@id\":\"https:\\\/\\\/erformance.eu\\\/et\\\/toode\\\/audi-a3-8p-a4-b7-tt-8j-1-6-1-9-2-0-tdi-oro-isiurbimo-kreiptuvas\\\/#breadcrumb\"},\"inLanguage\":\"et\",\"potentialAction\":[{\"@type\":\"ReadAction\",\"target\":[\"https:\\\/\\\/erformance.eu\\\/et\\\/toode\\\/audi-a3-8p-a4-b7-tt-8j-1-6-1-9-2-0-tdi-oro-isiurbimo-kreiptuvas\\\/\"]}]},{\"@type\":\"ImageObject\",\"inLanguage\":\"et\",\"@id\":\"https:\\\/\\\/erformance.eu\\\/et\\\/toode\\\/audi-a3-8p-a4-b7-tt-8j-1-6-1-9-2-0-tdi-oro-isiurbimo-kreiptuvas\\\/#primaryimage\",\"url\":\"https:\\\/\\\/erformance.eu\\\/wp-content\\\/uploads\\\/2026\\\/02\\\/pol_pm_Audi-A3-8P-A4-B7-TT-8J-1-6-1-9-2-0-TDI-wlot-kierownica-powietrza-31987_1.jpg\",\"contentUrl\":\"https:\\\/\\\/erformance.eu\\\/wp-content\\\/uploads\\\/2026\\\/02\\\/pol_pm_Audi-A3-8P-A4-B7-TT-8J-1-6-1-9-2-0-TDI-wlot-kierownica-powietrza-31987_1.jpg\",\"width\":1200,\"height\":1200},{\"@type\":\"BreadcrumbList\",\"@id\":\"https:\\\/\\\/erformance.eu\\\/et\\\/toode\\\/audi-a3-8p-a4-b7-tt-8j-1-6-1-9-2-0-tdi-oro-isiurbimo-kreiptuvas\\\/#breadcrumb\",\"itemListElement\":[{\"@type\":\"ListItem\",\"position\":1,\"name\":\"Home\",\"item\":\"https:\\\/\\\/erformance.eu\\\/et\\\/\"},{\"@type\":\"ListItem\",\"position\":2,\"name\":\"Pood\",\"item\":\"https:\\\/\\\/erformance.eu\\\/et\\\/pood\\\/\"},{\"@type\":\"ListItem\",\"position\":3,\"name\":\"Audi A3 8P A4 B7 TT 8J 1.6 1.9 2.0 TDI oro \u012fsiurbimo kreiptuvas\"}]},{\"@type\":\"WebSite\",\"@id\":\"https:\\\/\\\/erformance.eu\\\/et\\\/#website\",\"url\":\"https:\\\/\\\/erformance.eu\\\/et\\\/\",\"name\":\"Erformance.eu\",\"description\":\"Automobili\u0173 dali\u0173 parduotuv\u0117\",\"potentialAction\":[{\"@type\":\"SearchAction\",\"target\":{\"@type\":\"EntryPoint\",\"urlTemplate\":\"https:\\\/\\\/erformance.eu\\\/et\\\/?s={search_term_string}\"},\"query-input\":{\"@type\":\"PropertyValueSpecification\",\"valueRequired\":true,\"valueName\":\"search_term_string\"}}],\"inLanguage\":\"et\"}]}<\/script>\n<!-- \/ Yoast SEO Premium plugin. -->","yoast_head_json":{"title":"Audi A3 8P A4 B7 TT 8J 1.6 1.9 2.0 TDI oro \u012fsiurbimo kreiptuvas - Erformance.eu","robots":{"index":"index","follow":"follow","max-snippet":"max-snippet:-1","max-image-preview":"max-image-preview:large","max-video-preview":"max-video-preview:-1"},"canonical":"https:\/\/erformance.eu\/et\/toode\/audi-a3-8p-a4-b7-tt-8j-1-6-1-9-2-0-tdi-oro-isiurbimo-kreiptuvas\/","og_locale":"et_EE","og_type":"article","og_title":"Audi A3 8P A4 B7 TT 8J 1.6 1.9 2.0 TDI oro \u012fsiurbimo kreiptuvas","og_description":"1. Prek\u0117: Oro \u012fsiurbimo kreiptuvas2. Gamintojas: pakeitimas3. Automobilis:* Audi A3 8P 04\u201313* Audi A4 B7 04-08* Audi TT 8J 06-144. Variklis:* 1,6 TDI* 1,9 TDI* 2.0 TDI","og_url":"https:\/\/erformance.eu\/et\/toode\/audi-a3-8p-a4-b7-tt-8j-1-6-1-9-2-0-tdi-oro-isiurbimo-kreiptuvas\/","og_site_name":"Erformance.eu","article_modified_time":"2026-03-12T08:31:28+00:00","og_image":[{"width":1200,"height":1200,"url":"https:\/\/erformance.eu\/wp-content\/uploads\/2026\/02\/pol_pm_Audi-A3-8P-A4-B7-TT-8J-1-6-1-9-2-0-TDI-wlot-kierownica-powietrza-31987_1.jpg","type":"image\/jpeg"}],"twitter_card":"summary_large_image","twitter_misc":{"Est. reading time":"1 minut"},"schema":{"@context":"https:\/\/schema.org","@graph":[{"@type":"WebPage","@id":"https:\/\/erformance.eu\/et\/toode\/audi-a3-8p-a4-b7-tt-8j-1-6-1-9-2-0-tdi-oro-isiurbimo-kreiptuvas\/","url":"https:\/\/erformance.eu\/et\/toode\/audi-a3-8p-a4-b7-tt-8j-1-6-1-9-2-0-tdi-oro-isiurbimo-kreiptuvas\/","name":"Audi A3 8P A4 B7 TT 8J 1.6 1.9 2.0 TDI oro \u012fsiurbimo kreiptuvas - Erformance.eu","isPartOf":{"@id":"https:\/\/erformance.eu\/et\/#website"},"primaryImageOfPage":{"@id":"https:\/\/erformance.eu\/et\/toode\/audi-a3-8p-a4-b7-tt-8j-1-6-1-9-2-0-tdi-oro-isiurbimo-kreiptuvas\/#primaryimage"},"image":{"@id":"https:\/\/erformance.eu\/et\/toode\/audi-a3-8p-a4-b7-tt-8j-1-6-1-9-2-0-tdi-oro-isiurbimo-kreiptuvas\/#primaryimage"},"thumbnailUrl":"https:\/\/erformance.eu\/wp-content\/uploads\/2026\/02\/pol_pm_Audi-A3-8P-A4-B7-TT-8J-1-6-1-9-2-0-TDI-wlot-kierownica-powietrza-31987_1.jpg","datePublished":"2026-02-16T11:23:14+00:00","dateModified":"2026-03-12T08:31:28+00:00","breadcrumb":{"@id":"https:\/\/erformance.eu\/et\/toode\/audi-a3-8p-a4-b7-tt-8j-1-6-1-9-2-0-tdi-oro-isiurbimo-kreiptuvas\/#breadcrumb"},"inLanguage":"et","potentialAction":[{"@type":"ReadAction","target":["https:\/\/erformance.eu\/et\/toode\/audi-a3-8p-a4-b7-tt-8j-1-6-1-9-2-0-tdi-oro-isiurbimo-kreiptuvas\/"]}]},{"@type":"ImageObject","inLanguage":"et","@id":"https:\/\/erformance.eu\/et\/toode\/audi-a3-8p-a4-b7-tt-8j-1-6-1-9-2-0-tdi-oro-isiurbimo-kreiptuvas\/#primaryimage","url":"https:\/\/erformance.eu\/wp-content\/uploads\/2026\/02\/pol_pm_Audi-A3-8P-A4-B7-TT-8J-1-6-1-9-2-0-TDI-wlot-kierownica-powietrza-31987_1.jpg","contentUrl":"https:\/\/erformance.eu\/wp-content\/uploads\/2026\/02\/pol_pm_Audi-A3-8P-A4-B7-TT-8J-1-6-1-9-2-0-TDI-wlot-kierownica-powietrza-31987_1.jpg","width":1200,"height":1200},{"@type":"BreadcrumbList","@id":"https:\/\/erformance.eu\/et\/toode\/audi-a3-8p-a4-b7-tt-8j-1-6-1-9-2-0-tdi-oro-isiurbimo-kreiptuvas\/#breadcrumb","itemListElement":[{"@type":"ListItem","position":1,"name":"Home","item":"https:\/\/erformance.eu\/et\/"},{"@type":"ListItem","position":2,"name":"Pood","item":"https:\/\/erformance.eu\/et\/pood\/"},{"@type":"ListItem","position":3,"name":"Audi A3 8P A4 B7 TT 8J 1.6 1.9 2.0 TDI oro \u012fsiurbimo kreiptuvas"}]},{"@type":"WebSite","@id":"https:\/\/erformance.eu\/et\/#website","url":"https:\/\/erformance.eu\/et\/","name":"Erformance.eu","description":"Automobili\u0173 dali\u0173 parduotuv\u0117","potentialAction":[{"@type":"SearchAction","target":{"@type":"EntryPoint","urlTemplate":"https:\/\/erformance.eu\/et\/?s={search_term_string}"},"query-input":{"@type":"PropertyValueSpecification","valueRequired":true,"valueName":"search_term_string"}}],"inLanguage":"et"}]}},"jetpack_sharing_enabled":true,"_links":{"self":[{"href":"https:\/\/erformance.eu\/et\/wp-json\/wp\/v2\/product\/56910","targetHints":{"allow":["GET"]}}],"collection":[{"href":"https:\/\/erformance.eu\/et\/wp-json\/wp\/v2\/product"}],"about":[{"href":"https:\/\/erformance.eu\/et\/wp-json\/wp\/v2\/types\/product"}],"replies":[{"embeddable":true,"href":"https:\/\/erformance.eu\/et\/wp-json\/wp\/v2\/comments?post=56910"}],"version-history":[{"count":1,"href":"https:\/\/erformance.eu\/et\/wp-json\/wp\/v2\/product\/56910\/revisions"}],"predecessor-version":[{"id":56911,"href":"https:\/\/erformance.eu\/et\/wp-json\/wp\/v2\/product\/56910\/revisions\/56911"}],"wp:featuredmedia":[{"embeddable":true,"href":"https:\/\/erformance.eu\/et\/wp-json\/wp\/v2\/media\/52148"}],"wp:attachment":[{"href":"https:\/\/erformance.eu\/et\/wp-json\/wp\/v2\/media?parent=56910"}],"wp:term":[{"taxonomy":"product_brand","embeddable":true,"href":"https:\/\/erformance.eu\/et\/wp-json\/wp\/v2\/product_brand?post=56910"},{"taxonomy":"product_cat","embeddable":true,"href":"https:\/\/erformance.eu\/et\/wp-json\/wp\/v2\/product_cat?post=56910"},{"taxonomy":"product_tag","embeddable":true,"href":"https:\/\/erformance.eu\/et\/wp-json\/wp\/v2\/product_tag?post=56910"}],"curies":[{"name":"wp","href":"https:\/\/api.w.org\/{rel}","templated":true}]}}