{"id":56922,"date":"2026-02-16T14:23:22","date_gmt":"2026-02-16T11:23:22","guid":{"rendered":"https:\/\/erformance.eu\/?post_type=product&#038;p=56922"},"modified":"2026-03-25T14:49:43","modified_gmt":"2026-03-25T11:49:43","slug":"audi-a6-c4-94-97-svirties-sviesu-ir-posukiu-jungiklis-be-pastovaus-greicio-palaikymo-sistemos","status":"publish","type":"product","link":"https:\/\/erformance.eu\/et\/toode\/audi-a6-c4-94-97-svirties-sviesu-ir-posukiu-jungiklis-be-pastovaus-greicio-palaikymo-sistemos\/","title":{"rendered":"Audi A6 C4 94-97 svirties \u0161vies\u0173 ir pos\u016bki\u0173 jungiklis be pastovaus grei\u010dio palaikymo sistemos"},"content":{"rendered":"<p>Prek\u0117: \u0160vies\u0173 ir pos\u016bki\u0173 signal\u0173 jungiklis (vairo svirtis)<br \/>\nOriginalus numeris:<\/p>\n<p>8L0953513G<br \/>\n8L0953513L<br \/>\n8L0953513<br \/>\n8L0953513G01C<br \/>\n8L0 953 513 G<br \/>\n8L0 953 513 L<br \/>\n8L0 953 513<br \/>\n8L0 953 513 G 01C<br \/>\n1108819<br \/>\n1121519<\/p>\n<p>PASTABA: auk\u0161\u010diau pateikti numeriai yra original\u016bs dali\u0173 numeriai, kuriuos \u0161is pasi\u016blymas pakei\u010dia. Prie\u0161 pirkdami, palyginkite juos su originaliu dalies numeriu. Jei jie skiriasi net vienu simboliu, dalis netiks, neveiks arba veiks netinkamai. Tokiu atveju jos nepirkite.<br \/>\nAutomobilis:<\/p>\n<p>Audi A2 (8Z0), gamybos metai: 2000\u20132005<br \/>\nAudi A3 (8L1), gamybos metai: 1996\u20132003<br \/>\n\u201eAudi A4 B5\u201c, gamybos metai: 1999\u20132001<br \/>\n\u201eAudi A6 C4\u201c, gamybos metai: 1994\u20131997<br \/>\n\u201eAudi A6 C5\u201c, gamybos metai: 1997\u20132005<br \/>\nAudi A6 C5 Avant, gamybos metai: 1997-2005<br \/>\nAudi TT (8N_), gamybos metai: 1998\u20132006<br \/>\n\u201eFord Galaxy\u201c (WGR), gamybos metai: 1995\u20132006<br \/>\nSeat Alhambra (7V_), pagaminimo metai: 1996\u20132010<br \/>\n\u201eSeat Leon I\u201c (1M1), pagaminimo metai: 1999\u20132006<br \/>\n\u201eSeat Toledo II\u201c (1M2), pagaminimo metai: 1998\u20132004<br \/>\n\u201eSkoda Fabia I\u201c (6Y2), pagaminimo metai: 1999\u20132008<br \/>\n\u201eSkoda Fabia I Combi\u201c (6Y5), pagaminimo metai: 2000\u20132007<br \/>\nSkoda Fabia I Praktik (6Y5), gamybos metai: 2000-2007<br \/>\n\u201eSkoda Fabia I\u201c sedanas (6Y3), pagaminimo metai: 1999\u20132007<br \/>\n\u201eSkoda Octavia I\u201c (1U2), pagaminimo metai: 1996\u20132010<br \/>\n\u201eSkoda Octavia I Combi\u201c (1U5), pagaminimo metai: 1998\u20132010<br \/>\n\u201eSkoda Superb I\u201c (3U4), pagaminimo metai: 2001\u20132008<br \/>\nVW Bora (1J2), pagaminimo metai: 1998\u20132005<br \/>\nVW Bora Variant (1J6), pagaminimo metai: 1999\u20132005<br \/>\nVW Golf IV (1J1), pagaminimo metai: 1997\u20132007<br \/>\nVW Golf IV Variant (1J5), pagaminimo metai: 1999\u20132006<br \/>\nVW New Beetle (9C1, 1C1), pagaminimo metai: 1998\u20132010<br \/>\nVW New Beetle kabrioletas (1Y7), pagaminimo metai: 2002\u20132010<br \/>\nVW Passat B5, pagaminimo metai: 1996\u20132000<br \/>\nVW Passat B5 Variant, pagaminimo metai: 1997\u20132000<br \/>\nVW Passat B5 FL, pagaminimo metai: 2000\u20132005<br \/>\nVW Passat B5 FL Variant, pagaminimo metai: 2000\u20132005<br \/>\nVW Sharan (7M8, 7M9, 7M6), pagaminimo metai: 1995\u20132010<\/p>\n<p>Gamintojas: pakaitalas<br \/>\nTechnin\u0117 b\u016bkl\u0117: prek\u0117 yra visi\u0161kai nauja, nenaudota, nepa\u017eeista ir nesugadinta<br \/>\nD\u0116MESIO! Versija BE PASKIRTINIO STATYMO SISTEMOS<\/p>\n","protected":false},"excerpt":{"rendered":"<p>1. Prek\u0117: \u0160vies\u0173 ir pos\u016bkio signalo jungiklis2. Gamintojas: pakeitimas3. Automobilis:   * Audi A2 8Z 00-05   * Audi A3 8L 96-03   * Audi A4 B5 99-01   * Audi A6 C4 94-97   * Audi A6 C5 97-05   * Audi TT 8N 98-06<\/p>\n","protected":false},"featured_media":52192,"comment_status":"open","ping_status":"closed","template":"","meta":[],"product_brand":[],"product_cat":[394,144,3916,4632,3994],"product_tag":[],"class_list":{"0":"post-56922","1":"product","2":"type-product","3":"status-publish","4":"has-post-thumbnail","6":"product_cat-audi-a6","7":"product_cat-audi","8":"product_cat-audi-a6-c4","9":"product_cat-audi-a6-c4-rankenos","10":"product_cat-audi-a6-c4-salono-dalys","12":"first","13":"instock","14":"shipping-taxable","15":"purchasable","16":"product-type-simple"},"yoast_head":"<!-- This site is optimized with the Yoast SEO Premium plugin v25.2 (Yoast SEO v27.3) - https:\/\/yoast.com\/product\/yoast-seo-premium-wordpress\/ -->\n<title>Audi A6 C4 94-97 svirties \u0161vies\u0173 ir pos\u016bki\u0173 jungiklis be pastovaus grei\u010dio palaikymo sistemos - Erformance.eu<\/title>\n<meta name=\"robots\" content=\"index, follow, max-snippet:-1, max-image-preview:large, max-video-preview:-1\" \/>\n<link rel=\"canonical\" href=\"https:\/\/erformance.eu\/et\/toode\/audi-a6-c4-94-97-svirties-sviesu-ir-posukiu-jungiklis-be-pastovaus-greicio-palaikymo-sistemos\/\" \/>\n<meta property=\"og:locale\" content=\"et_EE\" \/>\n<meta property=\"og:type\" content=\"article\" \/>\n<meta property=\"og:title\" content=\"Audi A6 C4 94-97 svirties \u0161vies\u0173 ir pos\u016bki\u0173 jungiklis be pastovaus grei\u010dio palaikymo sistemos\" \/>\n<meta property=\"og:description\" content=\"1. Prek\u0117: \u0160vies\u0173 ir pos\u016bkio signalo jungiklis2. Gamintojas: pakeitimas3. Automobilis:  * Audi A2 8Z 00-05  * Audi A3 8L 96-03  * Audi A4 B5 99-01  * Audi A6 C4 94-97  * Audi A6 C5 97-05  * Audi TT 8N 98-06\" \/>\n<meta property=\"og:url\" content=\"https:\/\/erformance.eu\/et\/toode\/audi-a6-c4-94-97-svirties-sviesu-ir-posukiu-jungiklis-be-pastovaus-greicio-palaikymo-sistemos\/\" \/>\n<meta property=\"og:site_name\" content=\"Erformance.eu\" \/>\n<meta property=\"article:modified_time\" content=\"2026-03-25T11:49:43+00:00\" \/>\n<meta property=\"og:image\" content=\"https:\/\/erformance.eu\/wp-content\/uploads\/2026\/02\/pol_pm_Audi-A6-C4-94-97-manetka-przelacznik-swiatel-i-kierunkowskazow-BEZ-TEMPOMATU-18481_1.jpg\" \/>\n\t<meta property=\"og:image:width\" content=\"1200\" \/>\n\t<meta property=\"og:image:height\" content=\"900\" \/>\n\t<meta property=\"og:image:type\" content=\"image\/jpeg\" \/>\n<meta name=\"twitter:card\" content=\"summary_large_image\" \/>\n<meta name=\"twitter:label1\" content=\"Est. reading time\" \/>\n\t<meta name=\"twitter:data1\" content=\"1 minut\" \/>\n<script type=\"application\/ld+json\" class=\"yoast-schema-graph\">{\"@context\":\"https:\\\/\\\/schema.org\",\"@graph\":[{\"@type\":\"WebPage\",\"@id\":\"https:\\\/\\\/erformance.eu\\\/et\\\/toode\\\/audi-a6-c4-94-97-svirties-sviesu-ir-posukiu-jungiklis-be-pastovaus-greicio-palaikymo-sistemos\\\/\",\"url\":\"https:\\\/\\\/erformance.eu\\\/et\\\/toode\\\/audi-a6-c4-94-97-svirties-sviesu-ir-posukiu-jungiklis-be-pastovaus-greicio-palaikymo-sistemos\\\/\",\"name\":\"Audi A6 C4 94-97 svirties \u0161vies\u0173 ir pos\u016bki\u0173 jungiklis be pastovaus grei\u010dio palaikymo sistemos - Erformance.eu\",\"isPartOf\":{\"@id\":\"https:\\\/\\\/erformance.eu\\\/et\\\/#website\"},\"primaryImageOfPage\":{\"@id\":\"https:\\\/\\\/erformance.eu\\\/et\\\/toode\\\/audi-a6-c4-94-97-svirties-sviesu-ir-posukiu-jungiklis-be-pastovaus-greicio-palaikymo-sistemos\\\/#primaryimage\"},\"image\":{\"@id\":\"https:\\\/\\\/erformance.eu\\\/et\\\/toode\\\/audi-a6-c4-94-97-svirties-sviesu-ir-posukiu-jungiklis-be-pastovaus-greicio-palaikymo-sistemos\\\/#primaryimage\"},\"thumbnailUrl\":\"https:\\\/\\\/erformance.eu\\\/wp-content\\\/uploads\\\/2026\\\/02\\\/pol_pm_Audi-A6-C4-94-97-manetka-przelacznik-swiatel-i-kierunkowskazow-BEZ-TEMPOMATU-18481_1.jpg\",\"datePublished\":\"2026-02-16T11:23:22+00:00\",\"dateModified\":\"2026-03-25T11:49:43+00:00\",\"breadcrumb\":{\"@id\":\"https:\\\/\\\/erformance.eu\\\/et\\\/toode\\\/audi-a6-c4-94-97-svirties-sviesu-ir-posukiu-jungiklis-be-pastovaus-greicio-palaikymo-sistemos\\\/#breadcrumb\"},\"inLanguage\":\"et\",\"potentialAction\":[{\"@type\":\"ReadAction\",\"target\":[\"https:\\\/\\\/erformance.eu\\\/et\\\/toode\\\/audi-a6-c4-94-97-svirties-sviesu-ir-posukiu-jungiklis-be-pastovaus-greicio-palaikymo-sistemos\\\/\"]}]},{\"@type\":\"ImageObject\",\"inLanguage\":\"et\",\"@id\":\"https:\\\/\\\/erformance.eu\\\/et\\\/toode\\\/audi-a6-c4-94-97-svirties-sviesu-ir-posukiu-jungiklis-be-pastovaus-greicio-palaikymo-sistemos\\\/#primaryimage\",\"url\":\"https:\\\/\\\/erformance.eu\\\/wp-content\\\/uploads\\\/2026\\\/02\\\/pol_pm_Audi-A6-C4-94-97-manetka-przelacznik-swiatel-i-kierunkowskazow-BEZ-TEMPOMATU-18481_1.jpg\",\"contentUrl\":\"https:\\\/\\\/erformance.eu\\\/wp-content\\\/uploads\\\/2026\\\/02\\\/pol_pm_Audi-A6-C4-94-97-manetka-przelacznik-swiatel-i-kierunkowskazow-BEZ-TEMPOMATU-18481_1.jpg\",\"width\":1200,\"height\":900},{\"@type\":\"BreadcrumbList\",\"@id\":\"https:\\\/\\\/erformance.eu\\\/et\\\/toode\\\/audi-a6-c4-94-97-svirties-sviesu-ir-posukiu-jungiklis-be-pastovaus-greicio-palaikymo-sistemos\\\/#breadcrumb\",\"itemListElement\":[{\"@type\":\"ListItem\",\"position\":1,\"name\":\"Home\",\"item\":\"https:\\\/\\\/erformance.eu\\\/et\\\/\"},{\"@type\":\"ListItem\",\"position\":2,\"name\":\"Pood\",\"item\":\"https:\\\/\\\/erformance.eu\\\/et\\\/pood\\\/\"},{\"@type\":\"ListItem\",\"position\":3,\"name\":\"Audi A6 C4 94-97 svirties \u0161vies\u0173 ir pos\u016bki\u0173 jungiklis be pastovaus grei\u010dio palaikymo sistemos\"}]},{\"@type\":\"WebSite\",\"@id\":\"https:\\\/\\\/erformance.eu\\\/et\\\/#website\",\"url\":\"https:\\\/\\\/erformance.eu\\\/et\\\/\",\"name\":\"Erformance.eu\",\"description\":\"Automobili\u0173 dali\u0173 parduotuv\u0117\",\"potentialAction\":[{\"@type\":\"SearchAction\",\"target\":{\"@type\":\"EntryPoint\",\"urlTemplate\":\"https:\\\/\\\/erformance.eu\\\/et\\\/?s={search_term_string}\"},\"query-input\":{\"@type\":\"PropertyValueSpecification\",\"valueRequired\":true,\"valueName\":\"search_term_string\"}}],\"inLanguage\":\"et\"}]}<\/script>\n<!-- \/ Yoast SEO Premium plugin. -->","yoast_head_json":{"title":"Audi A6 C4 94-97 svirties \u0161vies\u0173 ir pos\u016bki\u0173 jungiklis be pastovaus grei\u010dio palaikymo sistemos - Erformance.eu","robots":{"index":"index","follow":"follow","max-snippet":"max-snippet:-1","max-image-preview":"max-image-preview:large","max-video-preview":"max-video-preview:-1"},"canonical":"https:\/\/erformance.eu\/et\/toode\/audi-a6-c4-94-97-svirties-sviesu-ir-posukiu-jungiklis-be-pastovaus-greicio-palaikymo-sistemos\/","og_locale":"et_EE","og_type":"article","og_title":"Audi A6 C4 94-97 svirties \u0161vies\u0173 ir pos\u016bki\u0173 jungiklis be pastovaus grei\u010dio palaikymo sistemos","og_description":"1. Prek\u0117: \u0160vies\u0173 ir pos\u016bkio signalo jungiklis2. Gamintojas: pakeitimas3. Automobilis:  * Audi A2 8Z 00-05  * Audi A3 8L 96-03  * Audi A4 B5 99-01  * Audi A6 C4 94-97  * Audi A6 C5 97-05  * Audi TT 8N 98-06","og_url":"https:\/\/erformance.eu\/et\/toode\/audi-a6-c4-94-97-svirties-sviesu-ir-posukiu-jungiklis-be-pastovaus-greicio-palaikymo-sistemos\/","og_site_name":"Erformance.eu","article_modified_time":"2026-03-25T11:49:43+00:00","og_image":[{"width":1200,"height":900,"url":"https:\/\/erformance.eu\/wp-content\/uploads\/2026\/02\/pol_pm_Audi-A6-C4-94-97-manetka-przelacznik-swiatel-i-kierunkowskazow-BEZ-TEMPOMATU-18481_1.jpg","type":"image\/jpeg"}],"twitter_card":"summary_large_image","twitter_misc":{"Est. reading time":"1 minut"},"schema":{"@context":"https:\/\/schema.org","@graph":[{"@type":"WebPage","@id":"https:\/\/erformance.eu\/et\/toode\/audi-a6-c4-94-97-svirties-sviesu-ir-posukiu-jungiklis-be-pastovaus-greicio-palaikymo-sistemos\/","url":"https:\/\/erformance.eu\/et\/toode\/audi-a6-c4-94-97-svirties-sviesu-ir-posukiu-jungiklis-be-pastovaus-greicio-palaikymo-sistemos\/","name":"Audi A6 C4 94-97 svirties \u0161vies\u0173 ir pos\u016bki\u0173 jungiklis be pastovaus grei\u010dio palaikymo sistemos - Erformance.eu","isPartOf":{"@id":"https:\/\/erformance.eu\/et\/#website"},"primaryImageOfPage":{"@id":"https:\/\/erformance.eu\/et\/toode\/audi-a6-c4-94-97-svirties-sviesu-ir-posukiu-jungiklis-be-pastovaus-greicio-palaikymo-sistemos\/#primaryimage"},"image":{"@id":"https:\/\/erformance.eu\/et\/toode\/audi-a6-c4-94-97-svirties-sviesu-ir-posukiu-jungiklis-be-pastovaus-greicio-palaikymo-sistemos\/#primaryimage"},"thumbnailUrl":"https:\/\/erformance.eu\/wp-content\/uploads\/2026\/02\/pol_pm_Audi-A6-C4-94-97-manetka-przelacznik-swiatel-i-kierunkowskazow-BEZ-TEMPOMATU-18481_1.jpg","datePublished":"2026-02-16T11:23:22+00:00","dateModified":"2026-03-25T11:49:43+00:00","breadcrumb":{"@id":"https:\/\/erformance.eu\/et\/toode\/audi-a6-c4-94-97-svirties-sviesu-ir-posukiu-jungiklis-be-pastovaus-greicio-palaikymo-sistemos\/#breadcrumb"},"inLanguage":"et","potentialAction":[{"@type":"ReadAction","target":["https:\/\/erformance.eu\/et\/toode\/audi-a6-c4-94-97-svirties-sviesu-ir-posukiu-jungiklis-be-pastovaus-greicio-palaikymo-sistemos\/"]}]},{"@type":"ImageObject","inLanguage":"et","@id":"https:\/\/erformance.eu\/et\/toode\/audi-a6-c4-94-97-svirties-sviesu-ir-posukiu-jungiklis-be-pastovaus-greicio-palaikymo-sistemos\/#primaryimage","url":"https:\/\/erformance.eu\/wp-content\/uploads\/2026\/02\/pol_pm_Audi-A6-C4-94-97-manetka-przelacznik-swiatel-i-kierunkowskazow-BEZ-TEMPOMATU-18481_1.jpg","contentUrl":"https:\/\/erformance.eu\/wp-content\/uploads\/2026\/02\/pol_pm_Audi-A6-C4-94-97-manetka-przelacznik-swiatel-i-kierunkowskazow-BEZ-TEMPOMATU-18481_1.jpg","width":1200,"height":900},{"@type":"BreadcrumbList","@id":"https:\/\/erformance.eu\/et\/toode\/audi-a6-c4-94-97-svirties-sviesu-ir-posukiu-jungiklis-be-pastovaus-greicio-palaikymo-sistemos\/#breadcrumb","itemListElement":[{"@type":"ListItem","position":1,"name":"Home","item":"https:\/\/erformance.eu\/et\/"},{"@type":"ListItem","position":2,"name":"Pood","item":"https:\/\/erformance.eu\/et\/pood\/"},{"@type":"ListItem","position":3,"name":"Audi A6 C4 94-97 svirties \u0161vies\u0173 ir pos\u016bki\u0173 jungiklis be pastovaus grei\u010dio palaikymo sistemos"}]},{"@type":"WebSite","@id":"https:\/\/erformance.eu\/et\/#website","url":"https:\/\/erformance.eu\/et\/","name":"Erformance.eu","description":"Automobili\u0173 dali\u0173 parduotuv\u0117","potentialAction":[{"@type":"SearchAction","target":{"@type":"EntryPoint","urlTemplate":"https:\/\/erformance.eu\/et\/?s={search_term_string}"},"query-input":{"@type":"PropertyValueSpecification","valueRequired":true,"valueName":"search_term_string"}}],"inLanguage":"et"}]}},"jetpack_sharing_enabled":true,"_links":{"self":[{"href":"https:\/\/erformance.eu\/et\/wp-json\/wp\/v2\/product\/56922","targetHints":{"allow":["GET"]}}],"collection":[{"href":"https:\/\/erformance.eu\/et\/wp-json\/wp\/v2\/product"}],"about":[{"href":"https:\/\/erformance.eu\/et\/wp-json\/wp\/v2\/types\/product"}],"replies":[{"embeddable":true,"href":"https:\/\/erformance.eu\/et\/wp-json\/wp\/v2\/comments?post=56922"}],"version-history":[{"count":1,"href":"https:\/\/erformance.eu\/et\/wp-json\/wp\/v2\/product\/56922\/revisions"}],"predecessor-version":[{"id":56923,"href":"https:\/\/erformance.eu\/et\/wp-json\/wp\/v2\/product\/56922\/revisions\/56923"}],"wp:featuredmedia":[{"embeddable":true,"href":"https:\/\/erformance.eu\/et\/wp-json\/wp\/v2\/media\/52192"}],"wp:attachment":[{"href":"https:\/\/erformance.eu\/et\/wp-json\/wp\/v2\/media?parent=56922"}],"wp:term":[{"taxonomy":"product_brand","embeddable":true,"href":"https:\/\/erformance.eu\/et\/wp-json\/wp\/v2\/product_brand?post=56922"},{"taxonomy":"product_cat","embeddable":true,"href":"https:\/\/erformance.eu\/et\/wp-json\/wp\/v2\/product_cat?post=56922"},{"taxonomy":"product_tag","embeddable":true,"href":"https:\/\/erformance.eu\/et\/wp-json\/wp\/v2\/product_tag?post=56922"}],"curies":[{"name":"wp","href":"https:\/\/api.w.org\/{rel}","templated":true}]}}