{"id":56978,"date":"2026-02-16T14:23:58","date_gmt":"2026-02-16T11:23:58","guid":{"rendered":"https:\/\/erformance.eu\/?post_type=product&#038;p=56978"},"modified":"2026-03-02T16:16:04","modified_gmt":"2026-03-02T13:16:04","slug":"audi-q5-fy-16-20-be-halogeniniu-groteliu-priekiniame-bamperyje-juoda-sidabrine-kaire-desine-2-vnt-komplektas","status":"publish","type":"product","link":"https:\/\/erformance.eu\/et\/toode\/audi-q5-fy-16-20-be-halogeniniu-groteliu-priekiniame-bamperyje-juoda-sidabrine-kaire-desine-2-vnt-komplektas\/","title":{"rendered":"Audi Q5 FY 16-20 BE HALOGENINI\u0172 groteli\u0173 priekiniame bamperyje JUODA + SIDABRIN\u0116 kair\u0117 + de\u0161in\u0117 2 vnt. komplektas"},"content":{"rendered":"<p>Prek\u0117: 1 pora (2 vnt.) priekinio bamperio groteli\u0173<br \/>\n\u0160onas: 1 vnt. kair\u0117je + 1 vnt. de\u0161in\u0117je<br \/>\nOriginalus numeris: 80A807679 + 80A807680<br \/>\nPASTABA: auk\u0161\u010diau pateikti numeriai yra original\u016bs dali\u0173 numeriai, kuriuos \u0161is pasi\u016blymas pakei\u010dia. Prie\u0161 pirkdami, palyginkite juos su originaliu dalies numeriu. Jei jie skiriasi net vienu simboliu, dalis netiks, neveiks arba veiks netinkamai. Tokiu atveju jos nepirkite.<br \/>\nAutomobilis: Audi Q5 (FYB, FYG)<br \/>\nPagaminimo metai: 2016\u20132020<br \/>\nKolor: atrapka &#8211; czarny po\u0142ysk + listwy silver (matowy chrom)<br \/>\nProducent: zamiennik<br \/>\nStan techniczny: przedmiot jest fabrycznie NOWY, nieu\u017cywany, nieuszkodzony i niezniszczony<br \/>\nUwaga! NIE PASUJE do wersji S-LINE<\/p>\n","protected":false},"excerpt":{"rendered":"<p>1. Prek\u0117: 1 pora (2 vnt.) priekinio bamperio groteli\u01732. \u0160onin\u0117 pus\u0117: kair\u0117 + de\u0161in\u01173. Spalva: juoda + sidabrin\u01174. Gamintojas: pakeitimas5. Automobilis: Audi Q5 FY6. Pagaminimo metai: 2016\u20132020<\/p>\n","protected":false},"featured_media":52452,"comment_status":"open","ping_status":"closed","template":"","meta":[],"product_brand":[],"product_cat":[144,4096,3929,4135,3969,399],"product_tag":[],"class_list":{"0":"post-56978","1":"product","2":"type-product","3":"status-publish","4":"has-post-thumbnail","6":"product_cat-audi","7":"product_cat-audi-q5-fy-bamperiai-ju-dalys","8":"product_cat-audi-q5-fy","9":"product_cat-audi-q5-fy-isores-groteles","10":"product_cat-audi-q5-fy-isores-dalys","11":"product_cat-audi-q5","13":"first","14":"instock","15":"shipping-taxable","16":"purchasable","17":"product-type-simple"},"yoast_head":"<!-- This site is optimized with the Yoast SEO Premium plugin v25.2 (Yoast SEO v27.3) - https:\/\/yoast.com\/product\/yoast-seo-premium-wordpress\/ -->\n<title>Audi Q5 FY 16-20 BE HALOGENINI\u0172 groteli\u0173 priekiniame bamperyje JUODA + SIDABRIN\u0116 kair\u0117 + de\u0161in\u0117 2 vnt. komplektas - Erformance.eu<\/title>\n<meta name=\"robots\" content=\"index, follow, max-snippet:-1, max-image-preview:large, max-video-preview:-1\" \/>\n<link rel=\"canonical\" href=\"https:\/\/erformance.eu\/et\/toode\/audi-q5-fy-16-20-be-halogeniniu-groteliu-priekiniame-bamperyje-juoda-sidabrine-kaire-desine-2-vnt-komplektas\/\" \/>\n<meta property=\"og:locale\" content=\"et_EE\" \/>\n<meta property=\"og:type\" content=\"article\" \/>\n<meta property=\"og:title\" content=\"Audi Q5 FY 16-20 BE HALOGENINI\u0172 groteli\u0173 priekiniame bamperyje JUODA + SIDABRIN\u0116 kair\u0117 + de\u0161in\u0117 2 vnt. komplektas\" \/>\n<meta property=\"og:description\" content=\"1. Prek\u0117: 1 pora (2 vnt.) priekinio bamperio groteli\u01732. \u0160onin\u0117 pus\u0117: kair\u0117 + de\u0161in\u01173. Spalva: juoda + sidabrin\u01174. Gamintojas: pakeitimas5. Automobilis: Audi Q5 FY6. Pagaminimo metai: 2016\u20132020\" \/>\n<meta property=\"og:url\" content=\"https:\/\/erformance.eu\/et\/toode\/audi-q5-fy-16-20-be-halogeniniu-groteliu-priekiniame-bamperyje-juoda-sidabrine-kaire-desine-2-vnt-komplektas\/\" \/>\n<meta property=\"og:site_name\" content=\"Erformance.eu\" \/>\n<meta property=\"article:modified_time\" content=\"2026-03-02T13:16:04+00:00\" \/>\n<meta property=\"og:image\" content=\"https:\/\/erformance.eu\/wp-content\/uploads\/2026\/02\/pol_pm_Audi-Q5-FY-16-20-BEZ-HALOGENOW-atrapka-kratka-w-zderzak-przedni-CZARNA-SILVER-lewa-prawa-2-szt-KPL-35159_1.jpg\" \/>\n\t<meta property=\"og:image:width\" content=\"1200\" \/>\n\t<meta property=\"og:image:height\" content=\"1200\" \/>\n\t<meta property=\"og:image:type\" content=\"image\/jpeg\" \/>\n<meta name=\"twitter:card\" content=\"summary_large_image\" \/>\n<script type=\"application\/ld+json\" class=\"yoast-schema-graph\">{\"@context\":\"https:\\\/\\\/schema.org\",\"@graph\":[{\"@type\":\"WebPage\",\"@id\":\"https:\\\/\\\/erformance.eu\\\/et\\\/toode\\\/audi-q5-fy-16-20-be-halogeniniu-groteliu-priekiniame-bamperyje-juoda-sidabrine-kaire-desine-2-vnt-komplektas\\\/\",\"url\":\"https:\\\/\\\/erformance.eu\\\/et\\\/toode\\\/audi-q5-fy-16-20-be-halogeniniu-groteliu-priekiniame-bamperyje-juoda-sidabrine-kaire-desine-2-vnt-komplektas\\\/\",\"name\":\"Audi Q5 FY 16-20 BE HALOGENINI\u0172 groteli\u0173 priekiniame bamperyje JUODA + SIDABRIN\u0116 kair\u0117 + de\u0161in\u0117 2 vnt. komplektas - Erformance.eu\",\"isPartOf\":{\"@id\":\"https:\\\/\\\/erformance.eu\\\/et\\\/#website\"},\"primaryImageOfPage\":{\"@id\":\"https:\\\/\\\/erformance.eu\\\/et\\\/toode\\\/audi-q5-fy-16-20-be-halogeniniu-groteliu-priekiniame-bamperyje-juoda-sidabrine-kaire-desine-2-vnt-komplektas\\\/#primaryimage\"},\"image\":{\"@id\":\"https:\\\/\\\/erformance.eu\\\/et\\\/toode\\\/audi-q5-fy-16-20-be-halogeniniu-groteliu-priekiniame-bamperyje-juoda-sidabrine-kaire-desine-2-vnt-komplektas\\\/#primaryimage\"},\"thumbnailUrl\":\"https:\\\/\\\/erformance.eu\\\/wp-content\\\/uploads\\\/2026\\\/02\\\/pol_pm_Audi-Q5-FY-16-20-BEZ-HALOGENOW-atrapka-kratka-w-zderzak-przedni-CZARNA-SILVER-lewa-prawa-2-szt-KPL-35159_1.jpg\",\"datePublished\":\"2026-02-16T11:23:58+00:00\",\"dateModified\":\"2026-03-02T13:16:04+00:00\",\"breadcrumb\":{\"@id\":\"https:\\\/\\\/erformance.eu\\\/et\\\/toode\\\/audi-q5-fy-16-20-be-halogeniniu-groteliu-priekiniame-bamperyje-juoda-sidabrine-kaire-desine-2-vnt-komplektas\\\/#breadcrumb\"},\"inLanguage\":\"et\",\"potentialAction\":[{\"@type\":\"ReadAction\",\"target\":[\"https:\\\/\\\/erformance.eu\\\/et\\\/toode\\\/audi-q5-fy-16-20-be-halogeniniu-groteliu-priekiniame-bamperyje-juoda-sidabrine-kaire-desine-2-vnt-komplektas\\\/\"]}]},{\"@type\":\"ImageObject\",\"inLanguage\":\"et\",\"@id\":\"https:\\\/\\\/erformance.eu\\\/et\\\/toode\\\/audi-q5-fy-16-20-be-halogeniniu-groteliu-priekiniame-bamperyje-juoda-sidabrine-kaire-desine-2-vnt-komplektas\\\/#primaryimage\",\"url\":\"https:\\\/\\\/erformance.eu\\\/wp-content\\\/uploads\\\/2026\\\/02\\\/pol_pm_Audi-Q5-FY-16-20-BEZ-HALOGENOW-atrapka-kratka-w-zderzak-przedni-CZARNA-SILVER-lewa-prawa-2-szt-KPL-35159_1.jpg\",\"contentUrl\":\"https:\\\/\\\/erformance.eu\\\/wp-content\\\/uploads\\\/2026\\\/02\\\/pol_pm_Audi-Q5-FY-16-20-BEZ-HALOGENOW-atrapka-kratka-w-zderzak-przedni-CZARNA-SILVER-lewa-prawa-2-szt-KPL-35159_1.jpg\",\"width\":1200,\"height\":1200},{\"@type\":\"BreadcrumbList\",\"@id\":\"https:\\\/\\\/erformance.eu\\\/et\\\/toode\\\/audi-q5-fy-16-20-be-halogeniniu-groteliu-priekiniame-bamperyje-juoda-sidabrine-kaire-desine-2-vnt-komplektas\\\/#breadcrumb\",\"itemListElement\":[{\"@type\":\"ListItem\",\"position\":1,\"name\":\"Home\",\"item\":\"https:\\\/\\\/erformance.eu\\\/et\\\/\"},{\"@type\":\"ListItem\",\"position\":2,\"name\":\"Pood\",\"item\":\"https:\\\/\\\/erformance.eu\\\/et\\\/pood\\\/\"},{\"@type\":\"ListItem\",\"position\":3,\"name\":\"Audi Q5 FY 16-20 BE HALOGENINI\u0172 groteli\u0173 priekiniame bamperyje JUODA + SIDABRIN\u0116 kair\u0117 + de\u0161in\u0117 2 vnt. komplektas\"}]},{\"@type\":\"WebSite\",\"@id\":\"https:\\\/\\\/erformance.eu\\\/et\\\/#website\",\"url\":\"https:\\\/\\\/erformance.eu\\\/et\\\/\",\"name\":\"Erformance.eu\",\"description\":\"Automobili\u0173 dali\u0173 parduotuv\u0117\",\"potentialAction\":[{\"@type\":\"SearchAction\",\"target\":{\"@type\":\"EntryPoint\",\"urlTemplate\":\"https:\\\/\\\/erformance.eu\\\/et\\\/?s={search_term_string}\"},\"query-input\":{\"@type\":\"PropertyValueSpecification\",\"valueRequired\":true,\"valueName\":\"search_term_string\"}}],\"inLanguage\":\"et\"}]}<\/script>\n<!-- \/ Yoast SEO Premium plugin. -->","yoast_head_json":{"title":"Audi Q5 FY 16-20 BE HALOGENINI\u0172 groteli\u0173 priekiniame bamperyje JUODA + SIDABRIN\u0116 kair\u0117 + de\u0161in\u0117 2 vnt. komplektas - Erformance.eu","robots":{"index":"index","follow":"follow","max-snippet":"max-snippet:-1","max-image-preview":"max-image-preview:large","max-video-preview":"max-video-preview:-1"},"canonical":"https:\/\/erformance.eu\/et\/toode\/audi-q5-fy-16-20-be-halogeniniu-groteliu-priekiniame-bamperyje-juoda-sidabrine-kaire-desine-2-vnt-komplektas\/","og_locale":"et_EE","og_type":"article","og_title":"Audi Q5 FY 16-20 BE HALOGENINI\u0172 groteli\u0173 priekiniame bamperyje JUODA + SIDABRIN\u0116 kair\u0117 + de\u0161in\u0117 2 vnt. komplektas","og_description":"1. Prek\u0117: 1 pora (2 vnt.) priekinio bamperio groteli\u01732. \u0160onin\u0117 pus\u0117: kair\u0117 + de\u0161in\u01173. Spalva: juoda + sidabrin\u01174. Gamintojas: pakeitimas5. Automobilis: Audi Q5 FY6. Pagaminimo metai: 2016\u20132020","og_url":"https:\/\/erformance.eu\/et\/toode\/audi-q5-fy-16-20-be-halogeniniu-groteliu-priekiniame-bamperyje-juoda-sidabrine-kaire-desine-2-vnt-komplektas\/","og_site_name":"Erformance.eu","article_modified_time":"2026-03-02T13:16:04+00:00","og_image":[{"width":1200,"height":1200,"url":"https:\/\/erformance.eu\/wp-content\/uploads\/2026\/02\/pol_pm_Audi-Q5-FY-16-20-BEZ-HALOGENOW-atrapka-kratka-w-zderzak-przedni-CZARNA-SILVER-lewa-prawa-2-szt-KPL-35159_1.jpg","type":"image\/jpeg"}],"twitter_card":"summary_large_image","schema":{"@context":"https:\/\/schema.org","@graph":[{"@type":"WebPage","@id":"https:\/\/erformance.eu\/et\/toode\/audi-q5-fy-16-20-be-halogeniniu-groteliu-priekiniame-bamperyje-juoda-sidabrine-kaire-desine-2-vnt-komplektas\/","url":"https:\/\/erformance.eu\/et\/toode\/audi-q5-fy-16-20-be-halogeniniu-groteliu-priekiniame-bamperyje-juoda-sidabrine-kaire-desine-2-vnt-komplektas\/","name":"Audi Q5 FY 16-20 BE HALOGENINI\u0172 groteli\u0173 priekiniame bamperyje JUODA + SIDABRIN\u0116 kair\u0117 + de\u0161in\u0117 2 vnt. komplektas - Erformance.eu","isPartOf":{"@id":"https:\/\/erformance.eu\/et\/#website"},"primaryImageOfPage":{"@id":"https:\/\/erformance.eu\/et\/toode\/audi-q5-fy-16-20-be-halogeniniu-groteliu-priekiniame-bamperyje-juoda-sidabrine-kaire-desine-2-vnt-komplektas\/#primaryimage"},"image":{"@id":"https:\/\/erformance.eu\/et\/toode\/audi-q5-fy-16-20-be-halogeniniu-groteliu-priekiniame-bamperyje-juoda-sidabrine-kaire-desine-2-vnt-komplektas\/#primaryimage"},"thumbnailUrl":"https:\/\/erformance.eu\/wp-content\/uploads\/2026\/02\/pol_pm_Audi-Q5-FY-16-20-BEZ-HALOGENOW-atrapka-kratka-w-zderzak-przedni-CZARNA-SILVER-lewa-prawa-2-szt-KPL-35159_1.jpg","datePublished":"2026-02-16T11:23:58+00:00","dateModified":"2026-03-02T13:16:04+00:00","breadcrumb":{"@id":"https:\/\/erformance.eu\/et\/toode\/audi-q5-fy-16-20-be-halogeniniu-groteliu-priekiniame-bamperyje-juoda-sidabrine-kaire-desine-2-vnt-komplektas\/#breadcrumb"},"inLanguage":"et","potentialAction":[{"@type":"ReadAction","target":["https:\/\/erformance.eu\/et\/toode\/audi-q5-fy-16-20-be-halogeniniu-groteliu-priekiniame-bamperyje-juoda-sidabrine-kaire-desine-2-vnt-komplektas\/"]}]},{"@type":"ImageObject","inLanguage":"et","@id":"https:\/\/erformance.eu\/et\/toode\/audi-q5-fy-16-20-be-halogeniniu-groteliu-priekiniame-bamperyje-juoda-sidabrine-kaire-desine-2-vnt-komplektas\/#primaryimage","url":"https:\/\/erformance.eu\/wp-content\/uploads\/2026\/02\/pol_pm_Audi-Q5-FY-16-20-BEZ-HALOGENOW-atrapka-kratka-w-zderzak-przedni-CZARNA-SILVER-lewa-prawa-2-szt-KPL-35159_1.jpg","contentUrl":"https:\/\/erformance.eu\/wp-content\/uploads\/2026\/02\/pol_pm_Audi-Q5-FY-16-20-BEZ-HALOGENOW-atrapka-kratka-w-zderzak-przedni-CZARNA-SILVER-lewa-prawa-2-szt-KPL-35159_1.jpg","width":1200,"height":1200},{"@type":"BreadcrumbList","@id":"https:\/\/erformance.eu\/et\/toode\/audi-q5-fy-16-20-be-halogeniniu-groteliu-priekiniame-bamperyje-juoda-sidabrine-kaire-desine-2-vnt-komplektas\/#breadcrumb","itemListElement":[{"@type":"ListItem","position":1,"name":"Home","item":"https:\/\/erformance.eu\/et\/"},{"@type":"ListItem","position":2,"name":"Pood","item":"https:\/\/erformance.eu\/et\/pood\/"},{"@type":"ListItem","position":3,"name":"Audi Q5 FY 16-20 BE HALOGENINI\u0172 groteli\u0173 priekiniame bamperyje JUODA + SIDABRIN\u0116 kair\u0117 + de\u0161in\u0117 2 vnt. komplektas"}]},{"@type":"WebSite","@id":"https:\/\/erformance.eu\/et\/#website","url":"https:\/\/erformance.eu\/et\/","name":"Erformance.eu","description":"Automobili\u0173 dali\u0173 parduotuv\u0117","potentialAction":[{"@type":"SearchAction","target":{"@type":"EntryPoint","urlTemplate":"https:\/\/erformance.eu\/et\/?s={search_term_string}"},"query-input":{"@type":"PropertyValueSpecification","valueRequired":true,"valueName":"search_term_string"}}],"inLanguage":"et"}]}},"jetpack_sharing_enabled":true,"_links":{"self":[{"href":"https:\/\/erformance.eu\/et\/wp-json\/wp\/v2\/product\/56978","targetHints":{"allow":["GET"]}}],"collection":[{"href":"https:\/\/erformance.eu\/et\/wp-json\/wp\/v2\/product"}],"about":[{"href":"https:\/\/erformance.eu\/et\/wp-json\/wp\/v2\/types\/product"}],"replies":[{"embeddable":true,"href":"https:\/\/erformance.eu\/et\/wp-json\/wp\/v2\/comments?post=56978"}],"version-history":[{"count":1,"href":"https:\/\/erformance.eu\/et\/wp-json\/wp\/v2\/product\/56978\/revisions"}],"predecessor-version":[{"id":56979,"href":"https:\/\/erformance.eu\/et\/wp-json\/wp\/v2\/product\/56978\/revisions\/56979"}],"wp:featuredmedia":[{"embeddable":true,"href":"https:\/\/erformance.eu\/et\/wp-json\/wp\/v2\/media\/52452"}],"wp:attachment":[{"href":"https:\/\/erformance.eu\/et\/wp-json\/wp\/v2\/media?parent=56978"}],"wp:term":[{"taxonomy":"product_brand","embeddable":true,"href":"https:\/\/erformance.eu\/et\/wp-json\/wp\/v2\/product_brand?post=56978"},{"taxonomy":"product_cat","embeddable":true,"href":"https:\/\/erformance.eu\/et\/wp-json\/wp\/v2\/product_cat?post=56978"},{"taxonomy":"product_tag","embeddable":true,"href":"https:\/\/erformance.eu\/et\/wp-json\/wp\/v2\/product_tag?post=56978"}],"curies":[{"name":"wp","href":"https:\/\/api.w.org\/{rel}","templated":true}]}}