{"id":56980,"date":"2026-02-16T14:23:59","date_gmt":"2026-02-16T11:23:59","guid":{"rendered":"https:\/\/erformance.eu\/?post_type=product&#038;p=56980"},"modified":"2026-03-05T19:45:06","modified_gmt":"2026-03-05T16:45:06","slug":"audi-a1-a3-a4-a5-a6-a7-a8-q3-q5-q7-tt-alyvos-pildymo-angos-dangtelis","status":"publish","type":"product","link":"https:\/\/erformance.eu\/et\/toode\/audi-a1-a3-a4-a5-a6-a7-a8-q3-q5-q7-tt-alyvos-pildymo-angos-dangtelis\/","title":{"rendered":"Audi A1 A3 A4 A5 A6 A7 A8 Q3 Q5 Q7 TT alyvos pildymo angos dangtelis"},"content":{"rendered":"<p>Prek\u0117: alyvos \u012fpylimo dangtelis<br \/>\nOriginalus numeris:<\/p>\n<p>06C103485H<br \/>\n06C103485K<br \/>\n06C103485L<br \/>\n06C103485M<br \/>\n06C103485N<br \/>\n06C103485Q<\/p>\n<p>PASTABA: auk\u0161\u010diau pateikti numeriai yra original\u016bs dali\u0173 numeriai, kuriuos \u0161is pasi\u016blymas pakei\u010dia. Prie\u0161 pirkdami, palyginkite juos su originaliu dalies numeriu. Jei jie skiriasi net vienu simboliu, dalis netiks, neveiks arba veiks netinkamai. Tokiu atveju jos nepirkite.<br \/>\nAutomobilis:<br \/>\nAudi:<\/p>\n<p>A1 (8X1, 8XK) , pagaminimo metai: 2011\u20132015<br \/>\nA1 Sportback (8XA, 8XF) , pagaminimo metai: 2011\u20132015<br \/>\nA3 (8P1) , pagaminimo metai: 2003\u20132012<br \/>\nA3 (8V1, 8VK) , pagaminimo metai: 2012\u20132016<br \/>\nA3 Sportback (8PA) , pagaminimo metai: 2006\u20132013<br \/>\nA3 Sportback (8VA, 8VF), rok produkcji: 2012-2018<br \/>\nA3 kabriolet (8P7), rok produkcji: 2008-2013<br \/>\nA4 Allroad B8 (8KH), rok produkcji: 2009-2016<br \/>\nA4 B5 (8D2), rok produkcji: 2000<br \/>\nA4 B5 Avant (8D5), rok produkcji: 2000-2001<br \/>\nA4 B6 (8E2), rok produkcji: 2000-2004<br \/>\nA4 B6 Avant (8E5), rok produkcji: 2001-2004<br \/>\nA4 B6 kabriolet (8H7), rok produkcji: 2002-2005<br \/>\nA4 B7 (8EC), rok produkcji: 2004-2008<br \/>\nA4 B7 Avant (8ED), rok produkcji: 2004-2008<br \/>\nA4 B7 kabriolet (8HE), rok produkcji: 2006-2009<br \/>\nA4 B8 (8K2), rok produkcji: 08-15<br \/>\nA4 B8 Avant (8K5), rok produkcji: 2007-2015<br \/>\nA5 (8T3), rok produkcji: 2007-2017<br \/>\nA5 Sportback (8TA), rok produkcji: 2009-2017<br \/>\nA5 kabriolet (8F7), rok produkcji: 2009-2017<br \/>\nA6 Allroad C6 (4FH), rok produkcji: 2006-2011<br \/>\nA6 Allroad C7 (4GH, 4GJ), rok produkcji: 2012-2018<br \/>\nA6 C5 (4B2), rok produkcji: 2001-2005<br \/>\nA6 C5 Avant (4B5), rok produkcji: 2001-2005<br \/>\nA6 C6 (4F2), rok produkcji: 2004-2011<br \/>\nA6 C6 Avant (4F5), rok produkcji: 2005-2011<br \/>\nA6 C7 (4G2, 4GC), rok produkcji: 2011-2018<br \/>\nA6 C7 Avant (4G5, 4GD), rok produkcji: 2011-2018<br \/>\nA7 Sportback (4GA, 4GF), rok produkcji: 2011-2015<br \/>\nA8 D3 (4E2, 4E8), rok produkcji: 2002-2010<br \/>\nA8 D4 (4H2, 4H8, 4HC, 4HL), rok produkcji: 2012-2015<br \/>\nALLROAD C5 (4BH), rok produkcji: 2002-2005<br \/>\nQ3 (8UB, 8UG), rok produkcji: 2011-2018<br \/>\nQ5 (8RB), rok produkcji: 2009-2017<br \/>\nQ7 (4LB), rok produkcji: 2006-2015<br \/>\nTT (8J3), rok produkcji: 2008-2014<br \/>\nTT Roadster (8J9), rok produkcji: 2008-2014<\/p>\n<p>Volkswagen:<\/p>\n<p>AMAROK (2HA, 2HB, S1B, S6B, S7A, S7B), rok produkcji: 2010-2012<br \/>\nAMAROK Platforma \/ podwozie (S1B, S6B, S7B), rok produkcji: 2011-2019<br \/>\nBEETLE (5C1, 5C2), rok produkcji: 2011-2016<br \/>\nBEETLE kabriolet (5C7, 5C8), rok produkcji: 2011-2016<br \/>\nCADDY III Furgon\/minivan (2KA, 2KH, 2CA, 2CH), rok produkcji: 2010-2015<br \/>\nCADDY III kombi (2KB, 2KJ, 2CB, 2CJ) 1.6 TDI, rok produkcji: 2010-2015<br \/>\nCADDY III kombi (2KB, 2KJ, 2CB, 2CJ) 1.9 TDI, rok produkcji: 2005-2010<br \/>\nCADDY III kombi (2KB, 2KJ, 2CB, 2CJ) 1.9 TDI 4m, rok produkcji: 2008-2010<br \/>\nCADDY III kombi (2KB, 2KJ, 2CB, 2CJ) 2.0 TDI, rok produkcji: 2007-2015<br \/>\nCADDY III kombi (2KB, 2KJ, 2CB, 2CJ) 2.0 TDI 16V, rok produkcji: 2010-2015<br \/>\nCADDY III kombi (2KB, 2KJ, 2CB, 2CJ) 2.0 TDI 4m, rok produkcji: 2010-2015<br \/>\nCADDY IV Furgon\/minivan (SAA, SAH), rok produkcji: 2015-2020<br \/>\nCC B7 (358), rok produkcji: 2011-2016<br \/>\nCRAFTER 30-35 Autobus (2E_), rok produkcji: 2011-2016<br \/>\nCRAFTER 30-50 Furgon (2E_), rok produkcji: 2011-2016<br \/>\nCRAFTER 30-50 Platforma \/ podwozie (2F_), rok produkcji: 2011-2016<br \/>\nEOS (1F7, 1F8), rok produkcji: 2006-2015<br \/>\nGOLF PLUS V (5M1, 521), rok produkcji: 2009-2013<br \/>\nGOLF PLUS Van (521), rok produkcji: 2009-2014<br \/>\nGOLF V (1K1), rok produkcji: 2003-2009<br \/>\nGOLF V Variant (1K5), rok produkcji: 2007-2009<br \/>\nGOLF VI (5K1), rok produkcji: 2009-2013<br \/>\nGOLF VI Variant (AJ5), rok produkcji: 2009-2013<br \/>\nJETTA III (1K2), rok produkcji: 2005-2010<br \/>\nJETTA IV (162, 163, AV3, AV2), rok produkcji: 2010-2015<br \/>\nMULTIVAN V (7HM, 7HN, 7HF, 7EF, 7EM, 7EN), rok produkcji: 2006-2015<br \/>\nMULTIVAN VI (SGF, SGM, SGN, SHM, SHN), modele produkowane od roku 2015-<br \/>\nNEW BEETLE (9C1, 1C1), rok produkcji: 2005-2010<br \/>\nNEW BEETLE kabriolet (1Y7), rok produkcji: 2005-2010<br \/>\nPASSAT B5.5 (3B3), rok produkcji: 2000-2005<br \/>\nPASSAT B5.5 Variant (3B6), rok produkcji: 2000-2005<br \/>\nPASSAT B6 (3C2), rok produkcji: 2005-2010<br \/>\nPASSAT B6 Variant (3C5), rok produkcji: 2005-2010<br \/>\nPASSAT B7 (362) 10-14, rok produkcji: 2010-2015<br \/>\nPASSAT B7 Variant (365), rok produkcji: 2010-2015<br \/>\nPASSAT CC B6 (357), rok produkcji: 2008-2012<br \/>\nPHAETON (3D1, 3D2, 3D3, 3D4, 3D6, 3D7, 3D8, 3D9), rok produkcji: 2003-2016<br \/>\nPOLO (9N_), rok produkcji: 2005-2009<br \/>\nPOLO V (6R1, 6C1) modele produkowane od roku 2009-<br \/>\nSCIROCCO III (137, 138), rok produkcji: 2008-2017<br \/>\nSHARAN (7M8, 7M9, 7M6), rok produkcji: 2005-2010<br \/>\nSHARAN (7N1, 7N2), rok produkcji: 2010-2015<br \/>\nTIGUAN (5N_), rok produkcji: 2008-2018<br \/>\nTOUAREG (7LA, 7L6, 7L7), rok produkcji: 2004-2010<br \/>\nTOUAREG (7P5, 7P6), rok produkcji: 2010-2018<br \/>\nTOURAN (1T1, 1T2), rok produkcji: 2003-2010<br \/>\nTOURAN (1T3), rok produkcji: 2010-2015<br \/>\nTRANSPORTER T5 Autobus (7HB, 7HJ, 7EB, 7EJ), rok produkcji: 2006-2015<br \/>\nTRANSPORTER T5 Furgon (7HA, 7HH, 7EA, 7EH), rok produkcji: 2006-2015<br \/>\nTRANSPORTER T6 Furgon (SGA, SGH, SHA, SHH), rok produkcji: 2015-2019<br \/>\nVW CADDY III kombi (2KB, 2KJ, 2CB, 2CJ) 1.9 TDI, rok produkcji: 2006-2019<\/p>\n<p>Seat:<\/p>\n<p>ALHAMBRA (710, 711), rok produkcji: 2010-2013<br \/>\nALHAMBRA (7V8, 7V9), rok produkcji: 2005-2010<br \/>\nALTEA (5P1), modele produkowane od roku 2004-<br \/>\nALTEA XL (5P5, 5P8), rok produkcji: 2006-2010<br \/>\nCORDOBA (6L2), rok produkcji: 2002-2009<br \/>\nEXEO (3R2), rok produkcji: 2008-2013<br \/>\nEXEO ST (3R5), rok produkcji: 2009-2013<br \/>\nIBIZA III (6L1), rok produkcji: 2002-2009<br \/>\nIBIZA IV (6J5, 6P1), rok produkcji: 2005-2015<br \/>\nIBIZA IV SC (6J1, 6P5), rok produkcji: 2008-2015<br \/>\nIBIZA IV ST (6J8, 6P8), rok produkcji: 2010-2015<br \/>\nLEON (1P1), rok produkcji: 2005-2012<br \/>\nTOLEDO III (5P2), rok produkcji: 2005-2009<br \/>\nTOLEDO IV (KG3), rok produkcji: 2012-2015<\/p>\n<p>Skoda:<\/p>\n<p>FABIA II (542), rok produkcji: 2007-2014<br \/>\nFABIA II Combi (545), rok produkcji: 2010-2014<br \/>\nOCTAVIA II (1Z3), rok produkcji: 2004-2013<br \/>\nOCTAVIA II Combi (1Z5), rok produkcji: 2004-2013<br \/>\nRAPID (NH3), rok produkcji: 2012-2019<br \/>\nRAPID Spaceback (NH1), rok produkcji: 2012-2019<br \/>\nROOMSTER (5J7), rok produkcji: 2006-2015<br \/>\nROOMSTER Praktik (5J), rok produkcji: 2007-2010<br \/>\nSUPERB I (3U4), rok produkcji: 2005-2008<br \/>\nSUPERB II (3T4), rok produkcji: 2008-2015<br \/>\nSUPERB II Kombi (3T5), rok produkcji: 2009-2015<br \/>\nYETI (5L), rok produkcji: 2009-2017<\/p>\n<p>Producent: zamiennik<br \/>\nStan techniczny: przedmiot jest fabrycznie NOWY, nieu\u017cywany, nieuszkodzony i niezniszczony<\/p>\n","protected":false},"excerpt":{"rendered":"<p>1. Prek\u0117: alyvos \u012fpylimo dangtelis2. Gamintojas: pakeitimas3. Automobilis: Audi* A1* A3* A4 formato* A5* A6* A7* A8* 3 ketvirtis* Q5* Q7* TT<\/p>\n","protected":false},"featured_media":52464,"comment_status":"open","ping_status":"closed","template":"","meta":[],"product_brand":[],"product_cat":[3920,3921,3930,3931,3933,3905,3934,3906,3928,3927,3907,3902,392,186,390,391,394,395,396,144,3908,3909,3910,3911,3913,3912,3914,3916,3917,3918,3919,3935,3922,3923,3924,3925,3929,3903,3958,3949,3974,3963,3954,3945,3969,3959,3950,3964,3955,3946,3970,3960,3951,3965,3956,3947,3971,3961,3952,3942,3967,3957,3948,3973,3962,3953,3943,3968,4165,4156,4170,4161,4152,4176,4166,4157,4147,4172,4162,4153,4178,4167,4158,4148,4173,4163,4154,4179,4168,4159,4150,4174,4164,4155,4169,4160,4151,4175,398,399,400,401],"product_tag":[],"class_list":{"0":"post-56980","1":"product","2":"type-product","3":"status-publish","4":"has-post-thumbnail","6":"product_cat-audi-a7-4g","7":"product_cat-audi-a7-4k","8":"product_cat-audi-q7-4l","9":"product_cat-audi-q7-4m","10":"product_cat-audi-tt-8j","11":"product_cat-audi-a3-8l","12":"product_cat-audi-tt-8n","13":"product_cat-audi-a3-8p","14":"product_cat-audi-q5-8r","15":"product_cat-audi-q3-8u","16":"product_cat-audi-a3-8v","17":"product_cat-audi-a1-8x","18":"product_cat-audi-a1","19":"product_cat-a3","20":"product_cat-audi-a4","21":"product_cat-audi-a5","22":"product_cat-audi-a6","23":"product_cat-audi-a7","24":"product_cat-audi-a8","25":"product_cat-audi","26":"product_cat-audi-a4-b5","27":"product_cat-audi-a4-b6","28":"product_cat-audi-a4-b7","29":"product_cat-audi-a4-b8","30":"product_cat-audi-a5-b8-8t","31":"product_cat-audi-a4-b9","32":"product_cat-audi-a5-b9-f5","33":"product_cat-audi-a6-c4","34":"product_cat-audi-a6-c5","35":"product_cat-audi-a6-c6","36":"product_cat-audi-a6-c7","37":"product_cat-audi-a6-c8","38":"product_cat-audi-a8-d2","39":"product_cat-audi-a8-d3","40":"product_cat-audi-a8-d4","41":"product_cat-audi-a8-d5","42":"product_cat-audi-q5-fy","43":"product_cat-audi-a1-gb","44":"product_cat-audi-a6-c7-isores-dalys","45":"product_cat-audi-a4-b6-isores-dalys","46":"product_cat-audi-tt-8n-isores-dalys","47":"product_cat-audi-a8-d3-isores-dalys","48":"product_cat-audi-a5-b9-f5-isores-dalys","49":"product_cat-audi-a3-8l-isores-dalys","50":"product_cat-audi-q5-fy-isores-dalys","51":"product_cat-audi-a6-c8-isores-dalys","52":"product_cat-audi-a4-b7-isores-dalys","53":"product_cat-audi-a8-d4-isores-dalys","54":"product_cat-audi-a6-c4-isores-dalys","55":"product_cat-audi-a3-8p-isores-dalys","56":"product_cat-audi-q7-4l-isores-dalys","57":"product_cat-audi-a7-4g-isores-dalys","58":"product_cat-audi-a4-b8-isores-dalys","59":"product_cat-audi-a8-d5-isores-dalys","60":"product_cat-audi-a6-c5-isores-dalys","61":"product_cat-audi-a3-8v-isores-dalys","62":"product_cat-audi-q7-4m-isores-dalys","63":"product_cat-audi-a7-4k-isores-dalys","64":"product_cat-audi-a4-b9-isores-dalys","65":"product_cat-audi-a1-8x-isores-dalys","66":"product_cat-audi-q3-8u-isores-dalys","67":"product_cat-audi-a6-c6-isores-dalys","68":"product_cat-audi-a4-b5-isores-dalys","69":"product_cat-audi-tt-8j-isores-dalys","70":"product_cat-audi-a8-d2-isores-dalys","71":"product_cat-audi-a5-b8-8t-isores-dalys","72":"product_cat-audi-a1-gb-isores-dalys","73":"product_cat-audi-q5-8r-isores-dalys","74":"product_cat-audi-a7-4g-isores-kitos-dalys","75":"product_cat-audi-a4-b8-isores-kitos-dalys","76":"product_cat-audi-a8-d5-isores-kitos-dalys","77":"product_cat-audi-a6-c5-isores-kitos-dalys","78":"product_cat-audi-a3-8v-isores-kitos-dalys","79":"product_cat-audi-q7-4m-isores-kitos-dalys","80":"product_cat-audi-a7-4k-isores-kitos-dalys","81":"product_cat-audi-a4-b9-isores-kitos-dalys","82":"product_cat-audi-a1-8x-isores-kitos-dalys","83":"product_cat-audi-q3-8u-isores-kitos-dalys","84":"product_cat-audi-a6-c6-isores-kitos-dalys","85":"product_cat-audi-a4-b5-isores-kitos-dalys","86":"product_cat-audi-tt-8j-isores-kitos-dalys","87":"product_cat-audi-a8-d2-isores-kitos-dalys","88":"product_cat-audi-a5-b8-8t-isores-kitos-dalys","89":"product_cat-audi-a1-gb-isores-kitos-dalys","90":"product_cat-audi-q5-8r-isores-kitos-dalys","91":"product_cat-audi-a6-c7-isores-kitos-dalys","92":"product_cat-audi-a4-b6-isores-kitos-dalys","93":"product_cat-audi-tt-8n-isores-kitos-dalys","94":"product_cat-audi-a8-d3-isores-kitos-dalys","95":"product_cat-audi-a5-b9-f5-isores-kitos-dalys","96":"product_cat-audi-a3-8l-isores-kitos-dalys","97":"product_cat-audi-q5-fy-isores-kitos-dalys","98":"product_cat-audi-a6-c8-isores-kitos-dalys","99":"product_cat-audi-a4-b7-isores-kitos-dalys","100":"product_cat-audi-a8-d4-isores-kitos-dalys","101":"product_cat-audi-a6-c4-isores-kitos-dalys","102":"product_cat-audi-a3-8p-isores-kitos-dalys","103":"product_cat-audi-q7-4l-isores-kitos-dalys","104":"product_cat-audi-q3","105":"product_cat-audi-q5","106":"product_cat-audi-q7","107":"product_cat-audi-tt","109":"first","110":"instock","111":"shipping-taxable","112":"purchasable","113":"product-type-simple"},"yoast_head":"<!-- This site is optimized with the Yoast SEO Premium plugin v25.2 (Yoast SEO v27.4) - https:\/\/yoast.com\/product\/yoast-seo-premium-wordpress\/ -->\n<title>Audi A1 A3 A4 A5 A6 A7 A8 Q3 Q5 Q7 TT alyvos pildymo angos dangtelis - Erformance.eu<\/title>\n<meta name=\"robots\" content=\"index, follow, max-snippet:-1, max-image-preview:large, max-video-preview:-1\" \/>\n<link rel=\"canonical\" href=\"https:\/\/erformance.eu\/et\/toode\/audi-a1-a3-a4-a5-a6-a7-a8-q3-q5-q7-tt-alyvos-pildymo-angos-dangtelis\/\" \/>\n<meta property=\"og:locale\" content=\"et_EE\" \/>\n<meta property=\"og:type\" content=\"article\" \/>\n<meta property=\"og:title\" content=\"Audi A1 A3 A4 A5 A6 A7 A8 Q3 Q5 Q7 TT alyvos pildymo angos dangtelis\" \/>\n<meta property=\"og:description\" content=\"1. Prek\u0117: alyvos \u012fpylimo dangtelis2. Gamintojas: pakeitimas3. Automobilis: Audi* A1* A3* A4 formato* A5* A6* A7* A8* 3 ketvirtis* Q5* Q7* TT\" \/>\n<meta property=\"og:url\" content=\"https:\/\/erformance.eu\/et\/toode\/audi-a1-a3-a4-a5-a6-a7-a8-q3-q5-q7-tt-alyvos-pildymo-angos-dangtelis\/\" \/>\n<meta property=\"og:site_name\" content=\"Erformance.eu\" \/>\n<meta property=\"article:modified_time\" content=\"2026-03-05T16:45:06+00:00\" \/>\n<meta property=\"og:image\" content=\"https:\/\/erformance.eu\/wp-content\/uploads\/2026\/02\/pol_pm_Audi-A1-A3-A4-A5-A6-A7-A8-Q3-Q5-Q7-TT-korek-wlewu-oleju-35481_1.jpg\" \/>\n\t<meta property=\"og:image:width\" content=\"1200\" \/>\n\t<meta property=\"og:image:height\" content=\"1200\" \/>\n\t<meta property=\"og:image:type\" content=\"image\/jpeg\" \/>\n<meta name=\"twitter:card\" content=\"summary_large_image\" \/>\n<meta name=\"twitter:label1\" content=\"Est. reading time\" \/>\n\t<meta name=\"twitter:data1\" content=\"4 minutit\" \/>\n<script type=\"application\/ld+json\" class=\"yoast-schema-graph\">{\"@context\":\"https:\\\/\\\/schema.org\",\"@graph\":[{\"@type\":\"WebPage\",\"@id\":\"https:\\\/\\\/erformance.eu\\\/et\\\/toode\\\/audi-a1-a3-a4-a5-a6-a7-a8-q3-q5-q7-tt-alyvos-pildymo-angos-dangtelis\\\/\",\"url\":\"https:\\\/\\\/erformance.eu\\\/et\\\/toode\\\/audi-a1-a3-a4-a5-a6-a7-a8-q3-q5-q7-tt-alyvos-pildymo-angos-dangtelis\\\/\",\"name\":\"Audi A1 A3 A4 A5 A6 A7 A8 Q3 Q5 Q7 TT alyvos pildymo angos dangtelis - Erformance.eu\",\"isPartOf\":{\"@id\":\"https:\\\/\\\/erformance.eu\\\/et\\\/#website\"},\"primaryImageOfPage\":{\"@id\":\"https:\\\/\\\/erformance.eu\\\/et\\\/toode\\\/audi-a1-a3-a4-a5-a6-a7-a8-q3-q5-q7-tt-alyvos-pildymo-angos-dangtelis\\\/#primaryimage\"},\"image\":{\"@id\":\"https:\\\/\\\/erformance.eu\\\/et\\\/toode\\\/audi-a1-a3-a4-a5-a6-a7-a8-q3-q5-q7-tt-alyvos-pildymo-angos-dangtelis\\\/#primaryimage\"},\"thumbnailUrl\":\"https:\\\/\\\/erformance.eu\\\/wp-content\\\/uploads\\\/2026\\\/02\\\/pol_pm_Audi-A1-A3-A4-A5-A6-A7-A8-Q3-Q5-Q7-TT-korek-wlewu-oleju-35481_1.jpg\",\"datePublished\":\"2026-02-16T11:23:59+00:00\",\"dateModified\":\"2026-03-05T16:45:06+00:00\",\"breadcrumb\":{\"@id\":\"https:\\\/\\\/erformance.eu\\\/et\\\/toode\\\/audi-a1-a3-a4-a5-a6-a7-a8-q3-q5-q7-tt-alyvos-pildymo-angos-dangtelis\\\/#breadcrumb\"},\"inLanguage\":\"et\",\"potentialAction\":[{\"@type\":\"ReadAction\",\"target\":[\"https:\\\/\\\/erformance.eu\\\/et\\\/toode\\\/audi-a1-a3-a4-a5-a6-a7-a8-q3-q5-q7-tt-alyvos-pildymo-angos-dangtelis\\\/\"]}]},{\"@type\":\"ImageObject\",\"inLanguage\":\"et\",\"@id\":\"https:\\\/\\\/erformance.eu\\\/et\\\/toode\\\/audi-a1-a3-a4-a5-a6-a7-a8-q3-q5-q7-tt-alyvos-pildymo-angos-dangtelis\\\/#primaryimage\",\"url\":\"https:\\\/\\\/erformance.eu\\\/wp-content\\\/uploads\\\/2026\\\/02\\\/pol_pm_Audi-A1-A3-A4-A5-A6-A7-A8-Q3-Q5-Q7-TT-korek-wlewu-oleju-35481_1.jpg\",\"contentUrl\":\"https:\\\/\\\/erformance.eu\\\/wp-content\\\/uploads\\\/2026\\\/02\\\/pol_pm_Audi-A1-A3-A4-A5-A6-A7-A8-Q3-Q5-Q7-TT-korek-wlewu-oleju-35481_1.jpg\",\"width\":1200,\"height\":1200},{\"@type\":\"BreadcrumbList\",\"@id\":\"https:\\\/\\\/erformance.eu\\\/et\\\/toode\\\/audi-a1-a3-a4-a5-a6-a7-a8-q3-q5-q7-tt-alyvos-pildymo-angos-dangtelis\\\/#breadcrumb\",\"itemListElement\":[{\"@type\":\"ListItem\",\"position\":1,\"name\":\"Home\",\"item\":\"https:\\\/\\\/erformance.eu\\\/et\\\/\"},{\"@type\":\"ListItem\",\"position\":2,\"name\":\"Pood\",\"item\":\"https:\\\/\\\/erformance.eu\\\/et\\\/pood\\\/\"},{\"@type\":\"ListItem\",\"position\":3,\"name\":\"Audi A1 A3 A4 A5 A6 A7 A8 Q3 Q5 Q7 TT alyvos pildymo angos dangtelis\"}]},{\"@type\":\"WebSite\",\"@id\":\"https:\\\/\\\/erformance.eu\\\/et\\\/#website\",\"url\":\"https:\\\/\\\/erformance.eu\\\/et\\\/\",\"name\":\"Erformance.eu\",\"description\":\"Automobili\u0173 dali\u0173 parduotuv\u0117\",\"potentialAction\":[{\"@type\":\"SearchAction\",\"target\":{\"@type\":\"EntryPoint\",\"urlTemplate\":\"https:\\\/\\\/erformance.eu\\\/et\\\/?s={search_term_string}\"},\"query-input\":{\"@type\":\"PropertyValueSpecification\",\"valueRequired\":true,\"valueName\":\"search_term_string\"}}],\"inLanguage\":\"et\"}]}<\/script>\n<!-- \/ Yoast SEO Premium plugin. -->","yoast_head_json":{"title":"Audi A1 A3 A4 A5 A6 A7 A8 Q3 Q5 Q7 TT alyvos pildymo angos dangtelis - Erformance.eu","robots":{"index":"index","follow":"follow","max-snippet":"max-snippet:-1","max-image-preview":"max-image-preview:large","max-video-preview":"max-video-preview:-1"},"canonical":"https:\/\/erformance.eu\/et\/toode\/audi-a1-a3-a4-a5-a6-a7-a8-q3-q5-q7-tt-alyvos-pildymo-angos-dangtelis\/","og_locale":"et_EE","og_type":"article","og_title":"Audi A1 A3 A4 A5 A6 A7 A8 Q3 Q5 Q7 TT alyvos pildymo angos dangtelis","og_description":"1. Prek\u0117: alyvos \u012fpylimo dangtelis2. Gamintojas: pakeitimas3. Automobilis: Audi* A1* A3* A4 formato* A5* A6* A7* A8* 3 ketvirtis* Q5* Q7* TT","og_url":"https:\/\/erformance.eu\/et\/toode\/audi-a1-a3-a4-a5-a6-a7-a8-q3-q5-q7-tt-alyvos-pildymo-angos-dangtelis\/","og_site_name":"Erformance.eu","article_modified_time":"2026-03-05T16:45:06+00:00","og_image":[{"width":1200,"height":1200,"url":"https:\/\/erformance.eu\/wp-content\/uploads\/2026\/02\/pol_pm_Audi-A1-A3-A4-A5-A6-A7-A8-Q3-Q5-Q7-TT-korek-wlewu-oleju-35481_1.jpg","type":"image\/jpeg"}],"twitter_card":"summary_large_image","twitter_misc":{"Est. reading time":"4 minutit"},"schema":{"@context":"https:\/\/schema.org","@graph":[{"@type":"WebPage","@id":"https:\/\/erformance.eu\/et\/toode\/audi-a1-a3-a4-a5-a6-a7-a8-q3-q5-q7-tt-alyvos-pildymo-angos-dangtelis\/","url":"https:\/\/erformance.eu\/et\/toode\/audi-a1-a3-a4-a5-a6-a7-a8-q3-q5-q7-tt-alyvos-pildymo-angos-dangtelis\/","name":"Audi A1 A3 A4 A5 A6 A7 A8 Q3 Q5 Q7 TT alyvos pildymo angos dangtelis - Erformance.eu","isPartOf":{"@id":"https:\/\/erformance.eu\/et\/#website"},"primaryImageOfPage":{"@id":"https:\/\/erformance.eu\/et\/toode\/audi-a1-a3-a4-a5-a6-a7-a8-q3-q5-q7-tt-alyvos-pildymo-angos-dangtelis\/#primaryimage"},"image":{"@id":"https:\/\/erformance.eu\/et\/toode\/audi-a1-a3-a4-a5-a6-a7-a8-q3-q5-q7-tt-alyvos-pildymo-angos-dangtelis\/#primaryimage"},"thumbnailUrl":"https:\/\/erformance.eu\/wp-content\/uploads\/2026\/02\/pol_pm_Audi-A1-A3-A4-A5-A6-A7-A8-Q3-Q5-Q7-TT-korek-wlewu-oleju-35481_1.jpg","datePublished":"2026-02-16T11:23:59+00:00","dateModified":"2026-03-05T16:45:06+00:00","breadcrumb":{"@id":"https:\/\/erformance.eu\/et\/toode\/audi-a1-a3-a4-a5-a6-a7-a8-q3-q5-q7-tt-alyvos-pildymo-angos-dangtelis\/#breadcrumb"},"inLanguage":"et","potentialAction":[{"@type":"ReadAction","target":["https:\/\/erformance.eu\/et\/toode\/audi-a1-a3-a4-a5-a6-a7-a8-q3-q5-q7-tt-alyvos-pildymo-angos-dangtelis\/"]}]},{"@type":"ImageObject","inLanguage":"et","@id":"https:\/\/erformance.eu\/et\/toode\/audi-a1-a3-a4-a5-a6-a7-a8-q3-q5-q7-tt-alyvos-pildymo-angos-dangtelis\/#primaryimage","url":"https:\/\/erformance.eu\/wp-content\/uploads\/2026\/02\/pol_pm_Audi-A1-A3-A4-A5-A6-A7-A8-Q3-Q5-Q7-TT-korek-wlewu-oleju-35481_1.jpg","contentUrl":"https:\/\/erformance.eu\/wp-content\/uploads\/2026\/02\/pol_pm_Audi-A1-A3-A4-A5-A6-A7-A8-Q3-Q5-Q7-TT-korek-wlewu-oleju-35481_1.jpg","width":1200,"height":1200},{"@type":"BreadcrumbList","@id":"https:\/\/erformance.eu\/et\/toode\/audi-a1-a3-a4-a5-a6-a7-a8-q3-q5-q7-tt-alyvos-pildymo-angos-dangtelis\/#breadcrumb","itemListElement":[{"@type":"ListItem","position":1,"name":"Home","item":"https:\/\/erformance.eu\/et\/"},{"@type":"ListItem","position":2,"name":"Pood","item":"https:\/\/erformance.eu\/et\/pood\/"},{"@type":"ListItem","position":3,"name":"Audi A1 A3 A4 A5 A6 A7 A8 Q3 Q5 Q7 TT alyvos pildymo angos dangtelis"}]},{"@type":"WebSite","@id":"https:\/\/erformance.eu\/et\/#website","url":"https:\/\/erformance.eu\/et\/","name":"Erformance.eu","description":"Automobili\u0173 dali\u0173 parduotuv\u0117","potentialAction":[{"@type":"SearchAction","target":{"@type":"EntryPoint","urlTemplate":"https:\/\/erformance.eu\/et\/?s={search_term_string}"},"query-input":{"@type":"PropertyValueSpecification","valueRequired":true,"valueName":"search_term_string"}}],"inLanguage":"et"}]}},"jetpack_sharing_enabled":true,"_links":{"self":[{"href":"https:\/\/erformance.eu\/et\/wp-json\/wp\/v2\/product\/56980","targetHints":{"allow":["GET"]}}],"collection":[{"href":"https:\/\/erformance.eu\/et\/wp-json\/wp\/v2\/product"}],"about":[{"href":"https:\/\/erformance.eu\/et\/wp-json\/wp\/v2\/types\/product"}],"replies":[{"embeddable":true,"href":"https:\/\/erformance.eu\/et\/wp-json\/wp\/v2\/comments?post=56980"}],"version-history":[{"count":1,"href":"https:\/\/erformance.eu\/et\/wp-json\/wp\/v2\/product\/56980\/revisions"}],"predecessor-version":[{"id":56981,"href":"https:\/\/erformance.eu\/et\/wp-json\/wp\/v2\/product\/56980\/revisions\/56981"}],"wp:featuredmedia":[{"embeddable":true,"href":"https:\/\/erformance.eu\/et\/wp-json\/wp\/v2\/media\/52464"}],"wp:attachment":[{"href":"https:\/\/erformance.eu\/et\/wp-json\/wp\/v2\/media?parent=56980"}],"wp:term":[{"taxonomy":"product_brand","embeddable":true,"href":"https:\/\/erformance.eu\/et\/wp-json\/wp\/v2\/product_brand?post=56980"},{"taxonomy":"product_cat","embeddable":true,"href":"https:\/\/erformance.eu\/et\/wp-json\/wp\/v2\/product_cat?post=56980"},{"taxonomy":"product_tag","embeddable":true,"href":"https:\/\/erformance.eu\/et\/wp-json\/wp\/v2\/product_tag?post=56980"}],"curies":[{"name":"wp","href":"https:\/\/api.w.org\/{rel}","templated":true}]}}