{"id":56998,"date":"2026-02-16T14:24:10","date_gmt":"2026-02-16T11:24:10","guid":{"rendered":"https:\/\/erformance.eu\/?post_type=product&#038;p=56998"},"modified":"2026-03-05T19:42:51","modified_gmt":"2026-03-05T16:42:51","slug":"audi-a1-a3-a4-a5-a7-a8-q2-q3-q5-q7-tt-1-8t-2-0t-benzino-alyvos-filtro-jungtis","status":"publish","type":"product","link":"https:\/\/erformance.eu\/et\/toode\/audi-a1-a3-a4-a5-a7-a8-q2-q3-q5-q7-tt-1-8t-2-0t-benzino-alyvos-filtro-jungtis\/","title":{"rendered":"Audi A1 A3 A4 A5 A7 A8 Q2 Q3 Q5 Q7 TT 1.8T \/ 2.0T Benzino alyvos filtro jungtis"},"content":{"rendered":"<p>Prek\u0117: VAKUMINIO siurblio jungtis<br \/>\nOriginalus numeris:<\/p>\n<p>06L115678Q<br \/>\n06K115441B<br \/>\n06K115678A<br \/>\n95811567820<\/p>\n<p>PASTABA: auk\u0161\u010diau pateikti numeriai yra original\u016bs dali\u0173 numeriai, kuriuos \u0161is pasi\u016blymas pakei\u010dia. Prie\u0161 pirkdami, palyginkite juos su originaliu dalies numeriu. Jei jie skiriasi net vienu simboliu, dalis netiks, neveiks arba veiks netinkamai. Tokiu atveju jos nepirkite.<br \/>\nAutomobilis:<\/p>\n<p>\u201eAudi A1\u201c , modeliai, pagaminti nuo: 2015 m.<br \/>\n\u201eAudi A3\/S3\/Cabriolet\u201c gamybos metai: 2017\u20132021<br \/>\n\u201eAudi A3\/S3\/RS3\u201c , modeliai, pagaminti nuo: 2022 m.<br \/>\n\u201eAudi A4\/S4\/Avant\u201c , modeliai, pagaminti nuo: 2013 m.<br \/>\n\u201eAudi A5\/S5\u201c kabrioletas \/ kup\u0117 \/ \u201eSportback\u201c , modeliai, pagaminti nuo: 2017 m.<br \/>\n\u201eAudi A6\/S6\/Avant\/quattro\u201c , modeliai, pagaminti nuo: 2015 m.<br \/>\n\u201eAudi A7 Sportback\u201c , modeliai, pagaminti nuo: 2015 m.<br \/>\n\u201eAudi A8\/S8\/quattro\u201c , modeliai, pagaminti nuo: 2014 m.<br \/>\n\u201eAudi Q2\u201c , modeliai, pagaminti nuo: 2017 m.<br \/>\n\u201eAudi Q3\u201c \/ \u201eSportback\u201c , modeliai, pagaminti nuo: 2015 m.<br \/>\n\u201eAudi Q5\u201c \/ \u201eSportback\u201c , modeliai, pagaminti nuo: 2017 m.<br \/>\n\u201eAudi Q7\u201c , modeliai, pagaminti nuo: 2016 m.<br \/>\n\u201eAudi Q8\u201c , modeliai, pagaminti nuo: 2019 m.<br \/>\n\u201eAudi TT\/TTS\u201c kup\u0117\/rodsteris, pagaminimo metai: 2015\u20132024<br \/>\nSkoda Karoq , modeliai gaminami nuo: 2018 m.<br \/>\nSkoda Kodiaq , modeliai gaminami nuo: 2017 m.<br \/>\n\u201eSkoda Octavia\u201c , modeliai, pagaminti nuo: 2013 m.<br \/>\n\u201eSkoda Superb\u201c , modeliai, pagaminti nuo: 2015 m.<br \/>\n\u201eVolkswagen Arteon\u201c , modeliai, pagaminti nuo: 2017 m.<br \/>\n\u201eVolkswagen Atlas Cross Sport\u201c gamybos metai: 2020\u20132023<br \/>\n\u201eVolkswagen Beetle\u201c \/ \u201eCabrio\u201c gamybos metai: 2017\u20132019<br \/>\n\u201eVolkswagen Golf\u201c , modeliai, pagaminti nuo: 2013 m.<br \/>\n\u201eVolkswagen Jetta\u201c gamybos metai: 2015\u20132018<br \/>\n\u201eVolkswagen Passat\u201c , modeliai, pagaminti nuo: 2013 m.<br \/>\n\u201eVolkswagen Polo\u201c , modeliai, pagaminti nuo: 2018 m.<br \/>\n\u201eVolkswagen Teramont\u201c gamybos metai: 2018\u20132023<br \/>\n\u201eVolkswagen Tiguan\u201c , modeliai, pagaminti nuo: 2016 m.<br \/>\n\u201eVolkswagen Tiguan Allspace\u201c , modeliai, pagaminti nuo: 2018 m.<br \/>\n\u201eVolkswagen Touareg\u201c , modeliai, pagaminti nuo: 2018 m.<br \/>\n\u201eVolkswagen Transporter\u201c \/ \u201eCampmob.\u201c \/ \u201eMultivan\u201c , modeliai, pagaminti nuo: 2022 m.<br \/>\n\u201eVolkswagen T-Roc\u201c , modeliai, pagaminti nuo: 2018 m.<br \/>\n\u201eSeat Ateca\u201c , modeliai, pagaminti nuo: 2016 m.<br \/>\n\u201eCupra Formentor\u201c , modeliai, pagaminti nuo: 2021 m.<br \/>\n\u201eSeat Ibiza\u201c \/ \u201eST\u201c gamybos metai: 2016\u20132017<br \/>\n\u201eSeat Leon\u201c , modeliai, pagaminti nuo: 2017 m.<br \/>\n\u201eSeat Tarraco\u201c , modeliai, pagaminti nuo: 2019 m.<\/p>\n<p>Tinka varikliams: Benzininis 1.8T \/ 2.0T<br \/>\nGamintojas: pakaitalas<br \/>\nTechnin\u0117 b\u016bkl\u0117: prek\u0117 yra visi\u0161kai nauja, nenaudota, nepa\u017eeista ir nesugadinta<\/p>\n","protected":false},"excerpt":{"rendered":"<p>1. Prek\u0117: alyvos filtro adapteris2. Gamintojas: pakeitimas3. Automobilis:Audi A1Audi A3Audi A4Audi A5Audi A7Audi A8Audi Q2Audi Q3Audi Q5Audi Q7Audi TT4. Variklis: Benzinas 1.8T \/ 2.0T<\/p>\n","protected":false},"featured_media":52548,"comment_status":"open","ping_status":"closed","template":"","meta":[],"product_brand":[],"product_cat":[3920,3921,3930,3931,3933,3905,3934,3906,3928,3927,3907,3902,392,186,390,391,394,395,396,144,3908,3909,3910,3911,3913,3912,3914,3916,3917,3918,3919,3935,3922,3923,3924,3925,3929,3926,3903,3956,3947,3970,3961,3952,3942,3966,3957,3948,3971,3962,3953,3943,3967,3958,3949,3973,3963,3954,3945,3968,3959,3950,3974,3964,3955,3946,3969,3960,3951,3965,4162,4153,4176,4167,4158,4148,4172,4163,4154,4178,4168,4159,4150,4173,4164,4155,4179,4169,4160,4151,4174,4165,4156,4170,4161,4152,4175,4166,4157,4147,4171,397,398,399,400,401],"product_tag":[],"class_list":{"0":"post-56998","1":"product","2":"type-product","3":"status-publish","4":"has-post-thumbnail","6":"product_cat-audi-a7-4g","7":"product_cat-audi-a7-4k","8":"product_cat-audi-q7-4l","9":"product_cat-audi-q7-4m","10":"product_cat-audi-tt-8j","11":"product_cat-audi-a3-8l","12":"product_cat-audi-tt-8n","13":"product_cat-audi-a3-8p","14":"product_cat-audi-q5-8r","15":"product_cat-audi-q3-8u","16":"product_cat-audi-a3-8v","17":"product_cat-audi-a1-8x","18":"product_cat-audi-a1","19":"product_cat-a3","20":"product_cat-audi-a4","21":"product_cat-audi-a5","22":"product_cat-audi-a6","23":"product_cat-audi-a7","24":"product_cat-audi-a8","25":"product_cat-audi","26":"product_cat-audi-a4-b5","27":"product_cat-audi-a4-b6","28":"product_cat-audi-a4-b7","29":"product_cat-audi-a4-b8","30":"product_cat-audi-a5-b8-8t","31":"product_cat-audi-a4-b9","32":"product_cat-audi-a5-b9-f5","33":"product_cat-audi-a6-c4","34":"product_cat-audi-a6-c5","35":"product_cat-audi-a6-c6","36":"product_cat-audi-a6-c7","37":"product_cat-audi-a6-c8","38":"product_cat-audi-a8-d2","39":"product_cat-audi-a8-d3","40":"product_cat-audi-a8-d4","41":"product_cat-audi-a8-d5","42":"product_cat-audi-q5-fy","43":"product_cat-audi-q2-ga","44":"product_cat-audi-a1-gb","45":"product_cat-audi-a6-c5-isores-dalys","46":"product_cat-audi-a3-8v-isores-dalys","47":"product_cat-audi-q7-4l-isores-dalys","48":"product_cat-audi-a7-4k-isores-dalys","49":"product_cat-audi-a4-b9-isores-dalys","50":"product_cat-audi-a1-8x-isores-dalys","51":"product_cat-audi-q2-ga-isores-dalys","52":"product_cat-audi-a6-c6-isores-dalys","53":"product_cat-audi-a4-b5-isores-dalys","54":"product_cat-audi-q7-4m-isores-dalys","55":"product_cat-audi-a8-d2-isores-dalys","56":"product_cat-audi-a5-b8-8t-isores-dalys","57":"product_cat-audi-a1-gb-isores-dalys","58":"product_cat-audi-q3-8u-isores-dalys","59":"product_cat-audi-a6-c7-isores-dalys","60":"product_cat-audi-a4-b6-isores-dalys","61":"product_cat-audi-tt-8j-isores-dalys","62":"product_cat-audi-a8-d3-isores-dalys","63":"product_cat-audi-a5-b9-f5-isores-dalys","64":"product_cat-audi-a3-8l-isores-dalys","65":"product_cat-audi-q5-8r-isores-dalys","66":"product_cat-audi-a6-c8-isores-dalys","67":"product_cat-audi-a4-b7-isores-dalys","68":"product_cat-audi-tt-8n-isores-dalys","69":"product_cat-audi-a8-d4-isores-dalys","70":"product_cat-audi-a6-c4-isores-dalys","71":"product_cat-audi-a3-8p-isores-dalys","72":"product_cat-audi-q5-fy-isores-dalys","73":"product_cat-audi-a7-4g-isores-dalys","74":"product_cat-audi-a4-b8-isores-dalys","75":"product_cat-audi-a8-d5-isores-dalys","76":"product_cat-audi-a6-c6-isores-kitos-dalys","77":"product_cat-audi-a4-b5-isores-kitos-dalys","78":"product_cat-audi-q7-4m-isores-kitos-dalys","79":"product_cat-audi-a8-d2-isores-kitos-dalys","80":"product_cat-audi-a5-b8-8t-isores-kitos-dalys","81":"product_cat-audi-a1-gb-isores-kitos-dalys","82":"product_cat-audi-q3-8u-isores-kitos-dalys","83":"product_cat-audi-a6-c7-isores-kitos-dalys","84":"product_cat-audi-a4-b6-isores-kitos-dalys","85":"product_cat-audi-tt-8j-isores-kitos-dalys","86":"product_cat-audi-a8-d3-isores-kitos-dalys","87":"product_cat-audi-a5-b9-f5-isores-kitos-dalys","88":"product_cat-audi-a3-8l-isores-kitos-dalys","89":"product_cat-audi-q5-8r-isores-kitos-dalys","90":"product_cat-audi-a6-c8-isores-kitos-dalys","91":"product_cat-audi-a4-b7-isores-kitos-dalys","92":"product_cat-audi-tt-8n-isores-kitos-dalys","93":"product_cat-audi-a8-d4-isores-kitos-dalys","94":"product_cat-audi-a6-c4-isores-kitos-dalys","95":"product_cat-audi-a3-8p-isores-kitos-dalys","96":"product_cat-audi-q5-fy-isores-kitos-dalys","97":"product_cat-audi-a7-4g-isores-kitos-dalys","98":"product_cat-audi-a4-b8-isores-kitos-dalys","99":"product_cat-audi-a8-d5-isores-kitos-dalys","100":"product_cat-audi-a6-c5-isores-kitos-dalys","101":"product_cat-audi-a3-8v-isores-kitos-dalys","102":"product_cat-audi-q7-4l-isores-kitos-dalys","103":"product_cat-audi-a7-4k-isores-kitos-dalys","104":"product_cat-audi-a4-b9-isores-kitos-dalys","105":"product_cat-audi-a1-8x-isores-kitos-dalys","106":"product_cat-audi-q2-ga-isores-kitos-dalys","107":"product_cat-audi-q2","108":"product_cat-audi-q3","109":"product_cat-audi-q5","110":"product_cat-audi-q7","111":"product_cat-audi-tt","113":"first","114":"instock","115":"shipping-taxable","116":"purchasable","117":"product-type-simple"},"yoast_head":"<!-- This site is optimized with the Yoast SEO Premium plugin v25.2 (Yoast SEO v27.4) - https:\/\/yoast.com\/product\/yoast-seo-premium-wordpress\/ -->\n<title>Audi A1 A3 A4 A5 A7 A8 Q2 Q3 Q5 Q7 TT 1.8T \/ 2.0T Benzino alyvos filtro jungtis - Erformance.eu<\/title>\n<meta name=\"robots\" content=\"index, follow, max-snippet:-1, max-image-preview:large, max-video-preview:-1\" \/>\n<link rel=\"canonical\" href=\"https:\/\/erformance.eu\/et\/toode\/audi-a1-a3-a4-a5-a7-a8-q2-q3-q5-q7-tt-1-8t-2-0t-benzino-alyvos-filtro-jungtis\/\" \/>\n<meta property=\"og:locale\" content=\"et_EE\" \/>\n<meta property=\"og:type\" content=\"article\" \/>\n<meta property=\"og:title\" content=\"Audi A1 A3 A4 A5 A7 A8 Q2 Q3 Q5 Q7 TT 1.8T \/ 2.0T Benzino alyvos filtro jungtis\" \/>\n<meta property=\"og:description\" content=\"1. Prek\u0117: alyvos filtro adapteris2. Gamintojas: pakeitimas3. Automobilis:Audi A1Audi A3Audi A4Audi A5Audi A7Audi A8Audi Q2Audi Q3Audi Q5Audi Q7Audi TT4. Variklis: Benzinas 1.8T \/ 2.0T\" \/>\n<meta property=\"og:url\" content=\"https:\/\/erformance.eu\/et\/toode\/audi-a1-a3-a4-a5-a7-a8-q2-q3-q5-q7-tt-1-8t-2-0t-benzino-alyvos-filtro-jungtis\/\" \/>\n<meta property=\"og:site_name\" content=\"Erformance.eu\" \/>\n<meta property=\"article:modified_time\" content=\"2026-03-05T16:42:51+00:00\" \/>\n<meta property=\"og:image\" content=\"https:\/\/erformance.eu\/wp-content\/uploads\/2026\/02\/pol_pm_Audi-A1-A3-A4-A5-A7-A8-Q2-Q3-Q5-Q7-TT-1-8T-2-0T-Benzyna-krociec-filtra-oleju-37636_1.jpg\" \/>\n\t<meta property=\"og:image:width\" content=\"1200\" \/>\n\t<meta property=\"og:image:height\" content=\"1191\" \/>\n\t<meta property=\"og:image:type\" content=\"image\/jpeg\" \/>\n<meta name=\"twitter:card\" content=\"summary_large_image\" \/>\n<meta name=\"twitter:label1\" content=\"Est. reading time\" \/>\n\t<meta name=\"twitter:data1\" content=\"2 minutit\" \/>\n<script type=\"application\/ld+json\" class=\"yoast-schema-graph\">{\"@context\":\"https:\\\/\\\/schema.org\",\"@graph\":[{\"@type\":\"WebPage\",\"@id\":\"https:\\\/\\\/erformance.eu\\\/et\\\/toode\\\/audi-a1-a3-a4-a5-a7-a8-q2-q3-q5-q7-tt-1-8t-2-0t-benzino-alyvos-filtro-jungtis\\\/\",\"url\":\"https:\\\/\\\/erformance.eu\\\/et\\\/toode\\\/audi-a1-a3-a4-a5-a7-a8-q2-q3-q5-q7-tt-1-8t-2-0t-benzino-alyvos-filtro-jungtis\\\/\",\"name\":\"Audi A1 A3 A4 A5 A7 A8 Q2 Q3 Q5 Q7 TT 1.8T \\\/ 2.0T Benzino alyvos filtro jungtis - Erformance.eu\",\"isPartOf\":{\"@id\":\"https:\\\/\\\/erformance.eu\\\/et\\\/#website\"},\"primaryImageOfPage\":{\"@id\":\"https:\\\/\\\/erformance.eu\\\/et\\\/toode\\\/audi-a1-a3-a4-a5-a7-a8-q2-q3-q5-q7-tt-1-8t-2-0t-benzino-alyvos-filtro-jungtis\\\/#primaryimage\"},\"image\":{\"@id\":\"https:\\\/\\\/erformance.eu\\\/et\\\/toode\\\/audi-a1-a3-a4-a5-a7-a8-q2-q3-q5-q7-tt-1-8t-2-0t-benzino-alyvos-filtro-jungtis\\\/#primaryimage\"},\"thumbnailUrl\":\"https:\\\/\\\/erformance.eu\\\/wp-content\\\/uploads\\\/2026\\\/02\\\/pol_pm_Audi-A1-A3-A4-A5-A7-A8-Q2-Q3-Q5-Q7-TT-1-8T-2-0T-Benzyna-krociec-filtra-oleju-37636_1.jpg\",\"datePublished\":\"2026-02-16T11:24:10+00:00\",\"dateModified\":\"2026-03-05T16:42:51+00:00\",\"breadcrumb\":{\"@id\":\"https:\\\/\\\/erformance.eu\\\/et\\\/toode\\\/audi-a1-a3-a4-a5-a7-a8-q2-q3-q5-q7-tt-1-8t-2-0t-benzino-alyvos-filtro-jungtis\\\/#breadcrumb\"},\"inLanguage\":\"et\",\"potentialAction\":[{\"@type\":\"ReadAction\",\"target\":[\"https:\\\/\\\/erformance.eu\\\/et\\\/toode\\\/audi-a1-a3-a4-a5-a7-a8-q2-q3-q5-q7-tt-1-8t-2-0t-benzino-alyvos-filtro-jungtis\\\/\"]}]},{\"@type\":\"ImageObject\",\"inLanguage\":\"et\",\"@id\":\"https:\\\/\\\/erformance.eu\\\/et\\\/toode\\\/audi-a1-a3-a4-a5-a7-a8-q2-q3-q5-q7-tt-1-8t-2-0t-benzino-alyvos-filtro-jungtis\\\/#primaryimage\",\"url\":\"https:\\\/\\\/erformance.eu\\\/wp-content\\\/uploads\\\/2026\\\/02\\\/pol_pm_Audi-A1-A3-A4-A5-A7-A8-Q2-Q3-Q5-Q7-TT-1-8T-2-0T-Benzyna-krociec-filtra-oleju-37636_1.jpg\",\"contentUrl\":\"https:\\\/\\\/erformance.eu\\\/wp-content\\\/uploads\\\/2026\\\/02\\\/pol_pm_Audi-A1-A3-A4-A5-A7-A8-Q2-Q3-Q5-Q7-TT-1-8T-2-0T-Benzyna-krociec-filtra-oleju-37636_1.jpg\",\"width\":1200,\"height\":1191},{\"@type\":\"BreadcrumbList\",\"@id\":\"https:\\\/\\\/erformance.eu\\\/et\\\/toode\\\/audi-a1-a3-a4-a5-a7-a8-q2-q3-q5-q7-tt-1-8t-2-0t-benzino-alyvos-filtro-jungtis\\\/#breadcrumb\",\"itemListElement\":[{\"@type\":\"ListItem\",\"position\":1,\"name\":\"Home\",\"item\":\"https:\\\/\\\/erformance.eu\\\/et\\\/\"},{\"@type\":\"ListItem\",\"position\":2,\"name\":\"Pood\",\"item\":\"https:\\\/\\\/erformance.eu\\\/et\\\/pood\\\/\"},{\"@type\":\"ListItem\",\"position\":3,\"name\":\"Audi A1 A3 A4 A5 A7 A8 Q2 Q3 Q5 Q7 TT 1.8T \\\/ 2.0T Benzino alyvos filtro jungtis\"}]},{\"@type\":\"WebSite\",\"@id\":\"https:\\\/\\\/erformance.eu\\\/et\\\/#website\",\"url\":\"https:\\\/\\\/erformance.eu\\\/et\\\/\",\"name\":\"Erformance.eu\",\"description\":\"Automobili\u0173 dali\u0173 parduotuv\u0117\",\"potentialAction\":[{\"@type\":\"SearchAction\",\"target\":{\"@type\":\"EntryPoint\",\"urlTemplate\":\"https:\\\/\\\/erformance.eu\\\/et\\\/?s={search_term_string}\"},\"query-input\":{\"@type\":\"PropertyValueSpecification\",\"valueRequired\":true,\"valueName\":\"search_term_string\"}}],\"inLanguage\":\"et\"}]}<\/script>\n<!-- \/ Yoast SEO Premium plugin. -->","yoast_head_json":{"title":"Audi A1 A3 A4 A5 A7 A8 Q2 Q3 Q5 Q7 TT 1.8T \/ 2.0T Benzino alyvos filtro jungtis - Erformance.eu","robots":{"index":"index","follow":"follow","max-snippet":"max-snippet:-1","max-image-preview":"max-image-preview:large","max-video-preview":"max-video-preview:-1"},"canonical":"https:\/\/erformance.eu\/et\/toode\/audi-a1-a3-a4-a5-a7-a8-q2-q3-q5-q7-tt-1-8t-2-0t-benzino-alyvos-filtro-jungtis\/","og_locale":"et_EE","og_type":"article","og_title":"Audi A1 A3 A4 A5 A7 A8 Q2 Q3 Q5 Q7 TT 1.8T \/ 2.0T Benzino alyvos filtro jungtis","og_description":"1. Prek\u0117: alyvos filtro adapteris2. Gamintojas: pakeitimas3. Automobilis:Audi A1Audi A3Audi A4Audi A5Audi A7Audi A8Audi Q2Audi Q3Audi Q5Audi Q7Audi TT4. Variklis: Benzinas 1.8T \/ 2.0T","og_url":"https:\/\/erformance.eu\/et\/toode\/audi-a1-a3-a4-a5-a7-a8-q2-q3-q5-q7-tt-1-8t-2-0t-benzino-alyvos-filtro-jungtis\/","og_site_name":"Erformance.eu","article_modified_time":"2026-03-05T16:42:51+00:00","og_image":[{"width":1200,"height":1191,"url":"https:\/\/erformance.eu\/wp-content\/uploads\/2026\/02\/pol_pm_Audi-A1-A3-A4-A5-A7-A8-Q2-Q3-Q5-Q7-TT-1-8T-2-0T-Benzyna-krociec-filtra-oleju-37636_1.jpg","type":"image\/jpeg"}],"twitter_card":"summary_large_image","twitter_misc":{"Est. reading time":"2 minutit"},"schema":{"@context":"https:\/\/schema.org","@graph":[{"@type":"WebPage","@id":"https:\/\/erformance.eu\/et\/toode\/audi-a1-a3-a4-a5-a7-a8-q2-q3-q5-q7-tt-1-8t-2-0t-benzino-alyvos-filtro-jungtis\/","url":"https:\/\/erformance.eu\/et\/toode\/audi-a1-a3-a4-a5-a7-a8-q2-q3-q5-q7-tt-1-8t-2-0t-benzino-alyvos-filtro-jungtis\/","name":"Audi A1 A3 A4 A5 A7 A8 Q2 Q3 Q5 Q7 TT 1.8T \/ 2.0T Benzino alyvos filtro jungtis - Erformance.eu","isPartOf":{"@id":"https:\/\/erformance.eu\/et\/#website"},"primaryImageOfPage":{"@id":"https:\/\/erformance.eu\/et\/toode\/audi-a1-a3-a4-a5-a7-a8-q2-q3-q5-q7-tt-1-8t-2-0t-benzino-alyvos-filtro-jungtis\/#primaryimage"},"image":{"@id":"https:\/\/erformance.eu\/et\/toode\/audi-a1-a3-a4-a5-a7-a8-q2-q3-q5-q7-tt-1-8t-2-0t-benzino-alyvos-filtro-jungtis\/#primaryimage"},"thumbnailUrl":"https:\/\/erformance.eu\/wp-content\/uploads\/2026\/02\/pol_pm_Audi-A1-A3-A4-A5-A7-A8-Q2-Q3-Q5-Q7-TT-1-8T-2-0T-Benzyna-krociec-filtra-oleju-37636_1.jpg","datePublished":"2026-02-16T11:24:10+00:00","dateModified":"2026-03-05T16:42:51+00:00","breadcrumb":{"@id":"https:\/\/erformance.eu\/et\/toode\/audi-a1-a3-a4-a5-a7-a8-q2-q3-q5-q7-tt-1-8t-2-0t-benzino-alyvos-filtro-jungtis\/#breadcrumb"},"inLanguage":"et","potentialAction":[{"@type":"ReadAction","target":["https:\/\/erformance.eu\/et\/toode\/audi-a1-a3-a4-a5-a7-a8-q2-q3-q5-q7-tt-1-8t-2-0t-benzino-alyvos-filtro-jungtis\/"]}]},{"@type":"ImageObject","inLanguage":"et","@id":"https:\/\/erformance.eu\/et\/toode\/audi-a1-a3-a4-a5-a7-a8-q2-q3-q5-q7-tt-1-8t-2-0t-benzino-alyvos-filtro-jungtis\/#primaryimage","url":"https:\/\/erformance.eu\/wp-content\/uploads\/2026\/02\/pol_pm_Audi-A1-A3-A4-A5-A7-A8-Q2-Q3-Q5-Q7-TT-1-8T-2-0T-Benzyna-krociec-filtra-oleju-37636_1.jpg","contentUrl":"https:\/\/erformance.eu\/wp-content\/uploads\/2026\/02\/pol_pm_Audi-A1-A3-A4-A5-A7-A8-Q2-Q3-Q5-Q7-TT-1-8T-2-0T-Benzyna-krociec-filtra-oleju-37636_1.jpg","width":1200,"height":1191},{"@type":"BreadcrumbList","@id":"https:\/\/erformance.eu\/et\/toode\/audi-a1-a3-a4-a5-a7-a8-q2-q3-q5-q7-tt-1-8t-2-0t-benzino-alyvos-filtro-jungtis\/#breadcrumb","itemListElement":[{"@type":"ListItem","position":1,"name":"Home","item":"https:\/\/erformance.eu\/et\/"},{"@type":"ListItem","position":2,"name":"Pood","item":"https:\/\/erformance.eu\/et\/pood\/"},{"@type":"ListItem","position":3,"name":"Audi A1 A3 A4 A5 A7 A8 Q2 Q3 Q5 Q7 TT 1.8T \/ 2.0T Benzino alyvos filtro jungtis"}]},{"@type":"WebSite","@id":"https:\/\/erformance.eu\/et\/#website","url":"https:\/\/erformance.eu\/et\/","name":"Erformance.eu","description":"Automobili\u0173 dali\u0173 parduotuv\u0117","potentialAction":[{"@type":"SearchAction","target":{"@type":"EntryPoint","urlTemplate":"https:\/\/erformance.eu\/et\/?s={search_term_string}"},"query-input":{"@type":"PropertyValueSpecification","valueRequired":true,"valueName":"search_term_string"}}],"inLanguage":"et"}]}},"jetpack_sharing_enabled":true,"_links":{"self":[{"href":"https:\/\/erformance.eu\/et\/wp-json\/wp\/v2\/product\/56998","targetHints":{"allow":["GET"]}}],"collection":[{"href":"https:\/\/erformance.eu\/et\/wp-json\/wp\/v2\/product"}],"about":[{"href":"https:\/\/erformance.eu\/et\/wp-json\/wp\/v2\/types\/product"}],"replies":[{"embeddable":true,"href":"https:\/\/erformance.eu\/et\/wp-json\/wp\/v2\/comments?post=56998"}],"version-history":[{"count":1,"href":"https:\/\/erformance.eu\/et\/wp-json\/wp\/v2\/product\/56998\/revisions"}],"predecessor-version":[{"id":56999,"href":"https:\/\/erformance.eu\/et\/wp-json\/wp\/v2\/product\/56998\/revisions\/56999"}],"wp:featuredmedia":[{"embeddable":true,"href":"https:\/\/erformance.eu\/et\/wp-json\/wp\/v2\/media\/52548"}],"wp:attachment":[{"href":"https:\/\/erformance.eu\/et\/wp-json\/wp\/v2\/media?parent=56998"}],"wp:term":[{"taxonomy":"product_brand","embeddable":true,"href":"https:\/\/erformance.eu\/et\/wp-json\/wp\/v2\/product_brand?post=56998"},{"taxonomy":"product_cat","embeddable":true,"href":"https:\/\/erformance.eu\/et\/wp-json\/wp\/v2\/product_cat?post=56998"},{"taxonomy":"product_tag","embeddable":true,"href":"https:\/\/erformance.eu\/et\/wp-json\/wp\/v2\/product_tag?post=56998"}],"curies":[{"name":"wp","href":"https:\/\/api.w.org\/{rel}","templated":true}]}}