{"id":57012,"date":"2026-02-16T14:24:18","date_gmt":"2026-02-16T11:24:18","guid":{"rendered":"https:\/\/erformance.eu\/?post_type=product&#038;p=57012"},"modified":"2026-03-12T11:30:49","modified_gmt":"2026-03-12T08:30:49","slug":"audi-a3-8v-q2-ga-q3-f3-tt-fv-priekinis-oro-ortakio-dangtelis","status":"publish","type":"product","link":"https:\/\/erformance.eu\/et\/toode\/audi-a3-8v-q2-ga-q3-f3-tt-fv-priekinis-oro-ortakio-dangtelis\/","title":{"rendered":"Audi A3 8V Q2 GA Q3 F3 TT FV priekinis oro ortakio dangtelis"},"content":{"rendered":"<p>    Prek\u0117: Priekinis oro kanalo dangtelisOE numeris: 5Q0129954HPASTABA: auk\u0161\u010diau pateikti numeriai yra original\u016bs dali\u0173 numeriai, kuriuos \u0161is pasi\u016blymas pakei\u010dia. Prie\u0161 pirkdami, palyginkite juos su originaliu dalies numeriu. Jei jie skiriasi net vienu simboliu, dalis netiks, neveiks arba veiks netinkamai. Tokiu atveju jos nepirkite.Automobilis:\u201eAudi A3\u201c (8V1, 8VK), modeliai, pagaminti nuo 2012 m.\u201eAudi A3 Limousine\u201c (8VS, 8VM), modeliai, pagaminti nuo 2013 m.\u201eAudi A3 Sportback\u201c (8VA, 8VF), modeliai, pagaminti nuo 2012 m.\u201eAudi Q2\u201c (GAB, GAG), modeliai, pagaminti nuo 2016 m.\u201eAudi Q3 Sportback\u201c (F3N), modeliai, pagaminti nuo 2019 m.\u201eAudi TT\u201c (FV3, FVP), modeliai, pagaminti nuo 2014 m.\u201eAudi TT Roadster\u201c (FV9, FVR), modeliai, pagaminti nuo 2014 m.\u201eSeat ALHAMBRA\u201c (710, 711), modeliai, pagaminti nuo 2016 m.\u201eSeat ARONA\u201c (KJ7), modeliai, pagaminti nuo 2017 m.\u201eSeat ATECA\u201c (KH7, KHP), modeliai, pagaminti nuo 2016 m.\u201eSeat LEON\u201c (5F1), modeliai, pagaminti nuo 2012 m.\u201eSeat LEON\u201c universalas \/ universalas (5F1), modeliai, pagaminti nuo 2013 m.\u201eSeat LEON SC\u201c (5F5), modeliai, pagaminti nuo 2013 m.\u201eSeat LEON ST\u201c (5F8), modeliai, pagaminti nuo 2013 m.\u201eSeat LEON ST\u201c furgonas\/universalas (5F8), pagaminimo metai: 2015\u20132020\u201eSeat LEON ST\u201c u\u017edaras k\u0117bulas \/ universalas (5F8), modeliai, pagaminti nuo 2013 m.\u201eSeat LEON\u201c (KL1), modeliai, pagaminti nuo 2019 m.\u201eSeat LEON Sportstourer\u201c (KL8), modeliai, pagaminti nuo 2020 m.\u201eSeat LEON Sportstourer\u201c (KL8, KLD), modeliai, pagaminti nuo 2021 m.Seat TOLEDO IV (KG3), pagaminimo metai: 2012-2019\u201eSeat TARRACO\u201c (KN2), modeliai, pagaminti nuo 2018 m.Skoda KAROQ (NU7), modeliai gaminami nuo 2017 m\u201eSkoda KODIAQ\u201c (NS7, NV7), modeliai, pagaminti nuo 2016 m.\u0160koda OCTAVIA III (5E3, NL3, NR3), modeliai, pagaminti nuo 2012 m.\u201eSkoda OCTAVIA III Combi\u201c (5E5, 5E6), modeliai, pagaminti nuo 2012 m.\u201eSkoda SUPERB III\u201c (3V3), modeliai, pagaminti nuo 2015 m.\u201eSkoda SUPERB III Kombi\u201c (3V5), modeliai, pagaminti nuo 2015 m.Volkswagen ARTEON (3H7, 3H8), modeliai, pagaminti nuo 2017 m.Volkswagen CADDY V furgonas\/vienbutis (SBA, SBH), modeliai pagaminti nuo 2021 m.Volkswagen CADDY CALIFORNIA V Camper (SBB, SBJ), modeliai, pagaminti nuo 2021 m.\u201eVolkswagen GOLF VII\u201c (5G1, BQ1, BE1, BE2), modeliai, pagaminti nuo 2012 m.Volkswagen GOLF VII Van (5G1), modeliai, pagaminti nuo 2012 m.\u201eVolkswagen GOLF VII Variant\u201c (BA5, BV5), modeliai, pagaminti nuo 2013 m.Volkswagen GOLF SPORTSVAN VII (AM1, AN1), modeliai, pagaminti nuo 2014 m.Volkswagen GOLF VAN VII Variant (BA5), pagaminimo metai: 2013\u20132017\u201eVolkswagen JETTA V\u201c, modeliai, pagaminti nuo 2021 m.\u201eVolkswagen PASSAT B8\u201c (3G2, CB2), modeliai, pagaminti nuo 2014 m.\u201eVolkswagen PASSAT B8 Variant\u201c (3G5, CB5), modeliai, pagaminti nuo 2014 m.\u201eVolkswagen SHARAN\u201c (7N1, 7N2), modeliai, pagaminti nuo 2016 m.\u201eVolkswagen T-ROC\u201c (A11), modeliai, pagaminti nuo 2017 m.Volkswagen TIGUAN (5N_, ) modeliai, pagaminti nuo 2012 m.Volkswagen TIGUAN VAN (5N_), modeliai, pagaminti nuo 2012 m.Volkswagen TIGUAN ALLSPACE (BW2), modeliai, pagaminti nuo 2017 m.Volkswagen TOURAN (5T1), modeliai, pagaminti nuo 2015 m.Variklis:Benzinas: 1.0, 1.2, 1.4, 1.5, 1.6, 1.8, 2.0 TSI \/ TFSIDYZELINIS VARIKLIS: 1.6, 2.0 TDIGamintojas: pakaitalasTechnin\u0117 b\u016bkl\u0117: prek\u0117 yra visi\u0161kai nauja, nenaudota, nepa\u017eeista ir nesugadinta<\/p>\n","protected":false},"excerpt":{"rendered":"<p>1. Prek\u0117: Priekinis oro kanalo dangtelis2. Gamintojas: pakeitimas3. Automobilis:Audi A3 8V 2012-Audi Q2 GA 2013-Audi Q3 F3 2019-Audi TT FV 2014-<\/p>\n","protected":false},"featured_media":52616,"comment_status":"open","ping_status":"closed","template":"","meta":[],"product_brand":[],"product_cat":[3927,3907,186,144,3926,3947,3966,3967,4172,4152,4171,397,398],"product_tag":[],"class_list":{"0":"post-57012","1":"product","2":"type-product","3":"status-publish","4":"has-post-thumbnail","6":"product_cat-audi-q3-8u","7":"product_cat-audi-a3-8v","8":"product_cat-a3","9":"product_cat-audi","10":"product_cat-audi-q2-ga","11":"product_cat-audi-a3-8v-isores-dalys","12":"product_cat-audi-q2-ga-isores-dalys","13":"product_cat-audi-q3-8u-isores-dalys","14":"product_cat-audi-q3-8u-isores-kitos-dalys","15":"product_cat-audi-a3-8v-isores-kitos-dalys","16":"product_cat-audi-q2-ga-isores-kitos-dalys","17":"product_cat-audi-q2","18":"product_cat-audi-q3","20":"first","21":"instock","22":"shipping-taxable","23":"purchasable","24":"product-type-simple"},"yoast_head":"<!-- This site is optimized with the Yoast SEO Premium plugin v25.2 (Yoast SEO v27.4) - https:\/\/yoast.com\/product\/yoast-seo-premium-wordpress\/ -->\n<title>Audi A3 8V Q2 GA Q3 F3 TT FV priekinis oro ortakio dangtelis - Erformance.eu<\/title>\n<meta name=\"robots\" content=\"index, follow, max-snippet:-1, max-image-preview:large, max-video-preview:-1\" \/>\n<link rel=\"canonical\" href=\"https:\/\/erformance.eu\/et\/toode\/audi-a3-8v-q2-ga-q3-f3-tt-fv-priekinis-oro-ortakio-dangtelis\/\" \/>\n<meta property=\"og:locale\" content=\"et_EE\" \/>\n<meta property=\"og:type\" content=\"article\" \/>\n<meta property=\"og:title\" content=\"Audi A3 8V Q2 GA Q3 F3 TT FV priekinis oro ortakio dangtelis\" \/>\n<meta property=\"og:description\" content=\"1. Prek\u0117: Priekinis oro kanalo dangtelis2. Gamintojas: pakeitimas3. Automobilis:Audi A3 8V 2012-Audi Q2 GA 2013-Audi Q3 F3 2019-Audi TT FV 2014-\" \/>\n<meta property=\"og:url\" content=\"https:\/\/erformance.eu\/et\/toode\/audi-a3-8v-q2-ga-q3-f3-tt-fv-priekinis-oro-ortakio-dangtelis\/\" \/>\n<meta property=\"og:site_name\" content=\"Erformance.eu\" \/>\n<meta property=\"article:modified_time\" content=\"2026-03-12T08:30:49+00:00\" \/>\n<meta property=\"og:image\" content=\"https:\/\/erformance.eu\/wp-content\/uploads\/2026\/02\/pol_pm_Audi-A3-8V-Q2-GA-Q3-F3-TT-FV-oslona-kierownicy-powietrza-pasa-przedniego-36484_1.jpg\" \/>\n\t<meta property=\"og:image:width\" content=\"1200\" \/>\n\t<meta property=\"og:image:height\" content=\"1200\" \/>\n\t<meta property=\"og:image:type\" content=\"image\/jpeg\" \/>\n<meta name=\"twitter:card\" content=\"summary_large_image\" \/>\n<meta name=\"twitter:label1\" content=\"Est. reading time\" \/>\n\t<meta name=\"twitter:data1\" content=\"2 minutit\" \/>\n<script type=\"application\/ld+json\" class=\"yoast-schema-graph\">{\"@context\":\"https:\\\/\\\/schema.org\",\"@graph\":[{\"@type\":\"WebPage\",\"@id\":\"https:\\\/\\\/erformance.eu\\\/et\\\/toode\\\/audi-a3-8v-q2-ga-q3-f3-tt-fv-priekinis-oro-ortakio-dangtelis\\\/\",\"url\":\"https:\\\/\\\/erformance.eu\\\/et\\\/toode\\\/audi-a3-8v-q2-ga-q3-f3-tt-fv-priekinis-oro-ortakio-dangtelis\\\/\",\"name\":\"Audi A3 8V Q2 GA Q3 F3 TT FV priekinis oro ortakio dangtelis - Erformance.eu\",\"isPartOf\":{\"@id\":\"https:\\\/\\\/erformance.eu\\\/et\\\/#website\"},\"primaryImageOfPage\":{\"@id\":\"https:\\\/\\\/erformance.eu\\\/et\\\/toode\\\/audi-a3-8v-q2-ga-q3-f3-tt-fv-priekinis-oro-ortakio-dangtelis\\\/#primaryimage\"},\"image\":{\"@id\":\"https:\\\/\\\/erformance.eu\\\/et\\\/toode\\\/audi-a3-8v-q2-ga-q3-f3-tt-fv-priekinis-oro-ortakio-dangtelis\\\/#primaryimage\"},\"thumbnailUrl\":\"https:\\\/\\\/erformance.eu\\\/wp-content\\\/uploads\\\/2026\\\/02\\\/pol_pm_Audi-A3-8V-Q2-GA-Q3-F3-TT-FV-oslona-kierownicy-powietrza-pasa-przedniego-36484_1.jpg\",\"datePublished\":\"2026-02-16T11:24:18+00:00\",\"dateModified\":\"2026-03-12T08:30:49+00:00\",\"breadcrumb\":{\"@id\":\"https:\\\/\\\/erformance.eu\\\/et\\\/toode\\\/audi-a3-8v-q2-ga-q3-f3-tt-fv-priekinis-oro-ortakio-dangtelis\\\/#breadcrumb\"},\"inLanguage\":\"et\",\"potentialAction\":[{\"@type\":\"ReadAction\",\"target\":[\"https:\\\/\\\/erformance.eu\\\/et\\\/toode\\\/audi-a3-8v-q2-ga-q3-f3-tt-fv-priekinis-oro-ortakio-dangtelis\\\/\"]}]},{\"@type\":\"ImageObject\",\"inLanguage\":\"et\",\"@id\":\"https:\\\/\\\/erformance.eu\\\/et\\\/toode\\\/audi-a3-8v-q2-ga-q3-f3-tt-fv-priekinis-oro-ortakio-dangtelis\\\/#primaryimage\",\"url\":\"https:\\\/\\\/erformance.eu\\\/wp-content\\\/uploads\\\/2026\\\/02\\\/pol_pm_Audi-A3-8V-Q2-GA-Q3-F3-TT-FV-oslona-kierownicy-powietrza-pasa-przedniego-36484_1.jpg\",\"contentUrl\":\"https:\\\/\\\/erformance.eu\\\/wp-content\\\/uploads\\\/2026\\\/02\\\/pol_pm_Audi-A3-8V-Q2-GA-Q3-F3-TT-FV-oslona-kierownicy-powietrza-pasa-przedniego-36484_1.jpg\",\"width\":1200,\"height\":1200},{\"@type\":\"BreadcrumbList\",\"@id\":\"https:\\\/\\\/erformance.eu\\\/et\\\/toode\\\/audi-a3-8v-q2-ga-q3-f3-tt-fv-priekinis-oro-ortakio-dangtelis\\\/#breadcrumb\",\"itemListElement\":[{\"@type\":\"ListItem\",\"position\":1,\"name\":\"Home\",\"item\":\"https:\\\/\\\/erformance.eu\\\/et\\\/\"},{\"@type\":\"ListItem\",\"position\":2,\"name\":\"Pood\",\"item\":\"https:\\\/\\\/erformance.eu\\\/et\\\/pood\\\/\"},{\"@type\":\"ListItem\",\"position\":3,\"name\":\"Audi A3 8V Q2 GA Q3 F3 TT FV priekinis oro ortakio dangtelis\"}]},{\"@type\":\"WebSite\",\"@id\":\"https:\\\/\\\/erformance.eu\\\/et\\\/#website\",\"url\":\"https:\\\/\\\/erformance.eu\\\/et\\\/\",\"name\":\"Erformance.eu\",\"description\":\"Automobili\u0173 dali\u0173 parduotuv\u0117\",\"potentialAction\":[{\"@type\":\"SearchAction\",\"target\":{\"@type\":\"EntryPoint\",\"urlTemplate\":\"https:\\\/\\\/erformance.eu\\\/et\\\/?s={search_term_string}\"},\"query-input\":{\"@type\":\"PropertyValueSpecification\",\"valueRequired\":true,\"valueName\":\"search_term_string\"}}],\"inLanguage\":\"et\"}]}<\/script>\n<!-- \/ Yoast SEO Premium plugin. -->","yoast_head_json":{"title":"Audi A3 8V Q2 GA Q3 F3 TT FV priekinis oro ortakio dangtelis - Erformance.eu","robots":{"index":"index","follow":"follow","max-snippet":"max-snippet:-1","max-image-preview":"max-image-preview:large","max-video-preview":"max-video-preview:-1"},"canonical":"https:\/\/erformance.eu\/et\/toode\/audi-a3-8v-q2-ga-q3-f3-tt-fv-priekinis-oro-ortakio-dangtelis\/","og_locale":"et_EE","og_type":"article","og_title":"Audi A3 8V Q2 GA Q3 F3 TT FV priekinis oro ortakio dangtelis","og_description":"1. Prek\u0117: Priekinis oro kanalo dangtelis2. Gamintojas: pakeitimas3. Automobilis:Audi A3 8V 2012-Audi Q2 GA 2013-Audi Q3 F3 2019-Audi TT FV 2014-","og_url":"https:\/\/erformance.eu\/et\/toode\/audi-a3-8v-q2-ga-q3-f3-tt-fv-priekinis-oro-ortakio-dangtelis\/","og_site_name":"Erformance.eu","article_modified_time":"2026-03-12T08:30:49+00:00","og_image":[{"width":1200,"height":1200,"url":"https:\/\/erformance.eu\/wp-content\/uploads\/2026\/02\/pol_pm_Audi-A3-8V-Q2-GA-Q3-F3-TT-FV-oslona-kierownicy-powietrza-pasa-przedniego-36484_1.jpg","type":"image\/jpeg"}],"twitter_card":"summary_large_image","twitter_misc":{"Est. reading time":"2 minutit"},"schema":{"@context":"https:\/\/schema.org","@graph":[{"@type":"WebPage","@id":"https:\/\/erformance.eu\/et\/toode\/audi-a3-8v-q2-ga-q3-f3-tt-fv-priekinis-oro-ortakio-dangtelis\/","url":"https:\/\/erformance.eu\/et\/toode\/audi-a3-8v-q2-ga-q3-f3-tt-fv-priekinis-oro-ortakio-dangtelis\/","name":"Audi A3 8V Q2 GA Q3 F3 TT FV priekinis oro ortakio dangtelis - Erformance.eu","isPartOf":{"@id":"https:\/\/erformance.eu\/et\/#website"},"primaryImageOfPage":{"@id":"https:\/\/erformance.eu\/et\/toode\/audi-a3-8v-q2-ga-q3-f3-tt-fv-priekinis-oro-ortakio-dangtelis\/#primaryimage"},"image":{"@id":"https:\/\/erformance.eu\/et\/toode\/audi-a3-8v-q2-ga-q3-f3-tt-fv-priekinis-oro-ortakio-dangtelis\/#primaryimage"},"thumbnailUrl":"https:\/\/erformance.eu\/wp-content\/uploads\/2026\/02\/pol_pm_Audi-A3-8V-Q2-GA-Q3-F3-TT-FV-oslona-kierownicy-powietrza-pasa-przedniego-36484_1.jpg","datePublished":"2026-02-16T11:24:18+00:00","dateModified":"2026-03-12T08:30:49+00:00","breadcrumb":{"@id":"https:\/\/erformance.eu\/et\/toode\/audi-a3-8v-q2-ga-q3-f3-tt-fv-priekinis-oro-ortakio-dangtelis\/#breadcrumb"},"inLanguage":"et","potentialAction":[{"@type":"ReadAction","target":["https:\/\/erformance.eu\/et\/toode\/audi-a3-8v-q2-ga-q3-f3-tt-fv-priekinis-oro-ortakio-dangtelis\/"]}]},{"@type":"ImageObject","inLanguage":"et","@id":"https:\/\/erformance.eu\/et\/toode\/audi-a3-8v-q2-ga-q3-f3-tt-fv-priekinis-oro-ortakio-dangtelis\/#primaryimage","url":"https:\/\/erformance.eu\/wp-content\/uploads\/2026\/02\/pol_pm_Audi-A3-8V-Q2-GA-Q3-F3-TT-FV-oslona-kierownicy-powietrza-pasa-przedniego-36484_1.jpg","contentUrl":"https:\/\/erformance.eu\/wp-content\/uploads\/2026\/02\/pol_pm_Audi-A3-8V-Q2-GA-Q3-F3-TT-FV-oslona-kierownicy-powietrza-pasa-przedniego-36484_1.jpg","width":1200,"height":1200},{"@type":"BreadcrumbList","@id":"https:\/\/erformance.eu\/et\/toode\/audi-a3-8v-q2-ga-q3-f3-tt-fv-priekinis-oro-ortakio-dangtelis\/#breadcrumb","itemListElement":[{"@type":"ListItem","position":1,"name":"Home","item":"https:\/\/erformance.eu\/et\/"},{"@type":"ListItem","position":2,"name":"Pood","item":"https:\/\/erformance.eu\/et\/pood\/"},{"@type":"ListItem","position":3,"name":"Audi A3 8V Q2 GA Q3 F3 TT FV priekinis oro ortakio dangtelis"}]},{"@type":"WebSite","@id":"https:\/\/erformance.eu\/et\/#website","url":"https:\/\/erformance.eu\/et\/","name":"Erformance.eu","description":"Automobili\u0173 dali\u0173 parduotuv\u0117","potentialAction":[{"@type":"SearchAction","target":{"@type":"EntryPoint","urlTemplate":"https:\/\/erformance.eu\/et\/?s={search_term_string}"},"query-input":{"@type":"PropertyValueSpecification","valueRequired":true,"valueName":"search_term_string"}}],"inLanguage":"et"}]}},"jetpack_sharing_enabled":true,"_links":{"self":[{"href":"https:\/\/erformance.eu\/et\/wp-json\/wp\/v2\/product\/57012","targetHints":{"allow":["GET"]}}],"collection":[{"href":"https:\/\/erformance.eu\/et\/wp-json\/wp\/v2\/product"}],"about":[{"href":"https:\/\/erformance.eu\/et\/wp-json\/wp\/v2\/types\/product"}],"replies":[{"embeddable":true,"href":"https:\/\/erformance.eu\/et\/wp-json\/wp\/v2\/comments?post=57012"}],"version-history":[{"count":1,"href":"https:\/\/erformance.eu\/et\/wp-json\/wp\/v2\/product\/57012\/revisions"}],"predecessor-version":[{"id":57013,"href":"https:\/\/erformance.eu\/et\/wp-json\/wp\/v2\/product\/57012\/revisions\/57013"}],"wp:featuredmedia":[{"embeddable":true,"href":"https:\/\/erformance.eu\/et\/wp-json\/wp\/v2\/media\/52616"}],"wp:attachment":[{"href":"https:\/\/erformance.eu\/et\/wp-json\/wp\/v2\/media?parent=57012"}],"wp:term":[{"taxonomy":"product_brand","embeddable":true,"href":"https:\/\/erformance.eu\/et\/wp-json\/wp\/v2\/product_brand?post=57012"},{"taxonomy":"product_cat","embeddable":true,"href":"https:\/\/erformance.eu\/et\/wp-json\/wp\/v2\/product_cat?post=57012"},{"taxonomy":"product_tag","embeddable":true,"href":"https:\/\/erformance.eu\/et\/wp-json\/wp\/v2\/product_tag?post=57012"}],"curies":[{"name":"wp","href":"https:\/\/api.w.org\/{rel}","templated":true}]}}