{"id":57062,"date":"2026-02-16T14:24:47","date_gmt":"2026-02-16T11:24:47","guid":{"rendered":"https:\/\/erformance.eu\/?post_type=product&#038;p=57062"},"modified":"2026-03-25T23:08:22","modified_gmt":"2026-03-25T20:08:22","slug":"audi-a8-d3-03-10-3-0-tdi-isiurbimo-kolektoriaus-remonto-komplektas-3-vnt-kpl","status":"publish","type":"product","link":"https:\/\/erformance.eu\/et\/toode\/audi-a8-d3-03-10-3-0-tdi-isiurbimo-kolektoriaus-remonto-komplektas-3-vnt-kpl\/","title":{"rendered":"Audi A8 D3 03-10 3.0 TDI \u012fsiurbimo kolektoriaus remonto komplektas 3 vnt. KPL"},"content":{"rendered":"<p>    Prek\u0117: \u012esiurbimo kolektoriaus remonto komplektas (3 dalys)Originalus numeris:059198212059129711AF059129711AG059129711AL059129711BP059129711BQ059129711CK059129711CG059129711T06V129709PASTABA: auk\u0161\u010diau pateikti numeriai yra original\u016bs dali\u0173 numeriai, kuriuos \u0161is pasi\u016blymas pakei\u010dia. Prie\u0161 pirkdami, palyginkite juos su originaliu dalies numeriu. Jei jie skiriasi net vienu simboliu, dalis netiks, neveiks arba veiks netinkamai. Tokiu atveju jos nepirkite.Automobilis:Audi A4 B7 (8EC), gamybos metai: 2004-20082.7 TDI (BPP) 2698ccm 180KM\/132kW 2006\/01-2008\/062.7 TDI (BSG) 2698ccm 163KM\/120kW 2005\/11\u20132008\/063.0 TDI quattro (ASB) 2967ccm 233KM\/171kW 2006\/01-2008\/063.0 TDI quattro (BKN) 2967ccm 204KM\/150kW 2004\/11-2008\/06Audi A4 B7 Avant (8ED), rok produkcji: 2004-20082.7 TDI (BPP) 2698ccm 180KM\/132kW 2006\/01-2008\/062.7 TDi (BSG) 2698ccm 163KM\/120kW 2005\/11-2008\/033.0 TDI quattro (ASB) 2967ccm 233KM\/171kW 2006\/01-2008\/063.0 TDI quattro (BKN) 2967ccm 204KM\/150kW 2004\/11-2008\/06Audi A4 B7 kabriolet (8HE), rok produkcji: 2006-20092.7 TDI (BPP) 2698ccm 180KM\/132kW 2006\/06-2009\/033.0 TDI quattro (ASB) 2967ccm 233KM\/171kW 2006\/01-2009\/033.0 TDI quattro (BKN) 2967ccm 204KM\/150kW 2006\/01-2009\/03Audi A6 Allroad C6 (4FH), rok produkcji: 2006-20112.7 TDI quattro (BPP) 2698ccm 180KM\/132kW 2006\/03-2008\/102.7 TDI quattro (BSG CAND) 2698ccm 163KM\/120kW 2006\/05-2011\/083.0 TDI quattro (ASB) 2967ccm 233KM\/171kW 2006\/05-2008\/103.0 TDI quattro (BNG CDYB) 2967ccm 211KM\/155kW 2006\/05-2011\/08Audi A6 C6 (4F2), rok produkcji: 2004-20112.7 TDI (BPP) 2698ccm 180KM\/132kW 2004\/11-2008\/102.7 TDI (BSG CANB) 2698ccm 163KM\/120kW 2004\/11-2011\/032.7 TDI quattro (BPP) 2698ccm 180KM\/132kW 2004\/11-2008\/102.7 TDI quattro (BSG CAND) 2698ccm 163KM\/120kW 2005\/06-2011\/033.0 TDI quattro (ASB) 2967ccm 233KM\/171kW 2006\/06-2008\/103.0 TDI quattro (BMK) 2967ccm 225KM\/165kW 2004\/05-2006\/05Audi A6 C6 Avant (4F5), rok produkcji: 2004-20112.7 TDI (BPP) 2698ccm 180KM\/132kW 2005\/03-2008\/102.7 TDI (BSG CANB) 2698ccm 163KM\/120kW 2005\/03-2011\/082.7 TDI quattro (BPP) 2698ccm 180KM\/132kW 2004\/11-2008\/102.7 TDI quattro (BSG CAND) 2698ccm 163KM\/120kW 2005\/06-2011\/083.0 TDI quattro (ASB) 2967ccm 233KM\/171kW 2006\/06-2008\/103.0 TDI quattro (BMK) 2967ccm 225KM\/165kW 2005\/03-2006\/053.0 TDI quattro (BNG CDYB) 2967ccm 211KM\/155kW 2005\/03-2011\/08Audi A8 D3 (4E2, 4E8), rok produkcji: 2003-20103.0 TDI quattro (ASB) 2967ccm 233KM\/171kW 2003\/08-2010\/073.0 TDI quattro (BNG) 2967ccm 211KM\/155kW 2003\/11-2010\/07Audi Q7 (4LB), rok produkcji: 2006-20103.0 TDI quattro (BUG) 2967ccm 233KM\/171kW 2006\/03-2008\/053.0 TDI quattro (BUN CASB) 2967ccm 211KM\/155kW 2006\/03-2010\/05Volkswagen PHAETON (3D1, 3D2, 3D3, 3D4, 3D6, 3D7, 3D8, 3D9), rok produkcji: 2004-20073.0 V6 TDI 4motion (BMK) 2967ccm 224KM\/165kW 2004\/09-2007\/05Volkswagen TOUAREG (7LA, 7L6, 7L7), rok produkcji: 2004-20103.0 TDI (BUN CASB) 2967ccm 211KM\/155kW 2006\/04-2010\/053.0 V6 TDI (BKS CATA) 2967ccm 225KM\/165kW 2004\/11-2010\/05Producent: zamiennikStan techniczny: przedmiot jest fabrycznie NOWY, nieu\u017cywany, nieuszkodzony i niezniszczony<\/p>\n","protected":false},"excerpt":{"rendered":"<p>1. Prek\u0117: \u012esiurbimo kolektoriaus remonto komplektas2. Gamintojas: pakeitimas3. Automobilis:Audi A4 B7 04-09Audi A6 C6 04-11Audi A8 D3 03-10Audi Q7 4L 06-10VW Phaeton 04-07VW Touareg 04-10Variklis:2.7 TDI3.0 TDI<\/p>\n","protected":false},"featured_media":52863,"comment_status":"open","ping_status":"closed","template":"","meta":[],"product_brand":[],"product_cat":[396,144,3923,3963,4168],"product_tag":[],"class_list":{"0":"post-57062","1":"product","2":"type-product","3":"status-publish","4":"has-post-thumbnail","6":"product_cat-audi-a8","7":"product_cat-audi","8":"product_cat-audi-a8-d3","9":"product_cat-audi-a8-d3-isores-dalys","10":"product_cat-audi-a8-d3-isores-kitos-dalys","12":"first","13":"instock","14":"shipping-taxable","15":"purchasable","16":"product-type-simple"},"yoast_head":"<!-- This site is optimized with the Yoast SEO Premium plugin v25.2 (Yoast SEO v27.3) - https:\/\/yoast.com\/product\/yoast-seo-premium-wordpress\/ -->\n<title>Audi A8 D3 03-10 3.0 TDI \u012fsiurbimo kolektoriaus remonto komplektas 3 vnt. KPL - Erformance.eu<\/title>\n<meta name=\"robots\" content=\"index, follow, max-snippet:-1, max-image-preview:large, max-video-preview:-1\" \/>\n<link rel=\"canonical\" href=\"https:\/\/erformance.eu\/et\/toode\/audi-a8-d3-03-10-3-0-tdi-isiurbimo-kolektoriaus-remonto-komplektas-3-vnt-kpl\/\" \/>\n<meta property=\"og:locale\" content=\"et_EE\" \/>\n<meta property=\"og:type\" content=\"article\" \/>\n<meta property=\"og:title\" content=\"Audi A8 D3 03-10 3.0 TDI \u012fsiurbimo kolektoriaus remonto komplektas 3 vnt. KPL\" \/>\n<meta property=\"og:description\" content=\"1. Prek\u0117: \u012esiurbimo kolektoriaus remonto komplektas2. Gamintojas: pakeitimas3. Automobilis:Audi A4 B7 04-09Audi A6 C6 04-11Audi A8 D3 03-10Audi Q7 4L 06-10VW Phaeton 04-07VW Touareg 04-10Variklis:2.7 TDI3.0 TDI\" \/>\n<meta property=\"og:url\" content=\"https:\/\/erformance.eu\/et\/toode\/audi-a8-d3-03-10-3-0-tdi-isiurbimo-kolektoriaus-remonto-komplektas-3-vnt-kpl\/\" \/>\n<meta property=\"og:site_name\" content=\"Erformance.eu\" \/>\n<meta property=\"article:modified_time\" content=\"2026-03-25T20:08:22+00:00\" \/>\n<meta property=\"og:image\" content=\"https:\/\/erformance.eu\/wp-content\/uploads\/2026\/02\/pol_pm_Audi-A8-D3-03-10-3-0-TDI-zestaw-naprawczy-kolektora-ssacego-3-szt-KPL-37160_1.jpg\" \/>\n\t<meta property=\"og:image:width\" content=\"1200\" \/>\n\t<meta property=\"og:image:height\" content=\"1200\" \/>\n\t<meta property=\"og:image:type\" content=\"image\/jpeg\" \/>\n<meta name=\"twitter:card\" content=\"summary_large_image\" \/>\n<meta name=\"twitter:label1\" content=\"Est. reading time\" \/>\n\t<meta name=\"twitter:data1\" content=\"2 minutit\" \/>\n<script type=\"application\/ld+json\" class=\"yoast-schema-graph\">{\"@context\":\"https:\\\/\\\/schema.org\",\"@graph\":[{\"@type\":\"WebPage\",\"@id\":\"https:\\\/\\\/erformance.eu\\\/et\\\/toode\\\/audi-a8-d3-03-10-3-0-tdi-isiurbimo-kolektoriaus-remonto-komplektas-3-vnt-kpl\\\/\",\"url\":\"https:\\\/\\\/erformance.eu\\\/et\\\/toode\\\/audi-a8-d3-03-10-3-0-tdi-isiurbimo-kolektoriaus-remonto-komplektas-3-vnt-kpl\\\/\",\"name\":\"Audi A8 D3 03-10 3.0 TDI \u012fsiurbimo kolektoriaus remonto komplektas 3 vnt. KPL - Erformance.eu\",\"isPartOf\":{\"@id\":\"https:\\\/\\\/erformance.eu\\\/et\\\/#website\"},\"primaryImageOfPage\":{\"@id\":\"https:\\\/\\\/erformance.eu\\\/et\\\/toode\\\/audi-a8-d3-03-10-3-0-tdi-isiurbimo-kolektoriaus-remonto-komplektas-3-vnt-kpl\\\/#primaryimage\"},\"image\":{\"@id\":\"https:\\\/\\\/erformance.eu\\\/et\\\/toode\\\/audi-a8-d3-03-10-3-0-tdi-isiurbimo-kolektoriaus-remonto-komplektas-3-vnt-kpl\\\/#primaryimage\"},\"thumbnailUrl\":\"https:\\\/\\\/erformance.eu\\\/wp-content\\\/uploads\\\/2026\\\/02\\\/pol_pm_Audi-A8-D3-03-10-3-0-TDI-zestaw-naprawczy-kolektora-ssacego-3-szt-KPL-37160_1.jpg\",\"datePublished\":\"2026-02-16T11:24:47+00:00\",\"dateModified\":\"2026-03-25T20:08:22+00:00\",\"breadcrumb\":{\"@id\":\"https:\\\/\\\/erformance.eu\\\/et\\\/toode\\\/audi-a8-d3-03-10-3-0-tdi-isiurbimo-kolektoriaus-remonto-komplektas-3-vnt-kpl\\\/#breadcrumb\"},\"inLanguage\":\"et\",\"potentialAction\":[{\"@type\":\"ReadAction\",\"target\":[\"https:\\\/\\\/erformance.eu\\\/et\\\/toode\\\/audi-a8-d3-03-10-3-0-tdi-isiurbimo-kolektoriaus-remonto-komplektas-3-vnt-kpl\\\/\"]}]},{\"@type\":\"ImageObject\",\"inLanguage\":\"et\",\"@id\":\"https:\\\/\\\/erformance.eu\\\/et\\\/toode\\\/audi-a8-d3-03-10-3-0-tdi-isiurbimo-kolektoriaus-remonto-komplektas-3-vnt-kpl\\\/#primaryimage\",\"url\":\"https:\\\/\\\/erformance.eu\\\/wp-content\\\/uploads\\\/2026\\\/02\\\/pol_pm_Audi-A8-D3-03-10-3-0-TDI-zestaw-naprawczy-kolektora-ssacego-3-szt-KPL-37160_1.jpg\",\"contentUrl\":\"https:\\\/\\\/erformance.eu\\\/wp-content\\\/uploads\\\/2026\\\/02\\\/pol_pm_Audi-A8-D3-03-10-3-0-TDI-zestaw-naprawczy-kolektora-ssacego-3-szt-KPL-37160_1.jpg\",\"width\":1200,\"height\":1200},{\"@type\":\"BreadcrumbList\",\"@id\":\"https:\\\/\\\/erformance.eu\\\/et\\\/toode\\\/audi-a8-d3-03-10-3-0-tdi-isiurbimo-kolektoriaus-remonto-komplektas-3-vnt-kpl\\\/#breadcrumb\",\"itemListElement\":[{\"@type\":\"ListItem\",\"position\":1,\"name\":\"Home\",\"item\":\"https:\\\/\\\/erformance.eu\\\/et\\\/\"},{\"@type\":\"ListItem\",\"position\":2,\"name\":\"Pood\",\"item\":\"https:\\\/\\\/erformance.eu\\\/et\\\/pood\\\/\"},{\"@type\":\"ListItem\",\"position\":3,\"name\":\"Audi A8 D3 03-10 3.0 TDI \u012fsiurbimo kolektoriaus remonto komplektas 3 vnt. KPL\"}]},{\"@type\":\"WebSite\",\"@id\":\"https:\\\/\\\/erformance.eu\\\/et\\\/#website\",\"url\":\"https:\\\/\\\/erformance.eu\\\/et\\\/\",\"name\":\"Erformance.eu\",\"description\":\"Automobili\u0173 dali\u0173 parduotuv\u0117\",\"potentialAction\":[{\"@type\":\"SearchAction\",\"target\":{\"@type\":\"EntryPoint\",\"urlTemplate\":\"https:\\\/\\\/erformance.eu\\\/et\\\/?s={search_term_string}\"},\"query-input\":{\"@type\":\"PropertyValueSpecification\",\"valueRequired\":true,\"valueName\":\"search_term_string\"}}],\"inLanguage\":\"et\"}]}<\/script>\n<!-- \/ Yoast SEO Premium plugin. -->","yoast_head_json":{"title":"Audi A8 D3 03-10 3.0 TDI \u012fsiurbimo kolektoriaus remonto komplektas 3 vnt. KPL - Erformance.eu","robots":{"index":"index","follow":"follow","max-snippet":"max-snippet:-1","max-image-preview":"max-image-preview:large","max-video-preview":"max-video-preview:-1"},"canonical":"https:\/\/erformance.eu\/et\/toode\/audi-a8-d3-03-10-3-0-tdi-isiurbimo-kolektoriaus-remonto-komplektas-3-vnt-kpl\/","og_locale":"et_EE","og_type":"article","og_title":"Audi A8 D3 03-10 3.0 TDI \u012fsiurbimo kolektoriaus remonto komplektas 3 vnt. KPL","og_description":"1. Prek\u0117: \u012esiurbimo kolektoriaus remonto komplektas2. Gamintojas: pakeitimas3. Automobilis:Audi A4 B7 04-09Audi A6 C6 04-11Audi A8 D3 03-10Audi Q7 4L 06-10VW Phaeton 04-07VW Touareg 04-10Variklis:2.7 TDI3.0 TDI","og_url":"https:\/\/erformance.eu\/et\/toode\/audi-a8-d3-03-10-3-0-tdi-isiurbimo-kolektoriaus-remonto-komplektas-3-vnt-kpl\/","og_site_name":"Erformance.eu","article_modified_time":"2026-03-25T20:08:22+00:00","og_image":[{"width":1200,"height":1200,"url":"https:\/\/erformance.eu\/wp-content\/uploads\/2026\/02\/pol_pm_Audi-A8-D3-03-10-3-0-TDI-zestaw-naprawczy-kolektora-ssacego-3-szt-KPL-37160_1.jpg","type":"image\/jpeg"}],"twitter_card":"summary_large_image","twitter_misc":{"Est. reading time":"2 minutit"},"schema":{"@context":"https:\/\/schema.org","@graph":[{"@type":"WebPage","@id":"https:\/\/erformance.eu\/et\/toode\/audi-a8-d3-03-10-3-0-tdi-isiurbimo-kolektoriaus-remonto-komplektas-3-vnt-kpl\/","url":"https:\/\/erformance.eu\/et\/toode\/audi-a8-d3-03-10-3-0-tdi-isiurbimo-kolektoriaus-remonto-komplektas-3-vnt-kpl\/","name":"Audi A8 D3 03-10 3.0 TDI \u012fsiurbimo kolektoriaus remonto komplektas 3 vnt. KPL - Erformance.eu","isPartOf":{"@id":"https:\/\/erformance.eu\/et\/#website"},"primaryImageOfPage":{"@id":"https:\/\/erformance.eu\/et\/toode\/audi-a8-d3-03-10-3-0-tdi-isiurbimo-kolektoriaus-remonto-komplektas-3-vnt-kpl\/#primaryimage"},"image":{"@id":"https:\/\/erformance.eu\/et\/toode\/audi-a8-d3-03-10-3-0-tdi-isiurbimo-kolektoriaus-remonto-komplektas-3-vnt-kpl\/#primaryimage"},"thumbnailUrl":"https:\/\/erformance.eu\/wp-content\/uploads\/2026\/02\/pol_pm_Audi-A8-D3-03-10-3-0-TDI-zestaw-naprawczy-kolektora-ssacego-3-szt-KPL-37160_1.jpg","datePublished":"2026-02-16T11:24:47+00:00","dateModified":"2026-03-25T20:08:22+00:00","breadcrumb":{"@id":"https:\/\/erformance.eu\/et\/toode\/audi-a8-d3-03-10-3-0-tdi-isiurbimo-kolektoriaus-remonto-komplektas-3-vnt-kpl\/#breadcrumb"},"inLanguage":"et","potentialAction":[{"@type":"ReadAction","target":["https:\/\/erformance.eu\/et\/toode\/audi-a8-d3-03-10-3-0-tdi-isiurbimo-kolektoriaus-remonto-komplektas-3-vnt-kpl\/"]}]},{"@type":"ImageObject","inLanguage":"et","@id":"https:\/\/erformance.eu\/et\/toode\/audi-a8-d3-03-10-3-0-tdi-isiurbimo-kolektoriaus-remonto-komplektas-3-vnt-kpl\/#primaryimage","url":"https:\/\/erformance.eu\/wp-content\/uploads\/2026\/02\/pol_pm_Audi-A8-D3-03-10-3-0-TDI-zestaw-naprawczy-kolektora-ssacego-3-szt-KPL-37160_1.jpg","contentUrl":"https:\/\/erformance.eu\/wp-content\/uploads\/2026\/02\/pol_pm_Audi-A8-D3-03-10-3-0-TDI-zestaw-naprawczy-kolektora-ssacego-3-szt-KPL-37160_1.jpg","width":1200,"height":1200},{"@type":"BreadcrumbList","@id":"https:\/\/erformance.eu\/et\/toode\/audi-a8-d3-03-10-3-0-tdi-isiurbimo-kolektoriaus-remonto-komplektas-3-vnt-kpl\/#breadcrumb","itemListElement":[{"@type":"ListItem","position":1,"name":"Home","item":"https:\/\/erformance.eu\/et\/"},{"@type":"ListItem","position":2,"name":"Pood","item":"https:\/\/erformance.eu\/et\/pood\/"},{"@type":"ListItem","position":3,"name":"Audi A8 D3 03-10 3.0 TDI \u012fsiurbimo kolektoriaus remonto komplektas 3 vnt. KPL"}]},{"@type":"WebSite","@id":"https:\/\/erformance.eu\/et\/#website","url":"https:\/\/erformance.eu\/et\/","name":"Erformance.eu","description":"Automobili\u0173 dali\u0173 parduotuv\u0117","potentialAction":[{"@type":"SearchAction","target":{"@type":"EntryPoint","urlTemplate":"https:\/\/erformance.eu\/et\/?s={search_term_string}"},"query-input":{"@type":"PropertyValueSpecification","valueRequired":true,"valueName":"search_term_string"}}],"inLanguage":"et"}]}},"jetpack_sharing_enabled":true,"_links":{"self":[{"href":"https:\/\/erformance.eu\/et\/wp-json\/wp\/v2\/product\/57062","targetHints":{"allow":["GET"]}}],"collection":[{"href":"https:\/\/erformance.eu\/et\/wp-json\/wp\/v2\/product"}],"about":[{"href":"https:\/\/erformance.eu\/et\/wp-json\/wp\/v2\/types\/product"}],"replies":[{"embeddable":true,"href":"https:\/\/erformance.eu\/et\/wp-json\/wp\/v2\/comments?post=57062"}],"version-history":[{"count":1,"href":"https:\/\/erformance.eu\/et\/wp-json\/wp\/v2\/product\/57062\/revisions"}],"predecessor-version":[{"id":57063,"href":"https:\/\/erformance.eu\/et\/wp-json\/wp\/v2\/product\/57062\/revisions\/57063"}],"wp:featuredmedia":[{"embeddable":true,"href":"https:\/\/erformance.eu\/et\/wp-json\/wp\/v2\/media\/52863"}],"wp:attachment":[{"href":"https:\/\/erformance.eu\/et\/wp-json\/wp\/v2\/media?parent=57062"}],"wp:term":[{"taxonomy":"product_brand","embeddable":true,"href":"https:\/\/erformance.eu\/et\/wp-json\/wp\/v2\/product_brand?post=57062"},{"taxonomy":"product_cat","embeddable":true,"href":"https:\/\/erformance.eu\/et\/wp-json\/wp\/v2\/product_cat?post=57062"},{"taxonomy":"product_tag","embeddable":true,"href":"https:\/\/erformance.eu\/et\/wp-json\/wp\/v2\/product_tag?post=57062"}],"curies":[{"name":"wp","href":"https:\/\/api.w.org\/{rel}","templated":true}]}}