{"id":57078,"date":"2026-02-16T14:24:57","date_gmt":"2026-02-16T11:24:57","guid":{"rendered":"https:\/\/erformance.eu\/?post_type=product&#038;p=57078"},"modified":"2026-03-25T14:31:03","modified_gmt":"2026-03-25T11:31:03","slug":"audi-a6-c7-13-15-priekinio-zibinto-remonto-komplektas-1-dalis-desines-puses","status":"publish","type":"product","link":"https:\/\/erformance.eu\/et\/toode\/audi-a6-c7-13-15-priekinio-zibinto-remonto-komplektas-1-dalis-desines-puses\/","title":{"rendered":"Audi A6 C7 13-15 Priekinio \u017eibinto remonto komplektas (1 dalis) de\u0161in\u0117s pus\u0117s"},"content":{"rendered":"<p>Prek\u0117: Priekinio \u017eibinto remonto komplektas (laikiklis\/vir\u0161utinis laikiklis) &#8211; 1 vnt.<br \/>\nPus\u0117: De\u0161in\u0117 (keleivio pus\u0117)<br \/>\nOE numeris: 4G0941044E<br \/>\nPASTABA: auk\u0161\u010diau pateikti numeriai yra original\u016bs dali\u0173 numeriai, kuriuos \u0161is pasi\u016blymas pakei\u010dia. Prie\u0161 pirkdami, palyginkite juos su originaliu dalies numeriu. Jei jie skiriasi net vienu simboliu, dalis netiks, neveiks arba veiks netinkamai. Tokiu atveju jos nepirkite.<br \/>\nAutomobilis: Audi A6 C7<br \/>\nPagaminimo metai: 2013\u20132015 (prie\u0161 atnaujinim\u0105)<br \/>\nGamintojas: pakaitalas<br \/>\nTechnin\u0117 b\u016bkl\u0117: prek\u0117 yra visi\u0161kai nauja, nenaudota, nepa\u017eeista ir nesugadinta<br \/>\nD\u0117mesio!<\/p>\n<p>Vir\u0161utinis ksenonini\u0173 ir LED \u017eibint\u0173 remonto laikiklis<br \/>\nrankena klijavimui arba suvirinimui<\/p>\n","protected":false},"excerpt":{"rendered":"<p>1. Prek\u0117: Priekini\u0173 \u017eibint\u0173 remonto komplektas2. Pus\u0117: de\u0161in\u01173. Gamintojas: pakeitimas4. Automobilis: Audi A6 C75. Pagaminimo metai: 2013\u20132015<\/p>\n","protected":false},"featured_media":52931,"comment_status":"open","ping_status":"closed","template":"","meta":[],"product_brand":[],"product_cat":[394,144,3919,3958,4280],"product_tag":[],"class_list":{"0":"post-57078","1":"product","2":"type-product","3":"status-publish","4":"has-post-thumbnail","6":"product_cat-audi-a6","7":"product_cat-audi","8":"product_cat-audi-a6-c7","9":"product_cat-audi-a6-c7-isores-dalys","10":"product_cat-audi-a6-c7-zibintai-apsvietimas","12":"first","13":"instock","14":"shipping-taxable","15":"purchasable","16":"product-type-simple"},"yoast_head":"<!-- This site is optimized with the Yoast SEO Premium plugin v25.2 (Yoast SEO v27.5) - https:\/\/yoast.com\/product\/yoast-seo-premium-wordpress\/ -->\n<title>Audi A6 C7 13-15 Priekinio \u017eibinto remonto komplektas (1 dalis) de\u0161in\u0117s pus\u0117s - Erformance.eu<\/title>\n<meta name=\"robots\" content=\"index, follow, max-snippet:-1, max-image-preview:large, max-video-preview:-1\" \/>\n<link rel=\"canonical\" href=\"https:\/\/erformance.eu\/et\/toode\/audi-a6-c7-13-15-priekinio-zibinto-remonto-komplektas-1-dalis-desines-puses\/\" \/>\n<meta property=\"og:locale\" content=\"et_EE\" \/>\n<meta property=\"og:type\" content=\"article\" \/>\n<meta property=\"og:title\" content=\"Audi A6 C7 13-15 Priekinio \u017eibinto remonto komplektas (1 dalis) de\u0161in\u0117s pus\u0117s\" \/>\n<meta property=\"og:description\" content=\"1. Prek\u0117: Priekini\u0173 \u017eibint\u0173 remonto komplektas2. Pus\u0117: de\u0161in\u01173. Gamintojas: pakeitimas4. Automobilis: Audi A6 C75. Pagaminimo metai: 2013\u20132015\" \/>\n<meta property=\"og:url\" content=\"https:\/\/erformance.eu\/et\/toode\/audi-a6-c7-13-15-priekinio-zibinto-remonto-komplektas-1-dalis-desines-puses\/\" \/>\n<meta property=\"og:site_name\" content=\"Erformance.eu\" \/>\n<meta property=\"article:modified_time\" content=\"2026-03-25T11:31:03+00:00\" \/>\n<meta property=\"og:image\" content=\"https:\/\/erformance.eu\/wp-content\/uploads\/2026\/02\/pol_pm_Audi-A6-C7-13-15-Zestaw-naprawczy-reflektora-1-element-prawy-33462_1.jpg\" \/>\n\t<meta property=\"og:image:width\" content=\"1200\" \/>\n\t<meta property=\"og:image:height\" content=\"1200\" \/>\n\t<meta property=\"og:image:type\" content=\"image\/jpeg\" \/>\n<meta name=\"twitter:card\" content=\"summary_large_image\" \/>\n<script type=\"application\/ld+json\" class=\"yoast-schema-graph\">{\"@context\":\"https:\\\/\\\/schema.org\",\"@graph\":[{\"@type\":\"WebPage\",\"@id\":\"https:\\\/\\\/erformance.eu\\\/et\\\/toode\\\/audi-a6-c7-13-15-priekinio-zibinto-remonto-komplektas-1-dalis-desines-puses\\\/\",\"url\":\"https:\\\/\\\/erformance.eu\\\/et\\\/toode\\\/audi-a6-c7-13-15-priekinio-zibinto-remonto-komplektas-1-dalis-desines-puses\\\/\",\"name\":\"Audi A6 C7 13-15 Priekinio \u017eibinto remonto komplektas (1 dalis) de\u0161in\u0117s pus\u0117s - Erformance.eu\",\"isPartOf\":{\"@id\":\"https:\\\/\\\/erformance.eu\\\/et\\\/#website\"},\"primaryImageOfPage\":{\"@id\":\"https:\\\/\\\/erformance.eu\\\/et\\\/toode\\\/audi-a6-c7-13-15-priekinio-zibinto-remonto-komplektas-1-dalis-desines-puses\\\/#primaryimage\"},\"image\":{\"@id\":\"https:\\\/\\\/erformance.eu\\\/et\\\/toode\\\/audi-a6-c7-13-15-priekinio-zibinto-remonto-komplektas-1-dalis-desines-puses\\\/#primaryimage\"},\"thumbnailUrl\":\"https:\\\/\\\/erformance.eu\\\/wp-content\\\/uploads\\\/2026\\\/02\\\/pol_pm_Audi-A6-C7-13-15-Zestaw-naprawczy-reflektora-1-element-prawy-33462_1.jpg\",\"datePublished\":\"2026-02-16T11:24:57+00:00\",\"dateModified\":\"2026-03-25T11:31:03+00:00\",\"breadcrumb\":{\"@id\":\"https:\\\/\\\/erformance.eu\\\/et\\\/toode\\\/audi-a6-c7-13-15-priekinio-zibinto-remonto-komplektas-1-dalis-desines-puses\\\/#breadcrumb\"},\"inLanguage\":\"et\",\"potentialAction\":[{\"@type\":\"ReadAction\",\"target\":[\"https:\\\/\\\/erformance.eu\\\/et\\\/toode\\\/audi-a6-c7-13-15-priekinio-zibinto-remonto-komplektas-1-dalis-desines-puses\\\/\"]}]},{\"@type\":\"ImageObject\",\"inLanguage\":\"et\",\"@id\":\"https:\\\/\\\/erformance.eu\\\/et\\\/toode\\\/audi-a6-c7-13-15-priekinio-zibinto-remonto-komplektas-1-dalis-desines-puses\\\/#primaryimage\",\"url\":\"https:\\\/\\\/erformance.eu\\\/wp-content\\\/uploads\\\/2026\\\/02\\\/pol_pm_Audi-A6-C7-13-15-Zestaw-naprawczy-reflektora-1-element-prawy-33462_1.jpg\",\"contentUrl\":\"https:\\\/\\\/erformance.eu\\\/wp-content\\\/uploads\\\/2026\\\/02\\\/pol_pm_Audi-A6-C7-13-15-Zestaw-naprawczy-reflektora-1-element-prawy-33462_1.jpg\",\"width\":1200,\"height\":1200},{\"@type\":\"BreadcrumbList\",\"@id\":\"https:\\\/\\\/erformance.eu\\\/et\\\/toode\\\/audi-a6-c7-13-15-priekinio-zibinto-remonto-komplektas-1-dalis-desines-puses\\\/#breadcrumb\",\"itemListElement\":[{\"@type\":\"ListItem\",\"position\":1,\"name\":\"Home\",\"item\":\"https:\\\/\\\/erformance.eu\\\/et\\\/\"},{\"@type\":\"ListItem\",\"position\":2,\"name\":\"Pood\",\"item\":\"https:\\\/\\\/erformance.eu\\\/et\\\/pood\\\/\"},{\"@type\":\"ListItem\",\"position\":3,\"name\":\"Audi A6 C7 13-15 Priekinio \u017eibinto remonto komplektas (1 dalis) de\u0161in\u0117s pus\u0117s\"}]},{\"@type\":\"WebSite\",\"@id\":\"https:\\\/\\\/erformance.eu\\\/et\\\/#website\",\"url\":\"https:\\\/\\\/erformance.eu\\\/et\\\/\",\"name\":\"Erformance.eu\",\"description\":\"Automobili\u0173 dali\u0173 parduotuv\u0117\",\"potentialAction\":[{\"@type\":\"SearchAction\",\"target\":{\"@type\":\"EntryPoint\",\"urlTemplate\":\"https:\\\/\\\/erformance.eu\\\/et\\\/?s={search_term_string}\"},\"query-input\":{\"@type\":\"PropertyValueSpecification\",\"valueRequired\":true,\"valueName\":\"search_term_string\"}}],\"inLanguage\":\"et\"}]}<\/script>\n<!-- \/ Yoast SEO Premium plugin. -->","yoast_head_json":{"title":"Audi A6 C7 13-15 Priekinio \u017eibinto remonto komplektas (1 dalis) de\u0161in\u0117s pus\u0117s - Erformance.eu","robots":{"index":"index","follow":"follow","max-snippet":"max-snippet:-1","max-image-preview":"max-image-preview:large","max-video-preview":"max-video-preview:-1"},"canonical":"https:\/\/erformance.eu\/et\/toode\/audi-a6-c7-13-15-priekinio-zibinto-remonto-komplektas-1-dalis-desines-puses\/","og_locale":"et_EE","og_type":"article","og_title":"Audi A6 C7 13-15 Priekinio \u017eibinto remonto komplektas (1 dalis) de\u0161in\u0117s pus\u0117s","og_description":"1. Prek\u0117: Priekini\u0173 \u017eibint\u0173 remonto komplektas2. Pus\u0117: de\u0161in\u01173. Gamintojas: pakeitimas4. Automobilis: Audi A6 C75. Pagaminimo metai: 2013\u20132015","og_url":"https:\/\/erformance.eu\/et\/toode\/audi-a6-c7-13-15-priekinio-zibinto-remonto-komplektas-1-dalis-desines-puses\/","og_site_name":"Erformance.eu","article_modified_time":"2026-03-25T11:31:03+00:00","og_image":[{"width":1200,"height":1200,"url":"https:\/\/erformance.eu\/wp-content\/uploads\/2026\/02\/pol_pm_Audi-A6-C7-13-15-Zestaw-naprawczy-reflektora-1-element-prawy-33462_1.jpg","type":"image\/jpeg"}],"twitter_card":"summary_large_image","schema":{"@context":"https:\/\/schema.org","@graph":[{"@type":"WebPage","@id":"https:\/\/erformance.eu\/et\/toode\/audi-a6-c7-13-15-priekinio-zibinto-remonto-komplektas-1-dalis-desines-puses\/","url":"https:\/\/erformance.eu\/et\/toode\/audi-a6-c7-13-15-priekinio-zibinto-remonto-komplektas-1-dalis-desines-puses\/","name":"Audi A6 C7 13-15 Priekinio \u017eibinto remonto komplektas (1 dalis) de\u0161in\u0117s pus\u0117s - Erformance.eu","isPartOf":{"@id":"https:\/\/erformance.eu\/et\/#website"},"primaryImageOfPage":{"@id":"https:\/\/erformance.eu\/et\/toode\/audi-a6-c7-13-15-priekinio-zibinto-remonto-komplektas-1-dalis-desines-puses\/#primaryimage"},"image":{"@id":"https:\/\/erformance.eu\/et\/toode\/audi-a6-c7-13-15-priekinio-zibinto-remonto-komplektas-1-dalis-desines-puses\/#primaryimage"},"thumbnailUrl":"https:\/\/erformance.eu\/wp-content\/uploads\/2026\/02\/pol_pm_Audi-A6-C7-13-15-Zestaw-naprawczy-reflektora-1-element-prawy-33462_1.jpg","datePublished":"2026-02-16T11:24:57+00:00","dateModified":"2026-03-25T11:31:03+00:00","breadcrumb":{"@id":"https:\/\/erformance.eu\/et\/toode\/audi-a6-c7-13-15-priekinio-zibinto-remonto-komplektas-1-dalis-desines-puses\/#breadcrumb"},"inLanguage":"et","potentialAction":[{"@type":"ReadAction","target":["https:\/\/erformance.eu\/et\/toode\/audi-a6-c7-13-15-priekinio-zibinto-remonto-komplektas-1-dalis-desines-puses\/"]}]},{"@type":"ImageObject","inLanguage":"et","@id":"https:\/\/erformance.eu\/et\/toode\/audi-a6-c7-13-15-priekinio-zibinto-remonto-komplektas-1-dalis-desines-puses\/#primaryimage","url":"https:\/\/erformance.eu\/wp-content\/uploads\/2026\/02\/pol_pm_Audi-A6-C7-13-15-Zestaw-naprawczy-reflektora-1-element-prawy-33462_1.jpg","contentUrl":"https:\/\/erformance.eu\/wp-content\/uploads\/2026\/02\/pol_pm_Audi-A6-C7-13-15-Zestaw-naprawczy-reflektora-1-element-prawy-33462_1.jpg","width":1200,"height":1200},{"@type":"BreadcrumbList","@id":"https:\/\/erformance.eu\/et\/toode\/audi-a6-c7-13-15-priekinio-zibinto-remonto-komplektas-1-dalis-desines-puses\/#breadcrumb","itemListElement":[{"@type":"ListItem","position":1,"name":"Home","item":"https:\/\/erformance.eu\/et\/"},{"@type":"ListItem","position":2,"name":"Pood","item":"https:\/\/erformance.eu\/et\/pood\/"},{"@type":"ListItem","position":3,"name":"Audi A6 C7 13-15 Priekinio \u017eibinto remonto komplektas (1 dalis) de\u0161in\u0117s pus\u0117s"}]},{"@type":"WebSite","@id":"https:\/\/erformance.eu\/et\/#website","url":"https:\/\/erformance.eu\/et\/","name":"Erformance.eu","description":"Automobili\u0173 dali\u0173 parduotuv\u0117","potentialAction":[{"@type":"SearchAction","target":{"@type":"EntryPoint","urlTemplate":"https:\/\/erformance.eu\/et\/?s={search_term_string}"},"query-input":{"@type":"PropertyValueSpecification","valueRequired":true,"valueName":"search_term_string"}}],"inLanguage":"et"}]}},"jetpack_sharing_enabled":true,"_links":{"self":[{"href":"https:\/\/erformance.eu\/et\/wp-json\/wp\/v2\/product\/57078","targetHints":{"allow":["GET"]}}],"collection":[{"href":"https:\/\/erformance.eu\/et\/wp-json\/wp\/v2\/product"}],"about":[{"href":"https:\/\/erformance.eu\/et\/wp-json\/wp\/v2\/types\/product"}],"replies":[{"embeddable":true,"href":"https:\/\/erformance.eu\/et\/wp-json\/wp\/v2\/comments?post=57078"}],"version-history":[{"count":1,"href":"https:\/\/erformance.eu\/et\/wp-json\/wp\/v2\/product\/57078\/revisions"}],"predecessor-version":[{"id":57079,"href":"https:\/\/erformance.eu\/et\/wp-json\/wp\/v2\/product\/57078\/revisions\/57079"}],"wp:featuredmedia":[{"embeddable":true,"href":"https:\/\/erformance.eu\/et\/wp-json\/wp\/v2\/media\/52931"}],"wp:attachment":[{"href":"https:\/\/erformance.eu\/et\/wp-json\/wp\/v2\/media?parent=57078"}],"wp:term":[{"taxonomy":"product_brand","embeddable":true,"href":"https:\/\/erformance.eu\/et\/wp-json\/wp\/v2\/product_brand?post=57078"},{"taxonomy":"product_cat","embeddable":true,"href":"https:\/\/erformance.eu\/et\/wp-json\/wp\/v2\/product_cat?post=57078"},{"taxonomy":"product_tag","embeddable":true,"href":"https:\/\/erformance.eu\/et\/wp-json\/wp\/v2\/product_tag?post=57078"}],"curies":[{"name":"wp","href":"https:\/\/api.w.org\/{rel}","templated":true}]}}