{"id":57088,"date":"2026-02-16T14:25:03","date_gmt":"2026-02-16T11:25:03","guid":{"rendered":"https:\/\/erformance.eu\/?post_type=product&#038;p=57088"},"modified":"2026-03-05T20:42:25","modified_gmt":"2026-03-05T17:42:25","slug":"audi-a2-a3-a4-a6-a8-q7-tt-laidu-pyne-su-2-kontaktu-purkstuko-kistuku","status":"publish","type":"product","link":"https:\/\/erformance.eu\/et\/toode\/audi-a2-a3-a4-a6-a8-q7-tt-laidu-pyne-su-2-kontaktu-purkstuko-kistuku\/","title":{"rendered":"Audi A2 A3 A4 A6 A8 Q7 TT laid\u0173 pyn\u0117 su 2 kontakt\u0173 purk\u0161tuko ki\u0161tuku"},"content":{"rendered":"<p>Prek\u0117: Laid\u0173 pyn\u0117 su 2 kontakt\u0173 purk\u0161tuko ki\u0161tuku<br \/>\nOE numeris: 06A973722<br \/>\nPASTABA: auk\u0161\u010diau pateikti numeriai yra original\u016bs dali\u0173 numeriai, kuriuos \u0161is pasi\u016blymas pakei\u010dia. Prie\u0161 pirkdami, palyginkite juos su originaliu dalies numeriu. Jei jie skiriasi net vienu simboliu, dalis netiks, neveiks arba veiks netinkamai. Tokiu atveju jos nepirkite.<br \/>\nAutomobilis:<\/p>\n<p>Audi A2<br \/>\nAudi A3<br \/>\nAudi A4<br \/>\nAudi A6<br \/>\nAudi A8<br \/>\nAudi Q7<br \/>\nAudi TT<br \/>\nSeat Alhambra<br \/>\nSeat Altea<br \/>\nSeat Arosa<br \/>\nSeat Cordoba<br \/>\nSeat Ibiza<br \/>\nSeat Inca<br \/>\nSeat Leon<br \/>\nSeat Toledo<br \/>\n\u0160koda Fabia<br \/>\n\u0160koda Octavia<br \/>\nVolkswagen Bora<br \/>\nVolkswagen Caddy<br \/>\nVolkswagen Golf<br \/>\nVolkswagen Jetta<br \/>\nVolkswagen Lupo<br \/>\nVolkswagen Passat<br \/>\nVolkswagen Polo<br \/>\nVolkswagen Sharan<br \/>\nVolkswagen Touran<br \/>\n\u201eVolkswagen Touareg\u201c<\/p>\n<p>Laid\u0173 su jungtimi skai\u010dius: 2<br \/>\nLaido ilgis: apie 20 cm<br \/>\nGamintojas: pakaitalas<br \/>\nTechnin\u0117 b\u016bkl\u0117: prek\u0117 yra visi\u0161kai nauja, nenaudota, nepa\u017eeista ir nesugadinta<\/p>\n","protected":false},"excerpt":{"rendered":"<p>1. Prek\u0117: Laid\u0173 pyn\u0117 su 2 kontakt\u0173 purk\u0161tuko ki\u0161tuku2. Gamintojas: pakeitimas3. Automobilis:Audi A2Audi A3Audi A4Audi A6Audi A8Audi Q7Audi TT<\/p>\n","protected":false},"featured_media":52978,"comment_status":"open","ping_status":"closed","template":"","meta":[],"product_brand":[],"product_cat":[3930,3933,3905,3934,3904,393,186,390,394,396,144,3908,3909,3916,3917,3918,3922,3923,3956,3973,3945,3957,3974,3948,3962,3949,3963,3955,3970,3944,4167,4154,4168,4160,4175,4149,4161,4178,4150,4162,4179,4153,400,401],"product_tag":[],"class_list":{"0":"post-57088","1":"product","2":"type-product","3":"status-publish","4":"has-post-thumbnail","6":"product_cat-audi-q7-4l","7":"product_cat-audi-tt-8j","8":"product_cat-audi-a3-8l","9":"product_cat-audi-tt-8n","10":"product_cat-audi-a2-8z","11":"product_cat-audi-a2","12":"product_cat-a3","13":"product_cat-audi-a4","14":"product_cat-audi-a6","15":"product_cat-audi-a8","16":"product_cat-audi","17":"product_cat-audi-a4-b5","18":"product_cat-audi-a4-b6","19":"product_cat-audi-a6-c4","20":"product_cat-audi-a6-c5","21":"product_cat-audi-a6-c6","22":"product_cat-audi-a8-d2","23":"product_cat-audi-a8-d3","24":"product_cat-audi-a6-c5-isores-dalys","25":"product_cat-audi-tt-8j-isores-dalys","26":"product_cat-audi-a3-8l-isores-dalys","27":"product_cat-audi-a6-c6-isores-dalys","28":"product_cat-audi-tt-8n-isores-dalys","29":"product_cat-audi-a4-b5-isores-dalys","30":"product_cat-audi-a8-d2-isores-dalys","31":"product_cat-audi-a4-b6-isores-dalys","32":"product_cat-audi-a8-d3-isores-dalys","33":"product_cat-audi-a6-c4-isores-dalys","34":"product_cat-audi-q7-4l-isores-dalys","35":"product_cat-audi-a2-8z-isores-dalys","36":"product_cat-audi-a8-d2-isores-kitos-dalys","37":"product_cat-audi-a4-b6-isores-kitos-dalys","38":"product_cat-audi-a8-d3-isores-kitos-dalys","39":"product_cat-audi-a6-c4-isores-kitos-dalys","40":"product_cat-audi-q7-4l-isores-kitos-dalys","41":"product_cat-audi-a2-8z-isores-kitos-dalys","42":"product_cat-audi-a6-c5-isores-kitos-dalys","43":"product_cat-audi-tt-8j-isores-kitos-dalys","44":"product_cat-audi-a3-8l-isores-kitos-dalys","45":"product_cat-audi-a6-c6-isores-kitos-dalys","46":"product_cat-audi-tt-8n-isores-kitos-dalys","47":"product_cat-audi-a4-b5-isores-kitos-dalys","48":"product_cat-audi-q7","49":"product_cat-audi-tt","51":"first","52":"instock","53":"shipping-taxable","54":"purchasable","55":"product-type-simple"},"yoast_head":"<!-- This site is optimized with the Yoast SEO Premium plugin v25.2 (Yoast SEO v27.4) - https:\/\/yoast.com\/product\/yoast-seo-premium-wordpress\/ -->\n<title>Audi A2 A3 A4 A6 A8 Q7 TT laid\u0173 pyn\u0117 su 2 kontakt\u0173 purk\u0161tuko ki\u0161tuku - Erformance.eu<\/title>\n<meta name=\"robots\" content=\"index, follow, max-snippet:-1, max-image-preview:large, max-video-preview:-1\" \/>\n<link rel=\"canonical\" href=\"https:\/\/erformance.eu\/et\/toode\/audi-a2-a3-a4-a6-a8-q7-tt-laidu-pyne-su-2-kontaktu-purkstuko-kistuku\/\" \/>\n<meta property=\"og:locale\" content=\"et_EE\" \/>\n<meta property=\"og:type\" content=\"article\" \/>\n<meta property=\"og:title\" content=\"Audi A2 A3 A4 A6 A8 Q7 TT laid\u0173 pyn\u0117 su 2 kontakt\u0173 purk\u0161tuko ki\u0161tuku\" \/>\n<meta property=\"og:description\" content=\"1. Prek\u0117: Laid\u0173 pyn\u0117 su 2 kontakt\u0173 purk\u0161tuko ki\u0161tuku2. Gamintojas: pakeitimas3. Automobilis:Audi A2Audi A3Audi A4Audi A6Audi A8Audi Q7Audi TT\" \/>\n<meta property=\"og:url\" content=\"https:\/\/erformance.eu\/et\/toode\/audi-a2-a3-a4-a6-a8-q7-tt-laidu-pyne-su-2-kontaktu-purkstuko-kistuku\/\" \/>\n<meta property=\"og:site_name\" content=\"Erformance.eu\" \/>\n<meta property=\"article:modified_time\" content=\"2026-03-05T17:42:25+00:00\" \/>\n<meta property=\"og:image\" content=\"https:\/\/erformance.eu\/wp-content\/uploads\/2026\/02\/pol_pm_Audi-A2-A3-A4-A6-A8-Q7-TT-wiazka-przewodow-z-wtyczka-do-wtryskiwacza-2-PIN-34543_1.jpg\" \/>\n\t<meta property=\"og:image:width\" content=\"1200\" \/>\n\t<meta property=\"og:image:height\" content=\"1200\" \/>\n\t<meta property=\"og:image:type\" content=\"image\/jpeg\" \/>\n<meta name=\"twitter:card\" content=\"summary_large_image\" \/>\n<meta name=\"twitter:label1\" content=\"Est. reading time\" \/>\n\t<meta name=\"twitter:data1\" content=\"1 minut\" \/>\n<script type=\"application\/ld+json\" class=\"yoast-schema-graph\">{\"@context\":\"https:\\\/\\\/schema.org\",\"@graph\":[{\"@type\":\"WebPage\",\"@id\":\"https:\\\/\\\/erformance.eu\\\/et\\\/toode\\\/audi-a2-a3-a4-a6-a8-q7-tt-laidu-pyne-su-2-kontaktu-purkstuko-kistuku\\\/\",\"url\":\"https:\\\/\\\/erformance.eu\\\/et\\\/toode\\\/audi-a2-a3-a4-a6-a8-q7-tt-laidu-pyne-su-2-kontaktu-purkstuko-kistuku\\\/\",\"name\":\"Audi A2 A3 A4 A6 A8 Q7 TT laid\u0173 pyn\u0117 su 2 kontakt\u0173 purk\u0161tuko ki\u0161tuku - Erformance.eu\",\"isPartOf\":{\"@id\":\"https:\\\/\\\/erformance.eu\\\/et\\\/#website\"},\"primaryImageOfPage\":{\"@id\":\"https:\\\/\\\/erformance.eu\\\/et\\\/toode\\\/audi-a2-a3-a4-a6-a8-q7-tt-laidu-pyne-su-2-kontaktu-purkstuko-kistuku\\\/#primaryimage\"},\"image\":{\"@id\":\"https:\\\/\\\/erformance.eu\\\/et\\\/toode\\\/audi-a2-a3-a4-a6-a8-q7-tt-laidu-pyne-su-2-kontaktu-purkstuko-kistuku\\\/#primaryimage\"},\"thumbnailUrl\":\"https:\\\/\\\/erformance.eu\\\/wp-content\\\/uploads\\\/2026\\\/02\\\/pol_pm_Audi-A2-A3-A4-A6-A8-Q7-TT-wiazka-przewodow-z-wtyczka-do-wtryskiwacza-2-PIN-34543_1.jpg\",\"datePublished\":\"2026-02-16T11:25:03+00:00\",\"dateModified\":\"2026-03-05T17:42:25+00:00\",\"breadcrumb\":{\"@id\":\"https:\\\/\\\/erformance.eu\\\/et\\\/toode\\\/audi-a2-a3-a4-a6-a8-q7-tt-laidu-pyne-su-2-kontaktu-purkstuko-kistuku\\\/#breadcrumb\"},\"inLanguage\":\"et\",\"potentialAction\":[{\"@type\":\"ReadAction\",\"target\":[\"https:\\\/\\\/erformance.eu\\\/et\\\/toode\\\/audi-a2-a3-a4-a6-a8-q7-tt-laidu-pyne-su-2-kontaktu-purkstuko-kistuku\\\/\"]}]},{\"@type\":\"ImageObject\",\"inLanguage\":\"et\",\"@id\":\"https:\\\/\\\/erformance.eu\\\/et\\\/toode\\\/audi-a2-a3-a4-a6-a8-q7-tt-laidu-pyne-su-2-kontaktu-purkstuko-kistuku\\\/#primaryimage\",\"url\":\"https:\\\/\\\/erformance.eu\\\/wp-content\\\/uploads\\\/2026\\\/02\\\/pol_pm_Audi-A2-A3-A4-A6-A8-Q7-TT-wiazka-przewodow-z-wtyczka-do-wtryskiwacza-2-PIN-34543_1.jpg\",\"contentUrl\":\"https:\\\/\\\/erformance.eu\\\/wp-content\\\/uploads\\\/2026\\\/02\\\/pol_pm_Audi-A2-A3-A4-A6-A8-Q7-TT-wiazka-przewodow-z-wtyczka-do-wtryskiwacza-2-PIN-34543_1.jpg\",\"width\":1200,\"height\":1200},{\"@type\":\"BreadcrumbList\",\"@id\":\"https:\\\/\\\/erformance.eu\\\/et\\\/toode\\\/audi-a2-a3-a4-a6-a8-q7-tt-laidu-pyne-su-2-kontaktu-purkstuko-kistuku\\\/#breadcrumb\",\"itemListElement\":[{\"@type\":\"ListItem\",\"position\":1,\"name\":\"Home\",\"item\":\"https:\\\/\\\/erformance.eu\\\/et\\\/\"},{\"@type\":\"ListItem\",\"position\":2,\"name\":\"Pood\",\"item\":\"https:\\\/\\\/erformance.eu\\\/et\\\/pood\\\/\"},{\"@type\":\"ListItem\",\"position\":3,\"name\":\"Audi A2 A3 A4 A6 A8 Q7 TT laid\u0173 pyn\u0117 su 2 kontakt\u0173 purk\u0161tuko ki\u0161tuku\"}]},{\"@type\":\"WebSite\",\"@id\":\"https:\\\/\\\/erformance.eu\\\/et\\\/#website\",\"url\":\"https:\\\/\\\/erformance.eu\\\/et\\\/\",\"name\":\"Erformance.eu\",\"description\":\"Automobili\u0173 dali\u0173 parduotuv\u0117\",\"potentialAction\":[{\"@type\":\"SearchAction\",\"target\":{\"@type\":\"EntryPoint\",\"urlTemplate\":\"https:\\\/\\\/erformance.eu\\\/et\\\/?s={search_term_string}\"},\"query-input\":{\"@type\":\"PropertyValueSpecification\",\"valueRequired\":true,\"valueName\":\"search_term_string\"}}],\"inLanguage\":\"et\"}]}<\/script>\n<!-- \/ Yoast SEO Premium plugin. -->","yoast_head_json":{"title":"Audi A2 A3 A4 A6 A8 Q7 TT laid\u0173 pyn\u0117 su 2 kontakt\u0173 purk\u0161tuko ki\u0161tuku - Erformance.eu","robots":{"index":"index","follow":"follow","max-snippet":"max-snippet:-1","max-image-preview":"max-image-preview:large","max-video-preview":"max-video-preview:-1"},"canonical":"https:\/\/erformance.eu\/et\/toode\/audi-a2-a3-a4-a6-a8-q7-tt-laidu-pyne-su-2-kontaktu-purkstuko-kistuku\/","og_locale":"et_EE","og_type":"article","og_title":"Audi A2 A3 A4 A6 A8 Q7 TT laid\u0173 pyn\u0117 su 2 kontakt\u0173 purk\u0161tuko ki\u0161tuku","og_description":"1. Prek\u0117: Laid\u0173 pyn\u0117 su 2 kontakt\u0173 purk\u0161tuko ki\u0161tuku2. Gamintojas: pakeitimas3. Automobilis:Audi A2Audi A3Audi A4Audi A6Audi A8Audi Q7Audi TT","og_url":"https:\/\/erformance.eu\/et\/toode\/audi-a2-a3-a4-a6-a8-q7-tt-laidu-pyne-su-2-kontaktu-purkstuko-kistuku\/","og_site_name":"Erformance.eu","article_modified_time":"2026-03-05T17:42:25+00:00","og_image":[{"width":1200,"height":1200,"url":"https:\/\/erformance.eu\/wp-content\/uploads\/2026\/02\/pol_pm_Audi-A2-A3-A4-A6-A8-Q7-TT-wiazka-przewodow-z-wtyczka-do-wtryskiwacza-2-PIN-34543_1.jpg","type":"image\/jpeg"}],"twitter_card":"summary_large_image","twitter_misc":{"Est. reading time":"1 minut"},"schema":{"@context":"https:\/\/schema.org","@graph":[{"@type":"WebPage","@id":"https:\/\/erformance.eu\/et\/toode\/audi-a2-a3-a4-a6-a8-q7-tt-laidu-pyne-su-2-kontaktu-purkstuko-kistuku\/","url":"https:\/\/erformance.eu\/et\/toode\/audi-a2-a3-a4-a6-a8-q7-tt-laidu-pyne-su-2-kontaktu-purkstuko-kistuku\/","name":"Audi A2 A3 A4 A6 A8 Q7 TT laid\u0173 pyn\u0117 su 2 kontakt\u0173 purk\u0161tuko ki\u0161tuku - Erformance.eu","isPartOf":{"@id":"https:\/\/erformance.eu\/et\/#website"},"primaryImageOfPage":{"@id":"https:\/\/erformance.eu\/et\/toode\/audi-a2-a3-a4-a6-a8-q7-tt-laidu-pyne-su-2-kontaktu-purkstuko-kistuku\/#primaryimage"},"image":{"@id":"https:\/\/erformance.eu\/et\/toode\/audi-a2-a3-a4-a6-a8-q7-tt-laidu-pyne-su-2-kontaktu-purkstuko-kistuku\/#primaryimage"},"thumbnailUrl":"https:\/\/erformance.eu\/wp-content\/uploads\/2026\/02\/pol_pm_Audi-A2-A3-A4-A6-A8-Q7-TT-wiazka-przewodow-z-wtyczka-do-wtryskiwacza-2-PIN-34543_1.jpg","datePublished":"2026-02-16T11:25:03+00:00","dateModified":"2026-03-05T17:42:25+00:00","breadcrumb":{"@id":"https:\/\/erformance.eu\/et\/toode\/audi-a2-a3-a4-a6-a8-q7-tt-laidu-pyne-su-2-kontaktu-purkstuko-kistuku\/#breadcrumb"},"inLanguage":"et","potentialAction":[{"@type":"ReadAction","target":["https:\/\/erformance.eu\/et\/toode\/audi-a2-a3-a4-a6-a8-q7-tt-laidu-pyne-su-2-kontaktu-purkstuko-kistuku\/"]}]},{"@type":"ImageObject","inLanguage":"et","@id":"https:\/\/erformance.eu\/et\/toode\/audi-a2-a3-a4-a6-a8-q7-tt-laidu-pyne-su-2-kontaktu-purkstuko-kistuku\/#primaryimage","url":"https:\/\/erformance.eu\/wp-content\/uploads\/2026\/02\/pol_pm_Audi-A2-A3-A4-A6-A8-Q7-TT-wiazka-przewodow-z-wtyczka-do-wtryskiwacza-2-PIN-34543_1.jpg","contentUrl":"https:\/\/erformance.eu\/wp-content\/uploads\/2026\/02\/pol_pm_Audi-A2-A3-A4-A6-A8-Q7-TT-wiazka-przewodow-z-wtyczka-do-wtryskiwacza-2-PIN-34543_1.jpg","width":1200,"height":1200},{"@type":"BreadcrumbList","@id":"https:\/\/erformance.eu\/et\/toode\/audi-a2-a3-a4-a6-a8-q7-tt-laidu-pyne-su-2-kontaktu-purkstuko-kistuku\/#breadcrumb","itemListElement":[{"@type":"ListItem","position":1,"name":"Home","item":"https:\/\/erformance.eu\/et\/"},{"@type":"ListItem","position":2,"name":"Pood","item":"https:\/\/erformance.eu\/et\/pood\/"},{"@type":"ListItem","position":3,"name":"Audi A2 A3 A4 A6 A8 Q7 TT laid\u0173 pyn\u0117 su 2 kontakt\u0173 purk\u0161tuko ki\u0161tuku"}]},{"@type":"WebSite","@id":"https:\/\/erformance.eu\/et\/#website","url":"https:\/\/erformance.eu\/et\/","name":"Erformance.eu","description":"Automobili\u0173 dali\u0173 parduotuv\u0117","potentialAction":[{"@type":"SearchAction","target":{"@type":"EntryPoint","urlTemplate":"https:\/\/erformance.eu\/et\/?s={search_term_string}"},"query-input":{"@type":"PropertyValueSpecification","valueRequired":true,"valueName":"search_term_string"}}],"inLanguage":"et"}]}},"jetpack_sharing_enabled":true,"_links":{"self":[{"href":"https:\/\/erformance.eu\/et\/wp-json\/wp\/v2\/product\/57088","targetHints":{"allow":["GET"]}}],"collection":[{"href":"https:\/\/erformance.eu\/et\/wp-json\/wp\/v2\/product"}],"about":[{"href":"https:\/\/erformance.eu\/et\/wp-json\/wp\/v2\/types\/product"}],"replies":[{"embeddable":true,"href":"https:\/\/erformance.eu\/et\/wp-json\/wp\/v2\/comments?post=57088"}],"version-history":[{"count":1,"href":"https:\/\/erformance.eu\/et\/wp-json\/wp\/v2\/product\/57088\/revisions"}],"predecessor-version":[{"id":57089,"href":"https:\/\/erformance.eu\/et\/wp-json\/wp\/v2\/product\/57088\/revisions\/57089"}],"wp:featuredmedia":[{"embeddable":true,"href":"https:\/\/erformance.eu\/et\/wp-json\/wp\/v2\/media\/52978"}],"wp:attachment":[{"href":"https:\/\/erformance.eu\/et\/wp-json\/wp\/v2\/media?parent=57088"}],"wp:term":[{"taxonomy":"product_brand","embeddable":true,"href":"https:\/\/erformance.eu\/et\/wp-json\/wp\/v2\/product_brand?post=57088"},{"taxonomy":"product_cat","embeddable":true,"href":"https:\/\/erformance.eu\/et\/wp-json\/wp\/v2\/product_cat?post=57088"},{"taxonomy":"product_tag","embeddable":true,"href":"https:\/\/erformance.eu\/et\/wp-json\/wp\/v2\/product_tag?post=57088"}],"curies":[{"name":"wp","href":"https:\/\/api.w.org\/{rel}","templated":true}]}}