{"id":57154,"date":"2026-02-16T14:25:43","date_gmt":"2026-02-16T11:25:43","guid":{"rendered":"https:\/\/erformance.eu\/?post_type=product&#038;p=57154"},"modified":"2026-03-10T02:34:55","modified_gmt":"2026-03-09T23:34:55","slug":"audi-a3-8p-8v-8y-q2-ga-tt-8j-fv-pavaru-perjungimo-svirtis","status":"publish","type":"product","link":"https:\/\/erformance.eu\/et\/toode\/audi-a3-8p-8v-8y-q2-ga-tt-8j-fv-pavaru-perjungimo-svirtis\/","title":{"rendered":"Audi A3 8P 8V 8Y Q2 GA TT 8J FV pavar\u0173 perjungimo svirtis"},"content":{"rendered":"<p>Prek\u0117: pavar\u0173 perjungimo svirtis (ranken\u0117l\u0117)<br \/>\nOriginalus numeris:<\/p>\n<p>5Q0711202B<br \/>\n5Q0711203B<\/p>\n<p>PASTABA: auk\u0161\u010diau pateikti numeriai yra original\u016bs dali\u0173 numeriai, kuriuos \u0161is pasi\u016blymas pakei\u010dia. Prie\u0161 pirkdami, palyginkite juos su originaliu dalies numeriu. Jei jie skiriasi net vienu simboliu, dalis netiks, neveiks arba veiks netinkamai. Tokiu atveju jos nepirkite.<br \/>\nAutomobilis:<\/p>\n<p>Audi A3 he\u010dbekas (8P1), pagaminimo metai: 2003\u20132012<br \/>\nAudi A3 Sportback (8PA), pagaminimo metai: 2004\u20132013<br \/>\nAudi A3 he\u010dbekas (8V1, 8VK), pagaminimo metai: 2012\u20132020<br \/>\n\u201eAudi A3 Sportback\u201c (8VA, 8VF), modeliai, pagaminti nuo 2012 m.<br \/>\n\u201eAudi A3\u201c sedanas (8VS, 8VM), modeliai, pagaminti nuo 2013 m.<br \/>\n\u201eAudi A3 Sportback\u201c (8YA), modeliai, pagaminti nuo 2020 m.<br \/>\n\u201eAudi A3\u201c sedanas (8YS), modeliai, pagaminti nuo 2020 m.<br \/>\n\u201eAudi Q2\u201c (GAB), modeliai, pagaminti nuo 2016 m.<br \/>\nAudi TT kup\u0117 (8J3), pagaminimo metai: 2006\u20132014<br \/>\nAudi TT Roadster (8J9), pagaminimo metai: 2007\u20132014<br \/>\n\u201eAudi TT Coupe\u201c (FV3, FVP), modeliai, pagaminti nuo 2014 m.<br \/>\n\u201eSeat Alhambra II\u201c (710, 711), modeliai, pagaminti nuo 2010 m.<br \/>\n\u201eSeat Altea\u201c (5P1), modeliai, pagaminti nuo 2004 m.<br \/>\n\u201eSeat Ateca\u201c (KH7), modeliai, pagaminti nuo 2016 m.<br \/>\n\u201eSeat Leon III Hatchback\u201c (5F1), modeliai, pagaminti nuo 2012 m.<br \/>\n\u201eSeat Leon III ST\u201c (5F8), modeliai, pagaminti nuo 2013 m.<br \/>\n\u201eSeat Leon IV\u201c (KL1), modeliai, pagaminti nuo 2019 m.<br \/>\n\u201eSeat Leon IV Sportstourer\u201c (KL8), modeliai, pagaminti nuo 2020 m.<br \/>\n\u201eSkoda Karoq\u201c visureigis (NU7), modeliai, pagaminti nuo 2017 m.<br \/>\nSkoda Kodiaq (NS7), modeliai gaminami nuo 2016 m<br \/>\n\u201eSkoda Octavia II\u201c he\u010dbekas (1Z3), pagaminimo metai: 2004\u20132013<br \/>\n\u201eSkoda Octavia II Combi\u201c (1Z5), pagaminimo metai: 2004\u20132013<br \/>\n\u201eSkoda Octavia III Hatchback\u201c (5E3, NL3, NR3), modeliai, pagaminti nuo 2012 m.<br \/>\n\u201eSkoda Octavia III Combi\u201c (5E5), modeliai, pagaminti nuo 2012 m.<br \/>\n\u201eSkoda Octavia IV Combi\u201c (NX5), modeliai, pagaminti nuo 2019 m.<br \/>\n\u201eSkoda Octavia IV\u201c sedanas (NX3), modeliai, pagaminti nuo 2020 m.<br \/>\n\u201eSkoda Superb II\u201c he\u010dbekas (3T4), pagaminimo metai: 2008\u20132015<br \/>\n\u201eSkoda Superb II Kombi\u201c (3T5), pagaminimo metai: 2009\u20132015<br \/>\n\u201eSkoda Superb III Hatchback\u201c (3V3), modeliai, pagaminti nuo 2015 m.<br \/>\n\u201eSkoda Superb III Kombi\u201c (3V5), modeliai, pagaminti nuo 2015 m.<br \/>\nSkoda Yeti (5L), gamybos metai: 2009-2017<br \/>\n\u201eVolkswagen Arteon\u201c (3H7), modeliai, pagaminti nuo 2017 m.<br \/>\n\u201eVolkswagen Beetle Cabrio\u201c (5C7, 5C8), pagaminimo metai: 2011\u20132019<br \/>\nVolkswagen Beetle he\u010dbekas (5C1, 5C2), pagaminimo metai: 2011\u20132019<br \/>\nVolkswagen Caddy III Van (2KA, 2KH, 2CA, 2CH), pagaminimo metai: 2004\u20132015<br \/>\nVolkswagen Caddy III Universalas (2KB, 2KJ, 2CB, 2CJ), pagaminimo metai: 2004\u20132015<br \/>\n\u201eVolkswagen Caddy IV Kombi\u201c (SAB, SAJ), modeliai, pagaminti nuo 2015 m.<br \/>\nVolkswagen Caddy IV Van (SAA, SAH), modeliai gaminami nuo 2015 m<br \/>\n\u201eVolkswagen Caddy V Kombi\u201c (SBB, SBJ), modeliai, pagaminti nuo 2020 m.<br \/>\n\u201eVolkswagen Caddy V Van\u201c (SBA, SBH), modeliai, pagaminti nuo 2020 m.<br \/>\nVolkswagen CC (358), gamybos metai: 2011\u20132016<br \/>\nVolkswagen Eos (1F7, 1F8), rok produkcji: 2006-2015<br \/>\nVolkswagen Golf V Hatchback (1K1), rok produkcji: 2003-2009<br \/>\nVolkswagen Golf V Variant (1K5), rok produkcji: 2007-2009<br \/>\nVolkswagen Golf VI Hatchback (5K1), rok produkcji: 2008-2013<br \/>\nVolkswagen Golf VI Variant (AJ5), rok produkcji: 2009-2013<br \/>\nVolkswagen Golf VII Hatchback (5G1, BQ1, BE1, BE2), modele produkowane od roku 2012<br \/>\nVolkswagen Golf VII Variant (BA5, BV5), modele produkowane od roku 2013<br \/>\nVolkswagen Golf Sportsvan (AM1, AN1), modele produkowane od roku 2014<br \/>\nVolkswagen Golf VIII Hatchback (CD1), modele produkowane od roku 2019<br \/>\nVolkswagen Golf VIII Variant, modele produkowane od roku 2020<br \/>\nVolkswagen Golf Plus \/ Crossgolf (5M1, 521), rok produkcji: 2005-2013<br \/>\nVolkswagen Jetta III (1K), rok produkcji: 2005-2010<br \/>\nVolkswagen Jetta IV (162, 163, AV3, AV2), modele produkowane od roku 2010<br \/>\nVolkswagen Jetta V Sedan (BU3), modele produkowane od roku 2017<br \/>\nVolkswagen Passat B6 Sedan (3C2), rok produkcji: 2005-2010<br \/>\nVolkswagen Passat B6 Variant (3C5), rok produkcji: 2005-2011<br \/>\nVolkswagen Passat B7 Sedan (362), rok produkcji: 2010-2014<br \/>\nVolkswagen Passat B7 Variant (365), rok produkcji: 2010-2014<br \/>\nVolkswagen Passat B8 Sedan (3G2, CB2), modele produkowane od roku 2014<br \/>\nVolkswagen Passat B8 Variant (3G5, CB5), modele produkowane od roku 2014<br \/>\nVolkswagen Passat CC (357), rok produkcji: 2008-2012<br \/>\nVolkswagen Polo VI (AW1, BZ1), modele produkowane od roku 2017<br \/>\nVolkswagen Scirocco III (137, 138), rok produkcji: 2008-2017<br \/>\nVolkswagen Sharan II (7N1, 7N2), modele produkowane od roku 2010<br \/>\nVolkswagen T-Roc (A11), modele produkowane od roku 2017<br \/>\nVolkswagen Tiguan I (5N), rok produkcji: 2007-2018<br \/>\nVolkswagen Tiguan II (AD1), modele produkowane od roku 2016<br \/>\nVolkswagen Tiguan Allspace (BW2), modele produkowane od roku 2017<br \/>\nVolkswagen Touran I (1T1, 1T2), rok produkcji: 2003-2010<br \/>\nVolkswagen Touran I (1T3), rok produkcji: 2010-2015<br \/>\nVolkswagen Touran II (5T1), modele produkowane od roku 2015<\/p>\n<p>Producent: zamiennik<br \/>\nStan techniczny: przedmiot jest fabrycznie NOWY, nieu\u017cywany, nieuszkodzony i niezniszczony<\/p>\n","protected":false},"excerpt":{"rendered":"<p>1. Prek\u0117: Pavar\u0173 perjungimo svirties gr\u0105\u017einimo svirtis2. Gamintojas: pakeitimas3. Automobilis:Audi A3 8P 03-13Audi A3 8V 2012-Audi A3 8Y 2020-Audi Q2 GA 2016-Audi TT 8J 06-14Audi TT FV 2014-<\/p>\n","protected":false},"featured_media":53266,"comment_status":"open","ping_status":"closed","template":"","meta":[],"product_brand":[],"product_cat":[3933,3906,3907,186,144,3926,4584,4585,4604,4611,397,3985,3986,4005,4012,401],"product_tag":[],"class_list":{"0":"post-57154","1":"product","2":"type-product","3":"status-publish","4":"has-post-thumbnail","6":"product_cat-audi-tt-8j","7":"product_cat-audi-a3-8p","8":"product_cat-audi-a3-8v","9":"product_cat-a3","10":"product_cat-audi","11":"product_cat-audi-q2-ga","12":"product_cat-audi-a3-8p-pavaru-svirtys","13":"product_cat-audi-a3-8v-pavaru-svirtys","14":"product_cat-audi-q2-ga-pavaru-svirtys","15":"product_cat-audi-tt-8j-pavaru-svirtys","16":"product_cat-audi-q2","17":"product_cat-audi-a3-8p-salono-dalys","18":"product_cat-audi-a3-8v-salono-dalys","19":"product_cat-audi-q2-ga-salono-dalys","20":"product_cat-audi-tt-8j-salono-dalys","21":"product_cat-audi-tt","23":"first","24":"instock","25":"shipping-taxable","26":"purchasable","27":"product-type-simple"},"yoast_head":"<!-- This site is optimized with the Yoast SEO Premium plugin v25.2 (Yoast SEO v27.4) - https:\/\/yoast.com\/product\/yoast-seo-premium-wordpress\/ -->\n<title>Audi A3 8P 8V 8Y Q2 GA TT 8J FV pavar\u0173 perjungimo svirtis - Erformance.eu<\/title>\n<meta name=\"robots\" content=\"index, follow, max-snippet:-1, max-image-preview:large, max-video-preview:-1\" \/>\n<link rel=\"canonical\" href=\"https:\/\/erformance.eu\/et\/toode\/audi-a3-8p-8v-8y-q2-ga-tt-8j-fv-pavaru-perjungimo-svirtis\/\" \/>\n<meta property=\"og:locale\" content=\"et_EE\" \/>\n<meta property=\"og:type\" content=\"article\" \/>\n<meta property=\"og:title\" content=\"Audi A3 8P 8V 8Y Q2 GA TT 8J FV pavar\u0173 perjungimo svirtis\" \/>\n<meta property=\"og:description\" content=\"1. Prek\u0117: Pavar\u0173 perjungimo svirties gr\u0105\u017einimo svirtis2. Gamintojas: pakeitimas3. Automobilis:Audi A3 8P 03-13Audi A3 8V 2012-Audi A3 8Y 2020-Audi Q2 GA 2016-Audi TT 8J 06-14Audi TT FV 2014-\" \/>\n<meta property=\"og:url\" content=\"https:\/\/erformance.eu\/et\/toode\/audi-a3-8p-8v-8y-q2-ga-tt-8j-fv-pavaru-perjungimo-svirtis\/\" \/>\n<meta property=\"og:site_name\" content=\"Erformance.eu\" \/>\n<meta property=\"article:modified_time\" content=\"2026-03-09T23:34:55+00:00\" \/>\n<meta property=\"og:image\" content=\"https:\/\/erformance.eu\/wp-content\/uploads\/2026\/02\/pol_pm_Audi-A3-8P-8V-8Y-Q2-GA-TT-8J-FV-dzwignia-zwrotna-lewarka-zmiany-biegow-33779_1.jpg\" \/>\n\t<meta property=\"og:image:width\" content=\"1200\" \/>\n\t<meta property=\"og:image:height\" content=\"1200\" \/>\n\t<meta property=\"og:image:type\" content=\"image\/jpeg\" \/>\n<meta name=\"twitter:card\" content=\"summary_large_image\" \/>\n<meta name=\"twitter:label1\" content=\"Est. reading time\" \/>\n\t<meta name=\"twitter:data1\" content=\"3 minutit\" \/>\n<script type=\"application\/ld+json\" class=\"yoast-schema-graph\">{\"@context\":\"https:\\\/\\\/schema.org\",\"@graph\":[{\"@type\":\"WebPage\",\"@id\":\"https:\\\/\\\/erformance.eu\\\/et\\\/toode\\\/audi-a3-8p-8v-8y-q2-ga-tt-8j-fv-pavaru-perjungimo-svirtis\\\/\",\"url\":\"https:\\\/\\\/erformance.eu\\\/et\\\/toode\\\/audi-a3-8p-8v-8y-q2-ga-tt-8j-fv-pavaru-perjungimo-svirtis\\\/\",\"name\":\"Audi A3 8P 8V 8Y Q2 GA TT 8J FV pavar\u0173 perjungimo svirtis - Erformance.eu\",\"isPartOf\":{\"@id\":\"https:\\\/\\\/erformance.eu\\\/et\\\/#website\"},\"primaryImageOfPage\":{\"@id\":\"https:\\\/\\\/erformance.eu\\\/et\\\/toode\\\/audi-a3-8p-8v-8y-q2-ga-tt-8j-fv-pavaru-perjungimo-svirtis\\\/#primaryimage\"},\"image\":{\"@id\":\"https:\\\/\\\/erformance.eu\\\/et\\\/toode\\\/audi-a3-8p-8v-8y-q2-ga-tt-8j-fv-pavaru-perjungimo-svirtis\\\/#primaryimage\"},\"thumbnailUrl\":\"https:\\\/\\\/erformance.eu\\\/wp-content\\\/uploads\\\/2026\\\/02\\\/pol_pm_Audi-A3-8P-8V-8Y-Q2-GA-TT-8J-FV-dzwignia-zwrotna-lewarka-zmiany-biegow-33779_1.jpg\",\"datePublished\":\"2026-02-16T11:25:43+00:00\",\"dateModified\":\"2026-03-09T23:34:55+00:00\",\"breadcrumb\":{\"@id\":\"https:\\\/\\\/erformance.eu\\\/et\\\/toode\\\/audi-a3-8p-8v-8y-q2-ga-tt-8j-fv-pavaru-perjungimo-svirtis\\\/#breadcrumb\"},\"inLanguage\":\"et\",\"potentialAction\":[{\"@type\":\"ReadAction\",\"target\":[\"https:\\\/\\\/erformance.eu\\\/et\\\/toode\\\/audi-a3-8p-8v-8y-q2-ga-tt-8j-fv-pavaru-perjungimo-svirtis\\\/\"]}]},{\"@type\":\"ImageObject\",\"inLanguage\":\"et\",\"@id\":\"https:\\\/\\\/erformance.eu\\\/et\\\/toode\\\/audi-a3-8p-8v-8y-q2-ga-tt-8j-fv-pavaru-perjungimo-svirtis\\\/#primaryimage\",\"url\":\"https:\\\/\\\/erformance.eu\\\/wp-content\\\/uploads\\\/2026\\\/02\\\/pol_pm_Audi-A3-8P-8V-8Y-Q2-GA-TT-8J-FV-dzwignia-zwrotna-lewarka-zmiany-biegow-33779_1.jpg\",\"contentUrl\":\"https:\\\/\\\/erformance.eu\\\/wp-content\\\/uploads\\\/2026\\\/02\\\/pol_pm_Audi-A3-8P-8V-8Y-Q2-GA-TT-8J-FV-dzwignia-zwrotna-lewarka-zmiany-biegow-33779_1.jpg\",\"width\":1200,\"height\":1200},{\"@type\":\"BreadcrumbList\",\"@id\":\"https:\\\/\\\/erformance.eu\\\/et\\\/toode\\\/audi-a3-8p-8v-8y-q2-ga-tt-8j-fv-pavaru-perjungimo-svirtis\\\/#breadcrumb\",\"itemListElement\":[{\"@type\":\"ListItem\",\"position\":1,\"name\":\"Home\",\"item\":\"https:\\\/\\\/erformance.eu\\\/et\\\/\"},{\"@type\":\"ListItem\",\"position\":2,\"name\":\"Pood\",\"item\":\"https:\\\/\\\/erformance.eu\\\/et\\\/pood\\\/\"},{\"@type\":\"ListItem\",\"position\":3,\"name\":\"Audi A3 8P 8V 8Y Q2 GA TT 8J FV pavar\u0173 perjungimo svirtis\"}]},{\"@type\":\"WebSite\",\"@id\":\"https:\\\/\\\/erformance.eu\\\/et\\\/#website\",\"url\":\"https:\\\/\\\/erformance.eu\\\/et\\\/\",\"name\":\"Erformance.eu\",\"description\":\"Automobili\u0173 dali\u0173 parduotuv\u0117\",\"potentialAction\":[{\"@type\":\"SearchAction\",\"target\":{\"@type\":\"EntryPoint\",\"urlTemplate\":\"https:\\\/\\\/erformance.eu\\\/et\\\/?s={search_term_string}\"},\"query-input\":{\"@type\":\"PropertyValueSpecification\",\"valueRequired\":true,\"valueName\":\"search_term_string\"}}],\"inLanguage\":\"et\"}]}<\/script>\n<!-- \/ Yoast SEO Premium plugin. -->","yoast_head_json":{"title":"Audi A3 8P 8V 8Y Q2 GA TT 8J FV pavar\u0173 perjungimo svirtis - Erformance.eu","robots":{"index":"index","follow":"follow","max-snippet":"max-snippet:-1","max-image-preview":"max-image-preview:large","max-video-preview":"max-video-preview:-1"},"canonical":"https:\/\/erformance.eu\/et\/toode\/audi-a3-8p-8v-8y-q2-ga-tt-8j-fv-pavaru-perjungimo-svirtis\/","og_locale":"et_EE","og_type":"article","og_title":"Audi A3 8P 8V 8Y Q2 GA TT 8J FV pavar\u0173 perjungimo svirtis","og_description":"1. Prek\u0117: Pavar\u0173 perjungimo svirties gr\u0105\u017einimo svirtis2. Gamintojas: pakeitimas3. Automobilis:Audi A3 8P 03-13Audi A3 8V 2012-Audi A3 8Y 2020-Audi Q2 GA 2016-Audi TT 8J 06-14Audi TT FV 2014-","og_url":"https:\/\/erformance.eu\/et\/toode\/audi-a3-8p-8v-8y-q2-ga-tt-8j-fv-pavaru-perjungimo-svirtis\/","og_site_name":"Erformance.eu","article_modified_time":"2026-03-09T23:34:55+00:00","og_image":[{"width":1200,"height":1200,"url":"https:\/\/erformance.eu\/wp-content\/uploads\/2026\/02\/pol_pm_Audi-A3-8P-8V-8Y-Q2-GA-TT-8J-FV-dzwignia-zwrotna-lewarka-zmiany-biegow-33779_1.jpg","type":"image\/jpeg"}],"twitter_card":"summary_large_image","twitter_misc":{"Est. reading time":"3 minutit"},"schema":{"@context":"https:\/\/schema.org","@graph":[{"@type":"WebPage","@id":"https:\/\/erformance.eu\/et\/toode\/audi-a3-8p-8v-8y-q2-ga-tt-8j-fv-pavaru-perjungimo-svirtis\/","url":"https:\/\/erformance.eu\/et\/toode\/audi-a3-8p-8v-8y-q2-ga-tt-8j-fv-pavaru-perjungimo-svirtis\/","name":"Audi A3 8P 8V 8Y Q2 GA TT 8J FV pavar\u0173 perjungimo svirtis - Erformance.eu","isPartOf":{"@id":"https:\/\/erformance.eu\/et\/#website"},"primaryImageOfPage":{"@id":"https:\/\/erformance.eu\/et\/toode\/audi-a3-8p-8v-8y-q2-ga-tt-8j-fv-pavaru-perjungimo-svirtis\/#primaryimage"},"image":{"@id":"https:\/\/erformance.eu\/et\/toode\/audi-a3-8p-8v-8y-q2-ga-tt-8j-fv-pavaru-perjungimo-svirtis\/#primaryimage"},"thumbnailUrl":"https:\/\/erformance.eu\/wp-content\/uploads\/2026\/02\/pol_pm_Audi-A3-8P-8V-8Y-Q2-GA-TT-8J-FV-dzwignia-zwrotna-lewarka-zmiany-biegow-33779_1.jpg","datePublished":"2026-02-16T11:25:43+00:00","dateModified":"2026-03-09T23:34:55+00:00","breadcrumb":{"@id":"https:\/\/erformance.eu\/et\/toode\/audi-a3-8p-8v-8y-q2-ga-tt-8j-fv-pavaru-perjungimo-svirtis\/#breadcrumb"},"inLanguage":"et","potentialAction":[{"@type":"ReadAction","target":["https:\/\/erformance.eu\/et\/toode\/audi-a3-8p-8v-8y-q2-ga-tt-8j-fv-pavaru-perjungimo-svirtis\/"]}]},{"@type":"ImageObject","inLanguage":"et","@id":"https:\/\/erformance.eu\/et\/toode\/audi-a3-8p-8v-8y-q2-ga-tt-8j-fv-pavaru-perjungimo-svirtis\/#primaryimage","url":"https:\/\/erformance.eu\/wp-content\/uploads\/2026\/02\/pol_pm_Audi-A3-8P-8V-8Y-Q2-GA-TT-8J-FV-dzwignia-zwrotna-lewarka-zmiany-biegow-33779_1.jpg","contentUrl":"https:\/\/erformance.eu\/wp-content\/uploads\/2026\/02\/pol_pm_Audi-A3-8P-8V-8Y-Q2-GA-TT-8J-FV-dzwignia-zwrotna-lewarka-zmiany-biegow-33779_1.jpg","width":1200,"height":1200},{"@type":"BreadcrumbList","@id":"https:\/\/erformance.eu\/et\/toode\/audi-a3-8p-8v-8y-q2-ga-tt-8j-fv-pavaru-perjungimo-svirtis\/#breadcrumb","itemListElement":[{"@type":"ListItem","position":1,"name":"Home","item":"https:\/\/erformance.eu\/et\/"},{"@type":"ListItem","position":2,"name":"Pood","item":"https:\/\/erformance.eu\/et\/pood\/"},{"@type":"ListItem","position":3,"name":"Audi A3 8P 8V 8Y Q2 GA TT 8J FV pavar\u0173 perjungimo svirtis"}]},{"@type":"WebSite","@id":"https:\/\/erformance.eu\/et\/#website","url":"https:\/\/erformance.eu\/et\/","name":"Erformance.eu","description":"Automobili\u0173 dali\u0173 parduotuv\u0117","potentialAction":[{"@type":"SearchAction","target":{"@type":"EntryPoint","urlTemplate":"https:\/\/erformance.eu\/et\/?s={search_term_string}"},"query-input":{"@type":"PropertyValueSpecification","valueRequired":true,"valueName":"search_term_string"}}],"inLanguage":"et"}]}},"jetpack_sharing_enabled":true,"_links":{"self":[{"href":"https:\/\/erformance.eu\/et\/wp-json\/wp\/v2\/product\/57154","targetHints":{"allow":["GET"]}}],"collection":[{"href":"https:\/\/erformance.eu\/et\/wp-json\/wp\/v2\/product"}],"about":[{"href":"https:\/\/erformance.eu\/et\/wp-json\/wp\/v2\/types\/product"}],"replies":[{"embeddable":true,"href":"https:\/\/erformance.eu\/et\/wp-json\/wp\/v2\/comments?post=57154"}],"version-history":[{"count":1,"href":"https:\/\/erformance.eu\/et\/wp-json\/wp\/v2\/product\/57154\/revisions"}],"predecessor-version":[{"id":57155,"href":"https:\/\/erformance.eu\/et\/wp-json\/wp\/v2\/product\/57154\/revisions\/57155"}],"wp:featuredmedia":[{"embeddable":true,"href":"https:\/\/erformance.eu\/et\/wp-json\/wp\/v2\/media\/53266"}],"wp:attachment":[{"href":"https:\/\/erformance.eu\/et\/wp-json\/wp\/v2\/media?parent=57154"}],"wp:term":[{"taxonomy":"product_brand","embeddable":true,"href":"https:\/\/erformance.eu\/et\/wp-json\/wp\/v2\/product_brand?post=57154"},{"taxonomy":"product_cat","embeddable":true,"href":"https:\/\/erformance.eu\/et\/wp-json\/wp\/v2\/product_cat?post=57154"},{"taxonomy":"product_tag","embeddable":true,"href":"https:\/\/erformance.eu\/et\/wp-json\/wp\/v2\/product_tag?post=57154"}],"curies":[{"name":"wp","href":"https:\/\/api.w.org\/{rel}","templated":true}]}}