{"id":57180,"date":"2026-02-16T14:25:59","date_gmt":"2026-02-16T11:25:59","guid":{"rendered":"https:\/\/erformance.eu\/?post_type=product&#038;p=57180"},"modified":"2026-03-18T22:52:24","modified_gmt":"2026-03-18T19:52:24","slug":"audi-a5-8t-s-line-fl-11-16-su-halogeninemis-grotelemis-priekiniame-bamperyje-juodos-desineje","status":"publish","type":"product","link":"https:\/\/erformance.eu\/et\/toode\/audi-a5-8t-s-line-fl-11-16-su-halogeninemis-grotelemis-priekiniame-bamperyje-juodos-desineje\/","title":{"rendered":"Audi A5 8T S-LINE FL 11-16 SU HALOGENIN\u0116MIS GROTEL\u0116MIS priekiniame bamperyje JUODOS de\u0161in\u0117je"},"content":{"rendered":"<p>Prek\u0117: priekinio bamperio grotel\u0117s<br \/>\nPus\u0117: De\u0161in\u0117 (keleivio pus\u0117)<br \/>\nOriginalus numeris:<\/p>\n<p>8T0807682K<br \/>\n8T0807682 K<br \/>\n8T0 807 682K<br \/>\n8T0 807 682 K<\/p>\n<p>PASTABA: auk\u0161\u010diau pateikti numeriai yra original\u016bs dali\u0173 numeriai, kuriuos \u0161is pasi\u016blymas pakei\u010dia. Prie\u0161 pirkdami, palyginkite juos su originaliu dalies numeriu. Jei jie skiriasi net vienu simboliu, dalis netiks, neveiks arba veiks netinkamai. Tokiu atveju jos nepirkite.<br \/>\nAutomobilis: Audi Audi A5 (8T3) FL (facelift)<br \/>\nPagaminimo metai: 2011\u20132016<br \/>\n\u012erangos versija: S-LINE<br \/>\nSpalva: juodos grotel\u0117s + juodos blizgios juostel\u0117s<br \/>\nGamintojas: pakaitalas<br \/>\nTechnin\u0117 b\u016bkl\u0117: prek\u0117 yra visi\u0161kai nauja, nenaudota, nepa\u017eeista ir nesugadinta<br \/>\nD\u0117mesio!<\/p>\n<p>turi skyl\u0119 halogeninei lempai<br \/>\ntinka TIK S LINE bamperiui<br \/>\nNETINKA modeliams prie\u0161 atnaujinim\u0105<\/p>\n","protected":false},"excerpt":{"rendered":"<p>1. Prek\u0117: Priekinio bamperio grotel\u0117s2. Pus\u0117: de\u0161in\u01173. Spalva: juoda4. Gamintojas: pakeitimas5. Automobilis: Audi A5 8T S-LINE FL6. Pagaminimo metai: 2011\u20132016<\/p>\n","protected":false},"featured_media":53367,"comment_status":"open","ping_status":"closed","template":"","meta":[],"product_brand":[],"product_cat":[391,144,3913,4080,4119,3953,4275],"product_tag":[],"class_list":{"0":"post-57180","1":"product","2":"type-product","3":"status-publish","4":"has-post-thumbnail","6":"product_cat-audi-a5","7":"product_cat-audi","8":"product_cat-audi-a5-b8-8t","9":"product_cat-audi-a5-b8-8t-bamperiai-ju-dalys","10":"product_cat-audi-a5-b8-8t-isores-groteles","11":"product_cat-audi-a5-b8-8t-isores-dalys","12":"product_cat-audi-a5-b8-8t-zibintai-apsvietimas","14":"first","15":"instock","16":"shipping-taxable","17":"purchasable","18":"product-type-simple"},"yoast_head":"<!-- This site is optimized with the Yoast SEO Premium plugin v25.2 (Yoast SEO v27.4) - https:\/\/yoast.com\/product\/yoast-seo-premium-wordpress\/ -->\n<title>Audi A5 8T S-LINE FL 11-16 SU HALOGENIN\u0116MIS GROTEL\u0116MIS priekiniame bamperyje JUODOS de\u0161in\u0117je - Erformance.eu<\/title>\n<meta name=\"robots\" content=\"index, follow, max-snippet:-1, max-image-preview:large, max-video-preview:-1\" \/>\n<link rel=\"canonical\" href=\"https:\/\/erformance.eu\/et\/toode\/audi-a5-8t-s-line-fl-11-16-su-halogeninemis-grotelemis-priekiniame-bamperyje-juodos-desineje\/\" \/>\n<meta property=\"og:locale\" content=\"et_EE\" \/>\n<meta property=\"og:type\" content=\"article\" \/>\n<meta property=\"og:title\" content=\"Audi A5 8T S-LINE FL 11-16 SU HALOGENIN\u0116MIS GROTEL\u0116MIS priekiniame bamperyje JUODOS de\u0161in\u0117je\" \/>\n<meta property=\"og:description\" content=\"1. Prek\u0117: Priekinio bamperio grotel\u0117s2. Pus\u0117: de\u0161in\u01173. Spalva: juoda4. Gamintojas: pakeitimas5. Automobilis: Audi A5 8T S-LINE FL6. Pagaminimo metai: 2011\u20132016\" \/>\n<meta property=\"og:url\" content=\"https:\/\/erformance.eu\/et\/toode\/audi-a5-8t-s-line-fl-11-16-su-halogeninemis-grotelemis-priekiniame-bamperyje-juodos-desineje\/\" \/>\n<meta property=\"og:site_name\" content=\"Erformance.eu\" \/>\n<meta property=\"article:modified_time\" content=\"2026-03-18T19:52:24+00:00\" \/>\n<meta property=\"og:image\" content=\"https:\/\/erformance.eu\/wp-content\/uploads\/2026\/02\/pol_pm_Audi-A5-8T-S-LINE-FL-11-16-Z-HALOGENAMI-atrapka-kratka-w-zderzak-przedni-CZARNA-prawa-35152_1.jpg\" \/>\n\t<meta property=\"og:image:width\" content=\"1200\" \/>\n\t<meta property=\"og:image:height\" content=\"1200\" \/>\n\t<meta property=\"og:image:type\" content=\"image\/jpeg\" \/>\n<meta name=\"twitter:card\" content=\"summary_large_image\" \/>\n<meta name=\"twitter:label1\" content=\"Est. reading time\" \/>\n\t<meta name=\"twitter:data1\" content=\"1 minut\" \/>\n<script type=\"application\/ld+json\" class=\"yoast-schema-graph\">{\"@context\":\"https:\\\/\\\/schema.org\",\"@graph\":[{\"@type\":\"WebPage\",\"@id\":\"https:\\\/\\\/erformance.eu\\\/et\\\/toode\\\/audi-a5-8t-s-line-fl-11-16-su-halogeninemis-grotelemis-priekiniame-bamperyje-juodos-desineje\\\/\",\"url\":\"https:\\\/\\\/erformance.eu\\\/et\\\/toode\\\/audi-a5-8t-s-line-fl-11-16-su-halogeninemis-grotelemis-priekiniame-bamperyje-juodos-desineje\\\/\",\"name\":\"Audi A5 8T S-LINE FL 11-16 SU HALOGENIN\u0116MIS GROTEL\u0116MIS priekiniame bamperyje JUODOS de\u0161in\u0117je - Erformance.eu\",\"isPartOf\":{\"@id\":\"https:\\\/\\\/erformance.eu\\\/et\\\/#website\"},\"primaryImageOfPage\":{\"@id\":\"https:\\\/\\\/erformance.eu\\\/et\\\/toode\\\/audi-a5-8t-s-line-fl-11-16-su-halogeninemis-grotelemis-priekiniame-bamperyje-juodos-desineje\\\/#primaryimage\"},\"image\":{\"@id\":\"https:\\\/\\\/erformance.eu\\\/et\\\/toode\\\/audi-a5-8t-s-line-fl-11-16-su-halogeninemis-grotelemis-priekiniame-bamperyje-juodos-desineje\\\/#primaryimage\"},\"thumbnailUrl\":\"https:\\\/\\\/erformance.eu\\\/wp-content\\\/uploads\\\/2026\\\/02\\\/pol_pm_Audi-A5-8T-S-LINE-FL-11-16-Z-HALOGENAMI-atrapka-kratka-w-zderzak-przedni-CZARNA-prawa-35152_1.jpg\",\"datePublished\":\"2026-02-16T11:25:59+00:00\",\"dateModified\":\"2026-03-18T19:52:24+00:00\",\"breadcrumb\":{\"@id\":\"https:\\\/\\\/erformance.eu\\\/et\\\/toode\\\/audi-a5-8t-s-line-fl-11-16-su-halogeninemis-grotelemis-priekiniame-bamperyje-juodos-desineje\\\/#breadcrumb\"},\"inLanguage\":\"et\",\"potentialAction\":[{\"@type\":\"ReadAction\",\"target\":[\"https:\\\/\\\/erformance.eu\\\/et\\\/toode\\\/audi-a5-8t-s-line-fl-11-16-su-halogeninemis-grotelemis-priekiniame-bamperyje-juodos-desineje\\\/\"]}]},{\"@type\":\"ImageObject\",\"inLanguage\":\"et\",\"@id\":\"https:\\\/\\\/erformance.eu\\\/et\\\/toode\\\/audi-a5-8t-s-line-fl-11-16-su-halogeninemis-grotelemis-priekiniame-bamperyje-juodos-desineje\\\/#primaryimage\",\"url\":\"https:\\\/\\\/erformance.eu\\\/wp-content\\\/uploads\\\/2026\\\/02\\\/pol_pm_Audi-A5-8T-S-LINE-FL-11-16-Z-HALOGENAMI-atrapka-kratka-w-zderzak-przedni-CZARNA-prawa-35152_1.jpg\",\"contentUrl\":\"https:\\\/\\\/erformance.eu\\\/wp-content\\\/uploads\\\/2026\\\/02\\\/pol_pm_Audi-A5-8T-S-LINE-FL-11-16-Z-HALOGENAMI-atrapka-kratka-w-zderzak-przedni-CZARNA-prawa-35152_1.jpg\",\"width\":1200,\"height\":1200},{\"@type\":\"BreadcrumbList\",\"@id\":\"https:\\\/\\\/erformance.eu\\\/et\\\/toode\\\/audi-a5-8t-s-line-fl-11-16-su-halogeninemis-grotelemis-priekiniame-bamperyje-juodos-desineje\\\/#breadcrumb\",\"itemListElement\":[{\"@type\":\"ListItem\",\"position\":1,\"name\":\"Home\",\"item\":\"https:\\\/\\\/erformance.eu\\\/et\\\/\"},{\"@type\":\"ListItem\",\"position\":2,\"name\":\"Pood\",\"item\":\"https:\\\/\\\/erformance.eu\\\/et\\\/pood\\\/\"},{\"@type\":\"ListItem\",\"position\":3,\"name\":\"Audi A5 8T S-LINE FL 11-16 SU HALOGENIN\u0116MIS GROTEL\u0116MIS priekiniame bamperyje JUODOS de\u0161in\u0117je\"}]},{\"@type\":\"WebSite\",\"@id\":\"https:\\\/\\\/erformance.eu\\\/et\\\/#website\",\"url\":\"https:\\\/\\\/erformance.eu\\\/et\\\/\",\"name\":\"Erformance.eu\",\"description\":\"Automobili\u0173 dali\u0173 parduotuv\u0117\",\"potentialAction\":[{\"@type\":\"SearchAction\",\"target\":{\"@type\":\"EntryPoint\",\"urlTemplate\":\"https:\\\/\\\/erformance.eu\\\/et\\\/?s={search_term_string}\"},\"query-input\":{\"@type\":\"PropertyValueSpecification\",\"valueRequired\":true,\"valueName\":\"search_term_string\"}}],\"inLanguage\":\"et\"}]}<\/script>\n<!-- \/ Yoast SEO Premium plugin. -->","yoast_head_json":{"title":"Audi A5 8T S-LINE FL 11-16 SU HALOGENIN\u0116MIS GROTEL\u0116MIS priekiniame bamperyje JUODOS de\u0161in\u0117je - Erformance.eu","robots":{"index":"index","follow":"follow","max-snippet":"max-snippet:-1","max-image-preview":"max-image-preview:large","max-video-preview":"max-video-preview:-1"},"canonical":"https:\/\/erformance.eu\/et\/toode\/audi-a5-8t-s-line-fl-11-16-su-halogeninemis-grotelemis-priekiniame-bamperyje-juodos-desineje\/","og_locale":"et_EE","og_type":"article","og_title":"Audi A5 8T S-LINE FL 11-16 SU HALOGENIN\u0116MIS GROTEL\u0116MIS priekiniame bamperyje JUODOS de\u0161in\u0117je","og_description":"1. Prek\u0117: Priekinio bamperio grotel\u0117s2. Pus\u0117: de\u0161in\u01173. Spalva: juoda4. Gamintojas: pakeitimas5. Automobilis: Audi A5 8T S-LINE FL6. Pagaminimo metai: 2011\u20132016","og_url":"https:\/\/erformance.eu\/et\/toode\/audi-a5-8t-s-line-fl-11-16-su-halogeninemis-grotelemis-priekiniame-bamperyje-juodos-desineje\/","og_site_name":"Erformance.eu","article_modified_time":"2026-03-18T19:52:24+00:00","og_image":[{"width":1200,"height":1200,"url":"https:\/\/erformance.eu\/wp-content\/uploads\/2026\/02\/pol_pm_Audi-A5-8T-S-LINE-FL-11-16-Z-HALOGENAMI-atrapka-kratka-w-zderzak-przedni-CZARNA-prawa-35152_1.jpg","type":"image\/jpeg"}],"twitter_card":"summary_large_image","twitter_misc":{"Est. reading time":"1 minut"},"schema":{"@context":"https:\/\/schema.org","@graph":[{"@type":"WebPage","@id":"https:\/\/erformance.eu\/et\/toode\/audi-a5-8t-s-line-fl-11-16-su-halogeninemis-grotelemis-priekiniame-bamperyje-juodos-desineje\/","url":"https:\/\/erformance.eu\/et\/toode\/audi-a5-8t-s-line-fl-11-16-su-halogeninemis-grotelemis-priekiniame-bamperyje-juodos-desineje\/","name":"Audi A5 8T S-LINE FL 11-16 SU HALOGENIN\u0116MIS GROTEL\u0116MIS priekiniame bamperyje JUODOS de\u0161in\u0117je - Erformance.eu","isPartOf":{"@id":"https:\/\/erformance.eu\/et\/#website"},"primaryImageOfPage":{"@id":"https:\/\/erformance.eu\/et\/toode\/audi-a5-8t-s-line-fl-11-16-su-halogeninemis-grotelemis-priekiniame-bamperyje-juodos-desineje\/#primaryimage"},"image":{"@id":"https:\/\/erformance.eu\/et\/toode\/audi-a5-8t-s-line-fl-11-16-su-halogeninemis-grotelemis-priekiniame-bamperyje-juodos-desineje\/#primaryimage"},"thumbnailUrl":"https:\/\/erformance.eu\/wp-content\/uploads\/2026\/02\/pol_pm_Audi-A5-8T-S-LINE-FL-11-16-Z-HALOGENAMI-atrapka-kratka-w-zderzak-przedni-CZARNA-prawa-35152_1.jpg","datePublished":"2026-02-16T11:25:59+00:00","dateModified":"2026-03-18T19:52:24+00:00","breadcrumb":{"@id":"https:\/\/erformance.eu\/et\/toode\/audi-a5-8t-s-line-fl-11-16-su-halogeninemis-grotelemis-priekiniame-bamperyje-juodos-desineje\/#breadcrumb"},"inLanguage":"et","potentialAction":[{"@type":"ReadAction","target":["https:\/\/erformance.eu\/et\/toode\/audi-a5-8t-s-line-fl-11-16-su-halogeninemis-grotelemis-priekiniame-bamperyje-juodos-desineje\/"]}]},{"@type":"ImageObject","inLanguage":"et","@id":"https:\/\/erformance.eu\/et\/toode\/audi-a5-8t-s-line-fl-11-16-su-halogeninemis-grotelemis-priekiniame-bamperyje-juodos-desineje\/#primaryimage","url":"https:\/\/erformance.eu\/wp-content\/uploads\/2026\/02\/pol_pm_Audi-A5-8T-S-LINE-FL-11-16-Z-HALOGENAMI-atrapka-kratka-w-zderzak-przedni-CZARNA-prawa-35152_1.jpg","contentUrl":"https:\/\/erformance.eu\/wp-content\/uploads\/2026\/02\/pol_pm_Audi-A5-8T-S-LINE-FL-11-16-Z-HALOGENAMI-atrapka-kratka-w-zderzak-przedni-CZARNA-prawa-35152_1.jpg","width":1200,"height":1200},{"@type":"BreadcrumbList","@id":"https:\/\/erformance.eu\/et\/toode\/audi-a5-8t-s-line-fl-11-16-su-halogeninemis-grotelemis-priekiniame-bamperyje-juodos-desineje\/#breadcrumb","itemListElement":[{"@type":"ListItem","position":1,"name":"Home","item":"https:\/\/erformance.eu\/et\/"},{"@type":"ListItem","position":2,"name":"Pood","item":"https:\/\/erformance.eu\/et\/pood\/"},{"@type":"ListItem","position":3,"name":"Audi A5 8T S-LINE FL 11-16 SU HALOGENIN\u0116MIS GROTEL\u0116MIS priekiniame bamperyje JUODOS de\u0161in\u0117je"}]},{"@type":"WebSite","@id":"https:\/\/erformance.eu\/et\/#website","url":"https:\/\/erformance.eu\/et\/","name":"Erformance.eu","description":"Automobili\u0173 dali\u0173 parduotuv\u0117","potentialAction":[{"@type":"SearchAction","target":{"@type":"EntryPoint","urlTemplate":"https:\/\/erformance.eu\/et\/?s={search_term_string}"},"query-input":{"@type":"PropertyValueSpecification","valueRequired":true,"valueName":"search_term_string"}}],"inLanguage":"et"}]}},"jetpack_sharing_enabled":true,"_links":{"self":[{"href":"https:\/\/erformance.eu\/et\/wp-json\/wp\/v2\/product\/57180","targetHints":{"allow":["GET"]}}],"collection":[{"href":"https:\/\/erformance.eu\/et\/wp-json\/wp\/v2\/product"}],"about":[{"href":"https:\/\/erformance.eu\/et\/wp-json\/wp\/v2\/types\/product"}],"replies":[{"embeddable":true,"href":"https:\/\/erformance.eu\/et\/wp-json\/wp\/v2\/comments?post=57180"}],"version-history":[{"count":1,"href":"https:\/\/erformance.eu\/et\/wp-json\/wp\/v2\/product\/57180\/revisions"}],"predecessor-version":[{"id":57181,"href":"https:\/\/erformance.eu\/et\/wp-json\/wp\/v2\/product\/57180\/revisions\/57181"}],"wp:featuredmedia":[{"embeddable":true,"href":"https:\/\/erformance.eu\/et\/wp-json\/wp\/v2\/media\/53367"}],"wp:attachment":[{"href":"https:\/\/erformance.eu\/et\/wp-json\/wp\/v2\/media?parent=57180"}],"wp:term":[{"taxonomy":"product_brand","embeddable":true,"href":"https:\/\/erformance.eu\/et\/wp-json\/wp\/v2\/product_brand?post=57180"},{"taxonomy":"product_cat","embeddable":true,"href":"https:\/\/erformance.eu\/et\/wp-json\/wp\/v2\/product_cat?post=57180"},{"taxonomy":"product_tag","embeddable":true,"href":"https:\/\/erformance.eu\/et\/wp-json\/wp\/v2\/product_tag?post=57180"}],"curies":[{"name":"wp","href":"https:\/\/api.w.org\/{rel}","templated":true}]}}