{"id":57198,"date":"2026-02-16T14:26:11","date_gmt":"2026-02-16T11:26:11","guid":{"rendered":"https:\/\/erformance.eu\/?post_type=product&#038;p=57198"},"modified":"2026-03-26T01:33:40","modified_gmt":"2026-03-25T22:33:40","slug":"audi-q5-08-17-elektriniu-langu-valdymo-pultas-juodas","status":"publish","type":"product","link":"https:\/\/erformance.eu\/et\/toode\/audi-q5-08-17-elektriniu-langu-valdymo-pultas-juodas\/","title":{"rendered":"Audi Q5 08-17 elektrini\u0173 lang\u0173 valdymo pultas JUODAS"},"content":{"rendered":"<p>Tema: Elektrinio lang\u0173 pak\u0117limo skydelis<br \/>\nOriginalus numeris:<\/p>\n<p>8K0959851D<br \/>\n8K0 959 851 D<br \/>\n8K0 959 851 DV10<br \/>\n8K0959851DV10<br \/>\n8K0 959 851 V10<br \/>\n8K0959851V10<\/p>\n<p>PASTABA: auk\u0161\u010diau pateikti numeriai yra original\u016bs dali\u0173 numeriai, kuriuos \u0161is pasi\u016blymas pakei\u010dia. Prie\u0161 pirkdami, palyginkite juos su originaliu dalies numeriu. Jei jie skiriasi net vienu simboliu, dalis netiks, neveiks arba veiks netinkamai. Tokiu atveju jos nepirkite.<br \/>\nAutomobilis:<\/p>\n<p>Audi A4 B8 (8K2) gamybos metai: 2007\u20132015<br \/>\nAudi A4 B8 Avant (8K5) gamybos metai: 2007-2015<br \/>\n\u201eAudi A5 Sportback\u201c (8TA) gamybos metai: 2009\u20132017<br \/>\nAudi Q5 (8RB) gamybos metai: 2008\u20132017<\/p>\n<p>Korpuso spalva: juoda<br \/>\nFoninio ap\u0161vietimo spalva: raudona<br \/>\nKai\u0161\u010di\u0173 skai\u010dius: 10<br \/>\nGamintojas: pakaitalas<br \/>\nTechnin\u0117 b\u016bkl\u0117: prek\u0117 yra visi\u0161kai nauja, nenaudota, nepa\u017eeista ir nesugadinta<\/p>\n","protected":false},"excerpt":{"rendered":"<p>1. Prek\u0117: Elektrini\u0173 lang\u0173 valdymo skydelis JUODAS2. Gamintojas: pakeitimas3. Automobilis:Audi A4 07-15Audi A5 09-17Audi Q5 08\u201317<\/p>\n","protected":false},"featured_media":53464,"comment_status":"open","ping_status":"closed","template":"","meta":[],"product_brand":[],"product_cat":[3928,144,4684,399,4007],"product_tag":[],"class_list":{"0":"post-57198","1":"product","2":"type-product","3":"status-publish","4":"has-post-thumbnail","6":"product_cat-audi-q5-8r","7":"product_cat-audi","8":"product_cat-audi-q5-8r-mygtukai-mechanizmai","9":"product_cat-audi-q5","10":"product_cat-audi-q5-8r-salono-dalys","12":"first","13":"instock","14":"shipping-taxable","15":"purchasable","16":"product-type-simple"},"yoast_head":"<!-- This site is optimized with the Yoast SEO Premium plugin v25.2 (Yoast SEO v27.3) - https:\/\/yoast.com\/product\/yoast-seo-premium-wordpress\/ -->\n<title>Audi Q5 08-17 elektrini\u0173 lang\u0173 valdymo pultas JUODAS - Erformance.eu<\/title>\n<meta name=\"robots\" content=\"index, follow, max-snippet:-1, max-image-preview:large, max-video-preview:-1\" \/>\n<link rel=\"canonical\" href=\"https:\/\/erformance.eu\/et\/toode\/audi-q5-08-17-elektriniu-langu-valdymo-pultas-juodas\/\" \/>\n<meta property=\"og:locale\" content=\"et_EE\" \/>\n<meta property=\"og:type\" content=\"article\" \/>\n<meta property=\"og:title\" content=\"Audi Q5 08-17 elektrini\u0173 lang\u0173 valdymo pultas JUODAS\" \/>\n<meta property=\"og:description\" content=\"1. Prek\u0117: Elektrini\u0173 lang\u0173 valdymo skydelis JUODAS2. Gamintojas: pakeitimas3. Automobilis:Audi A4 07-15Audi A5 09-17Audi Q5 08\u201317\" \/>\n<meta property=\"og:url\" content=\"https:\/\/erformance.eu\/et\/toode\/audi-q5-08-17-elektriniu-langu-valdymo-pultas-juodas\/\" \/>\n<meta property=\"og:site_name\" content=\"Erformance.eu\" \/>\n<meta property=\"article:modified_time\" content=\"2026-03-25T22:33:40+00:00\" \/>\n<meta property=\"og:image\" content=\"https:\/\/erformance.eu\/wp-content\/uploads\/2026\/02\/pol_pm_Audi-Q5-08-17-panel-sterowania-szyb-elektrycznych-CZARNY-36158_1.jpg\" \/>\n\t<meta property=\"og:image:width\" content=\"1200\" \/>\n\t<meta property=\"og:image:height\" content=\"1200\" \/>\n\t<meta property=\"og:image:type\" content=\"image\/jpeg\" \/>\n<meta name=\"twitter:card\" content=\"summary_large_image\" \/>\n<meta name=\"twitter:label1\" content=\"Est. reading time\" \/>\n\t<meta name=\"twitter:data1\" content=\"1 minut\" \/>\n<script type=\"application\/ld+json\" class=\"yoast-schema-graph\">{\"@context\":\"https:\\\/\\\/schema.org\",\"@graph\":[{\"@type\":\"WebPage\",\"@id\":\"https:\\\/\\\/erformance.eu\\\/et\\\/toode\\\/audi-q5-08-17-elektriniu-langu-valdymo-pultas-juodas\\\/\",\"url\":\"https:\\\/\\\/erformance.eu\\\/et\\\/toode\\\/audi-q5-08-17-elektriniu-langu-valdymo-pultas-juodas\\\/\",\"name\":\"Audi Q5 08-17 elektrini\u0173 lang\u0173 valdymo pultas JUODAS - Erformance.eu\",\"isPartOf\":{\"@id\":\"https:\\\/\\\/erformance.eu\\\/et\\\/#website\"},\"primaryImageOfPage\":{\"@id\":\"https:\\\/\\\/erformance.eu\\\/et\\\/toode\\\/audi-q5-08-17-elektriniu-langu-valdymo-pultas-juodas\\\/#primaryimage\"},\"image\":{\"@id\":\"https:\\\/\\\/erformance.eu\\\/et\\\/toode\\\/audi-q5-08-17-elektriniu-langu-valdymo-pultas-juodas\\\/#primaryimage\"},\"thumbnailUrl\":\"https:\\\/\\\/erformance.eu\\\/wp-content\\\/uploads\\\/2026\\\/02\\\/pol_pm_Audi-Q5-08-17-panel-sterowania-szyb-elektrycznych-CZARNY-36158_1.jpg\",\"datePublished\":\"2026-02-16T11:26:11+00:00\",\"dateModified\":\"2026-03-25T22:33:40+00:00\",\"breadcrumb\":{\"@id\":\"https:\\\/\\\/erformance.eu\\\/et\\\/toode\\\/audi-q5-08-17-elektriniu-langu-valdymo-pultas-juodas\\\/#breadcrumb\"},\"inLanguage\":\"et\",\"potentialAction\":[{\"@type\":\"ReadAction\",\"target\":[\"https:\\\/\\\/erformance.eu\\\/et\\\/toode\\\/audi-q5-08-17-elektriniu-langu-valdymo-pultas-juodas\\\/\"]}]},{\"@type\":\"ImageObject\",\"inLanguage\":\"et\",\"@id\":\"https:\\\/\\\/erformance.eu\\\/et\\\/toode\\\/audi-q5-08-17-elektriniu-langu-valdymo-pultas-juodas\\\/#primaryimage\",\"url\":\"https:\\\/\\\/erformance.eu\\\/wp-content\\\/uploads\\\/2026\\\/02\\\/pol_pm_Audi-Q5-08-17-panel-sterowania-szyb-elektrycznych-CZARNY-36158_1.jpg\",\"contentUrl\":\"https:\\\/\\\/erformance.eu\\\/wp-content\\\/uploads\\\/2026\\\/02\\\/pol_pm_Audi-Q5-08-17-panel-sterowania-szyb-elektrycznych-CZARNY-36158_1.jpg\",\"width\":1200,\"height\":1200},{\"@type\":\"BreadcrumbList\",\"@id\":\"https:\\\/\\\/erformance.eu\\\/et\\\/toode\\\/audi-q5-08-17-elektriniu-langu-valdymo-pultas-juodas\\\/#breadcrumb\",\"itemListElement\":[{\"@type\":\"ListItem\",\"position\":1,\"name\":\"Home\",\"item\":\"https:\\\/\\\/erformance.eu\\\/et\\\/\"},{\"@type\":\"ListItem\",\"position\":2,\"name\":\"Pood\",\"item\":\"https:\\\/\\\/erformance.eu\\\/et\\\/pood\\\/\"},{\"@type\":\"ListItem\",\"position\":3,\"name\":\"Audi Q5 08-17 elektrini\u0173 lang\u0173 valdymo pultas JUODAS\"}]},{\"@type\":\"WebSite\",\"@id\":\"https:\\\/\\\/erformance.eu\\\/et\\\/#website\",\"url\":\"https:\\\/\\\/erformance.eu\\\/et\\\/\",\"name\":\"Erformance.eu\",\"description\":\"Automobili\u0173 dali\u0173 parduotuv\u0117\",\"potentialAction\":[{\"@type\":\"SearchAction\",\"target\":{\"@type\":\"EntryPoint\",\"urlTemplate\":\"https:\\\/\\\/erformance.eu\\\/et\\\/?s={search_term_string}\"},\"query-input\":{\"@type\":\"PropertyValueSpecification\",\"valueRequired\":true,\"valueName\":\"search_term_string\"}}],\"inLanguage\":\"et\"}]}<\/script>\n<!-- \/ Yoast SEO Premium plugin. -->","yoast_head_json":{"title":"Audi Q5 08-17 elektrini\u0173 lang\u0173 valdymo pultas JUODAS - Erformance.eu","robots":{"index":"index","follow":"follow","max-snippet":"max-snippet:-1","max-image-preview":"max-image-preview:large","max-video-preview":"max-video-preview:-1"},"canonical":"https:\/\/erformance.eu\/et\/toode\/audi-q5-08-17-elektriniu-langu-valdymo-pultas-juodas\/","og_locale":"et_EE","og_type":"article","og_title":"Audi Q5 08-17 elektrini\u0173 lang\u0173 valdymo pultas JUODAS","og_description":"1. Prek\u0117: Elektrini\u0173 lang\u0173 valdymo skydelis JUODAS2. Gamintojas: pakeitimas3. Automobilis:Audi A4 07-15Audi A5 09-17Audi Q5 08\u201317","og_url":"https:\/\/erformance.eu\/et\/toode\/audi-q5-08-17-elektriniu-langu-valdymo-pultas-juodas\/","og_site_name":"Erformance.eu","article_modified_time":"2026-03-25T22:33:40+00:00","og_image":[{"width":1200,"height":1200,"url":"https:\/\/erformance.eu\/wp-content\/uploads\/2026\/02\/pol_pm_Audi-Q5-08-17-panel-sterowania-szyb-elektrycznych-CZARNY-36158_1.jpg","type":"image\/jpeg"}],"twitter_card":"summary_large_image","twitter_misc":{"Est. reading time":"1 minut"},"schema":{"@context":"https:\/\/schema.org","@graph":[{"@type":"WebPage","@id":"https:\/\/erformance.eu\/et\/toode\/audi-q5-08-17-elektriniu-langu-valdymo-pultas-juodas\/","url":"https:\/\/erformance.eu\/et\/toode\/audi-q5-08-17-elektriniu-langu-valdymo-pultas-juodas\/","name":"Audi Q5 08-17 elektrini\u0173 lang\u0173 valdymo pultas JUODAS - Erformance.eu","isPartOf":{"@id":"https:\/\/erformance.eu\/et\/#website"},"primaryImageOfPage":{"@id":"https:\/\/erformance.eu\/et\/toode\/audi-q5-08-17-elektriniu-langu-valdymo-pultas-juodas\/#primaryimage"},"image":{"@id":"https:\/\/erformance.eu\/et\/toode\/audi-q5-08-17-elektriniu-langu-valdymo-pultas-juodas\/#primaryimage"},"thumbnailUrl":"https:\/\/erformance.eu\/wp-content\/uploads\/2026\/02\/pol_pm_Audi-Q5-08-17-panel-sterowania-szyb-elektrycznych-CZARNY-36158_1.jpg","datePublished":"2026-02-16T11:26:11+00:00","dateModified":"2026-03-25T22:33:40+00:00","breadcrumb":{"@id":"https:\/\/erformance.eu\/et\/toode\/audi-q5-08-17-elektriniu-langu-valdymo-pultas-juodas\/#breadcrumb"},"inLanguage":"et","potentialAction":[{"@type":"ReadAction","target":["https:\/\/erformance.eu\/et\/toode\/audi-q5-08-17-elektriniu-langu-valdymo-pultas-juodas\/"]}]},{"@type":"ImageObject","inLanguage":"et","@id":"https:\/\/erformance.eu\/et\/toode\/audi-q5-08-17-elektriniu-langu-valdymo-pultas-juodas\/#primaryimage","url":"https:\/\/erformance.eu\/wp-content\/uploads\/2026\/02\/pol_pm_Audi-Q5-08-17-panel-sterowania-szyb-elektrycznych-CZARNY-36158_1.jpg","contentUrl":"https:\/\/erformance.eu\/wp-content\/uploads\/2026\/02\/pol_pm_Audi-Q5-08-17-panel-sterowania-szyb-elektrycznych-CZARNY-36158_1.jpg","width":1200,"height":1200},{"@type":"BreadcrumbList","@id":"https:\/\/erformance.eu\/et\/toode\/audi-q5-08-17-elektriniu-langu-valdymo-pultas-juodas\/#breadcrumb","itemListElement":[{"@type":"ListItem","position":1,"name":"Home","item":"https:\/\/erformance.eu\/et\/"},{"@type":"ListItem","position":2,"name":"Pood","item":"https:\/\/erformance.eu\/et\/pood\/"},{"@type":"ListItem","position":3,"name":"Audi Q5 08-17 elektrini\u0173 lang\u0173 valdymo pultas JUODAS"}]},{"@type":"WebSite","@id":"https:\/\/erformance.eu\/et\/#website","url":"https:\/\/erformance.eu\/et\/","name":"Erformance.eu","description":"Automobili\u0173 dali\u0173 parduotuv\u0117","potentialAction":[{"@type":"SearchAction","target":{"@type":"EntryPoint","urlTemplate":"https:\/\/erformance.eu\/et\/?s={search_term_string}"},"query-input":{"@type":"PropertyValueSpecification","valueRequired":true,"valueName":"search_term_string"}}],"inLanguage":"et"}]}},"jetpack_sharing_enabled":true,"_links":{"self":[{"href":"https:\/\/erformance.eu\/et\/wp-json\/wp\/v2\/product\/57198","targetHints":{"allow":["GET"]}}],"collection":[{"href":"https:\/\/erformance.eu\/et\/wp-json\/wp\/v2\/product"}],"about":[{"href":"https:\/\/erformance.eu\/et\/wp-json\/wp\/v2\/types\/product"}],"replies":[{"embeddable":true,"href":"https:\/\/erformance.eu\/et\/wp-json\/wp\/v2\/comments?post=57198"}],"version-history":[{"count":1,"href":"https:\/\/erformance.eu\/et\/wp-json\/wp\/v2\/product\/57198\/revisions"}],"predecessor-version":[{"id":57199,"href":"https:\/\/erformance.eu\/et\/wp-json\/wp\/v2\/product\/57198\/revisions\/57199"}],"wp:featuredmedia":[{"embeddable":true,"href":"https:\/\/erformance.eu\/et\/wp-json\/wp\/v2\/media\/53464"}],"wp:attachment":[{"href":"https:\/\/erformance.eu\/et\/wp-json\/wp\/v2\/media?parent=57198"}],"wp:term":[{"taxonomy":"product_brand","embeddable":true,"href":"https:\/\/erformance.eu\/et\/wp-json\/wp\/v2\/product_brand?post=57198"},{"taxonomy":"product_cat","embeddable":true,"href":"https:\/\/erformance.eu\/et\/wp-json\/wp\/v2\/product_cat?post=57198"},{"taxonomy":"product_tag","embeddable":true,"href":"https:\/\/erformance.eu\/et\/wp-json\/wp\/v2\/product_tag?post=57198"}],"curies":[{"name":"wp","href":"https:\/\/api.w.org\/{rel}","templated":true}]}}