{"id":57210,"date":"2026-02-16T14:26:18","date_gmt":"2026-02-16T11:26:18","guid":{"rendered":"https:\/\/erformance.eu\/?post_type=product&#038;p=57210"},"modified":"2026-03-12T18:57:33","modified_gmt":"2026-03-12T15:57:33","slug":"audi-a4-a5-a6-a7-a8-q5-q7-3-0-tdi-v6-variklio-ausinimo-sistemos-valdymo-voztuvas","status":"publish","type":"product","link":"https:\/\/erformance.eu\/et\/toode\/audi-a4-a5-a6-a7-a8-q5-q7-3-0-tdi-v6-variklio-ausinimo-sistemos-valdymo-voztuvas\/","title":{"rendered":"Audi A4, A5, A6, A7, A8, Q5, Q7 3.0 TDI V6 Variklio au\u0161inimo sistemos valdymo vo\u017etuvas"},"content":{"rendered":"<p>Tema: Variklio au\u0161inimo sistemos valdymo vo\u017etuvas<br \/>\nOriginalus numeris:<\/p>\n<p>059121737AM<br \/>\n059121737R<br \/>\n059121737AK<br \/>\n059121737H<br \/>\n059121737J<\/p>\n<p>PASTABA: auk\u0161\u010diau pateikti numeriai yra original\u016bs dali\u0173 numeriai, kuriuos \u0161is pasi\u016blymas pakei\u010dia. Prie\u0161 pirkdami, palyginkite juos su originaliu dalies numeriu. Jei jie skiriasi net vienu simboliu, dalis netiks, neveiks arba veiks netinkamai. Tokiu atveju jos nepirkite.<br \/>\nAutomobilis:<\/p>\n<p>Audi A4 Allroad B8 (8KH) gamybos metai: 2012\u20132016<br \/>\nAudi A4 B8 (8K2) gamybos metai: 2011\u20132015<br \/>\nAudi A4 B8 Avant (8K5) gamybos metai: 2011-2015<br \/>\nAudi A5 (8T3) gamybos metai: 2011\u20132017<br \/>\n\u201eAudi A5 Sportback\u201c (8TA) gamybos metai: 2011\u20132017<br \/>\n\u201eAudi A5\u201c kabrioleto (8F7) gamybos metai: 2011\u20132017<br \/>\nAudi A6 Allroad C7 (4GH, 4GJ) gamybos metai: 2012-2018<br \/>\nAudi A6 C7 (4G2, 4GC) gamybos metai: 2010\u20132018<br \/>\nAudi A6 C7 Avant (4G5, 4GD) gamybos metai: 2011-2018<br \/>\n\u201eAudi A7 Sportback\u201c (4GA, 4GF) gamybos metai: 2010\u20132018<br \/>\nAudi A8 D4 (4H2, 4H8, 4HC, 4HL) gamybos metai: 2010\u20132018<br \/>\nAudi Q5 (8RB) gamybos metai: 2008\u20132017<br \/>\n\u201eAudi Q7\u201c (4LB) gamybos metai: 2007\u20132015<br \/>\n\u201eVolkswagen TOUAREG\u201c (7P5, 7P6) gamybos metai: 2010\u20132018<\/p>\n<p>PASTABA! Tinka tik 3.0 TDI V6 varikliams<br \/>\nGamintojas: pakaitalas<br \/>\nTechnin\u0117 b\u016bkl\u0117: prek\u0117 yra visi\u0161kai nauja, nenaudota, nepa\u017eeista ir nesugadinta<\/p>\n","protected":false},"excerpt":{"rendered":"<p>1. Tema: Variklio au\u0161inimo sistemos valdymo vo\u017etuvas  2. Gamintojas: pakeitimas3. Automobilis:Audi A4 8KH, 8K2, 8K5, A5 8T3, 8TA, 8F7, A6 4GH, 4GJ, 4G2, 4GC, 4G5, 4GD, A7 4GA, 4GF, A8 D4 4H2, 4H8, 4HC, 4H2, 4H8, 4HC, 4RB, 754. Variklis: 3.0 TDI V6<\/p>\n","protected":false},"featured_media":53523,"comment_status":"open","ping_status":"closed","template":"","meta":[],"product_brand":[],"product_cat":[390,391,394,395,396,144,399,400],"product_tag":[],"class_list":{"0":"post-57210","1":"product","2":"type-product","3":"status-publish","4":"has-post-thumbnail","6":"product_cat-audi-a4","7":"product_cat-audi-a5","8":"product_cat-audi-a6","9":"product_cat-audi-a7","10":"product_cat-audi-a8","11":"product_cat-audi","12":"product_cat-audi-q5","13":"product_cat-audi-q7","15":"first","16":"instock","17":"shipping-taxable","18":"purchasable","19":"product-type-simple"},"yoast_head":"<!-- This site is optimized with the Yoast SEO Premium plugin v25.2 (Yoast SEO v27.3) - https:\/\/yoast.com\/product\/yoast-seo-premium-wordpress\/ -->\n<title>Audi A4, A5, A6, A7, A8, Q5, Q7 3.0 TDI V6 Variklio au\u0161inimo sistemos valdymo vo\u017etuvas - Erformance.eu<\/title>\n<meta name=\"robots\" content=\"index, follow, max-snippet:-1, max-image-preview:large, max-video-preview:-1\" \/>\n<link rel=\"canonical\" href=\"https:\/\/erformance.eu\/et\/toode\/audi-a4-a5-a6-a7-a8-q5-q7-3-0-tdi-v6-variklio-ausinimo-sistemos-valdymo-voztuvas\/\" \/>\n<meta property=\"og:locale\" content=\"et_EE\" \/>\n<meta property=\"og:type\" content=\"article\" \/>\n<meta property=\"og:title\" content=\"Audi A4, A5, A6, A7, A8, Q5, Q7 3.0 TDI V6 Variklio au\u0161inimo sistemos valdymo vo\u017etuvas\" \/>\n<meta property=\"og:description\" content=\"1. Tema: Variklio au\u0161inimo sistemos valdymo vo\u017etuvas 2. Gamintojas: pakeitimas3. Automobilis:Audi A4 8KH, 8K2, 8K5, A5 8T3, 8TA, 8F7, A6 4GH, 4GJ, 4G2, 4GC, 4G5, 4GD, A7 4GA, 4GF, A8 D4 4H2, 4H8, 4HC, 4H2, 4H8, 4HC, 4RB, 754. Variklis: 3.0 TDI V6\" \/>\n<meta property=\"og:url\" content=\"https:\/\/erformance.eu\/et\/toode\/audi-a4-a5-a6-a7-a8-q5-q7-3-0-tdi-v6-variklio-ausinimo-sistemos-valdymo-voztuvas\/\" \/>\n<meta property=\"og:site_name\" content=\"Erformance.eu\" \/>\n<meta property=\"article:modified_time\" content=\"2026-03-12T15:57:33+00:00\" \/>\n<meta property=\"og:image\" content=\"https:\/\/erformance.eu\/wp-content\/uploads\/2026\/02\/pol_pm_Audi-A4-A5-A6-A7-A8-Q5-Q7-3-0-TDI-V6-Zawor-regulacyjny-do-ukladu-chlodzenia-silnika-36806_1.jpg\" \/>\n\t<meta property=\"og:image:width\" content=\"1200\" \/>\n\t<meta property=\"og:image:height\" content=\"1200\" \/>\n\t<meta property=\"og:image:type\" content=\"image\/jpeg\" \/>\n<meta name=\"twitter:card\" content=\"summary_large_image\" \/>\n<meta name=\"twitter:label1\" content=\"Est. reading time\" \/>\n\t<meta name=\"twitter:data1\" content=\"1 minut\" \/>\n<script type=\"application\/ld+json\" class=\"yoast-schema-graph\">{\"@context\":\"https:\\\/\\\/schema.org\",\"@graph\":[{\"@type\":\"WebPage\",\"@id\":\"https:\\\/\\\/erformance.eu\\\/et\\\/toode\\\/audi-a4-a5-a6-a7-a8-q5-q7-3-0-tdi-v6-variklio-ausinimo-sistemos-valdymo-voztuvas\\\/\",\"url\":\"https:\\\/\\\/erformance.eu\\\/et\\\/toode\\\/audi-a4-a5-a6-a7-a8-q5-q7-3-0-tdi-v6-variklio-ausinimo-sistemos-valdymo-voztuvas\\\/\",\"name\":\"Audi A4, A5, A6, A7, A8, Q5, Q7 3.0 TDI V6 Variklio au\u0161inimo sistemos valdymo vo\u017etuvas - Erformance.eu\",\"isPartOf\":{\"@id\":\"https:\\\/\\\/erformance.eu\\\/et\\\/#website\"},\"primaryImageOfPage\":{\"@id\":\"https:\\\/\\\/erformance.eu\\\/et\\\/toode\\\/audi-a4-a5-a6-a7-a8-q5-q7-3-0-tdi-v6-variklio-ausinimo-sistemos-valdymo-voztuvas\\\/#primaryimage\"},\"image\":{\"@id\":\"https:\\\/\\\/erformance.eu\\\/et\\\/toode\\\/audi-a4-a5-a6-a7-a8-q5-q7-3-0-tdi-v6-variklio-ausinimo-sistemos-valdymo-voztuvas\\\/#primaryimage\"},\"thumbnailUrl\":\"https:\\\/\\\/erformance.eu\\\/wp-content\\\/uploads\\\/2026\\\/02\\\/pol_pm_Audi-A4-A5-A6-A7-A8-Q5-Q7-3-0-TDI-V6-Zawor-regulacyjny-do-ukladu-chlodzenia-silnika-36806_1.jpg\",\"datePublished\":\"2026-02-16T11:26:18+00:00\",\"dateModified\":\"2026-03-12T15:57:33+00:00\",\"breadcrumb\":{\"@id\":\"https:\\\/\\\/erformance.eu\\\/et\\\/toode\\\/audi-a4-a5-a6-a7-a8-q5-q7-3-0-tdi-v6-variklio-ausinimo-sistemos-valdymo-voztuvas\\\/#breadcrumb\"},\"inLanguage\":\"et\",\"potentialAction\":[{\"@type\":\"ReadAction\",\"target\":[\"https:\\\/\\\/erformance.eu\\\/et\\\/toode\\\/audi-a4-a5-a6-a7-a8-q5-q7-3-0-tdi-v6-variklio-ausinimo-sistemos-valdymo-voztuvas\\\/\"]}]},{\"@type\":\"ImageObject\",\"inLanguage\":\"et\",\"@id\":\"https:\\\/\\\/erformance.eu\\\/et\\\/toode\\\/audi-a4-a5-a6-a7-a8-q5-q7-3-0-tdi-v6-variklio-ausinimo-sistemos-valdymo-voztuvas\\\/#primaryimage\",\"url\":\"https:\\\/\\\/erformance.eu\\\/wp-content\\\/uploads\\\/2026\\\/02\\\/pol_pm_Audi-A4-A5-A6-A7-A8-Q5-Q7-3-0-TDI-V6-Zawor-regulacyjny-do-ukladu-chlodzenia-silnika-36806_1.jpg\",\"contentUrl\":\"https:\\\/\\\/erformance.eu\\\/wp-content\\\/uploads\\\/2026\\\/02\\\/pol_pm_Audi-A4-A5-A6-A7-A8-Q5-Q7-3-0-TDI-V6-Zawor-regulacyjny-do-ukladu-chlodzenia-silnika-36806_1.jpg\",\"width\":1200,\"height\":1200},{\"@type\":\"BreadcrumbList\",\"@id\":\"https:\\\/\\\/erformance.eu\\\/et\\\/toode\\\/audi-a4-a5-a6-a7-a8-q5-q7-3-0-tdi-v6-variklio-ausinimo-sistemos-valdymo-voztuvas\\\/#breadcrumb\",\"itemListElement\":[{\"@type\":\"ListItem\",\"position\":1,\"name\":\"Home\",\"item\":\"https:\\\/\\\/erformance.eu\\\/et\\\/\"},{\"@type\":\"ListItem\",\"position\":2,\"name\":\"Pood\",\"item\":\"https:\\\/\\\/erformance.eu\\\/et\\\/pood\\\/\"},{\"@type\":\"ListItem\",\"position\":3,\"name\":\"Audi A4, A5, A6, A7, A8, Q5, Q7 3.0 TDI V6 Variklio au\u0161inimo sistemos valdymo vo\u017etuvas\"}]},{\"@type\":\"WebSite\",\"@id\":\"https:\\\/\\\/erformance.eu\\\/et\\\/#website\",\"url\":\"https:\\\/\\\/erformance.eu\\\/et\\\/\",\"name\":\"Erformance.eu\",\"description\":\"Automobili\u0173 dali\u0173 parduotuv\u0117\",\"potentialAction\":[{\"@type\":\"SearchAction\",\"target\":{\"@type\":\"EntryPoint\",\"urlTemplate\":\"https:\\\/\\\/erformance.eu\\\/et\\\/?s={search_term_string}\"},\"query-input\":{\"@type\":\"PropertyValueSpecification\",\"valueRequired\":true,\"valueName\":\"search_term_string\"}}],\"inLanguage\":\"et\"}]}<\/script>\n<!-- \/ Yoast SEO Premium plugin. -->","yoast_head_json":{"title":"Audi A4, A5, A6, A7, A8, Q5, Q7 3.0 TDI V6 Variklio au\u0161inimo sistemos valdymo vo\u017etuvas - Erformance.eu","robots":{"index":"index","follow":"follow","max-snippet":"max-snippet:-1","max-image-preview":"max-image-preview:large","max-video-preview":"max-video-preview:-1"},"canonical":"https:\/\/erformance.eu\/et\/toode\/audi-a4-a5-a6-a7-a8-q5-q7-3-0-tdi-v6-variklio-ausinimo-sistemos-valdymo-voztuvas\/","og_locale":"et_EE","og_type":"article","og_title":"Audi A4, A5, A6, A7, A8, Q5, Q7 3.0 TDI V6 Variklio au\u0161inimo sistemos valdymo vo\u017etuvas","og_description":"1. Tema: Variklio au\u0161inimo sistemos valdymo vo\u017etuvas 2. Gamintojas: pakeitimas3. Automobilis:Audi A4 8KH, 8K2, 8K5, A5 8T3, 8TA, 8F7, A6 4GH, 4GJ, 4G2, 4GC, 4G5, 4GD, A7 4GA, 4GF, A8 D4 4H2, 4H8, 4HC, 4H2, 4H8, 4HC, 4RB, 754. Variklis: 3.0 TDI V6","og_url":"https:\/\/erformance.eu\/et\/toode\/audi-a4-a5-a6-a7-a8-q5-q7-3-0-tdi-v6-variklio-ausinimo-sistemos-valdymo-voztuvas\/","og_site_name":"Erformance.eu","article_modified_time":"2026-03-12T15:57:33+00:00","og_image":[{"width":1200,"height":1200,"url":"https:\/\/erformance.eu\/wp-content\/uploads\/2026\/02\/pol_pm_Audi-A4-A5-A6-A7-A8-Q5-Q7-3-0-TDI-V6-Zawor-regulacyjny-do-ukladu-chlodzenia-silnika-36806_1.jpg","type":"image\/jpeg"}],"twitter_card":"summary_large_image","twitter_misc":{"Est. reading time":"1 minut"},"schema":{"@context":"https:\/\/schema.org","@graph":[{"@type":"WebPage","@id":"https:\/\/erformance.eu\/et\/toode\/audi-a4-a5-a6-a7-a8-q5-q7-3-0-tdi-v6-variklio-ausinimo-sistemos-valdymo-voztuvas\/","url":"https:\/\/erformance.eu\/et\/toode\/audi-a4-a5-a6-a7-a8-q5-q7-3-0-tdi-v6-variklio-ausinimo-sistemos-valdymo-voztuvas\/","name":"Audi A4, A5, A6, A7, A8, Q5, Q7 3.0 TDI V6 Variklio au\u0161inimo sistemos valdymo vo\u017etuvas - Erformance.eu","isPartOf":{"@id":"https:\/\/erformance.eu\/et\/#website"},"primaryImageOfPage":{"@id":"https:\/\/erformance.eu\/et\/toode\/audi-a4-a5-a6-a7-a8-q5-q7-3-0-tdi-v6-variklio-ausinimo-sistemos-valdymo-voztuvas\/#primaryimage"},"image":{"@id":"https:\/\/erformance.eu\/et\/toode\/audi-a4-a5-a6-a7-a8-q5-q7-3-0-tdi-v6-variklio-ausinimo-sistemos-valdymo-voztuvas\/#primaryimage"},"thumbnailUrl":"https:\/\/erformance.eu\/wp-content\/uploads\/2026\/02\/pol_pm_Audi-A4-A5-A6-A7-A8-Q5-Q7-3-0-TDI-V6-Zawor-regulacyjny-do-ukladu-chlodzenia-silnika-36806_1.jpg","datePublished":"2026-02-16T11:26:18+00:00","dateModified":"2026-03-12T15:57:33+00:00","breadcrumb":{"@id":"https:\/\/erformance.eu\/et\/toode\/audi-a4-a5-a6-a7-a8-q5-q7-3-0-tdi-v6-variklio-ausinimo-sistemos-valdymo-voztuvas\/#breadcrumb"},"inLanguage":"et","potentialAction":[{"@type":"ReadAction","target":["https:\/\/erformance.eu\/et\/toode\/audi-a4-a5-a6-a7-a8-q5-q7-3-0-tdi-v6-variklio-ausinimo-sistemos-valdymo-voztuvas\/"]}]},{"@type":"ImageObject","inLanguage":"et","@id":"https:\/\/erformance.eu\/et\/toode\/audi-a4-a5-a6-a7-a8-q5-q7-3-0-tdi-v6-variklio-ausinimo-sistemos-valdymo-voztuvas\/#primaryimage","url":"https:\/\/erformance.eu\/wp-content\/uploads\/2026\/02\/pol_pm_Audi-A4-A5-A6-A7-A8-Q5-Q7-3-0-TDI-V6-Zawor-regulacyjny-do-ukladu-chlodzenia-silnika-36806_1.jpg","contentUrl":"https:\/\/erformance.eu\/wp-content\/uploads\/2026\/02\/pol_pm_Audi-A4-A5-A6-A7-A8-Q5-Q7-3-0-TDI-V6-Zawor-regulacyjny-do-ukladu-chlodzenia-silnika-36806_1.jpg","width":1200,"height":1200},{"@type":"BreadcrumbList","@id":"https:\/\/erformance.eu\/et\/toode\/audi-a4-a5-a6-a7-a8-q5-q7-3-0-tdi-v6-variklio-ausinimo-sistemos-valdymo-voztuvas\/#breadcrumb","itemListElement":[{"@type":"ListItem","position":1,"name":"Home","item":"https:\/\/erformance.eu\/et\/"},{"@type":"ListItem","position":2,"name":"Pood","item":"https:\/\/erformance.eu\/et\/pood\/"},{"@type":"ListItem","position":3,"name":"Audi A4, A5, A6, A7, A8, Q5, Q7 3.0 TDI V6 Variklio au\u0161inimo sistemos valdymo vo\u017etuvas"}]},{"@type":"WebSite","@id":"https:\/\/erformance.eu\/et\/#website","url":"https:\/\/erformance.eu\/et\/","name":"Erformance.eu","description":"Automobili\u0173 dali\u0173 parduotuv\u0117","potentialAction":[{"@type":"SearchAction","target":{"@type":"EntryPoint","urlTemplate":"https:\/\/erformance.eu\/et\/?s={search_term_string}"},"query-input":{"@type":"PropertyValueSpecification","valueRequired":true,"valueName":"search_term_string"}}],"inLanguage":"et"}]}},"jetpack_sharing_enabled":true,"_links":{"self":[{"href":"https:\/\/erformance.eu\/et\/wp-json\/wp\/v2\/product\/57210","targetHints":{"allow":["GET"]}}],"collection":[{"href":"https:\/\/erformance.eu\/et\/wp-json\/wp\/v2\/product"}],"about":[{"href":"https:\/\/erformance.eu\/et\/wp-json\/wp\/v2\/types\/product"}],"replies":[{"embeddable":true,"href":"https:\/\/erformance.eu\/et\/wp-json\/wp\/v2\/comments?post=57210"}],"version-history":[{"count":1,"href":"https:\/\/erformance.eu\/et\/wp-json\/wp\/v2\/product\/57210\/revisions"}],"predecessor-version":[{"id":57211,"href":"https:\/\/erformance.eu\/et\/wp-json\/wp\/v2\/product\/57210\/revisions\/57211"}],"wp:featuredmedia":[{"embeddable":true,"href":"https:\/\/erformance.eu\/et\/wp-json\/wp\/v2\/media\/53523"}],"wp:attachment":[{"href":"https:\/\/erformance.eu\/et\/wp-json\/wp\/v2\/media?parent=57210"}],"wp:term":[{"taxonomy":"product_brand","embeddable":true,"href":"https:\/\/erformance.eu\/et\/wp-json\/wp\/v2\/product_brand?post=57210"},{"taxonomy":"product_cat","embeddable":true,"href":"https:\/\/erformance.eu\/et\/wp-json\/wp\/v2\/product_cat?post=57210"},{"taxonomy":"product_tag","embeddable":true,"href":"https:\/\/erformance.eu\/et\/wp-json\/wp\/v2\/product_tag?post=57210"}],"curies":[{"name":"wp","href":"https:\/\/api.w.org\/{rel}","templated":true}]}}