{"id":57254,"date":"2026-02-16T14:26:44","date_gmt":"2026-02-16T11:26:44","guid":{"rendered":"https:\/\/erformance.eu\/?post_type=product&#038;p=57254"},"modified":"2026-03-25T23:04:43","modified_gmt":"2026-03-25T20:04:43","slug":"audi-a8-4e-03-06-3-0-218-ag-alyvos-matuoklis","status":"publish","type":"product","link":"https:\/\/erformance.eu\/et\/toode\/audi-a8-4e-03-06-3-0-218-ag-alyvos-matuoklis\/","title":{"rendered":"Audi A8 4E 03-06 3.0 218 AG alyvos matuoklis"},"content":{"rendered":"<p>Prek\u0117: alyvos lygio matuoklis<br \/>\nOE numeris: 06C115611K<br \/>\nPASTABA: auk\u0161\u010diau pateikti numeriai yra original\u016bs dali\u0173 numeriai, kuriuos \u0161is pasi\u016blymas pakei\u010dia. Prie\u0161 pirkdami, palyginkite juos su originaliu dalies numeriu. Jei jie skiriasi net vienu simboliu, dalis netiks, neveiks arba veiks netinkamai. Tokiu atveju jos nepirkite.<br \/>\nAutomobilis:<\/p>\n<p>Audi A4 B6 B7, gamybos metai: 2001-2006<br \/>\nAudi A6 C5 C6, gamybos metai: 2001-2006<br \/>\nAudi A8 4E, gamybos metai: 2003-2006<\/p>\n<p>Variklis: 3.0 benzininis 218 AG (ASN \/ BBJ)<br \/>\nGamintojas: pakaitalas<br \/>\nTechnin\u0117 b\u016bkl\u0117: prek\u0117 yra visi\u0161kai nauja, nenaudota, nepa\u017eeista ir nesugadinta<\/p>\n","protected":false},"excerpt":{"rendered":"<p>1. Prek\u0117: Alyvos lygio matuoklis2. Gamintojas: pakeitimas3. Automobilis:     * Audi A4 B6 B7 01-06     * Audi A6 C5 C6 01-06     * Audi A8 4E 03-064. Variklis: 3,0 benzininis 218 AG<\/p>\n","protected":false},"featured_media":53687,"comment_status":"open","ping_status":"closed","template":"","meta":[],"product_brand":[],"product_cat":[396,144,3923,3963,4168],"product_tag":[],"class_list":{"0":"post-57254","1":"product","2":"type-product","3":"status-publish","4":"has-post-thumbnail","6":"product_cat-audi-a8","7":"product_cat-audi","8":"product_cat-audi-a8-d3","9":"product_cat-audi-a8-d3-isores-dalys","10":"product_cat-audi-a8-d3-isores-kitos-dalys","12":"first","13":"instock","14":"shipping-taxable","15":"purchasable","16":"product-type-simple"},"yoast_head":"<!-- This site is optimized with the Yoast SEO Premium plugin v25.2 (Yoast SEO v27.3) - https:\/\/yoast.com\/product\/yoast-seo-premium-wordpress\/ -->\n<title>Audi A8 4E 03-06 3.0 218 AG alyvos matuoklis - Erformance.eu<\/title>\n<meta name=\"robots\" content=\"index, follow, max-snippet:-1, max-image-preview:large, max-video-preview:-1\" \/>\n<link rel=\"canonical\" href=\"https:\/\/erformance.eu\/et\/toode\/audi-a8-4e-03-06-3-0-218-ag-alyvos-matuoklis\/\" \/>\n<meta property=\"og:locale\" content=\"et_EE\" \/>\n<meta property=\"og:type\" content=\"article\" \/>\n<meta property=\"og:title\" content=\"Audi A8 4E 03-06 3.0 218 AG alyvos matuoklis\" \/>\n<meta property=\"og:description\" content=\"1. Prek\u0117: Alyvos lygio matuoklis2. Gamintojas: pakeitimas3. Automobilis:   * Audi A4 B6 B7 01-06   * Audi A6 C5 C6 01-06   * Audi A8 4E 03-064. Variklis: 3,0 benzininis 218 AG\" \/>\n<meta property=\"og:url\" content=\"https:\/\/erformance.eu\/et\/toode\/audi-a8-4e-03-06-3-0-218-ag-alyvos-matuoklis\/\" \/>\n<meta property=\"og:site_name\" content=\"Erformance.eu\" \/>\n<meta property=\"article:modified_time\" content=\"2026-03-25T20:04:43+00:00\" \/>\n<meta property=\"og:image\" content=\"https:\/\/erformance.eu\/wp-content\/uploads\/2026\/02\/pol_pm_Audi-A8-4E-03-06-3-0-218-KM-bagnet-oleju-15833_1.jpg\" \/>\n\t<meta property=\"og:image:width\" content=\"1200\" \/>\n\t<meta property=\"og:image:height\" content=\"900\" \/>\n\t<meta property=\"og:image:type\" content=\"image\/jpeg\" \/>\n<meta name=\"twitter:card\" content=\"summary_large_image\" \/>\n<script type=\"application\/ld+json\" class=\"yoast-schema-graph\">{\"@context\":\"https:\\\/\\\/schema.org\",\"@graph\":[{\"@type\":\"WebPage\",\"@id\":\"https:\\\/\\\/erformance.eu\\\/et\\\/toode\\\/audi-a8-4e-03-06-3-0-218-ag-alyvos-matuoklis\\\/\",\"url\":\"https:\\\/\\\/erformance.eu\\\/et\\\/toode\\\/audi-a8-4e-03-06-3-0-218-ag-alyvos-matuoklis\\\/\",\"name\":\"Audi A8 4E 03-06 3.0 218 AG alyvos matuoklis - Erformance.eu\",\"isPartOf\":{\"@id\":\"https:\\\/\\\/erformance.eu\\\/et\\\/#website\"},\"primaryImageOfPage\":{\"@id\":\"https:\\\/\\\/erformance.eu\\\/et\\\/toode\\\/audi-a8-4e-03-06-3-0-218-ag-alyvos-matuoklis\\\/#primaryimage\"},\"image\":{\"@id\":\"https:\\\/\\\/erformance.eu\\\/et\\\/toode\\\/audi-a8-4e-03-06-3-0-218-ag-alyvos-matuoklis\\\/#primaryimage\"},\"thumbnailUrl\":\"https:\\\/\\\/erformance.eu\\\/wp-content\\\/uploads\\\/2026\\\/02\\\/pol_pm_Audi-A8-4E-03-06-3-0-218-KM-bagnet-oleju-15833_1.jpg\",\"datePublished\":\"2026-02-16T11:26:44+00:00\",\"dateModified\":\"2026-03-25T20:04:43+00:00\",\"breadcrumb\":{\"@id\":\"https:\\\/\\\/erformance.eu\\\/et\\\/toode\\\/audi-a8-4e-03-06-3-0-218-ag-alyvos-matuoklis\\\/#breadcrumb\"},\"inLanguage\":\"et\",\"potentialAction\":[{\"@type\":\"ReadAction\",\"target\":[\"https:\\\/\\\/erformance.eu\\\/et\\\/toode\\\/audi-a8-4e-03-06-3-0-218-ag-alyvos-matuoklis\\\/\"]}]},{\"@type\":\"ImageObject\",\"inLanguage\":\"et\",\"@id\":\"https:\\\/\\\/erformance.eu\\\/et\\\/toode\\\/audi-a8-4e-03-06-3-0-218-ag-alyvos-matuoklis\\\/#primaryimage\",\"url\":\"https:\\\/\\\/erformance.eu\\\/wp-content\\\/uploads\\\/2026\\\/02\\\/pol_pm_Audi-A8-4E-03-06-3-0-218-KM-bagnet-oleju-15833_1.jpg\",\"contentUrl\":\"https:\\\/\\\/erformance.eu\\\/wp-content\\\/uploads\\\/2026\\\/02\\\/pol_pm_Audi-A8-4E-03-06-3-0-218-KM-bagnet-oleju-15833_1.jpg\",\"width\":1200,\"height\":900},{\"@type\":\"BreadcrumbList\",\"@id\":\"https:\\\/\\\/erformance.eu\\\/et\\\/toode\\\/audi-a8-4e-03-06-3-0-218-ag-alyvos-matuoklis\\\/#breadcrumb\",\"itemListElement\":[{\"@type\":\"ListItem\",\"position\":1,\"name\":\"Home\",\"item\":\"https:\\\/\\\/erformance.eu\\\/et\\\/\"},{\"@type\":\"ListItem\",\"position\":2,\"name\":\"Pood\",\"item\":\"https:\\\/\\\/erformance.eu\\\/et\\\/pood\\\/\"},{\"@type\":\"ListItem\",\"position\":3,\"name\":\"Audi A8 4E 03-06 3.0 218 AG alyvos matuoklis\"}]},{\"@type\":\"WebSite\",\"@id\":\"https:\\\/\\\/erformance.eu\\\/et\\\/#website\",\"url\":\"https:\\\/\\\/erformance.eu\\\/et\\\/\",\"name\":\"Erformance.eu\",\"description\":\"Automobili\u0173 dali\u0173 parduotuv\u0117\",\"potentialAction\":[{\"@type\":\"SearchAction\",\"target\":{\"@type\":\"EntryPoint\",\"urlTemplate\":\"https:\\\/\\\/erformance.eu\\\/et\\\/?s={search_term_string}\"},\"query-input\":{\"@type\":\"PropertyValueSpecification\",\"valueRequired\":true,\"valueName\":\"search_term_string\"}}],\"inLanguage\":\"et\"}]}<\/script>\n<!-- \/ Yoast SEO Premium plugin. -->","yoast_head_json":{"title":"Audi A8 4E 03-06 3.0 218 AG alyvos matuoklis - Erformance.eu","robots":{"index":"index","follow":"follow","max-snippet":"max-snippet:-1","max-image-preview":"max-image-preview:large","max-video-preview":"max-video-preview:-1"},"canonical":"https:\/\/erformance.eu\/et\/toode\/audi-a8-4e-03-06-3-0-218-ag-alyvos-matuoklis\/","og_locale":"et_EE","og_type":"article","og_title":"Audi A8 4E 03-06 3.0 218 AG alyvos matuoklis","og_description":"1. Prek\u0117: Alyvos lygio matuoklis2. Gamintojas: pakeitimas3. Automobilis:   * Audi A4 B6 B7 01-06   * Audi A6 C5 C6 01-06   * Audi A8 4E 03-064. Variklis: 3,0 benzininis 218 AG","og_url":"https:\/\/erformance.eu\/et\/toode\/audi-a8-4e-03-06-3-0-218-ag-alyvos-matuoklis\/","og_site_name":"Erformance.eu","article_modified_time":"2026-03-25T20:04:43+00:00","og_image":[{"width":1200,"height":900,"url":"https:\/\/erformance.eu\/wp-content\/uploads\/2026\/02\/pol_pm_Audi-A8-4E-03-06-3-0-218-KM-bagnet-oleju-15833_1.jpg","type":"image\/jpeg"}],"twitter_card":"summary_large_image","schema":{"@context":"https:\/\/schema.org","@graph":[{"@type":"WebPage","@id":"https:\/\/erformance.eu\/et\/toode\/audi-a8-4e-03-06-3-0-218-ag-alyvos-matuoklis\/","url":"https:\/\/erformance.eu\/et\/toode\/audi-a8-4e-03-06-3-0-218-ag-alyvos-matuoklis\/","name":"Audi A8 4E 03-06 3.0 218 AG alyvos matuoklis - Erformance.eu","isPartOf":{"@id":"https:\/\/erformance.eu\/et\/#website"},"primaryImageOfPage":{"@id":"https:\/\/erformance.eu\/et\/toode\/audi-a8-4e-03-06-3-0-218-ag-alyvos-matuoklis\/#primaryimage"},"image":{"@id":"https:\/\/erformance.eu\/et\/toode\/audi-a8-4e-03-06-3-0-218-ag-alyvos-matuoklis\/#primaryimage"},"thumbnailUrl":"https:\/\/erformance.eu\/wp-content\/uploads\/2026\/02\/pol_pm_Audi-A8-4E-03-06-3-0-218-KM-bagnet-oleju-15833_1.jpg","datePublished":"2026-02-16T11:26:44+00:00","dateModified":"2026-03-25T20:04:43+00:00","breadcrumb":{"@id":"https:\/\/erformance.eu\/et\/toode\/audi-a8-4e-03-06-3-0-218-ag-alyvos-matuoklis\/#breadcrumb"},"inLanguage":"et","potentialAction":[{"@type":"ReadAction","target":["https:\/\/erformance.eu\/et\/toode\/audi-a8-4e-03-06-3-0-218-ag-alyvos-matuoklis\/"]}]},{"@type":"ImageObject","inLanguage":"et","@id":"https:\/\/erformance.eu\/et\/toode\/audi-a8-4e-03-06-3-0-218-ag-alyvos-matuoklis\/#primaryimage","url":"https:\/\/erformance.eu\/wp-content\/uploads\/2026\/02\/pol_pm_Audi-A8-4E-03-06-3-0-218-KM-bagnet-oleju-15833_1.jpg","contentUrl":"https:\/\/erformance.eu\/wp-content\/uploads\/2026\/02\/pol_pm_Audi-A8-4E-03-06-3-0-218-KM-bagnet-oleju-15833_1.jpg","width":1200,"height":900},{"@type":"BreadcrumbList","@id":"https:\/\/erformance.eu\/et\/toode\/audi-a8-4e-03-06-3-0-218-ag-alyvos-matuoklis\/#breadcrumb","itemListElement":[{"@type":"ListItem","position":1,"name":"Home","item":"https:\/\/erformance.eu\/et\/"},{"@type":"ListItem","position":2,"name":"Pood","item":"https:\/\/erformance.eu\/et\/pood\/"},{"@type":"ListItem","position":3,"name":"Audi A8 4E 03-06 3.0 218 AG alyvos matuoklis"}]},{"@type":"WebSite","@id":"https:\/\/erformance.eu\/et\/#website","url":"https:\/\/erformance.eu\/et\/","name":"Erformance.eu","description":"Automobili\u0173 dali\u0173 parduotuv\u0117","potentialAction":[{"@type":"SearchAction","target":{"@type":"EntryPoint","urlTemplate":"https:\/\/erformance.eu\/et\/?s={search_term_string}"},"query-input":{"@type":"PropertyValueSpecification","valueRequired":true,"valueName":"search_term_string"}}],"inLanguage":"et"}]}},"jetpack_sharing_enabled":true,"_links":{"self":[{"href":"https:\/\/erformance.eu\/et\/wp-json\/wp\/v2\/product\/57254","targetHints":{"allow":["GET"]}}],"collection":[{"href":"https:\/\/erformance.eu\/et\/wp-json\/wp\/v2\/product"}],"about":[{"href":"https:\/\/erformance.eu\/et\/wp-json\/wp\/v2\/types\/product"}],"replies":[{"embeddable":true,"href":"https:\/\/erformance.eu\/et\/wp-json\/wp\/v2\/comments?post=57254"}],"version-history":[{"count":1,"href":"https:\/\/erformance.eu\/et\/wp-json\/wp\/v2\/product\/57254\/revisions"}],"predecessor-version":[{"id":57255,"href":"https:\/\/erformance.eu\/et\/wp-json\/wp\/v2\/product\/57254\/revisions\/57255"}],"wp:featuredmedia":[{"embeddable":true,"href":"https:\/\/erformance.eu\/et\/wp-json\/wp\/v2\/media\/53687"}],"wp:attachment":[{"href":"https:\/\/erformance.eu\/et\/wp-json\/wp\/v2\/media?parent=57254"}],"wp:term":[{"taxonomy":"product_brand","embeddable":true,"href":"https:\/\/erformance.eu\/et\/wp-json\/wp\/v2\/product_brand?post=57254"},{"taxonomy":"product_cat","embeddable":true,"href":"https:\/\/erformance.eu\/et\/wp-json\/wp\/v2\/product_cat?post=57254"},{"taxonomy":"product_tag","embeddable":true,"href":"https:\/\/erformance.eu\/et\/wp-json\/wp\/v2\/product_tag?post=57254"}],"curies":[{"name":"wp","href":"https:\/\/api.w.org\/{rel}","templated":true}]}}