{"id":57256,"date":"2026-02-16T14:26:44","date_gmt":"2026-02-16T11:26:44","guid":{"rendered":"https:\/\/erformance.eu\/?post_type=product&#038;p=57256"},"modified":"2026-03-05T18:47:42","modified_gmt":"2026-03-05T15:47:42","slug":"audi-a1-8x-a3-8p-a3-8v-q3-8u-tt-8j-uzdegimo-jungtukas-pilnas","status":"publish","type":"product","link":"https:\/\/erformance.eu\/et\/toode\/audi-a1-8x-a3-8p-a3-8v-q3-8u-tt-8j-uzdegimo-jungtukas-pilnas\/","title":{"rendered":"Audi A1 8X A3 8P A3 8V Q3 8U TT 8J U\u017dDEGIMO jungtukas pilnas"},"content":{"rendered":"<p>Prek\u0117: pilnas u\u017edegimo jungiklis (korpusas + u\u017edegimo \u012fd\u0117klas + vairo kolon\u0117l\u0117s u\u017eraktas + \u012fd\u0117klas su raktu)<br \/>\nOriginalus numeris:<\/p>\n<p>1K0905841<br \/>\n1K0905865<br \/>\n1K0905865A<br \/>\n1K0905851B<br \/>\n5K0837202<\/p>\n<p>PASTABA: auk\u0161\u010diau pateikti numeriai yra original\u016bs dali\u0173 numeriai, kuriuos \u0161is pasi\u016blymas pakei\u010dia. Prie\u0161 pirkdami, palyginkite juos su originaliu dalies numeriu. Jei jie skiriasi net vienu simboliu, dalis netiks, neveiks arba veiks netinkamai. Tokiu atveju jos nepirkite.<br \/>\nAutomobilis:<\/p>\n<p>Audi A1 (8X1, 8XK), pagaminimo metai: 2010\u20132018<br \/>\nAudi A3 (8P1, 8PA), pagaminimo metai: 2003\u20132012<br \/>\n\u201eAudi A3\u201c (8V1, 8VK), modeliai, pagaminti nuo 2012 m.<br \/>\n\u201eAudi Q3\u201c (8UB, 8UG), pagaminimo metai: 2011\u20132018<br \/>\nAudi TT (8J3), pagaminimo metai: 2006\u20132014<br \/>\n\u201eSeat Alhambra\u201c (710, 711), modeliai, pagaminti nuo 2010 m.<br \/>\n\u201eSeat Altea\u201c (5P1), modeliai, pagaminti nuo 2004 m.<br \/>\n\u201eSeat Altea XL\u201c (5P5, 5P8), modeliai, pagaminti nuo 2006 m.<br \/>\n\u201eSeat Arona\u201c (KJ7), modeliai, pagaminti nuo 2017 m.<br \/>\n\u201eSeat Ateca\u201c (KH7), modeliai, pagaminti nuo 2016 m.<br \/>\n\u201eSeat Ibiza V\u201c (KJ1), modeliai, pagaminti nuo 2017 m.<br \/>\n\u201eSeat Leon II\u201c (1P1), pagaminimo metai: 2006\u20132012<br \/>\n\u201eSeat Toledo III\u201c (5P2), pagaminimo metai: 2004\u20132009<br \/>\nSkoda Kodiaq (NS7), modeliai gaminami nuo 2016 m<br \/>\n\u201eSkoda Octavia II\u201c (1Z3), pagaminimo metai: 2004\u20132013<br \/>\n\u201eSkoda Octavia III\u201c (5E3, NL3, NR3), modeliai, pagaminti nuo 2012 m.<br \/>\n\u201eSkoda Superb II\u201c (3T4), pagaminimo metai: 2008\u20132015<br \/>\n\u201eSkoda Superb III\u201c (3V3), modeliai, pagaminti nuo 2015 m.<br \/>\nSkoda Yeti (5L), gamybos metai: 2009-2017<br \/>\nVolkswagen Beetle (5C_), pagaminimo metai: 2011\u20132019<br \/>\nVolkswagen Caddy III (2K_), pagaminimo metai: 2004\u20132015<br \/>\n\u201eVolkswagen Crafter\u201c (SY_, SX_, SZ_), modeliai, pagaminti nuo 2016 m.<br \/>\nVolkswagen Eos (1F_), gamybos metai: 2006\u20132015<br \/>\nVolkswagen Golf PLUS V (5M1, 521), gamybos metai: 2005\u20132013<br \/>\nVolkswagen Golf V (1K_), gamybos metai: 2003\u20132009<br \/>\nVolkswagen Golf VI (5K1, AJ5), pagaminimo metai: 2008\u20132013<br \/>\n\u201eVolkswagen Golf VII\u201c (5G1, AM1, AN1, BA5, BE1, BE2, BQ1, BV5), modeliai, pagaminti nuo 2012 m.<br \/>\nVolkswagen Jetta III (1K2), pagaminimo metai: 2005\u20132010<br \/>\n\u201eVolkswagen Jetta IV\u201c (162, 163, AV3, AV2), modeliai, pagaminti nuo 2010 m.<br \/>\n\u201eVolkswagen Passat B6\u201c (3C2, 3C5), pagaminimo metai: 2005\u20132010<br \/>\n\u201eVolkswagen Scirocco III\u201c (137, 138), pagaminimo metai: 2008\u20132017<br \/>\n\u201eVolkswagen Sharan\u201c (7N1, 7N2), modeliai, pagaminti nuo 2010 m.<br \/>\n\u201eVolkswagen T-Roc\u201c (A11, D11), modeliai, pagaminti nuo 2017 m.<br \/>\nVolkswagen Tiguan (5N_), pagaminimo metai: 2007\u20132018<br \/>\n\u201eVolkswagen Touran\u201c (1T1, 1T2, 1T3), pagaminimo metai: 2003\u20132015<\/p>\n<p>Jungtis: 2 kontakt\u0173 + 6 kontakt\u0173<br \/>\nGamintojas: pakaitalas<br \/>\nTechnin\u0117 b\u016bkl\u0117: prek\u0117 yra visi\u0161kai nauja, nenaudota, nepa\u017eeista ir nesugadinta<\/p>\n","protected":false},"excerpt":{"rendered":"<p>1. Prek\u0117: u\u017edegimo jungiklis2. Gamintojas: pakeitimas3. Automobilis:* Audi A1 8X 10-18* Audi A3 8P 03-12* Audi A3 8V 2012-* Audi Q3 8U 11-18* Audi TT 8J 06-14<\/p>\n","protected":false},"featured_media":53690,"comment_status":"open","ping_status":"closed","template":"","meta":[],"product_brand":[],"product_cat":[3933,3906,3927,3907,3902,392,186,144,398,4740,4741,4761,4767,4736,3986,4006,4012,3981,3985,401],"product_tag":[],"class_list":{"0":"post-57256","1":"product","2":"type-product","3":"status-publish","4":"has-post-thumbnail","6":"product_cat-audi-tt-8j","7":"product_cat-audi-a3-8p","8":"product_cat-audi-q3-8u","9":"product_cat-audi-a3-8v","10":"product_cat-audi-a1-8x","11":"product_cat-audi-a1","12":"product_cat-a3","13":"product_cat-audi","14":"product_cat-audi-q3","15":"product_cat-audi-a3-8p-raktai-korpusai","16":"product_cat-audi-a3-8v-raktai-korpusai","17":"product_cat-audi-q3-8u-raktai-korpusai","18":"product_cat-audi-tt-8j-raktai-korpusai","19":"product_cat-audi-a1-8x-raktai-korpusai","20":"product_cat-audi-a3-8v-salono-dalys","21":"product_cat-audi-q3-8u-salono-dalys","22":"product_cat-audi-tt-8j-salono-dalys","23":"product_cat-audi-a1-8x-salono-dalys","24":"product_cat-audi-a3-8p-salono-dalys","25":"product_cat-audi-tt","27":"first","28":"instock","29":"shipping-taxable","30":"purchasable","31":"product-type-simple"},"yoast_head":"<!-- This site is optimized with the Yoast SEO Premium plugin v25.2 (Yoast SEO v27.4) - https:\/\/yoast.com\/product\/yoast-seo-premium-wordpress\/ -->\n<title>Audi A1 8X A3 8P A3 8V Q3 8U TT 8J U\u017dDEGIMO jungtukas pilnas - Erformance.eu<\/title>\n<meta name=\"robots\" content=\"index, follow, max-snippet:-1, max-image-preview:large, max-video-preview:-1\" \/>\n<link rel=\"canonical\" href=\"https:\/\/erformance.eu\/et\/toode\/audi-a1-8x-a3-8p-a3-8v-q3-8u-tt-8j-uzdegimo-jungtukas-pilnas\/\" \/>\n<meta property=\"og:locale\" content=\"et_EE\" \/>\n<meta property=\"og:type\" content=\"article\" \/>\n<meta property=\"og:title\" content=\"Audi A1 8X A3 8P A3 8V Q3 8U TT 8J U\u017dDEGIMO jungtukas pilnas\" \/>\n<meta property=\"og:description\" content=\"1. Prek\u0117: u\u017edegimo jungiklis2. Gamintojas: pakeitimas3. Automobilis:* Audi A1 8X 10-18* Audi A3 8P 03-12* Audi A3 8V 2012-* Audi Q3 8U 11-18* Audi TT 8J 06-14\" \/>\n<meta property=\"og:url\" content=\"https:\/\/erformance.eu\/et\/toode\/audi-a1-8x-a3-8p-a3-8v-q3-8u-tt-8j-uzdegimo-jungtukas-pilnas\/\" \/>\n<meta property=\"og:site_name\" content=\"Erformance.eu\" \/>\n<meta property=\"article:modified_time\" content=\"2026-03-05T15:47:42+00:00\" \/>\n<meta property=\"og:image\" content=\"https:\/\/erformance.eu\/wp-content\/uploads\/2026\/02\/pol_pm_Audi-A1-8X-A3-8P-A3-8V-Q3-8U-TT-8J-stacyjka-KOMPLETNA-33254_1.jpg\" \/>\n\t<meta property=\"og:image:width\" content=\"1200\" \/>\n\t<meta property=\"og:image:height\" content=\"1200\" \/>\n\t<meta property=\"og:image:type\" content=\"image\/jpeg\" \/>\n<meta name=\"twitter:card\" content=\"summary_large_image\" \/>\n<meta name=\"twitter:label1\" content=\"Est. reading time\" \/>\n\t<meta name=\"twitter:data1\" content=\"2 minutit\" \/>\n<script type=\"application\/ld+json\" class=\"yoast-schema-graph\">{\"@context\":\"https:\\\/\\\/schema.org\",\"@graph\":[{\"@type\":\"WebPage\",\"@id\":\"https:\\\/\\\/erformance.eu\\\/et\\\/toode\\\/audi-a1-8x-a3-8p-a3-8v-q3-8u-tt-8j-uzdegimo-jungtukas-pilnas\\\/\",\"url\":\"https:\\\/\\\/erformance.eu\\\/et\\\/toode\\\/audi-a1-8x-a3-8p-a3-8v-q3-8u-tt-8j-uzdegimo-jungtukas-pilnas\\\/\",\"name\":\"Audi A1 8X A3 8P A3 8V Q3 8U TT 8J U\u017dDEGIMO jungtukas pilnas - Erformance.eu\",\"isPartOf\":{\"@id\":\"https:\\\/\\\/erformance.eu\\\/et\\\/#website\"},\"primaryImageOfPage\":{\"@id\":\"https:\\\/\\\/erformance.eu\\\/et\\\/toode\\\/audi-a1-8x-a3-8p-a3-8v-q3-8u-tt-8j-uzdegimo-jungtukas-pilnas\\\/#primaryimage\"},\"image\":{\"@id\":\"https:\\\/\\\/erformance.eu\\\/et\\\/toode\\\/audi-a1-8x-a3-8p-a3-8v-q3-8u-tt-8j-uzdegimo-jungtukas-pilnas\\\/#primaryimage\"},\"thumbnailUrl\":\"https:\\\/\\\/erformance.eu\\\/wp-content\\\/uploads\\\/2026\\\/02\\\/pol_pm_Audi-A1-8X-A3-8P-A3-8V-Q3-8U-TT-8J-stacyjka-KOMPLETNA-33254_1.jpg\",\"datePublished\":\"2026-02-16T11:26:44+00:00\",\"dateModified\":\"2026-03-05T15:47:42+00:00\",\"breadcrumb\":{\"@id\":\"https:\\\/\\\/erformance.eu\\\/et\\\/toode\\\/audi-a1-8x-a3-8p-a3-8v-q3-8u-tt-8j-uzdegimo-jungtukas-pilnas\\\/#breadcrumb\"},\"inLanguage\":\"et\",\"potentialAction\":[{\"@type\":\"ReadAction\",\"target\":[\"https:\\\/\\\/erformance.eu\\\/et\\\/toode\\\/audi-a1-8x-a3-8p-a3-8v-q3-8u-tt-8j-uzdegimo-jungtukas-pilnas\\\/\"]}]},{\"@type\":\"ImageObject\",\"inLanguage\":\"et\",\"@id\":\"https:\\\/\\\/erformance.eu\\\/et\\\/toode\\\/audi-a1-8x-a3-8p-a3-8v-q3-8u-tt-8j-uzdegimo-jungtukas-pilnas\\\/#primaryimage\",\"url\":\"https:\\\/\\\/erformance.eu\\\/wp-content\\\/uploads\\\/2026\\\/02\\\/pol_pm_Audi-A1-8X-A3-8P-A3-8V-Q3-8U-TT-8J-stacyjka-KOMPLETNA-33254_1.jpg\",\"contentUrl\":\"https:\\\/\\\/erformance.eu\\\/wp-content\\\/uploads\\\/2026\\\/02\\\/pol_pm_Audi-A1-8X-A3-8P-A3-8V-Q3-8U-TT-8J-stacyjka-KOMPLETNA-33254_1.jpg\",\"width\":1200,\"height\":1200},{\"@type\":\"BreadcrumbList\",\"@id\":\"https:\\\/\\\/erformance.eu\\\/et\\\/toode\\\/audi-a1-8x-a3-8p-a3-8v-q3-8u-tt-8j-uzdegimo-jungtukas-pilnas\\\/#breadcrumb\",\"itemListElement\":[{\"@type\":\"ListItem\",\"position\":1,\"name\":\"Home\",\"item\":\"https:\\\/\\\/erformance.eu\\\/et\\\/\"},{\"@type\":\"ListItem\",\"position\":2,\"name\":\"Pood\",\"item\":\"https:\\\/\\\/erformance.eu\\\/et\\\/pood\\\/\"},{\"@type\":\"ListItem\",\"position\":3,\"name\":\"Audi A1 8X A3 8P A3 8V Q3 8U TT 8J U\u017dDEGIMO jungtukas pilnas\"}]},{\"@type\":\"WebSite\",\"@id\":\"https:\\\/\\\/erformance.eu\\\/et\\\/#website\",\"url\":\"https:\\\/\\\/erformance.eu\\\/et\\\/\",\"name\":\"Erformance.eu\",\"description\":\"Automobili\u0173 dali\u0173 parduotuv\u0117\",\"potentialAction\":[{\"@type\":\"SearchAction\",\"target\":{\"@type\":\"EntryPoint\",\"urlTemplate\":\"https:\\\/\\\/erformance.eu\\\/et\\\/?s={search_term_string}\"},\"query-input\":{\"@type\":\"PropertyValueSpecification\",\"valueRequired\":true,\"valueName\":\"search_term_string\"}}],\"inLanguage\":\"et\"}]}<\/script>\n<!-- \/ Yoast SEO Premium plugin. -->","yoast_head_json":{"title":"Audi A1 8X A3 8P A3 8V Q3 8U TT 8J U\u017dDEGIMO jungtukas pilnas - Erformance.eu","robots":{"index":"index","follow":"follow","max-snippet":"max-snippet:-1","max-image-preview":"max-image-preview:large","max-video-preview":"max-video-preview:-1"},"canonical":"https:\/\/erformance.eu\/et\/toode\/audi-a1-8x-a3-8p-a3-8v-q3-8u-tt-8j-uzdegimo-jungtukas-pilnas\/","og_locale":"et_EE","og_type":"article","og_title":"Audi A1 8X A3 8P A3 8V Q3 8U TT 8J U\u017dDEGIMO jungtukas pilnas","og_description":"1. Prek\u0117: u\u017edegimo jungiklis2. Gamintojas: pakeitimas3. Automobilis:* Audi A1 8X 10-18* Audi A3 8P 03-12* Audi A3 8V 2012-* Audi Q3 8U 11-18* Audi TT 8J 06-14","og_url":"https:\/\/erformance.eu\/et\/toode\/audi-a1-8x-a3-8p-a3-8v-q3-8u-tt-8j-uzdegimo-jungtukas-pilnas\/","og_site_name":"Erformance.eu","article_modified_time":"2026-03-05T15:47:42+00:00","og_image":[{"width":1200,"height":1200,"url":"https:\/\/erformance.eu\/wp-content\/uploads\/2026\/02\/pol_pm_Audi-A1-8X-A3-8P-A3-8V-Q3-8U-TT-8J-stacyjka-KOMPLETNA-33254_1.jpg","type":"image\/jpeg"}],"twitter_card":"summary_large_image","twitter_misc":{"Est. reading time":"2 minutit"},"schema":{"@context":"https:\/\/schema.org","@graph":[{"@type":"WebPage","@id":"https:\/\/erformance.eu\/et\/toode\/audi-a1-8x-a3-8p-a3-8v-q3-8u-tt-8j-uzdegimo-jungtukas-pilnas\/","url":"https:\/\/erformance.eu\/et\/toode\/audi-a1-8x-a3-8p-a3-8v-q3-8u-tt-8j-uzdegimo-jungtukas-pilnas\/","name":"Audi A1 8X A3 8P A3 8V Q3 8U TT 8J U\u017dDEGIMO jungtukas pilnas - Erformance.eu","isPartOf":{"@id":"https:\/\/erformance.eu\/et\/#website"},"primaryImageOfPage":{"@id":"https:\/\/erformance.eu\/et\/toode\/audi-a1-8x-a3-8p-a3-8v-q3-8u-tt-8j-uzdegimo-jungtukas-pilnas\/#primaryimage"},"image":{"@id":"https:\/\/erformance.eu\/et\/toode\/audi-a1-8x-a3-8p-a3-8v-q3-8u-tt-8j-uzdegimo-jungtukas-pilnas\/#primaryimage"},"thumbnailUrl":"https:\/\/erformance.eu\/wp-content\/uploads\/2026\/02\/pol_pm_Audi-A1-8X-A3-8P-A3-8V-Q3-8U-TT-8J-stacyjka-KOMPLETNA-33254_1.jpg","datePublished":"2026-02-16T11:26:44+00:00","dateModified":"2026-03-05T15:47:42+00:00","breadcrumb":{"@id":"https:\/\/erformance.eu\/et\/toode\/audi-a1-8x-a3-8p-a3-8v-q3-8u-tt-8j-uzdegimo-jungtukas-pilnas\/#breadcrumb"},"inLanguage":"et","potentialAction":[{"@type":"ReadAction","target":["https:\/\/erformance.eu\/et\/toode\/audi-a1-8x-a3-8p-a3-8v-q3-8u-tt-8j-uzdegimo-jungtukas-pilnas\/"]}]},{"@type":"ImageObject","inLanguage":"et","@id":"https:\/\/erformance.eu\/et\/toode\/audi-a1-8x-a3-8p-a3-8v-q3-8u-tt-8j-uzdegimo-jungtukas-pilnas\/#primaryimage","url":"https:\/\/erformance.eu\/wp-content\/uploads\/2026\/02\/pol_pm_Audi-A1-8X-A3-8P-A3-8V-Q3-8U-TT-8J-stacyjka-KOMPLETNA-33254_1.jpg","contentUrl":"https:\/\/erformance.eu\/wp-content\/uploads\/2026\/02\/pol_pm_Audi-A1-8X-A3-8P-A3-8V-Q3-8U-TT-8J-stacyjka-KOMPLETNA-33254_1.jpg","width":1200,"height":1200},{"@type":"BreadcrumbList","@id":"https:\/\/erformance.eu\/et\/toode\/audi-a1-8x-a3-8p-a3-8v-q3-8u-tt-8j-uzdegimo-jungtukas-pilnas\/#breadcrumb","itemListElement":[{"@type":"ListItem","position":1,"name":"Home","item":"https:\/\/erformance.eu\/et\/"},{"@type":"ListItem","position":2,"name":"Pood","item":"https:\/\/erformance.eu\/et\/pood\/"},{"@type":"ListItem","position":3,"name":"Audi A1 8X A3 8P A3 8V Q3 8U TT 8J U\u017dDEGIMO jungtukas pilnas"}]},{"@type":"WebSite","@id":"https:\/\/erformance.eu\/et\/#website","url":"https:\/\/erformance.eu\/et\/","name":"Erformance.eu","description":"Automobili\u0173 dali\u0173 parduotuv\u0117","potentialAction":[{"@type":"SearchAction","target":{"@type":"EntryPoint","urlTemplate":"https:\/\/erformance.eu\/et\/?s={search_term_string}"},"query-input":{"@type":"PropertyValueSpecification","valueRequired":true,"valueName":"search_term_string"}}],"inLanguage":"et"}]}},"jetpack_sharing_enabled":true,"_links":{"self":[{"href":"https:\/\/erformance.eu\/et\/wp-json\/wp\/v2\/product\/57256","targetHints":{"allow":["GET"]}}],"collection":[{"href":"https:\/\/erformance.eu\/et\/wp-json\/wp\/v2\/product"}],"about":[{"href":"https:\/\/erformance.eu\/et\/wp-json\/wp\/v2\/types\/product"}],"replies":[{"embeddable":true,"href":"https:\/\/erformance.eu\/et\/wp-json\/wp\/v2\/comments?post=57256"}],"version-history":[{"count":1,"href":"https:\/\/erformance.eu\/et\/wp-json\/wp\/v2\/product\/57256\/revisions"}],"predecessor-version":[{"id":57257,"href":"https:\/\/erformance.eu\/et\/wp-json\/wp\/v2\/product\/57256\/revisions\/57257"}],"wp:featuredmedia":[{"embeddable":true,"href":"https:\/\/erformance.eu\/et\/wp-json\/wp\/v2\/media\/53690"}],"wp:attachment":[{"href":"https:\/\/erformance.eu\/et\/wp-json\/wp\/v2\/media?parent=57256"}],"wp:term":[{"taxonomy":"product_brand","embeddable":true,"href":"https:\/\/erformance.eu\/et\/wp-json\/wp\/v2\/product_brand?post=57256"},{"taxonomy":"product_cat","embeddable":true,"href":"https:\/\/erformance.eu\/et\/wp-json\/wp\/v2\/product_cat?post=57256"},{"taxonomy":"product_tag","embeddable":true,"href":"https:\/\/erformance.eu\/et\/wp-json\/wp\/v2\/product_tag?post=57256"}],"curies":[{"name":"wp","href":"https:\/\/api.w.org\/{rel}","templated":true}]}}