{"id":57260,"date":"2026-02-16T14:26:47","date_gmt":"2026-02-16T11:26:47","guid":{"rendered":"https:\/\/erformance.eu\/?post_type=product&#038;p=57260"},"modified":"2026-03-12T18:52:26","modified_gmt":"2026-03-12T15:52:26","slug":"audi-a4-b7-04-08-a6-c6-04-11-1-9-2-0-tdi-voztuvu-dangtelio-alsuoklio-membranos-remonto-komplektas","status":"publish","type":"product","link":"https:\/\/erformance.eu\/et\/toode\/audi-a4-b7-04-08-a6-c6-04-11-1-9-2-0-tdi-voztuvu-dangtelio-alsuoklio-membranos-remonto-komplektas\/","title":{"rendered":"Audi A4 B7 04-08 A6 C6 04-11 1.9 2.0 TDi vo\u017etuv\u0173 dangtelio alsuoklio membranos remonto komplektas"},"content":{"rendered":"<p>Prek\u0117: Vo\u017etuvo dangtelio alsuoklio membranos remonto komplektas (nuotraukoje matomi 4 elementai)<br \/>\nOriginalus numeris:<\/p>\n<p>03G103469H<br \/>\n03G103469K<br \/>\n03G103469B<br \/>\n03G103475B<br \/>\n03G103475F<br \/>\n03G 103 469 K<br \/>\n03G 103 469 B<br \/>\n03G 103 469 H<br \/>\n03G 103 475 B<br \/>\n03G 103 475 F<\/p>\n<p>PASTABA: auk\u0161\u010diau pateikti numeriai yra original\u016bs dali\u0173 numeriai, kuriuos \u0161is pasi\u016blymas pakei\u010dia. Prie\u0161 pirkdami, palyginkite juos su originaliu dalies numeriu. Jei jie skiriasi net vienu simboliu, dalis netiks, neveiks arba veiks netinkamai. Tokiu atveju jos nepirkite.<br \/>\nAutomobilis:<\/p>\n<p>Audi A4 B7 2.0 TDI gamybos metai: 2004-2008<br \/>\nAudi A4 B7 Avant 2.0 TDI gamybos metai: 2004-2008<br \/>\nAudi A6 C6 2.0 TDI gamybos metai: 2004-2011<br \/>\nAudi A6 C6 Avant 2.0 TDI gamybos metai: 2005-2011<br \/>\n\u201eSeat ALHAMBRA 2.0 TDI\u201c gamybos metai: 2005\u20132010<br \/>\nVW KALIFORNIA T5 Camper 1.9 TDI gamybos metai: 2007\u20132009<br \/>\nVW TRANSPORTER T5 1.9 TDI gamybos metai: 2006\u20132009<br \/>\nVW TRANSPORTER T5 Van 1.9 TDI gamybos metai: 2006\u20132009<br \/>\nVolkswagen MULTIVAN V 1.9 TDI gamybos metai: 2006-2009<br \/>\nVolkswagen SHARAN 1.9 2.0 TDI gamybos metai: 2005\u20132010<\/p>\n<p>Tinka varikliams: 1.9 2.0 TDi<\/p>\n<p>Gamintojas: pakaitalas<br \/>\nTechnin\u0117 b\u016bkl\u0117: prek\u0117 yra visi\u0161kai nauja, nenaudota, nepa\u017eeista ir nesugadinta<\/p>\n","protected":false},"excerpt":{"rendered":"<p>1. Prek\u0117: Vo\u017etuvo dangtelio pneumotorakso membrana2. Gamintojas: pakeitimas3. Automobilis:Audi A4 B7 04-08 A6 C6 04-11S\u0117dyn\u0117 ALHAMBRA 05-10VW T5 06-09 SHARAN 05-10Variklis: 1.9 2.0 TDI<\/p>\n","protected":false},"featured_media":53710,"comment_status":"open","ping_status":"closed","template":"","meta":[],"product_brand":[],"product_cat":[390,394,144,3910,3918,3950,3957,4155,4162],"product_tag":[],"class_list":{"0":"post-57260","1":"product","2":"type-product","3":"status-publish","4":"has-post-thumbnail","6":"product_cat-audi-a4","7":"product_cat-audi-a6","8":"product_cat-audi","9":"product_cat-audi-a4-b7","10":"product_cat-audi-a6-c6","11":"product_cat-audi-a4-b7-isores-dalys","12":"product_cat-audi-a6-c6-isores-dalys","13":"product_cat-audi-a4-b7-isores-kitos-dalys","14":"product_cat-audi-a6-c6-isores-kitos-dalys","16":"first","17":"instock","18":"shipping-taxable","19":"purchasable","20":"product-type-simple"},"yoast_head":"<!-- This site is optimized with the Yoast SEO Premium plugin v25.2 (Yoast SEO v27.3) - https:\/\/yoast.com\/product\/yoast-seo-premium-wordpress\/ -->\n<title>Audi A4 B7 04-08 A6 C6 04-11 1.9 2.0 TDi vo\u017etuv\u0173 dangtelio alsuoklio membranos remonto komplektas - Erformance.eu<\/title>\n<meta name=\"robots\" content=\"index, follow, max-snippet:-1, max-image-preview:large, max-video-preview:-1\" \/>\n<link rel=\"canonical\" href=\"https:\/\/erformance.eu\/et\/toode\/audi-a4-b7-04-08-a6-c6-04-11-1-9-2-0-tdi-voztuvu-dangtelio-alsuoklio-membranos-remonto-komplektas\/\" \/>\n<meta property=\"og:locale\" content=\"et_EE\" \/>\n<meta property=\"og:type\" content=\"article\" \/>\n<meta property=\"og:title\" content=\"Audi A4 B7 04-08 A6 C6 04-11 1.9 2.0 TDi vo\u017etuv\u0173 dangtelio alsuoklio membranos remonto komplektas\" \/>\n<meta property=\"og:description\" content=\"1. Prek\u0117: Vo\u017etuvo dangtelio pneumotorakso membrana2. Gamintojas: pakeitimas3. Automobilis:Audi A4 B7 04-08 A6 C6 04-11S\u0117dyn\u0117 ALHAMBRA 05-10VW T5 06-09 SHARAN 05-10Variklis: 1.9 2.0 TDI\" \/>\n<meta property=\"og:url\" content=\"https:\/\/erformance.eu\/et\/toode\/audi-a4-b7-04-08-a6-c6-04-11-1-9-2-0-tdi-voztuvu-dangtelio-alsuoklio-membranos-remonto-komplektas\/\" \/>\n<meta property=\"og:site_name\" content=\"Erformance.eu\" \/>\n<meta property=\"article:modified_time\" content=\"2026-03-12T15:52:26+00:00\" \/>\n<meta property=\"og:image\" content=\"https:\/\/erformance.eu\/wp-content\/uploads\/2026\/02\/pol_pm_Audi-A4-B7-04-08-A6-C6-04-11-1-9-2-0-TDi-membrana-odmy-pokrywy-zaworow-zestaw-naprawczy-37632_1.jpg\" \/>\n\t<meta property=\"og:image:width\" content=\"1200\" \/>\n\t<meta property=\"og:image:height\" content=\"1200\" \/>\n\t<meta property=\"og:image:type\" content=\"image\/jpeg\" \/>\n<meta name=\"twitter:card\" content=\"summary_large_image\" \/>\n<meta name=\"twitter:label1\" content=\"Est. reading time\" \/>\n\t<meta name=\"twitter:data1\" content=\"1 minut\" \/>\n<script type=\"application\/ld+json\" class=\"yoast-schema-graph\">{\"@context\":\"https:\\\/\\\/schema.org\",\"@graph\":[{\"@type\":\"WebPage\",\"@id\":\"https:\\\/\\\/erformance.eu\\\/et\\\/toode\\\/audi-a4-b7-04-08-a6-c6-04-11-1-9-2-0-tdi-voztuvu-dangtelio-alsuoklio-membranos-remonto-komplektas\\\/\",\"url\":\"https:\\\/\\\/erformance.eu\\\/et\\\/toode\\\/audi-a4-b7-04-08-a6-c6-04-11-1-9-2-0-tdi-voztuvu-dangtelio-alsuoklio-membranos-remonto-komplektas\\\/\",\"name\":\"Audi A4 B7 04-08 A6 C6 04-11 1.9 2.0 TDi vo\u017etuv\u0173 dangtelio alsuoklio membranos remonto komplektas - Erformance.eu\",\"isPartOf\":{\"@id\":\"https:\\\/\\\/erformance.eu\\\/et\\\/#website\"},\"primaryImageOfPage\":{\"@id\":\"https:\\\/\\\/erformance.eu\\\/et\\\/toode\\\/audi-a4-b7-04-08-a6-c6-04-11-1-9-2-0-tdi-voztuvu-dangtelio-alsuoklio-membranos-remonto-komplektas\\\/#primaryimage\"},\"image\":{\"@id\":\"https:\\\/\\\/erformance.eu\\\/et\\\/toode\\\/audi-a4-b7-04-08-a6-c6-04-11-1-9-2-0-tdi-voztuvu-dangtelio-alsuoklio-membranos-remonto-komplektas\\\/#primaryimage\"},\"thumbnailUrl\":\"https:\\\/\\\/erformance.eu\\\/wp-content\\\/uploads\\\/2026\\\/02\\\/pol_pm_Audi-A4-B7-04-08-A6-C6-04-11-1-9-2-0-TDi-membrana-odmy-pokrywy-zaworow-zestaw-naprawczy-37632_1.jpg\",\"datePublished\":\"2026-02-16T11:26:47+00:00\",\"dateModified\":\"2026-03-12T15:52:26+00:00\",\"breadcrumb\":{\"@id\":\"https:\\\/\\\/erformance.eu\\\/et\\\/toode\\\/audi-a4-b7-04-08-a6-c6-04-11-1-9-2-0-tdi-voztuvu-dangtelio-alsuoklio-membranos-remonto-komplektas\\\/#breadcrumb\"},\"inLanguage\":\"et\",\"potentialAction\":[{\"@type\":\"ReadAction\",\"target\":[\"https:\\\/\\\/erformance.eu\\\/et\\\/toode\\\/audi-a4-b7-04-08-a6-c6-04-11-1-9-2-0-tdi-voztuvu-dangtelio-alsuoklio-membranos-remonto-komplektas\\\/\"]}]},{\"@type\":\"ImageObject\",\"inLanguage\":\"et\",\"@id\":\"https:\\\/\\\/erformance.eu\\\/et\\\/toode\\\/audi-a4-b7-04-08-a6-c6-04-11-1-9-2-0-tdi-voztuvu-dangtelio-alsuoklio-membranos-remonto-komplektas\\\/#primaryimage\",\"url\":\"https:\\\/\\\/erformance.eu\\\/wp-content\\\/uploads\\\/2026\\\/02\\\/pol_pm_Audi-A4-B7-04-08-A6-C6-04-11-1-9-2-0-TDi-membrana-odmy-pokrywy-zaworow-zestaw-naprawczy-37632_1.jpg\",\"contentUrl\":\"https:\\\/\\\/erformance.eu\\\/wp-content\\\/uploads\\\/2026\\\/02\\\/pol_pm_Audi-A4-B7-04-08-A6-C6-04-11-1-9-2-0-TDi-membrana-odmy-pokrywy-zaworow-zestaw-naprawczy-37632_1.jpg\",\"width\":1200,\"height\":1200},{\"@type\":\"BreadcrumbList\",\"@id\":\"https:\\\/\\\/erformance.eu\\\/et\\\/toode\\\/audi-a4-b7-04-08-a6-c6-04-11-1-9-2-0-tdi-voztuvu-dangtelio-alsuoklio-membranos-remonto-komplektas\\\/#breadcrumb\",\"itemListElement\":[{\"@type\":\"ListItem\",\"position\":1,\"name\":\"Home\",\"item\":\"https:\\\/\\\/erformance.eu\\\/et\\\/\"},{\"@type\":\"ListItem\",\"position\":2,\"name\":\"Pood\",\"item\":\"https:\\\/\\\/erformance.eu\\\/et\\\/pood\\\/\"},{\"@type\":\"ListItem\",\"position\":3,\"name\":\"Audi A4 B7 04-08 A6 C6 04-11 1.9 2.0 TDi vo\u017etuv\u0173 dangtelio alsuoklio membranos remonto komplektas\"}]},{\"@type\":\"WebSite\",\"@id\":\"https:\\\/\\\/erformance.eu\\\/et\\\/#website\",\"url\":\"https:\\\/\\\/erformance.eu\\\/et\\\/\",\"name\":\"Erformance.eu\",\"description\":\"Automobili\u0173 dali\u0173 parduotuv\u0117\",\"potentialAction\":[{\"@type\":\"SearchAction\",\"target\":{\"@type\":\"EntryPoint\",\"urlTemplate\":\"https:\\\/\\\/erformance.eu\\\/et\\\/?s={search_term_string}\"},\"query-input\":{\"@type\":\"PropertyValueSpecification\",\"valueRequired\":true,\"valueName\":\"search_term_string\"}}],\"inLanguage\":\"et\"}]}<\/script>\n<!-- \/ Yoast SEO Premium plugin. -->","yoast_head_json":{"title":"Audi A4 B7 04-08 A6 C6 04-11 1.9 2.0 TDi vo\u017etuv\u0173 dangtelio alsuoklio membranos remonto komplektas - Erformance.eu","robots":{"index":"index","follow":"follow","max-snippet":"max-snippet:-1","max-image-preview":"max-image-preview:large","max-video-preview":"max-video-preview:-1"},"canonical":"https:\/\/erformance.eu\/et\/toode\/audi-a4-b7-04-08-a6-c6-04-11-1-9-2-0-tdi-voztuvu-dangtelio-alsuoklio-membranos-remonto-komplektas\/","og_locale":"et_EE","og_type":"article","og_title":"Audi A4 B7 04-08 A6 C6 04-11 1.9 2.0 TDi vo\u017etuv\u0173 dangtelio alsuoklio membranos remonto komplektas","og_description":"1. Prek\u0117: Vo\u017etuvo dangtelio pneumotorakso membrana2. Gamintojas: pakeitimas3. Automobilis:Audi A4 B7 04-08 A6 C6 04-11S\u0117dyn\u0117 ALHAMBRA 05-10VW T5 06-09 SHARAN 05-10Variklis: 1.9 2.0 TDI","og_url":"https:\/\/erformance.eu\/et\/toode\/audi-a4-b7-04-08-a6-c6-04-11-1-9-2-0-tdi-voztuvu-dangtelio-alsuoklio-membranos-remonto-komplektas\/","og_site_name":"Erformance.eu","article_modified_time":"2026-03-12T15:52:26+00:00","og_image":[{"width":1200,"height":1200,"url":"https:\/\/erformance.eu\/wp-content\/uploads\/2026\/02\/pol_pm_Audi-A4-B7-04-08-A6-C6-04-11-1-9-2-0-TDi-membrana-odmy-pokrywy-zaworow-zestaw-naprawczy-37632_1.jpg","type":"image\/jpeg"}],"twitter_card":"summary_large_image","twitter_misc":{"Est. reading time":"1 minut"},"schema":{"@context":"https:\/\/schema.org","@graph":[{"@type":"WebPage","@id":"https:\/\/erformance.eu\/et\/toode\/audi-a4-b7-04-08-a6-c6-04-11-1-9-2-0-tdi-voztuvu-dangtelio-alsuoklio-membranos-remonto-komplektas\/","url":"https:\/\/erformance.eu\/et\/toode\/audi-a4-b7-04-08-a6-c6-04-11-1-9-2-0-tdi-voztuvu-dangtelio-alsuoklio-membranos-remonto-komplektas\/","name":"Audi A4 B7 04-08 A6 C6 04-11 1.9 2.0 TDi vo\u017etuv\u0173 dangtelio alsuoklio membranos remonto komplektas - Erformance.eu","isPartOf":{"@id":"https:\/\/erformance.eu\/et\/#website"},"primaryImageOfPage":{"@id":"https:\/\/erformance.eu\/et\/toode\/audi-a4-b7-04-08-a6-c6-04-11-1-9-2-0-tdi-voztuvu-dangtelio-alsuoklio-membranos-remonto-komplektas\/#primaryimage"},"image":{"@id":"https:\/\/erformance.eu\/et\/toode\/audi-a4-b7-04-08-a6-c6-04-11-1-9-2-0-tdi-voztuvu-dangtelio-alsuoklio-membranos-remonto-komplektas\/#primaryimage"},"thumbnailUrl":"https:\/\/erformance.eu\/wp-content\/uploads\/2026\/02\/pol_pm_Audi-A4-B7-04-08-A6-C6-04-11-1-9-2-0-TDi-membrana-odmy-pokrywy-zaworow-zestaw-naprawczy-37632_1.jpg","datePublished":"2026-02-16T11:26:47+00:00","dateModified":"2026-03-12T15:52:26+00:00","breadcrumb":{"@id":"https:\/\/erformance.eu\/et\/toode\/audi-a4-b7-04-08-a6-c6-04-11-1-9-2-0-tdi-voztuvu-dangtelio-alsuoklio-membranos-remonto-komplektas\/#breadcrumb"},"inLanguage":"et","potentialAction":[{"@type":"ReadAction","target":["https:\/\/erformance.eu\/et\/toode\/audi-a4-b7-04-08-a6-c6-04-11-1-9-2-0-tdi-voztuvu-dangtelio-alsuoklio-membranos-remonto-komplektas\/"]}]},{"@type":"ImageObject","inLanguage":"et","@id":"https:\/\/erformance.eu\/et\/toode\/audi-a4-b7-04-08-a6-c6-04-11-1-9-2-0-tdi-voztuvu-dangtelio-alsuoklio-membranos-remonto-komplektas\/#primaryimage","url":"https:\/\/erformance.eu\/wp-content\/uploads\/2026\/02\/pol_pm_Audi-A4-B7-04-08-A6-C6-04-11-1-9-2-0-TDi-membrana-odmy-pokrywy-zaworow-zestaw-naprawczy-37632_1.jpg","contentUrl":"https:\/\/erformance.eu\/wp-content\/uploads\/2026\/02\/pol_pm_Audi-A4-B7-04-08-A6-C6-04-11-1-9-2-0-TDi-membrana-odmy-pokrywy-zaworow-zestaw-naprawczy-37632_1.jpg","width":1200,"height":1200},{"@type":"BreadcrumbList","@id":"https:\/\/erformance.eu\/et\/toode\/audi-a4-b7-04-08-a6-c6-04-11-1-9-2-0-tdi-voztuvu-dangtelio-alsuoklio-membranos-remonto-komplektas\/#breadcrumb","itemListElement":[{"@type":"ListItem","position":1,"name":"Home","item":"https:\/\/erformance.eu\/et\/"},{"@type":"ListItem","position":2,"name":"Pood","item":"https:\/\/erformance.eu\/et\/pood\/"},{"@type":"ListItem","position":3,"name":"Audi A4 B7 04-08 A6 C6 04-11 1.9 2.0 TDi vo\u017etuv\u0173 dangtelio alsuoklio membranos remonto komplektas"}]},{"@type":"WebSite","@id":"https:\/\/erformance.eu\/et\/#website","url":"https:\/\/erformance.eu\/et\/","name":"Erformance.eu","description":"Automobili\u0173 dali\u0173 parduotuv\u0117","potentialAction":[{"@type":"SearchAction","target":{"@type":"EntryPoint","urlTemplate":"https:\/\/erformance.eu\/et\/?s={search_term_string}"},"query-input":{"@type":"PropertyValueSpecification","valueRequired":true,"valueName":"search_term_string"}}],"inLanguage":"et"}]}},"jetpack_sharing_enabled":true,"_links":{"self":[{"href":"https:\/\/erformance.eu\/et\/wp-json\/wp\/v2\/product\/57260","targetHints":{"allow":["GET"]}}],"collection":[{"href":"https:\/\/erformance.eu\/et\/wp-json\/wp\/v2\/product"}],"about":[{"href":"https:\/\/erformance.eu\/et\/wp-json\/wp\/v2\/types\/product"}],"replies":[{"embeddable":true,"href":"https:\/\/erformance.eu\/et\/wp-json\/wp\/v2\/comments?post=57260"}],"version-history":[{"count":1,"href":"https:\/\/erformance.eu\/et\/wp-json\/wp\/v2\/product\/57260\/revisions"}],"predecessor-version":[{"id":57261,"href":"https:\/\/erformance.eu\/et\/wp-json\/wp\/v2\/product\/57260\/revisions\/57261"}],"wp:featuredmedia":[{"embeddable":true,"href":"https:\/\/erformance.eu\/et\/wp-json\/wp\/v2\/media\/53710"}],"wp:attachment":[{"href":"https:\/\/erformance.eu\/et\/wp-json\/wp\/v2\/media?parent=57260"}],"wp:term":[{"taxonomy":"product_brand","embeddable":true,"href":"https:\/\/erformance.eu\/et\/wp-json\/wp\/v2\/product_brand?post=57260"},{"taxonomy":"product_cat","embeddable":true,"href":"https:\/\/erformance.eu\/et\/wp-json\/wp\/v2\/product_cat?post=57260"},{"taxonomy":"product_tag","embeddable":true,"href":"https:\/\/erformance.eu\/et\/wp-json\/wp\/v2\/product_tag?post=57260"}],"curies":[{"name":"wp","href":"https:\/\/api.w.org\/{rel}","templated":true}]}}