{"id":57290,"date":"2026-02-16T14:27:06","date_gmt":"2026-02-16T11:27:06","guid":{"rendered":"https:\/\/erformance.eu\/?post_type=product&#038;p=57290"},"modified":"2026-03-05T19:40:25","modified_gmt":"2026-03-05T16:40:25","slug":"audi-a1-a3-a4-a5-a6-q2-q3-q5-tt-papildomas-vandens-siurblys","status":"publish","type":"product","link":"https:\/\/erformance.eu\/et\/toode\/audi-a1-a3-a4-a5-a6-q2-q3-q5-tt-papildomas-vandens-siurblys\/","title":{"rendered":"Audi A1 A3 A4 A5 A6 Q2 Q3 Q5 TT papildomas vandens siurblys"},"content":{"rendered":"<p>Prek\u0117: Papildomas vandens siurblys<br \/>\nOriginalus numeris:<\/p>\n<p>5Q0965561B<br \/>\n5Q0965567J<br \/>\n5Q0 965 561 B<br \/>\n5Q0 965 567 J<\/p>\n<p>PASTABA: auk\u0161\u010diau pateikti numeriai yra original\u016bs dali\u0173 numeriai, kuriuos \u0161is pasi\u016blymas pakei\u010dia. Prie\u0161 pirkdami, palyginkite juos su originaliu dalies numeriu. Jei jie skiriasi net vienu simboliu, dalis netiks, neveiks arba veiks netinkamai. Tokiu atveju jos nepirkite.<br \/>\nAutomobilis:<\/p>\n<p>\u201eAudi A1\u201c (8X1, 8XK) gamybos metai: 2014\u20132018<br \/>\n\u201eAudi A1 Sportback\u201c (8XA, 8XF) gamybos metai: 2014\u20132018<br \/>\nAudi A3 (8V1, 8VK) gamybos metai: 2012\u20132016<br \/>\n\u201eAudi A3 Limousine\u201c (8VS, 8VM) gamybos metai: 2013\u20132019<br \/>\n\u201eAudi A3 Limousine\u201c (8YS) , modeliai, pagaminti nuo: 2020 m.<br \/>\nAudi A3 Sportback (8VA, 8VF) , modeliai pagaminti nuo: 2013 m.<br \/>\n\u201eAudi A3 Sportback\u201c (8YA) , modeliai, pagaminti nuo: 2019 m.<br \/>\nAudi A3 kabrioletas (8V7, 8VE) , modeliai pagaminti nuo: 2014-<br \/>\nAudi A4 Allroad B8 (8KH) gamybos metai: 2009\u20132016<br \/>\nAudi A4 Allroad B9 (8WH, 8WJ) , modeliai pagaminti nuo: 2016-<br \/>\nAudi A4 B8 (8K2) gamybos metai: 2007\u20132015<br \/>\nAudi A4 B8 Avant (8K5) gamybos metai: 2008-2015<br \/>\nAudi A4 B9 (8W2, 8WC) gamybos metai: 2015\u20132019<br \/>\nAudi A4 B9 Avant (8W5, 8WD) gamybos metai: 2015\u20132020<br \/>\nAudi A5 (8T3) gamybos metai: 2013\u20132017<br \/>\nAudi A5 (F53, F5P) gamybos metai: 2016\u20132020<br \/>\n\u201eAudi A5 Sportback\u201c (8TA) gamybos metai: 2009\u20132017<br \/>\n\u201eAudi A5 Sportback\u201c (F5A, F5F) gamybos metai: 2016\u20132020<br \/>\n\u201eAudi A5\u201c kabrioleto (8F7) gamybos metai: 2013\u20132017<br \/>\n\u201eAudi A5\u201c kabrioleto (F57, F5E) gamybos metai: 2016\u20132020<br \/>\n\u201eAudi A6 C7\u201c (4G2, 4GC) gamybos metai: 2013\u20132018<br \/>\nAudi A6 C7 Avant (4G5, 4GD) gamybos metai: 2012-2018<br \/>\n\u201eAudi A6 C8\u201c (4A2) , modeliai, pagaminti nuo: 2019 m.<br \/>\nAudi A6 C8 Avant (4A5) , modeliai, pagaminti nuo: 2019-<br \/>\nAudi Q2 (GAB, GAG) , modeliai, pagaminti nuo: 2016 m.<br \/>\n\u201eAudi Q3\u201c (8UB, 8UG) gamybos metai: 2011\u20132018<br \/>\nAudi Q3 (F3B) , modeliai, pagaminti nuo: 2018 m.<br \/>\n\u201eAudi Q3 Sportback\u201c (F3N) , modeliai, pagaminti nuo: 2019 m.<br \/>\nAudi Q5 (8RB) gamybos metai: 2009\u20132017<br \/>\nAudi Q5 (FYB, FYG) gamybos metai: 2016-2020<br \/>\n\u201eAudi Q5 Van\u201c (8RB) gamybos metai: 2012\u20132017<br \/>\nAudi TT (FV3, FVP) , modeliai pagaminti nuo: 2014-<br \/>\n\u201eAudi TT Roadster\u201c (FV9, FVR) , modeliai, pagaminti nuo: 2014 m.<br \/>\n\u201eSeat ALHAMBRA\u201c (710, 711) , modeliai, pagaminti nuo: 2011 m.<br \/>\n\u201eSeat ARONA\u201c (KJ7, KJP) , modeliai, pagaminti nuo: 2018 m.<br \/>\n\u201eSeat ATECA\u201c (KH7, KHP) , modeliai, pagaminti nuo: 2016 m.<br \/>\nSeat IBIZA IV SC (6J1, 6P5) gamybos metai: 2015-2016<br \/>\nSeat IBIZA V (KJ1) , modeliai pagaminti nuo: 2017-<br \/>\nSeat IBIZA V (KJ1, KJG) , modeliai pagaminti nuo: 2017-<br \/>\nSeat LEON (5F1) 2012 gamybos metai: 20-202020<br \/>\nSeat LEON (KL1) , modeliai, pagaminti nuo: 2019-<br \/>\nSeat LEON d\u0117\u017e\u0117s k\u0117bulas \/ liftback (5F1) gamybos metai: 2012\u20132016<br \/>\n\u201eSeat LEON SC\u201c (5F5) gamybos metai: 2013\u20132018<br \/>\n\u201eSeat LEON ST\u201c (5F8) gamybos metai: 2013\u20132020<br \/>\n\u201eSeat LEON ST\u201c u\u017edaras k\u0117bulas \/ universalas (5F8) pagaminimo metai: 2013\u20132020<br \/>\nSeat LEON Sportstourer (KL8), modele produkowane od roku: 2020-<br \/>\nSeat TARRACO (KN2), modele produkowane od roku: 2018-<br \/>\nSeat TOLEDO IV (KG3) rok produkcji: 2015-2019<br \/>\nSkoda FABIA III Kombi (NJ5), modele produkowane od roku: 2014-<br \/>\nSkoda KAMIQ (NW4), modele produkowane od roku: 2019-<br \/>\nSkoda KAROQ (NU7), modele produkowane od roku: 2017-<br \/>\nSkoda KAROQ (NU7, ND7), modele produkowane od roku: 2017-<br \/>\nSkoda KODIAQ (NS7, NV7), modele produkowane od roku: 2016-<br \/>\nSkoda KODIAQ (NS7, NV7, NS6), modele produkowane od roku: 2017-<br \/>\nSkoda OCTAVIA III (5E3, NL3, NR3), modele produkowane od roku: 2012-<br \/>\nSkoda OCTAVIA III Combi (5E5, 5E6), modele produkowane od roku: 2012-<br \/>\nSkoda OCTAVIA IV (NX3), modele produkowane od roku: 2020-<br \/>\nSkoda OCTAVIA IV (NX3, NN3), modele produkowane od roku: 2020-<br \/>\nSkoda OCTAVIA IV Combi (NX5), modele produkowane od roku: 2019-<br \/>\nSkoda SCALA (NW1), modele produkowane od roku: 2019-<br \/>\nSkoda SUPERB III (3V3), modele produkowane od roku: 2015-<br \/>\nSkoda SUPERB III Kombi (3V5), modele produkowane od roku: 2015-<br \/>\nSkoda YETI (5L) rok produkcji: 2015-2017<br \/>\nVolkswagen ARTEON (3H7, 3H8) rok produkcji: 2017-2020<br \/>\nVolkswagen ARTEON SHOOTING BRAKE (3H9), modele produkowane od roku: 2020-<br \/>\nVolkswagen BEETLE (5C1, 5C2) rok produkcji: 2014-2018<br \/>\nVolkswagen BEETLE kabriolet (5C7, 5C8) rok produkcji: 2014-2018<br \/>\nVolkswagen CADDY ALLTRACK Furgon\/minivan (SAA), modele produkowane od roku: 2015-<br \/>\nVolkswagen CADDY IV Furgon\/minivan (SAA, SAH) rok produkcji: 2015-2020<br \/>\nVolkswagen CC B7 (358) rok produkcji: 2015-2016<br \/>\nVolkswagen CRAFTER Autobus (SYI, SYJ) rok produkcji: 2016-2024<br \/>\nVolkswagen CRAFTER Furgon (SY_, SX_) rok produkcji: 2016-2024<br \/>\nVolkswagen CRAFTER Platforma \/ podwozie (SZ_) rok produkcji: 2016-2024<br \/>\nVolkswagen GOLF VI kabriolet (517) rok produkcji: 2013-2016<br \/>\nVolkswagen GOLF ALLTRACK VII Variant (BA5, BV5) rok produkcji: 2014-2018<br \/>\nVolkswagen GOLF SPORTSVAN VII (AM1, AN1) rok produkcji: 2014-2017<br \/>\nVolkswagen GOLF VAN VII Variant (BA5) rok produkcji: 2013-2017<br \/>\nVolkswagen GOLF VII (5G1, BQ1, BE1, BE2), modele produkowane od roku: 2012-<br \/>\nVolkswagen GOLF VII Van (5G1), modele produkowane od roku: 2012-<br \/>\nVolkswagen GOLF VII Variant (BA5, BV5) rok produkcji: 2013-2018<br \/>\nVolkswagen GOLF VIII (CD1), modele produkowane od roku: 2019-<br \/>\nVolkswagen GOLF VIII Variant (CG5), modele produkowane od roku: 2020-<br \/>\nVolkswagen GRAND CALIFORNIA Camper (SCB, SCC), modele produkowane od roku: 2019-<br \/>\nVolkswagen MULTIVAN T6 (SGF, SGM, SGN, SHM, SHN), modele produkowane od roku: 2018-<br \/>\nVolkswagen TRANSPORTER T6 Furgon (SGA, SGH, SHA, SHH), modele produkowane od roku: 2015-<br \/>\nVolkswagen MULTIVAN VI (SGF, SGM, SGN, SHM, SHN), modele produkowane od roku: 2015-<br \/>\nVolkswagen PASSAT ALLTRACK B8 Variant (3G5, CB5), modele produkowane od roku: 2015-<br \/>\nVolkswagen PASSAT B8 (3G2, CB2), modele produkowane od roku: 2014-<br \/>\nVolkswagen PASSAT B8 Variant (3G5, CB5), modele produkowane od roku: 2014-<br \/>\nVolkswagen POLO VI (AW1, BZ1), modele produkowane od roku: 2017-<br \/>\nVolkswagen POLO VI (AW1, BZ1, AE1) rok produkcji: 2017-2021<br \/>\nVolkswagen SCIROCCO III (137, 138) rok produkcji: 2014-2017<br \/>\nVolkswagen SHARAN (7N1, 7N2) rok produkcji: 2011-2019<br \/>\nVolkswagen T-CROSS (C11), modele produkowane od roku: 2018-<br \/>\nVolkswagen T-ROC (A11), modele produkowane od roku: 2017-<br \/>\nVolkswagen T-ROC (A11, D11), modele produkowane od roku: 2018-<br \/>\nVolkswagen TIGUAN (5N_) rok produkcji: 2010-2018<br \/>\nVolkswagen TIGUAN (AD1, AX1), modele produkowane od roku: 16-20<br \/>\nVolkswagen TIGUAN ALLSPACE (BW2), modele produkowane od roku: 2017-<br \/>\nVolkswagen TOURAN (5T1) rok produkcji: 2015-2019<\/p>\n<p>Tryb pracy: elektryczny<br \/>\nWtyczka: 2 PINY<br \/>\nNapi\u0119cie: 12 V<br \/>\nProducent: zamiennik<br \/>\nStan techniczny: przedmiot jest fabrycznie NOWY, nieu\u017cywany, nieuszkodzony i niezniszczony<\/p>\n","protected":false},"excerpt":{"rendered":"<p>1. Prek\u0117: Papildomas vandens siurblys2. Gamintojas: pakeitimas3. Automobilis: AudiA1 8XA3 8V, 8YA4 B8, B9A5 8T, F5A6 C7, C82 ketvir\u010dio GA,Q3 8U, F3Q5 8R, finansiniai metaiTT FV<\/p>\n","protected":false},"featured_media":53833,"comment_status":"open","ping_status":"closed","template":"","meta":[],"product_brand":[],"product_cat":[3933,3905,3934,3906,3928,3927,3907,3902,392,186,390,391,394,144,3908,3909,3910,3911,3913,3912,3914,3916,3917,3918,3919,3935,3929,3926,3903,3966,3950,3956,3946,3967,3951,3957,3947,3968,3952,3942,3958,3948,3969,3954,3943,3959,3949,3974,3955,3945,4152,4172,4157,4147,4162,4153,4173,4158,4148,4163,4154,4174,4159,4150,4164,4155,4178,4160,4151,4171,4156,4179,4161,397,398,399],"product_tag":[],"class_list":{"0":"post-57290","1":"product","2":"type-product","3":"status-publish","4":"has-post-thumbnail","6":"product_cat-audi-tt-8j","7":"product_cat-audi-a3-8l","8":"product_cat-audi-tt-8n","9":"product_cat-audi-a3-8p","10":"product_cat-audi-q5-8r","11":"product_cat-audi-q3-8u","12":"product_cat-audi-a3-8v","13":"product_cat-audi-a1-8x","14":"product_cat-audi-a1","15":"product_cat-a3","16":"product_cat-audi-a4","17":"product_cat-audi-a5","18":"product_cat-audi-a6","19":"product_cat-audi","20":"product_cat-audi-a4-b5","21":"product_cat-audi-a4-b6","22":"product_cat-audi-a4-b7","23":"product_cat-audi-a4-b8","24":"product_cat-audi-a5-b8-8t","25":"product_cat-audi-a4-b9","26":"product_cat-audi-a5-b9-f5","27":"product_cat-audi-a6-c4","28":"product_cat-audi-a6-c5","29":"product_cat-audi-a6-c6","30":"product_cat-audi-a6-c7","31":"product_cat-audi-a6-c8","32":"product_cat-audi-q5-fy","33":"product_cat-audi-q2-ga","34":"product_cat-audi-a1-gb","35":"product_cat-audi-q2-ga-isores-dalys","36":"product_cat-audi-a4-b7-isores-dalys","37":"product_cat-audi-a6-c5-isores-dalys","38":"product_cat-audi-a3-8p-isores-dalys","39":"product_cat-audi-q3-8u-isores-dalys","40":"product_cat-audi-a4-b8-isores-dalys","41":"product_cat-audi-a6-c6-isores-dalys","42":"product_cat-audi-a3-8v-isores-dalys","43":"product_cat-audi-q5-8r-isores-dalys","44":"product_cat-audi-a4-b9-isores-dalys","45":"product_cat-audi-a1-8x-isores-dalys","46":"product_cat-audi-a6-c7-isores-dalys","47":"product_cat-audi-a4-b5-isores-dalys","48":"product_cat-audi-q5-fy-isores-dalys","49":"product_cat-audi-a5-b9-f5-isores-dalys","50":"product_cat-audi-a1-gb-isores-dalys","51":"product_cat-audi-a6-c8-isores-dalys","52":"product_cat-audi-a4-b6-isores-dalys","53":"product_cat-audi-tt-8n-isores-dalys","54":"product_cat-audi-a6-c4-isores-dalys","55":"product_cat-audi-a3-8l-isores-dalys","56":"product_cat-audi-a3-8v-isores-kitos-dalys","57":"product_cat-audi-q3-8u-isores-kitos-dalys","58":"product_cat-audi-a4-b9-isores-kitos-dalys","59":"product_cat-audi-a1-8x-isores-kitos-dalys","60":"product_cat-audi-a6-c6-isores-kitos-dalys","61":"product_cat-audi-a4-b5-isores-kitos-dalys","62":"product_cat-audi-q5-8r-isores-kitos-dalys","63":"product_cat-audi-a5-b8-8t-isores-kitos-dalys","64":"product_cat-audi-a1-gb-isores-kitos-dalys","65":"product_cat-audi-a6-c7-isores-kitos-dalys","66":"product_cat-audi-a4-b6-isores-kitos-dalys","67":"product_cat-audi-q5-fy-isores-kitos-dalys","68":"product_cat-audi-a5-b9-f5-isores-kitos-dalys","69":"product_cat-audi-a3-8l-isores-kitos-dalys","70":"product_cat-audi-a6-c8-isores-kitos-dalys","71":"product_cat-audi-a4-b7-isores-kitos-dalys","72":"product_cat-audi-tt-8j-isores-kitos-dalys","73":"product_cat-audi-a6-c4-isores-kitos-dalys","74":"product_cat-audi-a3-8p-isores-kitos-dalys","75":"product_cat-audi-q2-ga-isores-kitos-dalys","76":"product_cat-audi-a4-b8-isores-kitos-dalys","77":"product_cat-audi-tt-8n-isores-kitos-dalys","78":"product_cat-audi-a6-c5-isores-kitos-dalys","79":"product_cat-audi-q2","80":"product_cat-audi-q3","81":"product_cat-audi-q5","83":"first","84":"instock","85":"shipping-taxable","86":"purchasable","87":"product-type-simple"},"yoast_head":"<!-- This site is optimized with the Yoast SEO Premium plugin v25.2 (Yoast SEO v27.4) - https:\/\/yoast.com\/product\/yoast-seo-premium-wordpress\/ -->\n<title>Audi A1 A3 A4 A5 A6 Q2 Q3 Q5 TT papildomas vandens siurblys - Erformance.eu<\/title>\n<meta name=\"robots\" content=\"index, follow, max-snippet:-1, max-image-preview:large, max-video-preview:-1\" \/>\n<link rel=\"canonical\" href=\"https:\/\/erformance.eu\/et\/toode\/audi-a1-a3-a4-a5-a6-q2-q3-q5-tt-papildomas-vandens-siurblys\/\" \/>\n<meta property=\"og:locale\" content=\"et_EE\" \/>\n<meta property=\"og:type\" content=\"article\" \/>\n<meta property=\"og:title\" content=\"Audi A1 A3 A4 A5 A6 Q2 Q3 Q5 TT papildomas vandens siurblys\" \/>\n<meta property=\"og:description\" content=\"1. Prek\u0117: Papildomas vandens siurblys2. Gamintojas: pakeitimas3. Automobilis: AudiA1 8XA3 8V, 8YA4 B8, B9A5 8T, F5A6 C7, C82 ketvir\u010dio GA,Q3 8U, F3Q5 8R, finansiniai metaiTT FV\" \/>\n<meta property=\"og:url\" content=\"https:\/\/erformance.eu\/et\/toode\/audi-a1-a3-a4-a5-a6-q2-q3-q5-tt-papildomas-vandens-siurblys\/\" \/>\n<meta property=\"og:site_name\" content=\"Erformance.eu\" \/>\n<meta property=\"article:modified_time\" content=\"2026-03-05T16:40:25+00:00\" \/>\n<meta property=\"og:image\" content=\"https:\/\/erformance.eu\/wp-content\/uploads\/2026\/02\/pol_pm_Audi-A1-A3-A4-A5-A6-Q2-Q3-Q5-TT-ddodatkowa-pompa-wody-36020_1.jpg\" \/>\n\t<meta property=\"og:image:width\" content=\"1200\" \/>\n\t<meta property=\"og:image:height\" content=\"1200\" \/>\n\t<meta property=\"og:image:type\" content=\"image\/jpeg\" \/>\n<meta name=\"twitter:card\" content=\"summary_large_image\" \/>\n<meta name=\"twitter:label1\" content=\"Est. reading time\" \/>\n\t<meta name=\"twitter:data1\" content=\"5 minutit\" \/>\n<script type=\"application\/ld+json\" class=\"yoast-schema-graph\">{\"@context\":\"https:\\\/\\\/schema.org\",\"@graph\":[{\"@type\":\"WebPage\",\"@id\":\"https:\\\/\\\/erformance.eu\\\/et\\\/toode\\\/audi-a1-a3-a4-a5-a6-q2-q3-q5-tt-papildomas-vandens-siurblys\\\/\",\"url\":\"https:\\\/\\\/erformance.eu\\\/et\\\/toode\\\/audi-a1-a3-a4-a5-a6-q2-q3-q5-tt-papildomas-vandens-siurblys\\\/\",\"name\":\"Audi A1 A3 A4 A5 A6 Q2 Q3 Q5 TT papildomas vandens siurblys - Erformance.eu\",\"isPartOf\":{\"@id\":\"https:\\\/\\\/erformance.eu\\\/et\\\/#website\"},\"primaryImageOfPage\":{\"@id\":\"https:\\\/\\\/erformance.eu\\\/et\\\/toode\\\/audi-a1-a3-a4-a5-a6-q2-q3-q5-tt-papildomas-vandens-siurblys\\\/#primaryimage\"},\"image\":{\"@id\":\"https:\\\/\\\/erformance.eu\\\/et\\\/toode\\\/audi-a1-a3-a4-a5-a6-q2-q3-q5-tt-papildomas-vandens-siurblys\\\/#primaryimage\"},\"thumbnailUrl\":\"https:\\\/\\\/erformance.eu\\\/wp-content\\\/uploads\\\/2026\\\/02\\\/pol_pm_Audi-A1-A3-A4-A5-A6-Q2-Q3-Q5-TT-ddodatkowa-pompa-wody-36020_1.jpg\",\"datePublished\":\"2026-02-16T11:27:06+00:00\",\"dateModified\":\"2026-03-05T16:40:25+00:00\",\"breadcrumb\":{\"@id\":\"https:\\\/\\\/erformance.eu\\\/et\\\/toode\\\/audi-a1-a3-a4-a5-a6-q2-q3-q5-tt-papildomas-vandens-siurblys\\\/#breadcrumb\"},\"inLanguage\":\"et\",\"potentialAction\":[{\"@type\":\"ReadAction\",\"target\":[\"https:\\\/\\\/erformance.eu\\\/et\\\/toode\\\/audi-a1-a3-a4-a5-a6-q2-q3-q5-tt-papildomas-vandens-siurblys\\\/\"]}]},{\"@type\":\"ImageObject\",\"inLanguage\":\"et\",\"@id\":\"https:\\\/\\\/erformance.eu\\\/et\\\/toode\\\/audi-a1-a3-a4-a5-a6-q2-q3-q5-tt-papildomas-vandens-siurblys\\\/#primaryimage\",\"url\":\"https:\\\/\\\/erformance.eu\\\/wp-content\\\/uploads\\\/2026\\\/02\\\/pol_pm_Audi-A1-A3-A4-A5-A6-Q2-Q3-Q5-TT-ddodatkowa-pompa-wody-36020_1.jpg\",\"contentUrl\":\"https:\\\/\\\/erformance.eu\\\/wp-content\\\/uploads\\\/2026\\\/02\\\/pol_pm_Audi-A1-A3-A4-A5-A6-Q2-Q3-Q5-TT-ddodatkowa-pompa-wody-36020_1.jpg\",\"width\":1200,\"height\":1200},{\"@type\":\"BreadcrumbList\",\"@id\":\"https:\\\/\\\/erformance.eu\\\/et\\\/toode\\\/audi-a1-a3-a4-a5-a6-q2-q3-q5-tt-papildomas-vandens-siurblys\\\/#breadcrumb\",\"itemListElement\":[{\"@type\":\"ListItem\",\"position\":1,\"name\":\"Home\",\"item\":\"https:\\\/\\\/erformance.eu\\\/et\\\/\"},{\"@type\":\"ListItem\",\"position\":2,\"name\":\"Pood\",\"item\":\"https:\\\/\\\/erformance.eu\\\/et\\\/pood\\\/\"},{\"@type\":\"ListItem\",\"position\":3,\"name\":\"Audi A1 A3 A4 A5 A6 Q2 Q3 Q5 TT papildomas vandens siurblys\"}]},{\"@type\":\"WebSite\",\"@id\":\"https:\\\/\\\/erformance.eu\\\/et\\\/#website\",\"url\":\"https:\\\/\\\/erformance.eu\\\/et\\\/\",\"name\":\"Erformance.eu\",\"description\":\"Automobili\u0173 dali\u0173 parduotuv\u0117\",\"potentialAction\":[{\"@type\":\"SearchAction\",\"target\":{\"@type\":\"EntryPoint\",\"urlTemplate\":\"https:\\\/\\\/erformance.eu\\\/et\\\/?s={search_term_string}\"},\"query-input\":{\"@type\":\"PropertyValueSpecification\",\"valueRequired\":true,\"valueName\":\"search_term_string\"}}],\"inLanguage\":\"et\"}]}<\/script>\n<!-- \/ Yoast SEO Premium plugin. -->","yoast_head_json":{"title":"Audi A1 A3 A4 A5 A6 Q2 Q3 Q5 TT papildomas vandens siurblys - Erformance.eu","robots":{"index":"index","follow":"follow","max-snippet":"max-snippet:-1","max-image-preview":"max-image-preview:large","max-video-preview":"max-video-preview:-1"},"canonical":"https:\/\/erformance.eu\/et\/toode\/audi-a1-a3-a4-a5-a6-q2-q3-q5-tt-papildomas-vandens-siurblys\/","og_locale":"et_EE","og_type":"article","og_title":"Audi A1 A3 A4 A5 A6 Q2 Q3 Q5 TT papildomas vandens siurblys","og_description":"1. Prek\u0117: Papildomas vandens siurblys2. Gamintojas: pakeitimas3. Automobilis: AudiA1 8XA3 8V, 8YA4 B8, B9A5 8T, F5A6 C7, C82 ketvir\u010dio GA,Q3 8U, F3Q5 8R, finansiniai metaiTT FV","og_url":"https:\/\/erformance.eu\/et\/toode\/audi-a1-a3-a4-a5-a6-q2-q3-q5-tt-papildomas-vandens-siurblys\/","og_site_name":"Erformance.eu","article_modified_time":"2026-03-05T16:40:25+00:00","og_image":[{"width":1200,"height":1200,"url":"https:\/\/erformance.eu\/wp-content\/uploads\/2026\/02\/pol_pm_Audi-A1-A3-A4-A5-A6-Q2-Q3-Q5-TT-ddodatkowa-pompa-wody-36020_1.jpg","type":"image\/jpeg"}],"twitter_card":"summary_large_image","twitter_misc":{"Est. reading time":"5 minutit"},"schema":{"@context":"https:\/\/schema.org","@graph":[{"@type":"WebPage","@id":"https:\/\/erformance.eu\/et\/toode\/audi-a1-a3-a4-a5-a6-q2-q3-q5-tt-papildomas-vandens-siurblys\/","url":"https:\/\/erformance.eu\/et\/toode\/audi-a1-a3-a4-a5-a6-q2-q3-q5-tt-papildomas-vandens-siurblys\/","name":"Audi A1 A3 A4 A5 A6 Q2 Q3 Q5 TT papildomas vandens siurblys - Erformance.eu","isPartOf":{"@id":"https:\/\/erformance.eu\/et\/#website"},"primaryImageOfPage":{"@id":"https:\/\/erformance.eu\/et\/toode\/audi-a1-a3-a4-a5-a6-q2-q3-q5-tt-papildomas-vandens-siurblys\/#primaryimage"},"image":{"@id":"https:\/\/erformance.eu\/et\/toode\/audi-a1-a3-a4-a5-a6-q2-q3-q5-tt-papildomas-vandens-siurblys\/#primaryimage"},"thumbnailUrl":"https:\/\/erformance.eu\/wp-content\/uploads\/2026\/02\/pol_pm_Audi-A1-A3-A4-A5-A6-Q2-Q3-Q5-TT-ddodatkowa-pompa-wody-36020_1.jpg","datePublished":"2026-02-16T11:27:06+00:00","dateModified":"2026-03-05T16:40:25+00:00","breadcrumb":{"@id":"https:\/\/erformance.eu\/et\/toode\/audi-a1-a3-a4-a5-a6-q2-q3-q5-tt-papildomas-vandens-siurblys\/#breadcrumb"},"inLanguage":"et","potentialAction":[{"@type":"ReadAction","target":["https:\/\/erformance.eu\/et\/toode\/audi-a1-a3-a4-a5-a6-q2-q3-q5-tt-papildomas-vandens-siurblys\/"]}]},{"@type":"ImageObject","inLanguage":"et","@id":"https:\/\/erformance.eu\/et\/toode\/audi-a1-a3-a4-a5-a6-q2-q3-q5-tt-papildomas-vandens-siurblys\/#primaryimage","url":"https:\/\/erformance.eu\/wp-content\/uploads\/2026\/02\/pol_pm_Audi-A1-A3-A4-A5-A6-Q2-Q3-Q5-TT-ddodatkowa-pompa-wody-36020_1.jpg","contentUrl":"https:\/\/erformance.eu\/wp-content\/uploads\/2026\/02\/pol_pm_Audi-A1-A3-A4-A5-A6-Q2-Q3-Q5-TT-ddodatkowa-pompa-wody-36020_1.jpg","width":1200,"height":1200},{"@type":"BreadcrumbList","@id":"https:\/\/erformance.eu\/et\/toode\/audi-a1-a3-a4-a5-a6-q2-q3-q5-tt-papildomas-vandens-siurblys\/#breadcrumb","itemListElement":[{"@type":"ListItem","position":1,"name":"Home","item":"https:\/\/erformance.eu\/et\/"},{"@type":"ListItem","position":2,"name":"Pood","item":"https:\/\/erformance.eu\/et\/pood\/"},{"@type":"ListItem","position":3,"name":"Audi A1 A3 A4 A5 A6 Q2 Q3 Q5 TT papildomas vandens siurblys"}]},{"@type":"WebSite","@id":"https:\/\/erformance.eu\/et\/#website","url":"https:\/\/erformance.eu\/et\/","name":"Erformance.eu","description":"Automobili\u0173 dali\u0173 parduotuv\u0117","potentialAction":[{"@type":"SearchAction","target":{"@type":"EntryPoint","urlTemplate":"https:\/\/erformance.eu\/et\/?s={search_term_string}"},"query-input":{"@type":"PropertyValueSpecification","valueRequired":true,"valueName":"search_term_string"}}],"inLanguage":"et"}]}},"jetpack_sharing_enabled":true,"_links":{"self":[{"href":"https:\/\/erformance.eu\/et\/wp-json\/wp\/v2\/product\/57290","targetHints":{"allow":["GET"]}}],"collection":[{"href":"https:\/\/erformance.eu\/et\/wp-json\/wp\/v2\/product"}],"about":[{"href":"https:\/\/erformance.eu\/et\/wp-json\/wp\/v2\/types\/product"}],"replies":[{"embeddable":true,"href":"https:\/\/erformance.eu\/et\/wp-json\/wp\/v2\/comments?post=57290"}],"version-history":[{"count":1,"href":"https:\/\/erformance.eu\/et\/wp-json\/wp\/v2\/product\/57290\/revisions"}],"predecessor-version":[{"id":57291,"href":"https:\/\/erformance.eu\/et\/wp-json\/wp\/v2\/product\/57290\/revisions\/57291"}],"wp:featuredmedia":[{"embeddable":true,"href":"https:\/\/erformance.eu\/et\/wp-json\/wp\/v2\/media\/53833"}],"wp:attachment":[{"href":"https:\/\/erformance.eu\/et\/wp-json\/wp\/v2\/media?parent=57290"}],"wp:term":[{"taxonomy":"product_brand","embeddable":true,"href":"https:\/\/erformance.eu\/et\/wp-json\/wp\/v2\/product_brand?post=57290"},{"taxonomy":"product_cat","embeddable":true,"href":"https:\/\/erformance.eu\/et\/wp-json\/wp\/v2\/product_cat?post=57290"},{"taxonomy":"product_tag","embeddable":true,"href":"https:\/\/erformance.eu\/et\/wp-json\/wp\/v2\/product_tag?post=57290"}],"curies":[{"name":"wp","href":"https:\/\/api.w.org\/{rel}","templated":true}]}}