{"id":57318,"date":"2026-02-16T14:27:24","date_gmt":"2026-02-16T11:27:24","guid":{"rendered":"https:\/\/erformance.eu\/?post_type=product&#038;p=57318"},"modified":"2026-03-25T12:34:59","modified_gmt":"2026-03-25T09:34:59","slug":"audi-a6-c7-2011-desines-puses-priekinio-zibinto-apliejiklis","status":"publish","type":"product","link":"https:\/\/erformance.eu\/et\/toode\/audi-a6-c7-2011-desines-puses-priekinio-zibinto-apliejiklis\/","title":{"rendered":"Audi A6 C7 2011- de\u0161in\u0117s pus\u0117s priekinio \u017eibinto apliejiklis"},"content":{"rendered":"<p>Prek\u0117: Priekini\u0173 \u017eibint\u0173 ploviklis<br \/>\nPus\u0117: De\u0161in\u0117 (keleivio pus\u0117)<br \/>\nOE numeris: 4G0955102<br \/>\n\u201eAudi A6 C7\u201c (4G2, 4GC), modeliai, pagaminti nuo 2011 m.<\/p>\n<p>2.0 TDI; 1968 cm\u00b3 \u2013 190 AG \/ 140 kW; variklis: CNHA, CZJA, DDDA<br \/>\n2.0 TDI; 1968 cm\u00b3 \u2013 177 AG \/ 130 kW; variklis: CGLC, CMGB<br \/>\n2.0 TDI; 1968 cm\u00b3 \u2013 163 AG \/ 120 kW; variklis: CGLD<br \/>\n2.0 TFSI; 1984 cm\u00b3 \u2013 180 AG \/ 132 kW; variklis: CDNB<br \/>\n2.0 TFSI; 1984 cm\u00b3 \u2013 211 AG \/ 155 kW; variklis: CAEB<br \/>\n2.0 TFSI hibridas; 1984 cm\u00b3 \u2013 211 AG \/ 155 kW; variklis: CHJA<br \/>\n2.0 TFSI quattro; 1984 cm\u00b3 \u2013 211 AG \/ 155 kW; variklis: CAEB<br \/>\n2.8 FSI; 2773 ccm &#8211; 204 AG \/ 150 kW; variklis: CHVA<br \/>\n2.8 FSI quattro; 2773 ccm &#8211; 204 AG \/ 150 kW; variklis: CHVA<br \/>\n3.0 TDI; 2967 ccm &#8211; 204 AG \/ 150 kW; variklis: CLAB<br \/>\n3.0 TDI quattro; 2967 cm\u00b3 \u2013 245 AG \/ 180 kW; variklis: CDUC, CKVB, CKVC, CDUD<br \/>\n3.0 TDI quattro; 2967 cm\u00b3 \u2013 313 AG \/ 230 kW; variklis: CGQB<br \/>\n3.0 TDI quattro; 2967 ccm &#8211; 204 AG \/ 150 kW; variklis: CLAA<br \/>\n3.0 TFSI quattro; 2995 cm\u00b3 \u2013 300 AG \/ 220 kW; variklis: CGWB<br \/>\n3.0 TFSI quattro; 2995 cm\u00b3 \u2013 310 AG \/ 228 kW; variklis: CGXB, CTUA, CGWD<br \/>\nS6 quattro; 3993 cm\u00b3 \u2013 420 AG \/ 309 kW; variklis: CEUC<\/p>\n<p>\u201eAudi A6 C7 Avant\u201c (4G5, 4GD), modeliai, pagaminti nuo 2011 m.<\/p>\n<p>2.0 TDI; 1968 cm\u00b3 \u2013 190 AG \/ 140 kW; variklis: CNHA, CZJA, DDDA<br \/>\n2.0 TDI; 1968 cm\u00b3 \u2013 177 AG \/ 130 kW; variklis: CGLC, CMGB<br \/>\n2.0 TDI; 1968 cm\u00b3 \u2013 163 AG \/ 120 kW; variklis: CGLD<br \/>\n2.0 TFSI; 1984 cm\u00b3 \u2013 180 AG \/ 132 kW; variklis: CDNB<br \/>\n2.8 FSI; 2773 ccm &#8211; 204 AG \/ 150 KW; variklis: CHVA<br \/>\n2.8 FSI quattro; 2773 ccm &#8211; 204 AG \/ 150 KW; variklis: CHVA<br \/>\n3.0 TDI; 2967 ccm &#8211; 204 AG \/ 150 KW; variklis: CLAB<br \/>\n3.0 TDI quattro; 2967 cm\u00b3 \u2013 313 AG \/ 230 kW; variklis: CGQB<br \/>\n3.0 TDI quattro; 2967 cm\u00b3 \u2013 245 AG \/ 180 kW; variklis: CDUC, CKVB, CKVC, CDUD<br \/>\n3.0 TDI quattro; 2967 ccm &#8211; 204 AG \/ 150 KW; variklis: CLAA<br \/>\n3.0 TFSI quattro; 2995 cm\u00b3 \u2013 310 AG \/ 228 kW; variklis: CGWD<br \/>\n3.0 TFSI quattro; 2995 cm\u00b3 \u2013 300 AG \/ 220 kW; variklis: CGWB<br \/>\nRS6 quattro; 3993 ccm &#8211; 560 AG \/ 412 KW; variklis: CRDB, CWUB<br \/>\nS6 quattro; 3993 cm\u00b3 \u2013 420 AG \/ 309 kW; variklis: CEUC<\/p>\n<p>Gamintojas: pakaitalas<br \/>\nTechnin\u0117 b\u016bkl\u0117: prek\u0117 yra visi\u0161kai nauja, nenaudota, nepa\u017eeista ir nesugadinta<\/p>\n","protected":false},"excerpt":{"rendered":"<p>1. Prek\u0117: Priekini\u0173 \u017eibint\u0173 ploviklis2. Pus\u0117: de\u0161in\u01173. Gamintojas: pakeitimas4. Automobilis: Audi A6 C75. Pagaminimo metai: 2011\u2013<\/p>\n","protected":false},"featured_media":53962,"comment_status":"open","ping_status":"closed","template":"","meta":[],"product_brand":[],"product_cat":[394,144,4085,3919,3958,4280],"product_tag":[],"class_list":{"0":"post-57318","1":"product","2":"type-product","3":"status-publish","4":"has-post-thumbnail","6":"product_cat-audi-a6","7":"product_cat-audi","8":"product_cat-audi-a6-c7-bamperiai-ju-dalys","9":"product_cat-audi-a6-c7","10":"product_cat-audi-a6-c7-isores-dalys","11":"product_cat-audi-a6-c7-zibintai-apsvietimas","13":"first","14":"instock","15":"shipping-taxable","16":"purchasable","17":"product-type-simple"},"yoast_head":"<!-- This site is optimized with the Yoast SEO Premium plugin v25.2 (Yoast SEO v27.4) - https:\/\/yoast.com\/product\/yoast-seo-premium-wordpress\/ -->\n<title>Audi A6 C7 2011- de\u0161in\u0117s pus\u0117s priekinio \u017eibinto apliejiklis - Erformance.eu<\/title>\n<meta name=\"robots\" content=\"index, follow, max-snippet:-1, max-image-preview:large, max-video-preview:-1\" \/>\n<link rel=\"canonical\" href=\"https:\/\/erformance.eu\/et\/toode\/audi-a6-c7-2011-desines-puses-priekinio-zibinto-apliejiklis\/\" \/>\n<meta property=\"og:locale\" content=\"et_EE\" \/>\n<meta property=\"og:type\" content=\"article\" \/>\n<meta property=\"og:title\" content=\"Audi A6 C7 2011- de\u0161in\u0117s pus\u0117s priekinio \u017eibinto apliejiklis\" \/>\n<meta property=\"og:description\" content=\"1. Prek\u0117: Priekini\u0173 \u017eibint\u0173 ploviklis2. Pus\u0117: de\u0161in\u01173. Gamintojas: pakeitimas4. Automobilis: Audi A6 C75. Pagaminimo metai: 2011\u2013\" \/>\n<meta property=\"og:url\" content=\"https:\/\/erformance.eu\/et\/toode\/audi-a6-c7-2011-desines-puses-priekinio-zibinto-apliejiklis\/\" \/>\n<meta property=\"og:site_name\" content=\"Erformance.eu\" \/>\n<meta property=\"article:modified_time\" content=\"2026-03-25T09:34:59+00:00\" \/>\n<meta property=\"og:image\" content=\"https:\/\/erformance.eu\/wp-content\/uploads\/2026\/02\/pol_pm_Audi-A6-C7-2011-spryskiwacz-reflektora-prawy-16387_1.jpg\" \/>\n\t<meta property=\"og:image:width\" content=\"1200\" \/>\n\t<meta property=\"og:image:height\" content=\"900\" \/>\n\t<meta property=\"og:image:type\" content=\"image\/jpeg\" \/>\n<meta name=\"twitter:card\" content=\"summary_large_image\" \/>\n<meta name=\"twitter:label1\" content=\"Est. reading time\" \/>\n\t<meta name=\"twitter:data1\" content=\"1 minut\" \/>\n<script type=\"application\/ld+json\" class=\"yoast-schema-graph\">{\"@context\":\"https:\\\/\\\/schema.org\",\"@graph\":[{\"@type\":\"WebPage\",\"@id\":\"https:\\\/\\\/erformance.eu\\\/et\\\/toode\\\/audi-a6-c7-2011-desines-puses-priekinio-zibinto-apliejiklis\\\/\",\"url\":\"https:\\\/\\\/erformance.eu\\\/et\\\/toode\\\/audi-a6-c7-2011-desines-puses-priekinio-zibinto-apliejiklis\\\/\",\"name\":\"Audi A6 C7 2011- de\u0161in\u0117s pus\u0117s priekinio \u017eibinto apliejiklis - Erformance.eu\",\"isPartOf\":{\"@id\":\"https:\\\/\\\/erformance.eu\\\/et\\\/#website\"},\"primaryImageOfPage\":{\"@id\":\"https:\\\/\\\/erformance.eu\\\/et\\\/toode\\\/audi-a6-c7-2011-desines-puses-priekinio-zibinto-apliejiklis\\\/#primaryimage\"},\"image\":{\"@id\":\"https:\\\/\\\/erformance.eu\\\/et\\\/toode\\\/audi-a6-c7-2011-desines-puses-priekinio-zibinto-apliejiklis\\\/#primaryimage\"},\"thumbnailUrl\":\"https:\\\/\\\/erformance.eu\\\/wp-content\\\/uploads\\\/2026\\\/02\\\/pol_pm_Audi-A6-C7-2011-spryskiwacz-reflektora-prawy-16387_1.jpg\",\"datePublished\":\"2026-02-16T11:27:24+00:00\",\"dateModified\":\"2026-03-25T09:34:59+00:00\",\"breadcrumb\":{\"@id\":\"https:\\\/\\\/erformance.eu\\\/et\\\/toode\\\/audi-a6-c7-2011-desines-puses-priekinio-zibinto-apliejiklis\\\/#breadcrumb\"},\"inLanguage\":\"et\",\"potentialAction\":[{\"@type\":\"ReadAction\",\"target\":[\"https:\\\/\\\/erformance.eu\\\/et\\\/toode\\\/audi-a6-c7-2011-desines-puses-priekinio-zibinto-apliejiklis\\\/\"]}]},{\"@type\":\"ImageObject\",\"inLanguage\":\"et\",\"@id\":\"https:\\\/\\\/erformance.eu\\\/et\\\/toode\\\/audi-a6-c7-2011-desines-puses-priekinio-zibinto-apliejiklis\\\/#primaryimage\",\"url\":\"https:\\\/\\\/erformance.eu\\\/wp-content\\\/uploads\\\/2026\\\/02\\\/pol_pm_Audi-A6-C7-2011-spryskiwacz-reflektora-prawy-16387_1.jpg\",\"contentUrl\":\"https:\\\/\\\/erformance.eu\\\/wp-content\\\/uploads\\\/2026\\\/02\\\/pol_pm_Audi-A6-C7-2011-spryskiwacz-reflektora-prawy-16387_1.jpg\",\"width\":1200,\"height\":900},{\"@type\":\"BreadcrumbList\",\"@id\":\"https:\\\/\\\/erformance.eu\\\/et\\\/toode\\\/audi-a6-c7-2011-desines-puses-priekinio-zibinto-apliejiklis\\\/#breadcrumb\",\"itemListElement\":[{\"@type\":\"ListItem\",\"position\":1,\"name\":\"Home\",\"item\":\"https:\\\/\\\/erformance.eu\\\/et\\\/\"},{\"@type\":\"ListItem\",\"position\":2,\"name\":\"Pood\",\"item\":\"https:\\\/\\\/erformance.eu\\\/et\\\/pood\\\/\"},{\"@type\":\"ListItem\",\"position\":3,\"name\":\"Audi A6 C7 2011- de\u0161in\u0117s pus\u0117s priekinio \u017eibinto apliejiklis\"}]},{\"@type\":\"WebSite\",\"@id\":\"https:\\\/\\\/erformance.eu\\\/et\\\/#website\",\"url\":\"https:\\\/\\\/erformance.eu\\\/et\\\/\",\"name\":\"Erformance.eu\",\"description\":\"Automobili\u0173 dali\u0173 parduotuv\u0117\",\"potentialAction\":[{\"@type\":\"SearchAction\",\"target\":{\"@type\":\"EntryPoint\",\"urlTemplate\":\"https:\\\/\\\/erformance.eu\\\/et\\\/?s={search_term_string}\"},\"query-input\":{\"@type\":\"PropertyValueSpecification\",\"valueRequired\":true,\"valueName\":\"search_term_string\"}}],\"inLanguage\":\"et\"}]}<\/script>\n<!-- \/ Yoast SEO Premium plugin. -->","yoast_head_json":{"title":"Audi A6 C7 2011- de\u0161in\u0117s pus\u0117s priekinio \u017eibinto apliejiklis - Erformance.eu","robots":{"index":"index","follow":"follow","max-snippet":"max-snippet:-1","max-image-preview":"max-image-preview:large","max-video-preview":"max-video-preview:-1"},"canonical":"https:\/\/erformance.eu\/et\/toode\/audi-a6-c7-2011-desines-puses-priekinio-zibinto-apliejiklis\/","og_locale":"et_EE","og_type":"article","og_title":"Audi A6 C7 2011- de\u0161in\u0117s pus\u0117s priekinio \u017eibinto apliejiklis","og_description":"1. Prek\u0117: Priekini\u0173 \u017eibint\u0173 ploviklis2. Pus\u0117: de\u0161in\u01173. Gamintojas: pakeitimas4. Automobilis: Audi A6 C75. Pagaminimo metai: 2011\u2013","og_url":"https:\/\/erformance.eu\/et\/toode\/audi-a6-c7-2011-desines-puses-priekinio-zibinto-apliejiklis\/","og_site_name":"Erformance.eu","article_modified_time":"2026-03-25T09:34:59+00:00","og_image":[{"width":1200,"height":900,"url":"https:\/\/erformance.eu\/wp-content\/uploads\/2026\/02\/pol_pm_Audi-A6-C7-2011-spryskiwacz-reflektora-prawy-16387_1.jpg","type":"image\/jpeg"}],"twitter_card":"summary_large_image","twitter_misc":{"Est. reading time":"1 minut"},"schema":{"@context":"https:\/\/schema.org","@graph":[{"@type":"WebPage","@id":"https:\/\/erformance.eu\/et\/toode\/audi-a6-c7-2011-desines-puses-priekinio-zibinto-apliejiklis\/","url":"https:\/\/erformance.eu\/et\/toode\/audi-a6-c7-2011-desines-puses-priekinio-zibinto-apliejiklis\/","name":"Audi A6 C7 2011- de\u0161in\u0117s pus\u0117s priekinio \u017eibinto apliejiklis - Erformance.eu","isPartOf":{"@id":"https:\/\/erformance.eu\/et\/#website"},"primaryImageOfPage":{"@id":"https:\/\/erformance.eu\/et\/toode\/audi-a6-c7-2011-desines-puses-priekinio-zibinto-apliejiklis\/#primaryimage"},"image":{"@id":"https:\/\/erformance.eu\/et\/toode\/audi-a6-c7-2011-desines-puses-priekinio-zibinto-apliejiklis\/#primaryimage"},"thumbnailUrl":"https:\/\/erformance.eu\/wp-content\/uploads\/2026\/02\/pol_pm_Audi-A6-C7-2011-spryskiwacz-reflektora-prawy-16387_1.jpg","datePublished":"2026-02-16T11:27:24+00:00","dateModified":"2026-03-25T09:34:59+00:00","breadcrumb":{"@id":"https:\/\/erformance.eu\/et\/toode\/audi-a6-c7-2011-desines-puses-priekinio-zibinto-apliejiklis\/#breadcrumb"},"inLanguage":"et","potentialAction":[{"@type":"ReadAction","target":["https:\/\/erformance.eu\/et\/toode\/audi-a6-c7-2011-desines-puses-priekinio-zibinto-apliejiklis\/"]}]},{"@type":"ImageObject","inLanguage":"et","@id":"https:\/\/erformance.eu\/et\/toode\/audi-a6-c7-2011-desines-puses-priekinio-zibinto-apliejiklis\/#primaryimage","url":"https:\/\/erformance.eu\/wp-content\/uploads\/2026\/02\/pol_pm_Audi-A6-C7-2011-spryskiwacz-reflektora-prawy-16387_1.jpg","contentUrl":"https:\/\/erformance.eu\/wp-content\/uploads\/2026\/02\/pol_pm_Audi-A6-C7-2011-spryskiwacz-reflektora-prawy-16387_1.jpg","width":1200,"height":900},{"@type":"BreadcrumbList","@id":"https:\/\/erformance.eu\/et\/toode\/audi-a6-c7-2011-desines-puses-priekinio-zibinto-apliejiklis\/#breadcrumb","itemListElement":[{"@type":"ListItem","position":1,"name":"Home","item":"https:\/\/erformance.eu\/et\/"},{"@type":"ListItem","position":2,"name":"Pood","item":"https:\/\/erformance.eu\/et\/pood\/"},{"@type":"ListItem","position":3,"name":"Audi A6 C7 2011- de\u0161in\u0117s pus\u0117s priekinio \u017eibinto apliejiklis"}]},{"@type":"WebSite","@id":"https:\/\/erformance.eu\/et\/#website","url":"https:\/\/erformance.eu\/et\/","name":"Erformance.eu","description":"Automobili\u0173 dali\u0173 parduotuv\u0117","potentialAction":[{"@type":"SearchAction","target":{"@type":"EntryPoint","urlTemplate":"https:\/\/erformance.eu\/et\/?s={search_term_string}"},"query-input":{"@type":"PropertyValueSpecification","valueRequired":true,"valueName":"search_term_string"}}],"inLanguage":"et"}]}},"jetpack_sharing_enabled":true,"_links":{"self":[{"href":"https:\/\/erformance.eu\/et\/wp-json\/wp\/v2\/product\/57318","targetHints":{"allow":["GET"]}}],"collection":[{"href":"https:\/\/erformance.eu\/et\/wp-json\/wp\/v2\/product"}],"about":[{"href":"https:\/\/erformance.eu\/et\/wp-json\/wp\/v2\/types\/product"}],"replies":[{"embeddable":true,"href":"https:\/\/erformance.eu\/et\/wp-json\/wp\/v2\/comments?post=57318"}],"version-history":[{"count":1,"href":"https:\/\/erformance.eu\/et\/wp-json\/wp\/v2\/product\/57318\/revisions"}],"predecessor-version":[{"id":57319,"href":"https:\/\/erformance.eu\/et\/wp-json\/wp\/v2\/product\/57318\/revisions\/57319"}],"wp:featuredmedia":[{"embeddable":true,"href":"https:\/\/erformance.eu\/et\/wp-json\/wp\/v2\/media\/53962"}],"wp:attachment":[{"href":"https:\/\/erformance.eu\/et\/wp-json\/wp\/v2\/media?parent=57318"}],"wp:term":[{"taxonomy":"product_brand","embeddable":true,"href":"https:\/\/erformance.eu\/et\/wp-json\/wp\/v2\/product_brand?post=57318"},{"taxonomy":"product_cat","embeddable":true,"href":"https:\/\/erformance.eu\/et\/wp-json\/wp\/v2\/product_cat?post=57318"},{"taxonomy":"product_tag","embeddable":true,"href":"https:\/\/erformance.eu\/et\/wp-json\/wp\/v2\/product_tag?post=57318"}],"curies":[{"name":"wp","href":"https:\/\/api.w.org\/{rel}","templated":true}]}}