{"id":57326,"date":"2026-02-16T14:27:29","date_gmt":"2026-02-16T11:27:29","guid":{"rendered":"https:\/\/erformance.eu\/?post_type=product&#038;p=57326"},"modified":"2026-03-25T12:34:30","modified_gmt":"2026-03-25T09:34:30","slug":"audi-a6-c5-97-05-centrinis-uzraktas-priekinems-desinems-durims","status":"publish","type":"product","link":"https:\/\/erformance.eu\/et\/toode\/audi-a6-c5-97-05-centrinis-uzraktas-priekinems-desinems-durims\/","title":{"rendered":"Audi A6 C5 97-05 centrinis u\u017eraktas priekin\u0117ms de\u0161in\u0117ms durims"},"content":{"rendered":"<p>Prek\u0117: Priekini\u0173 dur\u0173 centrinio u\u017erakto pavara<br \/>\nPus\u0117: De\u0161in\u0117 (keleivio pus\u0117)<br \/>\nOriginalus numeris:<\/p>\n<p>4B1837016G<br \/>\n4B0837016B<br \/>\n4B1837016B<br \/>\n401837016<br \/>\n8E1837016<\/p>\n<p>PASTABA: auk\u0161\u010diau pateikti numeriai yra original\u016bs dali\u0173 numeriai, kuriuos \u0161is pasi\u016blymas pakei\u010dia. Prie\u0161 pirkdami, palyginkite juos su originaliu dalies numeriu. Jei jie skiriasi net vienu simboliu, dalis netiks, neveiks arba veiks netinkamai. Tokiu atveju jos nepirkite.<br \/>\nAutomobilis:<\/p>\n<p>Audi A4 B6 (8E2), pagaminimo metai: 2000\u20132004<br \/>\nAudi A4 B6 Avant (8E5), gamybos metai: 2001-2004<br \/>\nAudi A6 C5 (4B2), pagaminimo metai: 1997\u20132005<br \/>\nAudi A6 C5 Avant (4B5), gamybos metai: 1997-2005<br \/>\nAudi ALLROAD C5 (4BH), pagaminimo metai: 2000\u20132005<\/p>\n<p>Gamintojas: pakaitalas<br \/>\nTechnin\u0117 b\u016bkl\u0117: prek\u0117 yra visi\u0161kai nauja, nenaudota, nepa\u017eeista ir nesugadinta<br \/>\nPastaba: 9 kontakt\u0173 ki\u0161tukas<\/p>\n","protected":false},"excerpt":{"rendered":"<p>1. Prek\u0117: Centrinis priekini\u0173 dur\u0173 u\u017eraktas2. Pus\u0117: de\u0161in\u01172. Gamintojas: pakeitimas3. Automobilis:* Audi A4 B6 00-04* Audi A6 C5 97-05<\/p>\n","protected":false},"featured_media":53988,"comment_status":"open","ping_status":"closed","template":"","meta":[],"product_brand":[],"product_cat":[394,144,3917,3956,4161,4356],"product_tag":[],"class_list":{"0":"post-57326","1":"product","2":"type-product","3":"status-publish","4":"has-post-thumbnail","6":"product_cat-audi-a6","7":"product_cat-audi","8":"product_cat-audi-a6-c5","9":"product_cat-audi-a6-c5-isores-dalys","10":"product_cat-audi-a6-c5-isores-kitos-dalys","11":"product_cat-audi-a6-c5-mechanizmai-valytuvai","13":"first","14":"instock","15":"shipping-taxable","16":"purchasable","17":"product-type-simple"},"yoast_head":"<!-- This site is optimized with the Yoast SEO Premium plugin v25.2 (Yoast SEO v27.4) - https:\/\/yoast.com\/product\/yoast-seo-premium-wordpress\/ -->\n<title>Audi A6 C5 97-05 centrinis u\u017eraktas priekin\u0117ms de\u0161in\u0117ms durims - Erformance.eu<\/title>\n<meta name=\"robots\" content=\"index, follow, max-snippet:-1, max-image-preview:large, max-video-preview:-1\" \/>\n<link rel=\"canonical\" href=\"https:\/\/erformance.eu\/et\/toode\/audi-a6-c5-97-05-centrinis-uzraktas-priekinems-desinems-durims\/\" \/>\n<meta property=\"og:locale\" content=\"et_EE\" \/>\n<meta property=\"og:type\" content=\"article\" \/>\n<meta property=\"og:title\" content=\"Audi A6 C5 97-05 centrinis u\u017eraktas priekin\u0117ms de\u0161in\u0117ms durims\" \/>\n<meta property=\"og:description\" content=\"1. Prek\u0117: Centrinis priekini\u0173 dur\u0173 u\u017eraktas2. Pus\u0117: de\u0161in\u01172. Gamintojas: pakeitimas3. Automobilis:* Audi A4 B6 00-04* Audi A6 C5 97-05\" \/>\n<meta property=\"og:url\" content=\"https:\/\/erformance.eu\/et\/toode\/audi-a6-c5-97-05-centrinis-uzraktas-priekinems-desinems-durims\/\" \/>\n<meta property=\"og:site_name\" content=\"Erformance.eu\" \/>\n<meta property=\"article:modified_time\" content=\"2026-03-25T09:34:30+00:00\" \/>\n<meta property=\"og:image\" content=\"https:\/\/erformance.eu\/wp-content\/uploads\/2026\/02\/pol_pm_Audi-A6-C5-97-05-centralny-zamek-drzwi-przednich-prawy-30336_1.jpg\" \/>\n\t<meta property=\"og:image:width\" content=\"800\" \/>\n\t<meta property=\"og:image:height\" content=\"600\" \/>\n\t<meta property=\"og:image:type\" content=\"image\/jpeg\" \/>\n<meta name=\"twitter:card\" content=\"summary_large_image\" \/>\n<meta name=\"twitter:label1\" content=\"Est. reading time\" \/>\n\t<meta name=\"twitter:data1\" content=\"1 minut\" \/>\n<script type=\"application\/ld+json\" class=\"yoast-schema-graph\">{\"@context\":\"https:\\\/\\\/schema.org\",\"@graph\":[{\"@type\":\"WebPage\",\"@id\":\"https:\\\/\\\/erformance.eu\\\/et\\\/toode\\\/audi-a6-c5-97-05-centrinis-uzraktas-priekinems-desinems-durims\\\/\",\"url\":\"https:\\\/\\\/erformance.eu\\\/et\\\/toode\\\/audi-a6-c5-97-05-centrinis-uzraktas-priekinems-desinems-durims\\\/\",\"name\":\"Audi A6 C5 97-05 centrinis u\u017eraktas priekin\u0117ms de\u0161in\u0117ms durims - Erformance.eu\",\"isPartOf\":{\"@id\":\"https:\\\/\\\/erformance.eu\\\/et\\\/#website\"},\"primaryImageOfPage\":{\"@id\":\"https:\\\/\\\/erformance.eu\\\/et\\\/toode\\\/audi-a6-c5-97-05-centrinis-uzraktas-priekinems-desinems-durims\\\/#primaryimage\"},\"image\":{\"@id\":\"https:\\\/\\\/erformance.eu\\\/et\\\/toode\\\/audi-a6-c5-97-05-centrinis-uzraktas-priekinems-desinems-durims\\\/#primaryimage\"},\"thumbnailUrl\":\"https:\\\/\\\/erformance.eu\\\/wp-content\\\/uploads\\\/2026\\\/02\\\/pol_pm_Audi-A6-C5-97-05-centralny-zamek-drzwi-przednich-prawy-30336_1.jpg\",\"datePublished\":\"2026-02-16T11:27:29+00:00\",\"dateModified\":\"2026-03-25T09:34:30+00:00\",\"breadcrumb\":{\"@id\":\"https:\\\/\\\/erformance.eu\\\/et\\\/toode\\\/audi-a6-c5-97-05-centrinis-uzraktas-priekinems-desinems-durims\\\/#breadcrumb\"},\"inLanguage\":\"et\",\"potentialAction\":[{\"@type\":\"ReadAction\",\"target\":[\"https:\\\/\\\/erformance.eu\\\/et\\\/toode\\\/audi-a6-c5-97-05-centrinis-uzraktas-priekinems-desinems-durims\\\/\"]}]},{\"@type\":\"ImageObject\",\"inLanguage\":\"et\",\"@id\":\"https:\\\/\\\/erformance.eu\\\/et\\\/toode\\\/audi-a6-c5-97-05-centrinis-uzraktas-priekinems-desinems-durims\\\/#primaryimage\",\"url\":\"https:\\\/\\\/erformance.eu\\\/wp-content\\\/uploads\\\/2026\\\/02\\\/pol_pm_Audi-A6-C5-97-05-centralny-zamek-drzwi-przednich-prawy-30336_1.jpg\",\"contentUrl\":\"https:\\\/\\\/erformance.eu\\\/wp-content\\\/uploads\\\/2026\\\/02\\\/pol_pm_Audi-A6-C5-97-05-centralny-zamek-drzwi-przednich-prawy-30336_1.jpg\",\"width\":800,\"height\":600},{\"@type\":\"BreadcrumbList\",\"@id\":\"https:\\\/\\\/erformance.eu\\\/et\\\/toode\\\/audi-a6-c5-97-05-centrinis-uzraktas-priekinems-desinems-durims\\\/#breadcrumb\",\"itemListElement\":[{\"@type\":\"ListItem\",\"position\":1,\"name\":\"Home\",\"item\":\"https:\\\/\\\/erformance.eu\\\/et\\\/\"},{\"@type\":\"ListItem\",\"position\":2,\"name\":\"Pood\",\"item\":\"https:\\\/\\\/erformance.eu\\\/et\\\/pood\\\/\"},{\"@type\":\"ListItem\",\"position\":3,\"name\":\"Audi A6 C5 97-05 centrinis u\u017eraktas priekin\u0117ms de\u0161in\u0117ms durims\"}]},{\"@type\":\"WebSite\",\"@id\":\"https:\\\/\\\/erformance.eu\\\/et\\\/#website\",\"url\":\"https:\\\/\\\/erformance.eu\\\/et\\\/\",\"name\":\"Erformance.eu\",\"description\":\"Automobili\u0173 dali\u0173 parduotuv\u0117\",\"potentialAction\":[{\"@type\":\"SearchAction\",\"target\":{\"@type\":\"EntryPoint\",\"urlTemplate\":\"https:\\\/\\\/erformance.eu\\\/et\\\/?s={search_term_string}\"},\"query-input\":{\"@type\":\"PropertyValueSpecification\",\"valueRequired\":true,\"valueName\":\"search_term_string\"}}],\"inLanguage\":\"et\"}]}<\/script>\n<!-- \/ Yoast SEO Premium plugin. -->","yoast_head_json":{"title":"Audi A6 C5 97-05 centrinis u\u017eraktas priekin\u0117ms de\u0161in\u0117ms durims - Erformance.eu","robots":{"index":"index","follow":"follow","max-snippet":"max-snippet:-1","max-image-preview":"max-image-preview:large","max-video-preview":"max-video-preview:-1"},"canonical":"https:\/\/erformance.eu\/et\/toode\/audi-a6-c5-97-05-centrinis-uzraktas-priekinems-desinems-durims\/","og_locale":"et_EE","og_type":"article","og_title":"Audi A6 C5 97-05 centrinis u\u017eraktas priekin\u0117ms de\u0161in\u0117ms durims","og_description":"1. Prek\u0117: Centrinis priekini\u0173 dur\u0173 u\u017eraktas2. Pus\u0117: de\u0161in\u01172. Gamintojas: pakeitimas3. Automobilis:* Audi A4 B6 00-04* Audi A6 C5 97-05","og_url":"https:\/\/erformance.eu\/et\/toode\/audi-a6-c5-97-05-centrinis-uzraktas-priekinems-desinems-durims\/","og_site_name":"Erformance.eu","article_modified_time":"2026-03-25T09:34:30+00:00","og_image":[{"width":800,"height":600,"url":"https:\/\/erformance.eu\/wp-content\/uploads\/2026\/02\/pol_pm_Audi-A6-C5-97-05-centralny-zamek-drzwi-przednich-prawy-30336_1.jpg","type":"image\/jpeg"}],"twitter_card":"summary_large_image","twitter_misc":{"Est. reading time":"1 minut"},"schema":{"@context":"https:\/\/schema.org","@graph":[{"@type":"WebPage","@id":"https:\/\/erformance.eu\/et\/toode\/audi-a6-c5-97-05-centrinis-uzraktas-priekinems-desinems-durims\/","url":"https:\/\/erformance.eu\/et\/toode\/audi-a6-c5-97-05-centrinis-uzraktas-priekinems-desinems-durims\/","name":"Audi A6 C5 97-05 centrinis u\u017eraktas priekin\u0117ms de\u0161in\u0117ms durims - Erformance.eu","isPartOf":{"@id":"https:\/\/erformance.eu\/et\/#website"},"primaryImageOfPage":{"@id":"https:\/\/erformance.eu\/et\/toode\/audi-a6-c5-97-05-centrinis-uzraktas-priekinems-desinems-durims\/#primaryimage"},"image":{"@id":"https:\/\/erformance.eu\/et\/toode\/audi-a6-c5-97-05-centrinis-uzraktas-priekinems-desinems-durims\/#primaryimage"},"thumbnailUrl":"https:\/\/erformance.eu\/wp-content\/uploads\/2026\/02\/pol_pm_Audi-A6-C5-97-05-centralny-zamek-drzwi-przednich-prawy-30336_1.jpg","datePublished":"2026-02-16T11:27:29+00:00","dateModified":"2026-03-25T09:34:30+00:00","breadcrumb":{"@id":"https:\/\/erformance.eu\/et\/toode\/audi-a6-c5-97-05-centrinis-uzraktas-priekinems-desinems-durims\/#breadcrumb"},"inLanguage":"et","potentialAction":[{"@type":"ReadAction","target":["https:\/\/erformance.eu\/et\/toode\/audi-a6-c5-97-05-centrinis-uzraktas-priekinems-desinems-durims\/"]}]},{"@type":"ImageObject","inLanguage":"et","@id":"https:\/\/erformance.eu\/et\/toode\/audi-a6-c5-97-05-centrinis-uzraktas-priekinems-desinems-durims\/#primaryimage","url":"https:\/\/erformance.eu\/wp-content\/uploads\/2026\/02\/pol_pm_Audi-A6-C5-97-05-centralny-zamek-drzwi-przednich-prawy-30336_1.jpg","contentUrl":"https:\/\/erformance.eu\/wp-content\/uploads\/2026\/02\/pol_pm_Audi-A6-C5-97-05-centralny-zamek-drzwi-przednich-prawy-30336_1.jpg","width":800,"height":600},{"@type":"BreadcrumbList","@id":"https:\/\/erformance.eu\/et\/toode\/audi-a6-c5-97-05-centrinis-uzraktas-priekinems-desinems-durims\/#breadcrumb","itemListElement":[{"@type":"ListItem","position":1,"name":"Home","item":"https:\/\/erformance.eu\/et\/"},{"@type":"ListItem","position":2,"name":"Pood","item":"https:\/\/erformance.eu\/et\/pood\/"},{"@type":"ListItem","position":3,"name":"Audi A6 C5 97-05 centrinis u\u017eraktas priekin\u0117ms de\u0161in\u0117ms durims"}]},{"@type":"WebSite","@id":"https:\/\/erformance.eu\/et\/#website","url":"https:\/\/erformance.eu\/et\/","name":"Erformance.eu","description":"Automobili\u0173 dali\u0173 parduotuv\u0117","potentialAction":[{"@type":"SearchAction","target":{"@type":"EntryPoint","urlTemplate":"https:\/\/erformance.eu\/et\/?s={search_term_string}"},"query-input":{"@type":"PropertyValueSpecification","valueRequired":true,"valueName":"search_term_string"}}],"inLanguage":"et"}]}},"jetpack_sharing_enabled":true,"_links":{"self":[{"href":"https:\/\/erformance.eu\/et\/wp-json\/wp\/v2\/product\/57326","targetHints":{"allow":["GET"]}}],"collection":[{"href":"https:\/\/erformance.eu\/et\/wp-json\/wp\/v2\/product"}],"about":[{"href":"https:\/\/erformance.eu\/et\/wp-json\/wp\/v2\/types\/product"}],"replies":[{"embeddable":true,"href":"https:\/\/erformance.eu\/et\/wp-json\/wp\/v2\/comments?post=57326"}],"version-history":[{"count":1,"href":"https:\/\/erformance.eu\/et\/wp-json\/wp\/v2\/product\/57326\/revisions"}],"predecessor-version":[{"id":57327,"href":"https:\/\/erformance.eu\/et\/wp-json\/wp\/v2\/product\/57326\/revisions\/57327"}],"wp:featuredmedia":[{"embeddable":true,"href":"https:\/\/erformance.eu\/et\/wp-json\/wp\/v2\/media\/53988"}],"wp:attachment":[{"href":"https:\/\/erformance.eu\/et\/wp-json\/wp\/v2\/media?parent=57326"}],"wp:term":[{"taxonomy":"product_brand","embeddable":true,"href":"https:\/\/erformance.eu\/et\/wp-json\/wp\/v2\/product_brand?post=57326"},{"taxonomy":"product_cat","embeddable":true,"href":"https:\/\/erformance.eu\/et\/wp-json\/wp\/v2\/product_cat?post=57326"},{"taxonomy":"product_tag","embeddable":true,"href":"https:\/\/erformance.eu\/et\/wp-json\/wp\/v2\/product_tag?post=57326"}],"curies":[{"name":"wp","href":"https:\/\/api.w.org\/{rel}","templated":true}]}}