{"id":57344,"date":"2026-02-16T14:27:39","date_gmt":"2026-02-16T11:27:39","guid":{"rendered":"https:\/\/erformance.eu\/?post_type=product&#038;p=57344"},"modified":"2026-03-25T12:33:52","modified_gmt":"2026-03-25T09:33:52","slug":"audi-a6-94-97-apaciu-soniniu-apdailos-juostu-komplektas-8-vnt-su-spaustukais","status":"publish","type":"product","link":"https:\/\/erformance.eu\/et\/toode\/audi-a6-94-97-apaciu-soniniu-apdailos-juostu-komplektas-8-vnt-su-spaustukais\/","title":{"rendered":"Audi A6 94-97 APA\u010cI\u0172 \u0161onini\u0173 apdailos juost\u0173 komplektas (8 vnt.) su spaustukais"},"content":{"rendered":"<p>Prek\u0117: apatin\u0117s \u0161onin\u0117s juostel\u0117s (gumin\u0117s) \u2013 8 vnt. rinkinys.<br \/>\n\u0160onin\u0117 pus\u0117: kair\u0117 + de\u0161in\u0117<br \/>\nAutomobilis:<\/p>\n<p>\u201eAudi 100 C4\u201c , gamybos metai: 1991\u20131994<br \/>\n\u201eAudi A6 C4\u201c , gamybos metai: 1994\u20131997<\/p>\n<p>Spalva: juoda &#8211; neda\u017eyta<br \/>\nGamintojas: pakaitalas<br \/>\nTechnin\u0117 b\u016bkl\u0117: prek\u0117 yra visi\u0161kai nauja, nenaudota, nepa\u017eeista ir nesugadinta<br \/>\nPASTABA: Rinkinyje yra 10 tvirtinimo spaustuk\u0173.<\/p>\n","protected":false},"excerpt":{"rendered":"<p>1. Prek\u0117: 8 apatini\u0173 gumini\u0173 \u0161onini\u0173 apdailos juost\u0173 su spaustukais rinkinys2. \u0160onin\u0117 pus\u0117: kair\u0117 ir de\u0161in\u01173. Gamintojas: pakeitimas4. Automobilis:    * Audi 100 C4 91-94    * Audi A6 C4 94-97<\/p>\n","protected":false},"featured_media":54060,"comment_status":"open","ping_status":"closed","template":"","meta":[],"product_brand":[],"product_cat":[394,144,3916,3955,4160],"product_tag":[],"class_list":{"0":"post-57344","1":"product","2":"type-product","3":"status-publish","4":"has-post-thumbnail","6":"product_cat-audi-a6","7":"product_cat-audi","8":"product_cat-audi-a6-c4","9":"product_cat-audi-a6-c4-isores-dalys","10":"product_cat-audi-a6-c4-isores-kitos-dalys","12":"first","13":"instock","14":"shipping-taxable","15":"purchasable","16":"product-type-simple"},"yoast_head":"<!-- This site is optimized with the Yoast SEO Premium plugin v25.2 (Yoast SEO v27.3) - https:\/\/yoast.com\/product\/yoast-seo-premium-wordpress\/ -->\n<title>Audi A6 94-97 APA\u010cI\u0172 \u0161onini\u0173 apdailos juost\u0173 komplektas (8 vnt.) su spaustukais - Erformance.eu<\/title>\n<meta name=\"robots\" content=\"index, follow, max-snippet:-1, max-image-preview:large, max-video-preview:-1\" \/>\n<link rel=\"canonical\" href=\"https:\/\/erformance.eu\/et\/toode\/audi-a6-94-97-apaciu-soniniu-apdailos-juostu-komplektas-8-vnt-su-spaustukais\/\" \/>\n<meta property=\"og:locale\" content=\"et_EE\" \/>\n<meta property=\"og:type\" content=\"article\" \/>\n<meta property=\"og:title\" content=\"Audi A6 94-97 APA\u010cI\u0172 \u0161onini\u0173 apdailos juost\u0173 komplektas (8 vnt.) su spaustukais\" \/>\n<meta property=\"og:description\" content=\"1. Prek\u0117: 8 apatini\u0173 gumini\u0173 \u0161onini\u0173 apdailos juost\u0173 su spaustukais rinkinys2. \u0160onin\u0117 pus\u0117: kair\u0117 ir de\u0161in\u01173. Gamintojas: pakeitimas4. Automobilis:  * Audi 100 C4 91-94  * Audi A6 C4 94-97\" \/>\n<meta property=\"og:url\" content=\"https:\/\/erformance.eu\/et\/toode\/audi-a6-94-97-apaciu-soniniu-apdailos-juostu-komplektas-8-vnt-su-spaustukais\/\" \/>\n<meta property=\"og:site_name\" content=\"Erformance.eu\" \/>\n<meta property=\"article:modified_time\" content=\"2026-03-25T09:33:52+00:00\" \/>\n<meta property=\"og:image\" content=\"https:\/\/erformance.eu\/wp-content\/uploads\/2026\/02\/pol_pm_Audi-A6-94-97-listwy-boczne-DOLNE-kpl-8-szt-z-zapinkami-43_1.jpg\" \/>\n\t<meta property=\"og:image:width\" content=\"667\" \/>\n\t<meta property=\"og:image:height\" content=\"500\" \/>\n\t<meta property=\"og:image:type\" content=\"image\/jpeg\" \/>\n<meta name=\"twitter:card\" content=\"summary_large_image\" \/>\n<script type=\"application\/ld+json\" class=\"yoast-schema-graph\">{\"@context\":\"https:\\\/\\\/schema.org\",\"@graph\":[{\"@type\":\"WebPage\",\"@id\":\"https:\\\/\\\/erformance.eu\\\/et\\\/toode\\\/audi-a6-94-97-apaciu-soniniu-apdailos-juostu-komplektas-8-vnt-su-spaustukais\\\/\",\"url\":\"https:\\\/\\\/erformance.eu\\\/et\\\/toode\\\/audi-a6-94-97-apaciu-soniniu-apdailos-juostu-komplektas-8-vnt-su-spaustukais\\\/\",\"name\":\"Audi A6 94-97 APA\u010cI\u0172 \u0161onini\u0173 apdailos juost\u0173 komplektas (8 vnt.) su spaustukais - Erformance.eu\",\"isPartOf\":{\"@id\":\"https:\\\/\\\/erformance.eu\\\/et\\\/#website\"},\"primaryImageOfPage\":{\"@id\":\"https:\\\/\\\/erformance.eu\\\/et\\\/toode\\\/audi-a6-94-97-apaciu-soniniu-apdailos-juostu-komplektas-8-vnt-su-spaustukais\\\/#primaryimage\"},\"image\":{\"@id\":\"https:\\\/\\\/erformance.eu\\\/et\\\/toode\\\/audi-a6-94-97-apaciu-soniniu-apdailos-juostu-komplektas-8-vnt-su-spaustukais\\\/#primaryimage\"},\"thumbnailUrl\":\"https:\\\/\\\/erformance.eu\\\/wp-content\\\/uploads\\\/2026\\\/02\\\/pol_pm_Audi-A6-94-97-listwy-boczne-DOLNE-kpl-8-szt-z-zapinkami-43_1.jpg\",\"datePublished\":\"2026-02-16T11:27:39+00:00\",\"dateModified\":\"2026-03-25T09:33:52+00:00\",\"breadcrumb\":{\"@id\":\"https:\\\/\\\/erformance.eu\\\/et\\\/toode\\\/audi-a6-94-97-apaciu-soniniu-apdailos-juostu-komplektas-8-vnt-su-spaustukais\\\/#breadcrumb\"},\"inLanguage\":\"et\",\"potentialAction\":[{\"@type\":\"ReadAction\",\"target\":[\"https:\\\/\\\/erformance.eu\\\/et\\\/toode\\\/audi-a6-94-97-apaciu-soniniu-apdailos-juostu-komplektas-8-vnt-su-spaustukais\\\/\"]}]},{\"@type\":\"ImageObject\",\"inLanguage\":\"et\",\"@id\":\"https:\\\/\\\/erformance.eu\\\/et\\\/toode\\\/audi-a6-94-97-apaciu-soniniu-apdailos-juostu-komplektas-8-vnt-su-spaustukais\\\/#primaryimage\",\"url\":\"https:\\\/\\\/erformance.eu\\\/wp-content\\\/uploads\\\/2026\\\/02\\\/pol_pm_Audi-A6-94-97-listwy-boczne-DOLNE-kpl-8-szt-z-zapinkami-43_1.jpg\",\"contentUrl\":\"https:\\\/\\\/erformance.eu\\\/wp-content\\\/uploads\\\/2026\\\/02\\\/pol_pm_Audi-A6-94-97-listwy-boczne-DOLNE-kpl-8-szt-z-zapinkami-43_1.jpg\",\"width\":667,\"height\":500},{\"@type\":\"BreadcrumbList\",\"@id\":\"https:\\\/\\\/erformance.eu\\\/et\\\/toode\\\/audi-a6-94-97-apaciu-soniniu-apdailos-juostu-komplektas-8-vnt-su-spaustukais\\\/#breadcrumb\",\"itemListElement\":[{\"@type\":\"ListItem\",\"position\":1,\"name\":\"Home\",\"item\":\"https:\\\/\\\/erformance.eu\\\/et\\\/\"},{\"@type\":\"ListItem\",\"position\":2,\"name\":\"Pood\",\"item\":\"https:\\\/\\\/erformance.eu\\\/et\\\/pood\\\/\"},{\"@type\":\"ListItem\",\"position\":3,\"name\":\"Audi A6 94-97 APA\u010cI\u0172 \u0161onini\u0173 apdailos juost\u0173 komplektas (8 vnt.) su spaustukais\"}]},{\"@type\":\"WebSite\",\"@id\":\"https:\\\/\\\/erformance.eu\\\/et\\\/#website\",\"url\":\"https:\\\/\\\/erformance.eu\\\/et\\\/\",\"name\":\"Erformance.eu\",\"description\":\"Automobili\u0173 dali\u0173 parduotuv\u0117\",\"potentialAction\":[{\"@type\":\"SearchAction\",\"target\":{\"@type\":\"EntryPoint\",\"urlTemplate\":\"https:\\\/\\\/erformance.eu\\\/et\\\/?s={search_term_string}\"},\"query-input\":{\"@type\":\"PropertyValueSpecification\",\"valueRequired\":true,\"valueName\":\"search_term_string\"}}],\"inLanguage\":\"et\"}]}<\/script>\n<!-- \/ Yoast SEO Premium plugin. -->","yoast_head_json":{"title":"Audi A6 94-97 APA\u010cI\u0172 \u0161onini\u0173 apdailos juost\u0173 komplektas (8 vnt.) su spaustukais - Erformance.eu","robots":{"index":"index","follow":"follow","max-snippet":"max-snippet:-1","max-image-preview":"max-image-preview:large","max-video-preview":"max-video-preview:-1"},"canonical":"https:\/\/erformance.eu\/et\/toode\/audi-a6-94-97-apaciu-soniniu-apdailos-juostu-komplektas-8-vnt-su-spaustukais\/","og_locale":"et_EE","og_type":"article","og_title":"Audi A6 94-97 APA\u010cI\u0172 \u0161onini\u0173 apdailos juost\u0173 komplektas (8 vnt.) su spaustukais","og_description":"1. Prek\u0117: 8 apatini\u0173 gumini\u0173 \u0161onini\u0173 apdailos juost\u0173 su spaustukais rinkinys2. \u0160onin\u0117 pus\u0117: kair\u0117 ir de\u0161in\u01173. Gamintojas: pakeitimas4. Automobilis:  * Audi 100 C4 91-94  * Audi A6 C4 94-97","og_url":"https:\/\/erformance.eu\/et\/toode\/audi-a6-94-97-apaciu-soniniu-apdailos-juostu-komplektas-8-vnt-su-spaustukais\/","og_site_name":"Erformance.eu","article_modified_time":"2026-03-25T09:33:52+00:00","og_image":[{"width":667,"height":500,"url":"https:\/\/erformance.eu\/wp-content\/uploads\/2026\/02\/pol_pm_Audi-A6-94-97-listwy-boczne-DOLNE-kpl-8-szt-z-zapinkami-43_1.jpg","type":"image\/jpeg"}],"twitter_card":"summary_large_image","schema":{"@context":"https:\/\/schema.org","@graph":[{"@type":"WebPage","@id":"https:\/\/erformance.eu\/et\/toode\/audi-a6-94-97-apaciu-soniniu-apdailos-juostu-komplektas-8-vnt-su-spaustukais\/","url":"https:\/\/erformance.eu\/et\/toode\/audi-a6-94-97-apaciu-soniniu-apdailos-juostu-komplektas-8-vnt-su-spaustukais\/","name":"Audi A6 94-97 APA\u010cI\u0172 \u0161onini\u0173 apdailos juost\u0173 komplektas (8 vnt.) su spaustukais - Erformance.eu","isPartOf":{"@id":"https:\/\/erformance.eu\/et\/#website"},"primaryImageOfPage":{"@id":"https:\/\/erformance.eu\/et\/toode\/audi-a6-94-97-apaciu-soniniu-apdailos-juostu-komplektas-8-vnt-su-spaustukais\/#primaryimage"},"image":{"@id":"https:\/\/erformance.eu\/et\/toode\/audi-a6-94-97-apaciu-soniniu-apdailos-juostu-komplektas-8-vnt-su-spaustukais\/#primaryimage"},"thumbnailUrl":"https:\/\/erformance.eu\/wp-content\/uploads\/2026\/02\/pol_pm_Audi-A6-94-97-listwy-boczne-DOLNE-kpl-8-szt-z-zapinkami-43_1.jpg","datePublished":"2026-02-16T11:27:39+00:00","dateModified":"2026-03-25T09:33:52+00:00","breadcrumb":{"@id":"https:\/\/erformance.eu\/et\/toode\/audi-a6-94-97-apaciu-soniniu-apdailos-juostu-komplektas-8-vnt-su-spaustukais\/#breadcrumb"},"inLanguage":"et","potentialAction":[{"@type":"ReadAction","target":["https:\/\/erformance.eu\/et\/toode\/audi-a6-94-97-apaciu-soniniu-apdailos-juostu-komplektas-8-vnt-su-spaustukais\/"]}]},{"@type":"ImageObject","inLanguage":"et","@id":"https:\/\/erformance.eu\/et\/toode\/audi-a6-94-97-apaciu-soniniu-apdailos-juostu-komplektas-8-vnt-su-spaustukais\/#primaryimage","url":"https:\/\/erformance.eu\/wp-content\/uploads\/2026\/02\/pol_pm_Audi-A6-94-97-listwy-boczne-DOLNE-kpl-8-szt-z-zapinkami-43_1.jpg","contentUrl":"https:\/\/erformance.eu\/wp-content\/uploads\/2026\/02\/pol_pm_Audi-A6-94-97-listwy-boczne-DOLNE-kpl-8-szt-z-zapinkami-43_1.jpg","width":667,"height":500},{"@type":"BreadcrumbList","@id":"https:\/\/erformance.eu\/et\/toode\/audi-a6-94-97-apaciu-soniniu-apdailos-juostu-komplektas-8-vnt-su-spaustukais\/#breadcrumb","itemListElement":[{"@type":"ListItem","position":1,"name":"Home","item":"https:\/\/erformance.eu\/et\/"},{"@type":"ListItem","position":2,"name":"Pood","item":"https:\/\/erformance.eu\/et\/pood\/"},{"@type":"ListItem","position":3,"name":"Audi A6 94-97 APA\u010cI\u0172 \u0161onini\u0173 apdailos juost\u0173 komplektas (8 vnt.) su spaustukais"}]},{"@type":"WebSite","@id":"https:\/\/erformance.eu\/et\/#website","url":"https:\/\/erformance.eu\/et\/","name":"Erformance.eu","description":"Automobili\u0173 dali\u0173 parduotuv\u0117","potentialAction":[{"@type":"SearchAction","target":{"@type":"EntryPoint","urlTemplate":"https:\/\/erformance.eu\/et\/?s={search_term_string}"},"query-input":{"@type":"PropertyValueSpecification","valueRequired":true,"valueName":"search_term_string"}}],"inLanguage":"et"}]}},"jetpack_sharing_enabled":true,"_links":{"self":[{"href":"https:\/\/erformance.eu\/et\/wp-json\/wp\/v2\/product\/57344","targetHints":{"allow":["GET"]}}],"collection":[{"href":"https:\/\/erformance.eu\/et\/wp-json\/wp\/v2\/product"}],"about":[{"href":"https:\/\/erformance.eu\/et\/wp-json\/wp\/v2\/types\/product"}],"replies":[{"embeddable":true,"href":"https:\/\/erformance.eu\/et\/wp-json\/wp\/v2\/comments?post=57344"}],"version-history":[{"count":1,"href":"https:\/\/erformance.eu\/et\/wp-json\/wp\/v2\/product\/57344\/revisions"}],"predecessor-version":[{"id":57345,"href":"https:\/\/erformance.eu\/et\/wp-json\/wp\/v2\/product\/57344\/revisions\/57345"}],"wp:featuredmedia":[{"embeddable":true,"href":"https:\/\/erformance.eu\/et\/wp-json\/wp\/v2\/media\/54060"}],"wp:attachment":[{"href":"https:\/\/erformance.eu\/et\/wp-json\/wp\/v2\/media?parent=57344"}],"wp:term":[{"taxonomy":"product_brand","embeddable":true,"href":"https:\/\/erformance.eu\/et\/wp-json\/wp\/v2\/product_brand?post=57344"},{"taxonomy":"product_cat","embeddable":true,"href":"https:\/\/erformance.eu\/et\/wp-json\/wp\/v2\/product_cat?post=57344"},{"taxonomy":"product_tag","embeddable":true,"href":"https:\/\/erformance.eu\/et\/wp-json\/wp\/v2\/product_tag?post=57344"}],"curies":[{"name":"wp","href":"https:\/\/api.w.org\/{rel}","templated":true}]}}