{"id":57380,"date":"2026-02-16T14:28:00","date_gmt":"2026-02-16T11:28:00","guid":{"rendered":"https:\/\/erformance.eu\/?post_type=product&#038;p=57380"},"modified":"2026-03-17T02:14:18","modified_gmt":"2026-03-16T23:14:18","slug":"audi-a5-f5-2016-variklio-dangcio-spyna","status":"publish","type":"product","link":"https:\/\/erformance.eu\/et\/toode\/audi-a5-f5-2016-variklio-dangcio-spyna\/","title":{"rendered":"Audi A5 F5 2016- variklio dang\u010dio spyna"},"content":{"rendered":"<p>Prek\u0117: Variklio dang\u010dio u\u017eraktas<br \/>\nOriginalus numeris:<\/p>\n<p>8W0823509<br \/>\n8W0 823 509<br \/>\n8W0823509B<br \/>\n8W0823509 B<br \/>\n8W0 823 509B<br \/>\n8W0 823 509 B<br \/>\n8W0823509C<br \/>\n8W0823509 C<br \/>\n8W0 823 509C<br \/>\n8W0 823 509 C<br \/>\n8WD823509<br \/>\n8WD 823 509<\/p>\n<p>PASTABA: auk\u0161\u010diau pateikti numeriai yra original\u016bs dali\u0173 numeriai, kuriuos \u0161is pasi\u016blymas pakei\u010dia. Prie\u0161 pirkdami, palyginkite juos su originaliu dalies numeriu. Jei jie skiriasi net vienu simboliu, dalis netiks, neveiks arba veiks netinkamai. Tokiu atveju jos nepirkite.<br \/>\nAutomobilis:<\/p>\n<p>\u201eAudi A4 B9\u201c (8W2, 8WC), modeliai, pagaminti nuo 2015 m.<br \/>\n\u201eAudi A4 B9 Avant\u201c (8W5, 8WD), modeliai, pagaminti nuo 2015 m.<br \/>\n\u201eAudi A4 Allroad B9\u201c (8WH, 8WJ), modeliai, pagaminti nuo 2016 m.<br \/>\n\u201eAudi A5\u201c (F53, F5P), modeliai, pagaminti nuo 2016 m.<br \/>\n\u201eAudi A5 Sportback\u201c (F5A, F5F), modeliai, pagaminti nuo 2016 m.<br \/>\n\u201eAudi A5\u201c kabrioletas (F57, F5E), modeliai, pagaminti nuo 2016 m.<br \/>\n\u201eAudi Q4\u201c visureigis (F4B), modeliai, pagaminti nuo 2021 m.<br \/>\n\u201eAudi Q4 Sportback\u201c (F4N), modeliai, pagaminti nuo 2021 m.<\/p>\n<p>Gamintojas: pakaitalas<br \/>\nTechnin\u0117 b\u016bkl\u0117: prek\u0117 yra visi\u0161kai nauja, nenaudota, nepa\u017eeista ir nesugadinta<\/p>\n","protected":false},"excerpt":{"rendered":"<p>1. Prek\u0117: Variklio gaubto u\u017eraktas2. Gamintojas: pakeitimas3. Automobilis:Audi A4 B9 2015-Audi A5 F5 2016-Audi Q4 F4 2021-<\/p>\n","protected":false},"featured_media":54208,"comment_status":"open","ping_status":"closed","template":"","meta":[],"product_brand":[],"product_cat":[391,144,3914,3954,4159,4354],"product_tag":[],"class_list":{"0":"post-57380","1":"product","2":"type-product","3":"status-publish","4":"has-post-thumbnail","6":"product_cat-audi-a5","7":"product_cat-audi","8":"product_cat-audi-a5-b9-f5","9":"product_cat-audi-a5-b9-f5-isores-dalys","10":"product_cat-audi-a5-b9-f5-isores-kitos-dalys","11":"product_cat-audi-a5-b9-f5-mechanizmai-valytuvai","13":"first","14":"instock","15":"shipping-taxable","16":"purchasable","17":"product-type-simple"},"yoast_head":"<!-- This site is optimized with the Yoast SEO Premium plugin v25.2 (Yoast SEO v27.3) - https:\/\/yoast.com\/product\/yoast-seo-premium-wordpress\/ -->\n<title>Audi A5 F5 2016- variklio dang\u010dio spyna - Erformance.eu<\/title>\n<meta name=\"robots\" content=\"index, follow, max-snippet:-1, max-image-preview:large, max-video-preview:-1\" \/>\n<link rel=\"canonical\" href=\"https:\/\/erformance.eu\/et\/toode\/audi-a5-f5-2016-variklio-dangcio-spyna\/\" \/>\n<meta property=\"og:locale\" content=\"et_EE\" \/>\n<meta property=\"og:type\" content=\"article\" \/>\n<meta property=\"og:title\" content=\"Audi A5 F5 2016- variklio dang\u010dio spyna\" \/>\n<meta property=\"og:description\" content=\"1. Prek\u0117: Variklio gaubto u\u017eraktas2. Gamintojas: pakeitimas3. Automobilis:Audi A4 B9 2015-Audi A5 F5 2016-Audi Q4 F4 2021-\" \/>\n<meta property=\"og:url\" content=\"https:\/\/erformance.eu\/et\/toode\/audi-a5-f5-2016-variklio-dangcio-spyna\/\" \/>\n<meta property=\"og:site_name\" content=\"Erformance.eu\" \/>\n<meta property=\"article:modified_time\" content=\"2026-03-16T23:14:18+00:00\" \/>\n<meta property=\"og:image\" content=\"https:\/\/erformance.eu\/wp-content\/uploads\/2026\/02\/pol_pm_Audi-A5-F5-2016-zamek-maski-pokrywy-silnika-34822_1.jpg\" \/>\n\t<meta property=\"og:image:width\" content=\"1200\" \/>\n\t<meta property=\"og:image:height\" content=\"1200\" \/>\n\t<meta property=\"og:image:type\" content=\"image\/jpeg\" \/>\n<meta name=\"twitter:card\" content=\"summary_large_image\" \/>\n<meta name=\"twitter:label1\" content=\"Est. reading time\" \/>\n\t<meta name=\"twitter:data1\" content=\"1 minut\" \/>\n<script type=\"application\/ld+json\" class=\"yoast-schema-graph\">{\"@context\":\"https:\\\/\\\/schema.org\",\"@graph\":[{\"@type\":\"WebPage\",\"@id\":\"https:\\\/\\\/erformance.eu\\\/et\\\/toode\\\/audi-a5-f5-2016-variklio-dangcio-spyna\\\/\",\"url\":\"https:\\\/\\\/erformance.eu\\\/et\\\/toode\\\/audi-a5-f5-2016-variklio-dangcio-spyna\\\/\",\"name\":\"Audi A5 F5 2016- variklio dang\u010dio spyna - Erformance.eu\",\"isPartOf\":{\"@id\":\"https:\\\/\\\/erformance.eu\\\/et\\\/#website\"},\"primaryImageOfPage\":{\"@id\":\"https:\\\/\\\/erformance.eu\\\/et\\\/toode\\\/audi-a5-f5-2016-variklio-dangcio-spyna\\\/#primaryimage\"},\"image\":{\"@id\":\"https:\\\/\\\/erformance.eu\\\/et\\\/toode\\\/audi-a5-f5-2016-variklio-dangcio-spyna\\\/#primaryimage\"},\"thumbnailUrl\":\"https:\\\/\\\/erformance.eu\\\/wp-content\\\/uploads\\\/2026\\\/02\\\/pol_pm_Audi-A5-F5-2016-zamek-maski-pokrywy-silnika-34822_1.jpg\",\"datePublished\":\"2026-02-16T11:28:00+00:00\",\"dateModified\":\"2026-03-16T23:14:18+00:00\",\"breadcrumb\":{\"@id\":\"https:\\\/\\\/erformance.eu\\\/et\\\/toode\\\/audi-a5-f5-2016-variklio-dangcio-spyna\\\/#breadcrumb\"},\"inLanguage\":\"et\",\"potentialAction\":[{\"@type\":\"ReadAction\",\"target\":[\"https:\\\/\\\/erformance.eu\\\/et\\\/toode\\\/audi-a5-f5-2016-variklio-dangcio-spyna\\\/\"]}]},{\"@type\":\"ImageObject\",\"inLanguage\":\"et\",\"@id\":\"https:\\\/\\\/erformance.eu\\\/et\\\/toode\\\/audi-a5-f5-2016-variklio-dangcio-spyna\\\/#primaryimage\",\"url\":\"https:\\\/\\\/erformance.eu\\\/wp-content\\\/uploads\\\/2026\\\/02\\\/pol_pm_Audi-A5-F5-2016-zamek-maski-pokrywy-silnika-34822_1.jpg\",\"contentUrl\":\"https:\\\/\\\/erformance.eu\\\/wp-content\\\/uploads\\\/2026\\\/02\\\/pol_pm_Audi-A5-F5-2016-zamek-maski-pokrywy-silnika-34822_1.jpg\",\"width\":1200,\"height\":1200},{\"@type\":\"BreadcrumbList\",\"@id\":\"https:\\\/\\\/erformance.eu\\\/et\\\/toode\\\/audi-a5-f5-2016-variklio-dangcio-spyna\\\/#breadcrumb\",\"itemListElement\":[{\"@type\":\"ListItem\",\"position\":1,\"name\":\"Home\",\"item\":\"https:\\\/\\\/erformance.eu\\\/et\\\/\"},{\"@type\":\"ListItem\",\"position\":2,\"name\":\"Pood\",\"item\":\"https:\\\/\\\/erformance.eu\\\/et\\\/pood\\\/\"},{\"@type\":\"ListItem\",\"position\":3,\"name\":\"Audi A5 F5 2016- variklio dang\u010dio spyna\"}]},{\"@type\":\"WebSite\",\"@id\":\"https:\\\/\\\/erformance.eu\\\/et\\\/#website\",\"url\":\"https:\\\/\\\/erformance.eu\\\/et\\\/\",\"name\":\"Erformance.eu\",\"description\":\"Automobili\u0173 dali\u0173 parduotuv\u0117\",\"potentialAction\":[{\"@type\":\"SearchAction\",\"target\":{\"@type\":\"EntryPoint\",\"urlTemplate\":\"https:\\\/\\\/erformance.eu\\\/et\\\/?s={search_term_string}\"},\"query-input\":{\"@type\":\"PropertyValueSpecification\",\"valueRequired\":true,\"valueName\":\"search_term_string\"}}],\"inLanguage\":\"et\"}]}<\/script>\n<!-- \/ Yoast SEO Premium plugin. -->","yoast_head_json":{"title":"Audi A5 F5 2016- variklio dang\u010dio spyna - Erformance.eu","robots":{"index":"index","follow":"follow","max-snippet":"max-snippet:-1","max-image-preview":"max-image-preview:large","max-video-preview":"max-video-preview:-1"},"canonical":"https:\/\/erformance.eu\/et\/toode\/audi-a5-f5-2016-variklio-dangcio-spyna\/","og_locale":"et_EE","og_type":"article","og_title":"Audi A5 F5 2016- variklio dang\u010dio spyna","og_description":"1. Prek\u0117: Variklio gaubto u\u017eraktas2. Gamintojas: pakeitimas3. Automobilis:Audi A4 B9 2015-Audi A5 F5 2016-Audi Q4 F4 2021-","og_url":"https:\/\/erformance.eu\/et\/toode\/audi-a5-f5-2016-variklio-dangcio-spyna\/","og_site_name":"Erformance.eu","article_modified_time":"2026-03-16T23:14:18+00:00","og_image":[{"width":1200,"height":1200,"url":"https:\/\/erformance.eu\/wp-content\/uploads\/2026\/02\/pol_pm_Audi-A5-F5-2016-zamek-maski-pokrywy-silnika-34822_1.jpg","type":"image\/jpeg"}],"twitter_card":"summary_large_image","twitter_misc":{"Est. reading time":"1 minut"},"schema":{"@context":"https:\/\/schema.org","@graph":[{"@type":"WebPage","@id":"https:\/\/erformance.eu\/et\/toode\/audi-a5-f5-2016-variklio-dangcio-spyna\/","url":"https:\/\/erformance.eu\/et\/toode\/audi-a5-f5-2016-variklio-dangcio-spyna\/","name":"Audi A5 F5 2016- variklio dang\u010dio spyna - Erformance.eu","isPartOf":{"@id":"https:\/\/erformance.eu\/et\/#website"},"primaryImageOfPage":{"@id":"https:\/\/erformance.eu\/et\/toode\/audi-a5-f5-2016-variklio-dangcio-spyna\/#primaryimage"},"image":{"@id":"https:\/\/erformance.eu\/et\/toode\/audi-a5-f5-2016-variklio-dangcio-spyna\/#primaryimage"},"thumbnailUrl":"https:\/\/erformance.eu\/wp-content\/uploads\/2026\/02\/pol_pm_Audi-A5-F5-2016-zamek-maski-pokrywy-silnika-34822_1.jpg","datePublished":"2026-02-16T11:28:00+00:00","dateModified":"2026-03-16T23:14:18+00:00","breadcrumb":{"@id":"https:\/\/erformance.eu\/et\/toode\/audi-a5-f5-2016-variklio-dangcio-spyna\/#breadcrumb"},"inLanguage":"et","potentialAction":[{"@type":"ReadAction","target":["https:\/\/erformance.eu\/et\/toode\/audi-a5-f5-2016-variklio-dangcio-spyna\/"]}]},{"@type":"ImageObject","inLanguage":"et","@id":"https:\/\/erformance.eu\/et\/toode\/audi-a5-f5-2016-variklio-dangcio-spyna\/#primaryimage","url":"https:\/\/erformance.eu\/wp-content\/uploads\/2026\/02\/pol_pm_Audi-A5-F5-2016-zamek-maski-pokrywy-silnika-34822_1.jpg","contentUrl":"https:\/\/erformance.eu\/wp-content\/uploads\/2026\/02\/pol_pm_Audi-A5-F5-2016-zamek-maski-pokrywy-silnika-34822_1.jpg","width":1200,"height":1200},{"@type":"BreadcrumbList","@id":"https:\/\/erformance.eu\/et\/toode\/audi-a5-f5-2016-variklio-dangcio-spyna\/#breadcrumb","itemListElement":[{"@type":"ListItem","position":1,"name":"Home","item":"https:\/\/erformance.eu\/et\/"},{"@type":"ListItem","position":2,"name":"Pood","item":"https:\/\/erformance.eu\/et\/pood\/"},{"@type":"ListItem","position":3,"name":"Audi A5 F5 2016- variklio dang\u010dio spyna"}]},{"@type":"WebSite","@id":"https:\/\/erformance.eu\/et\/#website","url":"https:\/\/erformance.eu\/et\/","name":"Erformance.eu","description":"Automobili\u0173 dali\u0173 parduotuv\u0117","potentialAction":[{"@type":"SearchAction","target":{"@type":"EntryPoint","urlTemplate":"https:\/\/erformance.eu\/et\/?s={search_term_string}"},"query-input":{"@type":"PropertyValueSpecification","valueRequired":true,"valueName":"search_term_string"}}],"inLanguage":"et"}]}},"jetpack_sharing_enabled":true,"_links":{"self":[{"href":"https:\/\/erformance.eu\/et\/wp-json\/wp\/v2\/product\/57380","targetHints":{"allow":["GET"]}}],"collection":[{"href":"https:\/\/erformance.eu\/et\/wp-json\/wp\/v2\/product"}],"about":[{"href":"https:\/\/erformance.eu\/et\/wp-json\/wp\/v2\/types\/product"}],"replies":[{"embeddable":true,"href":"https:\/\/erformance.eu\/et\/wp-json\/wp\/v2\/comments?post=57380"}],"version-history":[{"count":1,"href":"https:\/\/erformance.eu\/et\/wp-json\/wp\/v2\/product\/57380\/revisions"}],"predecessor-version":[{"id":57381,"href":"https:\/\/erformance.eu\/et\/wp-json\/wp\/v2\/product\/57380\/revisions\/57381"}],"wp:featuredmedia":[{"embeddable":true,"href":"https:\/\/erformance.eu\/et\/wp-json\/wp\/v2\/media\/54208"}],"wp:attachment":[{"href":"https:\/\/erformance.eu\/et\/wp-json\/wp\/v2\/media?parent=57380"}],"wp:term":[{"taxonomy":"product_brand","embeddable":true,"href":"https:\/\/erformance.eu\/et\/wp-json\/wp\/v2\/product_brand?post=57380"},{"taxonomy":"product_cat","embeddable":true,"href":"https:\/\/erformance.eu\/et\/wp-json\/wp\/v2\/product_cat?post=57380"},{"taxonomy":"product_tag","embeddable":true,"href":"https:\/\/erformance.eu\/et\/wp-json\/wp\/v2\/product_tag?post=57380"}],"curies":[{"name":"wp","href":"https:\/\/api.w.org\/{rel}","templated":true}]}}