{"id":57428,"date":"2026-02-16T14:28:33","date_gmt":"2026-02-16T11:28:33","guid":{"rendered":"https:\/\/erformance.eu\/?post_type=product&#038;p=57428"},"modified":"2026-03-05T19:53:44","modified_gmt":"2026-03-05T16:53:44","slug":"audi-a1-a3-q2-q3-r8-tt-automat-sankabos-slegio-jutiklis","status":"publish","type":"product","link":"https:\/\/erformance.eu\/et\/toode\/audi-a1-a3-q2-q3-r8-tt-automat-sankabos-slegio-jutiklis\/","title":{"rendered":"AUDI A1, A3, Q2, Q3, R8, TT AUTOMAT sankabos sl\u0117gio jutiklis"},"content":{"rendered":"<p>    Tema: Sankabos sl\u0117gio jutiklisOriginalus numeris:SMP1325320GC927711H0GC927711B0GC927711COGC927711BOGC927711COGC927711GSMP132-532SMP132-532SMP132-375725014725031725034725041725058SMP132-192SMP132-420SMP132192SMP132375SMP132420SMP132532W9A500W9S500W9S700W9X500W9X700W9Y400PASTABA: auk\u0161\u010diau pateikti numeriai yra original\u016bs dali\u0173 numeriai, kuriuos \u0161is pasi\u016blymas pakei\u010dia. Prie\u0161 pirkdami, palyginkite juos su originaliu dalies numeriu. Jei jie skiriasi net vienu simboliu, dalis netiks, neveiks arba veiks netinkamai. Tokiu atveju jos nepirkite.Automobilis:AUDI A1 Sportback (GBA)AUDI A3 (8V1, 8VK)AUDI A3 kabrioletas (8V7, 8VE)AUDI A3 sedanas (8VS, 8VM)AUDI A3 sedanas (8YS, 8YM)AUDI A3 Sportback (8PA)AUDI A3 Sportback (8VA, 8VF)AUDI A3 Sportback (8YA, 8YF)AUDI Q2 (GAB, GAG)AUDI Q3 (8UB, 8UG)AUDI Q3 (F3B)AUDI Q3 Sportback (F3N)AUDI R8 (422, 423)AUDI R8 (4S3, 4SP)AUDI R8 Spyder (427, 429)AUDI R8 Spyder (4S9, 4SR)AUDI TT (FV3, FVP)AUDI TT Roadster (FV9, FVR)CUPRA ATECA (KH7, KHP, KBP)CUPRA FORMENTOR (KM7, KMP)SEAT ALHAMBRA (710, 711)SEAT ATECA (KH7, KHP)SEAT LEON (5F1)SEAT LEON (KL1, KLG)SEAT LEON Furgon\/hatchback (5F1)SEAT LEON SC (5F5)SEAT LEON Sportstourer (KL8, KLD)SEAT LEON ST (5F8)SEAT LEON ST Furgon\/kombi (5F8)SEAT TARRACO (KN2)SKODA KAROQ (NU7, ND7)SKODA KODIAQ I (NS6, NS7, NV7)SKODA OCTAVIA III (5E3, NL3, NR3)SKODA OCTAVIA III Combi (5E5, 5E6)SKODA OCTAVIA IV (NX3, NN3, PV3)SKODA OCTAVIA IV Combi (NX5, PV5)SKODA SUPERB III (3V3)SKODA SUPERB III Kombi (3V5)VW ARTEON (3H7, 3H8)VW ARTEON SHOOTING BRAKE (3H9)VW CADDY V Furgon\/minivan (SBA, SBH)VW CADDY V nadwozie wielkoprzestrzenne (MPV) (SBB, SBJ)VW GOLF ALLTRACK VIII (CG5)VW GOLF SPORTSVAN VII (AM1, AN1)VW GOLF VII (5G1, BQ1, BE1, BE2)VW GOLF VII Variant (BA5, BV5)VW GOLF VIII (CD1, DA1)VW GOLF VIII Variant (CG5, DB5)VW MULTIVAN T5 (7HM, 7HN, 7HF, 7EF, 7EM, 7EN)VW MULTIVAN T6 (SGF, SGM, SGN, SHM, SHN)VW MULTIVAN T7 (STM, STN)VW PASSAT ALLTRACK B8 Variant (3G5, CB5)VW PASSAT B8 (3G2, CB2)VW PASSAT B8 Variant (3G5, CB5)VW POLO VI (AW1, BZ1, AE1)VW SHARAN (7N1, 7N2)VW TIGUAN (5N_)VW TIGUAN (AD1, AX1)VW TIGUAN ALLSPACE (BW2, BJ2)VW TOURAN (5T1)VW TOURAN VAN (5T1)VW TRANSPORTER T5 Autobus (7HB, 7HJ, 7EB, 7EJ)VW TRANSPORTER T5 Furgon (7HA, 7HH, 7EA, 7EH)VW TRANSPORTER T5 Platforma \/ podwozie (7JD, 7JE, 7JL, 7JY, 7JZ)VW TRANSPORTER T6 \/ CARAVELLE T6 Autobus (SGB, SGJ, SHB, SHJ)VW TRANSPORTER T6 Furgon (SGA, SGH, SHA, SHH)VW TRANSPORTER T6 Platforma \/ podwozie (SFD, SFE, SFL, SFZ, SJD)VW T-ROC (A11, D11)Producent: zamiennikStan techniczny: przedmiot jest fabrycznie NOWY, nieu\u017cywany, nieuszkodzony i niezniszczonyUWAGA! pasuje do:Sprz\u0119g\u0142o mokre DSG7 i silniki z przek\u0142adni\u0105 9G-Tronic: 2.0 TDI, 2.0 biTDI, 2.5 TDI, 2.0 TSI i inne.7-biegowe skrzynie bieg\u00f3w 9G-Tronic i DSG z momentem obrotowym do 600 Nm<\/p>\n","protected":false},"excerpt":{"rendered":"<p>1. Prek\u0117: Sankabos sl\u0117gio jutiklis3. Gamintojas: pakeitimas4. Automobilis:AUDI A1, A3, Q2, Q3, R8, TT<\/p>\n","protected":false},"featured_media":54412,"comment_status":"open","ping_status":"closed","template":"","meta":[],"product_brand":[],"product_cat":[3933,3905,3934,3906,3927,3902,392,186,144,3926,3967,3942,3973,3945,3974,3946,3966,4179,4151,4171,4172,4147,4178,4150,398,401],"product_tag":[],"class_list":{"0":"post-57428","1":"product","2":"type-product","3":"status-publish","4":"has-post-thumbnail","6":"product_cat-audi-tt-8j","7":"product_cat-audi-a3-8l","8":"product_cat-audi-tt-8n","9":"product_cat-audi-a3-8p","10":"product_cat-audi-q3-8u","11":"product_cat-audi-a1-8x","12":"product_cat-audi-a1","13":"product_cat-a3","14":"product_cat-audi","15":"product_cat-audi-q2-ga","16":"product_cat-audi-q3-8u-isores-dalys","17":"product_cat-audi-a1-8x-isores-dalys","18":"product_cat-audi-tt-8j-isores-dalys","19":"product_cat-audi-a3-8l-isores-dalys","20":"product_cat-audi-tt-8n-isores-dalys","21":"product_cat-audi-a3-8p-isores-dalys","22":"product_cat-audi-q2-ga-isores-dalys","23":"product_cat-audi-tt-8n-isores-kitos-dalys","24":"product_cat-audi-a3-8p-isores-kitos-dalys","25":"product_cat-audi-q2-ga-isores-kitos-dalys","26":"product_cat-audi-q3-8u-isores-kitos-dalys","27":"product_cat-audi-a1-8x-isores-kitos-dalys","28":"product_cat-audi-tt-8j-isores-kitos-dalys","29":"product_cat-audi-a3-8l-isores-kitos-dalys","30":"product_cat-audi-q3","31":"product_cat-audi-tt","33":"first","34":"instock","35":"shipping-taxable","36":"purchasable","37":"product-type-simple"},"yoast_head":"<!-- This site is optimized with the Yoast SEO Premium plugin v25.2 (Yoast SEO v27.4) - https:\/\/yoast.com\/product\/yoast-seo-premium-wordpress\/ -->\n<title>AUDI A1, A3, Q2, Q3, R8, TT AUTOMAT sankabos sl\u0117gio jutiklis - Erformance.eu<\/title>\n<meta name=\"robots\" content=\"index, follow, max-snippet:-1, max-image-preview:large, max-video-preview:-1\" \/>\n<link rel=\"canonical\" href=\"https:\/\/erformance.eu\/et\/toode\/audi-a1-a3-q2-q3-r8-tt-automat-sankabos-slegio-jutiklis\/\" \/>\n<meta property=\"og:locale\" content=\"et_EE\" \/>\n<meta property=\"og:type\" content=\"article\" \/>\n<meta property=\"og:title\" content=\"AUDI A1, A3, Q2, Q3, R8, TT AUTOMAT sankabos sl\u0117gio jutiklis\" \/>\n<meta property=\"og:description\" content=\"1. Prek\u0117: Sankabos sl\u0117gio jutiklis3. Gamintojas: pakeitimas4. Automobilis:AUDI A1, A3, Q2, Q3, R8, TT\" \/>\n<meta property=\"og:url\" content=\"https:\/\/erformance.eu\/et\/toode\/audi-a1-a3-q2-q3-r8-tt-automat-sankabos-slegio-jutiklis\/\" \/>\n<meta property=\"og:site_name\" content=\"Erformance.eu\" \/>\n<meta property=\"article:modified_time\" content=\"2026-03-05T16:53:44+00:00\" \/>\n<meta property=\"og:image\" content=\"https:\/\/erformance.eu\/wp-content\/uploads\/2026\/02\/pol_pm_AUDI-A1-A3-Q2-Q3-R8-TT-AUTOMAT-czujnik-cisnienia-sprzegla-36818_1.jpg\" \/>\n\t<meta property=\"og:image:width\" content=\"1200\" \/>\n\t<meta property=\"og:image:height\" content=\"1200\" \/>\n\t<meta property=\"og:image:type\" content=\"image\/jpeg\" \/>\n<meta name=\"twitter:card\" content=\"summary_large_image\" \/>\n<meta name=\"twitter:label1\" content=\"Est. reading time\" \/>\n\t<meta name=\"twitter:data1\" content=\"2 minutit\" \/>\n<script type=\"application\/ld+json\" class=\"yoast-schema-graph\">{\"@context\":\"https:\\\/\\\/schema.org\",\"@graph\":[{\"@type\":\"WebPage\",\"@id\":\"https:\\\/\\\/erformance.eu\\\/et\\\/toode\\\/audi-a1-a3-q2-q3-r8-tt-automat-sankabos-slegio-jutiklis\\\/\",\"url\":\"https:\\\/\\\/erformance.eu\\\/et\\\/toode\\\/audi-a1-a3-q2-q3-r8-tt-automat-sankabos-slegio-jutiklis\\\/\",\"name\":\"AUDI A1, A3, Q2, Q3, R8, TT AUTOMAT sankabos sl\u0117gio jutiklis - Erformance.eu\",\"isPartOf\":{\"@id\":\"https:\\\/\\\/erformance.eu\\\/et\\\/#website\"},\"primaryImageOfPage\":{\"@id\":\"https:\\\/\\\/erformance.eu\\\/et\\\/toode\\\/audi-a1-a3-q2-q3-r8-tt-automat-sankabos-slegio-jutiklis\\\/#primaryimage\"},\"image\":{\"@id\":\"https:\\\/\\\/erformance.eu\\\/et\\\/toode\\\/audi-a1-a3-q2-q3-r8-tt-automat-sankabos-slegio-jutiklis\\\/#primaryimage\"},\"thumbnailUrl\":\"https:\\\/\\\/erformance.eu\\\/wp-content\\\/uploads\\\/2026\\\/02\\\/pol_pm_AUDI-A1-A3-Q2-Q3-R8-TT-AUTOMAT-czujnik-cisnienia-sprzegla-36818_1.jpg\",\"datePublished\":\"2026-02-16T11:28:33+00:00\",\"dateModified\":\"2026-03-05T16:53:44+00:00\",\"breadcrumb\":{\"@id\":\"https:\\\/\\\/erformance.eu\\\/et\\\/toode\\\/audi-a1-a3-q2-q3-r8-tt-automat-sankabos-slegio-jutiklis\\\/#breadcrumb\"},\"inLanguage\":\"et\",\"potentialAction\":[{\"@type\":\"ReadAction\",\"target\":[\"https:\\\/\\\/erformance.eu\\\/et\\\/toode\\\/audi-a1-a3-q2-q3-r8-tt-automat-sankabos-slegio-jutiklis\\\/\"]}]},{\"@type\":\"ImageObject\",\"inLanguage\":\"et\",\"@id\":\"https:\\\/\\\/erformance.eu\\\/et\\\/toode\\\/audi-a1-a3-q2-q3-r8-tt-automat-sankabos-slegio-jutiklis\\\/#primaryimage\",\"url\":\"https:\\\/\\\/erformance.eu\\\/wp-content\\\/uploads\\\/2026\\\/02\\\/pol_pm_AUDI-A1-A3-Q2-Q3-R8-TT-AUTOMAT-czujnik-cisnienia-sprzegla-36818_1.jpg\",\"contentUrl\":\"https:\\\/\\\/erformance.eu\\\/wp-content\\\/uploads\\\/2026\\\/02\\\/pol_pm_AUDI-A1-A3-Q2-Q3-R8-TT-AUTOMAT-czujnik-cisnienia-sprzegla-36818_1.jpg\",\"width\":1200,\"height\":1200},{\"@type\":\"BreadcrumbList\",\"@id\":\"https:\\\/\\\/erformance.eu\\\/et\\\/toode\\\/audi-a1-a3-q2-q3-r8-tt-automat-sankabos-slegio-jutiklis\\\/#breadcrumb\",\"itemListElement\":[{\"@type\":\"ListItem\",\"position\":1,\"name\":\"Home\",\"item\":\"https:\\\/\\\/erformance.eu\\\/et\\\/\"},{\"@type\":\"ListItem\",\"position\":2,\"name\":\"Pood\",\"item\":\"https:\\\/\\\/erformance.eu\\\/et\\\/pood\\\/\"},{\"@type\":\"ListItem\",\"position\":3,\"name\":\"AUDI A1, A3, Q2, Q3, R8, TT AUTOMAT sankabos sl\u0117gio jutiklis\"}]},{\"@type\":\"WebSite\",\"@id\":\"https:\\\/\\\/erformance.eu\\\/et\\\/#website\",\"url\":\"https:\\\/\\\/erformance.eu\\\/et\\\/\",\"name\":\"Erformance.eu\",\"description\":\"Automobili\u0173 dali\u0173 parduotuv\u0117\",\"potentialAction\":[{\"@type\":\"SearchAction\",\"target\":{\"@type\":\"EntryPoint\",\"urlTemplate\":\"https:\\\/\\\/erformance.eu\\\/et\\\/?s={search_term_string}\"},\"query-input\":{\"@type\":\"PropertyValueSpecification\",\"valueRequired\":true,\"valueName\":\"search_term_string\"}}],\"inLanguage\":\"et\"}]}<\/script>\n<!-- \/ Yoast SEO Premium plugin. -->","yoast_head_json":{"title":"AUDI A1, A3, Q2, Q3, R8, TT AUTOMAT sankabos sl\u0117gio jutiklis - Erformance.eu","robots":{"index":"index","follow":"follow","max-snippet":"max-snippet:-1","max-image-preview":"max-image-preview:large","max-video-preview":"max-video-preview:-1"},"canonical":"https:\/\/erformance.eu\/et\/toode\/audi-a1-a3-q2-q3-r8-tt-automat-sankabos-slegio-jutiklis\/","og_locale":"et_EE","og_type":"article","og_title":"AUDI A1, A3, Q2, Q3, R8, TT AUTOMAT sankabos sl\u0117gio jutiklis","og_description":"1. Prek\u0117: Sankabos sl\u0117gio jutiklis3. Gamintojas: pakeitimas4. Automobilis:AUDI A1, A3, Q2, Q3, R8, TT","og_url":"https:\/\/erformance.eu\/et\/toode\/audi-a1-a3-q2-q3-r8-tt-automat-sankabos-slegio-jutiklis\/","og_site_name":"Erformance.eu","article_modified_time":"2026-03-05T16:53:44+00:00","og_image":[{"width":1200,"height":1200,"url":"https:\/\/erformance.eu\/wp-content\/uploads\/2026\/02\/pol_pm_AUDI-A1-A3-Q2-Q3-R8-TT-AUTOMAT-czujnik-cisnienia-sprzegla-36818_1.jpg","type":"image\/jpeg"}],"twitter_card":"summary_large_image","twitter_misc":{"Est. reading time":"2 minutit"},"schema":{"@context":"https:\/\/schema.org","@graph":[{"@type":"WebPage","@id":"https:\/\/erformance.eu\/et\/toode\/audi-a1-a3-q2-q3-r8-tt-automat-sankabos-slegio-jutiklis\/","url":"https:\/\/erformance.eu\/et\/toode\/audi-a1-a3-q2-q3-r8-tt-automat-sankabos-slegio-jutiklis\/","name":"AUDI A1, A3, Q2, Q3, R8, TT AUTOMAT sankabos sl\u0117gio jutiklis - Erformance.eu","isPartOf":{"@id":"https:\/\/erformance.eu\/et\/#website"},"primaryImageOfPage":{"@id":"https:\/\/erformance.eu\/et\/toode\/audi-a1-a3-q2-q3-r8-tt-automat-sankabos-slegio-jutiklis\/#primaryimage"},"image":{"@id":"https:\/\/erformance.eu\/et\/toode\/audi-a1-a3-q2-q3-r8-tt-automat-sankabos-slegio-jutiklis\/#primaryimage"},"thumbnailUrl":"https:\/\/erformance.eu\/wp-content\/uploads\/2026\/02\/pol_pm_AUDI-A1-A3-Q2-Q3-R8-TT-AUTOMAT-czujnik-cisnienia-sprzegla-36818_1.jpg","datePublished":"2026-02-16T11:28:33+00:00","dateModified":"2026-03-05T16:53:44+00:00","breadcrumb":{"@id":"https:\/\/erformance.eu\/et\/toode\/audi-a1-a3-q2-q3-r8-tt-automat-sankabos-slegio-jutiklis\/#breadcrumb"},"inLanguage":"et","potentialAction":[{"@type":"ReadAction","target":["https:\/\/erformance.eu\/et\/toode\/audi-a1-a3-q2-q3-r8-tt-automat-sankabos-slegio-jutiklis\/"]}]},{"@type":"ImageObject","inLanguage":"et","@id":"https:\/\/erformance.eu\/et\/toode\/audi-a1-a3-q2-q3-r8-tt-automat-sankabos-slegio-jutiklis\/#primaryimage","url":"https:\/\/erformance.eu\/wp-content\/uploads\/2026\/02\/pol_pm_AUDI-A1-A3-Q2-Q3-R8-TT-AUTOMAT-czujnik-cisnienia-sprzegla-36818_1.jpg","contentUrl":"https:\/\/erformance.eu\/wp-content\/uploads\/2026\/02\/pol_pm_AUDI-A1-A3-Q2-Q3-R8-TT-AUTOMAT-czujnik-cisnienia-sprzegla-36818_1.jpg","width":1200,"height":1200},{"@type":"BreadcrumbList","@id":"https:\/\/erformance.eu\/et\/toode\/audi-a1-a3-q2-q3-r8-tt-automat-sankabos-slegio-jutiklis\/#breadcrumb","itemListElement":[{"@type":"ListItem","position":1,"name":"Home","item":"https:\/\/erformance.eu\/et\/"},{"@type":"ListItem","position":2,"name":"Pood","item":"https:\/\/erformance.eu\/et\/pood\/"},{"@type":"ListItem","position":3,"name":"AUDI A1, A3, Q2, Q3, R8, TT AUTOMAT sankabos sl\u0117gio jutiklis"}]},{"@type":"WebSite","@id":"https:\/\/erformance.eu\/et\/#website","url":"https:\/\/erformance.eu\/et\/","name":"Erformance.eu","description":"Automobili\u0173 dali\u0173 parduotuv\u0117","potentialAction":[{"@type":"SearchAction","target":{"@type":"EntryPoint","urlTemplate":"https:\/\/erformance.eu\/et\/?s={search_term_string}"},"query-input":{"@type":"PropertyValueSpecification","valueRequired":true,"valueName":"search_term_string"}}],"inLanguage":"et"}]}},"jetpack_sharing_enabled":true,"_links":{"self":[{"href":"https:\/\/erformance.eu\/et\/wp-json\/wp\/v2\/product\/57428","targetHints":{"allow":["GET"]}}],"collection":[{"href":"https:\/\/erformance.eu\/et\/wp-json\/wp\/v2\/product"}],"about":[{"href":"https:\/\/erformance.eu\/et\/wp-json\/wp\/v2\/types\/product"}],"replies":[{"embeddable":true,"href":"https:\/\/erformance.eu\/et\/wp-json\/wp\/v2\/comments?post=57428"}],"version-history":[{"count":1,"href":"https:\/\/erformance.eu\/et\/wp-json\/wp\/v2\/product\/57428\/revisions"}],"predecessor-version":[{"id":57429,"href":"https:\/\/erformance.eu\/et\/wp-json\/wp\/v2\/product\/57428\/revisions\/57429"}],"wp:featuredmedia":[{"embeddable":true,"href":"https:\/\/erformance.eu\/et\/wp-json\/wp\/v2\/media\/54412"}],"wp:attachment":[{"href":"https:\/\/erformance.eu\/et\/wp-json\/wp\/v2\/media?parent=57428"}],"wp:term":[{"taxonomy":"product_brand","embeddable":true,"href":"https:\/\/erformance.eu\/et\/wp-json\/wp\/v2\/product_brand?post=57428"},{"taxonomy":"product_cat","embeddable":true,"href":"https:\/\/erformance.eu\/et\/wp-json\/wp\/v2\/product_cat?post=57428"},{"taxonomy":"product_tag","embeddable":true,"href":"https:\/\/erformance.eu\/et\/wp-json\/wp\/v2\/product_tag?post=57428"}],"curies":[{"name":"wp","href":"https:\/\/api.w.org\/{rel}","templated":true}]}}