{"id":57452,"date":"2026-02-16T14:28:49","date_gmt":"2026-02-16T11:28:49","guid":{"rendered":"https:\/\/erformance.eu\/?post_type=product&#038;p=57452"},"modified":"2026-03-26T02:25:37","modified_gmt":"2026-03-25T23:25:37","slug":"audi-q7-4l-07-09-galinio-bagazines-dangcio-spyna","status":"publish","type":"product","link":"https:\/\/erformance.eu\/et\/toode\/audi-q7-4l-07-09-galinio-bagazines-dangcio-spyna\/","title":{"rendered":"Audi Q7 4L 07-09 galinio baga\u017ein\u0117s dang\u010dio spyna"},"content":{"rendered":"<p>Prek\u0117: Galinio baga\u017ein\u0117s dang\u010dio u\u017eraktas<br \/>\nOriginalus numeris:<\/p>\n<p>8P4827505D<br \/>\n8P4827505C<br \/>\n8P4827505B<br \/>\n8P4827505A<\/p>\n<p>PASTABA: auk\u0161\u010diau pateikti numeriai yra original\u016bs dali\u0173 numeriai, kuriuos \u0161is pasi\u016blymas pakei\u010dia. Prie\u0161 pirkdami, palyginkite juos su originaliu dalies numeriu. Jei jie skiriasi net vienu simboliu, dalis netiks, neveiks arba veiks netinkamai. Tokiu atveju jos nepirkite.<br \/>\nAutomobilis:<br \/>\n\u201eAudi A3\u201c (8P1), gamybos metai: 2004\u20132008 (4 dur\u0173 versijos)<\/p>\n<p>Audi A3 (8P1) 1.4 TFSI (CAXC CMSA) 1390ccm 125KM\/92kW 2007\/09-2012\/08<br \/>\nAudi A3 (8P1) 1.6 (BGU BSE BSF) 1595ccm 102KM\/75kW 2003\/05-2012\/08<br \/>\nAudi A3 (8P1) 1.6 FSI (BAG BLF BLP) 1598ccm 115KM\/85kW 2003\/08-2007\/09<br \/>\nAudi A3 (8P1) 1.8 TFSI (BYT BZB CDAA) 1798ccm 160KM\/118kW 2006\/11-2012\/08<br \/>\nAudi A3 (8P1) 1.9 TDI (BKC BLS BXE) 1896ccm 105KM\/77kW 2003\/05-2010\/05<br \/>\nAudi A3 (8P1) 2.0 FSI (AXW BLR BLX BLY BMB BVY BVZ) 1984 cm3 (150 km\/110 kW) 2003\/05-2008\/06<br \/>\nAudi A3 (8P1) 2.0 TDI (AZV CBAA CFFA) 1968ccm 136KM\/100kW 2003\/05-2012\/08<br \/>\nAudi A3 (8P1) 2.0 TDI (BMM) 1968ccm 140KM\/103kW 2005\/06-2008\/06<br \/>\nAudi A3 (8P1) 2.0 TDI (BMN CBBB CFGB) 1968ccm 170KM\/125kW 2006\/03-2012\/08<br \/>\nAudi A3 (8P1) 2.0 TDI (PIRKTI) 1968ccm 163KM\/120kW 2006\/06-2008\/06<br \/>\nAudi A3 (8P1) 2.0 TDI 16V (BKD CBAB CFFB CLJA) 1968ccm 140KM\/103kW 2003\/05-2012\/08<br \/>\nAudi A3 (8P1) 2.0 TDI 16V quattro (BKD CBAB CFFB) 1968ccm 140KM\/103kW 2004\/08-2012\/08<br \/>\nAudi A3 (8P1) 2.0 TDI quattro (AZV) 1968ccm 136KM\/100kW 2003\/05-2008\/06<br \/>\nAudi A3 (8P1) 2.0 TDI quattro (BMM) 1968ccm 140KM\/103kW 2006\/01-2008\/06<br \/>\nAudi A3 (8P1) 2.0 TDI quattro (BMN CBBB CFGB) 1968 cm3 (170 km\/125 kW) 2006-03-2012<br \/>\nAudi A3 (8P1) 2.0 TFSI (AXX BWA CAWB CCZA) 1984ccm 200KM\/147kW 2004\/09-2012\/08<br \/>\nAudi A3 (8P1) 2.0 TFSI quattro (AXX BWA CCZA) 1984 cm\u00b3 (2004-09 &#8211; 2012-08) 200 km\/147 kW<br \/>\nAudi A3 (8P1) 3.2 V6 quattro (BDB BMJ BUB) 3189ccm 250KM\/184kW 2003\/07-2009\/05<br \/>\nAudi A3 (8P1) S3 quattro (BHZ CDLA) 1984ccm 265KM\/195kW 2006\/11-2012\/08<br \/>\nAudi A3 (8P1) S3 quattro (BZC CDLC) 1984ccm 256KM\/188kW 2007\/02-2012\/08<\/p>\n<p>Audi A4 Avant (8ED, B7), gamybos metai: 2005-2008<\/p>\n<p>Audi A4 Avant (8ED, B7) 1.6 (ALZ) 1595ccm 102KM\/75kW 2004\/11 &#8211; 2008\/06<br \/>\nAudi A4 Avant (8ED, B7) 1.8 T (BFB) 1781ccm 163KM\/120kW 2004\/11\u20132008\/06<br \/>\nAudi A4 Avant (8ED, B7) 1.8 T quattro (BFC) 1781 cm\u00b3 (163 km\/120 kW) 2004-11-2008<br \/>\nAudi A4 Avant (8ED, B7) 1.9 TDI (BKE BRB) 1896ccm 116KM\/85kW 2004\/11 &#8211; 2008\/06<br \/>\nAudi A4 Avant (8ED, B7) 2.0 (ALT) 1984ccm 130KM\/96kW 2004\/11 &#8211; 2008\/06<br \/>\nAudi A4 Avant (8ED, B7) 2.0 TDI (BNA BRF) 1968ccm 136KM\/100kW 2004\/11-2008\/06<br \/>\nAudi A4 Avant (8ED, B7) 2.0 TDI (BPW) 1968ccm 140KM\/103kW 2004\/11-2008\/06<br \/>\nAudi A4 Avant (8ED, B7) 2.0 TDI (BRD) 1968ccm 170AG\/125kW 2006\/06-2008\/06<br \/>\nAudi A4 Avant (8ED, B7) 2.0 TDI (BVF) 1968ccm 126KM\/93kW 2005\/11-2006\/11<br \/>\nAudi A4 Avant (8ED, B7) 2.0 TDI 16V (BLB BRE) 1968ccm 140KM\/103kW 2004\/11-2008\/06<br \/>\nAudi A4 Avant (8ED, B7) 2.0 TDI quattro (BWY) 1968 cm\u00b3 (140 km\/103kW) 2006-01-2008-06<br \/>\nAudi A4 Avant (8ED, B7) 2.0 TDI quattro (BRD) 1968ccm 170KM\/125kW 2006\/06-2008\/06<br \/>\nAudi A4 Avant (8ED, B7) 2.0 TFSI (BGB BPG BWE) 1984ccm 200KM\/147kW 2004\/11-2008\/06<br \/>\nAudi A4 Avant (8ED, B7) 2.0 TFSI (BPJ BYK) 1984ccm 170KM\/125kW 2006\/10-2008\/06<br \/>\nAudi A4 Avant (8ED, B7) 2.0 TFSI (BUL) 1984ccm 220KM\/162kW 2005\/06-2008\/06<br \/>\nAudi A4 Avant (8ED, B7) 2.0 TFSI quattro (BGB BPG BWE BWT) 1984ccm 200KM\/147kW 2004\/11 &#8211; 2008\/06<br \/>\nAudi A4 Avant (8ED, B7) 2.0 TFSI quattro (BUL) 1984ccm 220KM\/162kW 2005\/06-2008\/06<br \/>\nAudi A4 Avant (8ED, B7) 2.5 TDI (BDG) 2496ccm 163KM\/120kW 2004\/11 &#8211; 2006\/05<br \/>\nAudi A4 Avant (8ED, B7) 2.7 TDI (BPP) 2698ccm 180KM\/132kW 2006\/01-2008\/06<br \/>\nAudi A4 Avant (8ED, B7) 2.7 TDi (BSG) 2698ccm 163KM\/120kW 2005\/11 &#8211; 2008\/03<br \/>\nAudi A4 Avant (8ED, B7) 3.0 (BBJ) 2976ccm 218KM\/160kW 2004\/11\u20132006\/05<br \/>\nAudi A4 Avant (8ED, B7) 3.0 TDI quattro (ASB) 2967ccm 233KM\/171kW 2006\/01-2008\/06<br \/>\nAudi A4 Avant (8ED, B7) 3.0 TDI quattro (BKN) 2967ccm 204KM\/150kW 2004\/11-2008\/06<br \/>\nAudi A4 Avant (8ED, B7) 3.0 quattro (BBJ) 2976ccm 218KM\/160kW 2004\/11-2006\/07<br \/>\nAudi A4 Avant (8ED, B7) 3.2 FSI (AUK) 3123ccm 255KM\/188kW 2005\/01-2008\/06<br \/>\nAudi A4 Avant (8ED, B7) 3.2 FSI quattro (AUK BKH) 3123ccm 255KM\/188kW 2005\/01-2008\/06<br \/>\nAudi A4 Avant (8ED, B7) RS4 quattro (BNS) 4163ccm 420KM\/309kW 2005\/09-2008\/06<br \/>\nAudi A4 Avant (8ED, B7) S4 quattro (BBK) 4163ccm 344KM\/253kW 2004\/11-2008\/06<\/p>\n<p>Audi A6 Avant (4F5, C6), rok produkcji: 2005-2008<\/p>\n<p>Audi A6 Avant (4F5, C6) 2.0 TDI (BLB BRE) 1968ccm 140KM\/103kW 2005\/06-2008\/10<br \/>\nAudi A6 Avant (4F5, C6) 2.0 TDI (BNA BRF CAGB) 1968ccm 136KM\/100kW 2005\/06-2011\/08<br \/>\nAudi A6 Avant (4F5, C6) 2.0 TDI (BVG) 1968ccm 121KM\/89kW 2005\/09-2006\/06<br \/>\nAudi A6 Avant (4F5, C6) 2.0 TFSI (BPJ) 1984ccm 170KM\/125kW 2005\/06-2011\/08<br \/>\nAudi A6 Avant (4F5, C6) 2.4 (BDW) 2393ccm 177KM\/130kW 2005\/03-2008\/10<br \/>\nAudi A6 Avant (4F5, C6) 2.4 quattro (BDW) 2393ccm 177KM\/130kW 2005\/03-2008\/10<br \/>\nAudi A6 Avant (4F5, C6) 2.7 TDI (BPP) 2698ccm 180KM\/132kW 2005\/03-2008\/10<br \/>\nAudi A6 Avant (4F5, C6) 2.7 TDI (BSG CANB) 2698ccm 163KM\/120kW 2005\/03-2011\/08<br \/>\nAudi A6 Avant (4F5, C6) 2.7 TDI quattro (BPP) 2698ccm 180KM\/132kW 2004\/11-2008\/10<br \/>\nAudi A6 Avant (4F5, C6) 2.7 TDI quattro (BSG CAND) 2698ccm 163KM\/120kW 2005\/06-2011\/08<br \/>\nAudi A6 Avant (4F5, C6) 2.8 FSI (BDX) 2773ccm 210KM\/154kW 2006\/11-2008\/10<br \/>\nAudi A6 Avant (4F5, C6) 2.8 FSI quattro (BDX) 2773ccm 210KM\/154kW 2007\/06-2008\/10<br \/>\nAudi A6 Avant (4F5, C6) 3.0 (BBJ) 2976ccm 218KM\/160kW 2005\/03-2006\/05<br \/>\nAudi A6 Avant (4F5, C6) 3.0 TDI quattro (ASB) 2967ccm 233KM\/171kW 2006\/06-2008\/10<br \/>\nAudi A6 Avant (4F5, C6) 3.0 TDI quattro (BMK) 2967ccm 225KM\/165kW 2005\/03-2006\/05<br \/>\nAudi A6 Avant (4F5, C6) 3.0 TDI quattro (BNG CDYB) 2967ccm 211KM\/155kW 2005\/03-2011\/08<br \/>\nAudi A6 Avant (4F5, C6) 3.0 quattro (BBJ) 2976ccm 218KM\/160kW 2005\/03-2006\/05<br \/>\nAudi A6 Avant (4F5, C6) 3.2 FSI (AUK) 3123ccm 255KM\/188kW 2005\/03-2008\/10<br \/>\nAudi A6 Avant (4F5, C6) 3.2 FSI quattro (AUK BKH) 3123ccm 255KM\/188kW 2005\/03-2008\/10<br \/>\nAudi A6 Avant (4F5, C6) 4.2 FSI quattro (BVJ) 4163ccm 350KM\/257kW 2006\/06-2011\/08<br \/>\nAudi A6 Avant (4F5, C6) 4.2 quattro (BAT) 4163ccm 335KM\/246kW 2005\/03-2006\/05<br \/>\nAudi A6 Avant (4F5, C6) S6 quattro (BXA) 5204ccm 435KM\/320kW 2006\/03-2011\/08<\/p>\n<p>Audi Q7 (4LB), rok produkcji: 2007-2009<\/p>\n<p>Audi Q7 (4LB) 3.0 TDI quattro (BUG) 2967ccm 233KM\/171kW 2006\/03-2008\/05<br \/>\nAudi Q7 (4LB) 3.0 TDI quattro (BUN CASB) 2967ccm 211KM\/155kW 2006\/03-2010\/05<br \/>\nAudi Q7 (4LB) 3.0 TDI quattro (CASA CCMA CJGA CNRB) 2967ccm 240KM\/176kW 2007\/11-2015\/08<br \/>\nAudi Q7 (4LB) 3.6 FSI quattro (BHK) 3597ccm 280KM\/206kW 2006\/08-2010\/05<br \/>\nAudi Q7 (4LB) 4.2 FSI quattro (BAR) 4163ccm 350KM\/257kW 2006\/03-2010\/05<br \/>\nAudi Q7 (4LB) 4.2 TDI quattro (BTR) 4134ccm 326KM\/240kW 2007\/03-2009\/06<\/p>\n<p>Audi TT (8J3), rok produkcji: 2007-2014<\/p>\n<p>Audi TT (8J3) 1.8 TFSI (CDAA) 1798ccm 160KM\/118kW 2008\/06-2014\/06<br \/>\nAudi TT (8J3) 2.0 TDI quattro (CBBB CFGB) 1968ccm 170KM\/125kW 2008\/06-2014\/06<br \/>\nAudi TT (8J3) 2.0 TFSI (BPY BWA CCTA) 1984ccm 200KM\/147kW 2006\/08-2010\/06<br \/>\nAudi TT (8J3) 2.0 TFSI (CESA) 1984ccm 211KM\/155kW 2010\/05-2014\/06<br \/>\nAudi TT (8J3) 2.0 TFSI quattro (CCTA CCZA) 1984ccm 200KM\/147kW 2008\/06-2010\/06<br \/>\nAudi TT (8J3) 2.0 TFSI quattro (CESA CETA) 1984ccm 211KM\/155kW 2010\/05-2014\/06<br \/>\nAudi TT (8J3) 2.0 TTS quattro (CDLA CDMA) 1984ccm 265KM\/195kW 2008\/05-2014\/06<br \/>\nAudi TT (8J3) 2.0 TTS quattro (CDLB) 1984ccm 272KM\/200kW 2008\/05-2014\/06<br \/>\nAudi TT (8J3) 2.5 RS quattro (CEPA) 2480ccm 340KM\/250kW 2009\/07-2014\/06<br \/>\nAudi TT (8J3) 2.5 RS quattro (CEPB) 2480ccm 360KM\/265kW 2011\/05-2014\/06<br \/>\nAudi TT (8J3) 3.2 V6 quattro (BUB CBRA) 3189ccm 250KM\/184kW 2006\/08-2010\/06<\/p>\n<p>Audi TT Roadster (8J9), rok produkcji: 2007-2014<\/p>\n<p>Audi TT Roadster (8J9) 1.8 TFSI (CDAA) 1798ccm 160KM\/118kW 2008\/06-2014\/06<br \/>\nAudi TT Roadster (8J9) 2.0 TDI quattro (CBBB CFGB) 1968ccm 170KM\/125kW 2008\/06-2014\/06<br \/>\nAudi TT Roadster (8J9) 2.0 TFSI (BPY BWA CCTA) 1984ccm 200KM\/147kW 2007\/03-2010\/06<br \/>\nAudi TT Roadster (8J9) 2.0 TFSI (CESA) 1984ccm 211KM\/155kW 2010\/05-2014\/06<br \/>\nAudi TT Roadster (8J9) 2.0 TFSI quattro (CCTA CCZA) 1984ccm 200KM\/147kW 2008\/06-2010\/06<br \/>\nAudi TT Roadster (8J9) 2.0 TFSI quattro (CESA CETA) 1984ccm 211KM\/155kW 2010\/05-2014\/06<br \/>\nAudi TT Roadster (8J9) 2.0 TTS quattro (CDLA CDMA) 1984ccm 265KM\/195kW 2008\/05-2014\/06<br \/>\nAudi TT Roadster (8J9) 2.0 TTS quattro (CDLB) 1984ccm 272KM\/200kW 2008\/05-2014\/06<br \/>\nAudi TT Roadster (8J9) 2.5 RS quattro (CEPA) 2480ccm 340KM\/250kW 2009\/07-2014\/06<br \/>\nAudi TT Roadster (8J9) 2.5 RS quattro (CEPB) 2480ccm 360KM\/265kW 2012\/03-2014\/06<br \/>\nAudi TT Roadster (8J9) 3.2 V6 quattro (BUB CBRA) 3189ccm 250KM\/184kW 2007\/03-2010\/06<\/p>\n<p>Producent: zamiennik<br \/>\nStan techniczny: przedmiot jest fabrycznie NOWY, nieu\u017cywany, nieuszkodzony i niezniszczony<\/p>\n","protected":false},"excerpt":{"rendered":"<p>1. Prek\u0117: Galinio baga\u017ein\u0117s dang\u010dio u\u017eraktas2. Gamintojas: pakeitimas3. Automobilis:Audi A3 8P 04-08 4DAudi A4 B7 AVANT 05-08Audi A6 C6 AVANT 05-08Audi Q7 4L 07-09Audi TT 8J 07-14<\/p>\n","protected":false},"featured_media":54534,"comment_status":"open","ping_status":"closed","template":"","meta":[],"product_brand":[],"product_cat":[3930,144,3970,4175,4370,400],"product_tag":[],"class_list":{"0":"post-57452","1":"product","2":"type-product","3":"status-publish","4":"has-post-thumbnail","6":"product_cat-audi-q7-4l","7":"product_cat-audi","8":"product_cat-audi-q7-4l-isores-dalys","9":"product_cat-audi-q7-4l-isores-kitos-dalys","10":"product_cat-audi-q7-4l-mechanizmai-valytuvai","11":"product_cat-audi-q7","13":"first","14":"instock","15":"shipping-taxable","16":"purchasable","17":"product-type-simple"},"yoast_head":"<!-- This site is optimized with the Yoast SEO Premium plugin v25.2 (Yoast SEO v27.4) - https:\/\/yoast.com\/product\/yoast-seo-premium-wordpress\/ -->\n<title>Audi Q7 4L 07-09 galinio baga\u017ein\u0117s dang\u010dio spyna - Erformance.eu<\/title>\n<meta name=\"robots\" content=\"index, follow, max-snippet:-1, max-image-preview:large, max-video-preview:-1\" \/>\n<link rel=\"canonical\" href=\"https:\/\/erformance.eu\/et\/toode\/audi-q7-4l-07-09-galinio-bagazines-dangcio-spyna\/\" \/>\n<meta property=\"og:locale\" content=\"et_EE\" \/>\n<meta property=\"og:type\" content=\"article\" \/>\n<meta property=\"og:title\" content=\"Audi Q7 4L 07-09 galinio baga\u017ein\u0117s dang\u010dio spyna\" \/>\n<meta property=\"og:description\" content=\"1. Prek\u0117: Galinio baga\u017ein\u0117s dang\u010dio u\u017eraktas2. Gamintojas: pakeitimas3. Automobilis:Audi A3 8P 04-08 4DAudi A4 B7 AVANT 05-08Audi A6 C6 AVANT 05-08Audi Q7 4L 07-09Audi TT 8J 07-14\" \/>\n<meta property=\"og:url\" content=\"https:\/\/erformance.eu\/et\/toode\/audi-q7-4l-07-09-galinio-bagazines-dangcio-spyna\/\" \/>\n<meta property=\"og:site_name\" content=\"Erformance.eu\" \/>\n<meta property=\"article:modified_time\" content=\"2026-03-25T23:25:37+00:00\" \/>\n<meta property=\"og:image\" content=\"https:\/\/erformance.eu\/wp-content\/uploads\/2026\/02\/pol_pm_Audi-Q7-4L-07-09-zamek-tylnej-klapy-bagaznika-22354_1.jpg\" \/>\n\t<meta property=\"og:image:width\" content=\"1200\" \/>\n\t<meta property=\"og:image:height\" content=\"900\" \/>\n\t<meta property=\"og:image:type\" content=\"image\/jpeg\" \/>\n<meta name=\"twitter:card\" content=\"summary_large_image\" \/>\n<meta name=\"twitter:label1\" content=\"Est. reading time\" \/>\n\t<meta name=\"twitter:data1\" content=\"6 minutit\" \/>\n<script type=\"application\/ld+json\" class=\"yoast-schema-graph\">{\"@context\":\"https:\\\/\\\/schema.org\",\"@graph\":[{\"@type\":\"WebPage\",\"@id\":\"https:\\\/\\\/erformance.eu\\\/et\\\/toode\\\/audi-q7-4l-07-09-galinio-bagazines-dangcio-spyna\\\/\",\"url\":\"https:\\\/\\\/erformance.eu\\\/et\\\/toode\\\/audi-q7-4l-07-09-galinio-bagazines-dangcio-spyna\\\/\",\"name\":\"Audi Q7 4L 07-09 galinio baga\u017ein\u0117s dang\u010dio spyna - Erformance.eu\",\"isPartOf\":{\"@id\":\"https:\\\/\\\/erformance.eu\\\/et\\\/#website\"},\"primaryImageOfPage\":{\"@id\":\"https:\\\/\\\/erformance.eu\\\/et\\\/toode\\\/audi-q7-4l-07-09-galinio-bagazines-dangcio-spyna\\\/#primaryimage\"},\"image\":{\"@id\":\"https:\\\/\\\/erformance.eu\\\/et\\\/toode\\\/audi-q7-4l-07-09-galinio-bagazines-dangcio-spyna\\\/#primaryimage\"},\"thumbnailUrl\":\"https:\\\/\\\/erformance.eu\\\/wp-content\\\/uploads\\\/2026\\\/02\\\/pol_pm_Audi-Q7-4L-07-09-zamek-tylnej-klapy-bagaznika-22354_1.jpg\",\"datePublished\":\"2026-02-16T11:28:49+00:00\",\"dateModified\":\"2026-03-25T23:25:37+00:00\",\"breadcrumb\":{\"@id\":\"https:\\\/\\\/erformance.eu\\\/et\\\/toode\\\/audi-q7-4l-07-09-galinio-bagazines-dangcio-spyna\\\/#breadcrumb\"},\"inLanguage\":\"et\",\"potentialAction\":[{\"@type\":\"ReadAction\",\"target\":[\"https:\\\/\\\/erformance.eu\\\/et\\\/toode\\\/audi-q7-4l-07-09-galinio-bagazines-dangcio-spyna\\\/\"]}]},{\"@type\":\"ImageObject\",\"inLanguage\":\"et\",\"@id\":\"https:\\\/\\\/erformance.eu\\\/et\\\/toode\\\/audi-q7-4l-07-09-galinio-bagazines-dangcio-spyna\\\/#primaryimage\",\"url\":\"https:\\\/\\\/erformance.eu\\\/wp-content\\\/uploads\\\/2026\\\/02\\\/pol_pm_Audi-Q7-4L-07-09-zamek-tylnej-klapy-bagaznika-22354_1.jpg\",\"contentUrl\":\"https:\\\/\\\/erformance.eu\\\/wp-content\\\/uploads\\\/2026\\\/02\\\/pol_pm_Audi-Q7-4L-07-09-zamek-tylnej-klapy-bagaznika-22354_1.jpg\",\"width\":1200,\"height\":900},{\"@type\":\"BreadcrumbList\",\"@id\":\"https:\\\/\\\/erformance.eu\\\/et\\\/toode\\\/audi-q7-4l-07-09-galinio-bagazines-dangcio-spyna\\\/#breadcrumb\",\"itemListElement\":[{\"@type\":\"ListItem\",\"position\":1,\"name\":\"Home\",\"item\":\"https:\\\/\\\/erformance.eu\\\/et\\\/\"},{\"@type\":\"ListItem\",\"position\":2,\"name\":\"Pood\",\"item\":\"https:\\\/\\\/erformance.eu\\\/et\\\/pood\\\/\"},{\"@type\":\"ListItem\",\"position\":3,\"name\":\"Audi Q7 4L 07-09 galinio baga\u017ein\u0117s dang\u010dio spyna\"}]},{\"@type\":\"WebSite\",\"@id\":\"https:\\\/\\\/erformance.eu\\\/et\\\/#website\",\"url\":\"https:\\\/\\\/erformance.eu\\\/et\\\/\",\"name\":\"Erformance.eu\",\"description\":\"Automobili\u0173 dali\u0173 parduotuv\u0117\",\"potentialAction\":[{\"@type\":\"SearchAction\",\"target\":{\"@type\":\"EntryPoint\",\"urlTemplate\":\"https:\\\/\\\/erformance.eu\\\/et\\\/?s={search_term_string}\"},\"query-input\":{\"@type\":\"PropertyValueSpecification\",\"valueRequired\":true,\"valueName\":\"search_term_string\"}}],\"inLanguage\":\"et\"}]}<\/script>\n<!-- \/ Yoast SEO Premium plugin. -->","yoast_head_json":{"title":"Audi Q7 4L 07-09 galinio baga\u017ein\u0117s dang\u010dio spyna - Erformance.eu","robots":{"index":"index","follow":"follow","max-snippet":"max-snippet:-1","max-image-preview":"max-image-preview:large","max-video-preview":"max-video-preview:-1"},"canonical":"https:\/\/erformance.eu\/et\/toode\/audi-q7-4l-07-09-galinio-bagazines-dangcio-spyna\/","og_locale":"et_EE","og_type":"article","og_title":"Audi Q7 4L 07-09 galinio baga\u017ein\u0117s dang\u010dio spyna","og_description":"1. Prek\u0117: Galinio baga\u017ein\u0117s dang\u010dio u\u017eraktas2. Gamintojas: pakeitimas3. Automobilis:Audi A3 8P 04-08 4DAudi A4 B7 AVANT 05-08Audi A6 C6 AVANT 05-08Audi Q7 4L 07-09Audi TT 8J 07-14","og_url":"https:\/\/erformance.eu\/et\/toode\/audi-q7-4l-07-09-galinio-bagazines-dangcio-spyna\/","og_site_name":"Erformance.eu","article_modified_time":"2026-03-25T23:25:37+00:00","og_image":[{"width":1200,"height":900,"url":"https:\/\/erformance.eu\/wp-content\/uploads\/2026\/02\/pol_pm_Audi-Q7-4L-07-09-zamek-tylnej-klapy-bagaznika-22354_1.jpg","type":"image\/jpeg"}],"twitter_card":"summary_large_image","twitter_misc":{"Est. reading time":"6 minutit"},"schema":{"@context":"https:\/\/schema.org","@graph":[{"@type":"WebPage","@id":"https:\/\/erformance.eu\/et\/toode\/audi-q7-4l-07-09-galinio-bagazines-dangcio-spyna\/","url":"https:\/\/erformance.eu\/et\/toode\/audi-q7-4l-07-09-galinio-bagazines-dangcio-spyna\/","name":"Audi Q7 4L 07-09 galinio baga\u017ein\u0117s dang\u010dio spyna - Erformance.eu","isPartOf":{"@id":"https:\/\/erformance.eu\/et\/#website"},"primaryImageOfPage":{"@id":"https:\/\/erformance.eu\/et\/toode\/audi-q7-4l-07-09-galinio-bagazines-dangcio-spyna\/#primaryimage"},"image":{"@id":"https:\/\/erformance.eu\/et\/toode\/audi-q7-4l-07-09-galinio-bagazines-dangcio-spyna\/#primaryimage"},"thumbnailUrl":"https:\/\/erformance.eu\/wp-content\/uploads\/2026\/02\/pol_pm_Audi-Q7-4L-07-09-zamek-tylnej-klapy-bagaznika-22354_1.jpg","datePublished":"2026-02-16T11:28:49+00:00","dateModified":"2026-03-25T23:25:37+00:00","breadcrumb":{"@id":"https:\/\/erformance.eu\/et\/toode\/audi-q7-4l-07-09-galinio-bagazines-dangcio-spyna\/#breadcrumb"},"inLanguage":"et","potentialAction":[{"@type":"ReadAction","target":["https:\/\/erformance.eu\/et\/toode\/audi-q7-4l-07-09-galinio-bagazines-dangcio-spyna\/"]}]},{"@type":"ImageObject","inLanguage":"et","@id":"https:\/\/erformance.eu\/et\/toode\/audi-q7-4l-07-09-galinio-bagazines-dangcio-spyna\/#primaryimage","url":"https:\/\/erformance.eu\/wp-content\/uploads\/2026\/02\/pol_pm_Audi-Q7-4L-07-09-zamek-tylnej-klapy-bagaznika-22354_1.jpg","contentUrl":"https:\/\/erformance.eu\/wp-content\/uploads\/2026\/02\/pol_pm_Audi-Q7-4L-07-09-zamek-tylnej-klapy-bagaznika-22354_1.jpg","width":1200,"height":900},{"@type":"BreadcrumbList","@id":"https:\/\/erformance.eu\/et\/toode\/audi-q7-4l-07-09-galinio-bagazines-dangcio-spyna\/#breadcrumb","itemListElement":[{"@type":"ListItem","position":1,"name":"Home","item":"https:\/\/erformance.eu\/et\/"},{"@type":"ListItem","position":2,"name":"Pood","item":"https:\/\/erformance.eu\/et\/pood\/"},{"@type":"ListItem","position":3,"name":"Audi Q7 4L 07-09 galinio baga\u017ein\u0117s dang\u010dio spyna"}]},{"@type":"WebSite","@id":"https:\/\/erformance.eu\/et\/#website","url":"https:\/\/erformance.eu\/et\/","name":"Erformance.eu","description":"Automobili\u0173 dali\u0173 parduotuv\u0117","potentialAction":[{"@type":"SearchAction","target":{"@type":"EntryPoint","urlTemplate":"https:\/\/erformance.eu\/et\/?s={search_term_string}"},"query-input":{"@type":"PropertyValueSpecification","valueRequired":true,"valueName":"search_term_string"}}],"inLanguage":"et"}]}},"jetpack_sharing_enabled":true,"_links":{"self":[{"href":"https:\/\/erformance.eu\/et\/wp-json\/wp\/v2\/product\/57452","targetHints":{"allow":["GET"]}}],"collection":[{"href":"https:\/\/erformance.eu\/et\/wp-json\/wp\/v2\/product"}],"about":[{"href":"https:\/\/erformance.eu\/et\/wp-json\/wp\/v2\/types\/product"}],"replies":[{"embeddable":true,"href":"https:\/\/erformance.eu\/et\/wp-json\/wp\/v2\/comments?post=57452"}],"version-history":[{"count":1,"href":"https:\/\/erformance.eu\/et\/wp-json\/wp\/v2\/product\/57452\/revisions"}],"predecessor-version":[{"id":57453,"href":"https:\/\/erformance.eu\/et\/wp-json\/wp\/v2\/product\/57452\/revisions\/57453"}],"wp:featuredmedia":[{"embeddable":true,"href":"https:\/\/erformance.eu\/et\/wp-json\/wp\/v2\/media\/54534"}],"wp:attachment":[{"href":"https:\/\/erformance.eu\/et\/wp-json\/wp\/v2\/media?parent=57452"}],"wp:term":[{"taxonomy":"product_brand","embeddable":true,"href":"https:\/\/erformance.eu\/et\/wp-json\/wp\/v2\/product_brand?post=57452"},{"taxonomy":"product_cat","embeddable":true,"href":"https:\/\/erformance.eu\/et\/wp-json\/wp\/v2\/product_cat?post=57452"},{"taxonomy":"product_tag","embeddable":true,"href":"https:\/\/erformance.eu\/et\/wp-json\/wp\/v2\/product_tag?post=57452"}],"curies":[{"name":"wp","href":"https:\/\/api.w.org\/{rel}","templated":true}]}}