{"id":57478,"date":"2026-02-16T14:29:05","date_gmt":"2026-02-16T11:29:05","guid":{"rendered":"https:\/\/erformance.eu\/?post_type=product&#038;p=57478"},"modified":"2026-03-12T18:49:44","modified_gmt":"2026-03-12T15:49:44","slug":"audi-a4-b7-04-09-priekinis-kaires-puses-rato-arkos-spoileris-purvasaugiui","status":"publish","type":"product","link":"https:\/\/erformance.eu\/et\/toode\/audi-a4-b7-04-09-priekinis-kaires-puses-rato-arkos-spoileris-purvasaugiui\/","title":{"rendered":"Audi A4 B7 04-09 priekinis kair\u0117s pus\u0117s rato arkos spoileris purvasaugiui"},"content":{"rendered":"<p>Prek\u0117: priekinio purvasaugio rato arkos spoileris<br \/>\nPus\u0117: Kair\u0117 (vairuotojo pus\u0117)<br \/>\nOriginalus numeris:<\/p>\n<p>8E0853887A<br \/>\n8E0853887 A<br \/>\n8E0 853 887A<br \/>\n8E0 853 887 A<\/p>\n<p>PASTABA: auk\u0161\u010diau pateikti numeriai yra original\u016bs dali\u0173 numeriai, kuriuos \u0161is pasi\u016blymas pakei\u010dia. Prie\u0161 pirkdami, palyginkite juos su originaliu dalies numeriu. Jei jie skiriasi net vienu simboliu, dalis netiks, neveiks arba veiks netinkamai. Tokiu atveju jos nepirkite.<br \/>\nAutomobilis:<\/p>\n<p>Audi A4 B6 (8E2), pagaminimo metai: 2000\u20132004<br \/>\nAudi A4 B6 Avant (8E5), gamybos metai: 2001-2004<br \/>\nAudi A4 B6 kabrioletas (8H7), pagaminimo metai: 2002\u20132005<br \/>\nAudi A4 B7 (8EC), gamybos metai: 2004-2008<br \/>\nAudi A4 B7 Avant (8ED), gamybos metai: 2004-2008<br \/>\nAudi A4 B7 kabrioletas (8HE), pagaminimo metai: 2005\u20132009<br \/>\nSeat EXEO (3R2), pagaminimo metai: 2008\u20132013<br \/>\nS\u0117dyn\u0117 EXEO ST (3R5), pagaminimo metai: 2009\u20132013<\/p>\n<p>Gamintojas: pakaitalas<br \/>\nTechnin\u0117 b\u016bkl\u0117: prek\u0117 yra visi\u0161kai nauja, nenaudota, nepa\u017eeista ir nesugadinta<br \/>\nPastaba: Netinka \u201eAudi A4 S4\u201c paketui<\/p>\n","protected":false},"excerpt":{"rendered":"<p>1. Prek\u0117: priekinio purvasaugio rato arkos spoileris2. Pus\u0117: kair\u01173. Gamintojas: pakeitimas4. Automobilis:Audi A4 B6 00-05Audi A4 B7 04-09Seat Exeo 08-13<\/p>\n","protected":false},"featured_media":54637,"comment_status":"open","ping_status":"closed","template":"","meta":[],"product_brand":[],"product_cat":[390,144,3910,4077,3950],"product_tag":[],"class_list":{"0":"post-57478","1":"product","2":"type-product","3":"status-publish","4":"has-post-thumbnail","6":"product_cat-audi-a4","7":"product_cat-audi","8":"product_cat-audi-a4-b7","9":"product_cat-audi-a4-b7-bamperiai-ju-dalys","10":"product_cat-audi-a4-b7-isores-dalys","12":"first","13":"instock","14":"shipping-taxable","15":"purchasable","16":"product-type-simple"},"yoast_head":"<!-- This site is optimized with the Yoast SEO Premium plugin v25.2 (Yoast SEO v27.5) - https:\/\/yoast.com\/product\/yoast-seo-premium-wordpress\/ -->\n<title>Audi A4 B7 04-09 priekinis kair\u0117s pus\u0117s rato arkos spoileris purvasaugiui - Erformance.eu<\/title>\n<meta name=\"robots\" content=\"index, follow, max-snippet:-1, max-image-preview:large, max-video-preview:-1\" \/>\n<link rel=\"canonical\" href=\"https:\/\/erformance.eu\/et\/toode\/audi-a4-b7-04-09-priekinis-kaires-puses-rato-arkos-spoileris-purvasaugiui\/\" \/>\n<meta property=\"og:locale\" content=\"et_EE\" \/>\n<meta property=\"og:type\" content=\"article\" \/>\n<meta property=\"og:title\" content=\"Audi A4 B7 04-09 priekinis kair\u0117s pus\u0117s rato arkos spoileris purvasaugiui\" \/>\n<meta property=\"og:description\" content=\"1. Prek\u0117: priekinio purvasaugio rato arkos spoileris2. Pus\u0117: kair\u01173. Gamintojas: pakeitimas4. Automobilis:Audi A4 B6 00-05Audi A4 B7 04-09Seat Exeo 08-13\" \/>\n<meta property=\"og:url\" content=\"https:\/\/erformance.eu\/et\/toode\/audi-a4-b7-04-09-priekinis-kaires-puses-rato-arkos-spoileris-purvasaugiui\/\" \/>\n<meta property=\"og:site_name\" content=\"Erformance.eu\" \/>\n<meta property=\"article:modified_time\" content=\"2026-03-12T15:49:44+00:00\" \/>\n<meta property=\"og:image\" content=\"https:\/\/erformance.eu\/wp-content\/uploads\/2026\/02\/pol_pm_Audi-A4-B7-04-09-spoiler-nadkola-do-chlapacza-przod-lewy-34759_1.jpg\" \/>\n\t<meta property=\"og:image:width\" content=\"1200\" \/>\n\t<meta property=\"og:image:height\" content=\"1200\" \/>\n\t<meta property=\"og:image:type\" content=\"image\/jpeg\" \/>\n<meta name=\"twitter:card\" content=\"summary_large_image\" \/>\n<meta name=\"twitter:label1\" content=\"Est. reading time\" \/>\n\t<meta name=\"twitter:data1\" content=\"1 minut\" \/>\n<script type=\"application\/ld+json\" class=\"yoast-schema-graph\">{\"@context\":\"https:\\\/\\\/schema.org\",\"@graph\":[{\"@type\":\"WebPage\",\"@id\":\"https:\\\/\\\/erformance.eu\\\/et\\\/toode\\\/audi-a4-b7-04-09-priekinis-kaires-puses-rato-arkos-spoileris-purvasaugiui\\\/\",\"url\":\"https:\\\/\\\/erformance.eu\\\/et\\\/toode\\\/audi-a4-b7-04-09-priekinis-kaires-puses-rato-arkos-spoileris-purvasaugiui\\\/\",\"name\":\"Audi A4 B7 04-09 priekinis kair\u0117s pus\u0117s rato arkos spoileris purvasaugiui - Erformance.eu\",\"isPartOf\":{\"@id\":\"https:\\\/\\\/erformance.eu\\\/et\\\/#website\"},\"primaryImageOfPage\":{\"@id\":\"https:\\\/\\\/erformance.eu\\\/et\\\/toode\\\/audi-a4-b7-04-09-priekinis-kaires-puses-rato-arkos-spoileris-purvasaugiui\\\/#primaryimage\"},\"image\":{\"@id\":\"https:\\\/\\\/erformance.eu\\\/et\\\/toode\\\/audi-a4-b7-04-09-priekinis-kaires-puses-rato-arkos-spoileris-purvasaugiui\\\/#primaryimage\"},\"thumbnailUrl\":\"https:\\\/\\\/erformance.eu\\\/wp-content\\\/uploads\\\/2026\\\/02\\\/pol_pm_Audi-A4-B7-04-09-spoiler-nadkola-do-chlapacza-przod-lewy-34759_1.jpg\",\"datePublished\":\"2026-02-16T11:29:05+00:00\",\"dateModified\":\"2026-03-12T15:49:44+00:00\",\"breadcrumb\":{\"@id\":\"https:\\\/\\\/erformance.eu\\\/et\\\/toode\\\/audi-a4-b7-04-09-priekinis-kaires-puses-rato-arkos-spoileris-purvasaugiui\\\/#breadcrumb\"},\"inLanguage\":\"et\",\"potentialAction\":[{\"@type\":\"ReadAction\",\"target\":[\"https:\\\/\\\/erformance.eu\\\/et\\\/toode\\\/audi-a4-b7-04-09-priekinis-kaires-puses-rato-arkos-spoileris-purvasaugiui\\\/\"]}]},{\"@type\":\"ImageObject\",\"inLanguage\":\"et\",\"@id\":\"https:\\\/\\\/erformance.eu\\\/et\\\/toode\\\/audi-a4-b7-04-09-priekinis-kaires-puses-rato-arkos-spoileris-purvasaugiui\\\/#primaryimage\",\"url\":\"https:\\\/\\\/erformance.eu\\\/wp-content\\\/uploads\\\/2026\\\/02\\\/pol_pm_Audi-A4-B7-04-09-spoiler-nadkola-do-chlapacza-przod-lewy-34759_1.jpg\",\"contentUrl\":\"https:\\\/\\\/erformance.eu\\\/wp-content\\\/uploads\\\/2026\\\/02\\\/pol_pm_Audi-A4-B7-04-09-spoiler-nadkola-do-chlapacza-przod-lewy-34759_1.jpg\",\"width\":1200,\"height\":1200},{\"@type\":\"BreadcrumbList\",\"@id\":\"https:\\\/\\\/erformance.eu\\\/et\\\/toode\\\/audi-a4-b7-04-09-priekinis-kaires-puses-rato-arkos-spoileris-purvasaugiui\\\/#breadcrumb\",\"itemListElement\":[{\"@type\":\"ListItem\",\"position\":1,\"name\":\"Home\",\"item\":\"https:\\\/\\\/erformance.eu\\\/et\\\/\"},{\"@type\":\"ListItem\",\"position\":2,\"name\":\"Pood\",\"item\":\"https:\\\/\\\/erformance.eu\\\/et\\\/pood\\\/\"},{\"@type\":\"ListItem\",\"position\":3,\"name\":\"Audi A4 B7 04-09 priekinis kair\u0117s pus\u0117s rato arkos spoileris purvasaugiui\"}]},{\"@type\":\"WebSite\",\"@id\":\"https:\\\/\\\/erformance.eu\\\/et\\\/#website\",\"url\":\"https:\\\/\\\/erformance.eu\\\/et\\\/\",\"name\":\"Erformance.eu\",\"description\":\"Automobili\u0173 dali\u0173 parduotuv\u0117\",\"potentialAction\":[{\"@type\":\"SearchAction\",\"target\":{\"@type\":\"EntryPoint\",\"urlTemplate\":\"https:\\\/\\\/erformance.eu\\\/et\\\/?s={search_term_string}\"},\"query-input\":{\"@type\":\"PropertyValueSpecification\",\"valueRequired\":true,\"valueName\":\"search_term_string\"}}],\"inLanguage\":\"et\"}]}<\/script>\n<!-- \/ Yoast SEO Premium plugin. -->","yoast_head_json":{"title":"Audi A4 B7 04-09 priekinis kair\u0117s pus\u0117s rato arkos spoileris purvasaugiui - Erformance.eu","robots":{"index":"index","follow":"follow","max-snippet":"max-snippet:-1","max-image-preview":"max-image-preview:large","max-video-preview":"max-video-preview:-1"},"canonical":"https:\/\/erformance.eu\/et\/toode\/audi-a4-b7-04-09-priekinis-kaires-puses-rato-arkos-spoileris-purvasaugiui\/","og_locale":"et_EE","og_type":"article","og_title":"Audi A4 B7 04-09 priekinis kair\u0117s pus\u0117s rato arkos spoileris purvasaugiui","og_description":"1. Prek\u0117: priekinio purvasaugio rato arkos spoileris2. Pus\u0117: kair\u01173. Gamintojas: pakeitimas4. Automobilis:Audi A4 B6 00-05Audi A4 B7 04-09Seat Exeo 08-13","og_url":"https:\/\/erformance.eu\/et\/toode\/audi-a4-b7-04-09-priekinis-kaires-puses-rato-arkos-spoileris-purvasaugiui\/","og_site_name":"Erformance.eu","article_modified_time":"2026-03-12T15:49:44+00:00","og_image":[{"width":1200,"height":1200,"url":"https:\/\/erformance.eu\/wp-content\/uploads\/2026\/02\/pol_pm_Audi-A4-B7-04-09-spoiler-nadkola-do-chlapacza-przod-lewy-34759_1.jpg","type":"image\/jpeg"}],"twitter_card":"summary_large_image","twitter_misc":{"Est. reading time":"1 minut"},"schema":{"@context":"https:\/\/schema.org","@graph":[{"@type":"WebPage","@id":"https:\/\/erformance.eu\/et\/toode\/audi-a4-b7-04-09-priekinis-kaires-puses-rato-arkos-spoileris-purvasaugiui\/","url":"https:\/\/erformance.eu\/et\/toode\/audi-a4-b7-04-09-priekinis-kaires-puses-rato-arkos-spoileris-purvasaugiui\/","name":"Audi A4 B7 04-09 priekinis kair\u0117s pus\u0117s rato arkos spoileris purvasaugiui - Erformance.eu","isPartOf":{"@id":"https:\/\/erformance.eu\/et\/#website"},"primaryImageOfPage":{"@id":"https:\/\/erformance.eu\/et\/toode\/audi-a4-b7-04-09-priekinis-kaires-puses-rato-arkos-spoileris-purvasaugiui\/#primaryimage"},"image":{"@id":"https:\/\/erformance.eu\/et\/toode\/audi-a4-b7-04-09-priekinis-kaires-puses-rato-arkos-spoileris-purvasaugiui\/#primaryimage"},"thumbnailUrl":"https:\/\/erformance.eu\/wp-content\/uploads\/2026\/02\/pol_pm_Audi-A4-B7-04-09-spoiler-nadkola-do-chlapacza-przod-lewy-34759_1.jpg","datePublished":"2026-02-16T11:29:05+00:00","dateModified":"2026-03-12T15:49:44+00:00","breadcrumb":{"@id":"https:\/\/erformance.eu\/et\/toode\/audi-a4-b7-04-09-priekinis-kaires-puses-rato-arkos-spoileris-purvasaugiui\/#breadcrumb"},"inLanguage":"et","potentialAction":[{"@type":"ReadAction","target":["https:\/\/erformance.eu\/et\/toode\/audi-a4-b7-04-09-priekinis-kaires-puses-rato-arkos-spoileris-purvasaugiui\/"]}]},{"@type":"ImageObject","inLanguage":"et","@id":"https:\/\/erformance.eu\/et\/toode\/audi-a4-b7-04-09-priekinis-kaires-puses-rato-arkos-spoileris-purvasaugiui\/#primaryimage","url":"https:\/\/erformance.eu\/wp-content\/uploads\/2026\/02\/pol_pm_Audi-A4-B7-04-09-spoiler-nadkola-do-chlapacza-przod-lewy-34759_1.jpg","contentUrl":"https:\/\/erformance.eu\/wp-content\/uploads\/2026\/02\/pol_pm_Audi-A4-B7-04-09-spoiler-nadkola-do-chlapacza-przod-lewy-34759_1.jpg","width":1200,"height":1200},{"@type":"BreadcrumbList","@id":"https:\/\/erformance.eu\/et\/toode\/audi-a4-b7-04-09-priekinis-kaires-puses-rato-arkos-spoileris-purvasaugiui\/#breadcrumb","itemListElement":[{"@type":"ListItem","position":1,"name":"Home","item":"https:\/\/erformance.eu\/et\/"},{"@type":"ListItem","position":2,"name":"Pood","item":"https:\/\/erformance.eu\/et\/pood\/"},{"@type":"ListItem","position":3,"name":"Audi A4 B7 04-09 priekinis kair\u0117s pus\u0117s rato arkos spoileris purvasaugiui"}]},{"@type":"WebSite","@id":"https:\/\/erformance.eu\/et\/#website","url":"https:\/\/erformance.eu\/et\/","name":"Erformance.eu","description":"Automobili\u0173 dali\u0173 parduotuv\u0117","potentialAction":[{"@type":"SearchAction","target":{"@type":"EntryPoint","urlTemplate":"https:\/\/erformance.eu\/et\/?s={search_term_string}"},"query-input":{"@type":"PropertyValueSpecification","valueRequired":true,"valueName":"search_term_string"}}],"inLanguage":"et"}]}},"jetpack_sharing_enabled":true,"_links":{"self":[{"href":"https:\/\/erformance.eu\/et\/wp-json\/wp\/v2\/product\/57478","targetHints":{"allow":["GET"]}}],"collection":[{"href":"https:\/\/erformance.eu\/et\/wp-json\/wp\/v2\/product"}],"about":[{"href":"https:\/\/erformance.eu\/et\/wp-json\/wp\/v2\/types\/product"}],"replies":[{"embeddable":true,"href":"https:\/\/erformance.eu\/et\/wp-json\/wp\/v2\/comments?post=57478"}],"version-history":[{"count":1,"href":"https:\/\/erformance.eu\/et\/wp-json\/wp\/v2\/product\/57478\/revisions"}],"predecessor-version":[{"id":57479,"href":"https:\/\/erformance.eu\/et\/wp-json\/wp\/v2\/product\/57478\/revisions\/57479"}],"wp:featuredmedia":[{"embeddable":true,"href":"https:\/\/erformance.eu\/et\/wp-json\/wp\/v2\/media\/54637"}],"wp:attachment":[{"href":"https:\/\/erformance.eu\/et\/wp-json\/wp\/v2\/media?parent=57478"}],"wp:term":[{"taxonomy":"product_brand","embeddable":true,"href":"https:\/\/erformance.eu\/et\/wp-json\/wp\/v2\/product_brand?post=57478"},{"taxonomy":"product_cat","embeddable":true,"href":"https:\/\/erformance.eu\/et\/wp-json\/wp\/v2\/product_cat?post=57478"},{"taxonomy":"product_tag","embeddable":true,"href":"https:\/\/erformance.eu\/et\/wp-json\/wp\/v2\/product_tag?post=57478"}],"curies":[{"name":"wp","href":"https:\/\/api.w.org\/{rel}","templated":true}]}}