{"id":57488,"date":"2026-02-16T14:29:12","date_gmt":"2026-02-16T11:29:12","guid":{"rendered":"https:\/\/erformance.eu\/?post_type=product&#038;p=57488"},"modified":"2026-03-12T11:20:41","modified_gmt":"2026-03-12T08:20:41","slug":"audi-a3-8p-a4-b6-b7-a6-c5-c6-kuro-bako-dangtelio-pavara","status":"publish","type":"product","link":"https:\/\/erformance.eu\/et\/toode\/audi-a3-8p-a4-b6-b7-a6-c5-c6-kuro-bako-dangtelio-pavara\/","title":{"rendered":"Audi A3 8P A4 B6 B7 A6 C5 C6 kuro bako dangtelio pavara"},"content":{"rendered":"<p>Prek\u0117: Kuro bako dangtelio pavara<br \/>\nOriginalus numeris:<\/p>\n<p>1M0959781<br \/>\n1M0959781A<br \/>\n3AA810773<br \/>\n3B0959781<br \/>\n3B0959781B<br \/>\n4B0862153<br \/>\n4B9862153<br \/>\n4F0862153<br \/>\n5K6810773<br \/>\n5K6810773A<br \/>\n8E0862153<br \/>\n8E0862153A<br \/>\n8P0862153A<br \/>\n8P4862153<\/p>\n<p>Pakeitimo katalogo numeriai:<\/p>\n<p>115155<br \/>\n280363<br \/>\nV10771065<\/p>\n<p>PASTABA: auk\u0161\u010diau pateikti numeriai yra original\u016bs dali\u0173 numeriai, kuriuos \u0161is pasi\u016blymas pakei\u010dia. Prie\u0161 pirkdami, palyginkite juos su originaliu dalies numeriu. Jei jie skiriasi net vienu simboliu, dalis netiks, neveiks arba veiks netinkamai. Tokiu atveju jos nepirkite.<br \/>\nAutomobilis:<\/p>\n<p>Audi A3 (8P1), pagaminimo metai: 2003\u20132012<br \/>\nAudi A3 Sportback (8PA), pagaminimo metai: 2004\u20132013<br \/>\nAudi A4 B6 (8E2), pagaminimo metai: 2000\u20132004<br \/>\nAudi A4 B6 Avant (8E5), gamybos metai: 2001-2004<br \/>\nAudi A4 B7 (8EC), gamybos metai: 2004-2008<br \/>\nAudi A4 B7 Avant (8ED), gamybos metai: 2004-2008<br \/>\nAudi A6 C5 (4B2), pagaminimo metai: 1997\u20132005<br \/>\nAudi A6 C5 Avant (4B5), gamybos metai: 1997-2005<br \/>\nAudi A6 C6 (4F2), gamybos metai: 2004-2011<br \/>\nAudi A6 C6 Avant (4F5), gamybos metai: 2004-2011<br \/>\nS\u0117dyn\u0117 AROSA (6H1), pagaminimo metai: 1997\u20132005<br \/>\nSeat CORDOBA (6L2), pagaminimo metai: 2002\u20132009<br \/>\nSeat EXEO (3R2), pagaminimo metai: 2008\u20132013<br \/>\nS\u0117dyn\u0117 EXEO ST (3R5), pagaminimo metai: 2009\u20132013<br \/>\nSeat IBIZA III (6L1), pagaminimo metai: 2002\u20132009<br \/>\nSeat LEON (1M1), pagaminimo metai: 1999\u20132006<br \/>\nSeat TOLEDO II (1M2), pagaminimo metai: 1998\u20132006<br \/>\n\u201eSkoda OCTAVIA I\u201c (1U2), pagaminimo metai: 1996\u20132010<br \/>\n\u201eSkoda OCTAVIA I Combi\u201c (1U5), pagaminimo metai: 1998\u20132010<br \/>\nVW GOLF IV (1J1), pagaminimo metai: 1997\u20132005<br \/>\nVW GOLF VI (5K1), pagaminimo metai: 2008\u20132013<br \/>\nVW LUPO I (6X1, 6E1), pagaminimo metai: 1998\u20132005<br \/>\nVW PASSAT B5 (3B2), pagaminimo metai: 1996\u20132000<br \/>\nVW PASSAT B5 Variant (3B5), pagaminimo metai: 1997\u20132000<br \/>\nVW PASSAT B7 (362), pagaminimo metai: 2010\u20132014<br \/>\nVW PASSAT B7 Variant (365), pagaminimo metai: 2010\u20132014<br \/>\nVW PASSAT ALLTRACK B7 (365), pagaminimo metai: 2012\u20132014<\/p>\n<p>Kai\u0161\u010di\u0173 skai\u010dius: 2<br \/>\nGamintojas: pakaitalas<br \/>\nTechnin\u0117 b\u016bkl\u0117: prek\u0117 yra visi\u0161kai nauja, nenaudota, nepa\u017eeista ir nesugadinta<\/p>\n","protected":false},"excerpt":{"rendered":"<p>1. Prek\u0117: Kuro bako dangtelio pavara2. Gamintojas: pakeitimas3. Automobilis:* Audi A3 8P 03-13* Audi A4 B6 00-04* Audi A4 B7 04-08* Audi A6 C5 97-05* Audi A6 C6 04\u201311<\/p>\n","protected":false},"featured_media":54681,"comment_status":"open","ping_status":"closed","template":"","meta":[],"product_brand":[],"product_cat":[3906,186,390,394,144,3909,3910,3917,3918,3956,3957,3946,3949,3950,4155,4161,4162,4151,4154],"product_tag":[],"class_list":{"0":"post-57488","1":"product","2":"type-product","3":"status-publish","4":"has-post-thumbnail","6":"product_cat-audi-a3-8p","7":"product_cat-a3","8":"product_cat-audi-a4","9":"product_cat-audi-a6","10":"product_cat-audi","11":"product_cat-audi-a4-b6","12":"product_cat-audi-a4-b7","13":"product_cat-audi-a6-c5","14":"product_cat-audi-a6-c6","15":"product_cat-audi-a6-c5-isores-dalys","16":"product_cat-audi-a6-c6-isores-dalys","17":"product_cat-audi-a3-8p-isores-dalys","18":"product_cat-audi-a4-b6-isores-dalys","19":"product_cat-audi-a4-b7-isores-dalys","20":"product_cat-audi-a4-b7-isores-kitos-dalys","21":"product_cat-audi-a6-c5-isores-kitos-dalys","22":"product_cat-audi-a6-c6-isores-kitos-dalys","23":"product_cat-audi-a3-8p-isores-kitos-dalys","24":"product_cat-audi-a4-b6-isores-kitos-dalys","26":"first","27":"instock","28":"shipping-taxable","29":"purchasable","30":"product-type-simple"},"yoast_head":"<!-- This site is optimized with the Yoast SEO Premium plugin v25.2 (Yoast SEO v27.4) - https:\/\/yoast.com\/product\/yoast-seo-premium-wordpress\/ -->\n<title>Audi A3 8P A4 B6 B7 A6 C5 C6 kuro bako dangtelio pavara - Erformance.eu<\/title>\n<meta name=\"robots\" content=\"index, follow, max-snippet:-1, max-image-preview:large, max-video-preview:-1\" \/>\n<link rel=\"canonical\" href=\"https:\/\/erformance.eu\/et\/toode\/audi-a3-8p-a4-b6-b7-a6-c5-c6-kuro-bako-dangtelio-pavara\/\" \/>\n<meta property=\"og:locale\" content=\"et_EE\" \/>\n<meta property=\"og:type\" content=\"article\" \/>\n<meta property=\"og:title\" content=\"Audi A3 8P A4 B6 B7 A6 C5 C6 kuro bako dangtelio pavara\" \/>\n<meta property=\"og:description\" content=\"1. Prek\u0117: Kuro bako dangtelio pavara2. Gamintojas: pakeitimas3. Automobilis:* Audi A3 8P 03-13* Audi A4 B6 00-04* Audi A4 B7 04-08* Audi A6 C5 97-05* Audi A6 C6 04\u201311\" \/>\n<meta property=\"og:url\" content=\"https:\/\/erformance.eu\/et\/toode\/audi-a3-8p-a4-b6-b7-a6-c5-c6-kuro-bako-dangtelio-pavara\/\" \/>\n<meta property=\"og:site_name\" content=\"Erformance.eu\" \/>\n<meta property=\"article:modified_time\" content=\"2026-03-12T08:20:41+00:00\" \/>\n<meta property=\"og:image\" content=\"https:\/\/erformance.eu\/wp-content\/uploads\/2026\/02\/pol_pm_Audi-A3-8P-A4-B6-B7-A6-C5-C6-silownik-klapki-wlewu-paliwa-31023_1.jpg\" \/>\n\t<meta property=\"og:image:width\" content=\"1200\" \/>\n\t<meta property=\"og:image:height\" content=\"1200\" \/>\n\t<meta property=\"og:image:type\" content=\"image\/jpeg\" \/>\n<meta name=\"twitter:card\" content=\"summary_large_image\" \/>\n<meta name=\"twitter:label1\" content=\"Est. reading time\" \/>\n\t<meta name=\"twitter:data1\" content=\"1 minut\" \/>\n<script type=\"application\/ld+json\" class=\"yoast-schema-graph\">{\"@context\":\"https:\\\/\\\/schema.org\",\"@graph\":[{\"@type\":\"WebPage\",\"@id\":\"https:\\\/\\\/erformance.eu\\\/et\\\/toode\\\/audi-a3-8p-a4-b6-b7-a6-c5-c6-kuro-bako-dangtelio-pavara\\\/\",\"url\":\"https:\\\/\\\/erformance.eu\\\/et\\\/toode\\\/audi-a3-8p-a4-b6-b7-a6-c5-c6-kuro-bako-dangtelio-pavara\\\/\",\"name\":\"Audi A3 8P A4 B6 B7 A6 C5 C6 kuro bako dangtelio pavara - Erformance.eu\",\"isPartOf\":{\"@id\":\"https:\\\/\\\/erformance.eu\\\/et\\\/#website\"},\"primaryImageOfPage\":{\"@id\":\"https:\\\/\\\/erformance.eu\\\/et\\\/toode\\\/audi-a3-8p-a4-b6-b7-a6-c5-c6-kuro-bako-dangtelio-pavara\\\/#primaryimage\"},\"image\":{\"@id\":\"https:\\\/\\\/erformance.eu\\\/et\\\/toode\\\/audi-a3-8p-a4-b6-b7-a6-c5-c6-kuro-bako-dangtelio-pavara\\\/#primaryimage\"},\"thumbnailUrl\":\"https:\\\/\\\/erformance.eu\\\/wp-content\\\/uploads\\\/2026\\\/02\\\/pol_pm_Audi-A3-8P-A4-B6-B7-A6-C5-C6-silownik-klapki-wlewu-paliwa-31023_1.jpg\",\"datePublished\":\"2026-02-16T11:29:12+00:00\",\"dateModified\":\"2026-03-12T08:20:41+00:00\",\"breadcrumb\":{\"@id\":\"https:\\\/\\\/erformance.eu\\\/et\\\/toode\\\/audi-a3-8p-a4-b6-b7-a6-c5-c6-kuro-bako-dangtelio-pavara\\\/#breadcrumb\"},\"inLanguage\":\"et\",\"potentialAction\":[{\"@type\":\"ReadAction\",\"target\":[\"https:\\\/\\\/erformance.eu\\\/et\\\/toode\\\/audi-a3-8p-a4-b6-b7-a6-c5-c6-kuro-bako-dangtelio-pavara\\\/\"]}]},{\"@type\":\"ImageObject\",\"inLanguage\":\"et\",\"@id\":\"https:\\\/\\\/erformance.eu\\\/et\\\/toode\\\/audi-a3-8p-a4-b6-b7-a6-c5-c6-kuro-bako-dangtelio-pavara\\\/#primaryimage\",\"url\":\"https:\\\/\\\/erformance.eu\\\/wp-content\\\/uploads\\\/2026\\\/02\\\/pol_pm_Audi-A3-8P-A4-B6-B7-A6-C5-C6-silownik-klapki-wlewu-paliwa-31023_1.jpg\",\"contentUrl\":\"https:\\\/\\\/erformance.eu\\\/wp-content\\\/uploads\\\/2026\\\/02\\\/pol_pm_Audi-A3-8P-A4-B6-B7-A6-C5-C6-silownik-klapki-wlewu-paliwa-31023_1.jpg\",\"width\":1200,\"height\":1200},{\"@type\":\"BreadcrumbList\",\"@id\":\"https:\\\/\\\/erformance.eu\\\/et\\\/toode\\\/audi-a3-8p-a4-b6-b7-a6-c5-c6-kuro-bako-dangtelio-pavara\\\/#breadcrumb\",\"itemListElement\":[{\"@type\":\"ListItem\",\"position\":1,\"name\":\"Home\",\"item\":\"https:\\\/\\\/erformance.eu\\\/et\\\/\"},{\"@type\":\"ListItem\",\"position\":2,\"name\":\"Pood\",\"item\":\"https:\\\/\\\/erformance.eu\\\/et\\\/pood\\\/\"},{\"@type\":\"ListItem\",\"position\":3,\"name\":\"Audi A3 8P A4 B6 B7 A6 C5 C6 kuro bako dangtelio pavara\"}]},{\"@type\":\"WebSite\",\"@id\":\"https:\\\/\\\/erformance.eu\\\/et\\\/#website\",\"url\":\"https:\\\/\\\/erformance.eu\\\/et\\\/\",\"name\":\"Erformance.eu\",\"description\":\"Automobili\u0173 dali\u0173 parduotuv\u0117\",\"potentialAction\":[{\"@type\":\"SearchAction\",\"target\":{\"@type\":\"EntryPoint\",\"urlTemplate\":\"https:\\\/\\\/erformance.eu\\\/et\\\/?s={search_term_string}\"},\"query-input\":{\"@type\":\"PropertyValueSpecification\",\"valueRequired\":true,\"valueName\":\"search_term_string\"}}],\"inLanguage\":\"et\"}]}<\/script>\n<!-- \/ Yoast SEO Premium plugin. -->","yoast_head_json":{"title":"Audi A3 8P A4 B6 B7 A6 C5 C6 kuro bako dangtelio pavara - Erformance.eu","robots":{"index":"index","follow":"follow","max-snippet":"max-snippet:-1","max-image-preview":"max-image-preview:large","max-video-preview":"max-video-preview:-1"},"canonical":"https:\/\/erformance.eu\/et\/toode\/audi-a3-8p-a4-b6-b7-a6-c5-c6-kuro-bako-dangtelio-pavara\/","og_locale":"et_EE","og_type":"article","og_title":"Audi A3 8P A4 B6 B7 A6 C5 C6 kuro bako dangtelio pavara","og_description":"1. Prek\u0117: Kuro bako dangtelio pavara2. Gamintojas: pakeitimas3. Automobilis:* Audi A3 8P 03-13* Audi A4 B6 00-04* Audi A4 B7 04-08* Audi A6 C5 97-05* Audi A6 C6 04\u201311","og_url":"https:\/\/erformance.eu\/et\/toode\/audi-a3-8p-a4-b6-b7-a6-c5-c6-kuro-bako-dangtelio-pavara\/","og_site_name":"Erformance.eu","article_modified_time":"2026-03-12T08:20:41+00:00","og_image":[{"width":1200,"height":1200,"url":"https:\/\/erformance.eu\/wp-content\/uploads\/2026\/02\/pol_pm_Audi-A3-8P-A4-B6-B7-A6-C5-C6-silownik-klapki-wlewu-paliwa-31023_1.jpg","type":"image\/jpeg"}],"twitter_card":"summary_large_image","twitter_misc":{"Est. reading time":"1 minut"},"schema":{"@context":"https:\/\/schema.org","@graph":[{"@type":"WebPage","@id":"https:\/\/erformance.eu\/et\/toode\/audi-a3-8p-a4-b6-b7-a6-c5-c6-kuro-bako-dangtelio-pavara\/","url":"https:\/\/erformance.eu\/et\/toode\/audi-a3-8p-a4-b6-b7-a6-c5-c6-kuro-bako-dangtelio-pavara\/","name":"Audi A3 8P A4 B6 B7 A6 C5 C6 kuro bako dangtelio pavara - Erformance.eu","isPartOf":{"@id":"https:\/\/erformance.eu\/et\/#website"},"primaryImageOfPage":{"@id":"https:\/\/erformance.eu\/et\/toode\/audi-a3-8p-a4-b6-b7-a6-c5-c6-kuro-bako-dangtelio-pavara\/#primaryimage"},"image":{"@id":"https:\/\/erformance.eu\/et\/toode\/audi-a3-8p-a4-b6-b7-a6-c5-c6-kuro-bako-dangtelio-pavara\/#primaryimage"},"thumbnailUrl":"https:\/\/erformance.eu\/wp-content\/uploads\/2026\/02\/pol_pm_Audi-A3-8P-A4-B6-B7-A6-C5-C6-silownik-klapki-wlewu-paliwa-31023_1.jpg","datePublished":"2026-02-16T11:29:12+00:00","dateModified":"2026-03-12T08:20:41+00:00","breadcrumb":{"@id":"https:\/\/erformance.eu\/et\/toode\/audi-a3-8p-a4-b6-b7-a6-c5-c6-kuro-bako-dangtelio-pavara\/#breadcrumb"},"inLanguage":"et","potentialAction":[{"@type":"ReadAction","target":["https:\/\/erformance.eu\/et\/toode\/audi-a3-8p-a4-b6-b7-a6-c5-c6-kuro-bako-dangtelio-pavara\/"]}]},{"@type":"ImageObject","inLanguage":"et","@id":"https:\/\/erformance.eu\/et\/toode\/audi-a3-8p-a4-b6-b7-a6-c5-c6-kuro-bako-dangtelio-pavara\/#primaryimage","url":"https:\/\/erformance.eu\/wp-content\/uploads\/2026\/02\/pol_pm_Audi-A3-8P-A4-B6-B7-A6-C5-C6-silownik-klapki-wlewu-paliwa-31023_1.jpg","contentUrl":"https:\/\/erformance.eu\/wp-content\/uploads\/2026\/02\/pol_pm_Audi-A3-8P-A4-B6-B7-A6-C5-C6-silownik-klapki-wlewu-paliwa-31023_1.jpg","width":1200,"height":1200},{"@type":"BreadcrumbList","@id":"https:\/\/erformance.eu\/et\/toode\/audi-a3-8p-a4-b6-b7-a6-c5-c6-kuro-bako-dangtelio-pavara\/#breadcrumb","itemListElement":[{"@type":"ListItem","position":1,"name":"Home","item":"https:\/\/erformance.eu\/et\/"},{"@type":"ListItem","position":2,"name":"Pood","item":"https:\/\/erformance.eu\/et\/pood\/"},{"@type":"ListItem","position":3,"name":"Audi A3 8P A4 B6 B7 A6 C5 C6 kuro bako dangtelio pavara"}]},{"@type":"WebSite","@id":"https:\/\/erformance.eu\/et\/#website","url":"https:\/\/erformance.eu\/et\/","name":"Erformance.eu","description":"Automobili\u0173 dali\u0173 parduotuv\u0117","potentialAction":[{"@type":"SearchAction","target":{"@type":"EntryPoint","urlTemplate":"https:\/\/erformance.eu\/et\/?s={search_term_string}"},"query-input":{"@type":"PropertyValueSpecification","valueRequired":true,"valueName":"search_term_string"}}],"inLanguage":"et"}]}},"jetpack_sharing_enabled":true,"_links":{"self":[{"href":"https:\/\/erformance.eu\/et\/wp-json\/wp\/v2\/product\/57488","targetHints":{"allow":["GET"]}}],"collection":[{"href":"https:\/\/erformance.eu\/et\/wp-json\/wp\/v2\/product"}],"about":[{"href":"https:\/\/erformance.eu\/et\/wp-json\/wp\/v2\/types\/product"}],"replies":[{"embeddable":true,"href":"https:\/\/erformance.eu\/et\/wp-json\/wp\/v2\/comments?post=57488"}],"version-history":[{"count":1,"href":"https:\/\/erformance.eu\/et\/wp-json\/wp\/v2\/product\/57488\/revisions"}],"predecessor-version":[{"id":57489,"href":"https:\/\/erformance.eu\/et\/wp-json\/wp\/v2\/product\/57488\/revisions\/57489"}],"wp:featuredmedia":[{"embeddable":true,"href":"https:\/\/erformance.eu\/et\/wp-json\/wp\/v2\/media\/54681"}],"wp:attachment":[{"href":"https:\/\/erformance.eu\/et\/wp-json\/wp\/v2\/media?parent=57488"}],"wp:term":[{"taxonomy":"product_brand","embeddable":true,"href":"https:\/\/erformance.eu\/et\/wp-json\/wp\/v2\/product_brand?post=57488"},{"taxonomy":"product_cat","embeddable":true,"href":"https:\/\/erformance.eu\/et\/wp-json\/wp\/v2\/product_cat?post=57488"},{"taxonomy":"product_tag","embeddable":true,"href":"https:\/\/erformance.eu\/et\/wp-json\/wp\/v2\/product_tag?post=57488"}],"curies":[{"name":"wp","href":"https:\/\/api.w.org\/{rel}","templated":true}]}}