{"id":57496,"date":"2026-02-16T14:29:16","date_gmt":"2026-02-16T11:29:16","guid":{"rendered":"https:\/\/erformance.eu\/?post_type=product&#038;p=57496"},"modified":"2026-02-25T12:31:17","modified_gmt":"2026-02-25T09:31:17","slug":"audi-a7-4k-2017-skirstytuvas-pneumatines-pakabos-voztuvu-blokas","status":"publish","type":"product","link":"https:\/\/erformance.eu\/et\/toode\/audi-a7-4k-2017-skirstytuvas-pneumatines-pakabos-voztuvu-blokas\/","title":{"rendered":"Audi A7 4K 2017- skirstytuvas &#8211; pneumatin\u0117s pakabos vo\u017etuv\u0173 blokas"},"content":{"rendered":"<p>    Tema: skirstytuvas &#8211; pneumatin\u0117s pakabos vo\u017etuv\u0173 blokasOriginalus numeris:4H0616013, 4H0 616 0133Y0616006, 3Y0 616 0063Y0616007, 3Y0 616 0073Y0616006A, 3Y0 616 006 A4H0616005C, 4H0 616 005 C4G0616005C, 4G0 616 005 C4H0616013B, 4H0 616 013 B4H0616013A, 4H0 616 013 APASTABA: auk\u0161\u010diau pateikti numeriai yra original\u016bs dali\u0173 numeriai, kuriuos \u0161is pasi\u016blymas pakei\u010dia. Prie\u0161 pirkdami, palyginkite juos su originaliu dalies numeriu. Jei jie skiriasi net vienu simboliu, dalis netiks, neveiks arba veiks netinkamai. Tokiu atveju jos nepirkite.Automobilis:Audi A6 C7 (4G2, 4GC), pagaminimo metai: 2010\u20132018Audi A6 C7 Avant (4G5, 4GD), gamybos metai: 2011-2018Audi A6 Allroad C7 (4GH, 4GJ), gamybos metai: 2012-2018\u201eAudi A7 Sportback\u201c (4KA), modeliai, pagaminti nuo 2017 m.Audi A8 D4 (4H2, 4H8, 4HC, 4HL), pagaminimo metai: 2009\u20132018Gamintojas: pakaitalasTechnin\u0117 b\u016bkl\u0117: prek\u0117 yra visi\u0161kai nauja, nenaudota, nepa\u017eeista ir nesugadinta<\/p>\n","protected":false},"excerpt":{"rendered":"<p>1. Prek\u0117: skirstytuvas &#8211; pneumatin\u0117s pakabos vo\u017etuv\u0173 blokas2. Gamintojas: pakeitimas3. Automobilis:Audi A6 C7 10-18Audi A7 4K 2017-Audi A8 D4 09-18<\/p>\n","protected":false},"featured_media":54716,"comment_status":"open","ping_status":"closed","template":"","meta":[],"product_brand":[],"product_cat":[3921,395,144,3961,4166],"product_tag":[],"class_list":{"0":"post-57496","1":"product","2":"type-product","3":"status-publish","4":"has-post-thumbnail","6":"product_cat-audi-a7-4k","7":"product_cat-audi-a7","8":"product_cat-audi","9":"product_cat-audi-a7-4k-isores-dalys","10":"product_cat-audi-a7-4k-isores-kitos-dalys","12":"first","13":"instock","14":"shipping-taxable","15":"purchasable","16":"product-type-simple"},"yoast_head":"<!-- This site is optimized with the Yoast SEO Premium plugin v25.2 (Yoast SEO v27.3) - https:\/\/yoast.com\/product\/yoast-seo-premium-wordpress\/ -->\n<title>Audi A7 4K 2017- skirstytuvas - pneumatin\u0117s pakabos vo\u017etuv\u0173 blokas - Erformance.eu<\/title>\n<meta name=\"robots\" content=\"index, follow, max-snippet:-1, max-image-preview:large, max-video-preview:-1\" \/>\n<link rel=\"canonical\" href=\"https:\/\/erformance.eu\/et\/toode\/audi-a7-4k-2017-skirstytuvas-pneumatines-pakabos-voztuvu-blokas\/\" \/>\n<meta property=\"og:locale\" content=\"et_EE\" \/>\n<meta property=\"og:type\" content=\"article\" \/>\n<meta property=\"og:title\" content=\"Audi A7 4K 2017- skirstytuvas - pneumatin\u0117s pakabos vo\u017etuv\u0173 blokas\" \/>\n<meta property=\"og:description\" content=\"1. Prek\u0117: skirstytuvas - pneumatin\u0117s pakabos vo\u017etuv\u0173 blokas2. Gamintojas: pakeitimas3. Automobilis:Audi A6 C7 10-18Audi A7 4K 2017-Audi A8 D4 09-18\" \/>\n<meta property=\"og:url\" content=\"https:\/\/erformance.eu\/et\/toode\/audi-a7-4k-2017-skirstytuvas-pneumatines-pakabos-voztuvu-blokas\/\" \/>\n<meta property=\"og:site_name\" content=\"Erformance.eu\" \/>\n<meta property=\"article:modified_time\" content=\"2026-02-25T09:31:17+00:00\" \/>\n<meta property=\"og:image\" content=\"https:\/\/erformance.eu\/wp-content\/uploads\/2026\/02\/pol_pm_Audi-A7-4K-2017-rozdzielacz-blok-zaworowy-zawieszenia-pneumatycznego-36468_1.jpg\" \/>\n\t<meta property=\"og:image:width\" content=\"1200\" \/>\n\t<meta property=\"og:image:height\" content=\"1200\" \/>\n\t<meta property=\"og:image:type\" content=\"image\/jpeg\" \/>\n<meta name=\"twitter:card\" content=\"summary_large_image\" \/>\n<meta name=\"twitter:label1\" content=\"Est. reading time\" \/>\n\t<meta name=\"twitter:data1\" content=\"1 minut\" \/>\n<script type=\"application\/ld+json\" class=\"yoast-schema-graph\">{\"@context\":\"https:\\\/\\\/schema.org\",\"@graph\":[{\"@type\":\"WebPage\",\"@id\":\"https:\\\/\\\/erformance.eu\\\/et\\\/toode\\\/audi-a7-4k-2017-skirstytuvas-pneumatines-pakabos-voztuvu-blokas\\\/\",\"url\":\"https:\\\/\\\/erformance.eu\\\/et\\\/toode\\\/audi-a7-4k-2017-skirstytuvas-pneumatines-pakabos-voztuvu-blokas\\\/\",\"name\":\"Audi A7 4K 2017- skirstytuvas - pneumatin\u0117s pakabos vo\u017etuv\u0173 blokas - Erformance.eu\",\"isPartOf\":{\"@id\":\"https:\\\/\\\/erformance.eu\\\/et\\\/#website\"},\"primaryImageOfPage\":{\"@id\":\"https:\\\/\\\/erformance.eu\\\/et\\\/toode\\\/audi-a7-4k-2017-skirstytuvas-pneumatines-pakabos-voztuvu-blokas\\\/#primaryimage\"},\"image\":{\"@id\":\"https:\\\/\\\/erformance.eu\\\/et\\\/toode\\\/audi-a7-4k-2017-skirstytuvas-pneumatines-pakabos-voztuvu-blokas\\\/#primaryimage\"},\"thumbnailUrl\":\"https:\\\/\\\/erformance.eu\\\/wp-content\\\/uploads\\\/2026\\\/02\\\/pol_pm_Audi-A7-4K-2017-rozdzielacz-blok-zaworowy-zawieszenia-pneumatycznego-36468_1.jpg\",\"datePublished\":\"2026-02-16T11:29:16+00:00\",\"dateModified\":\"2026-02-25T09:31:17+00:00\",\"breadcrumb\":{\"@id\":\"https:\\\/\\\/erformance.eu\\\/et\\\/toode\\\/audi-a7-4k-2017-skirstytuvas-pneumatines-pakabos-voztuvu-blokas\\\/#breadcrumb\"},\"inLanguage\":\"et\",\"potentialAction\":[{\"@type\":\"ReadAction\",\"target\":[\"https:\\\/\\\/erformance.eu\\\/et\\\/toode\\\/audi-a7-4k-2017-skirstytuvas-pneumatines-pakabos-voztuvu-blokas\\\/\"]}]},{\"@type\":\"ImageObject\",\"inLanguage\":\"et\",\"@id\":\"https:\\\/\\\/erformance.eu\\\/et\\\/toode\\\/audi-a7-4k-2017-skirstytuvas-pneumatines-pakabos-voztuvu-blokas\\\/#primaryimage\",\"url\":\"https:\\\/\\\/erformance.eu\\\/wp-content\\\/uploads\\\/2026\\\/02\\\/pol_pm_Audi-A7-4K-2017-rozdzielacz-blok-zaworowy-zawieszenia-pneumatycznego-36468_1.jpg\",\"contentUrl\":\"https:\\\/\\\/erformance.eu\\\/wp-content\\\/uploads\\\/2026\\\/02\\\/pol_pm_Audi-A7-4K-2017-rozdzielacz-blok-zaworowy-zawieszenia-pneumatycznego-36468_1.jpg\",\"width\":1200,\"height\":1200},{\"@type\":\"BreadcrumbList\",\"@id\":\"https:\\\/\\\/erformance.eu\\\/et\\\/toode\\\/audi-a7-4k-2017-skirstytuvas-pneumatines-pakabos-voztuvu-blokas\\\/#breadcrumb\",\"itemListElement\":[{\"@type\":\"ListItem\",\"position\":1,\"name\":\"Home\",\"item\":\"https:\\\/\\\/erformance.eu\\\/et\\\/\"},{\"@type\":\"ListItem\",\"position\":2,\"name\":\"Pood\",\"item\":\"https:\\\/\\\/erformance.eu\\\/et\\\/pood\\\/\"},{\"@type\":\"ListItem\",\"position\":3,\"name\":\"Audi A7 4K 2017- skirstytuvas &#8211; pneumatin\u0117s pakabos vo\u017etuv\u0173 blokas\"}]},{\"@type\":\"WebSite\",\"@id\":\"https:\\\/\\\/erformance.eu\\\/et\\\/#website\",\"url\":\"https:\\\/\\\/erformance.eu\\\/et\\\/\",\"name\":\"Erformance.eu\",\"description\":\"Automobili\u0173 dali\u0173 parduotuv\u0117\",\"potentialAction\":[{\"@type\":\"SearchAction\",\"target\":{\"@type\":\"EntryPoint\",\"urlTemplate\":\"https:\\\/\\\/erformance.eu\\\/et\\\/?s={search_term_string}\"},\"query-input\":{\"@type\":\"PropertyValueSpecification\",\"valueRequired\":true,\"valueName\":\"search_term_string\"}}],\"inLanguage\":\"et\"}]}<\/script>\n<!-- \/ Yoast SEO Premium plugin. -->","yoast_head_json":{"title":"Audi A7 4K 2017- skirstytuvas - pneumatin\u0117s pakabos vo\u017etuv\u0173 blokas - Erformance.eu","robots":{"index":"index","follow":"follow","max-snippet":"max-snippet:-1","max-image-preview":"max-image-preview:large","max-video-preview":"max-video-preview:-1"},"canonical":"https:\/\/erformance.eu\/et\/toode\/audi-a7-4k-2017-skirstytuvas-pneumatines-pakabos-voztuvu-blokas\/","og_locale":"et_EE","og_type":"article","og_title":"Audi A7 4K 2017- skirstytuvas - pneumatin\u0117s pakabos vo\u017etuv\u0173 blokas","og_description":"1. Prek\u0117: skirstytuvas - pneumatin\u0117s pakabos vo\u017etuv\u0173 blokas2. Gamintojas: pakeitimas3. Automobilis:Audi A6 C7 10-18Audi A7 4K 2017-Audi A8 D4 09-18","og_url":"https:\/\/erformance.eu\/et\/toode\/audi-a7-4k-2017-skirstytuvas-pneumatines-pakabos-voztuvu-blokas\/","og_site_name":"Erformance.eu","article_modified_time":"2026-02-25T09:31:17+00:00","og_image":[{"width":1200,"height":1200,"url":"https:\/\/erformance.eu\/wp-content\/uploads\/2026\/02\/pol_pm_Audi-A7-4K-2017-rozdzielacz-blok-zaworowy-zawieszenia-pneumatycznego-36468_1.jpg","type":"image\/jpeg"}],"twitter_card":"summary_large_image","twitter_misc":{"Est. reading time":"1 minut"},"schema":{"@context":"https:\/\/schema.org","@graph":[{"@type":"WebPage","@id":"https:\/\/erformance.eu\/et\/toode\/audi-a7-4k-2017-skirstytuvas-pneumatines-pakabos-voztuvu-blokas\/","url":"https:\/\/erformance.eu\/et\/toode\/audi-a7-4k-2017-skirstytuvas-pneumatines-pakabos-voztuvu-blokas\/","name":"Audi A7 4K 2017- skirstytuvas - pneumatin\u0117s pakabos vo\u017etuv\u0173 blokas - Erformance.eu","isPartOf":{"@id":"https:\/\/erformance.eu\/et\/#website"},"primaryImageOfPage":{"@id":"https:\/\/erformance.eu\/et\/toode\/audi-a7-4k-2017-skirstytuvas-pneumatines-pakabos-voztuvu-blokas\/#primaryimage"},"image":{"@id":"https:\/\/erformance.eu\/et\/toode\/audi-a7-4k-2017-skirstytuvas-pneumatines-pakabos-voztuvu-blokas\/#primaryimage"},"thumbnailUrl":"https:\/\/erformance.eu\/wp-content\/uploads\/2026\/02\/pol_pm_Audi-A7-4K-2017-rozdzielacz-blok-zaworowy-zawieszenia-pneumatycznego-36468_1.jpg","datePublished":"2026-02-16T11:29:16+00:00","dateModified":"2026-02-25T09:31:17+00:00","breadcrumb":{"@id":"https:\/\/erformance.eu\/et\/toode\/audi-a7-4k-2017-skirstytuvas-pneumatines-pakabos-voztuvu-blokas\/#breadcrumb"},"inLanguage":"et","potentialAction":[{"@type":"ReadAction","target":["https:\/\/erformance.eu\/et\/toode\/audi-a7-4k-2017-skirstytuvas-pneumatines-pakabos-voztuvu-blokas\/"]}]},{"@type":"ImageObject","inLanguage":"et","@id":"https:\/\/erformance.eu\/et\/toode\/audi-a7-4k-2017-skirstytuvas-pneumatines-pakabos-voztuvu-blokas\/#primaryimage","url":"https:\/\/erformance.eu\/wp-content\/uploads\/2026\/02\/pol_pm_Audi-A7-4K-2017-rozdzielacz-blok-zaworowy-zawieszenia-pneumatycznego-36468_1.jpg","contentUrl":"https:\/\/erformance.eu\/wp-content\/uploads\/2026\/02\/pol_pm_Audi-A7-4K-2017-rozdzielacz-blok-zaworowy-zawieszenia-pneumatycznego-36468_1.jpg","width":1200,"height":1200},{"@type":"BreadcrumbList","@id":"https:\/\/erformance.eu\/et\/toode\/audi-a7-4k-2017-skirstytuvas-pneumatines-pakabos-voztuvu-blokas\/#breadcrumb","itemListElement":[{"@type":"ListItem","position":1,"name":"Home","item":"https:\/\/erformance.eu\/et\/"},{"@type":"ListItem","position":2,"name":"Pood","item":"https:\/\/erformance.eu\/et\/pood\/"},{"@type":"ListItem","position":3,"name":"Audi A7 4K 2017- skirstytuvas &#8211; pneumatin\u0117s pakabos vo\u017etuv\u0173 blokas"}]},{"@type":"WebSite","@id":"https:\/\/erformance.eu\/et\/#website","url":"https:\/\/erformance.eu\/et\/","name":"Erformance.eu","description":"Automobili\u0173 dali\u0173 parduotuv\u0117","potentialAction":[{"@type":"SearchAction","target":{"@type":"EntryPoint","urlTemplate":"https:\/\/erformance.eu\/et\/?s={search_term_string}"},"query-input":{"@type":"PropertyValueSpecification","valueRequired":true,"valueName":"search_term_string"}}],"inLanguage":"et"}]}},"jetpack_sharing_enabled":true,"_links":{"self":[{"href":"https:\/\/erformance.eu\/et\/wp-json\/wp\/v2\/product\/57496","targetHints":{"allow":["GET"]}}],"collection":[{"href":"https:\/\/erformance.eu\/et\/wp-json\/wp\/v2\/product"}],"about":[{"href":"https:\/\/erformance.eu\/et\/wp-json\/wp\/v2\/types\/product"}],"replies":[{"embeddable":true,"href":"https:\/\/erformance.eu\/et\/wp-json\/wp\/v2\/comments?post=57496"}],"version-history":[{"count":1,"href":"https:\/\/erformance.eu\/et\/wp-json\/wp\/v2\/product\/57496\/revisions"}],"predecessor-version":[{"id":57497,"href":"https:\/\/erformance.eu\/et\/wp-json\/wp\/v2\/product\/57496\/revisions\/57497"}],"wp:featuredmedia":[{"embeddable":true,"href":"https:\/\/erformance.eu\/et\/wp-json\/wp\/v2\/media\/54716"}],"wp:attachment":[{"href":"https:\/\/erformance.eu\/et\/wp-json\/wp\/v2\/media?parent=57496"}],"wp:term":[{"taxonomy":"product_brand","embeddable":true,"href":"https:\/\/erformance.eu\/et\/wp-json\/wp\/v2\/product_brand?post=57496"},{"taxonomy":"product_cat","embeddable":true,"href":"https:\/\/erformance.eu\/et\/wp-json\/wp\/v2\/product_cat?post=57496"},{"taxonomy":"product_tag","embeddable":true,"href":"https:\/\/erformance.eu\/et\/wp-json\/wp\/v2\/product_tag?post=57496"}],"curies":[{"name":"wp","href":"https:\/\/api.w.org\/{rel}","templated":true}]}}