{"id":57560,"date":"2026-02-16T14:29:56","date_gmt":"2026-02-16T11:29:56","guid":{"rendered":"https:\/\/erformance.eu\/?post_type=product&#038;p=57560"},"modified":"2026-03-17T02:11:03","modified_gmt":"2026-03-16T23:11:03","slug":"audi-a5-07-17-2-7-tdi-3-0-tdi-isiurbimo-kolektoriaus-remonto-komplektas-kompl","status":"publish","type":"product","link":"https:\/\/erformance.eu\/et\/toode\/audi-a5-07-17-2-7-tdi-3-0-tdi-isiurbimo-kolektoriaus-remonto-komplektas-kompl\/","title":{"rendered":"Audi A5 07-17 2.7 TDI \/ 3.0 TDI \u012fsiurbimo kolektoriaus remonto komplektas (kompl.)"},"content":{"rendered":"<p>Prek\u0117: pilnas dviej\u0173 \u012fsiurbimo kolektori\u0173 remonto komplektas, susidedantis i\u0161 40 element\u0173:<\/p>\n<p>a\u0161is su atvartais &#8211; 2 vnt.<br \/>\nkreipiamasis strypas &#8211; 2 vnt.<br \/>\nkolektoriaus tarpin\u0117 &#8211; 2 vnt.<br \/>\ntvirtinimo spaustukai &#8211; 2 vnt.<br \/>\naliuminio \u017eiedai &#8211; 2 vnt.<br \/>\ntrauk\u0117s svirtys &#8211; 2 vnt.<br \/>\nsklend\u0117s a\u0161ies guolis &#8211; 12 vnt.<br \/>\ntvirtinimo var\u017etai &#8211; 16 vnt.<\/p>\n<p>Originalus numeris:<\/p>\n<p>059198212<br \/>\n059129711AF<br \/>\n059129711AG<br \/>\n059129711AL<br \/>\n059129711BP<br \/>\n059129711BQ<br \/>\n059129711CG<br \/>\n059129711CK<br \/>\n059129711T<br \/>\n06V129709<\/p>\n<p>UWAGA! powy\u017csze numery s\u0105 numerami oryginalnych cz\u0119\u015bci kt\u00f3rych przedmiot z niniejszej oferty jest zamiennikiem. Przed zakupem nale\u017cy je bezwzgl\u0119dnie por\u00f3wna\u0107 z numerem oryginalnej wymienianej cz\u0119\u015bci. Je\u017celi r\u00f3\u017cni\u0105 si\u0119 chocia\u017cby jednym znakiem to ta cz\u0119\u015b\u0107 nie b\u0119dzie pasowa\u0142a lub nie b\u0119dzie dzia\u0142a\u0142a lub nie b\u0119dzie dzia\u0142a\u0142a prawid\u0142owo. W takim wypadku nie nale\u017cy jej kupowa\u0107<br \/>\nSamoch\u00f3d:<br \/>\nAudi A4 B7, rok produkcji: 2004-2008<\/p>\n<p>A4 (8EC, B7) 2.7 TDI (BPP) 2698ccm 180KM\/132kW 2006\/01-2008\/06<br \/>\nA4 (8EC, B7) 2.7 TDI (BSG) 2698ccm 163KM\/120kW 2005\/11-2008\/06<br \/>\nA4 (8EC, B7) 3.0 TDI quattro (ASB) 2967ccm 233KM\/171kW 2006\/01-2008\/06<br \/>\nA4 (8EC, B7) 3.0 TDI quattro (BKN) 2967ccm 204KM\/150kW 2004\/11-2008\/06<\/p>\n<p>Audi A4 B7 Avant, rok produkcji: 2004-2008<\/p>\n<p>A4 Avant (8ED, B7) 2.7 TDI (BPP) 2698ccm 180KM\/132kW 2006\/01-2008\/06<br \/>\nA4 Avant (8ED, B7) 2.7 TDi (BSG) 2698ccm 163KM\/120kW 2005\/11-2008\/03<br \/>\nA4 Avant (8ED, B7) 3.0 TDI quattro (ASB) 2967ccm 233KM\/171kW 2006\/01-2008\/06<br \/>\nA4 Avant (8ED, B7) 3.0 TDI quattro (BKN) 2967ccm 204KM\/150kW 2004\/11-2008\/06<\/p>\n<p>Audi A4 B7 kabriolet, rok produkcji: 2006-2009<\/p>\n<p>A4 kabriolet (8H7, B6, 8HE, B7) 2.7 TDI (BPP) 2698ccm 180KM\/132kW 2006\/06-2009\/03<br \/>\nA4 kabriolet (8H7, B6, 8HE, B7) 3.0 TDI quattro (ASB) 2967ccm 233KM\/171kW 2006\/01-2009\/03<br \/>\nA4 kabriolet (8H7, B6, 8HE, B7) 3.0 TDI quattro (BKN) 2967ccm 204KM\/150kW 2006\/01-2009\/03<\/p>\n<p>Audi A4 B8, rok produkcji: 2007-2012<\/p>\n<p>A4 (8K2, B8) 2.7 TDI (CAMA CGKA) 2698ccm 190KM\/140kW 2007\/11-2012\/03<br \/>\nA4 (8K2, B8) 3.0 TDI quattro (CAPA CCLA CCWA) 2967ccm 240KM\/176kW 2007\/11-2012\/03<br \/>\nA4 (8K2, B8) 3.0 TDI quattro (CCWB) 2967ccm 211KM\/155kW 2008\/06-2010\/05<\/p>\n<p>Audi A4 B8 Avant, rok produkcji: 2008-2012<\/p>\n<p>A4 Avant (8K5, B8) 2.7 TDI (CAMA CGKA) 2698ccm 190KM\/140kW 2008\/04-2012\/03<br \/>\nA4 Avant (8K5, B8) 2.7 TDI (CAMB CGKB) 2698ccm 163KM\/120kW 2008\/06-2012\/03<br \/>\nA4 Avant (8K5, B8) 3.0 TDI quattro (CAPA CCLA CCWA) 2967ccm 240KM\/176kW 2008\/04-2012\/03<\/p>\n<p>Audi A4 B8 Allroad, rok produkcji: 2009-2012<\/p>\n<p>A4 Allroad (8KH, B8) 3.0 TDI quattro (CCWA) 2967ccm 240KM\/176kW 2009\/04-2012\/01<\/p>\n<p>Audi A5 8T, rok produkcji: 2007-2017<\/p>\n<p>A5 (8T3) 2.7 TDI (CAMA CGKA) 2698ccm 190KM\/140kW 2007\/06-2012\/03<br \/>\nA5 (8T3) 2.7 TDI (CAMB CGKB) 2698ccm 163KM\/120kW 2007\/09-2012\/03<br \/>\nA5 (8T3) 3.0 TDI (CLAB) 2967ccm 204KM\/150kW 2011\/10-2017\/01<br \/>\nA5 (8T3) 3.0 TDI quattro (CAPA CCWA) 2967ccm 240KM\/176kW 2007\/06-2012\/03<br \/>\nA5 (8T3) 3.0 TDI quattro (CCWB) 2967ccm 211KM\/155kW 2008\/03-2010\/05<br \/>\nA5 (8T3) 3.0 TDI quattro (CDUC CKVB CKVC) 2967ccm 245KM\/180kW 2011\/10-2017\/01<\/p>\n<p>Audi A5 8T Sportback, rok produkcji: 2009-2017<\/p>\n<p>A5 Sportback (8TA) 2.7 TDI (CAMA CGKA) 2698ccm 190KM\/140kW 2009\/09-2012\/03<br \/>\nA5 Sportback (8TA) 3.0 TDI (CLAB) 2967ccm 204KM\/150kW 2011\/10-2017\/01<br \/>\nA5 Sportback (8TA) 3.0 TDI quattro (CAPA CCWA) 2967ccm 240KM\/176kW 2009\/09-2012\/03<br \/>\nA5 Sportback (8TA) 3.0 TDI quattro (CDUC CKVB CKVC) 2967ccm 245KM\/180kW 2011\/10-2017\/01<\/p>\n<p>Audi A5 8F kabriolet, rok produkcji: 2009-2017<\/p>\n<p>A5 kabriolet (8F7) 2.7 TDI (CGKA) 2698ccm 190KM\/140kW 2009\/03-2012\/03<br \/>\nA5 kabriolet (8F7) 3.0 TDI (CLAB) 2967ccm 204KM\/150kW 2011\/10-2017\/01<br \/>\nA5 kabriolet (8F7) 3.0 TDI quattro (CCWA) 2967ccm 240KM\/176kW 2009\/03-2012\/03<br \/>\nA5 kabriolet (8F7) 3.0 TDI quattro (CDUC CKVC) 2967ccm 245KM\/180kW 2011\/10-2017\/01<\/p>\n<p>Audi A6 C6, rok produkcji: 2004-2011<\/p>\n<p>A6 (4F2, C6) 2.7 TDI (BPP) 2698ccm 180KM\/132kW 2004\/11-2008\/10<br \/>\nA6 (4F2, C6) 2.7 TDI (BSG CANB) 2698ccm 163KM\/120kW 2004\/11-2011\/03<br \/>\nA6 (4F2, C6) 2.7 TDI (CANA) 2698ccm 190KM\/140kW 2008\/10-2011\/03<br \/>\nA6 (4F2, C6) 3.0 TDI quattro (ASB) 2967ccm 233KM\/171kW 2006\/06-2008\/10<br \/>\nA6 (4F2, C6) 3.0 TDI quattro (BMK) 2967ccm 225KM\/165kW 2004\/05-2006\/05<br \/>\nA6 (4F2, C6) 3.0 TDI quattro (BNG CDYB) 2967ccm 211KM\/155kW 2004\/05-2011\/03<br \/>\nA6 (4F2, C6) 3.0 TDI quattro (CDYA CDYC) 2967ccm 240KM\/176kW 2008\/10-2011\/03<\/p>\n<p>Audi A6 C6 Avant, rok produkcji: 2005-2011<\/p>\n<p>A6 Avant (4F5, C6) 2.7 TDI (BPP) 2698ccm 180KM\/132kW 2005\/03-2008\/10<br \/>\nA6 Avant (4F5, C6) 2.7 TDI (BSG CANB) 2698ccm 163KM\/120kW 2005\/03-2011\/08<br \/>\nA6 Avant (4F5, C6) 2.7 TDI (CANA) 2698ccm 190KM\/140kW 2008\/10-2011\/08<br \/>\nA6 Avant (4F5, C6) 3.0 TDI quattro (ASB) 2967ccm 233KM\/171kW 2006\/06-2008\/10<br \/>\nA6 Avant (4F5, C6) 3.0 TDI quattro (BMK) 2967ccm 225KM\/165kW 2005\/03-2006\/05<br \/>\nA6 Avant (4F5, C6) 3.0 TDI quattro (BNG CDYB) 2967ccm 211KM\/155kW 2005\/03-2011\/08<br \/>\nA6 Avant (4F5, C6) 3.0 TDI quattro (CDYA CDYC) 2967ccm 240KM\/176kW 2008\/10-2011\/08<\/p>\n<p>Audi A6 C6 Allroad, rok produkcji: 2006-2011<\/p>\n<p>A6 Allroad (4FH, C6) 2.7 TDI quattro (BPP) 2698ccm 180KM\/132kW 2006\/05-2008\/10<br \/>\nA6 Allroad (4FH, C6) 2.7 TDI quattro (BSG CAND) 2698ccm 163KM\/120kW 2006\/05-2011\/08<br \/>\nA6 Allroad (4FH, C6) 2.7 TDI quattro (CANC) 2698ccm 190KM\/140kW 2008\/10-2011\/08<br \/>\nA6 Allroad (4FH, C6) 3.0 TDI quattro (ASB) 2967ccm 233KM\/171kW 2006\/05-2008\/10<br \/>\nA6 Allroad (4FH, C6) 3.0 TDI quattro (BNG CDYB) 2967ccm 211KM\/155kW 2006\/05-2011\/08<br \/>\nA6 Allroad (4FH, C6) 3.0 TDI quattro (CDYA CDYC) 2967ccm 240KM\/176kW 2008\/10-2011\/08<\/p>\n<p>Audi A6 C7, rok produkcji: 2010-2018<\/p>\n<p>A6 (4G2, 4GC, C7) 3.0 TDI (CLAB) 2967ccm 204KM\/150kW 2010\/11-2018\/09<br \/>\nA6 (4G2, 4GC, C7) 3.0 TDI quattro (CDUC CDUD CKVB CKVC) 2967ccm 245KM\/180kW 2011\/03-2018\/09<br \/>\nA6 (4G2, 4GC, C7) 3.0 TDI quattro (CGQB) 2967ccm 313KM\/230kW 2011\/11-2018\/09<\/p>\n<p>Audi A6 C7 Avant, rok produkcji: 2011-2018<\/p>\n<p>A6 Avant (4G5, 4GD, C7) 3.0 TDI (CLAB) 2967ccm 204KM\/150kW 2011\/05-2018\/09<br \/>\nA6 Avant (4G5, 4GD, C7) 3.0 TDI quattro (CDUC CDUD CKVB CKVC) 2967ccm 245KM\/180kW 2011\/05-2018\/09<br \/>\nA6 Avant (4G5, 4GD, C7) 3.0 TDI quattro (CGQB) 2967ccm 313KM\/230kW 2011\/11-2018\/09<\/p>\n<p>Audi A7 4G, rok produkcji: 2010-2016<\/p>\n<p>A7 Sportback (4GA, 4GF) 3.0 TDI (CLAB) 2967ccm 204KM\/150kW 2010\/11-2015\/03<br \/>\nA7 Sportback (4GA, 4GF) 3.0 TDI quattro (CDUC CDUD CKVB CKVC) 2967ccm 245KM\/180kW 2010\/10-2016\/06<br \/>\nA7 Sportback (4GA, 4GF) 3.0 TDI quattro (CGQB) 2967ccm 313KM\/230kW 2011\/11-2015\/03<\/p>\n<p>Audi A8 4E, rok produkcji: 2003-2010<\/p>\n<p>A8 (4E2, 4E8) 3.0 TDI quattro (ASB) 2967ccm 233KM\/171kW 2003\/08-2010\/07<br \/>\nA8 (4E2, 4E8) 3.0 TDI quattro (BNG) 2967ccm 211KM\/155kW 2003\/11-2010\/07<\/p>\n<p>Audi A8 4H, rok produkcji: 2011-2018<\/p>\n<p>A8 (4H2, 4H8, 4HC, 4HL) 3.0 TDI (CLAB) 2967ccm 204KM\/150kW 2011\/09-2013\/09<br \/>\nA8 (4H2, 4H8, 4HC, 4HL) 3.0 TDI quattro (CDTA CDTC CMHA) 2967ccm 250KM\/184kW 2010\/07-2018\/01<\/p>\n<p>Audi Q5 8R, modele produkowane od roku 2008<\/p>\n<p>Q5 (8RB) 3.0 TDI quattro (CCWA CPNB) 2967ccm 240KM\/176kW 2008\/11-<\/p>\n<p>Audi Q7 4L, rok produkcji: 2006-2015<\/p>\n<p>Q7 (4LB) 3.0 TDI quattro (BUG) 2967ccm 233KM\/171kW 2006\/03-2008\/05<br \/>\nQ7 (4LB) 3.0 TDI quattro (BUN CASB) 2967ccm 211KM\/155kW 2006\/03-2010\/05<br \/>\nQ7 (4LB) 3.0 TDI quattro (CASA CCMA CJGA CNRB) 2967ccm 240KM\/176kW 2007\/11-2015\/08<br \/>\nQ7 (4LB) 3.0 TDI quattro (CATA) 2967ccm 224KM\/165kW 2009\/06-2012\/05<br \/>\nQ7 (4LB) 3.0 TDI quattro (CJGD CLZB CRCA) 2967ccm 245KM\/180kW 2011\/05-2015\/08<\/p>\n<p>Porsche Cayenne, modele produkowane od roku 2010<\/p>\n<p>CAYENNE (92A) 3.0 Diesel (M 05.9E MCN.RB) 2967ccm 239KM\/176kW 2010\/06-<br \/>\nCAYENNE (92A) 3.0 Diesel (MCR.C MCR.CA) 2967ccm 245KM\/180kW 2011\/06-<br \/>\nCAYENNE (92A) 3.0 Diesel (MCR.CB MCV.VC) 2967ccm 211KM\/155kW 2010\/06-<br \/>\nCAYENNE (9PA) 3.0 TDI (M 05.9D) 2967ccm 240KM\/176kW 2009\/02-2010\/09<\/p>\n<p>VW Phaeton, rok produkcji: 2004-2008<\/p>\n<p>PHAETON (3D1, 3D2, 3D3, 3D4, 3D6, 3D7, 3D8, 3D9) 3.0 V6 TDI 4motion (BMK) 2967ccm 224KM\/165kW 2004\/09-2007\/05<br \/>\nPHAETON (3D1, 3D2, 3D3, 3D4, 3D6, 3D7, 3D8, 3D9) 3.0 V6 TDI 4motion (CARA) 2967ccm 233KM\/171kW 2007\/06-2008\/11<\/p>\n<p>VW Touareg, rok produkcji: 2004-2010<\/p>\n<p>TOUAREG (7LA, 7L6, 7L7) 3.0 V6 TDI (BKS CATA) 2967ccm 225KM\/165kW 2004\/11-2010\/05<br \/>\nTOUAREG (7LA, 7L6, 7L7) 3.0 V6 TDI (CASA CASC) 2967ccm 240KM\/176kW 2007\/11-2010\/05<\/p>\n<p>VW Touareg, rok produkcji: 2010-2018<\/p>\n<p>TOUAREG (7P5, 7P6) 3.0 V6 TDI (CASA CNRB) 2967ccm 240KM\/176kW 2010\/01-2018\/03<br \/>\nTOUAREG (7P5, 7P6) 3.0 V6 TDI (CASD CJMA CRCD CVWA) 2967ccm 204KM\/150kW 2010\/01-2018\/03<br \/>\nTOUAREG (7P5, 7P6) 3.0 V6 TDI (CJGD CRCA) 2967ccm 245KM\/180kW 2011\/05-2018\/03<\/p>\n<p>Producent: zamiennik<br \/>\nStan techniczny: przedmiot jest fabrycznie NOWY, nieu\u017cywany, nieuszkodzony i niezniszczony<br \/>\nUwaga !<br \/>\nKody b\u0142\u0119d\u00f3w, kt\u00f3re naprawia nasz zestaw:<\/p>\n<p>P2008 &#8211;  [ Bank 1 ]<br \/>\nP2011 &#8211;  [ Bank 2 ]<br \/>\n004120 &#8211; [ Bank 2 ]<br \/>\nP1018 &#8211; 001<br \/>\n012597 &#8211;<br \/>\nP3135 &#8211; 001 &#8211;<br \/>\nspalenie silniczka<br \/>\nwyciek oleju<\/p>\n<p>Powy\u017csze b\u0142\u0119dy oznaczaj\u0105, \u017ce klapa w dolnej \/ g\u00f3rnej pozycji jest zaci\u0119ta, klapa stale otwarta lub czujnik po\u0142o\u017cenia klap nie osi\u0105gn\u0105\u0142 wymaganej pozycji<\/p>\n","protected":false},"excerpt":{"rendered":"<p>1. Prek\u0117: \u012esiurbimo kolektoriaus remonto komplektas2. Automobilis: Audi* A4 B7 04-09* A4 B8 08-12* A5 07\u201317* A6 C6 04\u201311* A6 C7 10-18* A7 4G 10-16* A8 4E 03-10* A8 4H 11-18* Q5 8R 2008-* Q7 4L 06-153. Variklis:* 2,7 TDI* 3.0 TDI<\/p>\n","protected":false},"featured_media":54978,"comment_status":"open","ping_status":"closed","template":"","meta":[],"product_brand":[],"product_cat":[391,144,3913,3953,4158],"product_tag":[],"class_list":{"0":"post-57560","1":"product","2":"type-product","3":"status-publish","4":"has-post-thumbnail","6":"product_cat-audi-a5","7":"product_cat-audi","8":"product_cat-audi-a5-b8-8t","9":"product_cat-audi-a5-b8-8t-isores-dalys","10":"product_cat-audi-a5-b8-8t-isores-kitos-dalys","12":"first","13":"instock","14":"shipping-taxable","15":"purchasable","16":"product-type-simple"},"yoast_head":"<!-- This site is optimized with the Yoast SEO Premium plugin v25.2 (Yoast SEO v27.4) - https:\/\/yoast.com\/product\/yoast-seo-premium-wordpress\/ -->\n<title>Audi A5 07-17 2.7 TDI \/ 3.0 TDI \u012fsiurbimo kolektoriaus remonto komplektas (kompl.) - Erformance.eu<\/title>\n<meta name=\"robots\" content=\"index, follow, max-snippet:-1, max-image-preview:large, max-video-preview:-1\" \/>\n<link rel=\"canonical\" href=\"https:\/\/erformance.eu\/et\/toode\/audi-a5-07-17-2-7-tdi-3-0-tdi-isiurbimo-kolektoriaus-remonto-komplektas-kompl\/\" \/>\n<meta property=\"og:locale\" content=\"et_EE\" \/>\n<meta property=\"og:type\" content=\"article\" \/>\n<meta property=\"og:title\" content=\"Audi A5 07-17 2.7 TDI \/ 3.0 TDI \u012fsiurbimo kolektoriaus remonto komplektas (kompl.)\" \/>\n<meta property=\"og:description\" content=\"1. Prek\u0117: \u012esiurbimo kolektoriaus remonto komplektas2. Automobilis: Audi* A4 B7 04-09* A4 B8 08-12* A5 07\u201317* A6 C6 04\u201311* A6 C7 10-18* A7 4G 10-16* A8 4E 03-10* A8 4H 11-18* Q5 8R 2008-* Q7 4L 06-153. Variklis:* 2,7 TDI* 3.0 TDI\" \/>\n<meta property=\"og:url\" content=\"https:\/\/erformance.eu\/et\/toode\/audi-a5-07-17-2-7-tdi-3-0-tdi-isiurbimo-kolektoriaus-remonto-komplektas-kompl\/\" \/>\n<meta property=\"og:site_name\" content=\"Erformance.eu\" \/>\n<meta property=\"article:modified_time\" content=\"2026-03-16T23:11:03+00:00\" \/>\n<meta property=\"og:image\" content=\"https:\/\/erformance.eu\/wp-content\/uploads\/2026\/02\/pol_pm_Audi-A5-07-17-2-7-TDI-3-0-TDI-zestaw-naprawczy-kolektora-ssacego-KPL-19532_1.jpg\" \/>\n\t<meta property=\"og:image:width\" content=\"1200\" \/>\n\t<meta property=\"og:image:height\" content=\"1200\" \/>\n\t<meta property=\"og:image:type\" content=\"image\/jpeg\" \/>\n<meta name=\"twitter:card\" content=\"summary_large_image\" \/>\n<meta name=\"twitter:label1\" content=\"Est. reading time\" \/>\n\t<meta name=\"twitter:data1\" content=\"6 minutit\" \/>\n<script type=\"application\/ld+json\" class=\"yoast-schema-graph\">{\"@context\":\"https:\\\/\\\/schema.org\",\"@graph\":[{\"@type\":\"WebPage\",\"@id\":\"https:\\\/\\\/erformance.eu\\\/et\\\/toode\\\/audi-a5-07-17-2-7-tdi-3-0-tdi-isiurbimo-kolektoriaus-remonto-komplektas-kompl\\\/\",\"url\":\"https:\\\/\\\/erformance.eu\\\/et\\\/toode\\\/audi-a5-07-17-2-7-tdi-3-0-tdi-isiurbimo-kolektoriaus-remonto-komplektas-kompl\\\/\",\"name\":\"Audi A5 07-17 2.7 TDI \\\/ 3.0 TDI \u012fsiurbimo kolektoriaus remonto komplektas (kompl.) - Erformance.eu\",\"isPartOf\":{\"@id\":\"https:\\\/\\\/erformance.eu\\\/et\\\/#website\"},\"primaryImageOfPage\":{\"@id\":\"https:\\\/\\\/erformance.eu\\\/et\\\/toode\\\/audi-a5-07-17-2-7-tdi-3-0-tdi-isiurbimo-kolektoriaus-remonto-komplektas-kompl\\\/#primaryimage\"},\"image\":{\"@id\":\"https:\\\/\\\/erformance.eu\\\/et\\\/toode\\\/audi-a5-07-17-2-7-tdi-3-0-tdi-isiurbimo-kolektoriaus-remonto-komplektas-kompl\\\/#primaryimage\"},\"thumbnailUrl\":\"https:\\\/\\\/erformance.eu\\\/wp-content\\\/uploads\\\/2026\\\/02\\\/pol_pm_Audi-A5-07-17-2-7-TDI-3-0-TDI-zestaw-naprawczy-kolektora-ssacego-KPL-19532_1.jpg\",\"datePublished\":\"2026-02-16T11:29:56+00:00\",\"dateModified\":\"2026-03-16T23:11:03+00:00\",\"breadcrumb\":{\"@id\":\"https:\\\/\\\/erformance.eu\\\/et\\\/toode\\\/audi-a5-07-17-2-7-tdi-3-0-tdi-isiurbimo-kolektoriaus-remonto-komplektas-kompl\\\/#breadcrumb\"},\"inLanguage\":\"et\",\"potentialAction\":[{\"@type\":\"ReadAction\",\"target\":[\"https:\\\/\\\/erformance.eu\\\/et\\\/toode\\\/audi-a5-07-17-2-7-tdi-3-0-tdi-isiurbimo-kolektoriaus-remonto-komplektas-kompl\\\/\"]}]},{\"@type\":\"ImageObject\",\"inLanguage\":\"et\",\"@id\":\"https:\\\/\\\/erformance.eu\\\/et\\\/toode\\\/audi-a5-07-17-2-7-tdi-3-0-tdi-isiurbimo-kolektoriaus-remonto-komplektas-kompl\\\/#primaryimage\",\"url\":\"https:\\\/\\\/erformance.eu\\\/wp-content\\\/uploads\\\/2026\\\/02\\\/pol_pm_Audi-A5-07-17-2-7-TDI-3-0-TDI-zestaw-naprawczy-kolektora-ssacego-KPL-19532_1.jpg\",\"contentUrl\":\"https:\\\/\\\/erformance.eu\\\/wp-content\\\/uploads\\\/2026\\\/02\\\/pol_pm_Audi-A5-07-17-2-7-TDI-3-0-TDI-zestaw-naprawczy-kolektora-ssacego-KPL-19532_1.jpg\",\"width\":1200,\"height\":1200},{\"@type\":\"BreadcrumbList\",\"@id\":\"https:\\\/\\\/erformance.eu\\\/et\\\/toode\\\/audi-a5-07-17-2-7-tdi-3-0-tdi-isiurbimo-kolektoriaus-remonto-komplektas-kompl\\\/#breadcrumb\",\"itemListElement\":[{\"@type\":\"ListItem\",\"position\":1,\"name\":\"Home\",\"item\":\"https:\\\/\\\/erformance.eu\\\/et\\\/\"},{\"@type\":\"ListItem\",\"position\":2,\"name\":\"Pood\",\"item\":\"https:\\\/\\\/erformance.eu\\\/et\\\/pood\\\/\"},{\"@type\":\"ListItem\",\"position\":3,\"name\":\"Audi A5 07-17 2.7 TDI \\\/ 3.0 TDI \u012fsiurbimo kolektoriaus remonto komplektas (kompl.)\"}]},{\"@type\":\"WebSite\",\"@id\":\"https:\\\/\\\/erformance.eu\\\/et\\\/#website\",\"url\":\"https:\\\/\\\/erformance.eu\\\/et\\\/\",\"name\":\"Erformance.eu\",\"description\":\"Automobili\u0173 dali\u0173 parduotuv\u0117\",\"potentialAction\":[{\"@type\":\"SearchAction\",\"target\":{\"@type\":\"EntryPoint\",\"urlTemplate\":\"https:\\\/\\\/erformance.eu\\\/et\\\/?s={search_term_string}\"},\"query-input\":{\"@type\":\"PropertyValueSpecification\",\"valueRequired\":true,\"valueName\":\"search_term_string\"}}],\"inLanguage\":\"et\"}]}<\/script>\n<!-- \/ Yoast SEO Premium plugin. -->","yoast_head_json":{"title":"Audi A5 07-17 2.7 TDI \/ 3.0 TDI \u012fsiurbimo kolektoriaus remonto komplektas (kompl.) - Erformance.eu","robots":{"index":"index","follow":"follow","max-snippet":"max-snippet:-1","max-image-preview":"max-image-preview:large","max-video-preview":"max-video-preview:-1"},"canonical":"https:\/\/erformance.eu\/et\/toode\/audi-a5-07-17-2-7-tdi-3-0-tdi-isiurbimo-kolektoriaus-remonto-komplektas-kompl\/","og_locale":"et_EE","og_type":"article","og_title":"Audi A5 07-17 2.7 TDI \/ 3.0 TDI \u012fsiurbimo kolektoriaus remonto komplektas (kompl.)","og_description":"1. Prek\u0117: \u012esiurbimo kolektoriaus remonto komplektas2. Automobilis: Audi* A4 B7 04-09* A4 B8 08-12* A5 07\u201317* A6 C6 04\u201311* A6 C7 10-18* A7 4G 10-16* A8 4E 03-10* A8 4H 11-18* Q5 8R 2008-* Q7 4L 06-153. Variklis:* 2,7 TDI* 3.0 TDI","og_url":"https:\/\/erformance.eu\/et\/toode\/audi-a5-07-17-2-7-tdi-3-0-tdi-isiurbimo-kolektoriaus-remonto-komplektas-kompl\/","og_site_name":"Erformance.eu","article_modified_time":"2026-03-16T23:11:03+00:00","og_image":[{"width":1200,"height":1200,"url":"https:\/\/erformance.eu\/wp-content\/uploads\/2026\/02\/pol_pm_Audi-A5-07-17-2-7-TDI-3-0-TDI-zestaw-naprawczy-kolektora-ssacego-KPL-19532_1.jpg","type":"image\/jpeg"}],"twitter_card":"summary_large_image","twitter_misc":{"Est. reading time":"6 minutit"},"schema":{"@context":"https:\/\/schema.org","@graph":[{"@type":"WebPage","@id":"https:\/\/erformance.eu\/et\/toode\/audi-a5-07-17-2-7-tdi-3-0-tdi-isiurbimo-kolektoriaus-remonto-komplektas-kompl\/","url":"https:\/\/erformance.eu\/et\/toode\/audi-a5-07-17-2-7-tdi-3-0-tdi-isiurbimo-kolektoriaus-remonto-komplektas-kompl\/","name":"Audi A5 07-17 2.7 TDI \/ 3.0 TDI \u012fsiurbimo kolektoriaus remonto komplektas (kompl.) - Erformance.eu","isPartOf":{"@id":"https:\/\/erformance.eu\/et\/#website"},"primaryImageOfPage":{"@id":"https:\/\/erformance.eu\/et\/toode\/audi-a5-07-17-2-7-tdi-3-0-tdi-isiurbimo-kolektoriaus-remonto-komplektas-kompl\/#primaryimage"},"image":{"@id":"https:\/\/erformance.eu\/et\/toode\/audi-a5-07-17-2-7-tdi-3-0-tdi-isiurbimo-kolektoriaus-remonto-komplektas-kompl\/#primaryimage"},"thumbnailUrl":"https:\/\/erformance.eu\/wp-content\/uploads\/2026\/02\/pol_pm_Audi-A5-07-17-2-7-TDI-3-0-TDI-zestaw-naprawczy-kolektora-ssacego-KPL-19532_1.jpg","datePublished":"2026-02-16T11:29:56+00:00","dateModified":"2026-03-16T23:11:03+00:00","breadcrumb":{"@id":"https:\/\/erformance.eu\/et\/toode\/audi-a5-07-17-2-7-tdi-3-0-tdi-isiurbimo-kolektoriaus-remonto-komplektas-kompl\/#breadcrumb"},"inLanguage":"et","potentialAction":[{"@type":"ReadAction","target":["https:\/\/erformance.eu\/et\/toode\/audi-a5-07-17-2-7-tdi-3-0-tdi-isiurbimo-kolektoriaus-remonto-komplektas-kompl\/"]}]},{"@type":"ImageObject","inLanguage":"et","@id":"https:\/\/erformance.eu\/et\/toode\/audi-a5-07-17-2-7-tdi-3-0-tdi-isiurbimo-kolektoriaus-remonto-komplektas-kompl\/#primaryimage","url":"https:\/\/erformance.eu\/wp-content\/uploads\/2026\/02\/pol_pm_Audi-A5-07-17-2-7-TDI-3-0-TDI-zestaw-naprawczy-kolektora-ssacego-KPL-19532_1.jpg","contentUrl":"https:\/\/erformance.eu\/wp-content\/uploads\/2026\/02\/pol_pm_Audi-A5-07-17-2-7-TDI-3-0-TDI-zestaw-naprawczy-kolektora-ssacego-KPL-19532_1.jpg","width":1200,"height":1200},{"@type":"BreadcrumbList","@id":"https:\/\/erformance.eu\/et\/toode\/audi-a5-07-17-2-7-tdi-3-0-tdi-isiurbimo-kolektoriaus-remonto-komplektas-kompl\/#breadcrumb","itemListElement":[{"@type":"ListItem","position":1,"name":"Home","item":"https:\/\/erformance.eu\/et\/"},{"@type":"ListItem","position":2,"name":"Pood","item":"https:\/\/erformance.eu\/et\/pood\/"},{"@type":"ListItem","position":3,"name":"Audi A5 07-17 2.7 TDI \/ 3.0 TDI \u012fsiurbimo kolektoriaus remonto komplektas (kompl.)"}]},{"@type":"WebSite","@id":"https:\/\/erformance.eu\/et\/#website","url":"https:\/\/erformance.eu\/et\/","name":"Erformance.eu","description":"Automobili\u0173 dali\u0173 parduotuv\u0117","potentialAction":[{"@type":"SearchAction","target":{"@type":"EntryPoint","urlTemplate":"https:\/\/erformance.eu\/et\/?s={search_term_string}"},"query-input":{"@type":"PropertyValueSpecification","valueRequired":true,"valueName":"search_term_string"}}],"inLanguage":"et"}]}},"jetpack_sharing_enabled":true,"_links":{"self":[{"href":"https:\/\/erformance.eu\/et\/wp-json\/wp\/v2\/product\/57560","targetHints":{"allow":["GET"]}}],"collection":[{"href":"https:\/\/erformance.eu\/et\/wp-json\/wp\/v2\/product"}],"about":[{"href":"https:\/\/erformance.eu\/et\/wp-json\/wp\/v2\/types\/product"}],"replies":[{"embeddable":true,"href":"https:\/\/erformance.eu\/et\/wp-json\/wp\/v2\/comments?post=57560"}],"version-history":[{"count":1,"href":"https:\/\/erformance.eu\/et\/wp-json\/wp\/v2\/product\/57560\/revisions"}],"predecessor-version":[{"id":57561,"href":"https:\/\/erformance.eu\/et\/wp-json\/wp\/v2\/product\/57560\/revisions\/57561"}],"wp:featuredmedia":[{"embeddable":true,"href":"https:\/\/erformance.eu\/et\/wp-json\/wp\/v2\/media\/54978"}],"wp:attachment":[{"href":"https:\/\/erformance.eu\/et\/wp-json\/wp\/v2\/media?parent=57560"}],"wp:term":[{"taxonomy":"product_brand","embeddable":true,"href":"https:\/\/erformance.eu\/et\/wp-json\/wp\/v2\/product_brand?post=57560"},{"taxonomy":"product_cat","embeddable":true,"href":"https:\/\/erformance.eu\/et\/wp-json\/wp\/v2\/product_cat?post=57560"},{"taxonomy":"product_tag","embeddable":true,"href":"https:\/\/erformance.eu\/et\/wp-json\/wp\/v2\/product_tag?post=57560"}],"curies":[{"name":"wp","href":"https:\/\/api.w.org\/{rel}","templated":true}]}}