{"id":57572,"date":"2026-02-16T14:30:03","date_gmt":"2026-02-16T11:30:03","guid":{"rendered":"https:\/\/erformance.eu\/?post_type=product&#038;p=57572"},"modified":"2026-03-10T02:35:52","modified_gmt":"2026-03-09T23:35:52","slug":"audi-a3-8v-q2-ga-q3-f3-tt-fv-oro-isiurbimo-kreiptuvas-apatinis","status":"publish","type":"product","link":"https:\/\/erformance.eu\/et\/toode\/audi-a3-8v-q2-ga-q3-f3-tt-fv-oro-isiurbimo-kreiptuvas-apatinis\/","title":{"rendered":"Audi A3 8V Q2 GA Q3 F3 TT FV oro \u012fsiurbimo kreiptuvas APATINIS"},"content":{"rendered":"<p>    Prek\u0117: APATINIS oro \u012fsiurbimo kreiptuvas (apatin\u0117 oro filtro \u012fsiurbimo angos dalis)Originalus numeris:5Q0129254J5Q0129254K5Q0129254A5Q0129254B5Q0129254C5Q0129254E5Q0129254 J5Q0129254 K5Q0129254 A5Q0129254 B5Q0129254 C5Q0129254 E5Q0 129 254J5Q0 129 254 t\u016bkst.5Q0 129 254A5Q0 129 254B5Q0 129 254C5Q0 129 254E5Q0 129 254 J5Q0 129 254 K5Q0 129 254 A5Q0 129 254 B5Q0 129 254 C5Q0 129 254 EPASTABA: auk\u0161\u010diau pateikti numeriai yra original\u016bs dali\u0173 numeriai, kuriuos \u0161is pasi\u016blymas pakei\u010dia. Prie\u0161 pirkdami, palyginkite juos su originaliu dalies numeriu. Jei jie skiriasi net vienu simboliu, dalis netiks, neveiks arba veiks netinkamai. Tokiu atveju jos nepirkite.Automobilis:\u201eAudi A3\u201c (8V1, 8VK), modeliai, pagaminti nuo 2012 m.Audi A3 Limousine (8VS, 8VM), modele produkowane od roku 2013Audi A3 Sportback (8VA, 8VF), modele produkowane od roku 2012Audi Q2 (GAB, GAG), modele produkowane od roku 2016Audi Q3 Sportback (F3N), modele produkowane od roku 2019Audi TT (FV3, FVP), modele produkowane od roku 2014Audi TT Roadster (FV9, FVR), modele produkowane od roku 2014Seat ALHAMBRA (710, 711), modele produkowane od roku 2016Seat ARONA (KJ7), modele produkowane od roku 2017Seat ATECA (KH7, KHP), modele produkowane od roku 2016Seat LEON (5F1), modele produkowane od roku 2012Seat LEON Nadwozie pe\u0142ne \/ liftback (5F1), modele produkowane od roku 2013Seat LEON SC (5F5), modele produkowane od roku 2013Seat LEON ST (5F8), modele produkowane od roku 2013Seat LEON ST Furgon\/kombi (5F8), rok produkcji: 2015-2020Seat LEON ST nadwozie zamkni\u0119te \/ kombi (5F8), modele produkowane od roku 2013Seat LEON (KL1), modele produkowane od roku 2019Seat LEON Sportstourer (KL8), modele produkowane od roku 2020Seat LEON Sportstourer (KL8, KLD), modele produkowane od roku 2021Seat TOLEDO IV (KG3), rok produkcji: 2012-2019Seat TARRACO (KN2), modele produkowane od roku 2018Skoda KAROQ (NU7), modele produkowane od roku 2017Skoda KODIAQ (NS7, NV7), modele produkowane od roku 2016Skoda OCTAVIA III (5E3, NL3, NR3), modele produkowane od roku 2012Skoda OCTAVIA III Combi (5E5, 5E6), modele produkowane od roku 2012Skoda SUPERB III (3V3), modele produkowane od roku 2015Skoda SUPERB III Kombi (3V5), modele produkowane od roku 2015Volkswagen ARTEON (3H7, 3H8), modele produkowane od roku 2017Volkswagen CADDY V Furgon\/minivan (SBA, SBH), modele produkowane od roku 2021Volkswagen CADDY CALIFORNIA V Camper (SBB, SBJ), modele produkowane od roku 2021Volkswagen GOLF VII (5G1, BQ1, BE1, BE2), modele produkowane od roku 2012Volkswagen GOLF VII Van (5G1), modele produkowane od roku 2012Volkswagen GOLF VII Variant (BA5, BV5), modele produkowane od roku 2013Volkswagen GOLF SPORTSVAN VII (AM1, AN1), modele produkowane od roku 2014Volkswagen GOLF VAN VII Variant (BA5), rok produkcji: 2013-2017Volkswagen JETTA V, modele produkowane od roku 2021Volkswagen PASSAT B8 (3G2, CB2), modele produkowane od roku 2014\u201eVolkswagen PASSAT B8 Variant\u201c (3G5, CB5), modeliai, pagaminti nuo 2014 m.\u201eVolkswagen SHARAN\u201c (7N1, 7N2), modeliai, pagaminti nuo 2016 m.\u201eVolkswagen T-ROC\u201c (A11), modeliai, pagaminti nuo 2017 m.Volkswagen TIGUAN (5N_, ) modeliai, pagaminti nuo 2012 m.Volkswagen TIGUAN VAN (5N_), modeliai, pagaminti nuo 2012 m.Volkswagen TIGUAN ALLSPACE (BW2), modeliai, pagaminti nuo 2017 m.Volkswagen TOURAN (5T1), modeliai, pagaminti nuo 2015 m.Variklis:Benzinas: 1.0, 1.2, 1.4, 1.5, 1.6, 1.8, 2.0 TSI \/ TFSIDYZELINIS VARIKLIS: 1.6, 2.0 TDIGamintojas: pakaitalasTechnin\u0117 b\u016bkl\u0117: prek\u0117 yra visi\u0161kai nauja, nenaudota, nepa\u017eeista ir nesugadinta<\/p>\n","protected":false},"excerpt":{"rendered":"<p>1. Prek\u0117: APATINIS oro \u012fsiurbimo kreiptuvas2. Gamintojas: pakeitimas3. Automobilis:Audi A3 8V 2012-Audi Q2 GA 2013-Audi Q3 F3 2019-Audi TT FV 2014-<\/p>\n","protected":false},"featured_media":55033,"comment_status":"open","ping_status":"closed","template":"","meta":[],"product_brand":[],"product_cat":[3927,3907,186,144,4094,4074,4093,3926,3947,3966,3967,4152,4171,4172,397,398],"product_tag":[],"class_list":{"0":"post-57572","1":"product","2":"type-product","3":"status-publish","4":"has-post-thumbnail","6":"product_cat-audi-q3-8u","7":"product_cat-audi-a3-8v","8":"product_cat-a3","9":"product_cat-audi","10":"product_cat-audi-q3-8u-bamperiai-ju-dalys","11":"product_cat-audi-a3-8v-bamperiai-ju-dalys","12":"product_cat-audi-q2-ga-bamperiai-ju-dalys","13":"product_cat-audi-q2-ga","14":"product_cat-audi-a3-8v-isores-dalys","15":"product_cat-audi-q2-ga-isores-dalys","16":"product_cat-audi-q3-8u-isores-dalys","17":"product_cat-audi-a3-8v-isores-kitos-dalys","18":"product_cat-audi-q2-ga-isores-kitos-dalys","19":"product_cat-audi-q3-8u-isores-kitos-dalys","20":"product_cat-audi-q2","21":"product_cat-audi-q3","23":"first","24":"instock","25":"shipping-taxable","26":"purchasable","27":"product-type-simple"},"yoast_head":"<!-- This site is optimized with the Yoast SEO Premium plugin v25.2 (Yoast SEO v27.5) - https:\/\/yoast.com\/product\/yoast-seo-premium-wordpress\/ -->\n<title>Audi A3 8V Q2 GA Q3 F3 TT FV oro \u012fsiurbimo kreiptuvas APATINIS - Erformance.eu<\/title>\n<meta name=\"robots\" content=\"index, follow, max-snippet:-1, max-image-preview:large, max-video-preview:-1\" \/>\n<link rel=\"canonical\" href=\"https:\/\/erformance.eu\/et\/toode\/audi-a3-8v-q2-ga-q3-f3-tt-fv-oro-isiurbimo-kreiptuvas-apatinis\/\" \/>\n<meta property=\"og:locale\" content=\"et_EE\" \/>\n<meta property=\"og:type\" content=\"article\" \/>\n<meta property=\"og:title\" content=\"Audi A3 8V Q2 GA Q3 F3 TT FV oro \u012fsiurbimo kreiptuvas APATINIS\" \/>\n<meta property=\"og:description\" content=\"1. Prek\u0117: APATINIS oro \u012fsiurbimo kreiptuvas2. Gamintojas: pakeitimas3. Automobilis:Audi A3 8V 2012-Audi Q2 GA 2013-Audi Q3 F3 2019-Audi TT FV 2014-\" \/>\n<meta property=\"og:url\" content=\"https:\/\/erformance.eu\/et\/toode\/audi-a3-8v-q2-ga-q3-f3-tt-fv-oro-isiurbimo-kreiptuvas-apatinis\/\" \/>\n<meta property=\"og:site_name\" content=\"Erformance.eu\" \/>\n<meta property=\"article:modified_time\" content=\"2026-03-09T23:35:52+00:00\" \/>\n<meta property=\"og:image\" content=\"https:\/\/erformance.eu\/wp-content\/uploads\/2026\/02\/pol_pm_Audi-A3-8V-Q2-GA-Q3-F3-TT-FV-kierownica-powietrza-wlot-DOLNY-36480_1.jpg\" \/>\n\t<meta property=\"og:image:width\" content=\"1200\" \/>\n\t<meta property=\"og:image:height\" content=\"1200\" \/>\n\t<meta property=\"og:image:type\" content=\"image\/jpeg\" \/>\n<meta name=\"twitter:card\" content=\"summary_large_image\" \/>\n<meta name=\"twitter:label1\" content=\"Est. reading time\" \/>\n\t<meta name=\"twitter:data1\" content=\"2 minutit\" \/>\n<script type=\"application\/ld+json\" class=\"yoast-schema-graph\">{\"@context\":\"https:\\\/\\\/schema.org\",\"@graph\":[{\"@type\":\"WebPage\",\"@id\":\"https:\\\/\\\/erformance.eu\\\/et\\\/toode\\\/audi-a3-8v-q2-ga-q3-f3-tt-fv-oro-isiurbimo-kreiptuvas-apatinis\\\/\",\"url\":\"https:\\\/\\\/erformance.eu\\\/et\\\/toode\\\/audi-a3-8v-q2-ga-q3-f3-tt-fv-oro-isiurbimo-kreiptuvas-apatinis\\\/\",\"name\":\"Audi A3 8V Q2 GA Q3 F3 TT FV oro \u012fsiurbimo kreiptuvas APATINIS - Erformance.eu\",\"isPartOf\":{\"@id\":\"https:\\\/\\\/erformance.eu\\\/et\\\/#website\"},\"primaryImageOfPage\":{\"@id\":\"https:\\\/\\\/erformance.eu\\\/et\\\/toode\\\/audi-a3-8v-q2-ga-q3-f3-tt-fv-oro-isiurbimo-kreiptuvas-apatinis\\\/#primaryimage\"},\"image\":{\"@id\":\"https:\\\/\\\/erformance.eu\\\/et\\\/toode\\\/audi-a3-8v-q2-ga-q3-f3-tt-fv-oro-isiurbimo-kreiptuvas-apatinis\\\/#primaryimage\"},\"thumbnailUrl\":\"https:\\\/\\\/erformance.eu\\\/wp-content\\\/uploads\\\/2026\\\/02\\\/pol_pm_Audi-A3-8V-Q2-GA-Q3-F3-TT-FV-kierownica-powietrza-wlot-DOLNY-36480_1.jpg\",\"datePublished\":\"2026-02-16T11:30:03+00:00\",\"dateModified\":\"2026-03-09T23:35:52+00:00\",\"breadcrumb\":{\"@id\":\"https:\\\/\\\/erformance.eu\\\/et\\\/toode\\\/audi-a3-8v-q2-ga-q3-f3-tt-fv-oro-isiurbimo-kreiptuvas-apatinis\\\/#breadcrumb\"},\"inLanguage\":\"et\",\"potentialAction\":[{\"@type\":\"ReadAction\",\"target\":[\"https:\\\/\\\/erformance.eu\\\/et\\\/toode\\\/audi-a3-8v-q2-ga-q3-f3-tt-fv-oro-isiurbimo-kreiptuvas-apatinis\\\/\"]}]},{\"@type\":\"ImageObject\",\"inLanguage\":\"et\",\"@id\":\"https:\\\/\\\/erformance.eu\\\/et\\\/toode\\\/audi-a3-8v-q2-ga-q3-f3-tt-fv-oro-isiurbimo-kreiptuvas-apatinis\\\/#primaryimage\",\"url\":\"https:\\\/\\\/erformance.eu\\\/wp-content\\\/uploads\\\/2026\\\/02\\\/pol_pm_Audi-A3-8V-Q2-GA-Q3-F3-TT-FV-kierownica-powietrza-wlot-DOLNY-36480_1.jpg\",\"contentUrl\":\"https:\\\/\\\/erformance.eu\\\/wp-content\\\/uploads\\\/2026\\\/02\\\/pol_pm_Audi-A3-8V-Q2-GA-Q3-F3-TT-FV-kierownica-powietrza-wlot-DOLNY-36480_1.jpg\",\"width\":1200,\"height\":1200},{\"@type\":\"BreadcrumbList\",\"@id\":\"https:\\\/\\\/erformance.eu\\\/et\\\/toode\\\/audi-a3-8v-q2-ga-q3-f3-tt-fv-oro-isiurbimo-kreiptuvas-apatinis\\\/#breadcrumb\",\"itemListElement\":[{\"@type\":\"ListItem\",\"position\":1,\"name\":\"Home\",\"item\":\"https:\\\/\\\/erformance.eu\\\/et\\\/\"},{\"@type\":\"ListItem\",\"position\":2,\"name\":\"Pood\",\"item\":\"https:\\\/\\\/erformance.eu\\\/et\\\/pood\\\/\"},{\"@type\":\"ListItem\",\"position\":3,\"name\":\"Audi A3 8V Q2 GA Q3 F3 TT FV oro \u012fsiurbimo kreiptuvas APATINIS\"}]},{\"@type\":\"WebSite\",\"@id\":\"https:\\\/\\\/erformance.eu\\\/et\\\/#website\",\"url\":\"https:\\\/\\\/erformance.eu\\\/et\\\/\",\"name\":\"Erformance.eu\",\"description\":\"Automobili\u0173 dali\u0173 parduotuv\u0117\",\"potentialAction\":[{\"@type\":\"SearchAction\",\"target\":{\"@type\":\"EntryPoint\",\"urlTemplate\":\"https:\\\/\\\/erformance.eu\\\/et\\\/?s={search_term_string}\"},\"query-input\":{\"@type\":\"PropertyValueSpecification\",\"valueRequired\":true,\"valueName\":\"search_term_string\"}}],\"inLanguage\":\"et\"}]}<\/script>\n<!-- \/ Yoast SEO Premium plugin. -->","yoast_head_json":{"title":"Audi A3 8V Q2 GA Q3 F3 TT FV oro \u012fsiurbimo kreiptuvas APATINIS - Erformance.eu","robots":{"index":"index","follow":"follow","max-snippet":"max-snippet:-1","max-image-preview":"max-image-preview:large","max-video-preview":"max-video-preview:-1"},"canonical":"https:\/\/erformance.eu\/et\/toode\/audi-a3-8v-q2-ga-q3-f3-tt-fv-oro-isiurbimo-kreiptuvas-apatinis\/","og_locale":"et_EE","og_type":"article","og_title":"Audi A3 8V Q2 GA Q3 F3 TT FV oro \u012fsiurbimo kreiptuvas APATINIS","og_description":"1. Prek\u0117: APATINIS oro \u012fsiurbimo kreiptuvas2. Gamintojas: pakeitimas3. Automobilis:Audi A3 8V 2012-Audi Q2 GA 2013-Audi Q3 F3 2019-Audi TT FV 2014-","og_url":"https:\/\/erformance.eu\/et\/toode\/audi-a3-8v-q2-ga-q3-f3-tt-fv-oro-isiurbimo-kreiptuvas-apatinis\/","og_site_name":"Erformance.eu","article_modified_time":"2026-03-09T23:35:52+00:00","og_image":[{"width":1200,"height":1200,"url":"https:\/\/erformance.eu\/wp-content\/uploads\/2026\/02\/pol_pm_Audi-A3-8V-Q2-GA-Q3-F3-TT-FV-kierownica-powietrza-wlot-DOLNY-36480_1.jpg","type":"image\/jpeg"}],"twitter_card":"summary_large_image","twitter_misc":{"Est. reading time":"2 minutit"},"schema":{"@context":"https:\/\/schema.org","@graph":[{"@type":"WebPage","@id":"https:\/\/erformance.eu\/et\/toode\/audi-a3-8v-q2-ga-q3-f3-tt-fv-oro-isiurbimo-kreiptuvas-apatinis\/","url":"https:\/\/erformance.eu\/et\/toode\/audi-a3-8v-q2-ga-q3-f3-tt-fv-oro-isiurbimo-kreiptuvas-apatinis\/","name":"Audi A3 8V Q2 GA Q3 F3 TT FV oro \u012fsiurbimo kreiptuvas APATINIS - Erformance.eu","isPartOf":{"@id":"https:\/\/erformance.eu\/et\/#website"},"primaryImageOfPage":{"@id":"https:\/\/erformance.eu\/et\/toode\/audi-a3-8v-q2-ga-q3-f3-tt-fv-oro-isiurbimo-kreiptuvas-apatinis\/#primaryimage"},"image":{"@id":"https:\/\/erformance.eu\/et\/toode\/audi-a3-8v-q2-ga-q3-f3-tt-fv-oro-isiurbimo-kreiptuvas-apatinis\/#primaryimage"},"thumbnailUrl":"https:\/\/erformance.eu\/wp-content\/uploads\/2026\/02\/pol_pm_Audi-A3-8V-Q2-GA-Q3-F3-TT-FV-kierownica-powietrza-wlot-DOLNY-36480_1.jpg","datePublished":"2026-02-16T11:30:03+00:00","dateModified":"2026-03-09T23:35:52+00:00","breadcrumb":{"@id":"https:\/\/erformance.eu\/et\/toode\/audi-a3-8v-q2-ga-q3-f3-tt-fv-oro-isiurbimo-kreiptuvas-apatinis\/#breadcrumb"},"inLanguage":"et","potentialAction":[{"@type":"ReadAction","target":["https:\/\/erformance.eu\/et\/toode\/audi-a3-8v-q2-ga-q3-f3-tt-fv-oro-isiurbimo-kreiptuvas-apatinis\/"]}]},{"@type":"ImageObject","inLanguage":"et","@id":"https:\/\/erformance.eu\/et\/toode\/audi-a3-8v-q2-ga-q3-f3-tt-fv-oro-isiurbimo-kreiptuvas-apatinis\/#primaryimage","url":"https:\/\/erformance.eu\/wp-content\/uploads\/2026\/02\/pol_pm_Audi-A3-8V-Q2-GA-Q3-F3-TT-FV-kierownica-powietrza-wlot-DOLNY-36480_1.jpg","contentUrl":"https:\/\/erformance.eu\/wp-content\/uploads\/2026\/02\/pol_pm_Audi-A3-8V-Q2-GA-Q3-F3-TT-FV-kierownica-powietrza-wlot-DOLNY-36480_1.jpg","width":1200,"height":1200},{"@type":"BreadcrumbList","@id":"https:\/\/erformance.eu\/et\/toode\/audi-a3-8v-q2-ga-q3-f3-tt-fv-oro-isiurbimo-kreiptuvas-apatinis\/#breadcrumb","itemListElement":[{"@type":"ListItem","position":1,"name":"Home","item":"https:\/\/erformance.eu\/et\/"},{"@type":"ListItem","position":2,"name":"Pood","item":"https:\/\/erformance.eu\/et\/pood\/"},{"@type":"ListItem","position":3,"name":"Audi A3 8V Q2 GA Q3 F3 TT FV oro \u012fsiurbimo kreiptuvas APATINIS"}]},{"@type":"WebSite","@id":"https:\/\/erformance.eu\/et\/#website","url":"https:\/\/erformance.eu\/et\/","name":"Erformance.eu","description":"Automobili\u0173 dali\u0173 parduotuv\u0117","potentialAction":[{"@type":"SearchAction","target":{"@type":"EntryPoint","urlTemplate":"https:\/\/erformance.eu\/et\/?s={search_term_string}"},"query-input":{"@type":"PropertyValueSpecification","valueRequired":true,"valueName":"search_term_string"}}],"inLanguage":"et"}]}},"jetpack_sharing_enabled":true,"_links":{"self":[{"href":"https:\/\/erformance.eu\/et\/wp-json\/wp\/v2\/product\/57572","targetHints":{"allow":["GET"]}}],"collection":[{"href":"https:\/\/erformance.eu\/et\/wp-json\/wp\/v2\/product"}],"about":[{"href":"https:\/\/erformance.eu\/et\/wp-json\/wp\/v2\/types\/product"}],"replies":[{"embeddable":true,"href":"https:\/\/erformance.eu\/et\/wp-json\/wp\/v2\/comments?post=57572"}],"version-history":[{"count":1,"href":"https:\/\/erformance.eu\/et\/wp-json\/wp\/v2\/product\/57572\/revisions"}],"predecessor-version":[{"id":57573,"href":"https:\/\/erformance.eu\/et\/wp-json\/wp\/v2\/product\/57572\/revisions\/57573"}],"wp:featuredmedia":[{"embeddable":true,"href":"https:\/\/erformance.eu\/et\/wp-json\/wp\/v2\/media\/55033"}],"wp:attachment":[{"href":"https:\/\/erformance.eu\/et\/wp-json\/wp\/v2\/media?parent=57572"}],"wp:term":[{"taxonomy":"product_brand","embeddable":true,"href":"https:\/\/erformance.eu\/et\/wp-json\/wp\/v2\/product_brand?post=57572"},{"taxonomy":"product_cat","embeddable":true,"href":"https:\/\/erformance.eu\/et\/wp-json\/wp\/v2\/product_cat?post=57572"},{"taxonomy":"product_tag","embeddable":true,"href":"https:\/\/erformance.eu\/et\/wp-json\/wp\/v2\/product_tag?post=57572"}],"curies":[{"name":"wp","href":"https:\/\/api.w.org\/{rel}","templated":true}]}}