{"id":57584,"date":"2026-02-16T14:30:09","date_gmt":"2026-02-16T11:30:09","guid":{"rendered":"https:\/\/erformance.eu\/?post_type=product&#038;p=57584"},"modified":"2026-03-25T02:57:11","modified_gmt":"2026-03-24T23:57:11","slug":"audi-a6-c7-kombi-2011-galinio-valytuvo-svirtis-sluotele-galinio-lango-apiplovimo-antgalis-2-vnt","status":"publish","type":"product","link":"https:\/\/erformance.eu\/et\/toode\/audi-a6-c7-kombi-2011-galinio-valytuvo-svirtis-sluotele-galinio-lango-apiplovimo-antgalis-2-vnt\/","title":{"rendered":"Audi A6 C7 KOMBI 2011- galinio valytuvo svirtis + \u0161luotel\u0117 + galinio lango apiplovimo antgalis (2 vnt.)"},"content":{"rendered":"<p>Prek\u0117: RINKINYS, kur\u012f sudaro:<\/p>\n<p>galinio valytuvo svirtis + \u0161luotel\u0117<br \/>\ngalinio lango apiplovimo antgalis<\/p>\n<p>Originalus numeris:<\/p>\n<p>8E9955985<br \/>\n8K9955425<br \/>\n8K9955985A<br \/>\n4G9955407<br \/>\n8E9 955 985<br \/>\n8K9 955 425<br \/>\n8K9 955 985A<br \/>\n4G9 955 407<\/p>\n<p>PASTABA: auk\u0161\u010diau pateikti numeriai yra original\u016bs dali\u0173 numeriai, kuriuos \u0161is pasi\u016blymas pakei\u010dia. Prie\u0161 pirkdami, palyginkite juos su originaliu dalies numeriu. Jei jie skiriasi net vienu simboliu, dalis netiks, neveiks arba veiks netinkamai. Tokiu atveju jos nepirkite.<br \/>\nAutomobilis:<\/p>\n<p>Audi A4 B8 KOMBI, modeliai pagaminti nuo 2008 m.<br \/>\n\u201eAudi A6 C7 KOMBI\u201c, modeliai, pagaminti nuo 2011 m.<br \/>\n\u201eAudi A6 Allroad\u201c, modeliai, pagaminti nuo 2012 m.<br \/>\n\u201eAudi Q3\u201c, modeliai, pagaminti nuo 2011 m.<\/p>\n<p>Valytuvo \u0161luotel\u0117s ilgis: 400 mm<br \/>\nGamintojas: pakaitalas<br \/>\nTechnin\u0117 b\u016bkl\u0117: prek\u0117 yra visi\u0161kai nauja, nenaudota, nepa\u017eeista ir nesugadinta<\/p>\n","protected":false},"excerpt":{"rendered":"<p>1. Prek\u0117: rinkinys, kur\u012f sudaro:* galinio valytuvo svirtis + \u0161luotel\u0117* galinio lango apiplovimo antgalis2. Gamintojas: pakeitimas3. Automobilis:* Audi A4 B8 UNIVERSALAS 2008-* Audi A6 C7 UNIVERSALAS 2011-* Audi A6 Allroad 2012-* Audi Q3 2011-<\/p>\n","protected":false},"featured_media":55081,"comment_status":"open","ping_status":"closed","template":"","meta":[],"product_brand":[],"product_cat":[394,144,3919,3958,4358],"product_tag":[],"class_list":{"0":"post-57584","1":"product","2":"type-product","3":"status-publish","4":"has-post-thumbnail","6":"product_cat-audi-a6","7":"product_cat-audi","8":"product_cat-audi-a6-c7","9":"product_cat-audi-a6-c7-isores-dalys","10":"product_cat-audi-a6-c7-mechanizmai-valytuvai","12":"first","13":"instock","14":"shipping-taxable","15":"purchasable","16":"product-type-simple"},"yoast_head":"<!-- This site is optimized with the Yoast SEO Premium plugin v25.2 (Yoast SEO v27.4) - https:\/\/yoast.com\/product\/yoast-seo-premium-wordpress\/ -->\n<title>Audi A6 C7 KOMBI 2011- galinio valytuvo svirtis + \u0161luotel\u0117 + galinio lango apiplovimo antgalis (2 vnt.) - Erformance.eu<\/title>\n<meta name=\"robots\" content=\"index, follow, max-snippet:-1, max-image-preview:large, max-video-preview:-1\" \/>\n<link rel=\"canonical\" href=\"https:\/\/erformance.eu\/et\/toode\/audi-a6-c7-kombi-2011-galinio-valytuvo-svirtis-sluotele-galinio-lango-apiplovimo-antgalis-2-vnt\/\" \/>\n<meta property=\"og:locale\" content=\"et_EE\" \/>\n<meta property=\"og:type\" content=\"article\" \/>\n<meta property=\"og:title\" content=\"Audi A6 C7 KOMBI 2011- galinio valytuvo svirtis + \u0161luotel\u0117 + galinio lango apiplovimo antgalis (2 vnt.)\" \/>\n<meta property=\"og:description\" content=\"1. Prek\u0117: rinkinys, kur\u012f sudaro:* galinio valytuvo svirtis + \u0161luotel\u0117* galinio lango apiplovimo antgalis2. Gamintojas: pakeitimas3. Automobilis:* Audi A4 B8 UNIVERSALAS 2008-* Audi A6 C7 UNIVERSALAS 2011-* Audi A6 Allroad 2012-* Audi Q3 2011-\" \/>\n<meta property=\"og:url\" content=\"https:\/\/erformance.eu\/et\/toode\/audi-a6-c7-kombi-2011-galinio-valytuvo-svirtis-sluotele-galinio-lango-apiplovimo-antgalis-2-vnt\/\" \/>\n<meta property=\"og:site_name\" content=\"Erformance.eu\" \/>\n<meta property=\"article:modified_time\" content=\"2026-03-24T23:57:11+00:00\" \/>\n<meta property=\"og:image\" content=\"https:\/\/erformance.eu\/wp-content\/uploads\/2026\/02\/pol_pm_Audi-A6-C7-KOMBI-2011-wycieraczka-tylna-ramie-pioro-dysza-spryskiwacza-tylnej-szyby-2-szt-KPL-33519_1.jpg\" \/>\n\t<meta property=\"og:image:width\" content=\"1200\" \/>\n\t<meta property=\"og:image:height\" content=\"1200\" \/>\n\t<meta property=\"og:image:type\" content=\"image\/jpeg\" \/>\n<meta name=\"twitter:card\" content=\"summary_large_image\" \/>\n<meta name=\"twitter:label1\" content=\"Est. reading time\" \/>\n\t<meta name=\"twitter:data1\" content=\"1 minut\" \/>\n<script type=\"application\/ld+json\" class=\"yoast-schema-graph\">{\"@context\":\"https:\\\/\\\/schema.org\",\"@graph\":[{\"@type\":\"WebPage\",\"@id\":\"https:\\\/\\\/erformance.eu\\\/et\\\/toode\\\/audi-a6-c7-kombi-2011-galinio-valytuvo-svirtis-sluotele-galinio-lango-apiplovimo-antgalis-2-vnt\\\/\",\"url\":\"https:\\\/\\\/erformance.eu\\\/et\\\/toode\\\/audi-a6-c7-kombi-2011-galinio-valytuvo-svirtis-sluotele-galinio-lango-apiplovimo-antgalis-2-vnt\\\/\",\"name\":\"Audi A6 C7 KOMBI 2011- galinio valytuvo svirtis + \u0161luotel\u0117 + galinio lango apiplovimo antgalis (2 vnt.) - Erformance.eu\",\"isPartOf\":{\"@id\":\"https:\\\/\\\/erformance.eu\\\/et\\\/#website\"},\"primaryImageOfPage\":{\"@id\":\"https:\\\/\\\/erformance.eu\\\/et\\\/toode\\\/audi-a6-c7-kombi-2011-galinio-valytuvo-svirtis-sluotele-galinio-lango-apiplovimo-antgalis-2-vnt\\\/#primaryimage\"},\"image\":{\"@id\":\"https:\\\/\\\/erformance.eu\\\/et\\\/toode\\\/audi-a6-c7-kombi-2011-galinio-valytuvo-svirtis-sluotele-galinio-lango-apiplovimo-antgalis-2-vnt\\\/#primaryimage\"},\"thumbnailUrl\":\"https:\\\/\\\/erformance.eu\\\/wp-content\\\/uploads\\\/2026\\\/02\\\/pol_pm_Audi-A6-C7-KOMBI-2011-wycieraczka-tylna-ramie-pioro-dysza-spryskiwacza-tylnej-szyby-2-szt-KPL-33519_1.jpg\",\"datePublished\":\"2026-02-16T11:30:09+00:00\",\"dateModified\":\"2026-03-24T23:57:11+00:00\",\"breadcrumb\":{\"@id\":\"https:\\\/\\\/erformance.eu\\\/et\\\/toode\\\/audi-a6-c7-kombi-2011-galinio-valytuvo-svirtis-sluotele-galinio-lango-apiplovimo-antgalis-2-vnt\\\/#breadcrumb\"},\"inLanguage\":\"et\",\"potentialAction\":[{\"@type\":\"ReadAction\",\"target\":[\"https:\\\/\\\/erformance.eu\\\/et\\\/toode\\\/audi-a6-c7-kombi-2011-galinio-valytuvo-svirtis-sluotele-galinio-lango-apiplovimo-antgalis-2-vnt\\\/\"]}]},{\"@type\":\"ImageObject\",\"inLanguage\":\"et\",\"@id\":\"https:\\\/\\\/erformance.eu\\\/et\\\/toode\\\/audi-a6-c7-kombi-2011-galinio-valytuvo-svirtis-sluotele-galinio-lango-apiplovimo-antgalis-2-vnt\\\/#primaryimage\",\"url\":\"https:\\\/\\\/erformance.eu\\\/wp-content\\\/uploads\\\/2026\\\/02\\\/pol_pm_Audi-A6-C7-KOMBI-2011-wycieraczka-tylna-ramie-pioro-dysza-spryskiwacza-tylnej-szyby-2-szt-KPL-33519_1.jpg\",\"contentUrl\":\"https:\\\/\\\/erformance.eu\\\/wp-content\\\/uploads\\\/2026\\\/02\\\/pol_pm_Audi-A6-C7-KOMBI-2011-wycieraczka-tylna-ramie-pioro-dysza-spryskiwacza-tylnej-szyby-2-szt-KPL-33519_1.jpg\",\"width\":1200,\"height\":1200},{\"@type\":\"BreadcrumbList\",\"@id\":\"https:\\\/\\\/erformance.eu\\\/et\\\/toode\\\/audi-a6-c7-kombi-2011-galinio-valytuvo-svirtis-sluotele-galinio-lango-apiplovimo-antgalis-2-vnt\\\/#breadcrumb\",\"itemListElement\":[{\"@type\":\"ListItem\",\"position\":1,\"name\":\"Home\",\"item\":\"https:\\\/\\\/erformance.eu\\\/et\\\/\"},{\"@type\":\"ListItem\",\"position\":2,\"name\":\"Pood\",\"item\":\"https:\\\/\\\/erformance.eu\\\/et\\\/pood\\\/\"},{\"@type\":\"ListItem\",\"position\":3,\"name\":\"Audi A6 C7 KOMBI 2011- galinio valytuvo svirtis + \u0161luotel\u0117 + galinio lango apiplovimo antgalis (2 vnt.)\"}]},{\"@type\":\"WebSite\",\"@id\":\"https:\\\/\\\/erformance.eu\\\/et\\\/#website\",\"url\":\"https:\\\/\\\/erformance.eu\\\/et\\\/\",\"name\":\"Erformance.eu\",\"description\":\"Automobili\u0173 dali\u0173 parduotuv\u0117\",\"potentialAction\":[{\"@type\":\"SearchAction\",\"target\":{\"@type\":\"EntryPoint\",\"urlTemplate\":\"https:\\\/\\\/erformance.eu\\\/et\\\/?s={search_term_string}\"},\"query-input\":{\"@type\":\"PropertyValueSpecification\",\"valueRequired\":true,\"valueName\":\"search_term_string\"}}],\"inLanguage\":\"et\"}]}<\/script>\n<!-- \/ Yoast SEO Premium plugin. -->","yoast_head_json":{"title":"Audi A6 C7 KOMBI 2011- galinio valytuvo svirtis + \u0161luotel\u0117 + galinio lango apiplovimo antgalis (2 vnt.) - Erformance.eu","robots":{"index":"index","follow":"follow","max-snippet":"max-snippet:-1","max-image-preview":"max-image-preview:large","max-video-preview":"max-video-preview:-1"},"canonical":"https:\/\/erformance.eu\/et\/toode\/audi-a6-c7-kombi-2011-galinio-valytuvo-svirtis-sluotele-galinio-lango-apiplovimo-antgalis-2-vnt\/","og_locale":"et_EE","og_type":"article","og_title":"Audi A6 C7 KOMBI 2011- galinio valytuvo svirtis + \u0161luotel\u0117 + galinio lango apiplovimo antgalis (2 vnt.)","og_description":"1. Prek\u0117: rinkinys, kur\u012f sudaro:* galinio valytuvo svirtis + \u0161luotel\u0117* galinio lango apiplovimo antgalis2. Gamintojas: pakeitimas3. Automobilis:* Audi A4 B8 UNIVERSALAS 2008-* Audi A6 C7 UNIVERSALAS 2011-* Audi A6 Allroad 2012-* Audi Q3 2011-","og_url":"https:\/\/erformance.eu\/et\/toode\/audi-a6-c7-kombi-2011-galinio-valytuvo-svirtis-sluotele-galinio-lango-apiplovimo-antgalis-2-vnt\/","og_site_name":"Erformance.eu","article_modified_time":"2026-03-24T23:57:11+00:00","og_image":[{"width":1200,"height":1200,"url":"https:\/\/erformance.eu\/wp-content\/uploads\/2026\/02\/pol_pm_Audi-A6-C7-KOMBI-2011-wycieraczka-tylna-ramie-pioro-dysza-spryskiwacza-tylnej-szyby-2-szt-KPL-33519_1.jpg","type":"image\/jpeg"}],"twitter_card":"summary_large_image","twitter_misc":{"Est. reading time":"1 minut"},"schema":{"@context":"https:\/\/schema.org","@graph":[{"@type":"WebPage","@id":"https:\/\/erformance.eu\/et\/toode\/audi-a6-c7-kombi-2011-galinio-valytuvo-svirtis-sluotele-galinio-lango-apiplovimo-antgalis-2-vnt\/","url":"https:\/\/erformance.eu\/et\/toode\/audi-a6-c7-kombi-2011-galinio-valytuvo-svirtis-sluotele-galinio-lango-apiplovimo-antgalis-2-vnt\/","name":"Audi A6 C7 KOMBI 2011- galinio valytuvo svirtis + \u0161luotel\u0117 + galinio lango apiplovimo antgalis (2 vnt.) - Erformance.eu","isPartOf":{"@id":"https:\/\/erformance.eu\/et\/#website"},"primaryImageOfPage":{"@id":"https:\/\/erformance.eu\/et\/toode\/audi-a6-c7-kombi-2011-galinio-valytuvo-svirtis-sluotele-galinio-lango-apiplovimo-antgalis-2-vnt\/#primaryimage"},"image":{"@id":"https:\/\/erformance.eu\/et\/toode\/audi-a6-c7-kombi-2011-galinio-valytuvo-svirtis-sluotele-galinio-lango-apiplovimo-antgalis-2-vnt\/#primaryimage"},"thumbnailUrl":"https:\/\/erformance.eu\/wp-content\/uploads\/2026\/02\/pol_pm_Audi-A6-C7-KOMBI-2011-wycieraczka-tylna-ramie-pioro-dysza-spryskiwacza-tylnej-szyby-2-szt-KPL-33519_1.jpg","datePublished":"2026-02-16T11:30:09+00:00","dateModified":"2026-03-24T23:57:11+00:00","breadcrumb":{"@id":"https:\/\/erformance.eu\/et\/toode\/audi-a6-c7-kombi-2011-galinio-valytuvo-svirtis-sluotele-galinio-lango-apiplovimo-antgalis-2-vnt\/#breadcrumb"},"inLanguage":"et","potentialAction":[{"@type":"ReadAction","target":["https:\/\/erformance.eu\/et\/toode\/audi-a6-c7-kombi-2011-galinio-valytuvo-svirtis-sluotele-galinio-lango-apiplovimo-antgalis-2-vnt\/"]}]},{"@type":"ImageObject","inLanguage":"et","@id":"https:\/\/erformance.eu\/et\/toode\/audi-a6-c7-kombi-2011-galinio-valytuvo-svirtis-sluotele-galinio-lango-apiplovimo-antgalis-2-vnt\/#primaryimage","url":"https:\/\/erformance.eu\/wp-content\/uploads\/2026\/02\/pol_pm_Audi-A6-C7-KOMBI-2011-wycieraczka-tylna-ramie-pioro-dysza-spryskiwacza-tylnej-szyby-2-szt-KPL-33519_1.jpg","contentUrl":"https:\/\/erformance.eu\/wp-content\/uploads\/2026\/02\/pol_pm_Audi-A6-C7-KOMBI-2011-wycieraczka-tylna-ramie-pioro-dysza-spryskiwacza-tylnej-szyby-2-szt-KPL-33519_1.jpg","width":1200,"height":1200},{"@type":"BreadcrumbList","@id":"https:\/\/erformance.eu\/et\/toode\/audi-a6-c7-kombi-2011-galinio-valytuvo-svirtis-sluotele-galinio-lango-apiplovimo-antgalis-2-vnt\/#breadcrumb","itemListElement":[{"@type":"ListItem","position":1,"name":"Home","item":"https:\/\/erformance.eu\/et\/"},{"@type":"ListItem","position":2,"name":"Pood","item":"https:\/\/erformance.eu\/et\/pood\/"},{"@type":"ListItem","position":3,"name":"Audi A6 C7 KOMBI 2011- galinio valytuvo svirtis + \u0161luotel\u0117 + galinio lango apiplovimo antgalis (2 vnt.)"}]},{"@type":"WebSite","@id":"https:\/\/erformance.eu\/et\/#website","url":"https:\/\/erformance.eu\/et\/","name":"Erformance.eu","description":"Automobili\u0173 dali\u0173 parduotuv\u0117","potentialAction":[{"@type":"SearchAction","target":{"@type":"EntryPoint","urlTemplate":"https:\/\/erformance.eu\/et\/?s={search_term_string}"},"query-input":{"@type":"PropertyValueSpecification","valueRequired":true,"valueName":"search_term_string"}}],"inLanguage":"et"}]}},"jetpack_sharing_enabled":true,"_links":{"self":[{"href":"https:\/\/erformance.eu\/et\/wp-json\/wp\/v2\/product\/57584","targetHints":{"allow":["GET"]}}],"collection":[{"href":"https:\/\/erformance.eu\/et\/wp-json\/wp\/v2\/product"}],"about":[{"href":"https:\/\/erformance.eu\/et\/wp-json\/wp\/v2\/types\/product"}],"replies":[{"embeddable":true,"href":"https:\/\/erformance.eu\/et\/wp-json\/wp\/v2\/comments?post=57584"}],"version-history":[{"count":1,"href":"https:\/\/erformance.eu\/et\/wp-json\/wp\/v2\/product\/57584\/revisions"}],"predecessor-version":[{"id":57585,"href":"https:\/\/erformance.eu\/et\/wp-json\/wp\/v2\/product\/57584\/revisions\/57585"}],"wp:featuredmedia":[{"embeddable":true,"href":"https:\/\/erformance.eu\/et\/wp-json\/wp\/v2\/media\/55081"}],"wp:attachment":[{"href":"https:\/\/erformance.eu\/et\/wp-json\/wp\/v2\/media?parent=57584"}],"wp:term":[{"taxonomy":"product_brand","embeddable":true,"href":"https:\/\/erformance.eu\/et\/wp-json\/wp\/v2\/product_brand?post=57584"},{"taxonomy":"product_cat","embeddable":true,"href":"https:\/\/erformance.eu\/et\/wp-json\/wp\/v2\/product_cat?post=57584"},{"taxonomy":"product_tag","embeddable":true,"href":"https:\/\/erformance.eu\/et\/wp-json\/wp\/v2\/product_tag?post=57584"}],"curies":[{"name":"wp","href":"https:\/\/api.w.org\/{rel}","templated":true}]}}