{"id":57594,"date":"2026-02-16T14:30:15","date_gmt":"2026-02-16T11:30:15","guid":{"rendered":"https:\/\/erformance.eu\/?post_type=product&#038;p=57594"},"modified":"2026-02-25T12:29:25","modified_gmt":"2026-02-25T09:29:25","slug":"audi-a7-4g-10-18-1-8-tfsi-2-0-tfsi-2-0-tdi-tarpinis-ausintuvas","status":"publish","type":"product","link":"https:\/\/erformance.eu\/et\/toode\/audi-a7-4g-10-18-1-8-tfsi-2-0-tfsi-2-0-tdi-tarpinis-ausintuvas\/","title":{"rendered":"Audi A7 4G 10-18 1.8 TFSI \/ 2.0 TFSI \/ 2.0 TDI tarpinis au\u0161intuvas"},"content":{"rendered":"<p>Tema: Oro au\u0161intuvas (tarpinis au\u0161intuvas)<br \/>\nOriginalus numeris:<\/p>\n<p>8K0145805<br \/>\n8K0145805G<br \/>\n8K0145805K<br \/>\n8K0145805L<br \/>\n8K0145805P<\/p>\n<p>PASTABA: auk\u0161\u010diau pateikti numeriai yra original\u016bs dali\u0173 numeriai, kuriuos \u0161is pasi\u016blymas pakei\u010dia. Prie\u0161 pirkdami, palyginkite juos su originaliu dalies numeriu. Jei jie skiriasi net vienu simboliu, dalis netiks, neveiks arba veiks netinkamai. Tokiu atveju jos nepirkite.<\/p>\n<p>Automobilis:<\/p>\n<p>\u201eAudi A4 B8\u201c, pagaminimo metai: 2007\u20132015<br \/>\n\u201eAudi A5 8T\u201c, pagaminimo metai: 2007\u20132016<br \/>\nAudi A6 C7, gamybos metai: 2011-2018<br \/>\n\u201eAudi A7 4G\u201c, pagaminimo metai: 2010\u20132018<br \/>\n\u201eAudi Q5 8R\u201c, gamybos metai: 2008\u20132015<\/p>\n<p>Variklis:<\/p>\n<p>1.8 TFSI<br \/>\n2.0 TFSI<br \/>\n2.0 TDI<\/p>\n<p>Pavar\u0173 d\u0117\u017e\u0117: mechanin\u0117 \/ automatin\u0117<br \/>\n\u0160erdies (radiatoriaus) matmenys: 665 x 142 x 62 mm<br \/>\nGamintojas: pakaitalas<br \/>\nTechnin\u0117 b\u016bkl\u0117: prek\u0117 yra visi\u0161kai nauja, nenaudota, nepa\u017eeista ir nesugadinta<br \/>\nD\u0117mesio!<\/p>\n<p>modeliams su mechanine arba automatine pavar\u0173 d\u0117\u017ee<br \/>\nmodeliams su oro kondicionieriumi arba be jo<\/p>\n","protected":false},"excerpt":{"rendered":"<p>1. Prek\u0117: Oro au\u0161intuvas2. Gamintojas: pakeitimas3. \u0160erdies matmenys: 665 \/ 142 \/ 62 mm4. Automobilis:* Audi A4 B8 07-15* Audi A5 8T 07-16* Audi A6 C7 11-18* Audi A7 4G 10-18* Audi Q5 8R 08-155. Variklis:* 1,8 TFSI* 2.0 TFSI* 2.0 TDI<\/p>\n","protected":false},"featured_media":55125,"comment_status":"open","ping_status":"closed","template":"","meta":[],"product_brand":[],"product_cat":[3920,395,144,3960,4165],"product_tag":[],"class_list":{"0":"post-57594","1":"product","2":"type-product","3":"status-publish","4":"has-post-thumbnail","6":"product_cat-audi-a7-4g","7":"product_cat-audi-a7","8":"product_cat-audi","9":"product_cat-audi-a7-4g-isores-dalys","10":"product_cat-audi-a7-4g-isores-kitos-dalys","12":"first","13":"instock","14":"shipping-taxable","15":"purchasable","16":"product-type-simple"},"yoast_head":"<!-- This site is optimized with the Yoast SEO Premium plugin v25.2 (Yoast SEO v27.3) - https:\/\/yoast.com\/product\/yoast-seo-premium-wordpress\/ -->\n<title>Audi A7 4G 10-18 1.8 TFSI \/ 2.0 TFSI \/ 2.0 TDI tarpinis au\u0161intuvas - Erformance.eu<\/title>\n<meta name=\"robots\" content=\"index, follow, max-snippet:-1, max-image-preview:large, max-video-preview:-1\" \/>\n<link rel=\"canonical\" href=\"https:\/\/erformance.eu\/et\/toode\/audi-a7-4g-10-18-1-8-tfsi-2-0-tfsi-2-0-tdi-tarpinis-ausintuvas\/\" \/>\n<meta property=\"og:locale\" content=\"et_EE\" \/>\n<meta property=\"og:type\" content=\"article\" \/>\n<meta property=\"og:title\" content=\"Audi A7 4G 10-18 1.8 TFSI \/ 2.0 TFSI \/ 2.0 TDI tarpinis au\u0161intuvas\" \/>\n<meta property=\"og:description\" content=\"1. Prek\u0117: Oro au\u0161intuvas2. Gamintojas: pakeitimas3. \u0160erdies matmenys: 665 \/ 142 \/ 62 mm4. Automobilis:* Audi A4 B8 07-15* Audi A5 8T 07-16* Audi A6 C7 11-18* Audi A7 4G 10-18* Audi Q5 8R 08-155. Variklis:* 1,8 TFSI* 2.0 TFSI* 2.0 TDI\" \/>\n<meta property=\"og:url\" content=\"https:\/\/erformance.eu\/et\/toode\/audi-a7-4g-10-18-1-8-tfsi-2-0-tfsi-2-0-tdi-tarpinis-ausintuvas\/\" \/>\n<meta property=\"og:site_name\" content=\"Erformance.eu\" \/>\n<meta property=\"article:modified_time\" content=\"2026-02-25T09:29:25+00:00\" \/>\n<meta property=\"og:image\" content=\"https:\/\/erformance.eu\/wp-content\/uploads\/2026\/02\/pol_pm_Audi-A7-4G-10-18-1-8-TFSI-2-0-TFSI-2-0-TDI-chlodnica-powietrza-intercooler-31090_1.jpg\" \/>\n\t<meta property=\"og:image:width\" content=\"1200\" \/>\n\t<meta property=\"og:image:height\" content=\"1200\" \/>\n\t<meta property=\"og:image:type\" content=\"image\/jpeg\" \/>\n<meta name=\"twitter:card\" content=\"summary_large_image\" \/>\n<meta name=\"twitter:label1\" content=\"Est. reading time\" \/>\n\t<meta name=\"twitter:data1\" content=\"1 minut\" \/>\n<script type=\"application\/ld+json\" class=\"yoast-schema-graph\">{\"@context\":\"https:\\\/\\\/schema.org\",\"@graph\":[{\"@type\":\"WebPage\",\"@id\":\"https:\\\/\\\/erformance.eu\\\/et\\\/toode\\\/audi-a7-4g-10-18-1-8-tfsi-2-0-tfsi-2-0-tdi-tarpinis-ausintuvas\\\/\",\"url\":\"https:\\\/\\\/erformance.eu\\\/et\\\/toode\\\/audi-a7-4g-10-18-1-8-tfsi-2-0-tfsi-2-0-tdi-tarpinis-ausintuvas\\\/\",\"name\":\"Audi A7 4G 10-18 1.8 TFSI \\\/ 2.0 TFSI \\\/ 2.0 TDI tarpinis au\u0161intuvas - Erformance.eu\",\"isPartOf\":{\"@id\":\"https:\\\/\\\/erformance.eu\\\/et\\\/#website\"},\"primaryImageOfPage\":{\"@id\":\"https:\\\/\\\/erformance.eu\\\/et\\\/toode\\\/audi-a7-4g-10-18-1-8-tfsi-2-0-tfsi-2-0-tdi-tarpinis-ausintuvas\\\/#primaryimage\"},\"image\":{\"@id\":\"https:\\\/\\\/erformance.eu\\\/et\\\/toode\\\/audi-a7-4g-10-18-1-8-tfsi-2-0-tfsi-2-0-tdi-tarpinis-ausintuvas\\\/#primaryimage\"},\"thumbnailUrl\":\"https:\\\/\\\/erformance.eu\\\/wp-content\\\/uploads\\\/2026\\\/02\\\/pol_pm_Audi-A7-4G-10-18-1-8-TFSI-2-0-TFSI-2-0-TDI-chlodnica-powietrza-intercooler-31090_1.jpg\",\"datePublished\":\"2026-02-16T11:30:15+00:00\",\"dateModified\":\"2026-02-25T09:29:25+00:00\",\"breadcrumb\":{\"@id\":\"https:\\\/\\\/erformance.eu\\\/et\\\/toode\\\/audi-a7-4g-10-18-1-8-tfsi-2-0-tfsi-2-0-tdi-tarpinis-ausintuvas\\\/#breadcrumb\"},\"inLanguage\":\"et\",\"potentialAction\":[{\"@type\":\"ReadAction\",\"target\":[\"https:\\\/\\\/erformance.eu\\\/et\\\/toode\\\/audi-a7-4g-10-18-1-8-tfsi-2-0-tfsi-2-0-tdi-tarpinis-ausintuvas\\\/\"]}]},{\"@type\":\"ImageObject\",\"inLanguage\":\"et\",\"@id\":\"https:\\\/\\\/erformance.eu\\\/et\\\/toode\\\/audi-a7-4g-10-18-1-8-tfsi-2-0-tfsi-2-0-tdi-tarpinis-ausintuvas\\\/#primaryimage\",\"url\":\"https:\\\/\\\/erformance.eu\\\/wp-content\\\/uploads\\\/2026\\\/02\\\/pol_pm_Audi-A7-4G-10-18-1-8-TFSI-2-0-TFSI-2-0-TDI-chlodnica-powietrza-intercooler-31090_1.jpg\",\"contentUrl\":\"https:\\\/\\\/erformance.eu\\\/wp-content\\\/uploads\\\/2026\\\/02\\\/pol_pm_Audi-A7-4G-10-18-1-8-TFSI-2-0-TFSI-2-0-TDI-chlodnica-powietrza-intercooler-31090_1.jpg\",\"width\":1200,\"height\":1200},{\"@type\":\"BreadcrumbList\",\"@id\":\"https:\\\/\\\/erformance.eu\\\/et\\\/toode\\\/audi-a7-4g-10-18-1-8-tfsi-2-0-tfsi-2-0-tdi-tarpinis-ausintuvas\\\/#breadcrumb\",\"itemListElement\":[{\"@type\":\"ListItem\",\"position\":1,\"name\":\"Home\",\"item\":\"https:\\\/\\\/erformance.eu\\\/et\\\/\"},{\"@type\":\"ListItem\",\"position\":2,\"name\":\"Pood\",\"item\":\"https:\\\/\\\/erformance.eu\\\/et\\\/pood\\\/\"},{\"@type\":\"ListItem\",\"position\":3,\"name\":\"Audi A7 4G 10-18 1.8 TFSI \\\/ 2.0 TFSI \\\/ 2.0 TDI tarpinis au\u0161intuvas\"}]},{\"@type\":\"WebSite\",\"@id\":\"https:\\\/\\\/erformance.eu\\\/et\\\/#website\",\"url\":\"https:\\\/\\\/erformance.eu\\\/et\\\/\",\"name\":\"Erformance.eu\",\"description\":\"Automobili\u0173 dali\u0173 parduotuv\u0117\",\"potentialAction\":[{\"@type\":\"SearchAction\",\"target\":{\"@type\":\"EntryPoint\",\"urlTemplate\":\"https:\\\/\\\/erformance.eu\\\/et\\\/?s={search_term_string}\"},\"query-input\":{\"@type\":\"PropertyValueSpecification\",\"valueRequired\":true,\"valueName\":\"search_term_string\"}}],\"inLanguage\":\"et\"}]}<\/script>\n<!-- \/ Yoast SEO Premium plugin. -->","yoast_head_json":{"title":"Audi A7 4G 10-18 1.8 TFSI \/ 2.0 TFSI \/ 2.0 TDI tarpinis au\u0161intuvas - Erformance.eu","robots":{"index":"index","follow":"follow","max-snippet":"max-snippet:-1","max-image-preview":"max-image-preview:large","max-video-preview":"max-video-preview:-1"},"canonical":"https:\/\/erformance.eu\/et\/toode\/audi-a7-4g-10-18-1-8-tfsi-2-0-tfsi-2-0-tdi-tarpinis-ausintuvas\/","og_locale":"et_EE","og_type":"article","og_title":"Audi A7 4G 10-18 1.8 TFSI \/ 2.0 TFSI \/ 2.0 TDI tarpinis au\u0161intuvas","og_description":"1. Prek\u0117: Oro au\u0161intuvas2. Gamintojas: pakeitimas3. \u0160erdies matmenys: 665 \/ 142 \/ 62 mm4. Automobilis:* Audi A4 B8 07-15* Audi A5 8T 07-16* Audi A6 C7 11-18* Audi A7 4G 10-18* Audi Q5 8R 08-155. Variklis:* 1,8 TFSI* 2.0 TFSI* 2.0 TDI","og_url":"https:\/\/erformance.eu\/et\/toode\/audi-a7-4g-10-18-1-8-tfsi-2-0-tfsi-2-0-tdi-tarpinis-ausintuvas\/","og_site_name":"Erformance.eu","article_modified_time":"2026-02-25T09:29:25+00:00","og_image":[{"width":1200,"height":1200,"url":"https:\/\/erformance.eu\/wp-content\/uploads\/2026\/02\/pol_pm_Audi-A7-4G-10-18-1-8-TFSI-2-0-TFSI-2-0-TDI-chlodnica-powietrza-intercooler-31090_1.jpg","type":"image\/jpeg"}],"twitter_card":"summary_large_image","twitter_misc":{"Est. reading time":"1 minut"},"schema":{"@context":"https:\/\/schema.org","@graph":[{"@type":"WebPage","@id":"https:\/\/erformance.eu\/et\/toode\/audi-a7-4g-10-18-1-8-tfsi-2-0-tfsi-2-0-tdi-tarpinis-ausintuvas\/","url":"https:\/\/erformance.eu\/et\/toode\/audi-a7-4g-10-18-1-8-tfsi-2-0-tfsi-2-0-tdi-tarpinis-ausintuvas\/","name":"Audi A7 4G 10-18 1.8 TFSI \/ 2.0 TFSI \/ 2.0 TDI tarpinis au\u0161intuvas - Erformance.eu","isPartOf":{"@id":"https:\/\/erformance.eu\/et\/#website"},"primaryImageOfPage":{"@id":"https:\/\/erformance.eu\/et\/toode\/audi-a7-4g-10-18-1-8-tfsi-2-0-tfsi-2-0-tdi-tarpinis-ausintuvas\/#primaryimage"},"image":{"@id":"https:\/\/erformance.eu\/et\/toode\/audi-a7-4g-10-18-1-8-tfsi-2-0-tfsi-2-0-tdi-tarpinis-ausintuvas\/#primaryimage"},"thumbnailUrl":"https:\/\/erformance.eu\/wp-content\/uploads\/2026\/02\/pol_pm_Audi-A7-4G-10-18-1-8-TFSI-2-0-TFSI-2-0-TDI-chlodnica-powietrza-intercooler-31090_1.jpg","datePublished":"2026-02-16T11:30:15+00:00","dateModified":"2026-02-25T09:29:25+00:00","breadcrumb":{"@id":"https:\/\/erformance.eu\/et\/toode\/audi-a7-4g-10-18-1-8-tfsi-2-0-tfsi-2-0-tdi-tarpinis-ausintuvas\/#breadcrumb"},"inLanguage":"et","potentialAction":[{"@type":"ReadAction","target":["https:\/\/erformance.eu\/et\/toode\/audi-a7-4g-10-18-1-8-tfsi-2-0-tfsi-2-0-tdi-tarpinis-ausintuvas\/"]}]},{"@type":"ImageObject","inLanguage":"et","@id":"https:\/\/erformance.eu\/et\/toode\/audi-a7-4g-10-18-1-8-tfsi-2-0-tfsi-2-0-tdi-tarpinis-ausintuvas\/#primaryimage","url":"https:\/\/erformance.eu\/wp-content\/uploads\/2026\/02\/pol_pm_Audi-A7-4G-10-18-1-8-TFSI-2-0-TFSI-2-0-TDI-chlodnica-powietrza-intercooler-31090_1.jpg","contentUrl":"https:\/\/erformance.eu\/wp-content\/uploads\/2026\/02\/pol_pm_Audi-A7-4G-10-18-1-8-TFSI-2-0-TFSI-2-0-TDI-chlodnica-powietrza-intercooler-31090_1.jpg","width":1200,"height":1200},{"@type":"BreadcrumbList","@id":"https:\/\/erformance.eu\/et\/toode\/audi-a7-4g-10-18-1-8-tfsi-2-0-tfsi-2-0-tdi-tarpinis-ausintuvas\/#breadcrumb","itemListElement":[{"@type":"ListItem","position":1,"name":"Home","item":"https:\/\/erformance.eu\/et\/"},{"@type":"ListItem","position":2,"name":"Pood","item":"https:\/\/erformance.eu\/et\/pood\/"},{"@type":"ListItem","position":3,"name":"Audi A7 4G 10-18 1.8 TFSI \/ 2.0 TFSI \/ 2.0 TDI tarpinis au\u0161intuvas"}]},{"@type":"WebSite","@id":"https:\/\/erformance.eu\/et\/#website","url":"https:\/\/erformance.eu\/et\/","name":"Erformance.eu","description":"Automobili\u0173 dali\u0173 parduotuv\u0117","potentialAction":[{"@type":"SearchAction","target":{"@type":"EntryPoint","urlTemplate":"https:\/\/erformance.eu\/et\/?s={search_term_string}"},"query-input":{"@type":"PropertyValueSpecification","valueRequired":true,"valueName":"search_term_string"}}],"inLanguage":"et"}]}},"jetpack_sharing_enabled":true,"_links":{"self":[{"href":"https:\/\/erformance.eu\/et\/wp-json\/wp\/v2\/product\/57594","targetHints":{"allow":["GET"]}}],"collection":[{"href":"https:\/\/erformance.eu\/et\/wp-json\/wp\/v2\/product"}],"about":[{"href":"https:\/\/erformance.eu\/et\/wp-json\/wp\/v2\/types\/product"}],"replies":[{"embeddable":true,"href":"https:\/\/erformance.eu\/et\/wp-json\/wp\/v2\/comments?post=57594"}],"version-history":[{"count":1,"href":"https:\/\/erformance.eu\/et\/wp-json\/wp\/v2\/product\/57594\/revisions"}],"predecessor-version":[{"id":57595,"href":"https:\/\/erformance.eu\/et\/wp-json\/wp\/v2\/product\/57594\/revisions\/57595"}],"wp:featuredmedia":[{"embeddable":true,"href":"https:\/\/erformance.eu\/et\/wp-json\/wp\/v2\/media\/55125"}],"wp:attachment":[{"href":"https:\/\/erformance.eu\/et\/wp-json\/wp\/v2\/media?parent=57594"}],"wp:term":[{"taxonomy":"product_brand","embeddable":true,"href":"https:\/\/erformance.eu\/et\/wp-json\/wp\/v2\/product_brand?post=57594"},{"taxonomy":"product_cat","embeddable":true,"href":"https:\/\/erformance.eu\/et\/wp-json\/wp\/v2\/product_cat?post=57594"},{"taxonomy":"product_tag","embeddable":true,"href":"https:\/\/erformance.eu\/et\/wp-json\/wp\/v2\/product_tag?post=57594"}],"curies":[{"name":"wp","href":"https:\/\/api.w.org\/{rel}","templated":true}]}}