{"id":57628,"date":"2026-02-16T14:30:37","date_gmt":"2026-02-16T11:30:37","guid":{"rendered":"https:\/\/erformance.eu\/?post_type=product&#038;p=57628"},"modified":"2026-03-26T02:43:42","modified_gmt":"2026-03-25T23:43:42","slug":"audi-tt-8j-06-14-vairo-oro-pagalves-juosta-ritine","status":"publish","type":"product","link":"https:\/\/erformance.eu\/et\/toode\/audi-tt-8j-06-14-vairo-oro-pagalves-juosta-ritine\/","title":{"rendered":"Audi TT 8J 06-14 vairo ORO PAGALV\u0116S juosta\/ritin\u0117"},"content":{"rendered":"<p>Prek\u0117: Vairo oro pagalv\u0117s juosta \/ \u012ftraukiklis<br \/>\nOriginalus numeris:<\/p>\n<p>1K0959653C<br \/>\n1K0959653D<\/p>\n<p>Pakeitimo katalogo numeriai:<\/p>\n<p>0011021260<br \/>\n0916726<br \/>\n0916761<br \/>\n115501<br \/>\n1189750200<br \/>\n21031398<br \/>\n231398<br \/>\n27552<br \/>\n30938630<br \/>\n30946760<br \/>\n38630<br \/>\n462410040<br \/>\n46760<br \/>\n57958<br \/>\n638455<br \/>\n96SKV510<br \/>\n99590962301<br \/>\nB11435<br \/>\nBSP22462<br \/>\nCAV1041<br \/>\nCAV1130<br \/>\nV10721302<br \/>\nV10721528<br \/>\nV10730202<\/p>\n<p>PASTABA: auk\u0161\u010diau pateikti numeriai yra original\u016bs dali\u0173 numeriai, kuriuos \u0161is pasi\u016blymas pakei\u010dia. Prie\u0161 pirkdami, palyginkite juos su originaliu dalies numeriu. Jei jie skiriasi net vienu simboliu, dalis netiks, neveiks arba veiks netinkamai. Tokiu atveju jos nepirkite.<br \/>\nAutomobilis:<\/p>\n<p>Audi A3 (8P1), pagaminimo metai: 2003\u20132012<br \/>\nAudi A3 Sportback (8PA), pagaminimo metai: 2004\u20132013<br \/>\nAudi A3 kabriolet (8P7), rok produkcji: 2008-2013<br \/>\nAudi R8 (422, 423), rok produkcji: 2007-2015<br \/>\nAudi R8 Spyder (427, 429), rok produkcji: 2010-2015<br \/>\nAudi TT (8J3), rok produkcji: 2006-2014<br \/>\nAudi TT Roadster (8J9), rok produkcji: 2008-2014<br \/>\nSeat ALTEA (5P1), modele produkowane od roku 2004<br \/>\nSeat ALTEA XL (5P5, 5P8), modele produkowane od roku 2006<br \/>\nSeat LEON (1P1), rok produkcji: 2005-2013<br \/>\nSeat TOLEDO III (5P2), rok produkcji: 2004-2009<br \/>\nSkoda OCTAVIA II (1Z3), rok produkcji: 2004-2013<br \/>\nSkoda OCTAVIA II Combi (1Z5), rok produkcji: 2004-2013<br \/>\nSkoda SUPERB II (3T4), rok produkcji: 2008-2015<br \/>\nSkoda SUPERB II Kombi (3T5), rok produkcji: 2009-2015<br \/>\nSkoda YETI (5L), rok produkcji: 2009-2017<br \/>\nVolkswagen CADDY III Nadwozie pe\u0142ne\/minivan (2KA, 2KH, 2CA, 2CH), rok produkcji: 2004-2015<br \/>\nVolkswagen CADDY III nadwozie wielkoprzestrzenne (MPV) (2KB, 2KJ, 2CB,, rok produkcji: 2004-2015<br \/>\nVolkswagen EOS (1F7, 1F8), rok produkcji: 2006-2015<br \/>\nVolkswagen GOLF PLUS V (5M1, 521), rok produkcji: 2004-2013<br \/>\nVolkswagen GOLF PLUS Van (521), rok produkcji: 2009-2014<br \/>\nVolkswagen GOLF V (1K1), rok produkcji: 2003-2009<br \/>\nVolkswagen GOLF V Variant (1K5), rok produkcji: 2007-2009<br \/>\nVolkswagen GOLF VAN VI Variant (AJ5), rok produkcji: 2009-2014<br \/>\nVolkswagen GOLF VI (5K1), rok produkcji: 2008-2013<br \/>\nVolkswagen GOLF VI Van (5K1_), rok produkcji: 2008-2012<br \/>\nVolkswagen GOLF VI Variant (AJ5), rok produkcji: 2009-2013<br \/>\nVolkswagen JETTA III (1K2), rok produkcji: 2004-2010<br \/>\nVolkswagen SCIROCCO III (137, 138), rok produkcji: 2008-2017<br \/>\nVolkswagen SCIROCCO Van (137), rok produkcji: 2008-2014<br \/>\nVolkswagen TIGUAN (5N_), rok produkcji: 2007-2018<br \/>\nVolkswagen TIGUAN VAN (5N_), rok produkcji: 2007-2018<br \/>\nVolkswagen TOURAN (1T1, 1T2), rok produkcji: 2003-2010<br \/>\nVolkswagen TOURAN VAN (1T1, 1T2), rok produkcji: 2003-2007<\/p>\n<p>Z\u0142\u0105cza: 2 x 8 PIN\u00d3W<br \/>\nProducent: zamiennik<br \/>\nStan techniczny: przedmiot jest fabrycznie NOWY, nieu\u017cywany, nieuszkodzony i niezniszczony<\/p>\n","protected":false},"excerpt":{"rendered":"<p>1. Prek\u0117: Vairo ORO PAGALV\u0116S juosta\/\u012ftraukiklis2. Gamintojas: pakaitalas3. Automobilis:     * Audi A3 8P 03\u201313     * Audi R8 07\u201315     * Audi TT 8J 06-14<\/p>\n","protected":false},"featured_media":55286,"comment_status":"open","ping_status":"closed","template":"","meta":[],"product_brand":[],"product_cat":[3933,144,4806,4689,4012,401],"product_tag":[],"class_list":{"0":"post-57628","1":"product","2":"type-product","3":"status-publish","4":"has-post-thumbnail","6":"product_cat-audi-tt-8j","7":"product_cat-audi","8":"product_cat-audi-tt-8j-salono-kitos-dalys","9":"product_cat-audi-tt-8j-mygtukai-mechanizmai","10":"product_cat-audi-tt-8j-salono-dalys","11":"product_cat-audi-tt","13":"first","14":"instock","15":"shipping-taxable","16":"purchasable","17":"product-type-simple"},"yoast_head":"<!-- This site is optimized with the Yoast SEO Premium plugin v25.2 (Yoast SEO v27.4) - https:\/\/yoast.com\/product\/yoast-seo-premium-wordpress\/ -->\n<title>Audi TT 8J 06-14 vairo ORO PAGALV\u0116S juosta\/ritin\u0117 - Erformance.eu<\/title>\n<meta name=\"robots\" content=\"index, follow, max-snippet:-1, max-image-preview:large, max-video-preview:-1\" \/>\n<link rel=\"canonical\" href=\"https:\/\/erformance.eu\/et\/toode\/audi-tt-8j-06-14-vairo-oro-pagalves-juosta-ritine\/\" \/>\n<meta property=\"og:locale\" content=\"et_EE\" \/>\n<meta property=\"og:type\" content=\"article\" \/>\n<meta property=\"og:title\" content=\"Audi TT 8J 06-14 vairo ORO PAGALV\u0116S juosta\/ritin\u0117\" \/>\n<meta property=\"og:description\" content=\"1. Prek\u0117: Vairo ORO PAGALV\u0116S juosta\/\u012ftraukiklis2. Gamintojas: pakaitalas3. Automobilis:   * Audi A3 8P 03\u201313   * Audi R8 07\u201315   * Audi TT 8J 06-14\" \/>\n<meta property=\"og:url\" content=\"https:\/\/erformance.eu\/et\/toode\/audi-tt-8j-06-14-vairo-oro-pagalves-juosta-ritine\/\" \/>\n<meta property=\"og:site_name\" content=\"Erformance.eu\" \/>\n<meta property=\"article:modified_time\" content=\"2026-03-25T23:43:42+00:00\" \/>\n<meta property=\"og:image\" content=\"https:\/\/erformance.eu\/wp-content\/uploads\/2026\/02\/pol_pm_Audi-TT-8J-06-14-tasma-zwijak-poduszki-AIRBAG-kierownicy-24543_1.jpg\" \/>\n\t<meta property=\"og:image:width\" content=\"900\" \/>\n\t<meta property=\"og:image:height\" content=\"900\" \/>\n\t<meta property=\"og:image:type\" content=\"image\/jpeg\" \/>\n<meta name=\"twitter:card\" content=\"summary_large_image\" \/>\n<meta name=\"twitter:label1\" content=\"Est. reading time\" \/>\n\t<meta name=\"twitter:data1\" content=\"2 minutit\" \/>\n<script type=\"application\/ld+json\" class=\"yoast-schema-graph\">{\"@context\":\"https:\\\/\\\/schema.org\",\"@graph\":[{\"@type\":\"WebPage\",\"@id\":\"https:\\\/\\\/erformance.eu\\\/et\\\/toode\\\/audi-tt-8j-06-14-vairo-oro-pagalves-juosta-ritine\\\/\",\"url\":\"https:\\\/\\\/erformance.eu\\\/et\\\/toode\\\/audi-tt-8j-06-14-vairo-oro-pagalves-juosta-ritine\\\/\",\"name\":\"Audi TT 8J 06-14 vairo ORO PAGALV\u0116S juosta\\\/ritin\u0117 - Erformance.eu\",\"isPartOf\":{\"@id\":\"https:\\\/\\\/erformance.eu\\\/et\\\/#website\"},\"primaryImageOfPage\":{\"@id\":\"https:\\\/\\\/erformance.eu\\\/et\\\/toode\\\/audi-tt-8j-06-14-vairo-oro-pagalves-juosta-ritine\\\/#primaryimage\"},\"image\":{\"@id\":\"https:\\\/\\\/erformance.eu\\\/et\\\/toode\\\/audi-tt-8j-06-14-vairo-oro-pagalves-juosta-ritine\\\/#primaryimage\"},\"thumbnailUrl\":\"https:\\\/\\\/erformance.eu\\\/wp-content\\\/uploads\\\/2026\\\/02\\\/pol_pm_Audi-TT-8J-06-14-tasma-zwijak-poduszki-AIRBAG-kierownicy-24543_1.jpg\",\"datePublished\":\"2026-02-16T11:30:37+00:00\",\"dateModified\":\"2026-03-25T23:43:42+00:00\",\"breadcrumb\":{\"@id\":\"https:\\\/\\\/erformance.eu\\\/et\\\/toode\\\/audi-tt-8j-06-14-vairo-oro-pagalves-juosta-ritine\\\/#breadcrumb\"},\"inLanguage\":\"et\",\"potentialAction\":[{\"@type\":\"ReadAction\",\"target\":[\"https:\\\/\\\/erformance.eu\\\/et\\\/toode\\\/audi-tt-8j-06-14-vairo-oro-pagalves-juosta-ritine\\\/\"]}]},{\"@type\":\"ImageObject\",\"inLanguage\":\"et\",\"@id\":\"https:\\\/\\\/erformance.eu\\\/et\\\/toode\\\/audi-tt-8j-06-14-vairo-oro-pagalves-juosta-ritine\\\/#primaryimage\",\"url\":\"https:\\\/\\\/erformance.eu\\\/wp-content\\\/uploads\\\/2026\\\/02\\\/pol_pm_Audi-TT-8J-06-14-tasma-zwijak-poduszki-AIRBAG-kierownicy-24543_1.jpg\",\"contentUrl\":\"https:\\\/\\\/erformance.eu\\\/wp-content\\\/uploads\\\/2026\\\/02\\\/pol_pm_Audi-TT-8J-06-14-tasma-zwijak-poduszki-AIRBAG-kierownicy-24543_1.jpg\",\"width\":900,\"height\":900},{\"@type\":\"BreadcrumbList\",\"@id\":\"https:\\\/\\\/erformance.eu\\\/et\\\/toode\\\/audi-tt-8j-06-14-vairo-oro-pagalves-juosta-ritine\\\/#breadcrumb\",\"itemListElement\":[{\"@type\":\"ListItem\",\"position\":1,\"name\":\"Home\",\"item\":\"https:\\\/\\\/erformance.eu\\\/et\\\/\"},{\"@type\":\"ListItem\",\"position\":2,\"name\":\"Pood\",\"item\":\"https:\\\/\\\/erformance.eu\\\/et\\\/pood\\\/\"},{\"@type\":\"ListItem\",\"position\":3,\"name\":\"Audi TT 8J 06-14 vairo ORO PAGALV\u0116S juosta\\\/ritin\u0117\"}]},{\"@type\":\"WebSite\",\"@id\":\"https:\\\/\\\/erformance.eu\\\/et\\\/#website\",\"url\":\"https:\\\/\\\/erformance.eu\\\/et\\\/\",\"name\":\"Erformance.eu\",\"description\":\"Automobili\u0173 dali\u0173 parduotuv\u0117\",\"potentialAction\":[{\"@type\":\"SearchAction\",\"target\":{\"@type\":\"EntryPoint\",\"urlTemplate\":\"https:\\\/\\\/erformance.eu\\\/et\\\/?s={search_term_string}\"},\"query-input\":{\"@type\":\"PropertyValueSpecification\",\"valueRequired\":true,\"valueName\":\"search_term_string\"}}],\"inLanguage\":\"et\"}]}<\/script>\n<!-- \/ Yoast SEO Premium plugin. -->","yoast_head_json":{"title":"Audi TT 8J 06-14 vairo ORO PAGALV\u0116S juosta\/ritin\u0117 - Erformance.eu","robots":{"index":"index","follow":"follow","max-snippet":"max-snippet:-1","max-image-preview":"max-image-preview:large","max-video-preview":"max-video-preview:-1"},"canonical":"https:\/\/erformance.eu\/et\/toode\/audi-tt-8j-06-14-vairo-oro-pagalves-juosta-ritine\/","og_locale":"et_EE","og_type":"article","og_title":"Audi TT 8J 06-14 vairo ORO PAGALV\u0116S juosta\/ritin\u0117","og_description":"1. Prek\u0117: Vairo ORO PAGALV\u0116S juosta\/\u012ftraukiklis2. Gamintojas: pakaitalas3. Automobilis:   * Audi A3 8P 03\u201313   * Audi R8 07\u201315   * Audi TT 8J 06-14","og_url":"https:\/\/erformance.eu\/et\/toode\/audi-tt-8j-06-14-vairo-oro-pagalves-juosta-ritine\/","og_site_name":"Erformance.eu","article_modified_time":"2026-03-25T23:43:42+00:00","og_image":[{"width":900,"height":900,"url":"https:\/\/erformance.eu\/wp-content\/uploads\/2026\/02\/pol_pm_Audi-TT-8J-06-14-tasma-zwijak-poduszki-AIRBAG-kierownicy-24543_1.jpg","type":"image\/jpeg"}],"twitter_card":"summary_large_image","twitter_misc":{"Est. reading time":"2 minutit"},"schema":{"@context":"https:\/\/schema.org","@graph":[{"@type":"WebPage","@id":"https:\/\/erformance.eu\/et\/toode\/audi-tt-8j-06-14-vairo-oro-pagalves-juosta-ritine\/","url":"https:\/\/erformance.eu\/et\/toode\/audi-tt-8j-06-14-vairo-oro-pagalves-juosta-ritine\/","name":"Audi TT 8J 06-14 vairo ORO PAGALV\u0116S juosta\/ritin\u0117 - Erformance.eu","isPartOf":{"@id":"https:\/\/erformance.eu\/et\/#website"},"primaryImageOfPage":{"@id":"https:\/\/erformance.eu\/et\/toode\/audi-tt-8j-06-14-vairo-oro-pagalves-juosta-ritine\/#primaryimage"},"image":{"@id":"https:\/\/erformance.eu\/et\/toode\/audi-tt-8j-06-14-vairo-oro-pagalves-juosta-ritine\/#primaryimage"},"thumbnailUrl":"https:\/\/erformance.eu\/wp-content\/uploads\/2026\/02\/pol_pm_Audi-TT-8J-06-14-tasma-zwijak-poduszki-AIRBAG-kierownicy-24543_1.jpg","datePublished":"2026-02-16T11:30:37+00:00","dateModified":"2026-03-25T23:43:42+00:00","breadcrumb":{"@id":"https:\/\/erformance.eu\/et\/toode\/audi-tt-8j-06-14-vairo-oro-pagalves-juosta-ritine\/#breadcrumb"},"inLanguage":"et","potentialAction":[{"@type":"ReadAction","target":["https:\/\/erformance.eu\/et\/toode\/audi-tt-8j-06-14-vairo-oro-pagalves-juosta-ritine\/"]}]},{"@type":"ImageObject","inLanguage":"et","@id":"https:\/\/erformance.eu\/et\/toode\/audi-tt-8j-06-14-vairo-oro-pagalves-juosta-ritine\/#primaryimage","url":"https:\/\/erformance.eu\/wp-content\/uploads\/2026\/02\/pol_pm_Audi-TT-8J-06-14-tasma-zwijak-poduszki-AIRBAG-kierownicy-24543_1.jpg","contentUrl":"https:\/\/erformance.eu\/wp-content\/uploads\/2026\/02\/pol_pm_Audi-TT-8J-06-14-tasma-zwijak-poduszki-AIRBAG-kierownicy-24543_1.jpg","width":900,"height":900},{"@type":"BreadcrumbList","@id":"https:\/\/erformance.eu\/et\/toode\/audi-tt-8j-06-14-vairo-oro-pagalves-juosta-ritine\/#breadcrumb","itemListElement":[{"@type":"ListItem","position":1,"name":"Home","item":"https:\/\/erformance.eu\/et\/"},{"@type":"ListItem","position":2,"name":"Pood","item":"https:\/\/erformance.eu\/et\/pood\/"},{"@type":"ListItem","position":3,"name":"Audi TT 8J 06-14 vairo ORO PAGALV\u0116S juosta\/ritin\u0117"}]},{"@type":"WebSite","@id":"https:\/\/erformance.eu\/et\/#website","url":"https:\/\/erformance.eu\/et\/","name":"Erformance.eu","description":"Automobili\u0173 dali\u0173 parduotuv\u0117","potentialAction":[{"@type":"SearchAction","target":{"@type":"EntryPoint","urlTemplate":"https:\/\/erformance.eu\/et\/?s={search_term_string}"},"query-input":{"@type":"PropertyValueSpecification","valueRequired":true,"valueName":"search_term_string"}}],"inLanguage":"et"}]}},"jetpack_sharing_enabled":true,"_links":{"self":[{"href":"https:\/\/erformance.eu\/et\/wp-json\/wp\/v2\/product\/57628","targetHints":{"allow":["GET"]}}],"collection":[{"href":"https:\/\/erformance.eu\/et\/wp-json\/wp\/v2\/product"}],"about":[{"href":"https:\/\/erformance.eu\/et\/wp-json\/wp\/v2\/types\/product"}],"replies":[{"embeddable":true,"href":"https:\/\/erformance.eu\/et\/wp-json\/wp\/v2\/comments?post=57628"}],"version-history":[{"count":1,"href":"https:\/\/erformance.eu\/et\/wp-json\/wp\/v2\/product\/57628\/revisions"}],"predecessor-version":[{"id":57629,"href":"https:\/\/erformance.eu\/et\/wp-json\/wp\/v2\/product\/57628\/revisions\/57629"}],"wp:featuredmedia":[{"embeddable":true,"href":"https:\/\/erformance.eu\/et\/wp-json\/wp\/v2\/media\/55286"}],"wp:attachment":[{"href":"https:\/\/erformance.eu\/et\/wp-json\/wp\/v2\/media?parent=57628"}],"wp:term":[{"taxonomy":"product_brand","embeddable":true,"href":"https:\/\/erformance.eu\/et\/wp-json\/wp\/v2\/product_brand?post=57628"},{"taxonomy":"product_cat","embeddable":true,"href":"https:\/\/erformance.eu\/et\/wp-json\/wp\/v2\/product_cat?post=57628"},{"taxonomy":"product_tag","embeddable":true,"href":"https:\/\/erformance.eu\/et\/wp-json\/wp\/v2\/product_tag?post=57628"}],"curies":[{"name":"wp","href":"https:\/\/api.w.org\/{rel}","templated":true}]}}