{"id":57678,"date":"2026-02-16T14:31:08","date_gmt":"2026-02-16T11:31:08","guid":{"rendered":"https:\/\/erformance.eu\/?post_type=product&#038;p=57678"},"modified":"2026-03-17T02:08:57","modified_gmt":"2026-03-16T23:08:57","slug":"audi-a5-8t-2007-juoda-sidabrine-pavaru-perjungimo-svirtis-apsaugine-danga-su-remeliu-automatine","status":"publish","type":"product","link":"https:\/\/erformance.eu\/et\/toode\/audi-a5-8t-2007-juoda-sidabrine-pavaru-perjungimo-svirtis-apsaugine-danga-su-remeliu-automatine\/","title":{"rendered":"Audi A5 8T 2007- JUODA + SIDABRIN\u0116 pavar\u0173 perjungimo svirtis + apsaugin\u0117 danga su r\u0117meliu AUTOMATIN\u0116"},"content":{"rendered":"<p>Prek\u0117: Pavar\u0173 perjungimo svirtis + apsaugin\u0117 danga su r\u0117mu<br \/>\nOE numeris: 4G1713139BK<br \/>\nPASTABA: auk\u0161\u010diau pateikti numeriai yra original\u016bs dali\u0173 numeriai, kuriuos \u0161is pasi\u016blymas pakei\u010dia. Prie\u0161 pirkdami, palyginkite juos su originaliu dalies numeriu. Jei jie skiriasi net vienu simboliu, dalis netiks, neveiks arba veiks netinkamai. Tokiu atveju jos nepirkite.<br \/>\nAutomobilis:<\/p>\n<p>Audi A3 (8P1), pagaminimo metai: 2004\u20132015<br \/>\nAudi A4 B8 (8K), pagaminimo metai: 2008\u20132015<br \/>\n\u201eAudi A5\u201c (8T3, 8F7, 8TA), modeliai, pagaminti nuo 2007 m.<br \/>\nAudi A6 C6 (4F), pagaminimo metai: 2006\u20132011<br \/>\n\u201eAudi Q5 8R\u201c, modeliai, pagaminti nuo 2008 m.<br \/>\n\u201eAudi Q7 4LB\u201c, gamybos metai: 2010\u20132015<\/p>\n<p>Spalva:<\/p>\n<p>ranken\u0117l\u0117 &#8211; juoda + sidabrin\u0117 (matinis chromas)<br \/>\nsilfonas &#8211; juodas<\/p>\n<p>Med\u017eiaga: eko oda<br \/>\nGamintojas: pakaitalas<br \/>\nTechnin\u0117 b\u016bkl\u0117: prek\u0117 yra visi\u0161kai nauja, nenaudota, nepa\u017eeista ir nesugadinta<br \/>\nD\u0117mesio!<\/p>\n<p>transporto priemon\u0117ms su automatine pavar\u0173 d\u0117\u017ee<br \/>\nRanken\u0117l\u0117s tvirtinimo angos skersmuo &#8211; 12 mm<\/p>\n","protected":false},"excerpt":{"rendered":"<p>1. Prek\u0117: Pavar\u0173 perjungimo svirtis + apsaugin\u0117 danga su r\u0117mu2. Spalva: juoda + sidabrin\u01173. Gamintojas: pakeitimas4. Automobilis:* Audi A3 8P 04\u201315* Audi A4 B8 08-15* Audi A5 8T 2007-* Audi A6 C6 06-11* Audi Q5 8R 2008-* Audi Q7 4L 10-15<\/p>\n","protected":false},"featured_media":55479,"comment_status":"open","ping_status":"closed","template":"","meta":[],"product_brand":[],"product_cat":[391,144,3913,4591,3992],"product_tag":[],"class_list":{"0":"post-57678","1":"product","2":"type-product","3":"status-publish","4":"has-post-thumbnail","6":"product_cat-audi-a5","7":"product_cat-audi","8":"product_cat-audi-a5-b8-8t","9":"product_cat-audi-a5-b8-8t-pavaru-svirtys","10":"product_cat-audi-a5-b8-8t-salono-dalys","12":"first","13":"instock","14":"shipping-taxable","15":"purchasable","16":"product-type-simple"},"yoast_head":"<!-- This site is optimized with the Yoast SEO Premium plugin v25.2 (Yoast SEO v27.4) - https:\/\/yoast.com\/product\/yoast-seo-premium-wordpress\/ -->\n<title>Audi A5 8T 2007- JUODA + SIDABRIN\u0116 pavar\u0173 perjungimo svirtis + apsaugin\u0117 danga su r\u0117meliu AUTOMATIN\u0116 - Erformance.eu<\/title>\n<meta name=\"robots\" content=\"index, follow, max-snippet:-1, max-image-preview:large, max-video-preview:-1\" \/>\n<link rel=\"canonical\" href=\"https:\/\/erformance.eu\/et\/toode\/audi-a5-8t-2007-juoda-sidabrine-pavaru-perjungimo-svirtis-apsaugine-danga-su-remeliu-automatine\/\" \/>\n<meta property=\"og:locale\" content=\"et_EE\" \/>\n<meta property=\"og:type\" content=\"article\" \/>\n<meta property=\"og:title\" content=\"Audi A5 8T 2007- JUODA + SIDABRIN\u0116 pavar\u0173 perjungimo svirtis + apsaugin\u0117 danga su r\u0117meliu AUTOMATIN\u0116\" \/>\n<meta property=\"og:description\" content=\"1. Prek\u0117: Pavar\u0173 perjungimo svirtis + apsaugin\u0117 danga su r\u0117mu2. Spalva: juoda + sidabrin\u01173. Gamintojas: pakeitimas4. Automobilis:* Audi A3 8P 04\u201315* Audi A4 B8 08-15* Audi A5 8T 2007-* Audi A6 C6 06-11* Audi Q5 8R 2008-* Audi Q7 4L 10-15\" \/>\n<meta property=\"og:url\" content=\"https:\/\/erformance.eu\/et\/toode\/audi-a5-8t-2007-juoda-sidabrine-pavaru-perjungimo-svirtis-apsaugine-danga-su-remeliu-automatine\/\" \/>\n<meta property=\"og:site_name\" content=\"Erformance.eu\" \/>\n<meta property=\"article:modified_time\" content=\"2026-03-16T23:08:57+00:00\" \/>\n<meta property=\"og:image\" content=\"https:\/\/erformance.eu\/wp-content\/uploads\/2026\/02\/pol_pm_Audi-A5-8T-2007-galka-zmiany-biegow-CZARNA-SILVER-mieszek-z-ramka-AUTOMAT-30365_1.jpg\" \/>\n\t<meta property=\"og:image:width\" content=\"1200\" \/>\n\t<meta property=\"og:image:height\" content=\"1200\" \/>\n\t<meta property=\"og:image:type\" content=\"image\/jpeg\" \/>\n<meta name=\"twitter:card\" content=\"summary_large_image\" \/>\n<meta name=\"twitter:label1\" content=\"Est. reading time\" \/>\n\t<meta name=\"twitter:data1\" content=\"1 minut\" \/>\n<script type=\"application\/ld+json\" class=\"yoast-schema-graph\">{\"@context\":\"https:\\\/\\\/schema.org\",\"@graph\":[{\"@type\":\"WebPage\",\"@id\":\"https:\\\/\\\/erformance.eu\\\/et\\\/toode\\\/audi-a5-8t-2007-juoda-sidabrine-pavaru-perjungimo-svirtis-apsaugine-danga-su-remeliu-automatine\\\/\",\"url\":\"https:\\\/\\\/erformance.eu\\\/et\\\/toode\\\/audi-a5-8t-2007-juoda-sidabrine-pavaru-perjungimo-svirtis-apsaugine-danga-su-remeliu-automatine\\\/\",\"name\":\"Audi A5 8T 2007- JUODA + SIDABRIN\u0116 pavar\u0173 perjungimo svirtis + apsaugin\u0117 danga su r\u0117meliu AUTOMATIN\u0116 - Erformance.eu\",\"isPartOf\":{\"@id\":\"https:\\\/\\\/erformance.eu\\\/et\\\/#website\"},\"primaryImageOfPage\":{\"@id\":\"https:\\\/\\\/erformance.eu\\\/et\\\/toode\\\/audi-a5-8t-2007-juoda-sidabrine-pavaru-perjungimo-svirtis-apsaugine-danga-su-remeliu-automatine\\\/#primaryimage\"},\"image\":{\"@id\":\"https:\\\/\\\/erformance.eu\\\/et\\\/toode\\\/audi-a5-8t-2007-juoda-sidabrine-pavaru-perjungimo-svirtis-apsaugine-danga-su-remeliu-automatine\\\/#primaryimage\"},\"thumbnailUrl\":\"https:\\\/\\\/erformance.eu\\\/wp-content\\\/uploads\\\/2026\\\/02\\\/pol_pm_Audi-A5-8T-2007-galka-zmiany-biegow-CZARNA-SILVER-mieszek-z-ramka-AUTOMAT-30365_1.jpg\",\"datePublished\":\"2026-02-16T11:31:08+00:00\",\"dateModified\":\"2026-03-16T23:08:57+00:00\",\"breadcrumb\":{\"@id\":\"https:\\\/\\\/erformance.eu\\\/et\\\/toode\\\/audi-a5-8t-2007-juoda-sidabrine-pavaru-perjungimo-svirtis-apsaugine-danga-su-remeliu-automatine\\\/#breadcrumb\"},\"inLanguage\":\"et\",\"potentialAction\":[{\"@type\":\"ReadAction\",\"target\":[\"https:\\\/\\\/erformance.eu\\\/et\\\/toode\\\/audi-a5-8t-2007-juoda-sidabrine-pavaru-perjungimo-svirtis-apsaugine-danga-su-remeliu-automatine\\\/\"]}]},{\"@type\":\"ImageObject\",\"inLanguage\":\"et\",\"@id\":\"https:\\\/\\\/erformance.eu\\\/et\\\/toode\\\/audi-a5-8t-2007-juoda-sidabrine-pavaru-perjungimo-svirtis-apsaugine-danga-su-remeliu-automatine\\\/#primaryimage\",\"url\":\"https:\\\/\\\/erformance.eu\\\/wp-content\\\/uploads\\\/2026\\\/02\\\/pol_pm_Audi-A5-8T-2007-galka-zmiany-biegow-CZARNA-SILVER-mieszek-z-ramka-AUTOMAT-30365_1.jpg\",\"contentUrl\":\"https:\\\/\\\/erformance.eu\\\/wp-content\\\/uploads\\\/2026\\\/02\\\/pol_pm_Audi-A5-8T-2007-galka-zmiany-biegow-CZARNA-SILVER-mieszek-z-ramka-AUTOMAT-30365_1.jpg\",\"width\":1200,\"height\":1200},{\"@type\":\"BreadcrumbList\",\"@id\":\"https:\\\/\\\/erformance.eu\\\/et\\\/toode\\\/audi-a5-8t-2007-juoda-sidabrine-pavaru-perjungimo-svirtis-apsaugine-danga-su-remeliu-automatine\\\/#breadcrumb\",\"itemListElement\":[{\"@type\":\"ListItem\",\"position\":1,\"name\":\"Home\",\"item\":\"https:\\\/\\\/erformance.eu\\\/et\\\/\"},{\"@type\":\"ListItem\",\"position\":2,\"name\":\"Pood\",\"item\":\"https:\\\/\\\/erformance.eu\\\/et\\\/pood\\\/\"},{\"@type\":\"ListItem\",\"position\":3,\"name\":\"Audi A5 8T 2007- JUODA + SIDABRIN\u0116 pavar\u0173 perjungimo svirtis + apsaugin\u0117 danga su r\u0117meliu AUTOMATIN\u0116\"}]},{\"@type\":\"WebSite\",\"@id\":\"https:\\\/\\\/erformance.eu\\\/et\\\/#website\",\"url\":\"https:\\\/\\\/erformance.eu\\\/et\\\/\",\"name\":\"Erformance.eu\",\"description\":\"Automobili\u0173 dali\u0173 parduotuv\u0117\",\"potentialAction\":[{\"@type\":\"SearchAction\",\"target\":{\"@type\":\"EntryPoint\",\"urlTemplate\":\"https:\\\/\\\/erformance.eu\\\/et\\\/?s={search_term_string}\"},\"query-input\":{\"@type\":\"PropertyValueSpecification\",\"valueRequired\":true,\"valueName\":\"search_term_string\"}}],\"inLanguage\":\"et\"}]}<\/script>\n<!-- \/ Yoast SEO Premium plugin. -->","yoast_head_json":{"title":"Audi A5 8T 2007- JUODA + SIDABRIN\u0116 pavar\u0173 perjungimo svirtis + apsaugin\u0117 danga su r\u0117meliu AUTOMATIN\u0116 - Erformance.eu","robots":{"index":"index","follow":"follow","max-snippet":"max-snippet:-1","max-image-preview":"max-image-preview:large","max-video-preview":"max-video-preview:-1"},"canonical":"https:\/\/erformance.eu\/et\/toode\/audi-a5-8t-2007-juoda-sidabrine-pavaru-perjungimo-svirtis-apsaugine-danga-su-remeliu-automatine\/","og_locale":"et_EE","og_type":"article","og_title":"Audi A5 8T 2007- JUODA + SIDABRIN\u0116 pavar\u0173 perjungimo svirtis + apsaugin\u0117 danga su r\u0117meliu AUTOMATIN\u0116","og_description":"1. Prek\u0117: Pavar\u0173 perjungimo svirtis + apsaugin\u0117 danga su r\u0117mu2. Spalva: juoda + sidabrin\u01173. Gamintojas: pakeitimas4. Automobilis:* Audi A3 8P 04\u201315* Audi A4 B8 08-15* Audi A5 8T 2007-* Audi A6 C6 06-11* Audi Q5 8R 2008-* Audi Q7 4L 10-15","og_url":"https:\/\/erformance.eu\/et\/toode\/audi-a5-8t-2007-juoda-sidabrine-pavaru-perjungimo-svirtis-apsaugine-danga-su-remeliu-automatine\/","og_site_name":"Erformance.eu","article_modified_time":"2026-03-16T23:08:57+00:00","og_image":[{"width":1200,"height":1200,"url":"https:\/\/erformance.eu\/wp-content\/uploads\/2026\/02\/pol_pm_Audi-A5-8T-2007-galka-zmiany-biegow-CZARNA-SILVER-mieszek-z-ramka-AUTOMAT-30365_1.jpg","type":"image\/jpeg"}],"twitter_card":"summary_large_image","twitter_misc":{"Est. reading time":"1 minut"},"schema":{"@context":"https:\/\/schema.org","@graph":[{"@type":"WebPage","@id":"https:\/\/erformance.eu\/et\/toode\/audi-a5-8t-2007-juoda-sidabrine-pavaru-perjungimo-svirtis-apsaugine-danga-su-remeliu-automatine\/","url":"https:\/\/erformance.eu\/et\/toode\/audi-a5-8t-2007-juoda-sidabrine-pavaru-perjungimo-svirtis-apsaugine-danga-su-remeliu-automatine\/","name":"Audi A5 8T 2007- JUODA + SIDABRIN\u0116 pavar\u0173 perjungimo svirtis + apsaugin\u0117 danga su r\u0117meliu AUTOMATIN\u0116 - Erformance.eu","isPartOf":{"@id":"https:\/\/erformance.eu\/et\/#website"},"primaryImageOfPage":{"@id":"https:\/\/erformance.eu\/et\/toode\/audi-a5-8t-2007-juoda-sidabrine-pavaru-perjungimo-svirtis-apsaugine-danga-su-remeliu-automatine\/#primaryimage"},"image":{"@id":"https:\/\/erformance.eu\/et\/toode\/audi-a5-8t-2007-juoda-sidabrine-pavaru-perjungimo-svirtis-apsaugine-danga-su-remeliu-automatine\/#primaryimage"},"thumbnailUrl":"https:\/\/erformance.eu\/wp-content\/uploads\/2026\/02\/pol_pm_Audi-A5-8T-2007-galka-zmiany-biegow-CZARNA-SILVER-mieszek-z-ramka-AUTOMAT-30365_1.jpg","datePublished":"2026-02-16T11:31:08+00:00","dateModified":"2026-03-16T23:08:57+00:00","breadcrumb":{"@id":"https:\/\/erformance.eu\/et\/toode\/audi-a5-8t-2007-juoda-sidabrine-pavaru-perjungimo-svirtis-apsaugine-danga-su-remeliu-automatine\/#breadcrumb"},"inLanguage":"et","potentialAction":[{"@type":"ReadAction","target":["https:\/\/erformance.eu\/et\/toode\/audi-a5-8t-2007-juoda-sidabrine-pavaru-perjungimo-svirtis-apsaugine-danga-su-remeliu-automatine\/"]}]},{"@type":"ImageObject","inLanguage":"et","@id":"https:\/\/erformance.eu\/et\/toode\/audi-a5-8t-2007-juoda-sidabrine-pavaru-perjungimo-svirtis-apsaugine-danga-su-remeliu-automatine\/#primaryimage","url":"https:\/\/erformance.eu\/wp-content\/uploads\/2026\/02\/pol_pm_Audi-A5-8T-2007-galka-zmiany-biegow-CZARNA-SILVER-mieszek-z-ramka-AUTOMAT-30365_1.jpg","contentUrl":"https:\/\/erformance.eu\/wp-content\/uploads\/2026\/02\/pol_pm_Audi-A5-8T-2007-galka-zmiany-biegow-CZARNA-SILVER-mieszek-z-ramka-AUTOMAT-30365_1.jpg","width":1200,"height":1200},{"@type":"BreadcrumbList","@id":"https:\/\/erformance.eu\/et\/toode\/audi-a5-8t-2007-juoda-sidabrine-pavaru-perjungimo-svirtis-apsaugine-danga-su-remeliu-automatine\/#breadcrumb","itemListElement":[{"@type":"ListItem","position":1,"name":"Home","item":"https:\/\/erformance.eu\/et\/"},{"@type":"ListItem","position":2,"name":"Pood","item":"https:\/\/erformance.eu\/et\/pood\/"},{"@type":"ListItem","position":3,"name":"Audi A5 8T 2007- JUODA + SIDABRIN\u0116 pavar\u0173 perjungimo svirtis + apsaugin\u0117 danga su r\u0117meliu AUTOMATIN\u0116"}]},{"@type":"WebSite","@id":"https:\/\/erformance.eu\/et\/#website","url":"https:\/\/erformance.eu\/et\/","name":"Erformance.eu","description":"Automobili\u0173 dali\u0173 parduotuv\u0117","potentialAction":[{"@type":"SearchAction","target":{"@type":"EntryPoint","urlTemplate":"https:\/\/erformance.eu\/et\/?s={search_term_string}"},"query-input":{"@type":"PropertyValueSpecification","valueRequired":true,"valueName":"search_term_string"}}],"inLanguage":"et"}]}},"jetpack_sharing_enabled":true,"_links":{"self":[{"href":"https:\/\/erformance.eu\/et\/wp-json\/wp\/v2\/product\/57678","targetHints":{"allow":["GET"]}}],"collection":[{"href":"https:\/\/erformance.eu\/et\/wp-json\/wp\/v2\/product"}],"about":[{"href":"https:\/\/erformance.eu\/et\/wp-json\/wp\/v2\/types\/product"}],"replies":[{"embeddable":true,"href":"https:\/\/erformance.eu\/et\/wp-json\/wp\/v2\/comments?post=57678"}],"version-history":[{"count":1,"href":"https:\/\/erformance.eu\/et\/wp-json\/wp\/v2\/product\/57678\/revisions"}],"predecessor-version":[{"id":57679,"href":"https:\/\/erformance.eu\/et\/wp-json\/wp\/v2\/product\/57678\/revisions\/57679"}],"wp:featuredmedia":[{"embeddable":true,"href":"https:\/\/erformance.eu\/et\/wp-json\/wp\/v2\/media\/55479"}],"wp:attachment":[{"href":"https:\/\/erformance.eu\/et\/wp-json\/wp\/v2\/media?parent=57678"}],"wp:term":[{"taxonomy":"product_brand","embeddable":true,"href":"https:\/\/erformance.eu\/et\/wp-json\/wp\/v2\/product_brand?post=57678"},{"taxonomy":"product_cat","embeddable":true,"href":"https:\/\/erformance.eu\/et\/wp-json\/wp\/v2\/product_cat?post=57678"},{"taxonomy":"product_tag","embeddable":true,"href":"https:\/\/erformance.eu\/et\/wp-json\/wp\/v2\/product_tag?post=57678"}],"curies":[{"name":"wp","href":"https:\/\/api.w.org\/{rel}","templated":true}]}}