{"id":57722,"date":"2026-02-16T14:31:32","date_gmt":"2026-02-16T11:31:32","guid":{"rendered":"https:\/\/erformance.eu\/?post_type=product&#038;p=57722"},"modified":"2026-03-25T22:58:05","modified_gmt":"2026-03-25T19:58:05","slug":"audi-a8-d3-fl-08-10-su-halogeninemis-grotelemis-bamperyje-juoda-chromas-kaire-desine-2-vnt-rinkinys","status":"publish","type":"product","link":"https:\/\/erformance.eu\/et\/toode\/audi-a8-d3-fl-08-10-su-halogeninemis-grotelemis-bamperyje-juoda-chromas-kaire-desine-2-vnt-rinkinys\/","title":{"rendered":"Audi A8 D3 FL 08-10 SU HALOGENIN\u0116MIS GROTEL\u0116MIS BAmperyje JUODA + CHROMAS kair\u0117 + de\u0161in\u0117 2 vnt. RINKINYS"},"content":{"rendered":"<p>Prek\u0117: 1 pora (2 vnt.) buferio groteli\u0173<br \/>\n\u0160onas: 1 vnt. kair\u0117je + 1 vnt. de\u0161in\u0117je<br \/>\nOE numeris: 4E0807679B + 4E0807680B<br \/>\nPASTABA: auk\u0161\u010diau pateikti numeriai yra original\u016bs dali\u0173 numeriai, kuriuos \u0161is pasi\u016blymas pakei\u010dia. Prie\u0161 pirkdami, palyginkite juos su originaliu dalies numeriu. Jei jie skiriasi net vienu simboliu, dalis netiks, neveiks arba veiks netinkamai. Tokiu atveju jos nepirkite.<br \/>\nAutomobilis: Audi A8 D3 FL (2-asis veido pak\u0117limas)<br \/>\nPagaminimo metai: 2008\u20132010<br \/>\nSpalva: blizgi juoda su chromuotu r\u0117meliu halogeno skyl\u0117je<br \/>\nGamintojas: pakaitalas<br \/>\nTechnin\u0117 b\u016bkl\u0117: prek\u0117 yra visi\u0161kai nauja, nenaudota, nepa\u017eeista ir nesugadinta<br \/>\nPASTABA: versija su skyle halogeninei lempai<\/p>\n","protected":false},"excerpt":{"rendered":"<p>1. Prek\u0117: 1 pora (2 vnt.) buferio groteli\u01732. \u0160onin\u0117 pus\u0117: kair\u0117 + de\u0161in\u01173. Gamintojas: pakeitimas4. Automobilis: Audi A8 D3 FL5. Pagaminimo metai: 2008\u20132010<\/p>\n","protected":false},"featured_media":55691,"comment_status":"open","ping_status":"closed","template":"","meta":[],"product_brand":[],"product_cat":[396,144,4090,3923,4129,3963,4285],"product_tag":[],"class_list":{"0":"post-57722","1":"product","2":"type-product","3":"status-publish","4":"has-post-thumbnail","6":"product_cat-audi-a8","7":"product_cat-audi","8":"product_cat-audi-a8-d3-bamperiai-ju-dalys","9":"product_cat-audi-a8-d3","10":"product_cat-audi-a8-d3-isores-groteles","11":"product_cat-audi-a8-d3-isores-dalys","12":"product_cat-audi-a8-d3-zibintai-apsvietimas","14":"first","15":"instock","16":"shipping-taxable","17":"purchasable","18":"product-type-simple"},"yoast_head":"<!-- This site is optimized with the Yoast SEO Premium plugin v25.2 (Yoast SEO v27.4) - https:\/\/yoast.com\/product\/yoast-seo-premium-wordpress\/ -->\n<title>Audi A8 D3 FL 08-10 SU HALOGENIN\u0116MIS GROTEL\u0116MIS BAmperyje JUODA + CHROMAS kair\u0117 + de\u0161in\u0117 2 vnt. RINKINYS - Erformance.eu<\/title>\n<meta name=\"robots\" content=\"index, follow, max-snippet:-1, max-image-preview:large, max-video-preview:-1\" \/>\n<link rel=\"canonical\" href=\"https:\/\/erformance.eu\/et\/toode\/audi-a8-d3-fl-08-10-su-halogeninemis-grotelemis-bamperyje-juoda-chromas-kaire-desine-2-vnt-rinkinys\/\" \/>\n<meta property=\"og:locale\" content=\"et_EE\" \/>\n<meta property=\"og:type\" content=\"article\" \/>\n<meta property=\"og:title\" content=\"Audi A8 D3 FL 08-10 SU HALOGENIN\u0116MIS GROTEL\u0116MIS BAmperyje JUODA + CHROMAS kair\u0117 + de\u0161in\u0117 2 vnt. RINKINYS\" \/>\n<meta property=\"og:description\" content=\"1. Prek\u0117: 1 pora (2 vnt.) buferio groteli\u01732. \u0160onin\u0117 pus\u0117: kair\u0117 + de\u0161in\u01173. Gamintojas: pakeitimas4. Automobilis: Audi A8 D3 FL5. Pagaminimo metai: 2008\u20132010\" \/>\n<meta property=\"og:url\" content=\"https:\/\/erformance.eu\/et\/toode\/audi-a8-d3-fl-08-10-su-halogeninemis-grotelemis-bamperyje-juoda-chromas-kaire-desine-2-vnt-rinkinys\/\" \/>\n<meta property=\"og:site_name\" content=\"Erformance.eu\" \/>\n<meta property=\"article:modified_time\" content=\"2026-03-25T19:58:05+00:00\" \/>\n<meta property=\"og:image\" content=\"https:\/\/erformance.eu\/wp-content\/uploads\/2026\/02\/pol_pm_Audi-A8-D3-FL-08-10-Z-HALOGENAMI-atrapka-kratka-w-zderzak-CZARNA-CHROM-lewa-prawa-2-szt-KPL-26946_1.jpg\" \/>\n\t<meta property=\"og:image:width\" content=\"1200\" \/>\n\t<meta property=\"og:image:height\" content=\"1200\" \/>\n\t<meta property=\"og:image:type\" content=\"image\/jpeg\" \/>\n<meta name=\"twitter:card\" content=\"summary_large_image\" \/>\n<meta name=\"twitter:label1\" content=\"Est. reading time\" \/>\n\t<meta name=\"twitter:data1\" content=\"1 minut\" \/>\n<script type=\"application\/ld+json\" class=\"yoast-schema-graph\">{\"@context\":\"https:\\\/\\\/schema.org\",\"@graph\":[{\"@type\":\"WebPage\",\"@id\":\"https:\\\/\\\/erformance.eu\\\/et\\\/toode\\\/audi-a8-d3-fl-08-10-su-halogeninemis-grotelemis-bamperyje-juoda-chromas-kaire-desine-2-vnt-rinkinys\\\/\",\"url\":\"https:\\\/\\\/erformance.eu\\\/et\\\/toode\\\/audi-a8-d3-fl-08-10-su-halogeninemis-grotelemis-bamperyje-juoda-chromas-kaire-desine-2-vnt-rinkinys\\\/\",\"name\":\"Audi A8 D3 FL 08-10 SU HALOGENIN\u0116MIS GROTEL\u0116MIS BAmperyje JUODA + CHROMAS kair\u0117 + de\u0161in\u0117 2 vnt. RINKINYS - Erformance.eu\",\"isPartOf\":{\"@id\":\"https:\\\/\\\/erformance.eu\\\/et\\\/#website\"},\"primaryImageOfPage\":{\"@id\":\"https:\\\/\\\/erformance.eu\\\/et\\\/toode\\\/audi-a8-d3-fl-08-10-su-halogeninemis-grotelemis-bamperyje-juoda-chromas-kaire-desine-2-vnt-rinkinys\\\/#primaryimage\"},\"image\":{\"@id\":\"https:\\\/\\\/erformance.eu\\\/et\\\/toode\\\/audi-a8-d3-fl-08-10-su-halogeninemis-grotelemis-bamperyje-juoda-chromas-kaire-desine-2-vnt-rinkinys\\\/#primaryimage\"},\"thumbnailUrl\":\"https:\\\/\\\/erformance.eu\\\/wp-content\\\/uploads\\\/2026\\\/02\\\/pol_pm_Audi-A8-D3-FL-08-10-Z-HALOGENAMI-atrapka-kratka-w-zderzak-CZARNA-CHROM-lewa-prawa-2-szt-KPL-26946_1.jpg\",\"datePublished\":\"2026-02-16T11:31:32+00:00\",\"dateModified\":\"2026-03-25T19:58:05+00:00\",\"breadcrumb\":{\"@id\":\"https:\\\/\\\/erformance.eu\\\/et\\\/toode\\\/audi-a8-d3-fl-08-10-su-halogeninemis-grotelemis-bamperyje-juoda-chromas-kaire-desine-2-vnt-rinkinys\\\/#breadcrumb\"},\"inLanguage\":\"et\",\"potentialAction\":[{\"@type\":\"ReadAction\",\"target\":[\"https:\\\/\\\/erformance.eu\\\/et\\\/toode\\\/audi-a8-d3-fl-08-10-su-halogeninemis-grotelemis-bamperyje-juoda-chromas-kaire-desine-2-vnt-rinkinys\\\/\"]}]},{\"@type\":\"ImageObject\",\"inLanguage\":\"et\",\"@id\":\"https:\\\/\\\/erformance.eu\\\/et\\\/toode\\\/audi-a8-d3-fl-08-10-su-halogeninemis-grotelemis-bamperyje-juoda-chromas-kaire-desine-2-vnt-rinkinys\\\/#primaryimage\",\"url\":\"https:\\\/\\\/erformance.eu\\\/wp-content\\\/uploads\\\/2026\\\/02\\\/pol_pm_Audi-A8-D3-FL-08-10-Z-HALOGENAMI-atrapka-kratka-w-zderzak-CZARNA-CHROM-lewa-prawa-2-szt-KPL-26946_1.jpg\",\"contentUrl\":\"https:\\\/\\\/erformance.eu\\\/wp-content\\\/uploads\\\/2026\\\/02\\\/pol_pm_Audi-A8-D3-FL-08-10-Z-HALOGENAMI-atrapka-kratka-w-zderzak-CZARNA-CHROM-lewa-prawa-2-szt-KPL-26946_1.jpg\",\"width\":1200,\"height\":1200},{\"@type\":\"BreadcrumbList\",\"@id\":\"https:\\\/\\\/erformance.eu\\\/et\\\/toode\\\/audi-a8-d3-fl-08-10-su-halogeninemis-grotelemis-bamperyje-juoda-chromas-kaire-desine-2-vnt-rinkinys\\\/#breadcrumb\",\"itemListElement\":[{\"@type\":\"ListItem\",\"position\":1,\"name\":\"Home\",\"item\":\"https:\\\/\\\/erformance.eu\\\/et\\\/\"},{\"@type\":\"ListItem\",\"position\":2,\"name\":\"Pood\",\"item\":\"https:\\\/\\\/erformance.eu\\\/et\\\/pood\\\/\"},{\"@type\":\"ListItem\",\"position\":3,\"name\":\"Audi A8 D3 FL 08-10 SU HALOGENIN\u0116MIS GROTEL\u0116MIS BAmperyje JUODA + CHROMAS kair\u0117 + de\u0161in\u0117 2 vnt. RINKINYS\"}]},{\"@type\":\"WebSite\",\"@id\":\"https:\\\/\\\/erformance.eu\\\/et\\\/#website\",\"url\":\"https:\\\/\\\/erformance.eu\\\/et\\\/\",\"name\":\"Erformance.eu\",\"description\":\"Automobili\u0173 dali\u0173 parduotuv\u0117\",\"potentialAction\":[{\"@type\":\"SearchAction\",\"target\":{\"@type\":\"EntryPoint\",\"urlTemplate\":\"https:\\\/\\\/erformance.eu\\\/et\\\/?s={search_term_string}\"},\"query-input\":{\"@type\":\"PropertyValueSpecification\",\"valueRequired\":true,\"valueName\":\"search_term_string\"}}],\"inLanguage\":\"et\"}]}<\/script>\n<!-- \/ Yoast SEO Premium plugin. -->","yoast_head_json":{"title":"Audi A8 D3 FL 08-10 SU HALOGENIN\u0116MIS GROTEL\u0116MIS BAmperyje JUODA + CHROMAS kair\u0117 + de\u0161in\u0117 2 vnt. RINKINYS - Erformance.eu","robots":{"index":"index","follow":"follow","max-snippet":"max-snippet:-1","max-image-preview":"max-image-preview:large","max-video-preview":"max-video-preview:-1"},"canonical":"https:\/\/erformance.eu\/et\/toode\/audi-a8-d3-fl-08-10-su-halogeninemis-grotelemis-bamperyje-juoda-chromas-kaire-desine-2-vnt-rinkinys\/","og_locale":"et_EE","og_type":"article","og_title":"Audi A8 D3 FL 08-10 SU HALOGENIN\u0116MIS GROTEL\u0116MIS BAmperyje JUODA + CHROMAS kair\u0117 + de\u0161in\u0117 2 vnt. RINKINYS","og_description":"1. Prek\u0117: 1 pora (2 vnt.) buferio groteli\u01732. \u0160onin\u0117 pus\u0117: kair\u0117 + de\u0161in\u01173. Gamintojas: pakeitimas4. Automobilis: Audi A8 D3 FL5. Pagaminimo metai: 2008\u20132010","og_url":"https:\/\/erformance.eu\/et\/toode\/audi-a8-d3-fl-08-10-su-halogeninemis-grotelemis-bamperyje-juoda-chromas-kaire-desine-2-vnt-rinkinys\/","og_site_name":"Erformance.eu","article_modified_time":"2026-03-25T19:58:05+00:00","og_image":[{"width":1200,"height":1200,"url":"https:\/\/erformance.eu\/wp-content\/uploads\/2026\/02\/pol_pm_Audi-A8-D3-FL-08-10-Z-HALOGENAMI-atrapka-kratka-w-zderzak-CZARNA-CHROM-lewa-prawa-2-szt-KPL-26946_1.jpg","type":"image\/jpeg"}],"twitter_card":"summary_large_image","twitter_misc":{"Est. reading time":"1 minut"},"schema":{"@context":"https:\/\/schema.org","@graph":[{"@type":"WebPage","@id":"https:\/\/erformance.eu\/et\/toode\/audi-a8-d3-fl-08-10-su-halogeninemis-grotelemis-bamperyje-juoda-chromas-kaire-desine-2-vnt-rinkinys\/","url":"https:\/\/erformance.eu\/et\/toode\/audi-a8-d3-fl-08-10-su-halogeninemis-grotelemis-bamperyje-juoda-chromas-kaire-desine-2-vnt-rinkinys\/","name":"Audi A8 D3 FL 08-10 SU HALOGENIN\u0116MIS GROTEL\u0116MIS BAmperyje JUODA + CHROMAS kair\u0117 + de\u0161in\u0117 2 vnt. RINKINYS - Erformance.eu","isPartOf":{"@id":"https:\/\/erformance.eu\/et\/#website"},"primaryImageOfPage":{"@id":"https:\/\/erformance.eu\/et\/toode\/audi-a8-d3-fl-08-10-su-halogeninemis-grotelemis-bamperyje-juoda-chromas-kaire-desine-2-vnt-rinkinys\/#primaryimage"},"image":{"@id":"https:\/\/erformance.eu\/et\/toode\/audi-a8-d3-fl-08-10-su-halogeninemis-grotelemis-bamperyje-juoda-chromas-kaire-desine-2-vnt-rinkinys\/#primaryimage"},"thumbnailUrl":"https:\/\/erformance.eu\/wp-content\/uploads\/2026\/02\/pol_pm_Audi-A8-D3-FL-08-10-Z-HALOGENAMI-atrapka-kratka-w-zderzak-CZARNA-CHROM-lewa-prawa-2-szt-KPL-26946_1.jpg","datePublished":"2026-02-16T11:31:32+00:00","dateModified":"2026-03-25T19:58:05+00:00","breadcrumb":{"@id":"https:\/\/erformance.eu\/et\/toode\/audi-a8-d3-fl-08-10-su-halogeninemis-grotelemis-bamperyje-juoda-chromas-kaire-desine-2-vnt-rinkinys\/#breadcrumb"},"inLanguage":"et","potentialAction":[{"@type":"ReadAction","target":["https:\/\/erformance.eu\/et\/toode\/audi-a8-d3-fl-08-10-su-halogeninemis-grotelemis-bamperyje-juoda-chromas-kaire-desine-2-vnt-rinkinys\/"]}]},{"@type":"ImageObject","inLanguage":"et","@id":"https:\/\/erformance.eu\/et\/toode\/audi-a8-d3-fl-08-10-su-halogeninemis-grotelemis-bamperyje-juoda-chromas-kaire-desine-2-vnt-rinkinys\/#primaryimage","url":"https:\/\/erformance.eu\/wp-content\/uploads\/2026\/02\/pol_pm_Audi-A8-D3-FL-08-10-Z-HALOGENAMI-atrapka-kratka-w-zderzak-CZARNA-CHROM-lewa-prawa-2-szt-KPL-26946_1.jpg","contentUrl":"https:\/\/erformance.eu\/wp-content\/uploads\/2026\/02\/pol_pm_Audi-A8-D3-FL-08-10-Z-HALOGENAMI-atrapka-kratka-w-zderzak-CZARNA-CHROM-lewa-prawa-2-szt-KPL-26946_1.jpg","width":1200,"height":1200},{"@type":"BreadcrumbList","@id":"https:\/\/erformance.eu\/et\/toode\/audi-a8-d3-fl-08-10-su-halogeninemis-grotelemis-bamperyje-juoda-chromas-kaire-desine-2-vnt-rinkinys\/#breadcrumb","itemListElement":[{"@type":"ListItem","position":1,"name":"Home","item":"https:\/\/erformance.eu\/et\/"},{"@type":"ListItem","position":2,"name":"Pood","item":"https:\/\/erformance.eu\/et\/pood\/"},{"@type":"ListItem","position":3,"name":"Audi A8 D3 FL 08-10 SU HALOGENIN\u0116MIS GROTEL\u0116MIS BAmperyje JUODA + CHROMAS kair\u0117 + de\u0161in\u0117 2 vnt. RINKINYS"}]},{"@type":"WebSite","@id":"https:\/\/erformance.eu\/et\/#website","url":"https:\/\/erformance.eu\/et\/","name":"Erformance.eu","description":"Automobili\u0173 dali\u0173 parduotuv\u0117","potentialAction":[{"@type":"SearchAction","target":{"@type":"EntryPoint","urlTemplate":"https:\/\/erformance.eu\/et\/?s={search_term_string}"},"query-input":{"@type":"PropertyValueSpecification","valueRequired":true,"valueName":"search_term_string"}}],"inLanguage":"et"}]}},"jetpack_sharing_enabled":true,"_links":{"self":[{"href":"https:\/\/erformance.eu\/et\/wp-json\/wp\/v2\/product\/57722","targetHints":{"allow":["GET"]}}],"collection":[{"href":"https:\/\/erformance.eu\/et\/wp-json\/wp\/v2\/product"}],"about":[{"href":"https:\/\/erformance.eu\/et\/wp-json\/wp\/v2\/types\/product"}],"replies":[{"embeddable":true,"href":"https:\/\/erformance.eu\/et\/wp-json\/wp\/v2\/comments?post=57722"}],"version-history":[{"count":1,"href":"https:\/\/erformance.eu\/et\/wp-json\/wp\/v2\/product\/57722\/revisions"}],"predecessor-version":[{"id":57723,"href":"https:\/\/erformance.eu\/et\/wp-json\/wp\/v2\/product\/57722\/revisions\/57723"}],"wp:featuredmedia":[{"embeddable":true,"href":"https:\/\/erformance.eu\/et\/wp-json\/wp\/v2\/media\/55691"}],"wp:attachment":[{"href":"https:\/\/erformance.eu\/et\/wp-json\/wp\/v2\/media?parent=57722"}],"wp:term":[{"taxonomy":"product_brand","embeddable":true,"href":"https:\/\/erformance.eu\/et\/wp-json\/wp\/v2\/product_brand?post=57722"},{"taxonomy":"product_cat","embeddable":true,"href":"https:\/\/erformance.eu\/et\/wp-json\/wp\/v2\/product_cat?post=57722"},{"taxonomy":"product_tag","embeddable":true,"href":"https:\/\/erformance.eu\/et\/wp-json\/wp\/v2\/product_tag?post=57722"}],"curies":[{"name":"wp","href":"https:\/\/api.w.org\/{rel}","templated":true}]}}