{"id":57740,"date":"2026-02-16T14:31:42","date_gmt":"2026-02-16T11:31:42","guid":{"rendered":"https:\/\/erformance.eu\/?post_type=product&#038;p=57740"},"modified":"2026-03-26T02:20:59","modified_gmt":"2026-03-25T23:20:59","slug":"audi-q7-4m-15-19-priekines-bamperio-groteles-juodos-sidabrines-kaires","status":"publish","type":"product","link":"https:\/\/erformance.eu\/et\/toode\/audi-q7-4m-15-19-priekines-bamperio-groteles-juodos-sidabrines-kaires\/","title":{"rendered":"Audi Q7 4M 15-19 Priekin\u0117s bamperio grotel\u0117s JUODOS + SIDABRIN\u0116S kair\u0117s"},"content":{"rendered":"<p>Prek\u0117: priekinio bamperio grotel\u0117s<br \/>\nPus\u0117: Kair\u0117 (vairuotojo pus\u0117)<br \/>\nOriginalus numeris:<\/p>\n<p>4M0807681T<br \/>\n4M0807681 T<br \/>\n4M0 807 681T<br \/>\n4M0 807 681 T<br \/>\n4M0807681R<br \/>\n4M0807681 R<br \/>\n4M0 807 681R<br \/>\n4M0 807 681 R<br \/>\n4M0807681Q<br \/>\n4M0807681 Q<br \/>\n4M0 807 681Q<br \/>\n4M0 807 681 Q<br \/>\n4M0807647B<br \/>\n4M0807647 B<br \/>\n4M0 807 647B<br \/>\n4M0 807 647 B<\/p>\n<p>PASTABA: auk\u0161\u010diau pateikti numeriai yra original\u016bs dali\u0173 numeriai, kuriuos \u0161is pasi\u016blymas pakei\u010dia. Prie\u0161 pirkdami, palyginkite juos su originaliu dalies numeriu. Jei jie skiriasi net vienu simboliu, dalis netiks, neveiks arba veiks netinkamai. Tokiu atveju jos nepirkite.<br \/>\nAutomobilis:<\/p>\n<p>Audi Q7 (4MB, 4MG)<br \/>\nAudi Q7 furgonas (4MB, 4MG)<\/p>\n<p>Pagaminimo metai: 2015\u20132019<br \/>\nSpalva: juodos grotel\u0117s + SIDABRIN\u0116S (matinio chromo) juostel\u0117s<br \/>\nGamintojas: pakaitalas<br \/>\nTechnin\u0117 b\u016bkl\u0117: prek\u0117 yra visi\u0161kai nauja, nenaudota, nepa\u017eeista ir nesugadinta<br \/>\nPastaba: Jame yra skyl\u0117 parkavimo jutikliui.<\/p>\n","protected":false},"excerpt":{"rendered":"<p>1. Prek\u0117: Priekinio bamperio grotel\u0117s2. Pus\u0117: kair\u01173. Spalva: juoda + sidabrin\u01174. Gamintojas: pakeitimas5. Automobilis: Audi Q7 4M6. Pagaminimo metai: 2015\u20132019<\/p>\n","protected":false},"featured_media":55751,"comment_status":"open","ping_status":"closed","template":"","meta":[],"product_brand":[],"product_cat":[3931,144,4098,4137,3971,400],"product_tag":[],"class_list":{"0":"post-57740","1":"product","2":"type-product","3":"status-publish","4":"has-post-thumbnail","6":"product_cat-audi-q7-4m","7":"product_cat-audi","8":"product_cat-audi-q7-4m-bamperiai-ju-dalys","9":"product_cat-audi-q7-4m-isores-groteles","10":"product_cat-audi-q7-4m-isores-dalys","11":"product_cat-audi-q7","13":"first","14":"instock","15":"shipping-taxable","16":"purchasable","17":"product-type-simple"},"yoast_head":"<!-- This site is optimized with the Yoast SEO Premium plugin v25.2 (Yoast SEO v27.3) - https:\/\/yoast.com\/product\/yoast-seo-premium-wordpress\/ -->\n<title>Audi Q7 4M 15-19 Priekin\u0117s bamperio grotel\u0117s JUODOS + SIDABRIN\u0116S kair\u0117s - Erformance.eu<\/title>\n<meta name=\"robots\" content=\"index, follow, max-snippet:-1, max-image-preview:large, max-video-preview:-1\" \/>\n<link rel=\"canonical\" href=\"https:\/\/erformance.eu\/et\/toode\/audi-q7-4m-15-19-priekines-bamperio-groteles-juodos-sidabrines-kaires\/\" \/>\n<meta property=\"og:locale\" content=\"et_EE\" \/>\n<meta property=\"og:type\" content=\"article\" \/>\n<meta property=\"og:title\" content=\"Audi Q7 4M 15-19 Priekin\u0117s bamperio grotel\u0117s JUODOS + SIDABRIN\u0116S kair\u0117s\" \/>\n<meta property=\"og:description\" content=\"1. Prek\u0117: Priekinio bamperio grotel\u0117s2. Pus\u0117: kair\u01173. Spalva: juoda + sidabrin\u01174. Gamintojas: pakeitimas5. Automobilis: Audi Q7 4M6. Pagaminimo metai: 2015\u20132019\" \/>\n<meta property=\"og:url\" content=\"https:\/\/erformance.eu\/et\/toode\/audi-q7-4m-15-19-priekines-bamperio-groteles-juodos-sidabrines-kaires\/\" \/>\n<meta property=\"og:site_name\" content=\"Erformance.eu\" \/>\n<meta property=\"article:modified_time\" content=\"2026-03-25T23:20:59+00:00\" \/>\n<meta property=\"og:image\" content=\"https:\/\/erformance.eu\/wp-content\/uploads\/2026\/02\/pol_pm_Audi-Q7-4M-15-19-atrapka-kratka-w-zderzak-przedni-CZARNA-SILVER-lewa-35141_1.jpg\" \/>\n\t<meta property=\"og:image:width\" content=\"1200\" \/>\n\t<meta property=\"og:image:height\" content=\"1200\" \/>\n\t<meta property=\"og:image:type\" content=\"image\/jpeg\" \/>\n<meta name=\"twitter:card\" content=\"summary_large_image\" \/>\n<meta name=\"twitter:label1\" content=\"Est. reading time\" \/>\n\t<meta name=\"twitter:data1\" content=\"1 minut\" \/>\n<script type=\"application\/ld+json\" class=\"yoast-schema-graph\">{\"@context\":\"https:\\\/\\\/schema.org\",\"@graph\":[{\"@type\":\"WebPage\",\"@id\":\"https:\\\/\\\/erformance.eu\\\/et\\\/toode\\\/audi-q7-4m-15-19-priekines-bamperio-groteles-juodos-sidabrines-kaires\\\/\",\"url\":\"https:\\\/\\\/erformance.eu\\\/et\\\/toode\\\/audi-q7-4m-15-19-priekines-bamperio-groteles-juodos-sidabrines-kaires\\\/\",\"name\":\"Audi Q7 4M 15-19 Priekin\u0117s bamperio grotel\u0117s JUODOS + SIDABRIN\u0116S kair\u0117s - Erformance.eu\",\"isPartOf\":{\"@id\":\"https:\\\/\\\/erformance.eu\\\/et\\\/#website\"},\"primaryImageOfPage\":{\"@id\":\"https:\\\/\\\/erformance.eu\\\/et\\\/toode\\\/audi-q7-4m-15-19-priekines-bamperio-groteles-juodos-sidabrines-kaires\\\/#primaryimage\"},\"image\":{\"@id\":\"https:\\\/\\\/erformance.eu\\\/et\\\/toode\\\/audi-q7-4m-15-19-priekines-bamperio-groteles-juodos-sidabrines-kaires\\\/#primaryimage\"},\"thumbnailUrl\":\"https:\\\/\\\/erformance.eu\\\/wp-content\\\/uploads\\\/2026\\\/02\\\/pol_pm_Audi-Q7-4M-15-19-atrapka-kratka-w-zderzak-przedni-CZARNA-SILVER-lewa-35141_1.jpg\",\"datePublished\":\"2026-02-16T11:31:42+00:00\",\"dateModified\":\"2026-03-25T23:20:59+00:00\",\"breadcrumb\":{\"@id\":\"https:\\\/\\\/erformance.eu\\\/et\\\/toode\\\/audi-q7-4m-15-19-priekines-bamperio-groteles-juodos-sidabrines-kaires\\\/#breadcrumb\"},\"inLanguage\":\"et\",\"potentialAction\":[{\"@type\":\"ReadAction\",\"target\":[\"https:\\\/\\\/erformance.eu\\\/et\\\/toode\\\/audi-q7-4m-15-19-priekines-bamperio-groteles-juodos-sidabrines-kaires\\\/\"]}]},{\"@type\":\"ImageObject\",\"inLanguage\":\"et\",\"@id\":\"https:\\\/\\\/erformance.eu\\\/et\\\/toode\\\/audi-q7-4m-15-19-priekines-bamperio-groteles-juodos-sidabrines-kaires\\\/#primaryimage\",\"url\":\"https:\\\/\\\/erformance.eu\\\/wp-content\\\/uploads\\\/2026\\\/02\\\/pol_pm_Audi-Q7-4M-15-19-atrapka-kratka-w-zderzak-przedni-CZARNA-SILVER-lewa-35141_1.jpg\",\"contentUrl\":\"https:\\\/\\\/erformance.eu\\\/wp-content\\\/uploads\\\/2026\\\/02\\\/pol_pm_Audi-Q7-4M-15-19-atrapka-kratka-w-zderzak-przedni-CZARNA-SILVER-lewa-35141_1.jpg\",\"width\":1200,\"height\":1200},{\"@type\":\"BreadcrumbList\",\"@id\":\"https:\\\/\\\/erformance.eu\\\/et\\\/toode\\\/audi-q7-4m-15-19-priekines-bamperio-groteles-juodos-sidabrines-kaires\\\/#breadcrumb\",\"itemListElement\":[{\"@type\":\"ListItem\",\"position\":1,\"name\":\"Home\",\"item\":\"https:\\\/\\\/erformance.eu\\\/et\\\/\"},{\"@type\":\"ListItem\",\"position\":2,\"name\":\"Pood\",\"item\":\"https:\\\/\\\/erformance.eu\\\/et\\\/pood\\\/\"},{\"@type\":\"ListItem\",\"position\":3,\"name\":\"Audi Q7 4M 15-19 Priekin\u0117s bamperio grotel\u0117s JUODOS + SIDABRIN\u0116S kair\u0117s\"}]},{\"@type\":\"WebSite\",\"@id\":\"https:\\\/\\\/erformance.eu\\\/et\\\/#website\",\"url\":\"https:\\\/\\\/erformance.eu\\\/et\\\/\",\"name\":\"Erformance.eu\",\"description\":\"Automobili\u0173 dali\u0173 parduotuv\u0117\",\"potentialAction\":[{\"@type\":\"SearchAction\",\"target\":{\"@type\":\"EntryPoint\",\"urlTemplate\":\"https:\\\/\\\/erformance.eu\\\/et\\\/?s={search_term_string}\"},\"query-input\":{\"@type\":\"PropertyValueSpecification\",\"valueRequired\":true,\"valueName\":\"search_term_string\"}}],\"inLanguage\":\"et\"}]}<\/script>\n<!-- \/ Yoast SEO Premium plugin. -->","yoast_head_json":{"title":"Audi Q7 4M 15-19 Priekin\u0117s bamperio grotel\u0117s JUODOS + SIDABRIN\u0116S kair\u0117s - Erformance.eu","robots":{"index":"index","follow":"follow","max-snippet":"max-snippet:-1","max-image-preview":"max-image-preview:large","max-video-preview":"max-video-preview:-1"},"canonical":"https:\/\/erformance.eu\/et\/toode\/audi-q7-4m-15-19-priekines-bamperio-groteles-juodos-sidabrines-kaires\/","og_locale":"et_EE","og_type":"article","og_title":"Audi Q7 4M 15-19 Priekin\u0117s bamperio grotel\u0117s JUODOS + SIDABRIN\u0116S kair\u0117s","og_description":"1. Prek\u0117: Priekinio bamperio grotel\u0117s2. Pus\u0117: kair\u01173. Spalva: juoda + sidabrin\u01174. Gamintojas: pakeitimas5. Automobilis: Audi Q7 4M6. Pagaminimo metai: 2015\u20132019","og_url":"https:\/\/erformance.eu\/et\/toode\/audi-q7-4m-15-19-priekines-bamperio-groteles-juodos-sidabrines-kaires\/","og_site_name":"Erformance.eu","article_modified_time":"2026-03-25T23:20:59+00:00","og_image":[{"width":1200,"height":1200,"url":"https:\/\/erformance.eu\/wp-content\/uploads\/2026\/02\/pol_pm_Audi-Q7-4M-15-19-atrapka-kratka-w-zderzak-przedni-CZARNA-SILVER-lewa-35141_1.jpg","type":"image\/jpeg"}],"twitter_card":"summary_large_image","twitter_misc":{"Est. reading time":"1 minut"},"schema":{"@context":"https:\/\/schema.org","@graph":[{"@type":"WebPage","@id":"https:\/\/erformance.eu\/et\/toode\/audi-q7-4m-15-19-priekines-bamperio-groteles-juodos-sidabrines-kaires\/","url":"https:\/\/erformance.eu\/et\/toode\/audi-q7-4m-15-19-priekines-bamperio-groteles-juodos-sidabrines-kaires\/","name":"Audi Q7 4M 15-19 Priekin\u0117s bamperio grotel\u0117s JUODOS + SIDABRIN\u0116S kair\u0117s - Erformance.eu","isPartOf":{"@id":"https:\/\/erformance.eu\/et\/#website"},"primaryImageOfPage":{"@id":"https:\/\/erformance.eu\/et\/toode\/audi-q7-4m-15-19-priekines-bamperio-groteles-juodos-sidabrines-kaires\/#primaryimage"},"image":{"@id":"https:\/\/erformance.eu\/et\/toode\/audi-q7-4m-15-19-priekines-bamperio-groteles-juodos-sidabrines-kaires\/#primaryimage"},"thumbnailUrl":"https:\/\/erformance.eu\/wp-content\/uploads\/2026\/02\/pol_pm_Audi-Q7-4M-15-19-atrapka-kratka-w-zderzak-przedni-CZARNA-SILVER-lewa-35141_1.jpg","datePublished":"2026-02-16T11:31:42+00:00","dateModified":"2026-03-25T23:20:59+00:00","breadcrumb":{"@id":"https:\/\/erformance.eu\/et\/toode\/audi-q7-4m-15-19-priekines-bamperio-groteles-juodos-sidabrines-kaires\/#breadcrumb"},"inLanguage":"et","potentialAction":[{"@type":"ReadAction","target":["https:\/\/erformance.eu\/et\/toode\/audi-q7-4m-15-19-priekines-bamperio-groteles-juodos-sidabrines-kaires\/"]}]},{"@type":"ImageObject","inLanguage":"et","@id":"https:\/\/erformance.eu\/et\/toode\/audi-q7-4m-15-19-priekines-bamperio-groteles-juodos-sidabrines-kaires\/#primaryimage","url":"https:\/\/erformance.eu\/wp-content\/uploads\/2026\/02\/pol_pm_Audi-Q7-4M-15-19-atrapka-kratka-w-zderzak-przedni-CZARNA-SILVER-lewa-35141_1.jpg","contentUrl":"https:\/\/erformance.eu\/wp-content\/uploads\/2026\/02\/pol_pm_Audi-Q7-4M-15-19-atrapka-kratka-w-zderzak-przedni-CZARNA-SILVER-lewa-35141_1.jpg","width":1200,"height":1200},{"@type":"BreadcrumbList","@id":"https:\/\/erformance.eu\/et\/toode\/audi-q7-4m-15-19-priekines-bamperio-groteles-juodos-sidabrines-kaires\/#breadcrumb","itemListElement":[{"@type":"ListItem","position":1,"name":"Home","item":"https:\/\/erformance.eu\/et\/"},{"@type":"ListItem","position":2,"name":"Pood","item":"https:\/\/erformance.eu\/et\/pood\/"},{"@type":"ListItem","position":3,"name":"Audi Q7 4M 15-19 Priekin\u0117s bamperio grotel\u0117s JUODOS + SIDABRIN\u0116S kair\u0117s"}]},{"@type":"WebSite","@id":"https:\/\/erformance.eu\/et\/#website","url":"https:\/\/erformance.eu\/et\/","name":"Erformance.eu","description":"Automobili\u0173 dali\u0173 parduotuv\u0117","potentialAction":[{"@type":"SearchAction","target":{"@type":"EntryPoint","urlTemplate":"https:\/\/erformance.eu\/et\/?s={search_term_string}"},"query-input":{"@type":"PropertyValueSpecification","valueRequired":true,"valueName":"search_term_string"}}],"inLanguage":"et"}]}},"jetpack_sharing_enabled":true,"_links":{"self":[{"href":"https:\/\/erformance.eu\/et\/wp-json\/wp\/v2\/product\/57740","targetHints":{"allow":["GET"]}}],"collection":[{"href":"https:\/\/erformance.eu\/et\/wp-json\/wp\/v2\/product"}],"about":[{"href":"https:\/\/erformance.eu\/et\/wp-json\/wp\/v2\/types\/product"}],"replies":[{"embeddable":true,"href":"https:\/\/erformance.eu\/et\/wp-json\/wp\/v2\/comments?post=57740"}],"version-history":[{"count":1,"href":"https:\/\/erformance.eu\/et\/wp-json\/wp\/v2\/product\/57740\/revisions"}],"predecessor-version":[{"id":57741,"href":"https:\/\/erformance.eu\/et\/wp-json\/wp\/v2\/product\/57740\/revisions\/57741"}],"wp:featuredmedia":[{"embeddable":true,"href":"https:\/\/erformance.eu\/et\/wp-json\/wp\/v2\/media\/55751"}],"wp:attachment":[{"href":"https:\/\/erformance.eu\/et\/wp-json\/wp\/v2\/media?parent=57740"}],"wp:term":[{"taxonomy":"product_brand","embeddable":true,"href":"https:\/\/erformance.eu\/et\/wp-json\/wp\/v2\/product_brand?post=57740"},{"taxonomy":"product_cat","embeddable":true,"href":"https:\/\/erformance.eu\/et\/wp-json\/wp\/v2\/product_cat?post=57740"},{"taxonomy":"product_tag","embeddable":true,"href":"https:\/\/erformance.eu\/et\/wp-json\/wp\/v2\/product_tag?post=57740"}],"curies":[{"name":"wp","href":"https:\/\/api.w.org\/{rel}","templated":true}]}}