{"id":57742,"date":"2026-02-16T14:31:43","date_gmt":"2026-02-16T11:31:43","guid":{"rendered":"https:\/\/erformance.eu\/?post_type=product&#038;p=57742"},"modified":"2026-02-25T12:41:29","modified_gmt":"2026-02-25T09:41:29","slug":"audi-q7-4l-06-15-elektriniu-langu-valdymo-jungiklis","status":"publish","type":"product","link":"https:\/\/erformance.eu\/et\/toode\/audi-q7-4l-06-15-elektriniu-langu-valdymo-jungiklis\/","title":{"rendered":"Audi Q7 4L 06-15 elektrini\u0173 lang\u0173 valdymo jungiklis"},"content":{"rendered":"<p>Tema: Elektrinio lango valdymo jungiklis<br \/>\nOriginalus numeris:<\/p>\n<p>4F0959855A<br \/>\n4F1941431D5PR<br \/>\n4FD941531A5PR<br \/>\n4F0959851C5PR<br \/>\n4FD959851A5PR<br \/>\n4F09598555PR<br \/>\n4FD959855A5PR<\/p>\n<p>PASTABA: auk\u0161\u010diau pateikti numeriai yra original\u016bs dali\u0173 numeriai, kuriuos \u0161is pasi\u016blymas pakei\u010dia. Prie\u0161 pirkdami, palyginkite juos su originaliu dalies numeriu. Jei jie skiriasi net vienu simboliu, dalis netiks, neveiks arba veiks netinkamai. Tokiu atveju jos nepirkite.<br \/>\nAutomobilis:<\/p>\n<p>Audi A3 8P , pagaminimo metai: 2003\u20132012<br \/>\nAudi A6\/S6 C6 , gamybos metai: 2004-2011<br \/>\n\u201eAudi A6 Allroad quattro\u201c , pagaminimo metai: 2006\u20132011<br \/>\nAudi Q7 4L , gamybos metai: 2006-2015<\/p>\n<p>Gamintojas: pakaitalas<br \/>\nTechnin\u0117 b\u016bkl\u0117: prek\u0117 yra visi\u0161kai nauja, nenaudota, nepa\u017eeista ir nesugadinta<\/p>\n","protected":false},"excerpt":{"rendered":"<p>1. Prek\u0117: Elektrini\u0173 lang\u0173 valdymo jungiklis2. Automobilis:     * Audi A3 8P 2003\u20132012 m.     * Audi A6\/S6 C6 2004\u20132011     * Audi A6 Allroad quattro 2006-2011m     * Audi Q7 4L 2006\u20132015 m.<\/p>\n","protected":false},"featured_media":55763,"comment_status":"open","ping_status":"closed","template":"","meta":[],"product_brand":[],"product_cat":[3930,144,4686,400,4009],"product_tag":[],"class_list":{"0":"post-57742","1":"product","2":"type-product","3":"status-publish","4":"has-post-thumbnail","6":"product_cat-audi-q7-4l","7":"product_cat-audi","8":"product_cat-audi-q7-4l-mygtukai-mechanizmai","9":"product_cat-audi-q7","10":"product_cat-audi-q7-4l-salono-dalys","12":"first","13":"instock","14":"shipping-taxable","15":"purchasable","16":"product-type-simple"},"yoast_head":"<!-- This site is optimized with the Yoast SEO Premium plugin v25.2 (Yoast SEO v27.4) - https:\/\/yoast.com\/product\/yoast-seo-premium-wordpress\/ -->\n<title>Audi Q7 4L 06-15 elektrini\u0173 lang\u0173 valdymo jungiklis - Erformance.eu<\/title>\n<meta name=\"robots\" content=\"index, follow, max-snippet:-1, max-image-preview:large, max-video-preview:-1\" \/>\n<link rel=\"canonical\" href=\"https:\/\/erformance.eu\/et\/toode\/audi-q7-4l-06-15-elektriniu-langu-valdymo-jungiklis\/\" \/>\n<meta property=\"og:locale\" content=\"et_EE\" \/>\n<meta property=\"og:type\" content=\"article\" \/>\n<meta property=\"og:title\" content=\"Audi Q7 4L 06-15 elektrini\u0173 lang\u0173 valdymo jungiklis\" \/>\n<meta property=\"og:description\" content=\"1. Prek\u0117: Elektrini\u0173 lang\u0173 valdymo jungiklis2. Automobilis:   * Audi A3 8P 2003\u20132012 m.   * Audi A6\/S6 C6 2004\u20132011   * Audi A6 Allroad quattro 2006-2011m   * Audi Q7 4L 2006\u20132015 m.\" \/>\n<meta property=\"og:url\" content=\"https:\/\/erformance.eu\/et\/toode\/audi-q7-4l-06-15-elektriniu-langu-valdymo-jungiklis\/\" \/>\n<meta property=\"og:site_name\" content=\"Erformance.eu\" \/>\n<meta property=\"article:modified_time\" content=\"2026-02-25T09:41:29+00:00\" \/>\n<meta property=\"og:image\" content=\"https:\/\/erformance.eu\/wp-content\/uploads\/2026\/02\/pol_pm_Audi-Q7-4L-06-15-przelacznik-sterowania-szyb-elektrycznych-11907_1.jpg\" \/>\n\t<meta property=\"og:image:width\" content=\"1200\" \/>\n\t<meta property=\"og:image:height\" content=\"900\" \/>\n\t<meta property=\"og:image:type\" content=\"image\/jpeg\" \/>\n<meta name=\"twitter:card\" content=\"summary_large_image\" \/>\n<meta name=\"twitter:label1\" content=\"Est. reading time\" \/>\n\t<meta name=\"twitter:data1\" content=\"1 minut\" \/>\n<script type=\"application\/ld+json\" class=\"yoast-schema-graph\">{\"@context\":\"https:\\\/\\\/schema.org\",\"@graph\":[{\"@type\":\"WebPage\",\"@id\":\"https:\\\/\\\/erformance.eu\\\/et\\\/toode\\\/audi-q7-4l-06-15-elektriniu-langu-valdymo-jungiklis\\\/\",\"url\":\"https:\\\/\\\/erformance.eu\\\/et\\\/toode\\\/audi-q7-4l-06-15-elektriniu-langu-valdymo-jungiklis\\\/\",\"name\":\"Audi Q7 4L 06-15 elektrini\u0173 lang\u0173 valdymo jungiklis - Erformance.eu\",\"isPartOf\":{\"@id\":\"https:\\\/\\\/erformance.eu\\\/et\\\/#website\"},\"primaryImageOfPage\":{\"@id\":\"https:\\\/\\\/erformance.eu\\\/et\\\/toode\\\/audi-q7-4l-06-15-elektriniu-langu-valdymo-jungiklis\\\/#primaryimage\"},\"image\":{\"@id\":\"https:\\\/\\\/erformance.eu\\\/et\\\/toode\\\/audi-q7-4l-06-15-elektriniu-langu-valdymo-jungiklis\\\/#primaryimage\"},\"thumbnailUrl\":\"https:\\\/\\\/erformance.eu\\\/wp-content\\\/uploads\\\/2026\\\/02\\\/pol_pm_Audi-Q7-4L-06-15-przelacznik-sterowania-szyb-elektrycznych-11907_1.jpg\",\"datePublished\":\"2026-02-16T11:31:43+00:00\",\"dateModified\":\"2026-02-25T09:41:29+00:00\",\"breadcrumb\":{\"@id\":\"https:\\\/\\\/erformance.eu\\\/et\\\/toode\\\/audi-q7-4l-06-15-elektriniu-langu-valdymo-jungiklis\\\/#breadcrumb\"},\"inLanguage\":\"et\",\"potentialAction\":[{\"@type\":\"ReadAction\",\"target\":[\"https:\\\/\\\/erformance.eu\\\/et\\\/toode\\\/audi-q7-4l-06-15-elektriniu-langu-valdymo-jungiklis\\\/\"]}]},{\"@type\":\"ImageObject\",\"inLanguage\":\"et\",\"@id\":\"https:\\\/\\\/erformance.eu\\\/et\\\/toode\\\/audi-q7-4l-06-15-elektriniu-langu-valdymo-jungiklis\\\/#primaryimage\",\"url\":\"https:\\\/\\\/erformance.eu\\\/wp-content\\\/uploads\\\/2026\\\/02\\\/pol_pm_Audi-Q7-4L-06-15-przelacznik-sterowania-szyb-elektrycznych-11907_1.jpg\",\"contentUrl\":\"https:\\\/\\\/erformance.eu\\\/wp-content\\\/uploads\\\/2026\\\/02\\\/pol_pm_Audi-Q7-4L-06-15-przelacznik-sterowania-szyb-elektrycznych-11907_1.jpg\",\"width\":1200,\"height\":900},{\"@type\":\"BreadcrumbList\",\"@id\":\"https:\\\/\\\/erformance.eu\\\/et\\\/toode\\\/audi-q7-4l-06-15-elektriniu-langu-valdymo-jungiklis\\\/#breadcrumb\",\"itemListElement\":[{\"@type\":\"ListItem\",\"position\":1,\"name\":\"Home\",\"item\":\"https:\\\/\\\/erformance.eu\\\/et\\\/\"},{\"@type\":\"ListItem\",\"position\":2,\"name\":\"Pood\",\"item\":\"https:\\\/\\\/erformance.eu\\\/et\\\/pood\\\/\"},{\"@type\":\"ListItem\",\"position\":3,\"name\":\"Audi Q7 4L 06-15 elektrini\u0173 lang\u0173 valdymo jungiklis\"}]},{\"@type\":\"WebSite\",\"@id\":\"https:\\\/\\\/erformance.eu\\\/et\\\/#website\",\"url\":\"https:\\\/\\\/erformance.eu\\\/et\\\/\",\"name\":\"Erformance.eu\",\"description\":\"Automobili\u0173 dali\u0173 parduotuv\u0117\",\"potentialAction\":[{\"@type\":\"SearchAction\",\"target\":{\"@type\":\"EntryPoint\",\"urlTemplate\":\"https:\\\/\\\/erformance.eu\\\/et\\\/?s={search_term_string}\"},\"query-input\":{\"@type\":\"PropertyValueSpecification\",\"valueRequired\":true,\"valueName\":\"search_term_string\"}}],\"inLanguage\":\"et\"}]}<\/script>\n<!-- \/ Yoast SEO Premium plugin. -->","yoast_head_json":{"title":"Audi Q7 4L 06-15 elektrini\u0173 lang\u0173 valdymo jungiklis - Erformance.eu","robots":{"index":"index","follow":"follow","max-snippet":"max-snippet:-1","max-image-preview":"max-image-preview:large","max-video-preview":"max-video-preview:-1"},"canonical":"https:\/\/erformance.eu\/et\/toode\/audi-q7-4l-06-15-elektriniu-langu-valdymo-jungiklis\/","og_locale":"et_EE","og_type":"article","og_title":"Audi Q7 4L 06-15 elektrini\u0173 lang\u0173 valdymo jungiklis","og_description":"1. Prek\u0117: Elektrini\u0173 lang\u0173 valdymo jungiklis2. Automobilis:   * Audi A3 8P 2003\u20132012 m.   * Audi A6\/S6 C6 2004\u20132011   * Audi A6 Allroad quattro 2006-2011m   * Audi Q7 4L 2006\u20132015 m.","og_url":"https:\/\/erformance.eu\/et\/toode\/audi-q7-4l-06-15-elektriniu-langu-valdymo-jungiklis\/","og_site_name":"Erformance.eu","article_modified_time":"2026-02-25T09:41:29+00:00","og_image":[{"width":1200,"height":900,"url":"https:\/\/erformance.eu\/wp-content\/uploads\/2026\/02\/pol_pm_Audi-Q7-4L-06-15-przelacznik-sterowania-szyb-elektrycznych-11907_1.jpg","type":"image\/jpeg"}],"twitter_card":"summary_large_image","twitter_misc":{"Est. reading time":"1 minut"},"schema":{"@context":"https:\/\/schema.org","@graph":[{"@type":"WebPage","@id":"https:\/\/erformance.eu\/et\/toode\/audi-q7-4l-06-15-elektriniu-langu-valdymo-jungiklis\/","url":"https:\/\/erformance.eu\/et\/toode\/audi-q7-4l-06-15-elektriniu-langu-valdymo-jungiklis\/","name":"Audi Q7 4L 06-15 elektrini\u0173 lang\u0173 valdymo jungiklis - Erformance.eu","isPartOf":{"@id":"https:\/\/erformance.eu\/et\/#website"},"primaryImageOfPage":{"@id":"https:\/\/erformance.eu\/et\/toode\/audi-q7-4l-06-15-elektriniu-langu-valdymo-jungiklis\/#primaryimage"},"image":{"@id":"https:\/\/erformance.eu\/et\/toode\/audi-q7-4l-06-15-elektriniu-langu-valdymo-jungiklis\/#primaryimage"},"thumbnailUrl":"https:\/\/erformance.eu\/wp-content\/uploads\/2026\/02\/pol_pm_Audi-Q7-4L-06-15-przelacznik-sterowania-szyb-elektrycznych-11907_1.jpg","datePublished":"2026-02-16T11:31:43+00:00","dateModified":"2026-02-25T09:41:29+00:00","breadcrumb":{"@id":"https:\/\/erformance.eu\/et\/toode\/audi-q7-4l-06-15-elektriniu-langu-valdymo-jungiklis\/#breadcrumb"},"inLanguage":"et","potentialAction":[{"@type":"ReadAction","target":["https:\/\/erformance.eu\/et\/toode\/audi-q7-4l-06-15-elektriniu-langu-valdymo-jungiklis\/"]}]},{"@type":"ImageObject","inLanguage":"et","@id":"https:\/\/erformance.eu\/et\/toode\/audi-q7-4l-06-15-elektriniu-langu-valdymo-jungiklis\/#primaryimage","url":"https:\/\/erformance.eu\/wp-content\/uploads\/2026\/02\/pol_pm_Audi-Q7-4L-06-15-przelacznik-sterowania-szyb-elektrycznych-11907_1.jpg","contentUrl":"https:\/\/erformance.eu\/wp-content\/uploads\/2026\/02\/pol_pm_Audi-Q7-4L-06-15-przelacznik-sterowania-szyb-elektrycznych-11907_1.jpg","width":1200,"height":900},{"@type":"BreadcrumbList","@id":"https:\/\/erformance.eu\/et\/toode\/audi-q7-4l-06-15-elektriniu-langu-valdymo-jungiklis\/#breadcrumb","itemListElement":[{"@type":"ListItem","position":1,"name":"Home","item":"https:\/\/erformance.eu\/et\/"},{"@type":"ListItem","position":2,"name":"Pood","item":"https:\/\/erformance.eu\/et\/pood\/"},{"@type":"ListItem","position":3,"name":"Audi Q7 4L 06-15 elektrini\u0173 lang\u0173 valdymo jungiklis"}]},{"@type":"WebSite","@id":"https:\/\/erformance.eu\/et\/#website","url":"https:\/\/erformance.eu\/et\/","name":"Erformance.eu","description":"Automobili\u0173 dali\u0173 parduotuv\u0117","potentialAction":[{"@type":"SearchAction","target":{"@type":"EntryPoint","urlTemplate":"https:\/\/erformance.eu\/et\/?s={search_term_string}"},"query-input":{"@type":"PropertyValueSpecification","valueRequired":true,"valueName":"search_term_string"}}],"inLanguage":"et"}]}},"jetpack_sharing_enabled":true,"_links":{"self":[{"href":"https:\/\/erformance.eu\/et\/wp-json\/wp\/v2\/product\/57742","targetHints":{"allow":["GET"]}}],"collection":[{"href":"https:\/\/erformance.eu\/et\/wp-json\/wp\/v2\/product"}],"about":[{"href":"https:\/\/erformance.eu\/et\/wp-json\/wp\/v2\/types\/product"}],"replies":[{"embeddable":true,"href":"https:\/\/erformance.eu\/et\/wp-json\/wp\/v2\/comments?post=57742"}],"version-history":[{"count":1,"href":"https:\/\/erformance.eu\/et\/wp-json\/wp\/v2\/product\/57742\/revisions"}],"predecessor-version":[{"id":57743,"href":"https:\/\/erformance.eu\/et\/wp-json\/wp\/v2\/product\/57742\/revisions\/57743"}],"wp:featuredmedia":[{"embeddable":true,"href":"https:\/\/erformance.eu\/et\/wp-json\/wp\/v2\/media\/55763"}],"wp:attachment":[{"href":"https:\/\/erformance.eu\/et\/wp-json\/wp\/v2\/media?parent=57742"}],"wp:term":[{"taxonomy":"product_brand","embeddable":true,"href":"https:\/\/erformance.eu\/et\/wp-json\/wp\/v2\/product_brand?post=57742"},{"taxonomy":"product_cat","embeddable":true,"href":"https:\/\/erformance.eu\/et\/wp-json\/wp\/v2\/product_cat?post=57742"},{"taxonomy":"product_tag","embeddable":true,"href":"https:\/\/erformance.eu\/et\/wp-json\/wp\/v2\/product_tag?post=57742"}],"curies":[{"name":"wp","href":"https:\/\/api.w.org\/{rel}","templated":true}]}}