{"id":57978,"date":"2026-02-16T14:48:28","date_gmt":"2026-02-16T11:48:28","guid":{"rendered":"https:\/\/erformance.eu\/?post_type=product&#038;p=57978"},"modified":"2026-03-12T18:43:35","modified_gmt":"2026-03-12T15:43:35","slug":"audi-a4-b9-2015-groteliu-tvirtinimas-tarp-priekiniu-zibintu","status":"publish","type":"product","link":"https:\/\/erformance.eu\/et\/toode\/audi-a4-b9-2015-groteliu-tvirtinimas-tarp-priekiniu-zibintu\/","title":{"rendered":"Audi A4 B9 2015- groteli\u0173 tvirtinimas tarp priekini\u0173 \u017eibint\u0173"},"content":{"rendered":"<p>    Prek\u0117: groteli\u0173 laikiklis \/ tvirtinimas tarp priekini\u0173 \u017eibint\u0173Originalus numeris: 8W0807771PASTABA: auk\u0161\u010diau pateikti numeriai yra original\u016bs dali\u0173 numeriai, kuriuos \u0161is pasi\u016blymas pakei\u010dia. Prie\u0161 pirkdami, palyginkite juos su originaliu dalies numeriu. Jei jie skiriasi net vienu simboliu, dalis netiks, neveiks arba veiks netinkamai. Tokiu atveju jos nepirkite.Automobilis:Audi A4 B9 (8W2, 8WC) , modeliai, pagaminti nuo: 2015 m.Audi A4 B9 Avant (8W5, 8WD) , modeliai, pagaminti nuo: 2015 m.Gamintojas: pakaitalasTechnin\u0117 b\u016bkl\u0117: prek\u0117 yra visi\u0161kai nauja, nenaudota, nepa\u017eeista ir nesugadinta<\/p>\n","protected":false},"excerpt":{"rendered":"<p>1. Prek\u0117: groteli\u0173 laikiklis \/ tvirtinimas tarp priekini\u0173 \u017eibint\u01732. Gamintojas: pakeitimas3. Automobilis:Audi A4 B9 2015-<\/p>\n","protected":false},"featured_media":57979,"comment_status":"open","ping_status":"closed","template":"","meta":[],"product_brand":[],"product_cat":[390,144,3912,4079,4118,3952],"product_tag":[],"class_list":{"0":"post-57978","1":"product","2":"type-product","3":"status-publish","4":"has-post-thumbnail","6":"product_cat-audi-a4","7":"product_cat-audi","8":"product_cat-audi-a4-b9","9":"product_cat-audi-a4-b9-bamperiai-ju-dalys","10":"product_cat-audi-a4-b9-isores-groteles","11":"product_cat-audi-a4-b9-isores-dalys","13":"first","14":"instock","15":"shipping-taxable","16":"purchasable","17":"product-type-simple"},"yoast_head":"<!-- This site is optimized with the Yoast SEO Premium plugin v25.2 (Yoast SEO v27.3) - https:\/\/yoast.com\/product\/yoast-seo-premium-wordpress\/ -->\n<title>Audi A4 B9 2015- groteli\u0173 tvirtinimas tarp priekini\u0173 \u017eibint\u0173 - Erformance.eu<\/title>\n<meta name=\"robots\" content=\"index, follow, max-snippet:-1, max-image-preview:large, max-video-preview:-1\" \/>\n<link rel=\"canonical\" href=\"https:\/\/erformance.eu\/et\/toode\/audi-a4-b9-2015-groteliu-tvirtinimas-tarp-priekiniu-zibintu\/\" \/>\n<meta property=\"og:locale\" content=\"et_EE\" \/>\n<meta property=\"og:type\" content=\"article\" \/>\n<meta property=\"og:title\" content=\"Audi A4 B9 2015- groteli\u0173 tvirtinimas tarp priekini\u0173 \u017eibint\u0173\" \/>\n<meta property=\"og:description\" content=\"1. Prek\u0117: groteli\u0173 laikiklis \/ tvirtinimas tarp priekini\u0173 \u017eibint\u01732. Gamintojas: pakeitimas3. Automobilis:Audi A4 B9 2015-\" \/>\n<meta property=\"og:url\" content=\"https:\/\/erformance.eu\/et\/toode\/audi-a4-b9-2015-groteliu-tvirtinimas-tarp-priekiniu-zibintu\/\" \/>\n<meta property=\"og:site_name\" content=\"Erformance.eu\" \/>\n<meta property=\"article:modified_time\" content=\"2026-03-12T15:43:35+00:00\" \/>\n<meta property=\"og:image\" content=\"https:\/\/erformance.eu\/wp-content\/uploads\/2026\/02\/pol_pm_Audi-A4-B9-2015-mocowanie-grilla-atrapy-miedzy-reflektory-37745_4.jpg\" \/>\n\t<meta property=\"og:image:width\" content=\"1200\" \/>\n\t<meta property=\"og:image:height\" content=\"1200\" \/>\n\t<meta property=\"og:image:type\" content=\"image\/jpeg\" \/>\n<meta name=\"twitter:card\" content=\"summary_large_image\" \/>\n<script type=\"application\/ld+json\" class=\"yoast-schema-graph\">{\"@context\":\"https:\\\/\\\/schema.org\",\"@graph\":[{\"@type\":\"WebPage\",\"@id\":\"https:\\\/\\\/erformance.eu\\\/et\\\/toode\\\/audi-a4-b9-2015-groteliu-tvirtinimas-tarp-priekiniu-zibintu\\\/\",\"url\":\"https:\\\/\\\/erformance.eu\\\/et\\\/toode\\\/audi-a4-b9-2015-groteliu-tvirtinimas-tarp-priekiniu-zibintu\\\/\",\"name\":\"Audi A4 B9 2015- groteli\u0173 tvirtinimas tarp priekini\u0173 \u017eibint\u0173 - Erformance.eu\",\"isPartOf\":{\"@id\":\"https:\\\/\\\/erformance.eu\\\/et\\\/#website\"},\"primaryImageOfPage\":{\"@id\":\"https:\\\/\\\/erformance.eu\\\/et\\\/toode\\\/audi-a4-b9-2015-groteliu-tvirtinimas-tarp-priekiniu-zibintu\\\/#primaryimage\"},\"image\":{\"@id\":\"https:\\\/\\\/erformance.eu\\\/et\\\/toode\\\/audi-a4-b9-2015-groteliu-tvirtinimas-tarp-priekiniu-zibintu\\\/#primaryimage\"},\"thumbnailUrl\":\"https:\\\/\\\/erformance.eu\\\/wp-content\\\/uploads\\\/2026\\\/02\\\/pol_pm_Audi-A4-B9-2015-mocowanie-grilla-atrapy-miedzy-reflektory-37745_4.jpg\",\"datePublished\":\"2026-02-16T11:48:28+00:00\",\"dateModified\":\"2026-03-12T15:43:35+00:00\",\"breadcrumb\":{\"@id\":\"https:\\\/\\\/erformance.eu\\\/et\\\/toode\\\/audi-a4-b9-2015-groteliu-tvirtinimas-tarp-priekiniu-zibintu\\\/#breadcrumb\"},\"inLanguage\":\"et\",\"potentialAction\":[{\"@type\":\"ReadAction\",\"target\":[\"https:\\\/\\\/erformance.eu\\\/et\\\/toode\\\/audi-a4-b9-2015-groteliu-tvirtinimas-tarp-priekiniu-zibintu\\\/\"]}]},{\"@type\":\"ImageObject\",\"inLanguage\":\"et\",\"@id\":\"https:\\\/\\\/erformance.eu\\\/et\\\/toode\\\/audi-a4-b9-2015-groteliu-tvirtinimas-tarp-priekiniu-zibintu\\\/#primaryimage\",\"url\":\"https:\\\/\\\/erformance.eu\\\/wp-content\\\/uploads\\\/2026\\\/02\\\/pol_pm_Audi-A4-B9-2015-mocowanie-grilla-atrapy-miedzy-reflektory-37745_4.jpg\",\"contentUrl\":\"https:\\\/\\\/erformance.eu\\\/wp-content\\\/uploads\\\/2026\\\/02\\\/pol_pm_Audi-A4-B9-2015-mocowanie-grilla-atrapy-miedzy-reflektory-37745_4.jpg\",\"width\":1200,\"height\":1200},{\"@type\":\"BreadcrumbList\",\"@id\":\"https:\\\/\\\/erformance.eu\\\/et\\\/toode\\\/audi-a4-b9-2015-groteliu-tvirtinimas-tarp-priekiniu-zibintu\\\/#breadcrumb\",\"itemListElement\":[{\"@type\":\"ListItem\",\"position\":1,\"name\":\"Home\",\"item\":\"https:\\\/\\\/erformance.eu\\\/et\\\/\"},{\"@type\":\"ListItem\",\"position\":2,\"name\":\"Pood\",\"item\":\"https:\\\/\\\/erformance.eu\\\/et\\\/pood\\\/\"},{\"@type\":\"ListItem\",\"position\":3,\"name\":\"Audi A4 B9 2015- groteli\u0173 tvirtinimas tarp priekini\u0173 \u017eibint\u0173\"}]},{\"@type\":\"WebSite\",\"@id\":\"https:\\\/\\\/erformance.eu\\\/et\\\/#website\",\"url\":\"https:\\\/\\\/erformance.eu\\\/et\\\/\",\"name\":\"Erformance.eu\",\"description\":\"Automobili\u0173 dali\u0173 parduotuv\u0117\",\"potentialAction\":[{\"@type\":\"SearchAction\",\"target\":{\"@type\":\"EntryPoint\",\"urlTemplate\":\"https:\\\/\\\/erformance.eu\\\/et\\\/?s={search_term_string}\"},\"query-input\":{\"@type\":\"PropertyValueSpecification\",\"valueRequired\":true,\"valueName\":\"search_term_string\"}}],\"inLanguage\":\"et\"}]}<\/script>\n<!-- \/ Yoast SEO Premium plugin. -->","yoast_head_json":{"title":"Audi A4 B9 2015- groteli\u0173 tvirtinimas tarp priekini\u0173 \u017eibint\u0173 - Erformance.eu","robots":{"index":"index","follow":"follow","max-snippet":"max-snippet:-1","max-image-preview":"max-image-preview:large","max-video-preview":"max-video-preview:-1"},"canonical":"https:\/\/erformance.eu\/et\/toode\/audi-a4-b9-2015-groteliu-tvirtinimas-tarp-priekiniu-zibintu\/","og_locale":"et_EE","og_type":"article","og_title":"Audi A4 B9 2015- groteli\u0173 tvirtinimas tarp priekini\u0173 \u017eibint\u0173","og_description":"1. Prek\u0117: groteli\u0173 laikiklis \/ tvirtinimas tarp priekini\u0173 \u017eibint\u01732. Gamintojas: pakeitimas3. Automobilis:Audi A4 B9 2015-","og_url":"https:\/\/erformance.eu\/et\/toode\/audi-a4-b9-2015-groteliu-tvirtinimas-tarp-priekiniu-zibintu\/","og_site_name":"Erformance.eu","article_modified_time":"2026-03-12T15:43:35+00:00","og_image":[{"width":1200,"height":1200,"url":"https:\/\/erformance.eu\/wp-content\/uploads\/2026\/02\/pol_pm_Audi-A4-B9-2015-mocowanie-grilla-atrapy-miedzy-reflektory-37745_4.jpg","type":"image\/jpeg"}],"twitter_card":"summary_large_image","schema":{"@context":"https:\/\/schema.org","@graph":[{"@type":"WebPage","@id":"https:\/\/erformance.eu\/et\/toode\/audi-a4-b9-2015-groteliu-tvirtinimas-tarp-priekiniu-zibintu\/","url":"https:\/\/erformance.eu\/et\/toode\/audi-a4-b9-2015-groteliu-tvirtinimas-tarp-priekiniu-zibintu\/","name":"Audi A4 B9 2015- groteli\u0173 tvirtinimas tarp priekini\u0173 \u017eibint\u0173 - Erformance.eu","isPartOf":{"@id":"https:\/\/erformance.eu\/et\/#website"},"primaryImageOfPage":{"@id":"https:\/\/erformance.eu\/et\/toode\/audi-a4-b9-2015-groteliu-tvirtinimas-tarp-priekiniu-zibintu\/#primaryimage"},"image":{"@id":"https:\/\/erformance.eu\/et\/toode\/audi-a4-b9-2015-groteliu-tvirtinimas-tarp-priekiniu-zibintu\/#primaryimage"},"thumbnailUrl":"https:\/\/erformance.eu\/wp-content\/uploads\/2026\/02\/pol_pm_Audi-A4-B9-2015-mocowanie-grilla-atrapy-miedzy-reflektory-37745_4.jpg","datePublished":"2026-02-16T11:48:28+00:00","dateModified":"2026-03-12T15:43:35+00:00","breadcrumb":{"@id":"https:\/\/erformance.eu\/et\/toode\/audi-a4-b9-2015-groteliu-tvirtinimas-tarp-priekiniu-zibintu\/#breadcrumb"},"inLanguage":"et","potentialAction":[{"@type":"ReadAction","target":["https:\/\/erformance.eu\/et\/toode\/audi-a4-b9-2015-groteliu-tvirtinimas-tarp-priekiniu-zibintu\/"]}]},{"@type":"ImageObject","inLanguage":"et","@id":"https:\/\/erformance.eu\/et\/toode\/audi-a4-b9-2015-groteliu-tvirtinimas-tarp-priekiniu-zibintu\/#primaryimage","url":"https:\/\/erformance.eu\/wp-content\/uploads\/2026\/02\/pol_pm_Audi-A4-B9-2015-mocowanie-grilla-atrapy-miedzy-reflektory-37745_4.jpg","contentUrl":"https:\/\/erformance.eu\/wp-content\/uploads\/2026\/02\/pol_pm_Audi-A4-B9-2015-mocowanie-grilla-atrapy-miedzy-reflektory-37745_4.jpg","width":1200,"height":1200},{"@type":"BreadcrumbList","@id":"https:\/\/erformance.eu\/et\/toode\/audi-a4-b9-2015-groteliu-tvirtinimas-tarp-priekiniu-zibintu\/#breadcrumb","itemListElement":[{"@type":"ListItem","position":1,"name":"Home","item":"https:\/\/erformance.eu\/et\/"},{"@type":"ListItem","position":2,"name":"Pood","item":"https:\/\/erformance.eu\/et\/pood\/"},{"@type":"ListItem","position":3,"name":"Audi A4 B9 2015- groteli\u0173 tvirtinimas tarp priekini\u0173 \u017eibint\u0173"}]},{"@type":"WebSite","@id":"https:\/\/erformance.eu\/et\/#website","url":"https:\/\/erformance.eu\/et\/","name":"Erformance.eu","description":"Automobili\u0173 dali\u0173 parduotuv\u0117","potentialAction":[{"@type":"SearchAction","target":{"@type":"EntryPoint","urlTemplate":"https:\/\/erformance.eu\/et\/?s={search_term_string}"},"query-input":{"@type":"PropertyValueSpecification","valueRequired":true,"valueName":"search_term_string"}}],"inLanguage":"et"}]}},"jetpack_sharing_enabled":true,"_links":{"self":[{"href":"https:\/\/erformance.eu\/et\/wp-json\/wp\/v2\/product\/57978","targetHints":{"allow":["GET"]}}],"collection":[{"href":"https:\/\/erformance.eu\/et\/wp-json\/wp\/v2\/product"}],"about":[{"href":"https:\/\/erformance.eu\/et\/wp-json\/wp\/v2\/types\/product"}],"replies":[{"embeddable":true,"href":"https:\/\/erformance.eu\/et\/wp-json\/wp\/v2\/comments?post=57978"}],"version-history":[{"count":1,"href":"https:\/\/erformance.eu\/et\/wp-json\/wp\/v2\/product\/57978\/revisions"}],"predecessor-version":[{"id":57988,"href":"https:\/\/erformance.eu\/et\/wp-json\/wp\/v2\/product\/57978\/revisions\/57988"}],"wp:featuredmedia":[{"embeddable":true,"href":"https:\/\/erformance.eu\/et\/wp-json\/wp\/v2\/media\/57979"}],"wp:attachment":[{"href":"https:\/\/erformance.eu\/et\/wp-json\/wp\/v2\/media?parent=57978"}],"wp:term":[{"taxonomy":"product_brand","embeddable":true,"href":"https:\/\/erformance.eu\/et\/wp-json\/wp\/v2\/product_brand?post=57978"},{"taxonomy":"product_cat","embeddable":true,"href":"https:\/\/erformance.eu\/et\/wp-json\/wp\/v2\/product_cat?post=57978"},{"taxonomy":"product_tag","embeddable":true,"href":"https:\/\/erformance.eu\/et\/wp-json\/wp\/v2\/product_tag?post=57978"}],"curies":[{"name":"wp","href":"https:\/\/api.w.org\/{rel}","templated":true}]}}