{"id":58041,"date":"2026-02-16T14:48:51","date_gmt":"2026-02-16T11:48:51","guid":{"rendered":"https:\/\/erformance.eu\/?post_type=product&#038;p=58041"},"modified":"2026-03-12T18:42:16","modified_gmt":"2026-03-12T15:42:16","slug":"audi-a4-00-07-porankio-atvarto-mygtukas-juodas","status":"publish","type":"product","link":"https:\/\/erformance.eu\/et\/toode\/audi-a4-00-07-porankio-atvarto-mygtukas-juodas\/","title":{"rendered":"Audi A4 00-07 porankio atvarto mygtukas JUODAS"},"content":{"rendered":"<p>Prek\u0117: Porankio atvarto mygtukas<br \/>\nSpalva: juoda<br \/>\nAutomobilis:<\/p>\n<p>Audi A4 B6 , gamybos metai: 2000-2004<br \/>\nAudi A4 B7 , gamybos metai: 2004-2007<\/p>\n<p>Gamintojas: pakaitalas<br \/>\nTechnin\u0117 b\u016bkl\u0117: prek\u0117 yra visi\u0161kai nauja, nenaudota, nepa\u017eeista ir nesugadinta<\/p>\n","protected":false},"excerpt":{"rendered":"<p>1. Prek\u0117: Porankio atvarto mygtukas2. Gamintojas: pakeitimas3. Automobilis: * Audi A4 B6 00-04 * Audi A4 B7 04-07<\/p>\n","protected":false},"featured_media":0,"comment_status":"open","ping_status":"closed","template":"","meta":[],"product_brand":[],"product_cat":[390,144,3909,3910,4666,4665,3988,3989],"product_tag":[],"class_list":{"0":"post-58041","1":"product","2":"type-product","3":"status-publish","5":"product_cat-audi-a4","6":"product_cat-audi","7":"product_cat-audi-a4-b6","8":"product_cat-audi-a4-b7","9":"product_cat-audi-a4-b7-mygtukai-mechanizmai","10":"product_cat-audi-a4-b6-mygtukai-mechanizmai","11":"product_cat-audi-a4-b6-salono-dalys","12":"product_cat-audi-a4-b7-salono-dalys","14":"first","15":"instock","16":"shipping-taxable","17":"purchasable","18":"product-type-simple"},"yoast_head":"<!-- This site is optimized with the Yoast SEO Premium plugin v25.2 (Yoast SEO v27.3) - https:\/\/yoast.com\/product\/yoast-seo-premium-wordpress\/ -->\n<title>Audi A4 00-07 porankio atvarto mygtukas JUODAS - Erformance.eu<\/title>\n<meta name=\"robots\" content=\"index, follow, max-snippet:-1, max-image-preview:large, max-video-preview:-1\" \/>\n<link rel=\"canonical\" href=\"https:\/\/erformance.eu\/et\/toode\/audi-a4-00-07-porankio-atvarto-mygtukas-juodas\/\" \/>\n<meta property=\"og:locale\" content=\"et_EE\" \/>\n<meta property=\"og:type\" content=\"article\" \/>\n<meta property=\"og:title\" content=\"Audi A4 00-07 porankio atvarto mygtukas JUODAS\" \/>\n<meta property=\"og:description\" content=\"1. Prek\u0117: Porankio atvarto mygtukas2. Gamintojas: pakeitimas3. Automobilis: * Audi A4 B6 00-04 * Audi A4 B7 04-07\" \/>\n<meta property=\"og:url\" content=\"https:\/\/erformance.eu\/et\/toode\/audi-a4-00-07-porankio-atvarto-mygtukas-juodas\/\" \/>\n<meta property=\"og:site_name\" content=\"Erformance.eu\" \/>\n<meta property=\"article:modified_time\" content=\"2026-03-12T15:42:16+00:00\" \/>\n<meta name=\"twitter:card\" content=\"summary_large_image\" \/>\n<meta name=\"twitter:label1\" content=\"Est. reading time\" \/>\n\t<meta name=\"twitter:data1\" content=\"1 minut\" \/>\n<script type=\"application\/ld+json\" class=\"yoast-schema-graph\">{\"@context\":\"https:\\\/\\\/schema.org\",\"@graph\":[{\"@type\":\"WebPage\",\"@id\":\"https:\\\/\\\/erformance.eu\\\/et\\\/toode\\\/audi-a4-00-07-porankio-atvarto-mygtukas-juodas\\\/\",\"url\":\"https:\\\/\\\/erformance.eu\\\/et\\\/toode\\\/audi-a4-00-07-porankio-atvarto-mygtukas-juodas\\\/\",\"name\":\"Audi A4 00-07 porankio atvarto mygtukas JUODAS - Erformance.eu\",\"isPartOf\":{\"@id\":\"https:\\\/\\\/erformance.eu\\\/et\\\/#website\"},\"datePublished\":\"2026-02-16T11:48:51+00:00\",\"dateModified\":\"2026-03-12T15:42:16+00:00\",\"breadcrumb\":{\"@id\":\"https:\\\/\\\/erformance.eu\\\/et\\\/toode\\\/audi-a4-00-07-porankio-atvarto-mygtukas-juodas\\\/#breadcrumb\"},\"inLanguage\":\"et\",\"potentialAction\":[{\"@type\":\"ReadAction\",\"target\":[\"https:\\\/\\\/erformance.eu\\\/et\\\/toode\\\/audi-a4-00-07-porankio-atvarto-mygtukas-juodas\\\/\"]}]},{\"@type\":\"BreadcrumbList\",\"@id\":\"https:\\\/\\\/erformance.eu\\\/et\\\/toode\\\/audi-a4-00-07-porankio-atvarto-mygtukas-juodas\\\/#breadcrumb\",\"itemListElement\":[{\"@type\":\"ListItem\",\"position\":1,\"name\":\"Home\",\"item\":\"https:\\\/\\\/erformance.eu\\\/et\\\/\"},{\"@type\":\"ListItem\",\"position\":2,\"name\":\"Pood\",\"item\":\"https:\\\/\\\/erformance.eu\\\/et\\\/pood\\\/\"},{\"@type\":\"ListItem\",\"position\":3,\"name\":\"Audi A4 00-07 porankio atvarto mygtukas JUODAS\"}]},{\"@type\":\"WebSite\",\"@id\":\"https:\\\/\\\/erformance.eu\\\/et\\\/#website\",\"url\":\"https:\\\/\\\/erformance.eu\\\/et\\\/\",\"name\":\"Erformance.eu\",\"description\":\"Automobili\u0173 dali\u0173 parduotuv\u0117\",\"potentialAction\":[{\"@type\":\"SearchAction\",\"target\":{\"@type\":\"EntryPoint\",\"urlTemplate\":\"https:\\\/\\\/erformance.eu\\\/et\\\/?s={search_term_string}\"},\"query-input\":{\"@type\":\"PropertyValueSpecification\",\"valueRequired\":true,\"valueName\":\"search_term_string\"}}],\"inLanguage\":\"et\"}]}<\/script>\n<!-- \/ Yoast SEO Premium plugin. -->","yoast_head_json":{"title":"Audi A4 00-07 porankio atvarto mygtukas JUODAS - Erformance.eu","robots":{"index":"index","follow":"follow","max-snippet":"max-snippet:-1","max-image-preview":"max-image-preview:large","max-video-preview":"max-video-preview:-1"},"canonical":"https:\/\/erformance.eu\/et\/toode\/audi-a4-00-07-porankio-atvarto-mygtukas-juodas\/","og_locale":"et_EE","og_type":"article","og_title":"Audi A4 00-07 porankio atvarto mygtukas JUODAS","og_description":"1. Prek\u0117: Porankio atvarto mygtukas2. Gamintojas: pakeitimas3. Automobilis: * Audi A4 B6 00-04 * Audi A4 B7 04-07","og_url":"https:\/\/erformance.eu\/et\/toode\/audi-a4-00-07-porankio-atvarto-mygtukas-juodas\/","og_site_name":"Erformance.eu","article_modified_time":"2026-03-12T15:42:16+00:00","twitter_card":"summary_large_image","twitter_misc":{"Est. reading time":"1 minut"},"schema":{"@context":"https:\/\/schema.org","@graph":[{"@type":"WebPage","@id":"https:\/\/erformance.eu\/et\/toode\/audi-a4-00-07-porankio-atvarto-mygtukas-juodas\/","url":"https:\/\/erformance.eu\/et\/toode\/audi-a4-00-07-porankio-atvarto-mygtukas-juodas\/","name":"Audi A4 00-07 porankio atvarto mygtukas JUODAS - Erformance.eu","isPartOf":{"@id":"https:\/\/erformance.eu\/et\/#website"},"datePublished":"2026-02-16T11:48:51+00:00","dateModified":"2026-03-12T15:42:16+00:00","breadcrumb":{"@id":"https:\/\/erformance.eu\/et\/toode\/audi-a4-00-07-porankio-atvarto-mygtukas-juodas\/#breadcrumb"},"inLanguage":"et","potentialAction":[{"@type":"ReadAction","target":["https:\/\/erformance.eu\/et\/toode\/audi-a4-00-07-porankio-atvarto-mygtukas-juodas\/"]}]},{"@type":"BreadcrumbList","@id":"https:\/\/erformance.eu\/et\/toode\/audi-a4-00-07-porankio-atvarto-mygtukas-juodas\/#breadcrumb","itemListElement":[{"@type":"ListItem","position":1,"name":"Home","item":"https:\/\/erformance.eu\/et\/"},{"@type":"ListItem","position":2,"name":"Pood","item":"https:\/\/erformance.eu\/et\/pood\/"},{"@type":"ListItem","position":3,"name":"Audi A4 00-07 porankio atvarto mygtukas JUODAS"}]},{"@type":"WebSite","@id":"https:\/\/erformance.eu\/et\/#website","url":"https:\/\/erformance.eu\/et\/","name":"Erformance.eu","description":"Automobili\u0173 dali\u0173 parduotuv\u0117","potentialAction":[{"@type":"SearchAction","target":{"@type":"EntryPoint","urlTemplate":"https:\/\/erformance.eu\/et\/?s={search_term_string}"},"query-input":{"@type":"PropertyValueSpecification","valueRequired":true,"valueName":"search_term_string"}}],"inLanguage":"et"}]}},"jetpack_sharing_enabled":true,"_links":{"self":[{"href":"https:\/\/erformance.eu\/et\/wp-json\/wp\/v2\/product\/58041","targetHints":{"allow":["GET"]}}],"collection":[{"href":"https:\/\/erformance.eu\/et\/wp-json\/wp\/v2\/product"}],"about":[{"href":"https:\/\/erformance.eu\/et\/wp-json\/wp\/v2\/types\/product"}],"replies":[{"embeddable":true,"href":"https:\/\/erformance.eu\/et\/wp-json\/wp\/v2\/comments?post=58041"}],"version-history":[{"count":2,"href":"https:\/\/erformance.eu\/et\/wp-json\/wp\/v2\/product\/58041\/revisions"}],"predecessor-version":[{"id":65305,"href":"https:\/\/erformance.eu\/et\/wp-json\/wp\/v2\/product\/58041\/revisions\/65305"}],"wp:attachment":[{"href":"https:\/\/erformance.eu\/et\/wp-json\/wp\/v2\/media?parent=58041"}],"wp:term":[{"taxonomy":"product_brand","embeddable":true,"href":"https:\/\/erformance.eu\/et\/wp-json\/wp\/v2\/product_brand?post=58041"},{"taxonomy":"product_cat","embeddable":true,"href":"https:\/\/erformance.eu\/et\/wp-json\/wp\/v2\/product_cat?post=58041"},{"taxonomy":"product_tag","embeddable":true,"href":"https:\/\/erformance.eu\/et\/wp-json\/wp\/v2\/product_tag?post=58041"}],"curies":[{"name":"wp","href":"https:\/\/api.w.org\/{rel}","templated":true}]}}