{"id":58595,"date":"2026-02-16T14:52:01","date_gmt":"2026-02-16T11:52:01","guid":{"rendered":"https:\/\/erformance.eu\/?post_type=product&#038;p=58595"},"modified":"2026-05-11T22:09:18","modified_gmt":"2026-05-11T19:09:18","slug":"mercedes-w169-a-klases-08-12-vidaus-duru-rankena-priekine-galine-juoda-chromas-kaire","status":"publish","type":"product","link":"https:\/\/erformance.eu\/et\/toode\/mercedes-w169-a-klases-08-12-vidaus-duru-rankena-priekine-galine-juoda-chromas-kaire\/","title":{"rendered":"Mercedes W169 A klas\u0117s 08-12 vidaus dur\u0173 rankena priekin\u0117 = galin\u0117 JUODA + CHROMAS kair\u0117"},"content":{"rendered":"<p>Prek\u0117: Vidin\u0117 dur\u0173 rankena, tinkanti priekin\u0117ms ir galin\u0117ms durims<br \/>\nPus\u0117: Kair\u0117 (vairuotojo pus\u0117)<br \/>\nOriginalus numeris:<\/p>\n<p>A1697600961<br \/>\nA1697600308<br \/>\n1697600961<br \/>\n1697600308<\/p>\n<p>PASTABA: auk\u0161\u010diau pateikti numeriai yra original\u016bs dali\u0173 numeriai, kuriuos \u0161is pasi\u016blymas pakei\u010dia. Prie\u0161 pirkdami, palyginkite juos su originaliu dalies numeriu. Jei jie skiriasi net vienu simboliu, dalis netiks, neveiks arba veiks netinkamai. Tokiu atveju jos nepirkite.<br \/>\nSpalva: juodas korpusas, blizgi chromuota rankena<br \/>\nAutomobilis:<\/p>\n<p>\u201eMercedes-Benz A-CLASS\u201c (W169), pagaminimo metai: 2008\u20132012<br \/>\n\u201eMercedes-Benz B-CLASS Sports Tourer\u201c (W245), pagaminimo metai: 2008\u20132011<\/p>\n<p>Gamintojas: pakaitalas<br \/>\nTechnin\u0117 b\u016bkl\u0117: prek\u0117 yra visi\u0161kai nauja, nenaudota, nepa\u017eeista ir nesugadinta<\/p>\n","protected":false},"excerpt":{"rendered":"<p>1. Prek\u0117: Priekini\u0173 = galini\u0173 dur\u0173 vidin\u0117 rankena2. Pus\u0117: kair\u01173. Spalva: juoda + chromas4. Gamintojas: pakeitimas5. Automobilis: * \u201eMercedes W169 A\u201c klas\u0117 08\u201312 * \u201eMercedes W245 B\u201c klas\u0117 08\u201311<\/p>\n","protected":false},"featured_media":58596,"comment_status":"open","ping_status":"closed","template":"","meta":[],"product_brand":[],"product_cat":[4864,145,6363,6212,4887],"product_tag":[],"class_list":{"0":"post-58595","1":"product","2":"type-product","3":"status-publish","4":"has-post-thumbnail","6":"product_cat-mb-a-klase","7":"product_cat-mercedes-benz","8":"product_cat-mb-w169-salono-dalys-rankenos","9":"product_cat-mb-w169-salono-dalys","10":"product_cat-mb-w169","12":"first","13":"instock","14":"shipping-taxable","15":"purchasable","16":"product-type-simple"},"yoast_head":"<!-- This site is optimized with the Yoast SEO Premium plugin v25.2 (Yoast SEO v27.6) - https:\/\/yoast.com\/product\/yoast-seo-premium-wordpress\/ -->\n<title>Mercedes W169 A klas\u0117s 08-12 vidaus dur\u0173 rankena priekin\u0117 = galin\u0117 JUODA + CHROMAS kair\u0117 - Erformance.eu<\/title>\n<meta name=\"robots\" content=\"index, follow, max-snippet:-1, max-image-preview:large, max-video-preview:-1\" \/>\n<link rel=\"canonical\" href=\"https:\/\/erformance.eu\/et\/toode\/mercedes-w169-a-klases-08-12-vidaus-duru-rankena-priekine-galine-juoda-chromas-kaire\/\" \/>\n<meta property=\"og:locale\" content=\"et_EE\" \/>\n<meta property=\"og:type\" content=\"article\" \/>\n<meta property=\"og:title\" content=\"Mercedes W169 A klas\u0117s 08-12 vidaus dur\u0173 rankena priekin\u0117 = galin\u0117 JUODA + CHROMAS kair\u0117\" \/>\n<meta property=\"og:description\" content=\"1. Prek\u0117: Priekini\u0173 = galini\u0173 dur\u0173 vidin\u0117 rankena2. Pus\u0117: kair\u01173. Spalva: juoda + chromas4. Gamintojas: pakeitimas5. Automobilis: * \u201eMercedes W169 A\u201c klas\u0117 08\u201312 * \u201eMercedes W245 B\u201c klas\u0117 08\u201311\" \/>\n<meta property=\"og:url\" content=\"https:\/\/erformance.eu\/et\/toode\/mercedes-w169-a-klases-08-12-vidaus-duru-rankena-priekine-galine-juoda-chromas-kaire\/\" \/>\n<meta property=\"og:site_name\" content=\"Erformance.eu\" \/>\n<meta property=\"article:modified_time\" content=\"2026-05-11T19:09:18+00:00\" \/>\n<meta property=\"og:image\" content=\"https:\/\/erformance.eu\/wp-content\/uploads\/2026\/02\/pol_pm_Mercedes-W169-A-Klasa-08-12-klamka-wewnetrzna-drzwi-przednich-tylnych-CZARNA-CHROM-lewa-25432_1.jpg\" \/>\n\t<meta property=\"og:image:width\" content=\"1200\" \/>\n\t<meta property=\"og:image:height\" content=\"1200\" \/>\n\t<meta property=\"og:image:type\" content=\"image\/jpeg\" \/>\n<meta name=\"twitter:card\" content=\"summary_large_image\" \/>\n<meta name=\"twitter:label1\" content=\"Est. reading time\" \/>\n\t<meta name=\"twitter:data1\" content=\"1 minut\" \/>\n<script type=\"application\/ld+json\" class=\"yoast-schema-graph\">{\"@context\":\"https:\\\/\\\/schema.org\",\"@graph\":[{\"@type\":\"WebPage\",\"@id\":\"https:\\\/\\\/erformance.eu\\\/et\\\/toode\\\/mercedes-w169-a-klases-08-12-vidaus-duru-rankena-priekine-galine-juoda-chromas-kaire\\\/\",\"url\":\"https:\\\/\\\/erformance.eu\\\/et\\\/toode\\\/mercedes-w169-a-klases-08-12-vidaus-duru-rankena-priekine-galine-juoda-chromas-kaire\\\/\",\"name\":\"Mercedes W169 A klas\u0117s 08-12 vidaus dur\u0173 rankena priekin\u0117 = galin\u0117 JUODA + CHROMAS kair\u0117 - Erformance.eu\",\"isPartOf\":{\"@id\":\"https:\\\/\\\/erformance.eu\\\/et\\\/#website\"},\"primaryImageOfPage\":{\"@id\":\"https:\\\/\\\/erformance.eu\\\/et\\\/toode\\\/mercedes-w169-a-klases-08-12-vidaus-duru-rankena-priekine-galine-juoda-chromas-kaire\\\/#primaryimage\"},\"image\":{\"@id\":\"https:\\\/\\\/erformance.eu\\\/et\\\/toode\\\/mercedes-w169-a-klases-08-12-vidaus-duru-rankena-priekine-galine-juoda-chromas-kaire\\\/#primaryimage\"},\"thumbnailUrl\":\"https:\\\/\\\/erformance.eu\\\/wp-content\\\/uploads\\\/2026\\\/02\\\/pol_pm_Mercedes-W169-A-Klasa-08-12-klamka-wewnetrzna-drzwi-przednich-tylnych-CZARNA-CHROM-lewa-25432_1.jpg\",\"datePublished\":\"2026-02-16T11:52:01+00:00\",\"dateModified\":\"2026-05-11T19:09:18+00:00\",\"breadcrumb\":{\"@id\":\"https:\\\/\\\/erformance.eu\\\/et\\\/toode\\\/mercedes-w169-a-klases-08-12-vidaus-duru-rankena-priekine-galine-juoda-chromas-kaire\\\/#breadcrumb\"},\"inLanguage\":\"et\",\"potentialAction\":[{\"@type\":\"ReadAction\",\"target\":[\"https:\\\/\\\/erformance.eu\\\/et\\\/toode\\\/mercedes-w169-a-klases-08-12-vidaus-duru-rankena-priekine-galine-juoda-chromas-kaire\\\/\"]}]},{\"@type\":\"ImageObject\",\"inLanguage\":\"et\",\"@id\":\"https:\\\/\\\/erformance.eu\\\/et\\\/toode\\\/mercedes-w169-a-klases-08-12-vidaus-duru-rankena-priekine-galine-juoda-chromas-kaire\\\/#primaryimage\",\"url\":\"https:\\\/\\\/erformance.eu\\\/wp-content\\\/uploads\\\/2026\\\/02\\\/pol_pm_Mercedes-W169-A-Klasa-08-12-klamka-wewnetrzna-drzwi-przednich-tylnych-CZARNA-CHROM-lewa-25432_1.jpg\",\"contentUrl\":\"https:\\\/\\\/erformance.eu\\\/wp-content\\\/uploads\\\/2026\\\/02\\\/pol_pm_Mercedes-W169-A-Klasa-08-12-klamka-wewnetrzna-drzwi-przednich-tylnych-CZARNA-CHROM-lewa-25432_1.jpg\",\"width\":1200,\"height\":1200},{\"@type\":\"BreadcrumbList\",\"@id\":\"https:\\\/\\\/erformance.eu\\\/et\\\/toode\\\/mercedes-w169-a-klases-08-12-vidaus-duru-rankena-priekine-galine-juoda-chromas-kaire\\\/#breadcrumb\",\"itemListElement\":[{\"@type\":\"ListItem\",\"position\":1,\"name\":\"Home\",\"item\":\"https:\\\/\\\/erformance.eu\\\/et\\\/\"},{\"@type\":\"ListItem\",\"position\":2,\"name\":\"Pood\",\"item\":\"https:\\\/\\\/erformance.eu\\\/et\\\/pood\\\/\"},{\"@type\":\"ListItem\",\"position\":3,\"name\":\"Mercedes W169 A klas\u0117s 08-12 vidaus dur\u0173 rankena priekin\u0117 = galin\u0117 JUODA + CHROMAS kair\u0117\"}]},{\"@type\":\"WebSite\",\"@id\":\"https:\\\/\\\/erformance.eu\\\/et\\\/#website\",\"url\":\"https:\\\/\\\/erformance.eu\\\/et\\\/\",\"name\":\"Erformance.eu\",\"description\":\"Automobili\u0173 dali\u0173 parduotuv\u0117\",\"potentialAction\":[{\"@type\":\"SearchAction\",\"target\":{\"@type\":\"EntryPoint\",\"urlTemplate\":\"https:\\\/\\\/erformance.eu\\\/et\\\/?s={search_term_string}\"},\"query-input\":{\"@type\":\"PropertyValueSpecification\",\"valueRequired\":true,\"valueName\":\"search_term_string\"}}],\"inLanguage\":\"et\"}]}<\/script>\n<!-- \/ Yoast SEO Premium plugin. -->","yoast_head_json":{"title":"Mercedes W169 A klas\u0117s 08-12 vidaus dur\u0173 rankena priekin\u0117 = galin\u0117 JUODA + CHROMAS kair\u0117 - Erformance.eu","robots":{"index":"index","follow":"follow","max-snippet":"max-snippet:-1","max-image-preview":"max-image-preview:large","max-video-preview":"max-video-preview:-1"},"canonical":"https:\/\/erformance.eu\/et\/toode\/mercedes-w169-a-klases-08-12-vidaus-duru-rankena-priekine-galine-juoda-chromas-kaire\/","og_locale":"et_EE","og_type":"article","og_title":"Mercedes W169 A klas\u0117s 08-12 vidaus dur\u0173 rankena priekin\u0117 = galin\u0117 JUODA + CHROMAS kair\u0117","og_description":"1. Prek\u0117: Priekini\u0173 = galini\u0173 dur\u0173 vidin\u0117 rankena2. Pus\u0117: kair\u01173. Spalva: juoda + chromas4. Gamintojas: pakeitimas5. Automobilis: * \u201eMercedes W169 A\u201c klas\u0117 08\u201312 * \u201eMercedes W245 B\u201c klas\u0117 08\u201311","og_url":"https:\/\/erformance.eu\/et\/toode\/mercedes-w169-a-klases-08-12-vidaus-duru-rankena-priekine-galine-juoda-chromas-kaire\/","og_site_name":"Erformance.eu","article_modified_time":"2026-05-11T19:09:18+00:00","og_image":[{"width":1200,"height":1200,"url":"https:\/\/erformance.eu\/wp-content\/uploads\/2026\/02\/pol_pm_Mercedes-W169-A-Klasa-08-12-klamka-wewnetrzna-drzwi-przednich-tylnych-CZARNA-CHROM-lewa-25432_1.jpg","type":"image\/jpeg"}],"twitter_card":"summary_large_image","twitter_misc":{"Est. reading time":"1 minut"},"schema":{"@context":"https:\/\/schema.org","@graph":[{"@type":"WebPage","@id":"https:\/\/erformance.eu\/et\/toode\/mercedes-w169-a-klases-08-12-vidaus-duru-rankena-priekine-galine-juoda-chromas-kaire\/","url":"https:\/\/erformance.eu\/et\/toode\/mercedes-w169-a-klases-08-12-vidaus-duru-rankena-priekine-galine-juoda-chromas-kaire\/","name":"Mercedes W169 A klas\u0117s 08-12 vidaus dur\u0173 rankena priekin\u0117 = galin\u0117 JUODA + CHROMAS kair\u0117 - Erformance.eu","isPartOf":{"@id":"https:\/\/erformance.eu\/et\/#website"},"primaryImageOfPage":{"@id":"https:\/\/erformance.eu\/et\/toode\/mercedes-w169-a-klases-08-12-vidaus-duru-rankena-priekine-galine-juoda-chromas-kaire\/#primaryimage"},"image":{"@id":"https:\/\/erformance.eu\/et\/toode\/mercedes-w169-a-klases-08-12-vidaus-duru-rankena-priekine-galine-juoda-chromas-kaire\/#primaryimage"},"thumbnailUrl":"https:\/\/erformance.eu\/wp-content\/uploads\/2026\/02\/pol_pm_Mercedes-W169-A-Klasa-08-12-klamka-wewnetrzna-drzwi-przednich-tylnych-CZARNA-CHROM-lewa-25432_1.jpg","datePublished":"2026-02-16T11:52:01+00:00","dateModified":"2026-05-11T19:09:18+00:00","breadcrumb":{"@id":"https:\/\/erformance.eu\/et\/toode\/mercedes-w169-a-klases-08-12-vidaus-duru-rankena-priekine-galine-juoda-chromas-kaire\/#breadcrumb"},"inLanguage":"et","potentialAction":[{"@type":"ReadAction","target":["https:\/\/erformance.eu\/et\/toode\/mercedes-w169-a-klases-08-12-vidaus-duru-rankena-priekine-galine-juoda-chromas-kaire\/"]}]},{"@type":"ImageObject","inLanguage":"et","@id":"https:\/\/erformance.eu\/et\/toode\/mercedes-w169-a-klases-08-12-vidaus-duru-rankena-priekine-galine-juoda-chromas-kaire\/#primaryimage","url":"https:\/\/erformance.eu\/wp-content\/uploads\/2026\/02\/pol_pm_Mercedes-W169-A-Klasa-08-12-klamka-wewnetrzna-drzwi-przednich-tylnych-CZARNA-CHROM-lewa-25432_1.jpg","contentUrl":"https:\/\/erformance.eu\/wp-content\/uploads\/2026\/02\/pol_pm_Mercedes-W169-A-Klasa-08-12-klamka-wewnetrzna-drzwi-przednich-tylnych-CZARNA-CHROM-lewa-25432_1.jpg","width":1200,"height":1200},{"@type":"BreadcrumbList","@id":"https:\/\/erformance.eu\/et\/toode\/mercedes-w169-a-klases-08-12-vidaus-duru-rankena-priekine-galine-juoda-chromas-kaire\/#breadcrumb","itemListElement":[{"@type":"ListItem","position":1,"name":"Home","item":"https:\/\/erformance.eu\/et\/"},{"@type":"ListItem","position":2,"name":"Pood","item":"https:\/\/erformance.eu\/et\/pood\/"},{"@type":"ListItem","position":3,"name":"Mercedes W169 A klas\u0117s 08-12 vidaus dur\u0173 rankena priekin\u0117 = galin\u0117 JUODA + CHROMAS kair\u0117"}]},{"@type":"WebSite","@id":"https:\/\/erformance.eu\/et\/#website","url":"https:\/\/erformance.eu\/et\/","name":"Erformance.eu","description":"Automobili\u0173 dali\u0173 parduotuv\u0117","potentialAction":[{"@type":"SearchAction","target":{"@type":"EntryPoint","urlTemplate":"https:\/\/erformance.eu\/et\/?s={search_term_string}"},"query-input":{"@type":"PropertyValueSpecification","valueRequired":true,"valueName":"search_term_string"}}],"inLanguage":"et"}]}},"jetpack_sharing_enabled":true,"_links":{"self":[{"href":"https:\/\/erformance.eu\/et\/wp-json\/wp\/v2\/product\/58595","targetHints":{"allow":["GET"]}}],"collection":[{"href":"https:\/\/erformance.eu\/et\/wp-json\/wp\/v2\/product"}],"about":[{"href":"https:\/\/erformance.eu\/et\/wp-json\/wp\/v2\/types\/product"}],"replies":[{"embeddable":true,"href":"https:\/\/erformance.eu\/et\/wp-json\/wp\/v2\/comments?post=58595"}],"version-history":[{"count":1,"href":"https:\/\/erformance.eu\/et\/wp-json\/wp\/v2\/product\/58595\/revisions"}],"predecessor-version":[{"id":58602,"href":"https:\/\/erformance.eu\/et\/wp-json\/wp\/v2\/product\/58595\/revisions\/58602"}],"wp:featuredmedia":[{"embeddable":true,"href":"https:\/\/erformance.eu\/et\/wp-json\/wp\/v2\/media\/58596"}],"wp:attachment":[{"href":"https:\/\/erformance.eu\/et\/wp-json\/wp\/v2\/media?parent=58595"}],"wp:term":[{"taxonomy":"product_brand","embeddable":true,"href":"https:\/\/erformance.eu\/et\/wp-json\/wp\/v2\/product_brand?post=58595"},{"taxonomy":"product_cat","embeddable":true,"href":"https:\/\/erformance.eu\/et\/wp-json\/wp\/v2\/product_cat?post=58595"},{"taxonomy":"product_tag","embeddable":true,"href":"https:\/\/erformance.eu\/et\/wp-json\/wp\/v2\/product_tag?post=58595"}],"curies":[{"name":"wp","href":"https:\/\/api.w.org\/{rel}","templated":true}]}}