{"id":58733,"date":"2026-02-16T14:52:53","date_gmt":"2026-02-16T11:52:53","guid":{"rendered":"https:\/\/erformance.eu\/?post_type=product&#038;p=58733"},"modified":"2026-03-10T02:13:33","modified_gmt":"2026-03-09T23:13:33","slug":"audi-a3-a4-a5-a6-a7-q2-q3-q5-q7-tt-sedynes-reguliavimo-rankenele-juoda","status":"publish","type":"product","link":"https:\/\/erformance.eu\/et\/toode\/audi-a3-a4-a5-a6-a7-q2-q3-q5-q7-tt-sedynes-reguliavimo-rankenele-juoda\/","title":{"rendered":"Audi A3 A4 A5 A6 A7 Q2 Q3 Q5 Q7 TT s\u0117dyn\u0117s reguliavimo ranken\u0117l\u0117 JUODA"},"content":{"rendered":"<p>Prek\u0117: S\u0117dyn\u0117s reguliavimo ranken\u0117l\u0117<br \/>\nOriginalus numeris:<\/p>\n<p>8K08816714PK<br \/>\n8K0881671 4PK<br \/>\n8K0881671<\/p>\n<p>PASTABA: auk\u0161\u010diau pateikti numeriai yra original\u016bs dali\u0173 numeriai, kuriuos \u0161is pasi\u016blymas pakei\u010dia. Prie\u0161 pirkdami, palyginkite juos su originaliu dalies numeriu. Jei jie skiriasi net vienu simboliu, dalis netiks, neveiks arba veiks netinkamai. Tokiu atveju jos nepirkite.<br \/>\nAutomobilis:<\/p>\n<p>\u201eAudi A3 8V\u201c, modeliai, pagaminti nuo 2013 m.<br \/>\n\u201eAudi A4 B8\u201c, pagaminimo metai: 2007\u20132015<br \/>\n\u201eAudi A5 8T\u201c, pagaminimo metai: 2007\u20132016<br \/>\nAudi A6 C7, gamybos metai: 2011-2018<br \/>\n\u201eAudi A7 4G\u201c, pagaminimo metai: 2010\u20132017<br \/>\n\u201eAudi Q2 GA\u201c, modeliai, pagaminti nuo 2016 m.<br \/>\n\u201eAudi Q3 8U\u201c, modeliai, pagaminti nuo 2011 m.<br \/>\n\u201eAudi Q5 8R\u201c, modeliai, pagaminti nuo 2009 m.<br \/>\n\u201eAudi Q7 4M\u201c, modeliai, pagaminti nuo 2016 m.<br \/>\n\u201eAudi TT FV\u201c, modeliai, pagaminti nuo 2015 m.<br \/>\n\u201eSeat Alhambra\u201c, gamybos metai: 2011\u20132016<br \/>\n\u201eSeat Leon IV\u201c, gamybos metai: 2013\u20132016<br \/>\n\u201eSkoda Octavia 5E\u201c, pagaminimo metai: 2013\u20132019<br \/>\nSkoda Superb 3T 3V, gamybos metai: 2008-2019<br \/>\nSkoda Yeti 5L, gamybos metai: 2010-2018<br \/>\nVW Golf VII, pagaminimo metai: 2013\u20132017<br \/>\nVW Passat B7, pagaminimo metai: 2010\u20132015<br \/>\nVW Passat CC, pagaminimo metai: 2009\u20132012<br \/>\nVW Sharan 7N, pagaminimo metai: 2011\u20132009<br \/>\nVW Tiguan 5N, pagaminimo metai: 2008\u20132018<\/p>\n<p>Spalva: juoda<br \/>\nMatmenys:<\/p>\n<p>i\u0161orinis skersmuo: 82 mm<br \/>\nmontavimo skersmuo: 53 mm<\/p>\n<p>Gamintojas: pakaitalas<br \/>\nTechnin\u0117 b\u016bkl\u0117: prek\u0117 yra visi\u0161kai nauja, nenaudota, nepa\u017eeista ir nesugadinta<\/p>\n","protected":false},"excerpt":{"rendered":"<p>1. Prek\u0117: S\u0117dyn\u0117s reguliavimo ranken\u0117l\u01172. Gamintojas: pakeitimas3. Spalva: juoda4. Automobilis:* Audi A3 8V* Audi A4 B8* Audi A5 8T* Audi A6 C7* Audi A7 4G* Audi Q2 GA* Audi Q3 8U* Audi Q5 8R* Audi Q7 4M* Audi TT FV<\/p>\n","protected":false},"featured_media":58734,"comment_status":"open","ping_status":"closed","template":"","meta":[],"product_brand":[],"product_cat":[3920,3921,3930,3931,3933,3905,3934,3906,3928,3927,3907,186,390,391,394,395,144,3908,3909,3910,3911,3913,3914,3916,3917,3918,3919,3935,3929,3926,397,398,399,400,4648,4635,4625,4644,4631,4650,4636,4626,4645,4632,4622,4651,4637,4627,4646,4633,4623,4638,4628,4647,4634,4624,4643,4630,4012,3998,3988,4007,3994,3984,4013,3999,3989,4008,3995,3985,4000,3990,4009,3996,3986,4005,3992,4010,3997,3987,4006,3993,401],"product_tag":[],"class_list":{"0":"post-58733","1":"product","2":"type-product","3":"status-publish","4":"has-post-thumbnail","6":"product_cat-audi-a7-4g","7":"product_cat-audi-a7-4k","8":"product_cat-audi-q7-4l","9":"product_cat-audi-q7-4m","10":"product_cat-audi-tt-8j","11":"product_cat-audi-a3-8l","12":"product_cat-audi-tt-8n","13":"product_cat-audi-a3-8p","14":"product_cat-audi-q5-8r","15":"product_cat-audi-q3-8u","16":"product_cat-audi-a3-8v","17":"product_cat-a3","18":"product_cat-audi-a4","19":"product_cat-audi-a5","20":"product_cat-audi-a6","21":"product_cat-audi-a7","22":"product_cat-audi","23":"product_cat-audi-a4-b5","24":"product_cat-audi-a4-b6","25":"product_cat-audi-a4-b7","26":"product_cat-audi-a4-b8","27":"product_cat-audi-a5-b8-8t","28":"product_cat-audi-a5-b9-f5","29":"product_cat-audi-a6-c4","30":"product_cat-audi-a6-c5","31":"product_cat-audi-a6-c6","32":"product_cat-audi-a6-c7","33":"product_cat-audi-a6-c8","34":"product_cat-audi-q5-fy","35":"product_cat-audi-q2-ga","36":"product_cat-audi-q2","37":"product_cat-audi-q3","38":"product_cat-audi-q5","39":"product_cat-audi-q7","40":"product_cat-audi-q7-4m-rankenos","41":"product_cat-audi-a6-c7-rankenos","42":"product_cat-audi-a4-b5-rankenos","43":"product_cat-audi-q3-8u-rankenos","44":"product_cat-audi-a5-b9-f5-rankenos","45":"product_cat-audi-tt-8j-rankenos","46":"product_cat-audi-a6-c8-rankenos","47":"product_cat-audi-a4-b6-rankenos","48":"product_cat-audi-q5-8r-rankenos","49":"product_cat-audi-a6-c4-rankenos","50":"product_cat-audi-a3-8l-rankenos","51":"product_cat-audi-tt-8n-rankenos","52":"product_cat-audi-a7-4g-rankenos","53":"product_cat-audi-a4-b7-rankenos","54":"product_cat-audi-q5-fy-rankenos","55":"product_cat-audi-a6-c5-rankenos","56":"product_cat-audi-a3-8p-rankenos","57":"product_cat-audi-a7-4k-rankenos","58":"product_cat-audi-a4-b8-rankenos","59":"product_cat-audi-q7-4l-rankenos","60":"product_cat-audi-a6-c6-rankenos","61":"product_cat-audi-a3-8v-rankenos","62":"product_cat-audi-q2-ga-rankenos","63":"product_cat-audi-a5-b8-8t-rankenos","64":"product_cat-audi-tt-8j-salono-dalys","65":"product_cat-audi-a6-c8-salono-dalys","66":"product_cat-audi-a4-b6-salono-dalys","67":"product_cat-audi-q5-8r-salono-dalys","68":"product_cat-audi-a6-c4-salono-dalys","69":"product_cat-audi-a3-8l-salono-dalys","70":"product_cat-audi-tt-8n-salono-dalys","71":"product_cat-audi-a7-4g-salono-dalys","72":"product_cat-audi-a4-b7-salono-dalys","73":"product_cat-audi-q5-fy-salono-dalys","74":"product_cat-audi-a6-c5-salono-dalys","75":"product_cat-audi-a3-8p-salono-dalys","76":"product_cat-audi-a7-4k-salono-dalys","77":"product_cat-audi-a4-b8-salono-dalys","78":"product_cat-audi-q7-4l-salono-dalys","79":"product_cat-audi-a6-c6-salono-dalys","80":"product_cat-audi-a3-8v-salono-dalys","81":"product_cat-audi-q2-ga-salono-dalys","82":"product_cat-audi-a5-b8-8t-salono-dalys","83":"product_cat-audi-q7-4m-salono-dalys","84":"product_cat-audi-a6-c7-salono-dalys","85":"product_cat-audi-a4-b5-salono-dalys","86":"product_cat-audi-q3-8u-salono-dalys","87":"product_cat-audi-a5-b9-f5-salono-dalys","88":"product_cat-audi-tt","90":"first","91":"instock","92":"shipping-taxable","93":"purchasable","94":"product-type-simple"},"yoast_head":"<!-- This site is optimized with the Yoast SEO Premium plugin v25.2 (Yoast SEO v27.5) - https:\/\/yoast.com\/product\/yoast-seo-premium-wordpress\/ -->\n<title>Audi A3 A4 A5 A6 A7 Q2 Q3 Q5 Q7 TT s\u0117dyn\u0117s reguliavimo ranken\u0117l\u0117 JUODA - Erformance.eu<\/title>\n<meta name=\"robots\" content=\"index, follow, max-snippet:-1, max-image-preview:large, max-video-preview:-1\" \/>\n<link rel=\"canonical\" href=\"https:\/\/erformance.eu\/et\/toode\/audi-a3-a4-a5-a6-a7-q2-q3-q5-q7-tt-sedynes-reguliavimo-rankenele-juoda\/\" \/>\n<meta property=\"og:locale\" content=\"et_EE\" \/>\n<meta property=\"og:type\" content=\"article\" \/>\n<meta property=\"og:title\" content=\"Audi A3 A4 A5 A6 A7 Q2 Q3 Q5 Q7 TT s\u0117dyn\u0117s reguliavimo ranken\u0117l\u0117 JUODA\" \/>\n<meta property=\"og:description\" content=\"1. Prek\u0117: S\u0117dyn\u0117s reguliavimo ranken\u0117l\u01172. Gamintojas: pakeitimas3. Spalva: juoda4. Automobilis:* Audi A3 8V* Audi A4 B8* Audi A5 8T* Audi A6 C7* Audi A7 4G* Audi Q2 GA* Audi Q3 8U* Audi Q5 8R* Audi Q7 4M* Audi TT FV\" \/>\n<meta property=\"og:url\" content=\"https:\/\/erformance.eu\/et\/toode\/audi-a3-a4-a5-a6-a7-q2-q3-q5-q7-tt-sedynes-reguliavimo-rankenele-juoda\/\" \/>\n<meta property=\"og:site_name\" content=\"Erformance.eu\" \/>\n<meta property=\"article:modified_time\" content=\"2026-03-09T23:13:33+00:00\" \/>\n<meta property=\"og:image\" content=\"https:\/\/erformance.eu\/wp-content\/uploads\/2026\/02\/pol_pm_Audi-A3-A4-A5-A6-A7-Q2-Q3-Q5-Q7-TT-pokretlo-regulacji-fotela-CZARNE-28353_1.jpg\" \/>\n\t<meta property=\"og:image:width\" content=\"1200\" \/>\n\t<meta property=\"og:image:height\" content=\"1200\" \/>\n\t<meta property=\"og:image:type\" content=\"image\/jpeg\" \/>\n<meta name=\"twitter:card\" content=\"summary_large_image\" \/>\n<meta name=\"twitter:label1\" content=\"Est. reading time\" \/>\n\t<meta name=\"twitter:data1\" content=\"1 minut\" \/>\n<script type=\"application\/ld+json\" class=\"yoast-schema-graph\">{\"@context\":\"https:\\\/\\\/schema.org\",\"@graph\":[{\"@type\":\"WebPage\",\"@id\":\"https:\\\/\\\/erformance.eu\\\/et\\\/toode\\\/audi-a3-a4-a5-a6-a7-q2-q3-q5-q7-tt-sedynes-reguliavimo-rankenele-juoda\\\/\",\"url\":\"https:\\\/\\\/erformance.eu\\\/et\\\/toode\\\/audi-a3-a4-a5-a6-a7-q2-q3-q5-q7-tt-sedynes-reguliavimo-rankenele-juoda\\\/\",\"name\":\"Audi A3 A4 A5 A6 A7 Q2 Q3 Q5 Q7 TT s\u0117dyn\u0117s reguliavimo ranken\u0117l\u0117 JUODA - Erformance.eu\",\"isPartOf\":{\"@id\":\"https:\\\/\\\/erformance.eu\\\/et\\\/#website\"},\"primaryImageOfPage\":{\"@id\":\"https:\\\/\\\/erformance.eu\\\/et\\\/toode\\\/audi-a3-a4-a5-a6-a7-q2-q3-q5-q7-tt-sedynes-reguliavimo-rankenele-juoda\\\/#primaryimage\"},\"image\":{\"@id\":\"https:\\\/\\\/erformance.eu\\\/et\\\/toode\\\/audi-a3-a4-a5-a6-a7-q2-q3-q5-q7-tt-sedynes-reguliavimo-rankenele-juoda\\\/#primaryimage\"},\"thumbnailUrl\":\"https:\\\/\\\/erformance.eu\\\/wp-content\\\/uploads\\\/2026\\\/02\\\/pol_pm_Audi-A3-A4-A5-A6-A7-Q2-Q3-Q5-Q7-TT-pokretlo-regulacji-fotela-CZARNE-28353_1.jpg\",\"datePublished\":\"2026-02-16T11:52:53+00:00\",\"dateModified\":\"2026-03-09T23:13:33+00:00\",\"breadcrumb\":{\"@id\":\"https:\\\/\\\/erformance.eu\\\/et\\\/toode\\\/audi-a3-a4-a5-a6-a7-q2-q3-q5-q7-tt-sedynes-reguliavimo-rankenele-juoda\\\/#breadcrumb\"},\"inLanguage\":\"et\",\"potentialAction\":[{\"@type\":\"ReadAction\",\"target\":[\"https:\\\/\\\/erformance.eu\\\/et\\\/toode\\\/audi-a3-a4-a5-a6-a7-q2-q3-q5-q7-tt-sedynes-reguliavimo-rankenele-juoda\\\/\"]}]},{\"@type\":\"ImageObject\",\"inLanguage\":\"et\",\"@id\":\"https:\\\/\\\/erformance.eu\\\/et\\\/toode\\\/audi-a3-a4-a5-a6-a7-q2-q3-q5-q7-tt-sedynes-reguliavimo-rankenele-juoda\\\/#primaryimage\",\"url\":\"https:\\\/\\\/erformance.eu\\\/wp-content\\\/uploads\\\/2026\\\/02\\\/pol_pm_Audi-A3-A4-A5-A6-A7-Q2-Q3-Q5-Q7-TT-pokretlo-regulacji-fotela-CZARNE-28353_1.jpg\",\"contentUrl\":\"https:\\\/\\\/erformance.eu\\\/wp-content\\\/uploads\\\/2026\\\/02\\\/pol_pm_Audi-A3-A4-A5-A6-A7-Q2-Q3-Q5-Q7-TT-pokretlo-regulacji-fotela-CZARNE-28353_1.jpg\",\"width\":1200,\"height\":1200},{\"@type\":\"BreadcrumbList\",\"@id\":\"https:\\\/\\\/erformance.eu\\\/et\\\/toode\\\/audi-a3-a4-a5-a6-a7-q2-q3-q5-q7-tt-sedynes-reguliavimo-rankenele-juoda\\\/#breadcrumb\",\"itemListElement\":[{\"@type\":\"ListItem\",\"position\":1,\"name\":\"Home\",\"item\":\"https:\\\/\\\/erformance.eu\\\/et\\\/\"},{\"@type\":\"ListItem\",\"position\":2,\"name\":\"Pood\",\"item\":\"https:\\\/\\\/erformance.eu\\\/et\\\/pood\\\/\"},{\"@type\":\"ListItem\",\"position\":3,\"name\":\"Audi A3 A4 A5 A6 A7 Q2 Q3 Q5 Q7 TT s\u0117dyn\u0117s reguliavimo ranken\u0117l\u0117 JUODA\"}]},{\"@type\":\"WebSite\",\"@id\":\"https:\\\/\\\/erformance.eu\\\/et\\\/#website\",\"url\":\"https:\\\/\\\/erformance.eu\\\/et\\\/\",\"name\":\"Erformance.eu\",\"description\":\"Automobili\u0173 dali\u0173 parduotuv\u0117\",\"potentialAction\":[{\"@type\":\"SearchAction\",\"target\":{\"@type\":\"EntryPoint\",\"urlTemplate\":\"https:\\\/\\\/erformance.eu\\\/et\\\/?s={search_term_string}\"},\"query-input\":{\"@type\":\"PropertyValueSpecification\",\"valueRequired\":true,\"valueName\":\"search_term_string\"}}],\"inLanguage\":\"et\"}]}<\/script>\n<!-- \/ Yoast SEO Premium plugin. -->","yoast_head_json":{"title":"Audi A3 A4 A5 A6 A7 Q2 Q3 Q5 Q7 TT s\u0117dyn\u0117s reguliavimo ranken\u0117l\u0117 JUODA - Erformance.eu","robots":{"index":"index","follow":"follow","max-snippet":"max-snippet:-1","max-image-preview":"max-image-preview:large","max-video-preview":"max-video-preview:-1"},"canonical":"https:\/\/erformance.eu\/et\/toode\/audi-a3-a4-a5-a6-a7-q2-q3-q5-q7-tt-sedynes-reguliavimo-rankenele-juoda\/","og_locale":"et_EE","og_type":"article","og_title":"Audi A3 A4 A5 A6 A7 Q2 Q3 Q5 Q7 TT s\u0117dyn\u0117s reguliavimo ranken\u0117l\u0117 JUODA","og_description":"1. Prek\u0117: S\u0117dyn\u0117s reguliavimo ranken\u0117l\u01172. Gamintojas: pakeitimas3. Spalva: juoda4. Automobilis:* Audi A3 8V* Audi A4 B8* Audi A5 8T* Audi A6 C7* Audi A7 4G* Audi Q2 GA* Audi Q3 8U* Audi Q5 8R* Audi Q7 4M* Audi TT FV","og_url":"https:\/\/erformance.eu\/et\/toode\/audi-a3-a4-a5-a6-a7-q2-q3-q5-q7-tt-sedynes-reguliavimo-rankenele-juoda\/","og_site_name":"Erformance.eu","article_modified_time":"2026-03-09T23:13:33+00:00","og_image":[{"width":1200,"height":1200,"url":"https:\/\/erformance.eu\/wp-content\/uploads\/2026\/02\/pol_pm_Audi-A3-A4-A5-A6-A7-Q2-Q3-Q5-Q7-TT-pokretlo-regulacji-fotela-CZARNE-28353_1.jpg","type":"image\/jpeg"}],"twitter_card":"summary_large_image","twitter_misc":{"Est. reading time":"1 minut"},"schema":{"@context":"https:\/\/schema.org","@graph":[{"@type":"WebPage","@id":"https:\/\/erformance.eu\/et\/toode\/audi-a3-a4-a5-a6-a7-q2-q3-q5-q7-tt-sedynes-reguliavimo-rankenele-juoda\/","url":"https:\/\/erformance.eu\/et\/toode\/audi-a3-a4-a5-a6-a7-q2-q3-q5-q7-tt-sedynes-reguliavimo-rankenele-juoda\/","name":"Audi A3 A4 A5 A6 A7 Q2 Q3 Q5 Q7 TT s\u0117dyn\u0117s reguliavimo ranken\u0117l\u0117 JUODA - Erformance.eu","isPartOf":{"@id":"https:\/\/erformance.eu\/et\/#website"},"primaryImageOfPage":{"@id":"https:\/\/erformance.eu\/et\/toode\/audi-a3-a4-a5-a6-a7-q2-q3-q5-q7-tt-sedynes-reguliavimo-rankenele-juoda\/#primaryimage"},"image":{"@id":"https:\/\/erformance.eu\/et\/toode\/audi-a3-a4-a5-a6-a7-q2-q3-q5-q7-tt-sedynes-reguliavimo-rankenele-juoda\/#primaryimage"},"thumbnailUrl":"https:\/\/erformance.eu\/wp-content\/uploads\/2026\/02\/pol_pm_Audi-A3-A4-A5-A6-A7-Q2-Q3-Q5-Q7-TT-pokretlo-regulacji-fotela-CZARNE-28353_1.jpg","datePublished":"2026-02-16T11:52:53+00:00","dateModified":"2026-03-09T23:13:33+00:00","breadcrumb":{"@id":"https:\/\/erformance.eu\/et\/toode\/audi-a3-a4-a5-a6-a7-q2-q3-q5-q7-tt-sedynes-reguliavimo-rankenele-juoda\/#breadcrumb"},"inLanguage":"et","potentialAction":[{"@type":"ReadAction","target":["https:\/\/erformance.eu\/et\/toode\/audi-a3-a4-a5-a6-a7-q2-q3-q5-q7-tt-sedynes-reguliavimo-rankenele-juoda\/"]}]},{"@type":"ImageObject","inLanguage":"et","@id":"https:\/\/erformance.eu\/et\/toode\/audi-a3-a4-a5-a6-a7-q2-q3-q5-q7-tt-sedynes-reguliavimo-rankenele-juoda\/#primaryimage","url":"https:\/\/erformance.eu\/wp-content\/uploads\/2026\/02\/pol_pm_Audi-A3-A4-A5-A6-A7-Q2-Q3-Q5-Q7-TT-pokretlo-regulacji-fotela-CZARNE-28353_1.jpg","contentUrl":"https:\/\/erformance.eu\/wp-content\/uploads\/2026\/02\/pol_pm_Audi-A3-A4-A5-A6-A7-Q2-Q3-Q5-Q7-TT-pokretlo-regulacji-fotela-CZARNE-28353_1.jpg","width":1200,"height":1200},{"@type":"BreadcrumbList","@id":"https:\/\/erformance.eu\/et\/toode\/audi-a3-a4-a5-a6-a7-q2-q3-q5-q7-tt-sedynes-reguliavimo-rankenele-juoda\/#breadcrumb","itemListElement":[{"@type":"ListItem","position":1,"name":"Home","item":"https:\/\/erformance.eu\/et\/"},{"@type":"ListItem","position":2,"name":"Pood","item":"https:\/\/erformance.eu\/et\/pood\/"},{"@type":"ListItem","position":3,"name":"Audi A3 A4 A5 A6 A7 Q2 Q3 Q5 Q7 TT s\u0117dyn\u0117s reguliavimo ranken\u0117l\u0117 JUODA"}]},{"@type":"WebSite","@id":"https:\/\/erformance.eu\/et\/#website","url":"https:\/\/erformance.eu\/et\/","name":"Erformance.eu","description":"Automobili\u0173 dali\u0173 parduotuv\u0117","potentialAction":[{"@type":"SearchAction","target":{"@type":"EntryPoint","urlTemplate":"https:\/\/erformance.eu\/et\/?s={search_term_string}"},"query-input":{"@type":"PropertyValueSpecification","valueRequired":true,"valueName":"search_term_string"}}],"inLanguage":"et"}]}},"jetpack_sharing_enabled":true,"_links":{"self":[{"href":"https:\/\/erformance.eu\/et\/wp-json\/wp\/v2\/product\/58733","targetHints":{"allow":["GET"]}}],"collection":[{"href":"https:\/\/erformance.eu\/et\/wp-json\/wp\/v2\/product"}],"about":[{"href":"https:\/\/erformance.eu\/et\/wp-json\/wp\/v2\/types\/product"}],"replies":[{"embeddable":true,"href":"https:\/\/erformance.eu\/et\/wp-json\/wp\/v2\/comments?post=58733"}],"version-history":[{"count":1,"href":"https:\/\/erformance.eu\/et\/wp-json\/wp\/v2\/product\/58733\/revisions"}],"predecessor-version":[{"id":58740,"href":"https:\/\/erformance.eu\/et\/wp-json\/wp\/v2\/product\/58733\/revisions\/58740"}],"wp:featuredmedia":[{"embeddable":true,"href":"https:\/\/erformance.eu\/et\/wp-json\/wp\/v2\/media\/58734"}],"wp:attachment":[{"href":"https:\/\/erformance.eu\/et\/wp-json\/wp\/v2\/media?parent=58733"}],"wp:term":[{"taxonomy":"product_brand","embeddable":true,"href":"https:\/\/erformance.eu\/et\/wp-json\/wp\/v2\/product_brand?post=58733"},{"taxonomy":"product_cat","embeddable":true,"href":"https:\/\/erformance.eu\/et\/wp-json\/wp\/v2\/product_cat?post=58733"},{"taxonomy":"product_tag","embeddable":true,"href":"https:\/\/erformance.eu\/et\/wp-json\/wp\/v2\/product_tag?post=58733"}],"curies":[{"name":"wp","href":"https:\/\/api.w.org\/{rel}","templated":true}]}}