{"id":58785,"date":"2026-02-16T14:54:19","date_gmt":"2026-02-16T11:54:19","guid":{"rendered":"https:\/\/erformance.eu\/?post_type=product&#038;p=58785"},"modified":"2026-03-09T19:33:06","modified_gmt":"2026-03-09T16:33:06","slug":"audi-a3-8l-96-03-rankinio-stabdzio-trosas-1j0609721ac-1j0609721ad-2-vnt-komplektas","status":"publish","type":"product","link":"https:\/\/erformance.eu\/et\/toode\/audi-a3-8l-96-03-rankinio-stabdzio-trosas-1j0609721ac-1j0609721ad-2-vnt-komplektas\/","title":{"rendered":"Audi A3 8L 96-03 rankinio stabd\u017eio trosas 1J0609721AC + 1J0609721AD 2 vnt. komplektas"},"content":{"rendered":"<p>Prek\u0117: 1 pora (2 vnt.) rankinio stabd\u017eio tros\u0173<br \/>\nOriginalus numeris:<\/p>\n<p>1J0609721AC<br \/>\n1J0609721AD<br \/>\n1J0609721AG<br \/>\n1J0609721AP<br \/>\n1J0609721AQ<br \/>\n1J0609721AT<br \/>\n1J0609721K<br \/>\n1J0609721T<\/p>\n<p>PASTABA: auk\u0161\u010diau pateikti numeriai yra original\u016bs dali\u0173 numeriai, kuriuos \u0161is pasi\u016blymas pakei\u010dia. Prie\u0161 pirkdami, palyginkite juos su originaliu dalies numeriu. Jei jie skiriasi net vienu simboliu, dalis netiks, neveiks arba veiks netinkamai. Tokiu atveju jos nepirkite.<br \/>\nAutomobilis:<\/p>\n<p>Audi A3 (8L1), gamybos metai: 1996\u20132003<br \/>\nSeat LEON (1M1), pagaminimo metai: 1999\u20132006<br \/>\nSeat TOLEDO II (1M2), pagaminimo metai: 1998\u20132006<br \/>\n\u201eSkoda OCTAVIA I\u201c (1U2), pagaminimo metai: 1996\u20132010<br \/>\n\u201eSkoda OCTAVIA I Combi\u201c (1U5), pagaminimo metai: 1998\u20132010<br \/>\nVolkswagen BORA I (1J2), gamybos metai: 1998\u20132005<br \/>\nVolkswagen BORA Variant (1J6), gamybos metai: 1999\u20132005<br \/>\nVolkswagen GOLF IV (1J1), gamybos metai: 1997\u20132005<br \/>\nVolkswagen GOLF IV Van (1J1), gamybos metai: 1998\u20132004<br \/>\nVolkswagen GOLF IV Variant (1J5), pagaminimo metai: 1999\u20132006<br \/>\nVolkswagen GOLF VAN IV Variant (1J5), pagaminimo metai: 1999\u20132006<br \/>\nVolkswagen NEW BEETLE (9C1, 1C1), gamybos metai: 1998\u20132010<br \/>\nVolkswagen NEW BEETLE kabrioletas (1Y7), pagaminimo metai: 2003\u20132010<\/p>\n<p>Gamintojas: pakaitalas<br \/>\nTechnin\u0117 b\u016bkl\u0117: prek\u0117 yra visi\u0161kai nauja, nenaudota, nepa\u017eeista ir nesugadinta<\/p>\n","protected":false},"excerpt":{"rendered":"<p>1. Prek\u0117: 1 pora (2 vnt.) rankinio stabd\u017eio tros\u01732. Gamintojas: pakeitimas3. Automobilis:* Audi A3 8L 96-03* Seat Leon 99-06* Seat Toledo II 98-06* \u0160koda Octavia I 96-10* VW Bora 98-05* VW Golf IV 97-06* VW New Beetle 98-10<\/p>\n","protected":false},"featured_media":58786,"comment_status":"open","ping_status":"closed","template":"","meta":[],"product_brand":[],"product_cat":[3905,186,144,4778,4661,3984],"product_tag":[],"class_list":{"0":"post-58785","1":"product","2":"type-product","3":"status-publish","4":"has-post-thumbnail","6":"product_cat-audi-a3-8l","7":"product_cat-a3","8":"product_cat-audi","9":"product_cat-audi-a3-8l-salono-kitos-dalys","10":"product_cat-audi-a3-8l-mygtukai-mechanizmai","11":"product_cat-audi-a3-8l-salono-dalys","13":"first","14":"instock","15":"shipping-taxable","16":"purchasable","17":"product-type-simple"},"yoast_head":"<!-- This site is optimized with the Yoast SEO Premium plugin v25.2 (Yoast SEO v27.4) - https:\/\/yoast.com\/product\/yoast-seo-premium-wordpress\/ -->\n<title>Audi A3 8L 96-03 rankinio stabd\u017eio trosas 1J0609721AC + 1J0609721AD 2 vnt. komplektas - Erformance.eu<\/title>\n<meta name=\"robots\" content=\"index, follow, max-snippet:-1, max-image-preview:large, max-video-preview:-1\" \/>\n<link rel=\"canonical\" href=\"https:\/\/erformance.eu\/et\/toode\/audi-a3-8l-96-03-rankinio-stabdzio-trosas-1j0609721ac-1j0609721ad-2-vnt-komplektas\/\" \/>\n<meta property=\"og:locale\" content=\"et_EE\" \/>\n<meta property=\"og:type\" content=\"article\" \/>\n<meta property=\"og:title\" content=\"Audi A3 8L 96-03 rankinio stabd\u017eio trosas 1J0609721AC + 1J0609721AD 2 vnt. komplektas\" \/>\n<meta property=\"og:description\" content=\"1. Prek\u0117: 1 pora (2 vnt.) rankinio stabd\u017eio tros\u01732. Gamintojas: pakeitimas3. Automobilis:* Audi A3 8L 96-03* Seat Leon 99-06* Seat Toledo II 98-06* \u0160koda Octavia I 96-10* VW Bora 98-05* VW Golf IV 97-06* VW New Beetle 98-10\" \/>\n<meta property=\"og:url\" content=\"https:\/\/erformance.eu\/et\/toode\/audi-a3-8l-96-03-rankinio-stabdzio-trosas-1j0609721ac-1j0609721ad-2-vnt-komplektas\/\" \/>\n<meta property=\"og:site_name\" content=\"Erformance.eu\" \/>\n<meta property=\"article:modified_time\" content=\"2026-03-09T16:33:06+00:00\" \/>\n<meta property=\"og:image\" content=\"https:\/\/erformance.eu\/wp-content\/uploads\/2026\/02\/pol_pm_Audi-A3-8L-96-03-linka-hamulca-recznego-1J0609721AC-1J0609721AD-2-szt-KPL-31615_1.jpg\" \/>\n\t<meta property=\"og:image:width\" content=\"1200\" \/>\n\t<meta property=\"og:image:height\" content=\"1200\" \/>\n\t<meta property=\"og:image:type\" content=\"image\/jpeg\" \/>\n<meta name=\"twitter:card\" content=\"summary_large_image\" \/>\n<meta name=\"twitter:label1\" content=\"Est. reading time\" \/>\n\t<meta name=\"twitter:data1\" content=\"1 minut\" \/>\n<script type=\"application\/ld+json\" class=\"yoast-schema-graph\">{\"@context\":\"https:\\\/\\\/schema.org\",\"@graph\":[{\"@type\":\"WebPage\",\"@id\":\"https:\\\/\\\/erformance.eu\\\/et\\\/toode\\\/audi-a3-8l-96-03-rankinio-stabdzio-trosas-1j0609721ac-1j0609721ad-2-vnt-komplektas\\\/\",\"url\":\"https:\\\/\\\/erformance.eu\\\/et\\\/toode\\\/audi-a3-8l-96-03-rankinio-stabdzio-trosas-1j0609721ac-1j0609721ad-2-vnt-komplektas\\\/\",\"name\":\"Audi A3 8L 96-03 rankinio stabd\u017eio trosas 1J0609721AC + 1J0609721AD 2 vnt. komplektas - Erformance.eu\",\"isPartOf\":{\"@id\":\"https:\\\/\\\/erformance.eu\\\/et\\\/#website\"},\"primaryImageOfPage\":{\"@id\":\"https:\\\/\\\/erformance.eu\\\/et\\\/toode\\\/audi-a3-8l-96-03-rankinio-stabdzio-trosas-1j0609721ac-1j0609721ad-2-vnt-komplektas\\\/#primaryimage\"},\"image\":{\"@id\":\"https:\\\/\\\/erformance.eu\\\/et\\\/toode\\\/audi-a3-8l-96-03-rankinio-stabdzio-trosas-1j0609721ac-1j0609721ad-2-vnt-komplektas\\\/#primaryimage\"},\"thumbnailUrl\":\"https:\\\/\\\/erformance.eu\\\/wp-content\\\/uploads\\\/2026\\\/02\\\/pol_pm_Audi-A3-8L-96-03-linka-hamulca-recznego-1J0609721AC-1J0609721AD-2-szt-KPL-31615_1.jpg\",\"datePublished\":\"2026-02-16T11:54:19+00:00\",\"dateModified\":\"2026-03-09T16:33:06+00:00\",\"breadcrumb\":{\"@id\":\"https:\\\/\\\/erformance.eu\\\/et\\\/toode\\\/audi-a3-8l-96-03-rankinio-stabdzio-trosas-1j0609721ac-1j0609721ad-2-vnt-komplektas\\\/#breadcrumb\"},\"inLanguage\":\"et\",\"potentialAction\":[{\"@type\":\"ReadAction\",\"target\":[\"https:\\\/\\\/erformance.eu\\\/et\\\/toode\\\/audi-a3-8l-96-03-rankinio-stabdzio-trosas-1j0609721ac-1j0609721ad-2-vnt-komplektas\\\/\"]}]},{\"@type\":\"ImageObject\",\"inLanguage\":\"et\",\"@id\":\"https:\\\/\\\/erformance.eu\\\/et\\\/toode\\\/audi-a3-8l-96-03-rankinio-stabdzio-trosas-1j0609721ac-1j0609721ad-2-vnt-komplektas\\\/#primaryimage\",\"url\":\"https:\\\/\\\/erformance.eu\\\/wp-content\\\/uploads\\\/2026\\\/02\\\/pol_pm_Audi-A3-8L-96-03-linka-hamulca-recznego-1J0609721AC-1J0609721AD-2-szt-KPL-31615_1.jpg\",\"contentUrl\":\"https:\\\/\\\/erformance.eu\\\/wp-content\\\/uploads\\\/2026\\\/02\\\/pol_pm_Audi-A3-8L-96-03-linka-hamulca-recznego-1J0609721AC-1J0609721AD-2-szt-KPL-31615_1.jpg\",\"width\":1200,\"height\":1200},{\"@type\":\"BreadcrumbList\",\"@id\":\"https:\\\/\\\/erformance.eu\\\/et\\\/toode\\\/audi-a3-8l-96-03-rankinio-stabdzio-trosas-1j0609721ac-1j0609721ad-2-vnt-komplektas\\\/#breadcrumb\",\"itemListElement\":[{\"@type\":\"ListItem\",\"position\":1,\"name\":\"Home\",\"item\":\"https:\\\/\\\/erformance.eu\\\/et\\\/\"},{\"@type\":\"ListItem\",\"position\":2,\"name\":\"Pood\",\"item\":\"https:\\\/\\\/erformance.eu\\\/et\\\/pood\\\/\"},{\"@type\":\"ListItem\",\"position\":3,\"name\":\"Audi A3 8L 96-03 rankinio stabd\u017eio trosas 1J0609721AC + 1J0609721AD 2 vnt. komplektas\"}]},{\"@type\":\"WebSite\",\"@id\":\"https:\\\/\\\/erformance.eu\\\/et\\\/#website\",\"url\":\"https:\\\/\\\/erformance.eu\\\/et\\\/\",\"name\":\"Erformance.eu\",\"description\":\"Automobili\u0173 dali\u0173 parduotuv\u0117\",\"potentialAction\":[{\"@type\":\"SearchAction\",\"target\":{\"@type\":\"EntryPoint\",\"urlTemplate\":\"https:\\\/\\\/erformance.eu\\\/et\\\/?s={search_term_string}\"},\"query-input\":{\"@type\":\"PropertyValueSpecification\",\"valueRequired\":true,\"valueName\":\"search_term_string\"}}],\"inLanguage\":\"et\"}]}<\/script>\n<!-- \/ Yoast SEO Premium plugin. -->","yoast_head_json":{"title":"Audi A3 8L 96-03 rankinio stabd\u017eio trosas 1J0609721AC + 1J0609721AD 2 vnt. komplektas - Erformance.eu","robots":{"index":"index","follow":"follow","max-snippet":"max-snippet:-1","max-image-preview":"max-image-preview:large","max-video-preview":"max-video-preview:-1"},"canonical":"https:\/\/erformance.eu\/et\/toode\/audi-a3-8l-96-03-rankinio-stabdzio-trosas-1j0609721ac-1j0609721ad-2-vnt-komplektas\/","og_locale":"et_EE","og_type":"article","og_title":"Audi A3 8L 96-03 rankinio stabd\u017eio trosas 1J0609721AC + 1J0609721AD 2 vnt. komplektas","og_description":"1. Prek\u0117: 1 pora (2 vnt.) rankinio stabd\u017eio tros\u01732. Gamintojas: pakeitimas3. Automobilis:* Audi A3 8L 96-03* Seat Leon 99-06* Seat Toledo II 98-06* \u0160koda Octavia I 96-10* VW Bora 98-05* VW Golf IV 97-06* VW New Beetle 98-10","og_url":"https:\/\/erformance.eu\/et\/toode\/audi-a3-8l-96-03-rankinio-stabdzio-trosas-1j0609721ac-1j0609721ad-2-vnt-komplektas\/","og_site_name":"Erformance.eu","article_modified_time":"2026-03-09T16:33:06+00:00","og_image":[{"width":1200,"height":1200,"url":"https:\/\/erformance.eu\/wp-content\/uploads\/2026\/02\/pol_pm_Audi-A3-8L-96-03-linka-hamulca-recznego-1J0609721AC-1J0609721AD-2-szt-KPL-31615_1.jpg","type":"image\/jpeg"}],"twitter_card":"summary_large_image","twitter_misc":{"Est. reading time":"1 minut"},"schema":{"@context":"https:\/\/schema.org","@graph":[{"@type":"WebPage","@id":"https:\/\/erformance.eu\/et\/toode\/audi-a3-8l-96-03-rankinio-stabdzio-trosas-1j0609721ac-1j0609721ad-2-vnt-komplektas\/","url":"https:\/\/erformance.eu\/et\/toode\/audi-a3-8l-96-03-rankinio-stabdzio-trosas-1j0609721ac-1j0609721ad-2-vnt-komplektas\/","name":"Audi A3 8L 96-03 rankinio stabd\u017eio trosas 1J0609721AC + 1J0609721AD 2 vnt. komplektas - Erformance.eu","isPartOf":{"@id":"https:\/\/erformance.eu\/et\/#website"},"primaryImageOfPage":{"@id":"https:\/\/erformance.eu\/et\/toode\/audi-a3-8l-96-03-rankinio-stabdzio-trosas-1j0609721ac-1j0609721ad-2-vnt-komplektas\/#primaryimage"},"image":{"@id":"https:\/\/erformance.eu\/et\/toode\/audi-a3-8l-96-03-rankinio-stabdzio-trosas-1j0609721ac-1j0609721ad-2-vnt-komplektas\/#primaryimage"},"thumbnailUrl":"https:\/\/erformance.eu\/wp-content\/uploads\/2026\/02\/pol_pm_Audi-A3-8L-96-03-linka-hamulca-recznego-1J0609721AC-1J0609721AD-2-szt-KPL-31615_1.jpg","datePublished":"2026-02-16T11:54:19+00:00","dateModified":"2026-03-09T16:33:06+00:00","breadcrumb":{"@id":"https:\/\/erformance.eu\/et\/toode\/audi-a3-8l-96-03-rankinio-stabdzio-trosas-1j0609721ac-1j0609721ad-2-vnt-komplektas\/#breadcrumb"},"inLanguage":"et","potentialAction":[{"@type":"ReadAction","target":["https:\/\/erformance.eu\/et\/toode\/audi-a3-8l-96-03-rankinio-stabdzio-trosas-1j0609721ac-1j0609721ad-2-vnt-komplektas\/"]}]},{"@type":"ImageObject","inLanguage":"et","@id":"https:\/\/erformance.eu\/et\/toode\/audi-a3-8l-96-03-rankinio-stabdzio-trosas-1j0609721ac-1j0609721ad-2-vnt-komplektas\/#primaryimage","url":"https:\/\/erformance.eu\/wp-content\/uploads\/2026\/02\/pol_pm_Audi-A3-8L-96-03-linka-hamulca-recznego-1J0609721AC-1J0609721AD-2-szt-KPL-31615_1.jpg","contentUrl":"https:\/\/erformance.eu\/wp-content\/uploads\/2026\/02\/pol_pm_Audi-A3-8L-96-03-linka-hamulca-recznego-1J0609721AC-1J0609721AD-2-szt-KPL-31615_1.jpg","width":1200,"height":1200},{"@type":"BreadcrumbList","@id":"https:\/\/erformance.eu\/et\/toode\/audi-a3-8l-96-03-rankinio-stabdzio-trosas-1j0609721ac-1j0609721ad-2-vnt-komplektas\/#breadcrumb","itemListElement":[{"@type":"ListItem","position":1,"name":"Home","item":"https:\/\/erformance.eu\/et\/"},{"@type":"ListItem","position":2,"name":"Pood","item":"https:\/\/erformance.eu\/et\/pood\/"},{"@type":"ListItem","position":3,"name":"Audi A3 8L 96-03 rankinio stabd\u017eio trosas 1J0609721AC + 1J0609721AD 2 vnt. komplektas"}]},{"@type":"WebSite","@id":"https:\/\/erformance.eu\/et\/#website","url":"https:\/\/erformance.eu\/et\/","name":"Erformance.eu","description":"Automobili\u0173 dali\u0173 parduotuv\u0117","potentialAction":[{"@type":"SearchAction","target":{"@type":"EntryPoint","urlTemplate":"https:\/\/erformance.eu\/et\/?s={search_term_string}"},"query-input":{"@type":"PropertyValueSpecification","valueRequired":true,"valueName":"search_term_string"}}],"inLanguage":"et"}]}},"jetpack_sharing_enabled":true,"_links":{"self":[{"href":"https:\/\/erformance.eu\/et\/wp-json\/wp\/v2\/product\/58785","targetHints":{"allow":["GET"]}}],"collection":[{"href":"https:\/\/erformance.eu\/et\/wp-json\/wp\/v2\/product"}],"about":[{"href":"https:\/\/erformance.eu\/et\/wp-json\/wp\/v2\/types\/product"}],"replies":[{"embeddable":true,"href":"https:\/\/erformance.eu\/et\/wp-json\/wp\/v2\/comments?post=58785"}],"version-history":[{"count":1,"href":"https:\/\/erformance.eu\/et\/wp-json\/wp\/v2\/product\/58785\/revisions"}],"predecessor-version":[{"id":58792,"href":"https:\/\/erformance.eu\/et\/wp-json\/wp\/v2\/product\/58785\/revisions\/58792"}],"wp:featuredmedia":[{"embeddable":true,"href":"https:\/\/erformance.eu\/et\/wp-json\/wp\/v2\/media\/58786"}],"wp:attachment":[{"href":"https:\/\/erformance.eu\/et\/wp-json\/wp\/v2\/media?parent=58785"}],"wp:term":[{"taxonomy":"product_brand","embeddable":true,"href":"https:\/\/erformance.eu\/et\/wp-json\/wp\/v2\/product_brand?post=58785"},{"taxonomy":"product_cat","embeddable":true,"href":"https:\/\/erformance.eu\/et\/wp-json\/wp\/v2\/product_cat?post=58785"},{"taxonomy":"product_tag","embeddable":true,"href":"https:\/\/erformance.eu\/et\/wp-json\/wp\/v2\/product_tag?post=58785"}],"curies":[{"name":"wp","href":"https:\/\/api.w.org\/{rel}","templated":true}]}}