{"id":58822,"date":"2026-02-16T14:54:33","date_gmt":"2026-02-16T11:54:33","guid":{"rendered":"https:\/\/erformance.eu\/?post_type=product&#038;p=58822"},"modified":"2026-03-12T17:48:31","modified_gmt":"2026-03-12T14:48:31","slug":"audi-a4-b6-00-04-2-0-benzininis-130-ag-alyvos-separatorius","status":"publish","type":"product","link":"https:\/\/erformance.eu\/et\/toode\/audi-a4-b6-00-04-2-0-benzininis-130-ag-alyvos-separatorius\/","title":{"rendered":"Audi A4 B6 00-04 2.0 benzininis 130 AG alyvos separatorius"},"content":{"rendered":"<p>Tema: emfizema \/ naftos separatorius<br \/>\nOriginalus numeris:<\/p>\n<p>06B103211E<br \/>\n06B103211H<\/p>\n<p>PASTABA: auk\u0161\u010diau pateikti numeriai yra original\u016bs dali\u0173 numeriai, kuriuos \u0161is pasi\u016blymas pakei\u010dia. Prie\u0161 pirkdami, palyginkite juos su originaliu dalies numeriu. Jei jie skiriasi net vienu simboliu, dalis netiks, neveiks arba veiks netinkamai. Tokiu atveju jos nepirkite.<br \/>\nAutomobilis:<br \/>\nAudi A4 B6, gamybos metai: 2000-2004<\/p>\n<p>2.0; 1984 cm\u00b3 \u2013 130 AG \/ 96 kW; ALT variklis; pagaminimo metai: 2000.11\u20132004.12<\/p>\n<p>Audi A4 B6 Avant, gamybos metai: 2001-2004<\/p>\n<p>2.0; 1984 cm\u00b3 &#8211; 130 AG \/ 96 kW; variklis: ALT; pagaminimo metai: 2001.09 &#8211; 2004.12<\/p>\n<p>Audi A4 B7, gamybos metai: 2004-2008<\/p>\n<p>2.0; 1984 cm\u00b3 &#8211; 130 AG \/ 96 kW; variklis: ALT; pagaminimo metai: 2004.11 &#8211; 2008.06<\/p>\n<p>Audi A4 B7 Avant, gamybos metai: 2004-2008<\/p>\n<p>2.0; 1984 cm\u00b3 &#8211; 130 AG \/ 96 kW; variklis: ALT; pagaminimo metai: 2004.11 &#8211; 2008.06<\/p>\n<p>\u201eAudi A6 C5\u201c, gamybos metai: 2001\u20132005<\/p>\n<p>2.0; 1984 cm\u00b3 &#8211; 130 AG \/ 96 kW; variklis: ALT; pagaminimo metai: 2001.08 &#8211; 2005.01<\/p>\n<p>Audi A6 C5 Avant, gamybos metai: 2001-2005<\/p>\n<p>2.0; 1984 cm\u00b3 &#8211; 130 AG \/ 96 kW; variklis: ALT; pagaminimo metai: 2001.08 &#8211; 2005.01<\/p>\n<p>VW Passat B5 FL (3B3), pagaminimo metai: 2001\u20132005<\/p>\n<p>2.0; 1984 cm\u00b3 &#8211; 130 AG \/ 96 kW; variklis: ALT; pagaminimo metai: 2001.11 &#8211; 2005.05<\/p>\n<p>VW Passat B5 FL Variant (3B6), pagaminimo metai: 2001\u20132005<\/p>\n<p>2.0; 1984 cm\u00b3 &#8211; 130 AG \/ 96 kW; variklis: ALT; pagaminimo metai: 2001.11 &#8211; 2005.05<\/p>\n<p>Gamintojas: pakaitalas<br \/>\nTechnin\u0117 b\u016bkl\u0117: prek\u0117 yra visi\u0161kai nauja, nenaudota, nepa\u017eeista ir nesugadinta<\/p>\n","protected":false},"excerpt":{"rendered":"<p>1. Tema: Naftos separatorius2. Gamintojas: pakeitimas3. Automobilis:     * Audi A4 B6 00-04     * Audi A4 B7 04-08     * Audi A6 C5 01\u201305     * VW Passat B5 FL 01-054. Variklis: 2.0 benzininis 130 AG<\/p>\n","protected":false},"featured_media":58823,"comment_status":"open","ping_status":"closed","template":"","meta":[],"product_brand":[],"product_cat":[390,144,3909,3949,4154],"product_tag":[],"class_list":{"0":"post-58822","1":"product","2":"type-product","3":"status-publish","4":"has-post-thumbnail","6":"product_cat-audi-a4","7":"product_cat-audi","8":"product_cat-audi-a4-b6","9":"product_cat-audi-a4-b6-isores-dalys","10":"product_cat-audi-a4-b6-isores-kitos-dalys","12":"first","13":"instock","14":"shipping-taxable","15":"purchasable","16":"product-type-simple"},"yoast_head":"<!-- This site is optimized with the Yoast SEO Premium plugin v25.2 (Yoast SEO v27.4) - https:\/\/yoast.com\/product\/yoast-seo-premium-wordpress\/ -->\n<title>Audi A4 B6 00-04 2.0 benzininis 130 AG alyvos separatorius - Erformance.eu<\/title>\n<meta name=\"robots\" content=\"index, follow, max-snippet:-1, max-image-preview:large, max-video-preview:-1\" \/>\n<link rel=\"canonical\" href=\"https:\/\/erformance.eu\/et\/toode\/audi-a4-b6-00-04-2-0-benzininis-130-ag-alyvos-separatorius\/\" \/>\n<meta property=\"og:locale\" content=\"et_EE\" \/>\n<meta property=\"og:type\" content=\"article\" \/>\n<meta property=\"og:title\" content=\"Audi A4 B6 00-04 2.0 benzininis 130 AG alyvos separatorius\" \/>\n<meta property=\"og:description\" content=\"1. Tema: Naftos separatorius2. Gamintojas: pakeitimas3. Automobilis:   * Audi A4 B6 00-04   * Audi A4 B7 04-08   * Audi A6 C5 01\u201305   * VW Passat B5 FL 01-054. Variklis: 2.0 benzininis 130 AG\" \/>\n<meta property=\"og:url\" content=\"https:\/\/erformance.eu\/et\/toode\/audi-a4-b6-00-04-2-0-benzininis-130-ag-alyvos-separatorius\/\" \/>\n<meta property=\"og:site_name\" content=\"Erformance.eu\" \/>\n<meta property=\"article:modified_time\" content=\"2026-03-12T14:48:31+00:00\" \/>\n<meta property=\"og:image\" content=\"https:\/\/erformance.eu\/wp-content\/uploads\/2026\/02\/pol_pm_Audi-A4-B6-00-04-2-0-Benzyna-130-KM-odma-separator-oleju-18585_1.jpg\" \/>\n\t<meta property=\"og:image:width\" content=\"1200\" \/>\n\t<meta property=\"og:image:height\" content=\"900\" \/>\n\t<meta property=\"og:image:type\" content=\"image\/jpeg\" \/>\n<meta name=\"twitter:card\" content=\"summary_large_image\" \/>\n<meta name=\"twitter:label1\" content=\"Est. reading time\" \/>\n\t<meta name=\"twitter:data1\" content=\"1 minut\" \/>\n<script type=\"application\/ld+json\" class=\"yoast-schema-graph\">{\"@context\":\"https:\\\/\\\/schema.org\",\"@graph\":[{\"@type\":\"WebPage\",\"@id\":\"https:\\\/\\\/erformance.eu\\\/et\\\/toode\\\/audi-a4-b6-00-04-2-0-benzininis-130-ag-alyvos-separatorius\\\/\",\"url\":\"https:\\\/\\\/erformance.eu\\\/et\\\/toode\\\/audi-a4-b6-00-04-2-0-benzininis-130-ag-alyvos-separatorius\\\/\",\"name\":\"Audi A4 B6 00-04 2.0 benzininis 130 AG alyvos separatorius - Erformance.eu\",\"isPartOf\":{\"@id\":\"https:\\\/\\\/erformance.eu\\\/et\\\/#website\"},\"primaryImageOfPage\":{\"@id\":\"https:\\\/\\\/erformance.eu\\\/et\\\/toode\\\/audi-a4-b6-00-04-2-0-benzininis-130-ag-alyvos-separatorius\\\/#primaryimage\"},\"image\":{\"@id\":\"https:\\\/\\\/erformance.eu\\\/et\\\/toode\\\/audi-a4-b6-00-04-2-0-benzininis-130-ag-alyvos-separatorius\\\/#primaryimage\"},\"thumbnailUrl\":\"https:\\\/\\\/erformance.eu\\\/wp-content\\\/uploads\\\/2026\\\/02\\\/pol_pm_Audi-A4-B6-00-04-2-0-Benzyna-130-KM-odma-separator-oleju-18585_1.jpg\",\"datePublished\":\"2026-02-16T11:54:33+00:00\",\"dateModified\":\"2026-03-12T14:48:31+00:00\",\"breadcrumb\":{\"@id\":\"https:\\\/\\\/erformance.eu\\\/et\\\/toode\\\/audi-a4-b6-00-04-2-0-benzininis-130-ag-alyvos-separatorius\\\/#breadcrumb\"},\"inLanguage\":\"et\",\"potentialAction\":[{\"@type\":\"ReadAction\",\"target\":[\"https:\\\/\\\/erformance.eu\\\/et\\\/toode\\\/audi-a4-b6-00-04-2-0-benzininis-130-ag-alyvos-separatorius\\\/\"]}]},{\"@type\":\"ImageObject\",\"inLanguage\":\"et\",\"@id\":\"https:\\\/\\\/erformance.eu\\\/et\\\/toode\\\/audi-a4-b6-00-04-2-0-benzininis-130-ag-alyvos-separatorius\\\/#primaryimage\",\"url\":\"https:\\\/\\\/erformance.eu\\\/wp-content\\\/uploads\\\/2026\\\/02\\\/pol_pm_Audi-A4-B6-00-04-2-0-Benzyna-130-KM-odma-separator-oleju-18585_1.jpg\",\"contentUrl\":\"https:\\\/\\\/erformance.eu\\\/wp-content\\\/uploads\\\/2026\\\/02\\\/pol_pm_Audi-A4-B6-00-04-2-0-Benzyna-130-KM-odma-separator-oleju-18585_1.jpg\",\"width\":1200,\"height\":900},{\"@type\":\"BreadcrumbList\",\"@id\":\"https:\\\/\\\/erformance.eu\\\/et\\\/toode\\\/audi-a4-b6-00-04-2-0-benzininis-130-ag-alyvos-separatorius\\\/#breadcrumb\",\"itemListElement\":[{\"@type\":\"ListItem\",\"position\":1,\"name\":\"Home\",\"item\":\"https:\\\/\\\/erformance.eu\\\/et\\\/\"},{\"@type\":\"ListItem\",\"position\":2,\"name\":\"Pood\",\"item\":\"https:\\\/\\\/erformance.eu\\\/et\\\/pood\\\/\"},{\"@type\":\"ListItem\",\"position\":3,\"name\":\"Audi A4 B6 00-04 2.0 benzininis 130 AG alyvos separatorius\"}]},{\"@type\":\"WebSite\",\"@id\":\"https:\\\/\\\/erformance.eu\\\/et\\\/#website\",\"url\":\"https:\\\/\\\/erformance.eu\\\/et\\\/\",\"name\":\"Erformance.eu\",\"description\":\"Automobili\u0173 dali\u0173 parduotuv\u0117\",\"potentialAction\":[{\"@type\":\"SearchAction\",\"target\":{\"@type\":\"EntryPoint\",\"urlTemplate\":\"https:\\\/\\\/erformance.eu\\\/et\\\/?s={search_term_string}\"},\"query-input\":{\"@type\":\"PropertyValueSpecification\",\"valueRequired\":true,\"valueName\":\"search_term_string\"}}],\"inLanguage\":\"et\"}]}<\/script>\n<!-- \/ Yoast SEO Premium plugin. -->","yoast_head_json":{"title":"Audi A4 B6 00-04 2.0 benzininis 130 AG alyvos separatorius - Erformance.eu","robots":{"index":"index","follow":"follow","max-snippet":"max-snippet:-1","max-image-preview":"max-image-preview:large","max-video-preview":"max-video-preview:-1"},"canonical":"https:\/\/erformance.eu\/et\/toode\/audi-a4-b6-00-04-2-0-benzininis-130-ag-alyvos-separatorius\/","og_locale":"et_EE","og_type":"article","og_title":"Audi A4 B6 00-04 2.0 benzininis 130 AG alyvos separatorius","og_description":"1. Tema: Naftos separatorius2. Gamintojas: pakeitimas3. Automobilis:   * Audi A4 B6 00-04   * Audi A4 B7 04-08   * Audi A6 C5 01\u201305   * VW Passat B5 FL 01-054. Variklis: 2.0 benzininis 130 AG","og_url":"https:\/\/erformance.eu\/et\/toode\/audi-a4-b6-00-04-2-0-benzininis-130-ag-alyvos-separatorius\/","og_site_name":"Erformance.eu","article_modified_time":"2026-03-12T14:48:31+00:00","og_image":[{"width":1200,"height":900,"url":"https:\/\/erformance.eu\/wp-content\/uploads\/2026\/02\/pol_pm_Audi-A4-B6-00-04-2-0-Benzyna-130-KM-odma-separator-oleju-18585_1.jpg","type":"image\/jpeg"}],"twitter_card":"summary_large_image","twitter_misc":{"Est. reading time":"1 minut"},"schema":{"@context":"https:\/\/schema.org","@graph":[{"@type":"WebPage","@id":"https:\/\/erformance.eu\/et\/toode\/audi-a4-b6-00-04-2-0-benzininis-130-ag-alyvos-separatorius\/","url":"https:\/\/erformance.eu\/et\/toode\/audi-a4-b6-00-04-2-0-benzininis-130-ag-alyvos-separatorius\/","name":"Audi A4 B6 00-04 2.0 benzininis 130 AG alyvos separatorius - Erformance.eu","isPartOf":{"@id":"https:\/\/erformance.eu\/et\/#website"},"primaryImageOfPage":{"@id":"https:\/\/erformance.eu\/et\/toode\/audi-a4-b6-00-04-2-0-benzininis-130-ag-alyvos-separatorius\/#primaryimage"},"image":{"@id":"https:\/\/erformance.eu\/et\/toode\/audi-a4-b6-00-04-2-0-benzininis-130-ag-alyvos-separatorius\/#primaryimage"},"thumbnailUrl":"https:\/\/erformance.eu\/wp-content\/uploads\/2026\/02\/pol_pm_Audi-A4-B6-00-04-2-0-Benzyna-130-KM-odma-separator-oleju-18585_1.jpg","datePublished":"2026-02-16T11:54:33+00:00","dateModified":"2026-03-12T14:48:31+00:00","breadcrumb":{"@id":"https:\/\/erformance.eu\/et\/toode\/audi-a4-b6-00-04-2-0-benzininis-130-ag-alyvos-separatorius\/#breadcrumb"},"inLanguage":"et","potentialAction":[{"@type":"ReadAction","target":["https:\/\/erformance.eu\/et\/toode\/audi-a4-b6-00-04-2-0-benzininis-130-ag-alyvos-separatorius\/"]}]},{"@type":"ImageObject","inLanguage":"et","@id":"https:\/\/erformance.eu\/et\/toode\/audi-a4-b6-00-04-2-0-benzininis-130-ag-alyvos-separatorius\/#primaryimage","url":"https:\/\/erformance.eu\/wp-content\/uploads\/2026\/02\/pol_pm_Audi-A4-B6-00-04-2-0-Benzyna-130-KM-odma-separator-oleju-18585_1.jpg","contentUrl":"https:\/\/erformance.eu\/wp-content\/uploads\/2026\/02\/pol_pm_Audi-A4-B6-00-04-2-0-Benzyna-130-KM-odma-separator-oleju-18585_1.jpg","width":1200,"height":900},{"@type":"BreadcrumbList","@id":"https:\/\/erformance.eu\/et\/toode\/audi-a4-b6-00-04-2-0-benzininis-130-ag-alyvos-separatorius\/#breadcrumb","itemListElement":[{"@type":"ListItem","position":1,"name":"Home","item":"https:\/\/erformance.eu\/et\/"},{"@type":"ListItem","position":2,"name":"Pood","item":"https:\/\/erformance.eu\/et\/pood\/"},{"@type":"ListItem","position":3,"name":"Audi A4 B6 00-04 2.0 benzininis 130 AG alyvos separatorius"}]},{"@type":"WebSite","@id":"https:\/\/erformance.eu\/et\/#website","url":"https:\/\/erformance.eu\/et\/","name":"Erformance.eu","description":"Automobili\u0173 dali\u0173 parduotuv\u0117","potentialAction":[{"@type":"SearchAction","target":{"@type":"EntryPoint","urlTemplate":"https:\/\/erformance.eu\/et\/?s={search_term_string}"},"query-input":{"@type":"PropertyValueSpecification","valueRequired":true,"valueName":"search_term_string"}}],"inLanguage":"et"}]}},"jetpack_sharing_enabled":true,"_links":{"self":[{"href":"https:\/\/erformance.eu\/et\/wp-json\/wp\/v2\/product\/58822","targetHints":{"allow":["GET"]}}],"collection":[{"href":"https:\/\/erformance.eu\/et\/wp-json\/wp\/v2\/product"}],"about":[{"href":"https:\/\/erformance.eu\/et\/wp-json\/wp\/v2\/types\/product"}],"replies":[{"embeddable":true,"href":"https:\/\/erformance.eu\/et\/wp-json\/wp\/v2\/comments?post=58822"}],"version-history":[{"count":1,"href":"https:\/\/erformance.eu\/et\/wp-json\/wp\/v2\/product\/58822\/revisions"}],"predecessor-version":[{"id":58825,"href":"https:\/\/erformance.eu\/et\/wp-json\/wp\/v2\/product\/58822\/revisions\/58825"}],"wp:featuredmedia":[{"embeddable":true,"href":"https:\/\/erformance.eu\/et\/wp-json\/wp\/v2\/media\/58823"}],"wp:attachment":[{"href":"https:\/\/erformance.eu\/et\/wp-json\/wp\/v2\/media?parent=58822"}],"wp:term":[{"taxonomy":"product_brand","embeddable":true,"href":"https:\/\/erformance.eu\/et\/wp-json\/wp\/v2\/product_brand?post=58822"},{"taxonomy":"product_cat","embeddable":true,"href":"https:\/\/erformance.eu\/et\/wp-json\/wp\/v2\/product_cat?post=58822"},{"taxonomy":"product_tag","embeddable":true,"href":"https:\/\/erformance.eu\/et\/wp-json\/wp\/v2\/product_tag?post=58822"}],"curies":[{"name":"wp","href":"https:\/\/api.w.org\/{rel}","templated":true}]}}