{"id":58834,"date":"2026-02-16T14:54:37","date_gmt":"2026-02-16T11:54:37","guid":{"rendered":"https:\/\/erformance.eu\/?post_type=product&#038;p=58834"},"modified":"2026-03-05T18:42:38","modified_gmt":"2026-03-05T15:42:38","slug":"audi-a1-8x-10-18-uzvedimo-spyneles-korpusas-vairo-koloneles-spynele-be-dezutes","status":"publish","type":"product","link":"https:\/\/erformance.eu\/et\/toode\/audi-a1-8x-10-18-uzvedimo-spyneles-korpusas-vairo-koloneles-spynele-be-dezutes\/","title":{"rendered":"Audi A1 8X 10-18 U\u017evedimo spynel\u0117s korpusas \/ Vairo kolon\u0117l\u0117s spynel\u0117 BE D\u0116\u017dUT\u0116S"},"content":{"rendered":"<p>Prek\u0117: U\u017edegimo jungiklio korpusas (be jungties) su u\u017edegimo \u012fd\u0117klu ir vairo kolon\u0117l\u0117s u\u017eraktu<br \/>\nOriginalus numeris:<\/p>\n<p>1K0905851B<br \/>\n1K0905851A<br \/>\n1K0905851D<br \/>\n1K0905851<\/p>\n<p>PASTABA: auk\u0161\u010diau pateikti numeriai yra original\u016bs dali\u0173 numeriai, kuriuos \u0161is pasi\u016blymas pakei\u010dia. Prie\u0161 pirkdami, palyginkite juos su originaliu dalies numeriu. Jei jie skiriasi net vienu simboliu, dalis netiks, neveiks arba veiks netinkamai. Tokiu atveju jos nepirkite.<br \/>\nAutomobilis:<\/p>\n<p>Audi A1 (8X1, 8XK), pagaminimo metai: 2010\u20132018<br \/>\n\u201eAudi A1 Sportback\u201c (8XA, 8XF), pagaminimo metai: 2011\u20132018<br \/>\nAudi A3 (8P1), pagaminimo metai: 2003\u20132012<br \/>\nAudi A3 Sportback (8PA), pagaminimo metai: 2004\u20132013<br \/>\nAudi A3 kabrioletas (8P7), pagaminimo metai: 2008\u20132013<br \/>\n\u201eAudi A3\u201c (8V1, 8VK), modeliai, pagaminti nuo 2012 m.<br \/>\n\u201eAudi A3 Limousine\u201c (8VS, 8VM), modeliai, pagaminti nuo 2013 m.<br \/>\n\u201eAudi A3 A3 Sportback\u201c (8VA, 8VF), modeliai, pagaminti nuo 2012 m.<br \/>\n\u201eAudi A3\u201c kabrioletas (8V7, 8VE), modeliai, pagaminti nuo 2013 m.<br \/>\n\u201eAudi Q3\u201c (8UB, 8UG), pagaminimo metai: 2011\u20132018<br \/>\nAudi TT (8J3), pagaminimo metai: 2006\u20132014<br \/>\nAudi TT Roadster (8J9), pagaminimo metai: 2007\u20132014<br \/>\n\u201eSeat Alhambra\u201c (710, 711), modeliai, pagaminti nuo 2010 m.<br \/>\n\u201eSeat Altea\u201c (5P1), modeliai, pagaminti nuo 2004 m.<br \/>\n\u201eSeat Altea XL\u201c (5P5, 5P8), modeliai, pagaminti nuo 2006 m.<br \/>\n\u201eSeat Arona\u201c (KJ7), modeliai, pagaminti nuo 2017 m.<br \/>\n\u201eSeat Ateca\u201c (KH7), modeliai, pagaminti nuo 2016 m.<br \/>\n\u201eSeat Ibiza V\u201c (KJ1), modeliai, pagaminti nuo 2017 m.<br \/>\n\u201eSeat Leon II\u201c (1P1), pagaminimo metai: 2006\u20132012<br \/>\n\u201eSeat Toledo III\u201c (5P2), pagaminimo metai: 2004\u20132009<br \/>\nSkoda Kodiaq (NS7), modeliai gaminami nuo 2016 m<br \/>\n\u201eSkoda Octavia II\u201c (1Z3), pagaminimo metai: 2004\u20132013<br \/>\n\u201eSkoda Octavia II Combi\u201c (1Z5), pagaminimo metai: 2004\u20132013<br \/>\n\u201eSkoda Octavia III\u201c (5E3, NL3, NR3), modeliai, pagaminti nuo 2012 m.<br \/>\n\u201eSkoda Octavia III Combi\u201c (5E5), modeliai, pagaminti nuo 2012 m.<br \/>\n\u201eSkoda Superb II\u201c (3T4), pagaminimo metai: 2008\u20132015<br \/>\n\u201eSkoda Superb II\u201c universalas (3T5), pagaminimo metai: 2009\u20132015<br \/>\n\u201eSkoda Superb III\u201c (3V3), modeliai, pagaminti nuo 2015 m.<br \/>\n\u201eSkoda Superb III\u201c universalas (3V5), modeliai, pagaminti nuo 2015 m.<br \/>\nSkoda Yeti (5L), gamybos metai: 2009-2017<br \/>\nVW Beetle (5C1, 5C2), modeliai, pagaminti nuo 2011 m.<br \/>\nVW Beetle kabrioletas (5C7, 5C8), modeliai pagaminti nuo 2011 m.<br \/>\nVW Caddy III komercinis (2KA, 2KH, 2CA, 2CH), pagaminimo metai: 2004\u20132015<br \/>\nVW Caddy III universalas (2KB, 2KJ, 2CB, 2CJ), pagaminimo metai: 2004\u20132015<br \/>\nVW Crafter autobusas (SY_), modeliai, pagaminti nuo 2016 m.<br \/>\nVW Crafter Van (SY_, SX_), modeliai, pagaminti nuo 2016 m.<br \/>\nVW Crafter platforma \/ va\u017eiuokl\u0117 (SZ_), modeliai, pagaminti nuo 2016 m.<br \/>\nVW Eos (1F7, 1F8), pagaminimo metai: 2006\u20132015<br \/>\nVW Golf PLUS (5M1, 521), pagaminimo metai: 2005\u20132013<br \/>\nVW Golf V (1K1), pagaminimo metai: 2003\u20132009<br \/>\nVW Golf V Variant (1K5), pagaminimo metai: 2007\u20132009<br \/>\nVW Golf VI (5K1), pagaminimo metai: 2008\u20132013<br \/>\nVW Golf VI Variant (AJ5), pagaminimo metai: 2009\u20132013<br \/>\nVW Golf VII (5G1, BQ1, BE1, BE2), modeliai, pagaminti nuo 2012 m.<br \/>\nVW Golf VII Variant (BA5, BV5), modeliai, pagaminti nuo 2013 m.<br \/>\nVW Jetta III (1K2), pagaminimo metai: 2005\u20132010<br \/>\nVW Jetta IV (162, 163, AV3, AV2), modeliai, pagaminti nuo 2010 m.<br \/>\nVW Passat B6 (3C2), pagaminimo metai: 2005\u20132010<br \/>\nVW Passat B6 Variant (3C5), pagaminimo metai: 2005\u20132010<br \/>\nVW Scirocco (137, 138), pagaminimo metai: 2008\u20132017<br \/>\nVW Sharan (7N1, 7N2), modeliai, pagaminti nuo 2010 m.<br \/>\nVW T-Roc (A11), modeliai, pagaminti nuo 2017 m.<br \/>\nVW Tiguan (5N_), pagaminimo metai: 2007\u20132018<br \/>\nVW Touran (1T1, 1T2, 1T3), gamybos metai: 2003-2015<\/p>\n<p>Gamintojas: pakaitalas<br \/>\nTechnin\u0117 b\u016bkl\u0117: prek\u0117 yra visi\u0161kai nauja, nenaudota, nepa\u017eeista ir nesugadinta<\/p>\n","protected":false},"excerpt":{"rendered":"<p>1. Prek\u0117: U\u017edegimo jungiklio korpusas \/ vairo kolon\u0117l\u0117s u\u017eraktas2. Gamintojas: pakeitimas3. Automobilis:   * Audi A1 8X 10-18   * Audi A3 8P 03-13   * Audi A3 8V 2012-   * Audi Q3 8U 11-18   * Audi TT 8J 06-14<\/p>\n","protected":false},"featured_media":58835,"comment_status":"open","ping_status":"closed","template":"","meta":[],"product_brand":[],"product_cat":[3902,392,144,4775,4736,3981],"product_tag":[],"class_list":{"0":"post-58834","1":"product","2":"type-product","3":"status-publish","4":"has-post-thumbnail","6":"product_cat-audi-a1-8x","7":"product_cat-audi-a1","8":"product_cat-audi","9":"product_cat-audi-a1-8x-salono-kitos-dalys","10":"product_cat-audi-a1-8x-raktai-korpusai","11":"product_cat-audi-a1-8x-salono-dalys","13":"first","14":"instock","15":"shipping-taxable","16":"purchasable","17":"product-type-simple"},"yoast_head":"<!-- This site is optimized with the Yoast SEO Premium plugin v25.2 (Yoast SEO v27.3) - https:\/\/yoast.com\/product\/yoast-seo-premium-wordpress\/ -->\n<title>Audi A1 8X 10-18 U\u017evedimo spynel\u0117s korpusas \/ Vairo kolon\u0117l\u0117s spynel\u0117 BE D\u0116\u017dUT\u0116S - Erformance.eu<\/title>\n<meta name=\"robots\" content=\"index, follow, max-snippet:-1, max-image-preview:large, max-video-preview:-1\" \/>\n<link rel=\"canonical\" href=\"https:\/\/erformance.eu\/et\/toode\/audi-a1-8x-10-18-uzvedimo-spyneles-korpusas-vairo-koloneles-spynele-be-dezutes\/\" \/>\n<meta property=\"og:locale\" content=\"et_EE\" \/>\n<meta property=\"og:type\" content=\"article\" \/>\n<meta property=\"og:title\" content=\"Audi A1 8X 10-18 U\u017evedimo spynel\u0117s korpusas \/ Vairo kolon\u0117l\u0117s spynel\u0117 BE D\u0116\u017dUT\u0116S\" \/>\n<meta property=\"og:description\" content=\"1. Prek\u0117: U\u017edegimo jungiklio korpusas \/ vairo kolon\u0117l\u0117s u\u017eraktas2. Gamintojas: pakeitimas3. Automobilis:  * Audi A1 8X 10-18  * Audi A3 8P 03-13  * Audi A3 8V 2012-  * Audi Q3 8U 11-18  * Audi TT 8J 06-14\" \/>\n<meta property=\"og:url\" content=\"https:\/\/erformance.eu\/et\/toode\/audi-a1-8x-10-18-uzvedimo-spyneles-korpusas-vairo-koloneles-spynele-be-dezutes\/\" \/>\n<meta property=\"og:site_name\" content=\"Erformance.eu\" \/>\n<meta property=\"article:modified_time\" content=\"2026-03-05T15:42:38+00:00\" \/>\n<meta property=\"og:image\" content=\"https:\/\/erformance.eu\/wp-content\/uploads\/2026\/02\/pol_pm_Audi-A1-8X-10-18-obudowa-stacyjki-blokada-kolumny-kierowniczej-BEZ-KOSTKI-16497_1.jpg\" \/>\n\t<meta property=\"og:image:width\" content=\"1200\" \/>\n\t<meta property=\"og:image:height\" content=\"900\" \/>\n\t<meta property=\"og:image:type\" content=\"image\/jpeg\" \/>\n<meta name=\"twitter:card\" content=\"summary_large_image\" \/>\n<meta name=\"twitter:label1\" content=\"Est. reading time\" \/>\n\t<meta name=\"twitter:data1\" content=\"2 minutit\" \/>\n<script type=\"application\/ld+json\" class=\"yoast-schema-graph\">{\"@context\":\"https:\\\/\\\/schema.org\",\"@graph\":[{\"@type\":\"WebPage\",\"@id\":\"https:\\\/\\\/erformance.eu\\\/et\\\/toode\\\/audi-a1-8x-10-18-uzvedimo-spyneles-korpusas-vairo-koloneles-spynele-be-dezutes\\\/\",\"url\":\"https:\\\/\\\/erformance.eu\\\/et\\\/toode\\\/audi-a1-8x-10-18-uzvedimo-spyneles-korpusas-vairo-koloneles-spynele-be-dezutes\\\/\",\"name\":\"Audi A1 8X 10-18 U\u017evedimo spynel\u0117s korpusas \\\/ Vairo kolon\u0117l\u0117s spynel\u0117 BE D\u0116\u017dUT\u0116S - Erformance.eu\",\"isPartOf\":{\"@id\":\"https:\\\/\\\/erformance.eu\\\/et\\\/#website\"},\"primaryImageOfPage\":{\"@id\":\"https:\\\/\\\/erformance.eu\\\/et\\\/toode\\\/audi-a1-8x-10-18-uzvedimo-spyneles-korpusas-vairo-koloneles-spynele-be-dezutes\\\/#primaryimage\"},\"image\":{\"@id\":\"https:\\\/\\\/erformance.eu\\\/et\\\/toode\\\/audi-a1-8x-10-18-uzvedimo-spyneles-korpusas-vairo-koloneles-spynele-be-dezutes\\\/#primaryimage\"},\"thumbnailUrl\":\"https:\\\/\\\/erformance.eu\\\/wp-content\\\/uploads\\\/2026\\\/02\\\/pol_pm_Audi-A1-8X-10-18-obudowa-stacyjki-blokada-kolumny-kierowniczej-BEZ-KOSTKI-16497_1.jpg\",\"datePublished\":\"2026-02-16T11:54:37+00:00\",\"dateModified\":\"2026-03-05T15:42:38+00:00\",\"breadcrumb\":{\"@id\":\"https:\\\/\\\/erformance.eu\\\/et\\\/toode\\\/audi-a1-8x-10-18-uzvedimo-spyneles-korpusas-vairo-koloneles-spynele-be-dezutes\\\/#breadcrumb\"},\"inLanguage\":\"et\",\"potentialAction\":[{\"@type\":\"ReadAction\",\"target\":[\"https:\\\/\\\/erformance.eu\\\/et\\\/toode\\\/audi-a1-8x-10-18-uzvedimo-spyneles-korpusas-vairo-koloneles-spynele-be-dezutes\\\/\"]}]},{\"@type\":\"ImageObject\",\"inLanguage\":\"et\",\"@id\":\"https:\\\/\\\/erformance.eu\\\/et\\\/toode\\\/audi-a1-8x-10-18-uzvedimo-spyneles-korpusas-vairo-koloneles-spynele-be-dezutes\\\/#primaryimage\",\"url\":\"https:\\\/\\\/erformance.eu\\\/wp-content\\\/uploads\\\/2026\\\/02\\\/pol_pm_Audi-A1-8X-10-18-obudowa-stacyjki-blokada-kolumny-kierowniczej-BEZ-KOSTKI-16497_1.jpg\",\"contentUrl\":\"https:\\\/\\\/erformance.eu\\\/wp-content\\\/uploads\\\/2026\\\/02\\\/pol_pm_Audi-A1-8X-10-18-obudowa-stacyjki-blokada-kolumny-kierowniczej-BEZ-KOSTKI-16497_1.jpg\",\"width\":1200,\"height\":900},{\"@type\":\"BreadcrumbList\",\"@id\":\"https:\\\/\\\/erformance.eu\\\/et\\\/toode\\\/audi-a1-8x-10-18-uzvedimo-spyneles-korpusas-vairo-koloneles-spynele-be-dezutes\\\/#breadcrumb\",\"itemListElement\":[{\"@type\":\"ListItem\",\"position\":1,\"name\":\"Home\",\"item\":\"https:\\\/\\\/erformance.eu\\\/et\\\/\"},{\"@type\":\"ListItem\",\"position\":2,\"name\":\"Pood\",\"item\":\"https:\\\/\\\/erformance.eu\\\/et\\\/pood\\\/\"},{\"@type\":\"ListItem\",\"position\":3,\"name\":\"Audi A1 8X 10-18 U\u017evedimo spynel\u0117s korpusas \\\/ Vairo kolon\u0117l\u0117s spynel\u0117 BE D\u0116\u017dUT\u0116S\"}]},{\"@type\":\"WebSite\",\"@id\":\"https:\\\/\\\/erformance.eu\\\/et\\\/#website\",\"url\":\"https:\\\/\\\/erformance.eu\\\/et\\\/\",\"name\":\"Erformance.eu\",\"description\":\"Automobili\u0173 dali\u0173 parduotuv\u0117\",\"potentialAction\":[{\"@type\":\"SearchAction\",\"target\":{\"@type\":\"EntryPoint\",\"urlTemplate\":\"https:\\\/\\\/erformance.eu\\\/et\\\/?s={search_term_string}\"},\"query-input\":{\"@type\":\"PropertyValueSpecification\",\"valueRequired\":true,\"valueName\":\"search_term_string\"}}],\"inLanguage\":\"et\"}]}<\/script>\n<!-- \/ Yoast SEO Premium plugin. -->","yoast_head_json":{"title":"Audi A1 8X 10-18 U\u017evedimo spynel\u0117s korpusas \/ Vairo kolon\u0117l\u0117s spynel\u0117 BE D\u0116\u017dUT\u0116S - Erformance.eu","robots":{"index":"index","follow":"follow","max-snippet":"max-snippet:-1","max-image-preview":"max-image-preview:large","max-video-preview":"max-video-preview:-1"},"canonical":"https:\/\/erformance.eu\/et\/toode\/audi-a1-8x-10-18-uzvedimo-spyneles-korpusas-vairo-koloneles-spynele-be-dezutes\/","og_locale":"et_EE","og_type":"article","og_title":"Audi A1 8X 10-18 U\u017evedimo spynel\u0117s korpusas \/ Vairo kolon\u0117l\u0117s spynel\u0117 BE D\u0116\u017dUT\u0116S","og_description":"1. Prek\u0117: U\u017edegimo jungiklio korpusas \/ vairo kolon\u0117l\u0117s u\u017eraktas2. Gamintojas: pakeitimas3. Automobilis:  * Audi A1 8X 10-18  * Audi A3 8P 03-13  * Audi A3 8V 2012-  * Audi Q3 8U 11-18  * Audi TT 8J 06-14","og_url":"https:\/\/erformance.eu\/et\/toode\/audi-a1-8x-10-18-uzvedimo-spyneles-korpusas-vairo-koloneles-spynele-be-dezutes\/","og_site_name":"Erformance.eu","article_modified_time":"2026-03-05T15:42:38+00:00","og_image":[{"width":1200,"height":900,"url":"https:\/\/erformance.eu\/wp-content\/uploads\/2026\/02\/pol_pm_Audi-A1-8X-10-18-obudowa-stacyjki-blokada-kolumny-kierowniczej-BEZ-KOSTKI-16497_1.jpg","type":"image\/jpeg"}],"twitter_card":"summary_large_image","twitter_misc":{"Est. reading time":"2 minutit"},"schema":{"@context":"https:\/\/schema.org","@graph":[{"@type":"WebPage","@id":"https:\/\/erformance.eu\/et\/toode\/audi-a1-8x-10-18-uzvedimo-spyneles-korpusas-vairo-koloneles-spynele-be-dezutes\/","url":"https:\/\/erformance.eu\/et\/toode\/audi-a1-8x-10-18-uzvedimo-spyneles-korpusas-vairo-koloneles-spynele-be-dezutes\/","name":"Audi A1 8X 10-18 U\u017evedimo spynel\u0117s korpusas \/ Vairo kolon\u0117l\u0117s spynel\u0117 BE D\u0116\u017dUT\u0116S - Erformance.eu","isPartOf":{"@id":"https:\/\/erformance.eu\/et\/#website"},"primaryImageOfPage":{"@id":"https:\/\/erformance.eu\/et\/toode\/audi-a1-8x-10-18-uzvedimo-spyneles-korpusas-vairo-koloneles-spynele-be-dezutes\/#primaryimage"},"image":{"@id":"https:\/\/erformance.eu\/et\/toode\/audi-a1-8x-10-18-uzvedimo-spyneles-korpusas-vairo-koloneles-spynele-be-dezutes\/#primaryimage"},"thumbnailUrl":"https:\/\/erformance.eu\/wp-content\/uploads\/2026\/02\/pol_pm_Audi-A1-8X-10-18-obudowa-stacyjki-blokada-kolumny-kierowniczej-BEZ-KOSTKI-16497_1.jpg","datePublished":"2026-02-16T11:54:37+00:00","dateModified":"2026-03-05T15:42:38+00:00","breadcrumb":{"@id":"https:\/\/erformance.eu\/et\/toode\/audi-a1-8x-10-18-uzvedimo-spyneles-korpusas-vairo-koloneles-spynele-be-dezutes\/#breadcrumb"},"inLanguage":"et","potentialAction":[{"@type":"ReadAction","target":["https:\/\/erformance.eu\/et\/toode\/audi-a1-8x-10-18-uzvedimo-spyneles-korpusas-vairo-koloneles-spynele-be-dezutes\/"]}]},{"@type":"ImageObject","inLanguage":"et","@id":"https:\/\/erformance.eu\/et\/toode\/audi-a1-8x-10-18-uzvedimo-spyneles-korpusas-vairo-koloneles-spynele-be-dezutes\/#primaryimage","url":"https:\/\/erformance.eu\/wp-content\/uploads\/2026\/02\/pol_pm_Audi-A1-8X-10-18-obudowa-stacyjki-blokada-kolumny-kierowniczej-BEZ-KOSTKI-16497_1.jpg","contentUrl":"https:\/\/erformance.eu\/wp-content\/uploads\/2026\/02\/pol_pm_Audi-A1-8X-10-18-obudowa-stacyjki-blokada-kolumny-kierowniczej-BEZ-KOSTKI-16497_1.jpg","width":1200,"height":900},{"@type":"BreadcrumbList","@id":"https:\/\/erformance.eu\/et\/toode\/audi-a1-8x-10-18-uzvedimo-spyneles-korpusas-vairo-koloneles-spynele-be-dezutes\/#breadcrumb","itemListElement":[{"@type":"ListItem","position":1,"name":"Home","item":"https:\/\/erformance.eu\/et\/"},{"@type":"ListItem","position":2,"name":"Pood","item":"https:\/\/erformance.eu\/et\/pood\/"},{"@type":"ListItem","position":3,"name":"Audi A1 8X 10-18 U\u017evedimo spynel\u0117s korpusas \/ Vairo kolon\u0117l\u0117s spynel\u0117 BE D\u0116\u017dUT\u0116S"}]},{"@type":"WebSite","@id":"https:\/\/erformance.eu\/et\/#website","url":"https:\/\/erformance.eu\/et\/","name":"Erformance.eu","description":"Automobili\u0173 dali\u0173 parduotuv\u0117","potentialAction":[{"@type":"SearchAction","target":{"@type":"EntryPoint","urlTemplate":"https:\/\/erformance.eu\/et\/?s={search_term_string}"},"query-input":{"@type":"PropertyValueSpecification","valueRequired":true,"valueName":"search_term_string"}}],"inLanguage":"et"}]}},"jetpack_sharing_enabled":true,"_links":{"self":[{"href":"https:\/\/erformance.eu\/et\/wp-json\/wp\/v2\/product\/58834","targetHints":{"allow":["GET"]}}],"collection":[{"href":"https:\/\/erformance.eu\/et\/wp-json\/wp\/v2\/product"}],"about":[{"href":"https:\/\/erformance.eu\/et\/wp-json\/wp\/v2\/types\/product"}],"replies":[{"embeddable":true,"href":"https:\/\/erformance.eu\/et\/wp-json\/wp\/v2\/comments?post=58834"}],"version-history":[{"count":1,"href":"https:\/\/erformance.eu\/et\/wp-json\/wp\/v2\/product\/58834\/revisions"}],"predecessor-version":[{"id":58837,"href":"https:\/\/erformance.eu\/et\/wp-json\/wp\/v2\/product\/58834\/revisions\/58837"}],"wp:featuredmedia":[{"embeddable":true,"href":"https:\/\/erformance.eu\/et\/wp-json\/wp\/v2\/media\/58835"}],"wp:attachment":[{"href":"https:\/\/erformance.eu\/et\/wp-json\/wp\/v2\/media?parent=58834"}],"wp:term":[{"taxonomy":"product_brand","embeddable":true,"href":"https:\/\/erformance.eu\/et\/wp-json\/wp\/v2\/product_brand?post=58834"},{"taxonomy":"product_cat","embeddable":true,"href":"https:\/\/erformance.eu\/et\/wp-json\/wp\/v2\/product_cat?post=58834"},{"taxonomy":"product_tag","embeddable":true,"href":"https:\/\/erformance.eu\/et\/wp-json\/wp\/v2\/product_tag?post=58834"}],"curies":[{"name":"wp","href":"https:\/\/api.w.org\/{rel}","templated":true}]}}