{"id":58994,"date":"2026-02-16T14:56:39","date_gmt":"2026-02-16T11:56:39","guid":{"rendered":"https:\/\/erformance.eu\/?post_type=product&#038;p=58994"},"modified":"2026-02-26T02:47:42","modified_gmt":"2026-02-25T23:47:42","slug":"bmw-1-f20-f21-2011-galinio-bagazines-dangcio-spyna-3","status":"publish","type":"product","link":"https:\/\/erformance.eu\/et\/toode\/bmw-1-f20-f21-2011-galinio-bagazines-dangcio-spyna-3\/","title":{"rendered":"BMW 1 F20 F21 2011- galinio baga\u017ein\u0117s dang\u010dio spyna"},"content":{"rendered":"<p>Prek\u0117: Galinio baga\u017ein\u0117s dang\u010dio u\u017eraktas<br \/>\nOriginalus numeris:<\/p>\n<p>51247248075<br \/>\n7248075<br \/>\n51 24 7 248 075<br \/>\n7 248 075<\/p>\n<p>PASTABA: auk\u0161\u010diau pateikti numeriai yra original\u016bs dali\u0173 numeriai, kuriuos \u0161is pasi\u016blymas pakei\u010dia. Prie\u0161 pirkdami, palyginkite juos su originaliu dalies numeriu. Jei jie skiriasi net vienu simboliu, dalis netiks, neveiks arba veiks netinkamai. Tokiu atveju jos nepirkite.<br \/>\nAutomobilis:<\/p>\n<p>BMW 1 (F20), pagaminimo metai: 2011\u20132019<br \/>\nBMW 1 Van (F20), pagaminimo metai: 2015\u20132019<br \/>\nBMW 1 (F21), modeliai, pagaminti nuo 2011 m.<br \/>\nBMW i3 (I01), modeliai, pagaminti nuo 2013 m.<\/p>\n<p>Gamintojas: pakaitalas<br \/>\nTechnin\u0117 b\u016bkl\u0117: prek\u0117 yra visi\u0161kai nauja, nenaudota, nepa\u017eeista ir nesugadinta<\/p>\n","protected":false},"excerpt":{"rendered":"<p>1. Prek\u0117: Galinio baga\u017ein\u0117s dang\u010dio u\u017eraktas2. Gamintojas: pakeitimas3. Automobilis:     * BMW 1 F20 F21 2011-     * BMW i3 I01 2013-<\/p>\n","protected":false},"featured_media":51168,"comment_status":"open","ping_status":"closed","template":"","meta":[],"product_brand":[],"product_cat":[122,121,43,2768,3356,3355],"product_tag":[],"class_list":{"0":"post-58994","1":"product","2":"type-product","3":"status-publish","4":"has-post-thumbnail","6":"product_cat-1-serija","7":"product_cat-bmw","8":"product_cat-f20-f21","9":"product_cat-f20-f21-isores-dalys","10":"product_cat-f20-f21-isores-kitos-isores-dalys","11":"product_cat-f20-f21-isores-mechanizmai-valytuvai","13":"first","14":"instock","15":"shipping-taxable","16":"purchasable","17":"product-type-simple"},"yoast_head":"<!-- This site is optimized with the Yoast SEO Premium plugin v25.2 (Yoast SEO v27.5) - https:\/\/yoast.com\/product\/yoast-seo-premium-wordpress\/ -->\n<title>BMW 1 F20 F21 2011- galinio baga\u017ein\u0117s dang\u010dio spyna - Erformance.eu<\/title>\n<meta name=\"robots\" content=\"index, follow, max-snippet:-1, max-image-preview:large, max-video-preview:-1\" \/>\n<link rel=\"canonical\" href=\"https:\/\/erformance.eu\/et\/toode\/bmw-1-f20-f21-2011-galinio-bagazines-dangcio-spyna-3\/\" \/>\n<meta property=\"og:locale\" content=\"et_EE\" \/>\n<meta property=\"og:type\" content=\"article\" \/>\n<meta property=\"og:title\" content=\"BMW 1 F20 F21 2011- galinio baga\u017ein\u0117s dang\u010dio spyna\" \/>\n<meta property=\"og:description\" content=\"1. Prek\u0117: Galinio baga\u017ein\u0117s dang\u010dio u\u017eraktas2. Gamintojas: pakeitimas3. Automobilis:   * BMW 1 F20 F21 2011-   * BMW i3 I01 2013-\" \/>\n<meta property=\"og:url\" content=\"https:\/\/erformance.eu\/et\/toode\/bmw-1-f20-f21-2011-galinio-bagazines-dangcio-spyna-3\/\" \/>\n<meta property=\"og:site_name\" content=\"Erformance.eu\" \/>\n<meta property=\"article:modified_time\" content=\"2026-02-25T23:47:42+00:00\" \/>\n<meta property=\"og:image\" content=\"https:\/\/erformance.eu\/wp-content\/uploads\/2026\/02\/pol_pm_BMW-1-F20-F21-2011-zamek-tylnej-klapy-bagaznika-27221_1.jpg\" \/>\n\t<meta property=\"og:image:width\" content=\"1200\" \/>\n\t<meta property=\"og:image:height\" content=\"1200\" \/>\n\t<meta property=\"og:image:type\" content=\"image\/jpeg\" \/>\n<meta name=\"twitter:card\" content=\"summary_large_image\" \/>\n<script type=\"application\/ld+json\" class=\"yoast-schema-graph\">{\"@context\":\"https:\\\/\\\/schema.org\",\"@graph\":[{\"@type\":\"WebPage\",\"@id\":\"https:\\\/\\\/erformance.eu\\\/et\\\/toode\\\/bmw-1-f20-f21-2011-galinio-bagazines-dangcio-spyna-3\\\/\",\"url\":\"https:\\\/\\\/erformance.eu\\\/et\\\/toode\\\/bmw-1-f20-f21-2011-galinio-bagazines-dangcio-spyna-3\\\/\",\"name\":\"BMW 1 F20 F21 2011- galinio baga\u017ein\u0117s dang\u010dio spyna - Erformance.eu\",\"isPartOf\":{\"@id\":\"https:\\\/\\\/erformance.eu\\\/et\\\/#website\"},\"primaryImageOfPage\":{\"@id\":\"https:\\\/\\\/erformance.eu\\\/et\\\/toode\\\/bmw-1-f20-f21-2011-galinio-bagazines-dangcio-spyna-3\\\/#primaryimage\"},\"image\":{\"@id\":\"https:\\\/\\\/erformance.eu\\\/et\\\/toode\\\/bmw-1-f20-f21-2011-galinio-bagazines-dangcio-spyna-3\\\/#primaryimage\"},\"thumbnailUrl\":\"https:\\\/\\\/erformance.eu\\\/wp-content\\\/uploads\\\/2026\\\/02\\\/pol_pm_BMW-1-F20-F21-2011-zamek-tylnej-klapy-bagaznika-27221_1.jpg\",\"datePublished\":\"2026-02-16T11:56:39+00:00\",\"dateModified\":\"2026-02-25T23:47:42+00:00\",\"breadcrumb\":{\"@id\":\"https:\\\/\\\/erformance.eu\\\/et\\\/toode\\\/bmw-1-f20-f21-2011-galinio-bagazines-dangcio-spyna-3\\\/#breadcrumb\"},\"inLanguage\":\"et\",\"potentialAction\":[{\"@type\":\"ReadAction\",\"target\":[\"https:\\\/\\\/erformance.eu\\\/et\\\/toode\\\/bmw-1-f20-f21-2011-galinio-bagazines-dangcio-spyna-3\\\/\"]}]},{\"@type\":\"ImageObject\",\"inLanguage\":\"et\",\"@id\":\"https:\\\/\\\/erformance.eu\\\/et\\\/toode\\\/bmw-1-f20-f21-2011-galinio-bagazines-dangcio-spyna-3\\\/#primaryimage\",\"url\":\"https:\\\/\\\/erformance.eu\\\/wp-content\\\/uploads\\\/2026\\\/02\\\/pol_pm_BMW-1-F20-F21-2011-zamek-tylnej-klapy-bagaznika-27221_1.jpg\",\"contentUrl\":\"https:\\\/\\\/erformance.eu\\\/wp-content\\\/uploads\\\/2026\\\/02\\\/pol_pm_BMW-1-F20-F21-2011-zamek-tylnej-klapy-bagaznika-27221_1.jpg\",\"width\":1200,\"height\":1200},{\"@type\":\"BreadcrumbList\",\"@id\":\"https:\\\/\\\/erformance.eu\\\/et\\\/toode\\\/bmw-1-f20-f21-2011-galinio-bagazines-dangcio-spyna-3\\\/#breadcrumb\",\"itemListElement\":[{\"@type\":\"ListItem\",\"position\":1,\"name\":\"Home\",\"item\":\"https:\\\/\\\/erformance.eu\\\/et\\\/\"},{\"@type\":\"ListItem\",\"position\":2,\"name\":\"Pood\",\"item\":\"https:\\\/\\\/erformance.eu\\\/et\\\/pood\\\/\"},{\"@type\":\"ListItem\",\"position\":3,\"name\":\"BMW 1 F20 F21 2011- galinio baga\u017ein\u0117s dang\u010dio spyna\"}]},{\"@type\":\"WebSite\",\"@id\":\"https:\\\/\\\/erformance.eu\\\/et\\\/#website\",\"url\":\"https:\\\/\\\/erformance.eu\\\/et\\\/\",\"name\":\"Erformance.eu\",\"description\":\"Automobili\u0173 dali\u0173 parduotuv\u0117\",\"potentialAction\":[{\"@type\":\"SearchAction\",\"target\":{\"@type\":\"EntryPoint\",\"urlTemplate\":\"https:\\\/\\\/erformance.eu\\\/et\\\/?s={search_term_string}\"},\"query-input\":{\"@type\":\"PropertyValueSpecification\",\"valueRequired\":true,\"valueName\":\"search_term_string\"}}],\"inLanguage\":\"et\"}]}<\/script>\n<!-- \/ Yoast SEO Premium plugin. -->","yoast_head_json":{"title":"BMW 1 F20 F21 2011- galinio baga\u017ein\u0117s dang\u010dio spyna - Erformance.eu","robots":{"index":"index","follow":"follow","max-snippet":"max-snippet:-1","max-image-preview":"max-image-preview:large","max-video-preview":"max-video-preview:-1"},"canonical":"https:\/\/erformance.eu\/et\/toode\/bmw-1-f20-f21-2011-galinio-bagazines-dangcio-spyna-3\/","og_locale":"et_EE","og_type":"article","og_title":"BMW 1 F20 F21 2011- galinio baga\u017ein\u0117s dang\u010dio spyna","og_description":"1. Prek\u0117: Galinio baga\u017ein\u0117s dang\u010dio u\u017eraktas2. Gamintojas: pakeitimas3. Automobilis:   * BMW 1 F20 F21 2011-   * BMW i3 I01 2013-","og_url":"https:\/\/erformance.eu\/et\/toode\/bmw-1-f20-f21-2011-galinio-bagazines-dangcio-spyna-3\/","og_site_name":"Erformance.eu","article_modified_time":"2026-02-25T23:47:42+00:00","og_image":[{"width":1200,"height":1200,"url":"https:\/\/erformance.eu\/wp-content\/uploads\/2026\/02\/pol_pm_BMW-1-F20-F21-2011-zamek-tylnej-klapy-bagaznika-27221_1.jpg","type":"image\/jpeg"}],"twitter_card":"summary_large_image","schema":{"@context":"https:\/\/schema.org","@graph":[{"@type":"WebPage","@id":"https:\/\/erformance.eu\/et\/toode\/bmw-1-f20-f21-2011-galinio-bagazines-dangcio-spyna-3\/","url":"https:\/\/erformance.eu\/et\/toode\/bmw-1-f20-f21-2011-galinio-bagazines-dangcio-spyna-3\/","name":"BMW 1 F20 F21 2011- galinio baga\u017ein\u0117s dang\u010dio spyna - Erformance.eu","isPartOf":{"@id":"https:\/\/erformance.eu\/et\/#website"},"primaryImageOfPage":{"@id":"https:\/\/erformance.eu\/et\/toode\/bmw-1-f20-f21-2011-galinio-bagazines-dangcio-spyna-3\/#primaryimage"},"image":{"@id":"https:\/\/erformance.eu\/et\/toode\/bmw-1-f20-f21-2011-galinio-bagazines-dangcio-spyna-3\/#primaryimage"},"thumbnailUrl":"https:\/\/erformance.eu\/wp-content\/uploads\/2026\/02\/pol_pm_BMW-1-F20-F21-2011-zamek-tylnej-klapy-bagaznika-27221_1.jpg","datePublished":"2026-02-16T11:56:39+00:00","dateModified":"2026-02-25T23:47:42+00:00","breadcrumb":{"@id":"https:\/\/erformance.eu\/et\/toode\/bmw-1-f20-f21-2011-galinio-bagazines-dangcio-spyna-3\/#breadcrumb"},"inLanguage":"et","potentialAction":[{"@type":"ReadAction","target":["https:\/\/erformance.eu\/et\/toode\/bmw-1-f20-f21-2011-galinio-bagazines-dangcio-spyna-3\/"]}]},{"@type":"ImageObject","inLanguage":"et","@id":"https:\/\/erformance.eu\/et\/toode\/bmw-1-f20-f21-2011-galinio-bagazines-dangcio-spyna-3\/#primaryimage","url":"https:\/\/erformance.eu\/wp-content\/uploads\/2026\/02\/pol_pm_BMW-1-F20-F21-2011-zamek-tylnej-klapy-bagaznika-27221_1.jpg","contentUrl":"https:\/\/erformance.eu\/wp-content\/uploads\/2026\/02\/pol_pm_BMW-1-F20-F21-2011-zamek-tylnej-klapy-bagaznika-27221_1.jpg","width":1200,"height":1200},{"@type":"BreadcrumbList","@id":"https:\/\/erformance.eu\/et\/toode\/bmw-1-f20-f21-2011-galinio-bagazines-dangcio-spyna-3\/#breadcrumb","itemListElement":[{"@type":"ListItem","position":1,"name":"Home","item":"https:\/\/erformance.eu\/et\/"},{"@type":"ListItem","position":2,"name":"Pood","item":"https:\/\/erformance.eu\/et\/pood\/"},{"@type":"ListItem","position":3,"name":"BMW 1 F20 F21 2011- galinio baga\u017ein\u0117s dang\u010dio spyna"}]},{"@type":"WebSite","@id":"https:\/\/erformance.eu\/et\/#website","url":"https:\/\/erformance.eu\/et\/","name":"Erformance.eu","description":"Automobili\u0173 dali\u0173 parduotuv\u0117","potentialAction":[{"@type":"SearchAction","target":{"@type":"EntryPoint","urlTemplate":"https:\/\/erformance.eu\/et\/?s={search_term_string}"},"query-input":{"@type":"PropertyValueSpecification","valueRequired":true,"valueName":"search_term_string"}}],"inLanguage":"et"}]}},"jetpack_sharing_enabled":true,"_links":{"self":[{"href":"https:\/\/erformance.eu\/et\/wp-json\/wp\/v2\/product\/58994","targetHints":{"allow":["GET"]}}],"collection":[{"href":"https:\/\/erformance.eu\/et\/wp-json\/wp\/v2\/product"}],"about":[{"href":"https:\/\/erformance.eu\/et\/wp-json\/wp\/v2\/types\/product"}],"replies":[{"embeddable":true,"href":"https:\/\/erformance.eu\/et\/wp-json\/wp\/v2\/comments?post=58994"}],"version-history":[{"count":1,"href":"https:\/\/erformance.eu\/et\/wp-json\/wp\/v2\/product\/58994\/revisions"}],"predecessor-version":[{"id":58995,"href":"https:\/\/erformance.eu\/et\/wp-json\/wp\/v2\/product\/58994\/revisions\/58995"}],"wp:featuredmedia":[{"embeddable":true,"href":"https:\/\/erformance.eu\/et\/wp-json\/wp\/v2\/media\/51168"}],"wp:attachment":[{"href":"https:\/\/erformance.eu\/et\/wp-json\/wp\/v2\/media?parent=58994"}],"wp:term":[{"taxonomy":"product_brand","embeddable":true,"href":"https:\/\/erformance.eu\/et\/wp-json\/wp\/v2\/product_brand?post=58994"},{"taxonomy":"product_cat","embeddable":true,"href":"https:\/\/erformance.eu\/et\/wp-json\/wp\/v2\/product_cat?post=58994"},{"taxonomy":"product_tag","embeddable":true,"href":"https:\/\/erformance.eu\/et\/wp-json\/wp\/v2\/product_tag?post=58994"}],"curies":[{"name":"wp","href":"https:\/\/api.w.org\/{rel}","templated":true}]}}