{"id":59075,"date":"2026-02-16T14:57:11","date_gmt":"2026-02-16T11:57:11","guid":{"rendered":"https:\/\/erformance.eu\/?post_type=product&#038;p=59075"},"modified":"2026-03-12T17:41:16","modified_gmt":"2026-03-12T14:41:16","slug":"audi-a4-b5-universalas-96-01-galinio-valytuvo-variklio-remonto-komplektas","status":"publish","type":"product","link":"https:\/\/erformance.eu\/et\/toode\/audi-a4-b5-universalas-96-01-galinio-valytuvo-variklio-remonto-komplektas\/","title":{"rendered":"Audi A4 B5 universalas 96-01 galinio valytuvo variklio remonto komplektas"},"content":{"rendered":"<p>Prek\u0117: Galinio valytuvo variklio remonto komplektas (2 dalys)<br \/>\nOriginalus numeris: 8E9955711<br \/>\nPASTABA: auk\u0161\u010diau pateikti numeriai yra original\u016bs dali\u0173 numeriai, kuriuos \u0161is pasi\u016blymas pakei\u010dia. Prie\u0161 pirkdami, palyginkite juos su originaliu dalies numeriu. Jei jie skiriasi net vienu simboliu, dalis netiks, neveiks arba veiks netinkamai. Tokiu atveju jos nepirkite.<br \/>\nAutomobilis:<\/p>\n<p>Audi A3<br \/>\nAudi A4 B5 UNIVERSALAS , pagaminimo metai: 1996\u20132001<br \/>\nAudi A6 C5 UNIVERSALAS , pagaminimo metai: 1998\u20132006<br \/>\nAudi A6 Allroad<br \/>\nSeat Leon<br \/>\nSeat Toledo<br \/>\n\u0160koda Fabia<br \/>\n\u0160koda Octavia<br \/>\nVW Bora<br \/>\nVW Golf IV UNIVERSALAS<br \/>\nVW Passat B5 KOMBI , gamybos metai: 1996-2000<\/p>\n<p>Gamintojas: pakaitalas<br \/>\nTechnin\u0117 b\u016bkl\u0117: prek\u0117 yra visi\u0161kai nauja, nenaudota, nepa\u017eeista ir nesugadinta<\/p>\n","protected":false},"excerpt":{"rendered":"<p>1. Prek\u0117: Galinio valytuvo variklio remonto komplektas2. Automobilis:* Audi A3* Audi A4 B5 universalas* Audi A6 C5 universalas* Audi A6 Allroad* Seat Leon* Seat Toledo* \u0160koda Fabia*\u0160koda Octavia* VW Bora* VW Golf IV universalas* VW Passat B5 universalas<\/p>\n","protected":false},"featured_media":59076,"comment_status":"open","ping_status":"closed","template":"","meta":[],"product_brand":[],"product_cat":[390,144,3908,3948,4348],"product_tag":[],"class_list":{"0":"post-59075","1":"product","2":"type-product","3":"status-publish","4":"has-post-thumbnail","6":"product_cat-audi-a4","7":"product_cat-audi","8":"product_cat-audi-a4-b5","9":"product_cat-audi-a4-b5-isores-dalys","10":"product_cat-audi-a4-b5-mechanizmai-valytuvai","12":"first","13":"instock","14":"shipping-taxable","15":"purchasable","16":"product-type-simple"},"yoast_head":"<!-- This site is optimized with the Yoast SEO Premium plugin v25.2 (Yoast SEO v27.5) - https:\/\/yoast.com\/product\/yoast-seo-premium-wordpress\/ -->\n<title>Audi A4 B5 universalas 96-01 galinio valytuvo variklio remonto komplektas - Erformance.eu<\/title>\n<meta name=\"robots\" content=\"index, follow, max-snippet:-1, max-image-preview:large, max-video-preview:-1\" \/>\n<link rel=\"canonical\" href=\"https:\/\/erformance.eu\/et\/toode\/audi-a4-b5-universalas-96-01-galinio-valytuvo-variklio-remonto-komplektas\/\" \/>\n<meta property=\"og:locale\" content=\"et_EE\" \/>\n<meta property=\"og:type\" content=\"article\" \/>\n<meta property=\"og:title\" content=\"Audi A4 B5 universalas 96-01 galinio valytuvo variklio remonto komplektas\" \/>\n<meta property=\"og:description\" content=\"1. Prek\u0117: Galinio valytuvo variklio remonto komplektas2. Automobilis:* Audi A3* Audi A4 B5 universalas* Audi A6 C5 universalas* Audi A6 Allroad* Seat Leon* Seat Toledo* \u0160koda Fabia*\u0160koda Octavia* VW Bora* VW Golf IV universalas* VW Passat B5 universalas\" \/>\n<meta property=\"og:url\" content=\"https:\/\/erformance.eu\/et\/toode\/audi-a4-b5-universalas-96-01-galinio-valytuvo-variklio-remonto-komplektas\/\" \/>\n<meta property=\"og:site_name\" content=\"Erformance.eu\" \/>\n<meta property=\"article:modified_time\" content=\"2026-03-12T14:41:16+00:00\" \/>\n<meta property=\"og:image\" content=\"https:\/\/erformance.eu\/wp-content\/uploads\/2026\/02\/pol_pm_Audi-A4-B5-kombi-96-01-zestaw-naprawczy-silniczka-wycieraczki-tylnej-9386_1.jpg\" \/>\n\t<meta property=\"og:image:width\" content=\"1200\" \/>\n\t<meta property=\"og:image:height\" content=\"1200\" \/>\n\t<meta property=\"og:image:type\" content=\"image\/jpeg\" \/>\n<meta name=\"twitter:card\" content=\"summary_large_image\" \/>\n<meta name=\"twitter:label1\" content=\"Est. reading time\" \/>\n\t<meta name=\"twitter:data1\" content=\"1 minut\" \/>\n<script type=\"application\/ld+json\" class=\"yoast-schema-graph\">{\"@context\":\"https:\\\/\\\/schema.org\",\"@graph\":[{\"@type\":\"WebPage\",\"@id\":\"https:\\\/\\\/erformance.eu\\\/et\\\/toode\\\/audi-a4-b5-universalas-96-01-galinio-valytuvo-variklio-remonto-komplektas\\\/\",\"url\":\"https:\\\/\\\/erformance.eu\\\/et\\\/toode\\\/audi-a4-b5-universalas-96-01-galinio-valytuvo-variklio-remonto-komplektas\\\/\",\"name\":\"Audi A4 B5 universalas 96-01 galinio valytuvo variklio remonto komplektas - Erformance.eu\",\"isPartOf\":{\"@id\":\"https:\\\/\\\/erformance.eu\\\/et\\\/#website\"},\"primaryImageOfPage\":{\"@id\":\"https:\\\/\\\/erformance.eu\\\/et\\\/toode\\\/audi-a4-b5-universalas-96-01-galinio-valytuvo-variklio-remonto-komplektas\\\/#primaryimage\"},\"image\":{\"@id\":\"https:\\\/\\\/erformance.eu\\\/et\\\/toode\\\/audi-a4-b5-universalas-96-01-galinio-valytuvo-variklio-remonto-komplektas\\\/#primaryimage\"},\"thumbnailUrl\":\"https:\\\/\\\/erformance.eu\\\/wp-content\\\/uploads\\\/2026\\\/02\\\/pol_pm_Audi-A4-B5-kombi-96-01-zestaw-naprawczy-silniczka-wycieraczki-tylnej-9386_1.jpg\",\"datePublished\":\"2026-02-16T11:57:11+00:00\",\"dateModified\":\"2026-03-12T14:41:16+00:00\",\"breadcrumb\":{\"@id\":\"https:\\\/\\\/erformance.eu\\\/et\\\/toode\\\/audi-a4-b5-universalas-96-01-galinio-valytuvo-variklio-remonto-komplektas\\\/#breadcrumb\"},\"inLanguage\":\"et\",\"potentialAction\":[{\"@type\":\"ReadAction\",\"target\":[\"https:\\\/\\\/erformance.eu\\\/et\\\/toode\\\/audi-a4-b5-universalas-96-01-galinio-valytuvo-variklio-remonto-komplektas\\\/\"]}]},{\"@type\":\"ImageObject\",\"inLanguage\":\"et\",\"@id\":\"https:\\\/\\\/erformance.eu\\\/et\\\/toode\\\/audi-a4-b5-universalas-96-01-galinio-valytuvo-variklio-remonto-komplektas\\\/#primaryimage\",\"url\":\"https:\\\/\\\/erformance.eu\\\/wp-content\\\/uploads\\\/2026\\\/02\\\/pol_pm_Audi-A4-B5-kombi-96-01-zestaw-naprawczy-silniczka-wycieraczki-tylnej-9386_1.jpg\",\"contentUrl\":\"https:\\\/\\\/erformance.eu\\\/wp-content\\\/uploads\\\/2026\\\/02\\\/pol_pm_Audi-A4-B5-kombi-96-01-zestaw-naprawczy-silniczka-wycieraczki-tylnej-9386_1.jpg\",\"width\":1200,\"height\":1200},{\"@type\":\"BreadcrumbList\",\"@id\":\"https:\\\/\\\/erformance.eu\\\/et\\\/toode\\\/audi-a4-b5-universalas-96-01-galinio-valytuvo-variklio-remonto-komplektas\\\/#breadcrumb\",\"itemListElement\":[{\"@type\":\"ListItem\",\"position\":1,\"name\":\"Home\",\"item\":\"https:\\\/\\\/erformance.eu\\\/et\\\/\"},{\"@type\":\"ListItem\",\"position\":2,\"name\":\"Pood\",\"item\":\"https:\\\/\\\/erformance.eu\\\/et\\\/pood\\\/\"},{\"@type\":\"ListItem\",\"position\":3,\"name\":\"Audi A4 B5 universalas 96-01 galinio valytuvo variklio remonto komplektas\"}]},{\"@type\":\"WebSite\",\"@id\":\"https:\\\/\\\/erformance.eu\\\/et\\\/#website\",\"url\":\"https:\\\/\\\/erformance.eu\\\/et\\\/\",\"name\":\"Erformance.eu\",\"description\":\"Automobili\u0173 dali\u0173 parduotuv\u0117\",\"potentialAction\":[{\"@type\":\"SearchAction\",\"target\":{\"@type\":\"EntryPoint\",\"urlTemplate\":\"https:\\\/\\\/erformance.eu\\\/et\\\/?s={search_term_string}\"},\"query-input\":{\"@type\":\"PropertyValueSpecification\",\"valueRequired\":true,\"valueName\":\"search_term_string\"}}],\"inLanguage\":\"et\"}]}<\/script>\n<!-- \/ Yoast SEO Premium plugin. -->","yoast_head_json":{"title":"Audi A4 B5 universalas 96-01 galinio valytuvo variklio remonto komplektas - Erformance.eu","robots":{"index":"index","follow":"follow","max-snippet":"max-snippet:-1","max-image-preview":"max-image-preview:large","max-video-preview":"max-video-preview:-1"},"canonical":"https:\/\/erformance.eu\/et\/toode\/audi-a4-b5-universalas-96-01-galinio-valytuvo-variklio-remonto-komplektas\/","og_locale":"et_EE","og_type":"article","og_title":"Audi A4 B5 universalas 96-01 galinio valytuvo variklio remonto komplektas","og_description":"1. Prek\u0117: Galinio valytuvo variklio remonto komplektas2. Automobilis:* Audi A3* Audi A4 B5 universalas* Audi A6 C5 universalas* Audi A6 Allroad* Seat Leon* Seat Toledo* \u0160koda Fabia*\u0160koda Octavia* VW Bora* VW Golf IV universalas* VW Passat B5 universalas","og_url":"https:\/\/erformance.eu\/et\/toode\/audi-a4-b5-universalas-96-01-galinio-valytuvo-variklio-remonto-komplektas\/","og_site_name":"Erformance.eu","article_modified_time":"2026-03-12T14:41:16+00:00","og_image":[{"width":1200,"height":1200,"url":"https:\/\/erformance.eu\/wp-content\/uploads\/2026\/02\/pol_pm_Audi-A4-B5-kombi-96-01-zestaw-naprawczy-silniczka-wycieraczki-tylnej-9386_1.jpg","type":"image\/jpeg"}],"twitter_card":"summary_large_image","twitter_misc":{"Est. reading time":"1 minut"},"schema":{"@context":"https:\/\/schema.org","@graph":[{"@type":"WebPage","@id":"https:\/\/erformance.eu\/et\/toode\/audi-a4-b5-universalas-96-01-galinio-valytuvo-variklio-remonto-komplektas\/","url":"https:\/\/erformance.eu\/et\/toode\/audi-a4-b5-universalas-96-01-galinio-valytuvo-variklio-remonto-komplektas\/","name":"Audi A4 B5 universalas 96-01 galinio valytuvo variklio remonto komplektas - Erformance.eu","isPartOf":{"@id":"https:\/\/erformance.eu\/et\/#website"},"primaryImageOfPage":{"@id":"https:\/\/erformance.eu\/et\/toode\/audi-a4-b5-universalas-96-01-galinio-valytuvo-variklio-remonto-komplektas\/#primaryimage"},"image":{"@id":"https:\/\/erformance.eu\/et\/toode\/audi-a4-b5-universalas-96-01-galinio-valytuvo-variklio-remonto-komplektas\/#primaryimage"},"thumbnailUrl":"https:\/\/erformance.eu\/wp-content\/uploads\/2026\/02\/pol_pm_Audi-A4-B5-kombi-96-01-zestaw-naprawczy-silniczka-wycieraczki-tylnej-9386_1.jpg","datePublished":"2026-02-16T11:57:11+00:00","dateModified":"2026-03-12T14:41:16+00:00","breadcrumb":{"@id":"https:\/\/erformance.eu\/et\/toode\/audi-a4-b5-universalas-96-01-galinio-valytuvo-variklio-remonto-komplektas\/#breadcrumb"},"inLanguage":"et","potentialAction":[{"@type":"ReadAction","target":["https:\/\/erformance.eu\/et\/toode\/audi-a4-b5-universalas-96-01-galinio-valytuvo-variklio-remonto-komplektas\/"]}]},{"@type":"ImageObject","inLanguage":"et","@id":"https:\/\/erformance.eu\/et\/toode\/audi-a4-b5-universalas-96-01-galinio-valytuvo-variklio-remonto-komplektas\/#primaryimage","url":"https:\/\/erformance.eu\/wp-content\/uploads\/2026\/02\/pol_pm_Audi-A4-B5-kombi-96-01-zestaw-naprawczy-silniczka-wycieraczki-tylnej-9386_1.jpg","contentUrl":"https:\/\/erformance.eu\/wp-content\/uploads\/2026\/02\/pol_pm_Audi-A4-B5-kombi-96-01-zestaw-naprawczy-silniczka-wycieraczki-tylnej-9386_1.jpg","width":1200,"height":1200},{"@type":"BreadcrumbList","@id":"https:\/\/erformance.eu\/et\/toode\/audi-a4-b5-universalas-96-01-galinio-valytuvo-variklio-remonto-komplektas\/#breadcrumb","itemListElement":[{"@type":"ListItem","position":1,"name":"Home","item":"https:\/\/erformance.eu\/et\/"},{"@type":"ListItem","position":2,"name":"Pood","item":"https:\/\/erformance.eu\/et\/pood\/"},{"@type":"ListItem","position":3,"name":"Audi A4 B5 universalas 96-01 galinio valytuvo variklio remonto komplektas"}]},{"@type":"WebSite","@id":"https:\/\/erformance.eu\/et\/#website","url":"https:\/\/erformance.eu\/et\/","name":"Erformance.eu","description":"Automobili\u0173 dali\u0173 parduotuv\u0117","potentialAction":[{"@type":"SearchAction","target":{"@type":"EntryPoint","urlTemplate":"https:\/\/erformance.eu\/et\/?s={search_term_string}"},"query-input":{"@type":"PropertyValueSpecification","valueRequired":true,"valueName":"search_term_string"}}],"inLanguage":"et"}]}},"jetpack_sharing_enabled":true,"_links":{"self":[{"href":"https:\/\/erformance.eu\/et\/wp-json\/wp\/v2\/product\/59075","targetHints":{"allow":["GET"]}}],"collection":[{"href":"https:\/\/erformance.eu\/et\/wp-json\/wp\/v2\/product"}],"about":[{"href":"https:\/\/erformance.eu\/et\/wp-json\/wp\/v2\/types\/product"}],"replies":[{"embeddable":true,"href":"https:\/\/erformance.eu\/et\/wp-json\/wp\/v2\/comments?post=59075"}],"version-history":[{"count":1,"href":"https:\/\/erformance.eu\/et\/wp-json\/wp\/v2\/product\/59075\/revisions"}],"predecessor-version":[{"id":59078,"href":"https:\/\/erformance.eu\/et\/wp-json\/wp\/v2\/product\/59075\/revisions\/59078"}],"wp:featuredmedia":[{"embeddable":true,"href":"https:\/\/erformance.eu\/et\/wp-json\/wp\/v2\/media\/59076"}],"wp:attachment":[{"href":"https:\/\/erformance.eu\/et\/wp-json\/wp\/v2\/media?parent=59075"}],"wp:term":[{"taxonomy":"product_brand","embeddable":true,"href":"https:\/\/erformance.eu\/et\/wp-json\/wp\/v2\/product_brand?post=59075"},{"taxonomy":"product_cat","embeddable":true,"href":"https:\/\/erformance.eu\/et\/wp-json\/wp\/v2\/product_cat?post=59075"},{"taxonomy":"product_tag","embeddable":true,"href":"https:\/\/erformance.eu\/et\/wp-json\/wp\/v2\/product_tag?post=59075"}],"curies":[{"name":"wp","href":"https:\/\/api.w.org\/{rel}","templated":true}]}}