{"id":59467,"date":"2026-02-16T14:59:59","date_gmt":"2026-02-16T11:59:59","guid":{"rendered":"https:\/\/erformance.eu\/?post_type=product&#038;p=59467"},"modified":"2026-03-12T17:27:46","modified_gmt":"2026-03-12T14:27:46","slug":"audi-a4-b6-b7-00-08-sildomas-veidrodelio-ideklas-desineje","status":"publish","type":"product","link":"https:\/\/erformance.eu\/et\/toode\/audi-a4-b6-b7-00-08-sildomas-veidrodelio-ideklas-desineje\/","title":{"rendered":"Audi A4 B6 B7 00-08 \u0160ildomas veidrod\u0117lio \u012fd\u0117klas de\u0161in\u0117je"},"content":{"rendered":"<p>Prek\u0117: i\u0161orinio veidrod\u0117lio \u012fd\u0117klas<br \/>\nPus\u0117: De\u0161in\u0117 (keleivio pus\u0117)<br \/>\n\u0160ildymas: taip<br \/>\nAutomobilis:<\/p>\n<p>\u201eAudi A3 8P\u201c, pagaminimo metai: 2003\u20132008<br \/>\nAudi A4 B6, gamybos metai: 2000-2004<br \/>\nAudi A4 B7, gamybos metai: 2004-2008<br \/>\nAudi A6 C6, gamybos metai: 2004-2008<\/p>\n<p>Gamintojas: pakaitalas<br \/>\nTechnin\u0117 b\u016bkl\u0117: prek\u0117 yra visi\u0161kai nauja, nenaudota, nepa\u017eeista ir nesugadinta<\/p>\n","protected":false},"excerpt":{"rendered":"<p>1. Prek\u0117: i\u0161orinio veidrod\u0117lio \u012fd\u0117klas2. Pus\u0117: de\u0161in\u01173. Gamintojas: pakeitimas4. Automobilis:     * Audi A3 8P 03-08     * Audi A4 B6 00-04     * Audi A4 B7 04-08     * Audi A6 C6 04-08<\/p>\n","protected":false},"featured_media":59468,"comment_status":"open","ping_status":"closed","template":"","meta":[],"product_brand":[],"product_cat":[390,144,3909,3910,3949,3950,4311,4310],"product_tag":[],"class_list":{"0":"post-59467","1":"product","2":"type-product","3":"status-publish","4":"has-post-thumbnail","6":"product_cat-audi-a4","7":"product_cat-audi","8":"product_cat-audi-a4-b6","9":"product_cat-audi-a4-b7","10":"product_cat-audi-a4-b6-isores-dalys","11":"product_cat-audi-a4-b7-isores-dalys","12":"product_cat-audi-a4-b7-veidrodeliai","13":"product_cat-audi-a4-b6-veidrodeliai","15":"first","16":"instock","17":"shipping-taxable","18":"purchasable","19":"product-type-simple"},"yoast_head":"<!-- This site is optimized with the Yoast SEO Premium plugin v25.2 (Yoast SEO v27.4) - https:\/\/yoast.com\/product\/yoast-seo-premium-wordpress\/ -->\n<title>Audi A4 B6 B7 00-08 \u0160ildomas veidrod\u0117lio \u012fd\u0117klas de\u0161in\u0117je - Erformance.eu<\/title>\n<meta name=\"robots\" content=\"index, follow, max-snippet:-1, max-image-preview:large, max-video-preview:-1\" \/>\n<link rel=\"canonical\" href=\"https:\/\/erformance.eu\/et\/toode\/audi-a4-b6-b7-00-08-sildomas-veidrodelio-ideklas-desineje\/\" \/>\n<meta property=\"og:locale\" content=\"et_EE\" \/>\n<meta property=\"og:type\" content=\"article\" \/>\n<meta property=\"og:title\" content=\"Audi A4 B6 B7 00-08 \u0160ildomas veidrod\u0117lio \u012fd\u0117klas de\u0161in\u0117je\" \/>\n<meta property=\"og:description\" content=\"1. Prek\u0117: i\u0161orinio veidrod\u0117lio \u012fd\u0117klas2. Pus\u0117: de\u0161in\u01173. Gamintojas: pakeitimas4. Automobilis:   * Audi A3 8P 03-08   * Audi A4 B6 00-04   * Audi A4 B7 04-08   * Audi A6 C6 04-08\" \/>\n<meta property=\"og:url\" content=\"https:\/\/erformance.eu\/et\/toode\/audi-a4-b6-b7-00-08-sildomas-veidrodelio-ideklas-desineje\/\" \/>\n<meta property=\"og:site_name\" content=\"Erformance.eu\" \/>\n<meta property=\"article:modified_time\" content=\"2026-03-12T14:27:46+00:00\" \/>\n<meta property=\"og:image\" content=\"https:\/\/erformance.eu\/wp-content\/uploads\/2026\/02\/pol_pm_Audi-A4-B6-B7-00-08-wklad-lusterka-OGRZEWANY-prawy-12823_1.jpg\" \/>\n\t<meta property=\"og:image:width\" content=\"666\" \/>\n\t<meta property=\"og:image:height\" content=\"500\" \/>\n\t<meta property=\"og:image:type\" content=\"image\/jpeg\" \/>\n<meta name=\"twitter:card\" content=\"summary_large_image\" \/>\n<script type=\"application\/ld+json\" class=\"yoast-schema-graph\">{\"@context\":\"https:\\\/\\\/schema.org\",\"@graph\":[{\"@type\":\"WebPage\",\"@id\":\"https:\\\/\\\/erformance.eu\\\/et\\\/toode\\\/audi-a4-b6-b7-00-08-sildomas-veidrodelio-ideklas-desineje\\\/\",\"url\":\"https:\\\/\\\/erformance.eu\\\/et\\\/toode\\\/audi-a4-b6-b7-00-08-sildomas-veidrodelio-ideklas-desineje\\\/\",\"name\":\"Audi A4 B6 B7 00-08 \u0160ildomas veidrod\u0117lio \u012fd\u0117klas de\u0161in\u0117je - Erformance.eu\",\"isPartOf\":{\"@id\":\"https:\\\/\\\/erformance.eu\\\/et\\\/#website\"},\"primaryImageOfPage\":{\"@id\":\"https:\\\/\\\/erformance.eu\\\/et\\\/toode\\\/audi-a4-b6-b7-00-08-sildomas-veidrodelio-ideklas-desineje\\\/#primaryimage\"},\"image\":{\"@id\":\"https:\\\/\\\/erformance.eu\\\/et\\\/toode\\\/audi-a4-b6-b7-00-08-sildomas-veidrodelio-ideklas-desineje\\\/#primaryimage\"},\"thumbnailUrl\":\"https:\\\/\\\/erformance.eu\\\/wp-content\\\/uploads\\\/2026\\\/02\\\/pol_pm_Audi-A4-B6-B7-00-08-wklad-lusterka-OGRZEWANY-prawy-12823_1.jpg\",\"datePublished\":\"2026-02-16T11:59:59+00:00\",\"dateModified\":\"2026-03-12T14:27:46+00:00\",\"breadcrumb\":{\"@id\":\"https:\\\/\\\/erformance.eu\\\/et\\\/toode\\\/audi-a4-b6-b7-00-08-sildomas-veidrodelio-ideklas-desineje\\\/#breadcrumb\"},\"inLanguage\":\"et\",\"potentialAction\":[{\"@type\":\"ReadAction\",\"target\":[\"https:\\\/\\\/erformance.eu\\\/et\\\/toode\\\/audi-a4-b6-b7-00-08-sildomas-veidrodelio-ideklas-desineje\\\/\"]}]},{\"@type\":\"ImageObject\",\"inLanguage\":\"et\",\"@id\":\"https:\\\/\\\/erformance.eu\\\/et\\\/toode\\\/audi-a4-b6-b7-00-08-sildomas-veidrodelio-ideklas-desineje\\\/#primaryimage\",\"url\":\"https:\\\/\\\/erformance.eu\\\/wp-content\\\/uploads\\\/2026\\\/02\\\/pol_pm_Audi-A4-B6-B7-00-08-wklad-lusterka-OGRZEWANY-prawy-12823_1.jpg\",\"contentUrl\":\"https:\\\/\\\/erformance.eu\\\/wp-content\\\/uploads\\\/2026\\\/02\\\/pol_pm_Audi-A4-B6-B7-00-08-wklad-lusterka-OGRZEWANY-prawy-12823_1.jpg\",\"width\":666,\"height\":500},{\"@type\":\"BreadcrumbList\",\"@id\":\"https:\\\/\\\/erformance.eu\\\/et\\\/toode\\\/audi-a4-b6-b7-00-08-sildomas-veidrodelio-ideklas-desineje\\\/#breadcrumb\",\"itemListElement\":[{\"@type\":\"ListItem\",\"position\":1,\"name\":\"Home\",\"item\":\"https:\\\/\\\/erformance.eu\\\/et\\\/\"},{\"@type\":\"ListItem\",\"position\":2,\"name\":\"Pood\",\"item\":\"https:\\\/\\\/erformance.eu\\\/et\\\/pood\\\/\"},{\"@type\":\"ListItem\",\"position\":3,\"name\":\"Audi A4 B6 B7 00-08 \u0160ildomas veidrod\u0117lio \u012fd\u0117klas de\u0161in\u0117je\"}]},{\"@type\":\"WebSite\",\"@id\":\"https:\\\/\\\/erformance.eu\\\/et\\\/#website\",\"url\":\"https:\\\/\\\/erformance.eu\\\/et\\\/\",\"name\":\"Erformance.eu\",\"description\":\"Automobili\u0173 dali\u0173 parduotuv\u0117\",\"potentialAction\":[{\"@type\":\"SearchAction\",\"target\":{\"@type\":\"EntryPoint\",\"urlTemplate\":\"https:\\\/\\\/erformance.eu\\\/et\\\/?s={search_term_string}\"},\"query-input\":{\"@type\":\"PropertyValueSpecification\",\"valueRequired\":true,\"valueName\":\"search_term_string\"}}],\"inLanguage\":\"et\"}]}<\/script>\n<!-- \/ Yoast SEO Premium plugin. -->","yoast_head_json":{"title":"Audi A4 B6 B7 00-08 \u0160ildomas veidrod\u0117lio \u012fd\u0117klas de\u0161in\u0117je - Erformance.eu","robots":{"index":"index","follow":"follow","max-snippet":"max-snippet:-1","max-image-preview":"max-image-preview:large","max-video-preview":"max-video-preview:-1"},"canonical":"https:\/\/erformance.eu\/et\/toode\/audi-a4-b6-b7-00-08-sildomas-veidrodelio-ideklas-desineje\/","og_locale":"et_EE","og_type":"article","og_title":"Audi A4 B6 B7 00-08 \u0160ildomas veidrod\u0117lio \u012fd\u0117klas de\u0161in\u0117je","og_description":"1. Prek\u0117: i\u0161orinio veidrod\u0117lio \u012fd\u0117klas2. Pus\u0117: de\u0161in\u01173. Gamintojas: pakeitimas4. Automobilis:   * Audi A3 8P 03-08   * Audi A4 B6 00-04   * Audi A4 B7 04-08   * Audi A6 C6 04-08","og_url":"https:\/\/erformance.eu\/et\/toode\/audi-a4-b6-b7-00-08-sildomas-veidrodelio-ideklas-desineje\/","og_site_name":"Erformance.eu","article_modified_time":"2026-03-12T14:27:46+00:00","og_image":[{"width":666,"height":500,"url":"https:\/\/erformance.eu\/wp-content\/uploads\/2026\/02\/pol_pm_Audi-A4-B6-B7-00-08-wklad-lusterka-OGRZEWANY-prawy-12823_1.jpg","type":"image\/jpeg"}],"twitter_card":"summary_large_image","schema":{"@context":"https:\/\/schema.org","@graph":[{"@type":"WebPage","@id":"https:\/\/erformance.eu\/et\/toode\/audi-a4-b6-b7-00-08-sildomas-veidrodelio-ideklas-desineje\/","url":"https:\/\/erformance.eu\/et\/toode\/audi-a4-b6-b7-00-08-sildomas-veidrodelio-ideklas-desineje\/","name":"Audi A4 B6 B7 00-08 \u0160ildomas veidrod\u0117lio \u012fd\u0117klas de\u0161in\u0117je - Erformance.eu","isPartOf":{"@id":"https:\/\/erformance.eu\/et\/#website"},"primaryImageOfPage":{"@id":"https:\/\/erformance.eu\/et\/toode\/audi-a4-b6-b7-00-08-sildomas-veidrodelio-ideklas-desineje\/#primaryimage"},"image":{"@id":"https:\/\/erformance.eu\/et\/toode\/audi-a4-b6-b7-00-08-sildomas-veidrodelio-ideklas-desineje\/#primaryimage"},"thumbnailUrl":"https:\/\/erformance.eu\/wp-content\/uploads\/2026\/02\/pol_pm_Audi-A4-B6-B7-00-08-wklad-lusterka-OGRZEWANY-prawy-12823_1.jpg","datePublished":"2026-02-16T11:59:59+00:00","dateModified":"2026-03-12T14:27:46+00:00","breadcrumb":{"@id":"https:\/\/erformance.eu\/et\/toode\/audi-a4-b6-b7-00-08-sildomas-veidrodelio-ideklas-desineje\/#breadcrumb"},"inLanguage":"et","potentialAction":[{"@type":"ReadAction","target":["https:\/\/erformance.eu\/et\/toode\/audi-a4-b6-b7-00-08-sildomas-veidrodelio-ideklas-desineje\/"]}]},{"@type":"ImageObject","inLanguage":"et","@id":"https:\/\/erformance.eu\/et\/toode\/audi-a4-b6-b7-00-08-sildomas-veidrodelio-ideklas-desineje\/#primaryimage","url":"https:\/\/erformance.eu\/wp-content\/uploads\/2026\/02\/pol_pm_Audi-A4-B6-B7-00-08-wklad-lusterka-OGRZEWANY-prawy-12823_1.jpg","contentUrl":"https:\/\/erformance.eu\/wp-content\/uploads\/2026\/02\/pol_pm_Audi-A4-B6-B7-00-08-wklad-lusterka-OGRZEWANY-prawy-12823_1.jpg","width":666,"height":500},{"@type":"BreadcrumbList","@id":"https:\/\/erformance.eu\/et\/toode\/audi-a4-b6-b7-00-08-sildomas-veidrodelio-ideklas-desineje\/#breadcrumb","itemListElement":[{"@type":"ListItem","position":1,"name":"Home","item":"https:\/\/erformance.eu\/et\/"},{"@type":"ListItem","position":2,"name":"Pood","item":"https:\/\/erformance.eu\/et\/pood\/"},{"@type":"ListItem","position":3,"name":"Audi A4 B6 B7 00-08 \u0160ildomas veidrod\u0117lio \u012fd\u0117klas de\u0161in\u0117je"}]},{"@type":"WebSite","@id":"https:\/\/erformance.eu\/et\/#website","url":"https:\/\/erformance.eu\/et\/","name":"Erformance.eu","description":"Automobili\u0173 dali\u0173 parduotuv\u0117","potentialAction":[{"@type":"SearchAction","target":{"@type":"EntryPoint","urlTemplate":"https:\/\/erformance.eu\/et\/?s={search_term_string}"},"query-input":{"@type":"PropertyValueSpecification","valueRequired":true,"valueName":"search_term_string"}}],"inLanguage":"et"}]}},"jetpack_sharing_enabled":true,"_links":{"self":[{"href":"https:\/\/erformance.eu\/et\/wp-json\/wp\/v2\/product\/59467","targetHints":{"allow":["GET"]}}],"collection":[{"href":"https:\/\/erformance.eu\/et\/wp-json\/wp\/v2\/product"}],"about":[{"href":"https:\/\/erformance.eu\/et\/wp-json\/wp\/v2\/types\/product"}],"replies":[{"embeddable":true,"href":"https:\/\/erformance.eu\/et\/wp-json\/wp\/v2\/comments?post=59467"}],"version-history":[{"count":1,"href":"https:\/\/erformance.eu\/et\/wp-json\/wp\/v2\/product\/59467\/revisions"}],"predecessor-version":[{"id":59478,"href":"https:\/\/erformance.eu\/et\/wp-json\/wp\/v2\/product\/59467\/revisions\/59478"}],"wp:featuredmedia":[{"embeddable":true,"href":"https:\/\/erformance.eu\/et\/wp-json\/wp\/v2\/media\/59468"}],"wp:attachment":[{"href":"https:\/\/erformance.eu\/et\/wp-json\/wp\/v2\/media?parent=59467"}],"wp:term":[{"taxonomy":"product_brand","embeddable":true,"href":"https:\/\/erformance.eu\/et\/wp-json\/wp\/v2\/product_brand?post=59467"},{"taxonomy":"product_cat","embeddable":true,"href":"https:\/\/erformance.eu\/et\/wp-json\/wp\/v2\/product_cat?post=59467"},{"taxonomy":"product_tag","embeddable":true,"href":"https:\/\/erformance.eu\/et\/wp-json\/wp\/v2\/product_tag?post=59467"}],"curies":[{"name":"wp","href":"https:\/\/api.w.org\/{rel}","templated":true}]}}